{"id":10415,"date":"2022-07-11T10:34:31","date_gmt":"2022-07-11T08:34:31","guid":{"rendered":"https:\/\/9staedte.de\/weihnachtsmarkt-in-goettingen\/"},"modified":"2025-12-29T13:39:30","modified_gmt":"2025-12-29T12:39:30","slug":"weihnachtsmarkt-in-goettingen","status":"publish","type":"page","link":"https:\/\/9staedte.de\/en\/gottingen-traditional-university-town\/weihnachtsmarkt-in-goettingen\/","title":{"rendered":"Christmas market in G\u00f6ttingen"},"content":{"rendered":"\n<h2 class=\"wp-block-heading\"><strong>Christmas market around the Old Town Hall in G\u00f6ttingen<\/strong><\/h2>\n\n<p>The Christmas market in the university town of G\u00f6ttingen takes place around the medieval Old Town Hall and St. John&#8217;s Church. Over 60 festively decorated stalls offer typical Christmas items such as candles and Christmas tree decorations. Market strollers can enjoy the Christmas season with Christmas treats and mulled wine. Children can enjoy a historic penny-farthing and a festively decorated children&#8217;s carousel.    <\/p>\n\n<p><a href=\"https:\/\/www.goettingen-tourismus.de\/weihnachtsmarkt\/\" target=\"_blank\" rel=\"noreferrer noopener\">More information<\/a><\/p>\n\n\n<div class=\"banner-wrapper\">\n  <div class=\"banner-inner \">\n      <div class=\"img-container\">\n      <div class=\"img-wrapper\">\n        <img decoding=\"async\" src=\"https:\/\/9staedte.de\/wp-content\/smush-webp\/2023\/02\/Goettingen-Gaenseliesel-Weihnachtszeit-c-Christoph-Mischke.jpg.webp\" alt=\"The picture shows a bronze statue of a girl with geese. Behind the statue is a Christmas tree with lights. The background has a warm orange glow. It is evening or night.\" \/>\n                  <div class=\"thumbnail-label\">\n            <span>G\u00f6ttingen G\u00e4nseliesel Weihnachtszeit c) Christoph Mischke<\/span>\n          <\/div>\n              <\/div>\n    <\/div>\n        <div class=\"text-container\">\n      <div class=\"content\">\n        <p class=\"h3\"><strong>9 tips for visiting the Christmas market in G\u00f6ttingen<\/strong><\/p>\n<ul>\n<li>Try mulled wine with pickled cherries<\/li>\n<li>Visit the nativity scene exhibitions in G\u00f6ttingen&#8217;s churches<\/li>\n<li>Take a spin on the historic penny-farthing<\/li>\n<li>Take part in the &#8220;G\u00f6ttingen at Christmas time&#8221; tour<\/li>\n<li>Try G\u00f6ttingen&#8217;s mulled beer &#8211; a local specialty<\/li>\n<li>Try one of G\u00f6ttingen&#8217;s sausage specialties<\/li>\n<li>Discover the historic cellar vaults in the old town on a guided tour<\/li>\n<li>Shopping in the festively decorated old town<\/li>\n<li>Admire the Advent calendar in the windows of the city library<\/li>\n<\/ul>\n      <\/div>\n    <\/div>\n    <\/div>\n<\/div>\n\n\n<p class=\"h3\"><strong>Christmas market in G\u00f6ttingen<\/strong><\/p>\n\n <div class=\"brlbs-cmpnt-container brlbs-cmpnt-content-blocker brlbs-cmpnt-with-individual-styles\" data-borlabs-cookie-content-blocker-id=\"google-maps\" data-borlabs-cookie-content=\"PGlmcmFtZSBzcmM9Imh0dHBzOi8vd3d3Lmdvb2dsZS5jb20vbWFwcy9kL3UvMC9lbWJlZD9taWQ9MVBlS2NRejdrRG5IU3d6bk5Pdzh0WVVMamZQV1BTLTQmZWhiYz0yRTMxMkYiIHdpZHRoPSI2NDAiIGhlaWdodD0iNDgwIj48L2lmcmFtZT4=\"><div class=\"brlbs-cmpnt-cb-preset-b brlbs-cmpnt-cb-google-maps\"> <div class=\"brlbs-cmpnt-cb-thumbnail\" style=\"background-image: url('https:\/\/9staedte.de\/wp-content\/uploads\/borlabs-cookie\/1\/brlbs-cb-google-maps-main.png')\"><\/div> <div class=\"brlbs-cmpnt-cb-main\"> <div class=\"brlbs-cmpnt-cb-content\"> <p class=\"brlbs-cmpnt-cb-description\">You are currently viewing a placeholder content from <strong>Google Maps<\/strong>. To access the actual content, click the button below. Please note that doing so will share data with third-party providers.<\/p> <a class=\"brlbs-cmpnt-cb-provider-toggle\" href=\"#\" data-borlabs-cookie-show-provider-information role=\"button\">More Information<\/a> <\/div> <div class=\"brlbs-cmpnt-cb-buttons\"> <a class=\"brlbs-cmpnt-cb-btn\" href=\"#\" data-borlabs-cookie-unblock role=\"button\">Unblock content<\/a> <a class=\"brlbs-cmpnt-cb-btn\" href=\"#\" data-borlabs-cookie-accept-service role=\"button\" style=\"display: inherit\">Accept required service and unblock content<\/a> <\/div> <\/div> <\/div><\/div>\n\n<div style=\"height:42px\" aria-hidden=\"true\" class=\"wp-block-spacer\"><\/div>\n\n<p><\/p>\n","protected":false},"excerpt":{"rendered":"<p>Christmas market around the Old Town Hall in G\u00f6ttingen The Christmas market in the university town of G\u00f6ttingen takes place around the medieval Old Town Hall and St. John&#8217;s Church. Over 60 festively decorated stalls offer typical Christmas items such as candles and Christmas tree decorations. Market strollers can enjoy the Christmas season with Christmas [&hellip;]<\/p>\n","protected":false},"author":1,"featured_media":3049,"parent":1451,"menu_order":0,"comment_status":"closed","ping_status":"closed","template":"pagetemplates\/template-stadtthema.php","meta":{"_acf_changed":false,"footnotes":""},"categories":[],"tags":[],"ncap_cities_tax":[432,503],"class_list":["post-10415","page","type-page","status-publish","has-post-thumbnail","hentry","ncap_cities_tax-goettingen-en","ncap_cities_tax-weihnachtsmarkte-goettingen-en"],"acf":[],"yoast_head":"<!-- This site is optimized with the Yoast SEO plugin v26.8 - https:\/\/yoast.com\/product\/yoast-seo-wordpress\/ -->\n<title>Christmas market in G\u00f6ttingen - 9 St\u00e4dte in Niedersachsen<\/title>\n<meta name=\"description\" content=\"The Christmas market in the university town of G\u00f6ttingen takes place around the medieval Old Town Hall and St. John&#039;s Church.\" \/>\n<meta name=\"robots\" content=\"index, follow, max-snippet:-1, max-image-preview:large, max-video-preview:-1\" \/>\n<link rel=\"canonical\" href=\"https:\/\/9staedte.de\/en\/gottingen-traditional-university-town\/weihnachtsmarkt-in-goettingen\/\" \/>\n<meta property=\"og:locale\" content=\"en_US\" \/>\n<meta property=\"og:type\" content=\"article\" \/>\n<meta property=\"og:title\" content=\"Christmas market in G\u00f6ttingen - 9 St\u00e4dte in Niedersachsen\" \/>\n<meta property=\"og:description\" content=\"The Christmas market in the university town of G\u00f6ttingen takes place around the medieval Old Town Hall and St. John&#039;s Church.\" \/>\n<meta property=\"og:url\" content=\"https:\/\/9staedte.de\/en\/gottingen-traditional-university-town\/weihnachtsmarkt-in-goettingen\/\" \/>\n<meta property=\"og:site_name\" content=\"9 St\u00e4dte in Niedersachsen\" \/>\n<meta property=\"article:modified_time\" content=\"2025-12-29T12:39:30+00:00\" \/>\n<meta property=\"og:image\" content=\"https:\/\/9staedte.de\/wp-content\/uploads\/2023\/02\/Goettingen-Weihnachtsmarkt-c-Christoph-Mischke.jpg\" \/>\n\t<meta property=\"og:image:width\" content=\"1020\" \/>\n\t<meta property=\"og:image:height\" content=\"561\" \/>\n\t<meta property=\"og:image:type\" content=\"image\/jpeg\" \/>\n<meta name=\"twitter:card\" content=\"summary_large_image\" \/>\n<meta name=\"twitter:label1\" content=\"Est. reading time\" \/>\n\t<meta name=\"twitter:data1\" content=\"1 minute\" \/>\n<script type=\"application\/ld+json\" class=\"yoast-schema-graph\">{\"@context\":\"https:\/\/schema.org\",\"@graph\":[{\"@type\":\"WebPage\",\"@id\":\"https:\/\/9staedte.de\/en\/gottingen-traditional-university-town\/weihnachtsmarkt-in-goettingen\/\",\"url\":\"https:\/\/9staedte.de\/en\/gottingen-traditional-university-town\/weihnachtsmarkt-in-goettingen\/\",\"name\":\"Christmas market in G\u00f6ttingen - 9 St\u00e4dte in Niedersachsen\",\"isPartOf\":{\"@id\":\"https:\/\/9staedte.de\/en\/#website\"},\"primaryImageOfPage\":{\"@id\":\"https:\/\/9staedte.de\/en\/gottingen-traditional-university-town\/weihnachtsmarkt-in-goettingen\/#primaryimage\"},\"image\":{\"@id\":\"https:\/\/9staedte.de\/en\/gottingen-traditional-university-town\/weihnachtsmarkt-in-goettingen\/#primaryimage\"},\"thumbnailUrl\":\"https:\/\/9staedte.de\/wp-content\/uploads\/2023\/02\/Goettingen-Weihnachtsmarkt-c-Christoph-Mischke.jpg\",\"datePublished\":\"2022-07-11T08:34:31+00:00\",\"dateModified\":\"2025-12-29T12:39:30+00:00\",\"description\":\"The Christmas market in the university town of G\u00f6ttingen takes place around the medieval Old Town Hall and St. John's Church.\",\"breadcrumb\":{\"@id\":\"https:\/\/9staedte.de\/en\/gottingen-traditional-university-town\/weihnachtsmarkt-in-goettingen\/#breadcrumb\"},\"inLanguage\":\"en-US\",\"potentialAction\":[{\"@type\":\"ReadAction\",\"target\":[\"https:\/\/9staedte.de\/en\/gottingen-traditional-university-town\/weihnachtsmarkt-in-goettingen\/\"]}]},{\"@type\":\"ImageObject\",\"inLanguage\":\"en-US\",\"@id\":\"https:\/\/9staedte.de\/en\/gottingen-traditional-university-town\/weihnachtsmarkt-in-goettingen\/#primaryimage\",\"url\":\"https:\/\/9staedte.de\/wp-content\/uploads\/2023\/02\/Goettingen-Weihnachtsmarkt-c-Christoph-Mischke.jpg\",\"contentUrl\":\"https:\/\/9staedte.de\/wp-content\/uploads\/2023\/02\/Goettingen-Weihnachtsmarkt-c-Christoph-Mischke.jpg\",\"width\":1020,\"height\":561,\"caption\":\"Der G\u00f6ttinger Weihnachtsmarkt.\"},{\"@type\":\"BreadcrumbList\",\"@id\":\"https:\/\/9staedte.de\/en\/gottingen-traditional-university-town\/weihnachtsmarkt-in-goettingen\/#breadcrumb\",\"itemListElement\":[{\"@type\":\"ListItem\",\"position\":1,\"name\":\"Startseite\",\"item\":\"https:\/\/9staedte.de\/en\/\"},{\"@type\":\"ListItem\",\"position\":2,\"name\":\"G\u00f6ttingen &#8211; City of science!\",\"item\":\"https:\/\/9staedte.de\/en\/gottingen-traditional-university-town\/\"},{\"@type\":\"ListItem\",\"position\":3,\"name\":\"Christmas market in G\u00f6ttingen\"}]},{\"@type\":\"WebSite\",\"@id\":\"https:\/\/9staedte.de\/en\/#website\",\"url\":\"https:\/\/9staedte.de\/en\/\",\"name\":\"9 St\u00e4dte in Niedersachsen\",\"description\":\"\",\"publisher\":{\"@id\":\"https:\/\/9staedte.de\/en\/#organization\"},\"potentialAction\":[{\"@type\":\"SearchAction\",\"target\":{\"@type\":\"EntryPoint\",\"urlTemplate\":\"https:\/\/9staedte.de\/en\/?s={search_term_string}\"},\"query-input\":{\"@type\":\"PropertyValueSpecification\",\"valueRequired\":true,\"valueName\":\"search_term_string\"}}],\"inLanguage\":\"en-US\"},{\"@type\":\"Organization\",\"@id\":\"https:\/\/9staedte.de\/en\/#organization\",\"name\":\"9 St\u00e4dte in Niedersachsen\",\"url\":\"https:\/\/9staedte.de\/en\/\",\"logo\":{\"@type\":\"ImageObject\",\"inLanguage\":\"en-US\",\"@id\":\"https:\/\/9staedte.de\/en\/#\/schema\/logo\/image\/\",\"url\":\"https:\/\/9staedte.de\/wp-content\/uploads\/2025\/01\/9-neg-deutsch-2-1.png\",\"contentUrl\":\"https:\/\/9staedte.de\/wp-content\/uploads\/2025\/01\/9-neg-deutsch-2-1.png\",\"width\":190,\"height\":114,\"caption\":\"9 St\u00e4dte in Niedersachsen\"},\"image\":{\"@id\":\"https:\/\/9staedte.de\/en\/#\/schema\/logo\/image\/\"}}]}<\/script>\n<!-- \/ Yoast SEO plugin. -->","yoast_head_json":{"title":"Christmas market in G\u00f6ttingen - 9 St\u00e4dte in Niedersachsen","description":"The Christmas market in the university town of G\u00f6ttingen takes place around the medieval Old Town Hall and St. John's Church.","robots":{"index":"index","follow":"follow","max-snippet":"max-snippet:-1","max-image-preview":"max-image-preview:large","max-video-preview":"max-video-preview:-1"},"canonical":"https:\/\/9staedte.de\/en\/gottingen-traditional-university-town\/weihnachtsmarkt-in-goettingen\/","og_locale":"en_US","og_type":"article","og_title":"Christmas market in G\u00f6ttingen - 9 St\u00e4dte in Niedersachsen","og_description":"The Christmas market in the university town of G\u00f6ttingen takes place around the medieval Old Town Hall and St. John's Church.","og_url":"https:\/\/9staedte.de\/en\/gottingen-traditional-university-town\/weihnachtsmarkt-in-goettingen\/","og_site_name":"9 St\u00e4dte in Niedersachsen","article_modified_time":"2025-12-29T12:39:30+00:00","og_image":[{"width":1020,"height":561,"url":"https:\/\/9staedte.de\/wp-content\/uploads\/2023\/02\/Goettingen-Weihnachtsmarkt-c-Christoph-Mischke.jpg","type":"image\/jpeg"}],"twitter_card":"summary_large_image","twitter_misc":{"Est. reading time":"1 minute"},"schema":{"@context":"https:\/\/schema.org","@graph":[{"@type":"WebPage","@id":"https:\/\/9staedte.de\/en\/gottingen-traditional-university-town\/weihnachtsmarkt-in-goettingen\/","url":"https:\/\/9staedte.de\/en\/gottingen-traditional-university-town\/weihnachtsmarkt-in-goettingen\/","name":"Christmas market in G\u00f6ttingen - 9 St\u00e4dte in Niedersachsen","isPartOf":{"@id":"https:\/\/9staedte.de\/en\/#website"},"primaryImageOfPage":{"@id":"https:\/\/9staedte.de\/en\/gottingen-traditional-university-town\/weihnachtsmarkt-in-goettingen\/#primaryimage"},"image":{"@id":"https:\/\/9staedte.de\/en\/gottingen-traditional-university-town\/weihnachtsmarkt-in-goettingen\/#primaryimage"},"thumbnailUrl":"https:\/\/9staedte.de\/wp-content\/uploads\/2023\/02\/Goettingen-Weihnachtsmarkt-c-Christoph-Mischke.jpg","datePublished":"2022-07-11T08:34:31+00:00","dateModified":"2025-12-29T12:39:30+00:00","description":"The Christmas market in the university town of G\u00f6ttingen takes place around the medieval Old Town Hall and St. John's Church.","breadcrumb":{"@id":"https:\/\/9staedte.de\/en\/gottingen-traditional-university-town\/weihnachtsmarkt-in-goettingen\/#breadcrumb"},"inLanguage":"en-US","potentialAction":[{"@type":"ReadAction","target":["https:\/\/9staedte.de\/en\/gottingen-traditional-university-town\/weihnachtsmarkt-in-goettingen\/"]}]},{"@type":"ImageObject","inLanguage":"en-US","@id":"https:\/\/9staedte.de\/en\/gottingen-traditional-university-town\/weihnachtsmarkt-in-goettingen\/#primaryimage","url":"https:\/\/9staedte.de\/wp-content\/uploads\/2023\/02\/Goettingen-Weihnachtsmarkt-c-Christoph-Mischke.jpg","contentUrl":"https:\/\/9staedte.de\/wp-content\/uploads\/2023\/02\/Goettingen-Weihnachtsmarkt-c-Christoph-Mischke.jpg","width":1020,"height":561,"caption":"Der G\u00f6ttinger Weihnachtsmarkt."},{"@type":"BreadcrumbList","@id":"https:\/\/9staedte.de\/en\/gottingen-traditional-university-town\/weihnachtsmarkt-in-goettingen\/#breadcrumb","itemListElement":[{"@type":"ListItem","position":1,"name":"Startseite","item":"https:\/\/9staedte.de\/en\/"},{"@type":"ListItem","position":2,"name":"G\u00f6ttingen &#8211; City of science!","item":"https:\/\/9staedte.de\/en\/gottingen-traditional-university-town\/"},{"@type":"ListItem","position":3,"name":"Christmas market in G\u00f6ttingen"}]},{"@type":"WebSite","@id":"https:\/\/9staedte.de\/en\/#website","url":"https:\/\/9staedte.de\/en\/","name":"9 St\u00e4dte in Niedersachsen","description":"","publisher":{"@id":"https:\/\/9staedte.de\/en\/#organization"},"potentialAction":[{"@type":"SearchAction","target":{"@type":"EntryPoint","urlTemplate":"https:\/\/9staedte.de\/en\/?s={search_term_string}"},"query-input":{"@type":"PropertyValueSpecification","valueRequired":true,"valueName":"search_term_string"}}],"inLanguage":"en-US"},{"@type":"Organization","@id":"https:\/\/9staedte.de\/en\/#organization","name":"9 St\u00e4dte in Niedersachsen","url":"https:\/\/9staedte.de\/en\/","logo":{"@type":"ImageObject","inLanguage":"en-US","@id":"https:\/\/9staedte.de\/en\/#\/schema\/logo\/image\/","url":"https:\/\/9staedte.de\/wp-content\/uploads\/2025\/01\/9-neg-deutsch-2-1.png","contentUrl":"https:\/\/9staedte.de\/wp-content\/uploads\/2025\/01\/9-neg-deutsch-2-1.png","width":190,"height":114,"caption":"9 St\u00e4dte in Niedersachsen"},"image":{"@id":"https:\/\/9staedte.de\/en\/#\/schema\/logo\/image\/"}}]}},"_links":{"self":[{"href":"https:\/\/9staedte.de\/en\/wp-json\/wp\/v2\/pages\/10415","targetHints":{"allow":["GET"]}}],"collection":[{"href":"https:\/\/9staedte.de\/en\/wp-json\/wp\/v2\/pages"}],"about":[{"href":"https:\/\/9staedte.de\/en\/wp-json\/wp\/v2\/types\/page"}],"author":[{"embeddable":true,"href":"https:\/\/9staedte.de\/en\/wp-json\/wp\/v2\/users\/1"}],"replies":[{"embeddable":true,"href":"https:\/\/9staedte.de\/en\/wp-json\/wp\/v2\/comments?post=10415"}],"version-history":[{"count":16,"href":"https:\/\/9staedte.de\/en\/wp-json\/wp\/v2\/pages\/10415\/revisions"}],"predecessor-version":[{"id":27621,"href":"https:\/\/9staedte.de\/en\/wp-json\/wp\/v2\/pages\/10415\/revisions\/27621"}],"up":[{"embeddable":true,"href":"https:\/\/9staedte.de\/en\/wp-json\/wp\/v2\/pages\/1451"}],"wp:featuredmedia":[{"embeddable":true,"href":"https:\/\/9staedte.de\/en\/wp-json\/wp\/v2\/media\/3049"}],"wp:attachment":[{"href":"https:\/\/9staedte.de\/en\/wp-json\/wp\/v2\/media?parent=10415"}],"wp:term":[{"taxonomy":"category","embeddable":true,"href":"https:\/\/9staedte.de\/en\/wp-json\/wp\/v2\/categories?post=10415"},{"taxonomy":"post_tag","embeddable":true,"href":"https:\/\/9staedte.de\/en\/wp-json\/wp\/v2\/tags?post=10415"},{"taxonomy":"ncap_cities_tax","embeddable":true,"href":"https:\/\/9staedte.de\/en\/wp-json\/wp\/v2\/ncap_cities_tax?post=10415"}],"curies":[{"name":"wp","href":"https:\/\/api.w.org\/{rel}","templated":true}]}}