{"id":26564,"date":"2025-06-27T09:18:41","date_gmt":"2025-06-27T07:18:41","guid":{"rendered":"https:\/\/9staedte.de\/erklaering-om-tilgaengelighed\/"},"modified":"2025-06-27T09:18:41","modified_gmt":"2025-06-27T07:18:41","slug":"erklaering-om-tilgaengelighed","status":"publish","type":"page","link":"https:\/\/9staedte.de\/da\/erklaering-om-tilgaengelighed\/","title":{"rendered":"Erkl\u00e6ring om tilg\u00e6ngelighed"},"content":{"rendered":"\n<p>Operat\u00f8rerne af webstedet https:\/\/9staedte.de l\u00e6gger stor v\u00e6gt p\u00e5, at s\u00e5 mange mennesker som muligt &#8211; uanset individuelle evner eller tekniske hj\u00e6lpemidler &#8211; kan bruge vores indhold uden problemer.<\/p>\n\n<p>Vi bestr\u00e6ber os p\u00e5 at udforme vores hjemmeside barrierefrit i overensstemmelse med de lovm\u00e6ssige krav, is\u00e6r i overensstemmelse med kravene i den tyske databeskyttelseslov:<\/p>\n\n<p>&#8211; Bekendtg\u00f8relse om barrierefri informationsteknologi (BITV 2.0)<br\/>&#8211; Retningslinjer for tilg\u00e6ngelighed til webindhold (WCAG) 2.1, overensstemmelsesniveau AA<br\/>&#8211; \u00a7\u00a7 12 ff. i lov om forbud mod forskelsbehandling p\u00e5 grund af handicap (BGG)<\/p>\n\n<div style=\"height:16px\" aria-hidden=\"true\" class=\"wp-block-spacer\"><\/div>\n\n<h2 class=\"wp-block-heading\">Status for tilg\u00e6ngelighed<\/h2>\n\n<p>Hjemmesiden er<strong> delvist tilg\u00e6ngelig<\/strong>.<\/p>\n\n<p>Noget indhold og nogle funktioner lever allerede op til kravene i BITV 2.0, mens andre stadig er under revision.<\/p>\n\n<h3 class=\"wp-block-heading\">Barrierer, der stadig eksisterer<\/h3>\n\n<p>P\u00e5 trods af vores indsats kan f\u00f8lgende barrierer forekomme i \u00f8jeblikket:<\/p>\n\n<p>&#8211; Ikke alle billeder indeholder <strong>alternative tekster<\/strong><br\/>&#8211; Nogle<strong> PDF-dokumenter<\/strong> er ikke barrierefri<br\/>&#8211; <strong>Tastaturbetjening<\/strong> er stadig begr\u00e6nset i visse tilf\u00e6lde<br\/>&#8211; <strong>Kontraster<\/strong> og <strong>fokusindikatorer<\/strong> er ikke optimale overalt<br\/>&#8211; <strong>Videoer <\/strong>har i \u00f8jeblikket ikke <strong>undertekster eller lydbeskrivelser<\/strong> overalt.<\/p>\n\n<p>Vi arbejder hele tiden p\u00e5 at forbedre tilg\u00e6ngeligheden af vores indhold.<\/p>\n\n<div style=\"height:16px\" aria-hidden=\"true\" class=\"wp-block-spacer\"><\/div>\n\n<h2 class=\"wp-block-heading\">Feedback og kontakt<\/h2>\n\n<p>Hvis du opdager barrierer p\u00e5 vores hjemmeside, eller hvis du har forslag, ser vi frem til at h\u00f8re fra dig.<\/p>\n\n<p>Kontakt venligst:<\/p>\n\n<p><strong>9 byer i Niedersachsen<br\/><\/strong>c\/o G\u00f6ttingen Tourismus und Marketing e. V.<br\/>Markt 9<br\/>37073 G\u00f6ttingen<br\/>Telefon: +49 (0)551 499 80 12<br\/>E-mail: <a href=\"mailto:info@9staedte.de\">info@9staedte.de<\/a><\/p>\n\n<h3 class=\"wp-block-heading\">Forligsprocedure<\/h3>\n\n<p>Hvis du mener, at vi ikke har reageret hensigtsm\u00e6ssigt p\u00e5 dine oplysninger, har du mulighed for at kontakte voldgiftsn\u00e6vnet i henhold til \u00a7 16 i BGG.<\/p>\n\n<h4 class=\"wp-block-heading\"><strong>Kontakt BGG&#8217;s m\u00e6glingsorgan:<\/strong><\/h4>\n\n<p>BGG&#8217;s m\u00e6glingsorgan<br\/>hos forbundsregeringens kommiss\u00e6r for sager vedr\u00f8rende personer med handicap<br\/>Mauerstra\u00dfe 53<br\/>10117 Berlin<br\/>Telefon: 030 18 527 2805<br\/>E-mail: info@schlichtungsstelle-bgg.de<br\/>Hjemmeside: www.schlichtungsstelle-bgg.de<\/p>\n\n<div style=\"height:16px\" aria-hidden=\"true\" class=\"wp-block-spacer\"><\/div>\n\n<p><strong>Status for denne erkl\u00e6ring:<\/strong> 25. juni 2025<\/p>\n","protected":false},"excerpt":{"rendered":"<p>Operat\u00f8rerne af webstedet https:\/\/9staedte.de l\u00e6gger stor v\u00e6gt p\u00e5, at s\u00e5 mange mennesker som muligt &#8211; uanset individuelle evner eller tekniske hj\u00e6lpemidler &#8211; kan bruge vores indhold uden problemer. Vi bestr\u00e6ber os p\u00e5 at udforme vores hjemmeside barrierefrit i overensstemmelse med de lovm\u00e6ssige krav, is\u00e6r i overensstemmelse med kravene i den tyske databeskyttelseslov: &#8211; Bekendtg\u00f8relse om [&hellip;]<\/p>\n","protected":false},"author":11,"featured_media":0,"parent":0,"menu_order":0,"comment_status":"closed","ping_status":"closed","template":"","meta":{"_acf_changed":false,"footnotes":""},"categories":[],"tags":[],"ncap_cities_tax":[],"class_list":["post-26564","page","type-page","status-publish","hentry"],"acf":[],"yoast_head":"<!-- This site is optimized with the Yoast SEO plugin v26.8 - https:\/\/yoast.com\/product\/yoast-seo-wordpress\/ -->\n<title>Erkl\u00e6ring om tilg\u00e6ngelighed - 9 St\u00e4dte in Niedersachsen<\/title>\n<meta name=\"robots\" content=\"index, follow, max-snippet:-1, max-image-preview:large, max-video-preview:-1\" \/>\n<link rel=\"canonical\" href=\"https:\/\/9staedte.de\/da\/erklaering-om-tilgaengelighed\/\" \/>\n<meta property=\"og:locale\" content=\"da_DK\" \/>\n<meta property=\"og:type\" content=\"article\" \/>\n<meta property=\"og:title\" content=\"Erkl\u00e6ring om tilg\u00e6ngelighed - 9 St\u00e4dte in Niedersachsen\" \/>\n<meta property=\"og:description\" content=\"Operat\u00f8rerne af webstedet https:\/\/9staedte.de l\u00e6gger stor v\u00e6gt p\u00e5, at s\u00e5 mange mennesker som muligt &#8211; uanset individuelle evner eller tekniske hj\u00e6lpemidler &#8211; kan bruge vores indhold uden problemer. Vi bestr\u00e6ber os p\u00e5 at udforme vores hjemmeside barrierefrit i overensstemmelse med de lovm\u00e6ssige krav, is\u00e6r i overensstemmelse med kravene i den tyske databeskyttelseslov: &#8211; Bekendtg\u00f8relse om [&hellip;]\" \/>\n<meta property=\"og:url\" content=\"https:\/\/9staedte.de\/da\/erklaering-om-tilgaengelighed\/\" \/>\n<meta property=\"og:site_name\" content=\"9 St\u00e4dte in Niedersachsen\" \/>\n<meta name=\"twitter:card\" content=\"summary_large_image\" \/>\n<meta name=\"twitter:label1\" content=\"Estimeret l\u00e6setid\" \/>\n\t<meta name=\"twitter:data1\" content=\"1 minut\" \/>\n<script type=\"application\/ld+json\" class=\"yoast-schema-graph\">{\"@context\":\"https:\/\/schema.org\",\"@graph\":[{\"@type\":\"WebPage\",\"@id\":\"https:\/\/9staedte.de\/da\/erklaering-om-tilgaengelighed\/\",\"url\":\"https:\/\/9staedte.de\/da\/erklaering-om-tilgaengelighed\/\",\"name\":\"Erkl\u00e6ring om tilg\u00e6ngelighed - 9 St\u00e4dte in Niedersachsen\",\"isPartOf\":{\"@id\":\"https:\/\/9staedte.de\/da\/#website\"},\"datePublished\":\"2025-06-27T07:18:41+00:00\",\"breadcrumb\":{\"@id\":\"https:\/\/9staedte.de\/da\/erklaering-om-tilgaengelighed\/#breadcrumb\"},\"inLanguage\":\"da-DK\",\"potentialAction\":[{\"@type\":\"ReadAction\",\"target\":[\"https:\/\/9staedte.de\/da\/erklaering-om-tilgaengelighed\/\"]}]},{\"@type\":\"BreadcrumbList\",\"@id\":\"https:\/\/9staedte.de\/da\/erklaering-om-tilgaengelighed\/#breadcrumb\",\"itemListElement\":[{\"@type\":\"ListItem\",\"position\":1,\"name\":\"Startseite\",\"item\":\"https:\/\/9staedte.de\/da\/hjem-9-byer-2-i-niedersachsen\/\"},{\"@type\":\"ListItem\",\"position\":2,\"name\":\"Erkl\u00e6ring om tilg\u00e6ngelighed\"}]},{\"@type\":\"WebSite\",\"@id\":\"https:\/\/9staedte.de\/da\/#website\",\"url\":\"https:\/\/9staedte.de\/da\/\",\"name\":\"9 St\u00e4dte in Niedersachsen\",\"description\":\"\",\"publisher\":{\"@id\":\"https:\/\/9staedte.de\/da\/#organization\"},\"potentialAction\":[{\"@type\":\"SearchAction\",\"target\":{\"@type\":\"EntryPoint\",\"urlTemplate\":\"https:\/\/9staedte.de\/da\/?s={search_term_string}\"},\"query-input\":{\"@type\":\"PropertyValueSpecification\",\"valueRequired\":true,\"valueName\":\"search_term_string\"}}],\"inLanguage\":\"da-DK\"},{\"@type\":\"Organization\",\"@id\":\"https:\/\/9staedte.de\/da\/#organization\",\"name\":\"9 St\u00e4dte in Niedersachsen\",\"url\":\"https:\/\/9staedte.de\/da\/\",\"logo\":{\"@type\":\"ImageObject\",\"inLanguage\":\"da-DK\",\"@id\":\"https:\/\/9staedte.de\/da\/#\/schema\/logo\/image\/\",\"url\":\"https:\/\/9staedte.de\/wp-content\/uploads\/2025\/01\/9-neg-deutsch-2-1.png\",\"contentUrl\":\"https:\/\/9staedte.de\/wp-content\/uploads\/2025\/01\/9-neg-deutsch-2-1.png\",\"width\":190,\"height\":114,\"caption\":\"9 St\u00e4dte in Niedersachsen\"},\"image\":{\"@id\":\"https:\/\/9staedte.de\/da\/#\/schema\/logo\/image\/\"}}]}<\/script>\n<!-- \/ Yoast SEO plugin. -->","yoast_head_json":{"title":"Erkl\u00e6ring om tilg\u00e6ngelighed - 9 St\u00e4dte in Niedersachsen","robots":{"index":"index","follow":"follow","max-snippet":"max-snippet:-1","max-image-preview":"max-image-preview:large","max-video-preview":"max-video-preview:-1"},"canonical":"https:\/\/9staedte.de\/da\/erklaering-om-tilgaengelighed\/","og_locale":"da_DK","og_type":"article","og_title":"Erkl\u00e6ring om tilg\u00e6ngelighed - 9 St\u00e4dte in Niedersachsen","og_description":"Operat\u00f8rerne af webstedet https:\/\/9staedte.de l\u00e6gger stor v\u00e6gt p\u00e5, at s\u00e5 mange mennesker som muligt &#8211; uanset individuelle evner eller tekniske hj\u00e6lpemidler &#8211; kan bruge vores indhold uden problemer. Vi bestr\u00e6ber os p\u00e5 at udforme vores hjemmeside barrierefrit i overensstemmelse med de lovm\u00e6ssige krav, is\u00e6r i overensstemmelse med kravene i den tyske databeskyttelseslov: &#8211; Bekendtg\u00f8relse om [&hellip;]","og_url":"https:\/\/9staedte.de\/da\/erklaering-om-tilgaengelighed\/","og_site_name":"9 St\u00e4dte in Niedersachsen","twitter_card":"summary_large_image","twitter_misc":{"Estimeret l\u00e6setid":"1 minut"},"schema":{"@context":"https:\/\/schema.org","@graph":[{"@type":"WebPage","@id":"https:\/\/9staedte.de\/da\/erklaering-om-tilgaengelighed\/","url":"https:\/\/9staedte.de\/da\/erklaering-om-tilgaengelighed\/","name":"Erkl\u00e6ring om tilg\u00e6ngelighed - 9 St\u00e4dte in Niedersachsen","isPartOf":{"@id":"https:\/\/9staedte.de\/da\/#website"},"datePublished":"2025-06-27T07:18:41+00:00","breadcrumb":{"@id":"https:\/\/9staedte.de\/da\/erklaering-om-tilgaengelighed\/#breadcrumb"},"inLanguage":"da-DK","potentialAction":[{"@type":"ReadAction","target":["https:\/\/9staedte.de\/da\/erklaering-om-tilgaengelighed\/"]}]},{"@type":"BreadcrumbList","@id":"https:\/\/9staedte.de\/da\/erklaering-om-tilgaengelighed\/#breadcrumb","itemListElement":[{"@type":"ListItem","position":1,"name":"Startseite","item":"https:\/\/9staedte.de\/da\/hjem-9-byer-2-i-niedersachsen\/"},{"@type":"ListItem","position":2,"name":"Erkl\u00e6ring om tilg\u00e6ngelighed"}]},{"@type":"WebSite","@id":"https:\/\/9staedte.de\/da\/#website","url":"https:\/\/9staedte.de\/da\/","name":"9 St\u00e4dte in Niedersachsen","description":"","publisher":{"@id":"https:\/\/9staedte.de\/da\/#organization"},"potentialAction":[{"@type":"SearchAction","target":{"@type":"EntryPoint","urlTemplate":"https:\/\/9staedte.de\/da\/?s={search_term_string}"},"query-input":{"@type":"PropertyValueSpecification","valueRequired":true,"valueName":"search_term_string"}}],"inLanguage":"da-DK"},{"@type":"Organization","@id":"https:\/\/9staedte.de\/da\/#organization","name":"9 St\u00e4dte in Niedersachsen","url":"https:\/\/9staedte.de\/da\/","logo":{"@type":"ImageObject","inLanguage":"da-DK","@id":"https:\/\/9staedte.de\/da\/#\/schema\/logo\/image\/","url":"https:\/\/9staedte.de\/wp-content\/uploads\/2025\/01\/9-neg-deutsch-2-1.png","contentUrl":"https:\/\/9staedte.de\/wp-content\/uploads\/2025\/01\/9-neg-deutsch-2-1.png","width":190,"height":114,"caption":"9 St\u00e4dte in Niedersachsen"},"image":{"@id":"https:\/\/9staedte.de\/da\/#\/schema\/logo\/image\/"}}]}},"_links":{"self":[{"href":"https:\/\/9staedte.de\/da\/wp-json\/wp\/v2\/pages\/26564","targetHints":{"allow":["GET"]}}],"collection":[{"href":"https:\/\/9staedte.de\/da\/wp-json\/wp\/v2\/pages"}],"about":[{"href":"https:\/\/9staedte.de\/da\/wp-json\/wp\/v2\/types\/page"}],"author":[{"embeddable":true,"href":"https:\/\/9staedte.de\/da\/wp-json\/wp\/v2\/users\/11"}],"replies":[{"embeddable":true,"href":"https:\/\/9staedte.de\/da\/wp-json\/wp\/v2\/comments?post=26564"}],"version-history":[{"count":1,"href":"https:\/\/9staedte.de\/da\/wp-json\/wp\/v2\/pages\/26564\/revisions"}],"predecessor-version":[{"id":26565,"href":"https:\/\/9staedte.de\/da\/wp-json\/wp\/v2\/pages\/26564\/revisions\/26565"}],"wp:attachment":[{"href":"https:\/\/9staedte.de\/da\/wp-json\/wp\/v2\/media?parent=26564"}],"wp:term":[{"taxonomy":"category","embeddable":true,"href":"https:\/\/9staedte.de\/da\/wp-json\/wp\/v2\/categories?post=26564"},{"taxonomy":"post_tag","embeddable":true,"href":"https:\/\/9staedte.de\/da\/wp-json\/wp\/v2\/tags?post=26564"},{"taxonomy":"ncap_cities_tax","embeddable":true,"href":"https:\/\/9staedte.de\/da\/wp-json\/wp\/v2\/ncap_cities_tax?post=26564"}],"curies":[{"name":"wp","href":"https:\/\/api.w.org\/{rel}","templated":true}]}}