{"id":25213,"date":"2025-04-10T08:59:35","date_gmt":"2025-04-10T06:59:35","guid":{"rendered":"https:\/\/9staedte.de\/unterwegs-durch-die-9-staedte\/"},"modified":"2025-04-10T09:39:10","modified_gmt":"2025-04-10T07:39:10","slug":"unterwegs-durch-die-9-staedte","status":"publish","type":"page","link":"https:\/\/9staedte.de\/da\/unterwegs-durch-die-9-staedte\/","title":{"rendered":"Rejser gennem de 9 byer"},"content":{"rendered":"\n<div class=\"wp-block-columns is-layout-flex wp-container-core-columns-is-layout-9d6595d7 wp-block-columns-is-layout-flex\">\n<div class=\"wp-block-column is-layout-flow wp-block-column-is-layout-flow\">\n<h2 class=\"wp-block-heading has-text-color has-link-color wp-elements-be69c2dc1f430da7e2bcf2e9283fe09a\" style=\"color:#003770\">Fra by til by p\u00e5 cykel<\/h2>\n\n\n\n<div class=\"wp-block-group\"><div class=\"wp-block-group__inner-container is-layout-constrained wp-block-group-is-layout-constrained\">\n<p class=\"has-text-color has-link-color wp-elements-193ad576317f9e6809907003a9ca9281\" style=\"color:#003770\">Uanset om det er en stor rundrejse eller regionale etaper &#8211; oplev de <strong>9 byer <\/strong>og Autostadt i dit eget tempo og med din egen smag! Historiske sev\u00e6rdigheder, charmerende gamle byer og kulinariske l\u00e6kkerier venter p\u00e5 dig. Kan varmt anbefales: En afstikker ind i mobilitetens verden i <strong>Autostadt i Wolfsburg<\/strong>. Klik her for at se vores <a href=\"https:\/\/www.komoot.com\/de-de\/collection\/3202001\/auf-zwei-raedern-9-staedte-%2B-2-in-niedersachsen\">Komoot Bike Collection<\/a>.   <\/p>\n<\/div><\/div>\n<\/div>\n\n\n\n<div class=\"wp-block-column is-layout-flow wp-block-column-is-layout-flow\">\n<figure class=\"wp-block-image size-full\"><a href=\"https:\/\/www.komoot.com\/de-de\/collection\/3202001\/auf-zwei-raedern-9-staedte-%2B-2-in-niedersachsen\"><img loading=\"lazy\" decoding=\"async\" width=\"663\" height=\"444\" src=\"https:\/\/9staedte.de\/wp-content\/smush-webp\/2025\/03\/9Staedte_Fahrradtour_Collection_Ausschnitt.png.webp\" alt=\"\" class=\"wp-image-24981\" srcset=\"https:\/\/9staedte.de\/wp-content\/smush-webp\/2025\/03\/9Staedte_Fahrradtour_Collection_Ausschnitt.png.webp 663w, https:\/\/9staedte.de\/wp-content\/smush-webp\/2025\/03\/9Staedte_Fahrradtour_Collection_Ausschnitt-300x201.png.webp 300w\" sizes=\"auto, (max-width: 663px) 100vw, 663px\" \/><\/a><\/figure>\n<\/div>\n<\/div>\n\n<h2 class=\"wp-block-heading\">Cykling i de 9 byer<\/h2>\n    <div class=\"nr-bike-tours-grid\">\n                    <a href=\"https:\/\/9staedte.de\/da\/radtouren\/hannover\/\"\n               class=\"nr-bike-tour\"\n               style=\"background-image:url('https:\/\/9staedte.de\/wp-content\/smush-webp\/2025\/03\/Maschpark-Hannover-c-HMTG-Lars-Gerhardts.jpg.webp');\"\n            >\n                <span class=\"name\">\n                    Hannover                <\/span>\n            <\/a>\n                    <a href=\"https:\/\/9staedte.de\/da\/radtouren\/hameln\/\"\n               class=\"nr-bike-tour\"\n               style=\"background-image:url('https:\/\/9staedte.de\/wp-content\/smush-webp\/2025\/03\/Hameln-Weser-E-Bike-Tour-c-Hameln-Marketing-und-Tourismus-GmbH.jpg.webp');\"\n            >\n                <span class=\"name\">\n                    Hameln                <\/span>\n            <\/a>\n                    <a href=\"https:\/\/9staedte.de\/da\/radtouren\/goslar\/\"\n               class=\"nr-bike-tour\"\n               style=\"background-image:url('https:\/\/9staedte.de\/wp-content\/smush-webp\/2025\/03\/Fahrradtour-durch-die-Goslarer-Altstadt_GOSLAR-marketing-gmbh_Fotograf-diedrehen.jpg.webp');\"\n            >\n                <span class=\"name\">\n                    Goslar                <\/span>\n            <\/a>\n                    <a href=\"https:\/\/9staedte.de\/da\/radtouren\/goettingen\/\"\n               class=\"nr-bike-tour\"\n               style=\"background-image:url('https:\/\/9staedte.de\/wp-content\/smush-webp\/2025\/03\/Goettingen-Johannisstrasse-c-Lars-Gerhardts.jpg.webp');\"\n            >\n                <span class=\"name\">\n                    Goettingen                <\/span>\n            <\/a>\n                    <a href=\"https:\/\/9staedte.de\/da\/radtouren\/celle\/\"\n               class=\"nr-bike-tour\"\n               style=\"background-image:url('https:\/\/9staedte.de\/wp-content\/smush-webp\/2025\/03\/2404_tm_celle_radfahren_Altstadt_Poststrasse-scaled.jpg.webp');\"\n            >\n                <span class=\"name\">\n                    Celle                <\/span>\n            <\/a>\n                    <a href=\"https:\/\/9staedte.de\/da\/radtouren\/braunschweig\/\"\n               class=\"nr-bike-tour\"\n               style=\"background-image:url('https:\/\/9staedte.de\/wp-content\/smush-webp\/2025\/03\/Braunschweig-Radfahrmotiv_2_BSM_Christian_Bierwagen-scaled.jpg.webp');\"\n            >\n                <span class=\"name\">\n                    Braunschweig                <\/span>\n            <\/a>\n                    <a href=\"https:\/\/9staedte.de\/da\/radtouren\/hildesheim\/\"\n               class=\"nr-bike-tour\"\n               style=\"background-image:url('https:\/\/9staedte.de\/wp-content\/smush-webp\/2025\/03\/St-Michaelis-Dagmar-Schwelle.jpg.webp');\"\n            >\n                <span class=\"name\">\n                    Hildesheim                <\/span>\n            <\/a>\n                    <a href=\"https:\/\/9staedte.de\/da\/radtouren\/einbeck\/\"\n               class=\"nr-bike-tour\"\n               style=\"background-image:url('https:\/\/9staedte.de\/wp-content\/smush-webp\/2025\/03\/Einbeck-TangoBruecke-bei-Tag-CC0.jpg.webp');\"\n            >\n                <span class=\"name\">\n                    Einbeck                <\/span>\n            <\/a>\n                    <a href=\"https:\/\/9staedte.de\/da\/radtouren\/wolfenbuettel\/\"\n               class=\"nr-bike-tour\"\n               style=\"background-image:url('https:\/\/9staedte.de\/wp-content\/smush-webp\/2025\/03\/Radfahren-Residenzschloss-Wolfenbuettel-Fotograf-Christian-Bierwagen-Rechte-Lessingstadt-Wolfenbuettel-scaled.jpg.webp');\"\n            >\n                <span class=\"name\">\n                    Wolfenbuettel                <\/span>\n            <\/a>\n            <\/div>\n    \n\n\n<div class=\"banner-wrapper is-info-card\">\n    <h2 class=\"headline\">\n        Fra by til by med tog    <\/h2>\n    <div class=\"banner-inner\">\n\t\t            <div class=\"img-container\">\n                <div class=\"img-wrapper\">\n                    <img decoding=\"async\" src=\"https:\/\/9staedte.de\/wp-content\/smush-webp\/2025\/04\/DB_Juergen-Hoerstel.jpg.webp\" alt=\"S-Bahn Hannover\"\/>\n\t\t\t\t\t                        <div class=\"thumbnail-label\">\n                            <span>S-Bahn Hannover<\/span>\n                        <\/div>\n\t\t\t\t\t                <\/div>\n            <\/div>\n\t\t\t\t            <div class=\"text-container\">\n                <div class=\"content\">\n\t\t\t\t\t<h3>Let at rejse med Niedersachsen-billetten<\/h3>\n<p>Udforsk de 9 byer og Autostadt med op til fem personer. Niedersachsenticket er en dagsbillet til regionaltog, busser og sporvogne i Niedersachsen og er ideel til udflugter og rundrejser i de 9 byer. Den kan bruges fra kl. 9 om morgenen i l\u00f8bet af ugen og hele dagen i weekenden. F\u00e5s online, i billetautomater eller p\u00e5 DB-rejsecentre.   <\/p>\n<p><a href=\"https:\/\/niedersachsenticket.de\/?https%3A%2F%2Fniedersachsenticket_de%2F%3Futm_source=Google&amp;utm_medium=Search&amp;utm_campaign=Google%20Ads%20Traffic&amp;mtm_campaign=Google%20Ads%20Traffic&amp;mtm_source=Google&amp;mtm_medium=Search&amp;gad_source=1&amp;gclid=CjwKCAiA5eC9BhAuEiwA3CKwQtRGEo0rwPLn3WlB1KjFrYOnb6bolHyeZTaHX5bVAYvEngZYTjEBeBoCoDQQAvD_BwE\">Yderligere oplysninger<\/a><\/p>\n                <\/div>\n            <\/div>\n\t\t    <\/div>\n<\/div>\n\n\n\n<div class=\"banner-wrapper is-info-card\">\n    <h2 class=\"headline\">\n        Rejser i autocamper    <\/h2>\n    <div class=\"banner-inner\">\n\t\t            <div class=\"img-container\">\n                <div class=\"img-wrapper\">\n                    <img decoding=\"async\" src=\"https:\/\/9staedte.de\/wp-content\/smush-webp\/2024\/06\/Einbeck-Wohnmobilstellplatz-\u00a9-Stadtwerke-Einbeck-1.jpg.webp\" alt=\"Einbeck-Wohnmobilstellplatz-\u00a9-Stadtwerke-Einbeck-1\"\/>\n\t\t\t\t\t                        <div class=\"thumbnail-label\">\n                            <span>Einbeck-Wohnmobilstellplatz-\u00a9-Stadtwerke-Einbeck-1<\/span>\n                        <\/div>\n\t\t\t\t\t                <\/div>\n            <\/div>\n\t\t\t\t            <div class=\"text-container\">\n                <div class=\"content\">\n\t\t\t\t\t<h3 data-start=\"105\" data-end=\"162\">I autocamper gennem de 9 byer i Niedersachsen<\/h3>\n<p class=\"\" data-start=\"164\" data-end=\"947\">At rejse i autocamper gennem de 9 byer i Niedersachsen er en \u00e6gte oplevelse for kultur- og byelskere. Takket v\u00e6re veludbyggede pladser, moderne infrastruktur og korte afstande kan byerne udforskes i dit eget tempo. Smukke gamle byer, kulinariske h\u00f8jdepunkter, sp\u00e6ndende museer og indbydende g\u00e5gader venter p\u00e5 dig undervejs &#8211; ideelt til en fleksibel og behagelig autocampertur.  <\/p>\n<p data-start=\"164\" data-end=\"947\"><a href=\"https:\/\/9staedte.de\/da\/mit-dem-wohnmobil-in-die-9-staedte\/\">Mere information<\/a><\/p>\n                <\/div>\n            <\/div>\n\t\t    <\/div>\n<\/div>\n\n\n<p><\/p>\n","protected":false},"excerpt":{"rendered":"<p>Fra by til by p\u00e5 cykel Uanset om det er en stor rundrejse eller regionale etaper &#8211; oplev de 9 byer og Autostadt i dit eget tempo og med din egen smag! Historiske sev\u00e6rdigheder, charmerende gamle byer og kulinariske l\u00e6kkerier venter p\u00e5 dig. Kan varmt anbefales: En afstikker ind i mobilitetens verden i Autostadt i [&hellip;]<\/p>\n","protected":false},"author":10,"featured_media":24963,"parent":0,"menu_order":0,"comment_status":"closed","ping_status":"closed","template":"","meta":{"_acf_changed":false,"footnotes":""},"categories":[],"tags":[],"ncap_cities_tax":[],"class_list":["post-25213","page","type-page","status-publish","has-post-thumbnail","hentry"],"acf":[],"yoast_head":"<!-- This site is optimized with the Yoast SEO plugin v26.8 - https:\/\/yoast.com\/product\/yoast-seo-wordpress\/ -->\n<title>Rejser gennem de 9 byer - 9 St\u00e4dte in Niedersachsen<\/title>\n<meta name=\"robots\" content=\"index, follow, max-snippet:-1, max-image-preview:large, max-video-preview:-1\" \/>\n<link rel=\"canonical\" href=\"https:\/\/9staedte.de\/da\/unterwegs-durch-die-9-staedte\/\" \/>\n<meta property=\"og:locale\" content=\"da_DK\" \/>\n<meta property=\"og:type\" content=\"article\" \/>\n<meta property=\"og:title\" content=\"Rejser gennem de 9 byer - 9 St\u00e4dte in Niedersachsen\" \/>\n<meta property=\"og:description\" content=\"Fra by til by p\u00e5 cykel Uanset om det er en stor rundrejse eller regionale etaper &#8211; oplev de 9 byer og Autostadt i dit eget tempo og med din egen smag! Historiske sev\u00e6rdigheder, charmerende gamle byer og kulinariske l\u00e6kkerier venter p\u00e5 dig. Kan varmt anbefales: En afstikker ind i mobilitetens verden i Autostadt i [&hellip;]\" \/>\n<meta property=\"og:url\" content=\"https:\/\/9staedte.de\/da\/unterwegs-durch-die-9-staedte\/\" \/>\n<meta property=\"og:site_name\" content=\"9 St\u00e4dte in Niedersachsen\" \/>\n<meta property=\"article:modified_time\" content=\"2025-04-10T07:39:10+00:00\" \/>\n<meta property=\"og:image\" content=\"https:\/\/9staedte.de\/wp-content\/uploads\/2025\/03\/Radfahren-in-Hannover_Lars-Gerhardts-75-scaled.jpg\" \/>\n\t<meta property=\"og:image:width\" content=\"1200\" \/>\n\t<meta property=\"og:image:height\" content=\"870\" \/>\n\t<meta property=\"og:image:type\" content=\"image\/jpeg\" \/>\n<meta name=\"twitter:card\" content=\"summary_large_image\" \/>\n<meta name=\"twitter:label1\" content=\"Estimeret l\u00e6setid\" \/>\n\t<meta name=\"twitter:data1\" content=\"1 minut\" \/>\n<script type=\"application\/ld+json\" class=\"yoast-schema-graph\">{\"@context\":\"https:\/\/schema.org\",\"@graph\":[{\"@type\":\"WebPage\",\"@id\":\"https:\/\/9staedte.de\/da\/unterwegs-durch-die-9-staedte\/\",\"url\":\"https:\/\/9staedte.de\/da\/unterwegs-durch-die-9-staedte\/\",\"name\":\"Rejser gennem de 9 byer - 9 St\u00e4dte in Niedersachsen\",\"isPartOf\":{\"@id\":\"https:\/\/9staedte.de\/da\/#website\"},\"primaryImageOfPage\":{\"@id\":\"https:\/\/9staedte.de\/da\/unterwegs-durch-die-9-staedte\/#primaryimage\"},\"image\":{\"@id\":\"https:\/\/9staedte.de\/da\/unterwegs-durch-die-9-staedte\/#primaryimage\"},\"thumbnailUrl\":\"https:\/\/9staedte.de\/wp-content\/uploads\/2025\/03\/Radfahren-in-Hannover_Lars-Gerhardts-75-scaled.jpg\",\"datePublished\":\"2025-04-10T06:59:35+00:00\",\"dateModified\":\"2025-04-10T07:39:10+00:00\",\"breadcrumb\":{\"@id\":\"https:\/\/9staedte.de\/da\/unterwegs-durch-die-9-staedte\/#breadcrumb\"},\"inLanguage\":\"da-DK\",\"potentialAction\":[{\"@type\":\"ReadAction\",\"target\":[\"https:\/\/9staedte.de\/da\/unterwegs-durch-die-9-staedte\/\"]}]},{\"@type\":\"ImageObject\",\"inLanguage\":\"da-DK\",\"@id\":\"https:\/\/9staedte.de\/da\/unterwegs-durch-die-9-staedte\/#primaryimage\",\"url\":\"https:\/\/9staedte.de\/wp-content\/uploads\/2025\/03\/Radfahren-in-Hannover_Lars-Gerhardts-75-scaled.jpg\",\"contentUrl\":\"https:\/\/9staedte.de\/wp-content\/uploads\/2025\/03\/Radfahren-in-Hannover_Lars-Gerhardts-75-scaled.jpg\",\"width\":1200,\"height\":870,\"caption\":\"Radfahren in Hannover_Lars Gerhardts (75)\"},{\"@type\":\"BreadcrumbList\",\"@id\":\"https:\/\/9staedte.de\/da\/unterwegs-durch-die-9-staedte\/#breadcrumb\",\"itemListElement\":[{\"@type\":\"ListItem\",\"position\":1,\"name\":\"Startseite\",\"item\":\"https:\/\/9staedte.de\/da\/hjem-9-byer-2-i-niedersachsen\/\"},{\"@type\":\"ListItem\",\"position\":2,\"name\":\"Rejser gennem de 9 byer\"}]},{\"@type\":\"WebSite\",\"@id\":\"https:\/\/9staedte.de\/da\/#website\",\"url\":\"https:\/\/9staedte.de\/da\/\",\"name\":\"9 St\u00e4dte in Niedersachsen\",\"description\":\"\",\"publisher\":{\"@id\":\"https:\/\/9staedte.de\/da\/#organization\"},\"potentialAction\":[{\"@type\":\"SearchAction\",\"target\":{\"@type\":\"EntryPoint\",\"urlTemplate\":\"https:\/\/9staedte.de\/da\/?s={search_term_string}\"},\"query-input\":{\"@type\":\"PropertyValueSpecification\",\"valueRequired\":true,\"valueName\":\"search_term_string\"}}],\"inLanguage\":\"da-DK\"},{\"@type\":\"Organization\",\"@id\":\"https:\/\/9staedte.de\/da\/#organization\",\"name\":\"9 St\u00e4dte in Niedersachsen\",\"url\":\"https:\/\/9staedte.de\/da\/\",\"logo\":{\"@type\":\"ImageObject\",\"inLanguage\":\"da-DK\",\"@id\":\"https:\/\/9staedte.de\/da\/#\/schema\/logo\/image\/\",\"url\":\"https:\/\/9staedte.de\/wp-content\/uploads\/2025\/01\/9-neg-deutsch-2-1.png\",\"contentUrl\":\"https:\/\/9staedte.de\/wp-content\/uploads\/2025\/01\/9-neg-deutsch-2-1.png\",\"width\":190,\"height\":114,\"caption\":\"9 St\u00e4dte in Niedersachsen\"},\"image\":{\"@id\":\"https:\/\/9staedte.de\/da\/#\/schema\/logo\/image\/\"}}]}<\/script>\n<!-- \/ Yoast SEO plugin. -->","yoast_head_json":{"title":"Rejser gennem de 9 byer - 9 St\u00e4dte in Niedersachsen","robots":{"index":"index","follow":"follow","max-snippet":"max-snippet:-1","max-image-preview":"max-image-preview:large","max-video-preview":"max-video-preview:-1"},"canonical":"https:\/\/9staedte.de\/da\/unterwegs-durch-die-9-staedte\/","og_locale":"da_DK","og_type":"article","og_title":"Rejser gennem de 9 byer - 9 St\u00e4dte in Niedersachsen","og_description":"Fra by til by p\u00e5 cykel Uanset om det er en stor rundrejse eller regionale etaper &#8211; oplev de 9 byer og Autostadt i dit eget tempo og med din egen smag! Historiske sev\u00e6rdigheder, charmerende gamle byer og kulinariske l\u00e6kkerier venter p\u00e5 dig. Kan varmt anbefales: En afstikker ind i mobilitetens verden i Autostadt i [&hellip;]","og_url":"https:\/\/9staedte.de\/da\/unterwegs-durch-die-9-staedte\/","og_site_name":"9 St\u00e4dte in Niedersachsen","article_modified_time":"2025-04-10T07:39:10+00:00","og_image":[{"width":1200,"height":870,"url":"https:\/\/9staedte.de\/wp-content\/uploads\/2025\/03\/Radfahren-in-Hannover_Lars-Gerhardts-75-scaled.jpg","type":"image\/jpeg"}],"twitter_card":"summary_large_image","twitter_misc":{"Estimeret l\u00e6setid":"1 minut"},"schema":{"@context":"https:\/\/schema.org","@graph":[{"@type":"WebPage","@id":"https:\/\/9staedte.de\/da\/unterwegs-durch-die-9-staedte\/","url":"https:\/\/9staedte.de\/da\/unterwegs-durch-die-9-staedte\/","name":"Rejser gennem de 9 byer - 9 St\u00e4dte in Niedersachsen","isPartOf":{"@id":"https:\/\/9staedte.de\/da\/#website"},"primaryImageOfPage":{"@id":"https:\/\/9staedte.de\/da\/unterwegs-durch-die-9-staedte\/#primaryimage"},"image":{"@id":"https:\/\/9staedte.de\/da\/unterwegs-durch-die-9-staedte\/#primaryimage"},"thumbnailUrl":"https:\/\/9staedte.de\/wp-content\/uploads\/2025\/03\/Radfahren-in-Hannover_Lars-Gerhardts-75-scaled.jpg","datePublished":"2025-04-10T06:59:35+00:00","dateModified":"2025-04-10T07:39:10+00:00","breadcrumb":{"@id":"https:\/\/9staedte.de\/da\/unterwegs-durch-die-9-staedte\/#breadcrumb"},"inLanguage":"da-DK","potentialAction":[{"@type":"ReadAction","target":["https:\/\/9staedte.de\/da\/unterwegs-durch-die-9-staedte\/"]}]},{"@type":"ImageObject","inLanguage":"da-DK","@id":"https:\/\/9staedte.de\/da\/unterwegs-durch-die-9-staedte\/#primaryimage","url":"https:\/\/9staedte.de\/wp-content\/uploads\/2025\/03\/Radfahren-in-Hannover_Lars-Gerhardts-75-scaled.jpg","contentUrl":"https:\/\/9staedte.de\/wp-content\/uploads\/2025\/03\/Radfahren-in-Hannover_Lars-Gerhardts-75-scaled.jpg","width":1200,"height":870,"caption":"Radfahren in Hannover_Lars Gerhardts (75)"},{"@type":"BreadcrumbList","@id":"https:\/\/9staedte.de\/da\/unterwegs-durch-die-9-staedte\/#breadcrumb","itemListElement":[{"@type":"ListItem","position":1,"name":"Startseite","item":"https:\/\/9staedte.de\/da\/hjem-9-byer-2-i-niedersachsen\/"},{"@type":"ListItem","position":2,"name":"Rejser gennem de 9 byer"}]},{"@type":"WebSite","@id":"https:\/\/9staedte.de\/da\/#website","url":"https:\/\/9staedte.de\/da\/","name":"9 St\u00e4dte in Niedersachsen","description":"","publisher":{"@id":"https:\/\/9staedte.de\/da\/#organization"},"potentialAction":[{"@type":"SearchAction","target":{"@type":"EntryPoint","urlTemplate":"https:\/\/9staedte.de\/da\/?s={search_term_string}"},"query-input":{"@type":"PropertyValueSpecification","valueRequired":true,"valueName":"search_term_string"}}],"inLanguage":"da-DK"},{"@type":"Organization","@id":"https:\/\/9staedte.de\/da\/#organization","name":"9 St\u00e4dte in Niedersachsen","url":"https:\/\/9staedte.de\/da\/","logo":{"@type":"ImageObject","inLanguage":"da-DK","@id":"https:\/\/9staedte.de\/da\/#\/schema\/logo\/image\/","url":"https:\/\/9staedte.de\/wp-content\/uploads\/2025\/01\/9-neg-deutsch-2-1.png","contentUrl":"https:\/\/9staedte.de\/wp-content\/uploads\/2025\/01\/9-neg-deutsch-2-1.png","width":190,"height":114,"caption":"9 St\u00e4dte in Niedersachsen"},"image":{"@id":"https:\/\/9staedte.de\/da\/#\/schema\/logo\/image\/"}}]}},"_links":{"self":[{"href":"https:\/\/9staedte.de\/da\/wp-json\/wp\/v2\/pages\/25213","targetHints":{"allow":["GET"]}}],"collection":[{"href":"https:\/\/9staedte.de\/da\/wp-json\/wp\/v2\/pages"}],"about":[{"href":"https:\/\/9staedte.de\/da\/wp-json\/wp\/v2\/types\/page"}],"author":[{"embeddable":true,"href":"https:\/\/9staedte.de\/da\/wp-json\/wp\/v2\/users\/10"}],"replies":[{"embeddable":true,"href":"https:\/\/9staedte.de\/da\/wp-json\/wp\/v2\/comments?post=25213"}],"version-history":[{"count":2,"href":"https:\/\/9staedte.de\/da\/wp-json\/wp\/v2\/pages\/25213\/revisions"}],"predecessor-version":[{"id":25221,"href":"https:\/\/9staedte.de\/da\/wp-json\/wp\/v2\/pages\/25213\/revisions\/25221"}],"wp:featuredmedia":[{"embeddable":true,"href":"https:\/\/9staedte.de\/da\/wp-json\/wp\/v2\/media\/24963"}],"wp:attachment":[{"href":"https:\/\/9staedte.de\/da\/wp-json\/wp\/v2\/media?parent=25213"}],"wp:term":[{"taxonomy":"category","embeddable":true,"href":"https:\/\/9staedte.de\/da\/wp-json\/wp\/v2\/categories?post=25213"},{"taxonomy":"post_tag","embeddable":true,"href":"https:\/\/9staedte.de\/da\/wp-json\/wp\/v2\/tags?post=25213"},{"taxonomy":"ncap_cities_tax","embeddable":true,"href":"https:\/\/9staedte.de\/da\/wp-json\/wp\/v2\/ncap_cities_tax?post=25213"}],"curies":[{"name":"wp","href":"https:\/\/api.w.org\/{rel}","templated":true}]}}