{"id":23041,"date":"2024-07-08T13:13:57","date_gmt":"2024-07-08T11:13:57","guid":{"rendered":"https:\/\/9staedte.de\/wohnmobilstellplatz-celle\/"},"modified":"2025-05-08T15:10:16","modified_gmt":"2025-05-08T13:10:16","slug":"wohnmobilstellplatz-celle","status":"publish","type":"page","link":"https:\/\/9staedte.de\/da\/celle-dejlig-by-med-mange-boliger\/wohnmobilstellplatz-celle\/","title":{"rendered":"Campingplads Celle"},"content":{"rendered":"\n<h2 class=\"wp-block-heading\">Med autocamperen til Celle<\/h2>\n\n<p>Den maleriske gamle bydel og det indbydende Badeland kunne n\u00e6sten ikke v\u00e6re t\u00e6ttere p\u00e5: Byen Celle har ramt plet med placeringen af parkeringspladsen. Det flotte design og de komfortable m\u00f8bler f\u00e5r campisternes hjerter til at sl\u00e5 hurtigere.<\/p>\n\n<p><strong>PARKERINGSPLADS OG OMGIVELSER<\/strong><\/p>\n\n<p>Moderne autocamperhavn til 45 autocampere lige ved siden af Celle Badeland, kun 5 til 10 minutters gang fra den gamle bydel med over 500 bindingsv\u00e6rkshuse, slottet og g\u00e5gaden. Rolig beliggenhed v\u00e6k fra hovedvejene. Afsk\u00e6rmet fra gadens st\u00f8j af en minigolfbane foran, der gr\u00e6nser op til en sportsplads, \u00e5bne enge og den lille Fuhse-flod p\u00e5 siden og bagved. Brede, velbelagte indk\u00f8rsler, n\u00e6sten plane grunde belagt med gr\u00e6ssten, for det meste 5 x 10 meter store med en gr\u00f8n stribe foran. 8 st\u00f8rre parceller egner sig ogs\u00e5 til liners.<\/p>\n\n<p>Hunde: Velkommen, men hold dem venligst i snor. S\u00e6son: \u00c5bent hele \u00e5ret rundt.<\/p>\n\n<p><strong>UDSTYR OG SERVICE<\/strong><\/p>\n\n<p>Check-in ved en flersproget terminal. Turistinformation og rundstykkeservice i det nye pitchkontor i en sidefl\u00f8j af sanitetsbygningen (\u00e5bent kl. 8-13 og 15-18). Handicapvenlig servicebygning med toiletter, brusere, vaskemaskine, t\u00f8rretumbler og opvaskerum. Der er eltilslutning p\u00e5 alle 45 pladser samt et separat serviceomr\u00e5de med ferskvandss\u00f8jle, kassettet\u00f8mning og gulvindl\u00f8b til gr\u00e5vand. Grillplads, affaldsh\u00e5ndtering tilg\u00e6ngelig, gratis Wi-Fi tilg\u00e6ngelig. Udveksling af gasflasker, webcam og nyhedsbrev via banens hjemmeside, reservationer mulige.<\/p>\n\n<div class=\"wp-block-media-text is-stacked-on-mobile\"><figure class=\"wp-block-media-text__media\"><img loading=\"lazy\" decoding=\"async\" width=\"1020\" height=\"560\" src=\"https:\/\/9staedte.de\/wp-content\/smush-webp\/2023\/02\/Celle-Huths-kaffee-c-Celle-Tourismus-und-Marketing-GmbH.jpg.webp\" alt=\"Celle-Huths-kaffe c) Celle Tourismus und Marketing GmbH\" class=\"wp-image-3584 size-full\" srcset=\"https:\/\/9staedte.de\/wp-content\/smush-webp\/2023\/02\/Celle-Huths-kaffee-c-Celle-Tourismus-und-Marketing-GmbH.jpg.webp 1020w, https:\/\/9staedte.de\/wp-content\/smush-webp\/2023\/02\/Celle-Huths-kaffee-c-Celle-Tourismus-und-Marketing-GmbH-300x165.jpg.webp 300w, https:\/\/9staedte.de\/wp-content\/smush-webp\/2023\/02\/Celle-Huths-kaffee-c-Celle-Tourismus-und-Marketing-GmbH-768x422.jpg.webp 768w\" sizes=\"auto, (max-width: 1020px) 100vw, 1020px\" \/><\/figure><div class=\"wp-block-media-text__content\">\n<p><strong>9 tips til autocamperrejsende i Celle<\/strong><\/p>\n\n\n\n<ul class=\"wp-block-list\">\n<li>Offentlig byrundtur<\/li>\n\n\n\n<li>Celle residensslot \/ residensmuseum<\/li>\n\n\n\n<li>TimeRide-guide<\/li>\n\n\n\n<li>Bomann Museum\/Kunstmuseum<\/li>\n\n\n\n<li>Hoppener-huset \/ Stechinelli-huset \/ Am Heiligen Kreuz<\/li>\n\n\n\n<li>Stechbahn og Kalandgasse<\/li>\n\n\n\n<li>St Mary&#8217;s Church \/ Opstigning til t\u00e5rnet<\/li>\n\n\n\n<li>Celle Baroque Palace Theatre<\/li>\n\n\n\n<li>Haesler Museum<\/li>\n<\/ul>\n<\/div><\/div>\n\n<p><strong>GEBYRER OG AFLEDTE OMKOSTNINGER<\/strong><\/p>\n\n<p>15 Euro pr. mobil og 24 timer inkl. af alle personer og W-Lan. Elektricitet: 0,70 euro pr. kWh, ferskvand: 1 euro\/80 liter.<\/p>\n\n<p>Kontantfri betaling ved check-in-terminalen med EC- eller kreditkort. Br\u00f8druller i kontanter fra pitch-holdet.<\/p>\n\n<p>INFORMATION OG INTERNET<\/p>\n\n<p>Campingplads Am Badeland<br\/>77er Street 36<br\/>29221 Celle<br\/>T: 0 51 41\/ 9 51 93 88<br\/>E: <a href=\"mailto:info@womo-celle.de\">info@womo-celle.de<\/a><br\/><a href=\"http:\/\/www.momo-celle.de\">www.womo-celle.de<\/a><\/p>\n\n <div class=\"brlbs-cmpnt-container brlbs-cmpnt-content-blocker brlbs-cmpnt-with-individual-styles\" data-borlabs-cookie-content-blocker-id=\"google-maps\" data-borlabs-cookie-content=\"PGlmcmFtZSBzcmM9Imh0dHBzOi8vd3d3Lmdvb2dsZS5jb20vbWFwcy9kL2VtYmVkP21pZD0xYXpwWWxZQWxINVNTVHlGXy14UDdTZFpNb1pPdWpWayZlaGJjPTJFMzEyRiIgd2lkdGg9IjY0MCIgaGVpZ2h0PSI0ODAiPjwvaWZyYW1lPg==\"><div class=\"brlbs-cmpnt-cb-preset-b brlbs-cmpnt-cb-google-maps\"> <div class=\"brlbs-cmpnt-cb-thumbnail\" style=\"background-image: url('https:\/\/9staedte.de\/wp-content\/uploads\/borlabs-cookie\/1\/brlbs-cb-google-maps-main.png')\"><\/div> <div class=\"brlbs-cmpnt-cb-main\"> <div class=\"brlbs-cmpnt-cb-content\"> <p class=\"brlbs-cmpnt-cb-description\">You are currently viewing a placeholder content from <strong>Google Maps<\/strong>. To access the actual content, click the button below. Please note that doing so will share data with third-party providers.<\/p> <a class=\"brlbs-cmpnt-cb-provider-toggle\" href=\"#\" data-borlabs-cookie-show-provider-information role=\"button\">More Information<\/a> <\/div> <div class=\"brlbs-cmpnt-cb-buttons\"> <a class=\"brlbs-cmpnt-cb-btn\" href=\"#\" data-borlabs-cookie-unblock role=\"button\">Unblock content<\/a> <a class=\"brlbs-cmpnt-cb-btn\" href=\"#\" data-borlabs-cookie-accept-service role=\"button\" style=\"display: inherit\">Accept required service and unblock content<\/a> <\/div> <\/div> <\/div><\/div>\n","protected":false},"excerpt":{"rendered":"<p>Med autocamperen til Celle Den maleriske gamle bydel og det indbydende Badeland kunne n\u00e6sten ikke v\u00e6re t\u00e6ttere p\u00e5: Byen Celle har ramt plet med placeringen af parkeringspladsen. Det flotte design og de komfortable m\u00f8bler f\u00e5r campisternes hjerter til at sl\u00e5 hurtigere. PARKERINGSPLADS OG OMGIVELSER Moderne autocamperhavn til 45 autocampere lige ved siden af Celle Badeland, [&hellip;]<\/p>\n","protected":false},"author":6,"featured_media":23027,"parent":12705,"menu_order":0,"comment_status":"closed","ping_status":"closed","template":"pagetemplates\/template-stadtthema.php","meta":{"_acf_changed":false,"footnotes":""},"categories":[],"tags":[],"ncap_cities_tax":[427,1398],"class_list":["post-23041","page","type-page","status-publish","has-post-thumbnail","hentry","ncap_cities_tax-celle-da","ncap_cities_tax-reisemobilstellplatze-celle-da"],"acf":[],"yoast_head":"<!-- This site is optimized with the Yoast SEO plugin v26.8 - https:\/\/yoast.com\/product\/yoast-seo-wordpress\/ -->\n<title>Campingplads Celle - 9 St\u00e4dte in Niedersachsen<\/title>\n<meta name=\"description\" content=\"Campingplads Celle. Information til din autocampertur til den fortryllende residens- og bindingsv\u00e6rksby Celle.\" \/>\n<meta name=\"robots\" content=\"index, follow, max-snippet:-1, max-image-preview:large, max-video-preview:-1\" \/>\n<link rel=\"canonical\" href=\"https:\/\/9staedte.de\/da\/celle-dejlig-by-med-mange-boliger\/wohnmobilstellplatz-celle\/\" \/>\n<meta property=\"og:locale\" content=\"da_DK\" \/>\n<meta property=\"og:type\" content=\"article\" \/>\n<meta property=\"og:title\" content=\"Campingplads Celle - 9 St\u00e4dte in Niedersachsen\" \/>\n<meta property=\"og:description\" content=\"Campingplads Celle. Information til din autocampertur til den fortryllende residens- og bindingsv\u00e6rksby Celle.\" \/>\n<meta property=\"og:url\" content=\"https:\/\/9staedte.de\/da\/celle-dejlig-by-med-mange-boliger\/wohnmobilstellplatz-celle\/\" \/>\n<meta property=\"og:site_name\" content=\"9 St\u00e4dte in Niedersachsen\" \/>\n<meta property=\"article:modified_time\" content=\"2025-05-08T13:10:16+00:00\" \/>\n<meta property=\"og:image\" content=\"https:\/\/9staedte.de\/wp-content\/uploads\/2024\/07\/Wohnmobilstellplatz-Celle-Luftbild-c-Celle-Tourismus.jpg\" \/>\n\t<meta property=\"og:image:width\" content=\"1020\" \/>\n\t<meta property=\"og:image:height\" content=\"560\" \/>\n\t<meta property=\"og:image:type\" content=\"image\/jpeg\" \/>\n<meta name=\"twitter:card\" content=\"summary_large_image\" \/>\n<meta name=\"twitter:label1\" content=\"Estimeret l\u00e6setid\" \/>\n\t<meta name=\"twitter:data1\" content=\"3 minutter\" \/>\n<script type=\"application\/ld+json\" class=\"yoast-schema-graph\">{\"@context\":\"https:\/\/schema.org\",\"@graph\":[{\"@type\":\"WebPage\",\"@id\":\"https:\/\/9staedte.de\/da\/celle-dejlig-by-med-mange-boliger\/wohnmobilstellplatz-celle\/\",\"url\":\"https:\/\/9staedte.de\/da\/celle-dejlig-by-med-mange-boliger\/wohnmobilstellplatz-celle\/\",\"name\":\"Campingplads Celle - 9 St\u00e4dte in Niedersachsen\",\"isPartOf\":{\"@id\":\"https:\/\/9staedte.de\/da\/#website\"},\"primaryImageOfPage\":{\"@id\":\"https:\/\/9staedte.de\/da\/celle-dejlig-by-med-mange-boliger\/wohnmobilstellplatz-celle\/#primaryimage\"},\"image\":{\"@id\":\"https:\/\/9staedte.de\/da\/celle-dejlig-by-med-mange-boliger\/wohnmobilstellplatz-celle\/#primaryimage\"},\"thumbnailUrl\":\"https:\/\/9staedte.de\/wp-content\/uploads\/2024\/07\/Wohnmobilstellplatz-Celle-Luftbild-c-Celle-Tourismus.jpg\",\"datePublished\":\"2024-07-08T11:13:57+00:00\",\"dateModified\":\"2025-05-08T13:10:16+00:00\",\"description\":\"Campingplads Celle. Information til din autocampertur til den fortryllende residens- og bindingsv\u00e6rksby Celle.\",\"breadcrumb\":{\"@id\":\"https:\/\/9staedte.de\/da\/celle-dejlig-by-med-mange-boliger\/wohnmobilstellplatz-celle\/#breadcrumb\"},\"inLanguage\":\"da-DK\",\"potentialAction\":[{\"@type\":\"ReadAction\",\"target\":[\"https:\/\/9staedte.de\/da\/celle-dejlig-by-med-mange-boliger\/wohnmobilstellplatz-celle\/\"]}]},{\"@type\":\"ImageObject\",\"inLanguage\":\"da-DK\",\"@id\":\"https:\/\/9staedte.de\/da\/celle-dejlig-by-med-mange-boliger\/wohnmobilstellplatz-celle\/#primaryimage\",\"url\":\"https:\/\/9staedte.de\/wp-content\/uploads\/2024\/07\/Wohnmobilstellplatz-Celle-Luftbild-c-Celle-Tourismus.jpg\",\"contentUrl\":\"https:\/\/9staedte.de\/wp-content\/uploads\/2024\/07\/Wohnmobilstellplatz-Celle-Luftbild-c-Celle-Tourismus.jpg\",\"width\":1020,\"height\":560,\"caption\":\"Wohnmobilstellplatz Celle Luftbild c) Celle Tourismus\"},{\"@type\":\"BreadcrumbList\",\"@id\":\"https:\/\/9staedte.de\/da\/celle-dejlig-by-med-mange-boliger\/wohnmobilstellplatz-celle\/#breadcrumb\",\"itemListElement\":[{\"@type\":\"ListItem\",\"position\":1,\"name\":\"Startseite\",\"item\":\"https:\/\/9staedte.de\/da\/hjem-9-byer-2-i-niedersachsen\/\"},{\"@type\":\"ListItem\",\"position\":2,\"name\":\"Celle &#8211; dejlig by med mange boliger\",\"item\":\"https:\/\/9staedte.de\/da\/celle-dejlig-by-med-mange-boliger\/\"},{\"@type\":\"ListItem\",\"position\":3,\"name\":\"Campingplads Celle\"}]},{\"@type\":\"WebSite\",\"@id\":\"https:\/\/9staedte.de\/da\/#website\",\"url\":\"https:\/\/9staedte.de\/da\/\",\"name\":\"9 St\u00e4dte in Niedersachsen\",\"description\":\"\",\"publisher\":{\"@id\":\"https:\/\/9staedte.de\/da\/#organization\"},\"potentialAction\":[{\"@type\":\"SearchAction\",\"target\":{\"@type\":\"EntryPoint\",\"urlTemplate\":\"https:\/\/9staedte.de\/da\/?s={search_term_string}\"},\"query-input\":{\"@type\":\"PropertyValueSpecification\",\"valueRequired\":true,\"valueName\":\"search_term_string\"}}],\"inLanguage\":\"da-DK\"},{\"@type\":\"Organization\",\"@id\":\"https:\/\/9staedte.de\/da\/#organization\",\"name\":\"9 St\u00e4dte in Niedersachsen\",\"url\":\"https:\/\/9staedte.de\/da\/\",\"logo\":{\"@type\":\"ImageObject\",\"inLanguage\":\"da-DK\",\"@id\":\"https:\/\/9staedte.de\/da\/#\/schema\/logo\/image\/\",\"url\":\"https:\/\/9staedte.de\/wp-content\/uploads\/2025\/01\/9-neg-deutsch-2-1.png\",\"contentUrl\":\"https:\/\/9staedte.de\/wp-content\/uploads\/2025\/01\/9-neg-deutsch-2-1.png\",\"width\":190,\"height\":114,\"caption\":\"9 St\u00e4dte in Niedersachsen\"},\"image\":{\"@id\":\"https:\/\/9staedte.de\/da\/#\/schema\/logo\/image\/\"}}]}<\/script>\n<!-- \/ Yoast SEO plugin. -->","yoast_head_json":{"title":"Campingplads Celle - 9 St\u00e4dte in Niedersachsen","description":"Campingplads Celle. Information til din autocampertur til den fortryllende residens- og bindingsv\u00e6rksby Celle.","robots":{"index":"index","follow":"follow","max-snippet":"max-snippet:-1","max-image-preview":"max-image-preview:large","max-video-preview":"max-video-preview:-1"},"canonical":"https:\/\/9staedte.de\/da\/celle-dejlig-by-med-mange-boliger\/wohnmobilstellplatz-celle\/","og_locale":"da_DK","og_type":"article","og_title":"Campingplads Celle - 9 St\u00e4dte in Niedersachsen","og_description":"Campingplads Celle. Information til din autocampertur til den fortryllende residens- og bindingsv\u00e6rksby Celle.","og_url":"https:\/\/9staedte.de\/da\/celle-dejlig-by-med-mange-boliger\/wohnmobilstellplatz-celle\/","og_site_name":"9 St\u00e4dte in Niedersachsen","article_modified_time":"2025-05-08T13:10:16+00:00","og_image":[{"width":1020,"height":560,"url":"https:\/\/9staedte.de\/wp-content\/uploads\/2024\/07\/Wohnmobilstellplatz-Celle-Luftbild-c-Celle-Tourismus.jpg","type":"image\/jpeg"}],"twitter_card":"summary_large_image","twitter_misc":{"Estimeret l\u00e6setid":"3 minutter"},"schema":{"@context":"https:\/\/schema.org","@graph":[{"@type":"WebPage","@id":"https:\/\/9staedte.de\/da\/celle-dejlig-by-med-mange-boliger\/wohnmobilstellplatz-celle\/","url":"https:\/\/9staedte.de\/da\/celle-dejlig-by-med-mange-boliger\/wohnmobilstellplatz-celle\/","name":"Campingplads Celle - 9 St\u00e4dte in Niedersachsen","isPartOf":{"@id":"https:\/\/9staedte.de\/da\/#website"},"primaryImageOfPage":{"@id":"https:\/\/9staedte.de\/da\/celle-dejlig-by-med-mange-boliger\/wohnmobilstellplatz-celle\/#primaryimage"},"image":{"@id":"https:\/\/9staedte.de\/da\/celle-dejlig-by-med-mange-boliger\/wohnmobilstellplatz-celle\/#primaryimage"},"thumbnailUrl":"https:\/\/9staedte.de\/wp-content\/uploads\/2024\/07\/Wohnmobilstellplatz-Celle-Luftbild-c-Celle-Tourismus.jpg","datePublished":"2024-07-08T11:13:57+00:00","dateModified":"2025-05-08T13:10:16+00:00","description":"Campingplads Celle. Information til din autocampertur til den fortryllende residens- og bindingsv\u00e6rksby Celle.","breadcrumb":{"@id":"https:\/\/9staedte.de\/da\/celle-dejlig-by-med-mange-boliger\/wohnmobilstellplatz-celle\/#breadcrumb"},"inLanguage":"da-DK","potentialAction":[{"@type":"ReadAction","target":["https:\/\/9staedte.de\/da\/celle-dejlig-by-med-mange-boliger\/wohnmobilstellplatz-celle\/"]}]},{"@type":"ImageObject","inLanguage":"da-DK","@id":"https:\/\/9staedte.de\/da\/celle-dejlig-by-med-mange-boliger\/wohnmobilstellplatz-celle\/#primaryimage","url":"https:\/\/9staedte.de\/wp-content\/uploads\/2024\/07\/Wohnmobilstellplatz-Celle-Luftbild-c-Celle-Tourismus.jpg","contentUrl":"https:\/\/9staedte.de\/wp-content\/uploads\/2024\/07\/Wohnmobilstellplatz-Celle-Luftbild-c-Celle-Tourismus.jpg","width":1020,"height":560,"caption":"Wohnmobilstellplatz Celle Luftbild c) Celle Tourismus"},{"@type":"BreadcrumbList","@id":"https:\/\/9staedte.de\/da\/celle-dejlig-by-med-mange-boliger\/wohnmobilstellplatz-celle\/#breadcrumb","itemListElement":[{"@type":"ListItem","position":1,"name":"Startseite","item":"https:\/\/9staedte.de\/da\/hjem-9-byer-2-i-niedersachsen\/"},{"@type":"ListItem","position":2,"name":"Celle &#8211; dejlig by med mange boliger","item":"https:\/\/9staedte.de\/da\/celle-dejlig-by-med-mange-boliger\/"},{"@type":"ListItem","position":3,"name":"Campingplads Celle"}]},{"@type":"WebSite","@id":"https:\/\/9staedte.de\/da\/#website","url":"https:\/\/9staedte.de\/da\/","name":"9 St\u00e4dte in Niedersachsen","description":"","publisher":{"@id":"https:\/\/9staedte.de\/da\/#organization"},"potentialAction":[{"@type":"SearchAction","target":{"@type":"EntryPoint","urlTemplate":"https:\/\/9staedte.de\/da\/?s={search_term_string}"},"query-input":{"@type":"PropertyValueSpecification","valueRequired":true,"valueName":"search_term_string"}}],"inLanguage":"da-DK"},{"@type":"Organization","@id":"https:\/\/9staedte.de\/da\/#organization","name":"9 St\u00e4dte in Niedersachsen","url":"https:\/\/9staedte.de\/da\/","logo":{"@type":"ImageObject","inLanguage":"da-DK","@id":"https:\/\/9staedte.de\/da\/#\/schema\/logo\/image\/","url":"https:\/\/9staedte.de\/wp-content\/uploads\/2025\/01\/9-neg-deutsch-2-1.png","contentUrl":"https:\/\/9staedte.de\/wp-content\/uploads\/2025\/01\/9-neg-deutsch-2-1.png","width":190,"height":114,"caption":"9 St\u00e4dte in Niedersachsen"},"image":{"@id":"https:\/\/9staedte.de\/da\/#\/schema\/logo\/image\/"}}]}},"_links":{"self":[{"href":"https:\/\/9staedte.de\/da\/wp-json\/wp\/v2\/pages\/23041","targetHints":{"allow":["GET"]}}],"collection":[{"href":"https:\/\/9staedte.de\/da\/wp-json\/wp\/v2\/pages"}],"about":[{"href":"https:\/\/9staedte.de\/da\/wp-json\/wp\/v2\/types\/page"}],"author":[{"embeddable":true,"href":"https:\/\/9staedte.de\/da\/wp-json\/wp\/v2\/users\/6"}],"replies":[{"embeddable":true,"href":"https:\/\/9staedte.de\/da\/wp-json\/wp\/v2\/comments?post=23041"}],"version-history":[{"count":3,"href":"https:\/\/9staedte.de\/da\/wp-json\/wp\/v2\/pages\/23041\/revisions"}],"predecessor-version":[{"id":25420,"href":"https:\/\/9staedte.de\/da\/wp-json\/wp\/v2\/pages\/23041\/revisions\/25420"}],"up":[{"embeddable":true,"href":"https:\/\/9staedte.de\/da\/wp-json\/wp\/v2\/pages\/12705"}],"wp:featuredmedia":[{"embeddable":true,"href":"https:\/\/9staedte.de\/da\/wp-json\/wp\/v2\/media\/23027"}],"wp:attachment":[{"href":"https:\/\/9staedte.de\/da\/wp-json\/wp\/v2\/media?parent=23041"}],"wp:term":[{"taxonomy":"category","embeddable":true,"href":"https:\/\/9staedte.de\/da\/wp-json\/wp\/v2\/categories?post=23041"},{"taxonomy":"post_tag","embeddable":true,"href":"https:\/\/9staedte.de\/da\/wp-json\/wp\/v2\/tags?post=23041"},{"taxonomy":"ncap_cities_tax","embeddable":true,"href":"https:\/\/9staedte.de\/da\/wp-json\/wp\/v2\/ncap_cities_tax?post=23041"}],"curies":[{"name":"wp","href":"https:\/\/api.w.org\/{rel}","templated":true}]}}