{"id":22977,"date":"2024-07-04T11:03:50","date_gmt":"2024-07-04T09:03:50","guid":{"rendered":"https:\/\/9staedte.de\/wohnmobilstellplaetze-in-braunschweig-2\/"},"modified":"2024-07-04T11:18:35","modified_gmt":"2024-07-04T09:18:35","slug":"wohnmobilstellplaetze-in-braunschweig-2","status":"publish","type":"page","link":"https:\/\/9staedte.de\/da\/braunschweig-loevernes-by\/wohnmobilstellplaetze-in-braunschweig-2\/","title":{"rendered":"Autocamperpladser i Braunschweig"},"content":{"rendered":"\n<h2 class=\"wp-block-heading\">Med autocamperen til Braunschweig<\/h2>\n\n<p>Oplev l\u00f8vebyen spontant, t\u00e6t p\u00e5 naturen og mobilen: Autocamperpladser t\u00e6t p\u00e5 byens centrum inviterer dig til at nyde et varieret ophold i Braunschweig. Med sine korte afstande til sev\u00e6rdigheder, kulturinstitutioner som Herzog Anton Ulrich-museet, et bredt udvalg af arrangementer, rekreation t\u00e6t p\u00e5 byens centrum p\u00e5 landet og sin n\u00e6sten 1000-\u00e5rige historie er L\u00f8vebyen det ideelle m\u00e5l for en storbyferie med autocamper. Braunschweig Stadtmarketing GmbH hj\u00e6lper dig gerne med at planl\u00e6gge dit bes\u00f8g. Yderligere oplysninger om Braunschweig som turistdestination kan f\u00e5s <a href=\"http:\/\/www.braunschweig.de\/tourismus\">online<\/a> eller p\u00e5 turistinformationen, Kleine Burg 14.<\/p>\n\n<figure class=\"wp-block-image size-full is-resized\"><img loading=\"lazy\" decoding=\"async\" width=\"1019\" height=\"561\" src=\"https:\/\/9staedte.de\/wp-content\/smush-webp\/2024\/07\/Braunschweig-Paddeln-auf-der-Oker-c-Braunschweig-Stadtmarketing-Daniel-Moeller.jpg.webp\" alt=\"\" class=\"wp-image-22966\" style=\"width:314px;height:auto\" srcset=\"https:\/\/9staedte.de\/wp-content\/smush-webp\/2024\/07\/Braunschweig-Paddeln-auf-der-Oker-c-Braunschweig-Stadtmarketing-Daniel-Moeller.jpg.webp 1019w, https:\/\/9staedte.de\/wp-content\/smush-webp\/2024\/07\/Braunschweig-Paddeln-auf-der-Oker-c-Braunschweig-Stadtmarketing-Daniel-Moeller-300x165.jpg.webp 300w, https:\/\/9staedte.de\/wp-content\/smush-webp\/2024\/07\/Braunschweig-Paddeln-auf-der-Oker-c-Braunschweig-Stadtmarketing-Daniel-Moeller-768x423.jpg.webp 768w\" sizes=\"auto, (max-width: 1019px) 100vw, 1019px\" \/><\/figure>\n\n<h3 class=\"wp-block-heading\"><strong>Tips til autocamperrejsende i Braunschweig<\/strong><\/h3>\n\n<ol class=\"wp-block-list\">\n<li>Fra operaforestillinger lige ved siden af Braunschweig-l\u00f8ven til friluftskoncerter og internationale topsportsbegivenheder &#8211; der sker altid noget i Braunschweig. Planl\u00e6g et af de mange arrangementer ind i din ferie. Du kan finde en oversigt og yderligere information i <a href=\"https:\/\/www.braunschweig.de\/kultur\/veranstaltungen\/index.php\">arrangementskalenderen<\/a>.<\/li>\n\n\n\n<li>Oplev kultur i Braunschweig: Udforsk f\u00f8rsteklasses udstillinger og samtidskunst p\u00e5 over ti museer og mange gallerier, eller nyd teater, opera og operette, dans eller symfonikoncerter i statsteatret eller p\u00e5 en af de mindre scener.<\/li>\n\n\n\n<li>Du kan f\u00e5 underholdende information om L\u00f8vebyen og dens varierede historie fra Welferne til Hanseforbundet p\u00e5 en guidet tur rundt i byen &#8211; enten p\u00e5 traditionel vis, p\u00e5 cykel eller ledsaget af Braunschweigs nattevagt.<\/li>\n\n\n\n<li>Udforsk byen p\u00e5 egen h\u00e5nd: Forskellige <a href=\"https:\/\/www.braunschweig.de\/tourismus\/rundgaenge\/index.php\">ture<\/a> f\u00f8rer dig gennem Braunschweigs parker, langs den historiske ringvej eller gennem byens centrum. Appen &#8220;Discover Braunschweig&#8221; giver dig information om sev\u00e6rdigheder, legepladser og spisesteder, mens du er p\u00e5 farten. Forresten: Du kan ogs\u00e5 opdage kunst i Braunschweig p\u00e5 egen h\u00e5nd, gratis og d\u00f8gnet rundt i det offentlige rum. Fra den 15. juni til den 6. oktober inviterer Lichtparcours 2024 til en aftentur langs Okerumflut. I byens centrum finder du en r\u00e6kke forskellige v\u00e6rker, lige fra gadekunst til Happy Rizzi-huset med sin farverige pop art-facade.<\/li>\n\n\n\n<li>Slentre gennem middelalderlige gyder, g\u00e5 p\u00e5 opdagelse i charmerende butikker, ejerledede butikker og internationale k\u00e6debutikker, og nyd s\u00e5 solskinnet med en is eller en kop kaffe: Braunschweigs centrum kombinerer storbyflair med korte afstande. Mere end 700 butikker fra over 50 brancher indbyder til en spadseretur, og de mange caf\u00e9er, barer og restauranter er ideelle til en hyggelig pause p\u00e5 alle tider af \u00e5ret.<\/li>\n\n\n\n<li>Floden Oker omgiver Braunschweigs bymidte som en ring. Nyd udsigten til imponerende villaer og store parker fra vandet p\u00e5 en guidet t\u00f8mmerfl\u00e5detur, eller udforsk floden p\u00e5 egen h\u00e5nd i en kano, vandcykel eller stand-up paddle board. Du kan f\u00e5 det rette udstyr p\u00e5 flere udlejningsstationer.<\/li>\n\n\n\n<li>Et fugleperspektiv p\u00e5 Braunschweig: Du kan nyde en imponerende udsigt over byens tage fra r\u00e5dhust\u00e5rnet, t\u00e5rnet p\u00e5 Andreaskirche eller Quadriga-bes\u00f8gsplatformen p\u00e5 Braunschweig Slot.<\/li>\n\n\n\n<li>Tag en cykeltur, f.eks. p\u00e5 ringvejen. Den cirka 22,5 kilometer lange cirkul\u00e6re rute f\u00f8rer langs historiske jernbanespor og langs den stadig brugte sporring rundt om byen og er blevet en popul\u00e6r fritidssti. Historiske sev\u00e6rdigheder, en bred vifte af fritidsaktiviteter og cateringfaciliteter venter p\u00e5 dig undervejs. Walk-in st\u00e5lcontainere langs ruten giver information om Braunschweigs industrihistorie.<\/li>\n\n\n\n<li>Oplev <a href=\"https:\/\/www.braunschweig.de\/tourismus\/ueber-braunschweig\/rausinsgruene.php\">Braunschweigs gr\u00f8nne side<\/a>. Rummelige parker rundt om i byens centrum indbyder til picnic, ophold og discgolf. Til lange g\u00e5ture anbefaler vi et bes\u00f8g i Riddagshausen-distriktet med klosterkirken St. Mariae, maleriske bindingsv\u00e6rkshuse og det n\u00e6rliggende naturreservat.<\/li>\n<\/ol>\n\n<p><strong>Pladser til autocampere<\/strong><\/p>\n\n<ul class=\"wp-block-list\">\n<li><a href=\"https:\/\/www.kennel-bad.de\/camping.html\">Stable Kennelbad<\/a><\/li>\n\n\n\n<li><a href=\"https:\/\/www.braunschweig.de\/vv\/produkte\/VII\/20\/20_2\/reisemobilstellplatz.php\">Parkeringsplads p\u00e5 Theodor-Heuss-Stra\u00dfe<\/a><\/li>\n\n\n\n<li><a href=\"https:\/\/www.stadtbad-bs.de\/baeder\/wasserwelt\/wasserwelt-reisemobilstellplatz\">Pitch ved Wasserwelt<\/a><\/li>\n<\/ul>\n\n <div class=\"brlbs-cmpnt-container brlbs-cmpnt-content-blocker brlbs-cmpnt-with-individual-styles\" data-borlabs-cookie-content-blocker-id=\"google-maps\" data-borlabs-cookie-content=\"PGlmcmFtZSBzcmM9Imh0dHBzOi8vd3d3Lmdvb2dsZS5jb20vbWFwcy9kL2VtYmVkP21pZD0xSFpKSzJ2SHo2RnJjUzhIMGVmN3BQZ3hQaXkwb2VZNCZlaGJjPTJFMzEyRiIgd2lkdGg9IjY0MCIgaGVpZ2h0PSI0ODAiPjwvaWZyYW1lPg==\"><div class=\"brlbs-cmpnt-cb-preset-b brlbs-cmpnt-cb-google-maps\"> <div class=\"brlbs-cmpnt-cb-thumbnail\" style=\"background-image: url('https:\/\/9staedte.de\/wp-content\/uploads\/borlabs-cookie\/1\/brlbs-cb-google-maps-main.png')\"><\/div> <div class=\"brlbs-cmpnt-cb-main\"> <div class=\"brlbs-cmpnt-cb-content\"> <p class=\"brlbs-cmpnt-cb-description\">You are currently viewing a placeholder content from <strong>Google Maps<\/strong>. To access the actual content, click the button below. Please note that doing so will share data with third-party providers.<\/p> <a class=\"brlbs-cmpnt-cb-provider-toggle\" href=\"#\" data-borlabs-cookie-show-provider-information role=\"button\">More Information<\/a> <\/div> <div class=\"brlbs-cmpnt-cb-buttons\"> <a class=\"brlbs-cmpnt-cb-btn\" href=\"#\" data-borlabs-cookie-unblock role=\"button\">Unblock content<\/a> <a class=\"brlbs-cmpnt-cb-btn\" href=\"#\" data-borlabs-cookie-accept-service role=\"button\" style=\"display: inherit\">Accept required service and unblock content<\/a> <\/div> <\/div> <\/div><\/div>\n","protected":false},"excerpt":{"rendered":"<p>Med autocamperen til Braunschweig Oplev l\u00f8vebyen spontant, t\u00e6t p\u00e5 naturen og mobilen: Autocamperpladser t\u00e6t p\u00e5 byens centrum inviterer dig til at nyde et varieret ophold i Braunschweig. Med sine korte afstande til sev\u00e6rdigheder, kulturinstitutioner som Herzog Anton Ulrich-museet, et bredt udvalg af arrangementer, rekreation t\u00e6t p\u00e5 byens centrum p\u00e5 landet og sin n\u00e6sten 1000-\u00e5rige historie [&hellip;]<\/p>\n","protected":false},"author":6,"featured_media":22955,"parent":12525,"menu_order":0,"comment_status":"closed","ping_status":"closed","template":"pagetemplates\/template-stadtthema.php","meta":{"_acf_changed":false,"footnotes":""},"categories":[],"tags":[],"ncap_cities_tax":[420,1391],"class_list":["post-22977","page","type-page","status-publish","has-post-thumbnail","hentry","ncap_cities_tax-braunschweig-da","ncap_cities_tax-reisemobilstellplatze-braunschweig-da"],"acf":[],"yoast_head":"<!-- This site is optimized with the Yoast SEO plugin v26.8 - https:\/\/yoast.com\/product\/yoast-seo-wordpress\/ -->\n<title>Autocamperpladser i Braunschweig - 9 St\u00e4dte in Niedersachsen<\/title>\n<meta name=\"robots\" content=\"index, follow, max-snippet:-1, max-image-preview:large, max-video-preview:-1\" \/>\n<link rel=\"canonical\" href=\"https:\/\/9staedte.de\/da\/braunschweig-loevernes-by\/wohnmobilstellplaetze-in-braunschweig-2\/\" \/>\n<meta property=\"og:locale\" content=\"da_DK\" \/>\n<meta property=\"og:type\" content=\"article\" \/>\n<meta property=\"og:title\" content=\"Autocamperpladser i Braunschweig - 9 St\u00e4dte in Niedersachsen\" \/>\n<meta property=\"og:description\" content=\"Med autocamperen til Braunschweig Oplev l\u00f8vebyen spontant, t\u00e6t p\u00e5 naturen og mobilen: Autocamperpladser t\u00e6t p\u00e5 byens centrum inviterer dig til at nyde et varieret ophold i Braunschweig. Med sine korte afstande til sev\u00e6rdigheder, kulturinstitutioner som Herzog Anton Ulrich-museet, et bredt udvalg af arrangementer, rekreation t\u00e6t p\u00e5 byens centrum p\u00e5 landet og sin n\u00e6sten 1000-\u00e5rige historie [&hellip;]\" \/>\n<meta property=\"og:url\" content=\"https:\/\/9staedte.de\/da\/braunschweig-loevernes-by\/wohnmobilstellplaetze-in-braunschweig-2\/\" \/>\n<meta property=\"og:site_name\" content=\"9 St\u00e4dte in Niedersachsen\" \/>\n<meta property=\"article:modified_time\" content=\"2024-07-04T09:18:35+00:00\" \/>\n<meta property=\"og:image\" content=\"https:\/\/9staedte.de\/wp-content\/uploads\/2024\/07\/Braunschweig-Magniviertel-c-Braunschweig-Stadtmarketing-Christian-Bierwagen.jpg\" \/>\n\t<meta property=\"og:image:width\" content=\"1018\" \/>\n\t<meta property=\"og:image:height\" content=\"560\" \/>\n\t<meta property=\"og:image:type\" content=\"image\/jpeg\" \/>\n<meta name=\"twitter:card\" content=\"summary_large_image\" \/>\n<meta name=\"twitter:label1\" content=\"Estimeret l\u00e6setid\" \/>\n\t<meta name=\"twitter:data1\" content=\"4 minutter\" \/>\n<script type=\"application\/ld+json\" class=\"yoast-schema-graph\">{\"@context\":\"https:\/\/schema.org\",\"@graph\":[{\"@type\":\"WebPage\",\"@id\":\"https:\/\/9staedte.de\/da\/braunschweig-loevernes-by\/wohnmobilstellplaetze-in-braunschweig-2\/\",\"url\":\"https:\/\/9staedte.de\/da\/braunschweig-loevernes-by\/wohnmobilstellplaetze-in-braunschweig-2\/\",\"name\":\"Autocamperpladser i Braunschweig - 9 St\u00e4dte in Niedersachsen\",\"isPartOf\":{\"@id\":\"https:\/\/9staedte.de\/da\/#website\"},\"primaryImageOfPage\":{\"@id\":\"https:\/\/9staedte.de\/da\/braunschweig-loevernes-by\/wohnmobilstellplaetze-in-braunschweig-2\/#primaryimage\"},\"image\":{\"@id\":\"https:\/\/9staedte.de\/da\/braunschweig-loevernes-by\/wohnmobilstellplaetze-in-braunschweig-2\/#primaryimage\"},\"thumbnailUrl\":\"https:\/\/9staedte.de\/wp-content\/uploads\/2024\/07\/Braunschweig-Magniviertel-c-Braunschweig-Stadtmarketing-Christian-Bierwagen.jpg\",\"datePublished\":\"2024-07-04T09:03:50+00:00\",\"dateModified\":\"2024-07-04T09:18:35+00:00\",\"breadcrumb\":{\"@id\":\"https:\/\/9staedte.de\/da\/braunschweig-loevernes-by\/wohnmobilstellplaetze-in-braunschweig-2\/#breadcrumb\"},\"inLanguage\":\"da-DK\",\"potentialAction\":[{\"@type\":\"ReadAction\",\"target\":[\"https:\/\/9staedte.de\/da\/braunschweig-loevernes-by\/wohnmobilstellplaetze-in-braunschweig-2\/\"]}]},{\"@type\":\"ImageObject\",\"inLanguage\":\"da-DK\",\"@id\":\"https:\/\/9staedte.de\/da\/braunschweig-loevernes-by\/wohnmobilstellplaetze-in-braunschweig-2\/#primaryimage\",\"url\":\"https:\/\/9staedte.de\/wp-content\/uploads\/2024\/07\/Braunschweig-Magniviertel-c-Braunschweig-Stadtmarketing-Christian-Bierwagen.jpg\",\"contentUrl\":\"https:\/\/9staedte.de\/wp-content\/uploads\/2024\/07\/Braunschweig-Magniviertel-c-Braunschweig-Stadtmarketing-Christian-Bierwagen.jpg\",\"width\":1018,\"height\":560,\"caption\":\"Braunschweig Magniviertel c) Braunschweig Stadtmarketing Christian Bierwagen\"},{\"@type\":\"BreadcrumbList\",\"@id\":\"https:\/\/9staedte.de\/da\/braunschweig-loevernes-by\/wohnmobilstellplaetze-in-braunschweig-2\/#breadcrumb\",\"itemListElement\":[{\"@type\":\"ListItem\",\"position\":1,\"name\":\"Startseite\",\"item\":\"https:\/\/9staedte.de\/da\/hjem-9-byer-2-i-niedersachsen\/\"},{\"@type\":\"ListItem\",\"position\":2,\"name\":\"Autocamperpladser i Braunschweig\"}]},{\"@type\":\"WebSite\",\"@id\":\"https:\/\/9staedte.de\/da\/#website\",\"url\":\"https:\/\/9staedte.de\/da\/\",\"name\":\"9 St\u00e4dte in Niedersachsen\",\"description\":\"\",\"publisher\":{\"@id\":\"https:\/\/9staedte.de\/da\/#organization\"},\"potentialAction\":[{\"@type\":\"SearchAction\",\"target\":{\"@type\":\"EntryPoint\",\"urlTemplate\":\"https:\/\/9staedte.de\/da\/?s={search_term_string}\"},\"query-input\":{\"@type\":\"PropertyValueSpecification\",\"valueRequired\":true,\"valueName\":\"search_term_string\"}}],\"inLanguage\":\"da-DK\"},{\"@type\":\"Organization\",\"@id\":\"https:\/\/9staedte.de\/da\/#organization\",\"name\":\"9 St\u00e4dte in Niedersachsen\",\"url\":\"https:\/\/9staedte.de\/da\/\",\"logo\":{\"@type\":\"ImageObject\",\"inLanguage\":\"da-DK\",\"@id\":\"https:\/\/9staedte.de\/da\/#\/schema\/logo\/image\/\",\"url\":\"https:\/\/9staedte.de\/wp-content\/uploads\/2025\/01\/9-neg-deutsch-2-1.png\",\"contentUrl\":\"https:\/\/9staedte.de\/wp-content\/uploads\/2025\/01\/9-neg-deutsch-2-1.png\",\"width\":190,\"height\":114,\"caption\":\"9 St\u00e4dte in Niedersachsen\"},\"image\":{\"@id\":\"https:\/\/9staedte.de\/da\/#\/schema\/logo\/image\/\"}}]}<\/script>\n<!-- \/ Yoast SEO plugin. -->","yoast_head_json":{"title":"Autocamperpladser i Braunschweig - 9 St\u00e4dte in Niedersachsen","robots":{"index":"index","follow":"follow","max-snippet":"max-snippet:-1","max-image-preview":"max-image-preview:large","max-video-preview":"max-video-preview:-1"},"canonical":"https:\/\/9staedte.de\/da\/braunschweig-loevernes-by\/wohnmobilstellplaetze-in-braunschweig-2\/","og_locale":"da_DK","og_type":"article","og_title":"Autocamperpladser i Braunschweig - 9 St\u00e4dte in Niedersachsen","og_description":"Med autocamperen til Braunschweig Oplev l\u00f8vebyen spontant, t\u00e6t p\u00e5 naturen og mobilen: Autocamperpladser t\u00e6t p\u00e5 byens centrum inviterer dig til at nyde et varieret ophold i Braunschweig. Med sine korte afstande til sev\u00e6rdigheder, kulturinstitutioner som Herzog Anton Ulrich-museet, et bredt udvalg af arrangementer, rekreation t\u00e6t p\u00e5 byens centrum p\u00e5 landet og sin n\u00e6sten 1000-\u00e5rige historie [&hellip;]","og_url":"https:\/\/9staedte.de\/da\/braunschweig-loevernes-by\/wohnmobilstellplaetze-in-braunschweig-2\/","og_site_name":"9 St\u00e4dte in Niedersachsen","article_modified_time":"2024-07-04T09:18:35+00:00","og_image":[{"width":1018,"height":560,"url":"https:\/\/9staedte.de\/wp-content\/uploads\/2024\/07\/Braunschweig-Magniviertel-c-Braunschweig-Stadtmarketing-Christian-Bierwagen.jpg","type":"image\/jpeg"}],"twitter_card":"summary_large_image","twitter_misc":{"Estimeret l\u00e6setid":"4 minutter"},"schema":{"@context":"https:\/\/schema.org","@graph":[{"@type":"WebPage","@id":"https:\/\/9staedte.de\/da\/braunschweig-loevernes-by\/wohnmobilstellplaetze-in-braunschweig-2\/","url":"https:\/\/9staedte.de\/da\/braunschweig-loevernes-by\/wohnmobilstellplaetze-in-braunschweig-2\/","name":"Autocamperpladser i Braunschweig - 9 St\u00e4dte in Niedersachsen","isPartOf":{"@id":"https:\/\/9staedte.de\/da\/#website"},"primaryImageOfPage":{"@id":"https:\/\/9staedte.de\/da\/braunschweig-loevernes-by\/wohnmobilstellplaetze-in-braunschweig-2\/#primaryimage"},"image":{"@id":"https:\/\/9staedte.de\/da\/braunschweig-loevernes-by\/wohnmobilstellplaetze-in-braunschweig-2\/#primaryimage"},"thumbnailUrl":"https:\/\/9staedte.de\/wp-content\/uploads\/2024\/07\/Braunschweig-Magniviertel-c-Braunschweig-Stadtmarketing-Christian-Bierwagen.jpg","datePublished":"2024-07-04T09:03:50+00:00","dateModified":"2024-07-04T09:18:35+00:00","breadcrumb":{"@id":"https:\/\/9staedte.de\/da\/braunschweig-loevernes-by\/wohnmobilstellplaetze-in-braunschweig-2\/#breadcrumb"},"inLanguage":"da-DK","potentialAction":[{"@type":"ReadAction","target":["https:\/\/9staedte.de\/da\/braunschweig-loevernes-by\/wohnmobilstellplaetze-in-braunschweig-2\/"]}]},{"@type":"ImageObject","inLanguage":"da-DK","@id":"https:\/\/9staedte.de\/da\/braunschweig-loevernes-by\/wohnmobilstellplaetze-in-braunschweig-2\/#primaryimage","url":"https:\/\/9staedte.de\/wp-content\/uploads\/2024\/07\/Braunschweig-Magniviertel-c-Braunschweig-Stadtmarketing-Christian-Bierwagen.jpg","contentUrl":"https:\/\/9staedte.de\/wp-content\/uploads\/2024\/07\/Braunschweig-Magniviertel-c-Braunschweig-Stadtmarketing-Christian-Bierwagen.jpg","width":1018,"height":560,"caption":"Braunschweig Magniviertel c) Braunschweig Stadtmarketing Christian Bierwagen"},{"@type":"BreadcrumbList","@id":"https:\/\/9staedte.de\/da\/braunschweig-loevernes-by\/wohnmobilstellplaetze-in-braunschweig-2\/#breadcrumb","itemListElement":[{"@type":"ListItem","position":1,"name":"Startseite","item":"https:\/\/9staedte.de\/da\/hjem-9-byer-2-i-niedersachsen\/"},{"@type":"ListItem","position":2,"name":"Autocamperpladser i Braunschweig"}]},{"@type":"WebSite","@id":"https:\/\/9staedte.de\/da\/#website","url":"https:\/\/9staedte.de\/da\/","name":"9 St\u00e4dte in Niedersachsen","description":"","publisher":{"@id":"https:\/\/9staedte.de\/da\/#organization"},"potentialAction":[{"@type":"SearchAction","target":{"@type":"EntryPoint","urlTemplate":"https:\/\/9staedte.de\/da\/?s={search_term_string}"},"query-input":{"@type":"PropertyValueSpecification","valueRequired":true,"valueName":"search_term_string"}}],"inLanguage":"da-DK"},{"@type":"Organization","@id":"https:\/\/9staedte.de\/da\/#organization","name":"9 St\u00e4dte in Niedersachsen","url":"https:\/\/9staedte.de\/da\/","logo":{"@type":"ImageObject","inLanguage":"da-DK","@id":"https:\/\/9staedte.de\/da\/#\/schema\/logo\/image\/","url":"https:\/\/9staedte.de\/wp-content\/uploads\/2025\/01\/9-neg-deutsch-2-1.png","contentUrl":"https:\/\/9staedte.de\/wp-content\/uploads\/2025\/01\/9-neg-deutsch-2-1.png","width":190,"height":114,"caption":"9 St\u00e4dte in Niedersachsen"},"image":{"@id":"https:\/\/9staedte.de\/da\/#\/schema\/logo\/image\/"}}]}},"_links":{"self":[{"href":"https:\/\/9staedte.de\/da\/wp-json\/wp\/v2\/pages\/22977","targetHints":{"allow":["GET"]}}],"collection":[{"href":"https:\/\/9staedte.de\/da\/wp-json\/wp\/v2\/pages"}],"about":[{"href":"https:\/\/9staedte.de\/da\/wp-json\/wp\/v2\/types\/page"}],"author":[{"embeddable":true,"href":"https:\/\/9staedte.de\/da\/wp-json\/wp\/v2\/users\/6"}],"replies":[{"embeddable":true,"href":"https:\/\/9staedte.de\/da\/wp-json\/wp\/v2\/comments?post=22977"}],"version-history":[{"count":2,"href":"https:\/\/9staedte.de\/da\/wp-json\/wp\/v2\/pages\/22977\/revisions"}],"predecessor-version":[{"id":22985,"href":"https:\/\/9staedte.de\/da\/wp-json\/wp\/v2\/pages\/22977\/revisions\/22985"}],"up":[{"embeddable":true,"href":"https:\/\/9staedte.de\/da\/wp-json\/wp\/v2\/pages\/12525"}],"wp:featuredmedia":[{"embeddable":true,"href":"https:\/\/9staedte.de\/da\/wp-json\/wp\/v2\/media\/22955"}],"wp:attachment":[{"href":"https:\/\/9staedte.de\/da\/wp-json\/wp\/v2\/media?parent=22977"}],"wp:term":[{"taxonomy":"category","embeddable":true,"href":"https:\/\/9staedte.de\/da\/wp-json\/wp\/v2\/categories?post=22977"},{"taxonomy":"post_tag","embeddable":true,"href":"https:\/\/9staedte.de\/da\/wp-json\/wp\/v2\/tags?post=22977"},{"taxonomy":"ncap_cities_tax","embeddable":true,"href":"https:\/\/9staedte.de\/da\/wp-json\/wp\/v2\/ncap_cities_tax?post=22977"}],"curies":[{"name":"wp","href":"https:\/\/api.w.org\/{rel}","templated":true}]}}