{"id":22728,"date":"2024-06-14T14:27:02","date_gmt":"2024-06-14T12:27:02","guid":{"rendered":"https:\/\/9staedte.de\/mit-dem-wohnmobil-nach-wolfenbuettel\/"},"modified":"2024-06-14T14:28:15","modified_gmt":"2024-06-14T12:28:15","slug":"mit-dem-wohnmobil-nach-wolfenbuettel","status":"publish","type":"page","link":"https:\/\/9staedte.de\/da\/wolfenbuettel-lessings-by\/mit-dem-wohnmobil-nach-wolfenbuettel\/","title":{"rendered":"Med autocamperen til Wolfenb\u00fcttel"},"content":{"rendered":"\n<h3 class=\"wp-block-heading\">Wolfenb\u00fcttel autocamperpark<\/h3>\n\n<p>Den komfortable autocamperplads Wolfenb\u00fcttel ***** ligger idyllisk ved Oker-flodens bredder og er \u00e5ben hele \u00e5ret. I alt 40 rummelige parkeringspladser inviterer dig til at blive h\u00e6ngende. Pladserne er udstyret med el-tilslutning, og der er gratis adgang til en sanitetsblok med brusere, en praktisk station til gr\u00e5t\/frisk vand og toiletkassetten. P\u00e5 dejlige dage kan du bruge grillpladsen p\u00e5 stedet. Wolfenb\u00fcttels gamle bydel med sine mere end 1.000 bindingsv\u00e6rkshuse ligger kun f\u00e5 minutters gang v\u00e6k, ligesom voldene og byens voldgrav, som er ideelle til g\u00e5ture eller morgenjogging.<\/p>\n\n<figure class=\"wp-block-image size-full\"><img decoding=\"async\" src=\"https:\/\/9staedte.de\/wp-content\/uploads\/2024\/06\/Resiemobilstellplatz-Wolfenbuettel&#xA9;-Anna-Meurer-CC-B-Y-SA.jpg\" alt=\"Campingplads Wolfenb&#xFC;ttel, Niedersachsen\" class=\"wp-image-22719\"\/><figcaption class=\"wp-element-caption\">Autocamperpark Wolfenb\u00fcttel, Niedersachsen<\/figcaption><\/figure>\n\n <div class=\"brlbs-cmpnt-container brlbs-cmpnt-content-blocker brlbs-cmpnt-with-individual-styles\" data-borlabs-cookie-content-blocker-id=\"google-maps\" data-borlabs-cookie-content=\"PGlmcmFtZSBzcmM9Imh0dHBzOi8vd3d3Lmdvb2dsZS5jb20vbWFwcy9kL2VtYmVkP21pZD0xazhoanVCQW1zejlCOVR0NU1WTHNSQm9SNlU5REsyRSZlaGJjPTJFMzEyRiIgd2lkdGg9IjY0MCIgaGVpZ2h0PSI0ODAiPjwvaWZyYW1lPg==\"><div class=\"brlbs-cmpnt-cb-preset-b brlbs-cmpnt-cb-google-maps\"> <div class=\"brlbs-cmpnt-cb-thumbnail\" style=\"background-image: url('https:\/\/9staedte.de\/wp-content\/uploads\/borlabs-cookie\/1\/brlbs-cb-google-maps-main.png')\"><\/div> <div class=\"brlbs-cmpnt-cb-main\"> <div class=\"brlbs-cmpnt-cb-content\"> <p class=\"brlbs-cmpnt-cb-description\">You are currently viewing a placeholder content from <strong>Google Maps<\/strong>. To access the actual content, click the button below. Please note that doing so will share data with third-party providers.<\/p> <a class=\"brlbs-cmpnt-cb-provider-toggle\" href=\"#\" data-borlabs-cookie-show-provider-information role=\"button\">More Information<\/a> <\/div> <div class=\"brlbs-cmpnt-cb-buttons\"> <a class=\"brlbs-cmpnt-cb-btn\" href=\"#\" data-borlabs-cookie-unblock role=\"button\">Unblock content<\/a> <a class=\"brlbs-cmpnt-cb-btn\" href=\"#\" data-borlabs-cookie-accept-service role=\"button\" style=\"display: inherit\">Accept required service and unblock content<\/a> <\/div> <\/div> <\/div><\/div>\n\n<p><strong>9 tips til autocamperrejsende:<\/strong><\/p>\n\n<ul class=\"wp-block-list\">\n<li>50 % rabat ved deltagelse i en offentlig byrundtur med 2 personer &#8211; dagligt indtil 3. oktober<\/li>\n\n\n\n<li>All-weather pool med saunaomr\u00e5de og catering direkte p\u00e5 stedet<\/li>\n\n\n\n<li>Kano-brygge med udlejning direkte p\u00e5 stedet<\/li>\n\n\n\n<li>Shoppingtur gennem den historiske bymidte &#8211; onsdage og l\u00f8rdage er altid markedsdage!<\/li>\n\n\n\n<li>Eventyrgolf &#8211; en blanding af minigolf og klassisk golf<\/li>\n\n\n\n<li>Lessingtheater med et varieret kulturprogram inden for synsvidde<\/li>\n\n\n\n<li>G\u00e5 rundt om byens voldgrav med et stop ved Komm Beach Club<\/li>\n\n\n\n<li>Talrige cykelstier i det nordlige Harzen-forland &#8211; for begyndere og cykelproffer<\/li>\n\n\n\n<li>Wolfenb\u00fcttel Slotsmuseum med levende Guelph og borgerlig historie<\/li>\n<\/ul>\n","protected":false},"excerpt":{"rendered":"<p>Wolfenb\u00fcttel autocamperpark Den komfortable autocamperplads Wolfenb\u00fcttel ***** ligger idyllisk ved Oker-flodens bredder og er \u00e5ben hele \u00e5ret. I alt 40 rummelige parkeringspladser inviterer dig til at blive h\u00e6ngende. Pladserne er udstyret med el-tilslutning, og der er gratis adgang til en sanitetsblok med brusere, en praktisk station til gr\u00e5t\/frisk vand og toiletkassetten. P\u00e5 dejlige dage kan [&hellip;]<\/p>\n","protected":false},"author":6,"featured_media":22712,"parent":12700,"menu_order":0,"comment_status":"closed","ping_status":"closed","template":"","meta":{"_acf_changed":false,"footnotes":""},"categories":[],"tags":[],"ncap_cities_tax":[1440,469],"class_list":["post-22728","page","type-page","status-publish","has-post-thumbnail","hentry","ncap_cities_tax-reisemobilstellplatze-wolfenbuettel-da","ncap_cities_tax-wolfenbuettel-da"],"acf":[],"yoast_head":"<!-- This site is optimized with the Yoast SEO plugin v27.4 - https:\/\/yoast.com\/product\/yoast-seo-wordpress\/ -->\n<title>Med autocamperen til Wolfenb\u00fcttel - 9 St\u00e4dte in Niedersachsen<\/title>\n<meta name=\"robots\" content=\"index, follow, max-snippet:-1, max-image-preview:large, max-video-preview:-1\" \/>\n<link rel=\"canonical\" href=\"https:\/\/9staedte.de\/da\/wolfenbuettel-lessings-by\/mit-dem-wohnmobil-nach-wolfenbuettel\/\" \/>\n<meta property=\"og:locale\" content=\"da_DK\" \/>\n<meta property=\"og:type\" content=\"article\" \/>\n<meta property=\"og:title\" content=\"Med autocamperen til Wolfenb\u00fcttel - 9 St\u00e4dte in Niedersachsen\" \/>\n<meta property=\"og:description\" content=\"Wolfenb\u00fcttel autocamperpark Den komfortable autocamperplads Wolfenb\u00fcttel ***** ligger idyllisk ved Oker-flodens bredder og er \u00e5ben hele \u00e5ret. I alt 40 rummelige parkeringspladser inviterer dig til at blive h\u00e6ngende. Pladserne er udstyret med el-tilslutning, og der er gratis adgang til en sanitetsblok med brusere, en praktisk station til gr\u00e5t\/frisk vand og toiletkassetten. P\u00e5 dejlige dage kan [&hellip;]\" \/>\n<meta property=\"og:url\" content=\"https:\/\/9staedte.de\/da\/wolfenbuettel-lessings-by\/mit-dem-wohnmobil-nach-wolfenbuettel\/\" \/>\n<meta property=\"og:site_name\" content=\"9 St\u00e4dte in Niedersachsen\" \/>\n<meta property=\"article:modified_time\" content=\"2024-06-14T12:28:15+00:00\" \/>\n<meta property=\"og:image\" content=\"https:\/\/9staedte.de\/wp-content\/uploads\/2024\/06\/Wohnmobilstellplatz-Wolfenbuettel-\u00a9-Flyingarms.de-CC-0.jpg\" \/>\n\t<meta property=\"og:image:width\" content=\"1020\" \/>\n\t<meta property=\"og:image:height\" content=\"565\" \/>\n\t<meta property=\"og:image:type\" content=\"image\/jpeg\" \/>\n<meta name=\"twitter:card\" content=\"summary_large_image\" \/>\n<meta name=\"twitter:label1\" content=\"Estimeret l\u00e6setid\" \/>\n\t<meta name=\"twitter:data1\" content=\"2 minutter\" \/>\n<script type=\"application\/ld+json\" class=\"yoast-schema-graph\">{\"@context\":\"https:\\\/\\\/schema.org\",\"@graph\":[{\"@type\":\"WebPage\",\"@id\":\"https:\\\/\\\/9staedte.de\\\/da\\\/wolfenbuettel-lessings-by\\\/mit-dem-wohnmobil-nach-wolfenbuettel\\\/\",\"url\":\"https:\\\/\\\/9staedte.de\\\/da\\\/wolfenbuettel-lessings-by\\\/mit-dem-wohnmobil-nach-wolfenbuettel\\\/\",\"name\":\"Med autocamperen til Wolfenb\u00fcttel - 9 St\u00e4dte in Niedersachsen\",\"isPartOf\":{\"@id\":\"https:\\\/\\\/9staedte.de\\\/da\\\/#website\"},\"primaryImageOfPage\":{\"@id\":\"https:\\\/\\\/9staedte.de\\\/da\\\/wolfenbuettel-lessings-by\\\/mit-dem-wohnmobil-nach-wolfenbuettel\\\/#primaryimage\"},\"image\":{\"@id\":\"https:\\\/\\\/9staedte.de\\\/da\\\/wolfenbuettel-lessings-by\\\/mit-dem-wohnmobil-nach-wolfenbuettel\\\/#primaryimage\"},\"thumbnailUrl\":\"https:\\\/\\\/9staedte.de\\\/wp-content\\\/uploads\\\/2024\\\/06\\\/Wohnmobilstellplatz-Wolfenbuettel-\u00a9-Flyingarms.de-CC-0.jpg\",\"datePublished\":\"2024-06-14T12:27:02+00:00\",\"dateModified\":\"2024-06-14T12:28:15+00:00\",\"breadcrumb\":{\"@id\":\"https:\\\/\\\/9staedte.de\\\/da\\\/wolfenbuettel-lessings-by\\\/mit-dem-wohnmobil-nach-wolfenbuettel\\\/#breadcrumb\"},\"inLanguage\":\"da-DK\",\"potentialAction\":[{\"@type\":\"ReadAction\",\"target\":[\"https:\\\/\\\/9staedte.de\\\/da\\\/wolfenbuettel-lessings-by\\\/mit-dem-wohnmobil-nach-wolfenbuettel\\\/\"]}]},{\"@type\":\"ImageObject\",\"inLanguage\":\"da-DK\",\"@id\":\"https:\\\/\\\/9staedte.de\\\/da\\\/wolfenbuettel-lessings-by\\\/mit-dem-wohnmobil-nach-wolfenbuettel\\\/#primaryimage\",\"url\":\"https:\\\/\\\/9staedte.de\\\/wp-content\\\/uploads\\\/2024\\\/06\\\/Wohnmobilstellplatz-Wolfenbuettel-\u00a9-Flyingarms.de-CC-0.jpg\",\"contentUrl\":\"https:\\\/\\\/9staedte.de\\\/wp-content\\\/uploads\\\/2024\\\/06\\\/Wohnmobilstellplatz-Wolfenbuettel-\u00a9-Flyingarms.de-CC-0.jpg\",\"width\":1020,\"height\":565,\"caption\":\"Wohnmobilstellplatz Wolfenb\u00fcttel \u00a9 Flyingarms.de (CC-0)\"},{\"@type\":\"BreadcrumbList\",\"@id\":\"https:\\\/\\\/9staedte.de\\\/da\\\/wolfenbuettel-lessings-by\\\/mit-dem-wohnmobil-nach-wolfenbuettel\\\/#breadcrumb\",\"itemListElement\":[{\"@type\":\"ListItem\",\"position\":1,\"name\":\"Startseite\",\"item\":\"https:\\\/\\\/9staedte.de\\\/da\\\/hjem-9-byer-2-i-niedersachsen\\\/\"},{\"@type\":\"ListItem\",\"position\":2,\"name\":\"Med autocamperen til Wolfenb\u00fcttel\"}]},{\"@type\":\"WebSite\",\"@id\":\"https:\\\/\\\/9staedte.de\\\/da\\\/#website\",\"url\":\"https:\\\/\\\/9staedte.de\\\/da\\\/\",\"name\":\"9 St\u00e4dte in Niedersachsen\",\"description\":\"\",\"publisher\":{\"@id\":\"https:\\\/\\\/9staedte.de\\\/da\\\/#organization\"},\"potentialAction\":[{\"@type\":\"SearchAction\",\"target\":{\"@type\":\"EntryPoint\",\"urlTemplate\":\"https:\\\/\\\/9staedte.de\\\/da\\\/?s={search_term_string}\"},\"query-input\":{\"@type\":\"PropertyValueSpecification\",\"valueRequired\":true,\"valueName\":\"search_term_string\"}}],\"inLanguage\":\"da-DK\"},{\"@type\":\"Organization\",\"@id\":\"https:\\\/\\\/9staedte.de\\\/da\\\/#organization\",\"name\":\"9 St\u00e4dte in Niedersachsen\",\"url\":\"https:\\\/\\\/9staedte.de\\\/da\\\/\",\"logo\":{\"@type\":\"ImageObject\",\"inLanguage\":\"da-DK\",\"@id\":\"https:\\\/\\\/9staedte.de\\\/da\\\/#\\\/schema\\\/logo\\\/image\\\/\",\"url\":\"https:\\\/\\\/9staedte.de\\\/wp-content\\\/uploads\\\/2025\\\/01\\\/9-neg-deutsch-2-1.png\",\"contentUrl\":\"https:\\\/\\\/9staedte.de\\\/wp-content\\\/uploads\\\/2025\\\/01\\\/9-neg-deutsch-2-1.png\",\"width\":190,\"height\":114,\"caption\":\"9 St\u00e4dte in Niedersachsen\"},\"image\":{\"@id\":\"https:\\\/\\\/9staedte.de\\\/da\\\/#\\\/schema\\\/logo\\\/image\\\/\"}}]}<\/script>\n<!-- \/ Yoast SEO plugin. -->","yoast_head_json":{"title":"Med autocamperen til Wolfenb\u00fcttel - 9 St\u00e4dte in Niedersachsen","robots":{"index":"index","follow":"follow","max-snippet":"max-snippet:-1","max-image-preview":"max-image-preview:large","max-video-preview":"max-video-preview:-1"},"canonical":"https:\/\/9staedte.de\/da\/wolfenbuettel-lessings-by\/mit-dem-wohnmobil-nach-wolfenbuettel\/","og_locale":"da_DK","og_type":"article","og_title":"Med autocamperen til Wolfenb\u00fcttel - 9 St\u00e4dte in Niedersachsen","og_description":"Wolfenb\u00fcttel autocamperpark Den komfortable autocamperplads Wolfenb\u00fcttel ***** ligger idyllisk ved Oker-flodens bredder og er \u00e5ben hele \u00e5ret. I alt 40 rummelige parkeringspladser inviterer dig til at blive h\u00e6ngende. Pladserne er udstyret med el-tilslutning, og der er gratis adgang til en sanitetsblok med brusere, en praktisk station til gr\u00e5t\/frisk vand og toiletkassetten. P\u00e5 dejlige dage kan [&hellip;]","og_url":"https:\/\/9staedte.de\/da\/wolfenbuettel-lessings-by\/mit-dem-wohnmobil-nach-wolfenbuettel\/","og_site_name":"9 St\u00e4dte in Niedersachsen","article_modified_time":"2024-06-14T12:28:15+00:00","og_image":[{"width":1020,"height":565,"url":"https:\/\/9staedte.de\/wp-content\/uploads\/2024\/06\/Wohnmobilstellplatz-Wolfenbuettel-\u00a9-Flyingarms.de-CC-0.jpg","type":"image\/jpeg"}],"twitter_card":"summary_large_image","twitter_misc":{"Estimeret l\u00e6setid":"2 minutter"},"schema":{"@context":"https:\/\/schema.org","@graph":[{"@type":"WebPage","@id":"https:\/\/9staedte.de\/da\/wolfenbuettel-lessings-by\/mit-dem-wohnmobil-nach-wolfenbuettel\/","url":"https:\/\/9staedte.de\/da\/wolfenbuettel-lessings-by\/mit-dem-wohnmobil-nach-wolfenbuettel\/","name":"Med autocamperen til Wolfenb\u00fcttel - 9 St\u00e4dte in Niedersachsen","isPartOf":{"@id":"https:\/\/9staedte.de\/da\/#website"},"primaryImageOfPage":{"@id":"https:\/\/9staedte.de\/da\/wolfenbuettel-lessings-by\/mit-dem-wohnmobil-nach-wolfenbuettel\/#primaryimage"},"image":{"@id":"https:\/\/9staedte.de\/da\/wolfenbuettel-lessings-by\/mit-dem-wohnmobil-nach-wolfenbuettel\/#primaryimage"},"thumbnailUrl":"https:\/\/9staedte.de\/wp-content\/uploads\/2024\/06\/Wohnmobilstellplatz-Wolfenbuettel-\u00a9-Flyingarms.de-CC-0.jpg","datePublished":"2024-06-14T12:27:02+00:00","dateModified":"2024-06-14T12:28:15+00:00","breadcrumb":{"@id":"https:\/\/9staedte.de\/da\/wolfenbuettel-lessings-by\/mit-dem-wohnmobil-nach-wolfenbuettel\/#breadcrumb"},"inLanguage":"da-DK","potentialAction":[{"@type":"ReadAction","target":["https:\/\/9staedte.de\/da\/wolfenbuettel-lessings-by\/mit-dem-wohnmobil-nach-wolfenbuettel\/"]}]},{"@type":"ImageObject","inLanguage":"da-DK","@id":"https:\/\/9staedte.de\/da\/wolfenbuettel-lessings-by\/mit-dem-wohnmobil-nach-wolfenbuettel\/#primaryimage","url":"https:\/\/9staedte.de\/wp-content\/uploads\/2024\/06\/Wohnmobilstellplatz-Wolfenbuettel-\u00a9-Flyingarms.de-CC-0.jpg","contentUrl":"https:\/\/9staedte.de\/wp-content\/uploads\/2024\/06\/Wohnmobilstellplatz-Wolfenbuettel-\u00a9-Flyingarms.de-CC-0.jpg","width":1020,"height":565,"caption":"Wohnmobilstellplatz Wolfenb\u00fcttel \u00a9 Flyingarms.de (CC-0)"},{"@type":"BreadcrumbList","@id":"https:\/\/9staedte.de\/da\/wolfenbuettel-lessings-by\/mit-dem-wohnmobil-nach-wolfenbuettel\/#breadcrumb","itemListElement":[{"@type":"ListItem","position":1,"name":"Startseite","item":"https:\/\/9staedte.de\/da\/hjem-9-byer-2-i-niedersachsen\/"},{"@type":"ListItem","position":2,"name":"Med autocamperen til Wolfenb\u00fcttel"}]},{"@type":"WebSite","@id":"https:\/\/9staedte.de\/da\/#website","url":"https:\/\/9staedte.de\/da\/","name":"9 St\u00e4dte in Niedersachsen","description":"","publisher":{"@id":"https:\/\/9staedte.de\/da\/#organization"},"potentialAction":[{"@type":"SearchAction","target":{"@type":"EntryPoint","urlTemplate":"https:\/\/9staedte.de\/da\/?s={search_term_string}"},"query-input":{"@type":"PropertyValueSpecification","valueRequired":true,"valueName":"search_term_string"}}],"inLanguage":"da-DK"},{"@type":"Organization","@id":"https:\/\/9staedte.de\/da\/#organization","name":"9 St\u00e4dte in Niedersachsen","url":"https:\/\/9staedte.de\/da\/","logo":{"@type":"ImageObject","inLanguage":"da-DK","@id":"https:\/\/9staedte.de\/da\/#\/schema\/logo\/image\/","url":"https:\/\/9staedte.de\/wp-content\/uploads\/2025\/01\/9-neg-deutsch-2-1.png","contentUrl":"https:\/\/9staedte.de\/wp-content\/uploads\/2025\/01\/9-neg-deutsch-2-1.png","width":190,"height":114,"caption":"9 St\u00e4dte in Niedersachsen"},"image":{"@id":"https:\/\/9staedte.de\/da\/#\/schema\/logo\/image\/"}}]}},"_links":{"self":[{"href":"https:\/\/9staedte.de\/da\/wp-json\/wp\/v2\/pages\/22728","targetHints":{"allow":["GET"]}}],"collection":[{"href":"https:\/\/9staedte.de\/da\/wp-json\/wp\/v2\/pages"}],"about":[{"href":"https:\/\/9staedte.de\/da\/wp-json\/wp\/v2\/types\/page"}],"author":[{"embeddable":true,"href":"https:\/\/9staedte.de\/da\/wp-json\/wp\/v2\/users\/6"}],"replies":[{"embeddable":true,"href":"https:\/\/9staedte.de\/da\/wp-json\/wp\/v2\/comments?post=22728"}],"version-history":[{"count":2,"href":"https:\/\/9staedte.de\/da\/wp-json\/wp\/v2\/pages\/22728\/revisions"}],"predecessor-version":[{"id":22736,"href":"https:\/\/9staedte.de\/da\/wp-json\/wp\/v2\/pages\/22728\/revisions\/22736"}],"up":[{"embeddable":true,"href":"https:\/\/9staedte.de\/da\/wp-json\/wp\/v2\/pages\/12700"}],"wp:featuredmedia":[{"embeddable":true,"href":"https:\/\/9staedte.de\/da\/wp-json\/wp\/v2\/media\/22712"}],"wp:attachment":[{"href":"https:\/\/9staedte.de\/da\/wp-json\/wp\/v2\/media?parent=22728"}],"wp:term":[{"taxonomy":"category","embeddable":true,"href":"https:\/\/9staedte.de\/da\/wp-json\/wp\/v2\/categories?post=22728"},{"taxonomy":"post_tag","embeddable":true,"href":"https:\/\/9staedte.de\/da\/wp-json\/wp\/v2\/tags?post=22728"},{"taxonomy":"ncap_cities_tax","embeddable":true,"href":"https:\/\/9staedte.de\/da\/wp-json\/wp\/v2\/ncap_cities_tax?post=22728"}],"curies":[{"name":"wp","href":"https:\/\/api.w.org\/{rel}","templated":true}]}}