{"id":22689,"date":"2024-06-14T13:27:25","date_gmt":"2024-06-14T11:27:25","guid":{"rendered":"https:\/\/9staedte.de\/mit-dem-wohnmobil-nach-hildesheim\/"},"modified":"2024-06-14T13:28:32","modified_gmt":"2024-06-14T11:28:32","slug":"mit-dem-wohnmobil-nach-hildesheim","status":"publish","type":"page","link":"https:\/\/9staedte.de\/da\/hildesheim-by-paa-unescos-verdensarvsliste\/mit-dem-wohnmobil-nach-hildesheim\/","title":{"rendered":"Med autocamperen til Hildesheim"},"content":{"rendered":"\n<h2 class=\"wp-block-heading\">Udforsk byen, der er p\u00e5 UNESCO&#8217;s verdensarvsliste<\/h2>\n\n<p>Parkeringspladsen er smukt beliggende p\u00e5 den \u00f8stlige bred af Hohnsensee-s\u00f8en i Hildesheim, med gode forbindelser til motorvejen via B1 og B6. Du kan bo der gratis i op til to n\u00e6tter i landskabet lige ved vandet. Den historiske bymidte ligger kun et stenkast v\u00e6k. Du kan starte en cykeltur langs den maleriske flod Innerste direkte fra pladsen eller nyde en k\u00f8lig drink med f\u00f8dderne i sandet under palmerne ved den n\u00e6rliggende udend\u00f8rs pool JoWiese.<\/p>\n\n<p>Lidt l\u00e6ngere v\u00e6k fra Hildesheims centrum, men meget t\u00e6t p\u00e5 motorvej A7, ligger den enkle parkeringsplads ved Berliner Kreisel-rundk\u00f8rslen, som er velegnet til et kort ophold takket v\u00e6re n\u00e6rheden til restauranter og et busstoppested p\u00e5 linje 5, som f\u00f8rer til byens centrum.<\/p>\n\n<figure class=\"wp-block-image size-full\"><img loading=\"lazy\" decoding=\"async\" width=\"1020\" height=\"561\" src=\"https:\/\/9staedte.de\/wp-content\/smush-webp\/2024\/06\/Wohnmobilstellplatz-Hohnsensee-CC0.jpg.webp\" alt=\"Campingplads Hohnsensee CC0\" class=\"wp-image-22680\" srcset=\"https:\/\/9staedte.de\/wp-content\/smush-webp\/2024\/06\/Wohnmobilstellplatz-Hohnsensee-CC0.jpg.webp 1020w, https:\/\/9staedte.de\/wp-content\/smush-webp\/2024\/06\/Wohnmobilstellplatz-Hohnsensee-CC0-300x165.jpg.webp 300w, https:\/\/9staedte.de\/wp-content\/smush-webp\/2024\/06\/Wohnmobilstellplatz-Hohnsensee-CC0-768x422.jpg.webp 768w\" sizes=\"auto, (max-width: 1020px) 100vw, 1020px\" \/><figcaption class=\"wp-element-caption\">Campingplads Hohnsensee CC0<\/figcaption><\/figure>\n\n<p><a href=\"https:\/\/www.hildesheim-tourismus.de\/anreise\/wohnmobil\">Mere information om autocampere og camping i Hildesheim:<\/a><\/p>\n\n <div class=\"brlbs-cmpnt-container brlbs-cmpnt-content-blocker brlbs-cmpnt-with-individual-styles\" data-borlabs-cookie-content-blocker-id=\"google-maps\" data-borlabs-cookie-content=\"PGlmcmFtZSBzcmM9Imh0dHBzOi8vd3d3Lmdvb2dsZS5jb20vbWFwcy9kL2VtYmVkP21pZD0xeTFiZmtOeWw4WnhyZzJJd3hlQU1nZjBjM1pRbDhLRSZlaGJjPTJFMzEyRiIgd2lkdGg9IjY0MCIgaGVpZ2h0PSI0ODAiPjwvaWZyYW1lPg==\"><div class=\"brlbs-cmpnt-cb-preset-b brlbs-cmpnt-cb-google-maps\"> <div class=\"brlbs-cmpnt-cb-thumbnail\" style=\"background-image: url('https:\/\/9staedte.de\/wp-content\/uploads\/borlabs-cookie\/1\/brlbs-cb-google-maps-main.png')\"><\/div> <div class=\"brlbs-cmpnt-cb-main\"> <div class=\"brlbs-cmpnt-cb-content\"> <p class=\"brlbs-cmpnt-cb-description\">You are currently viewing a placeholder content from <strong>Google Maps<\/strong>. To access the actual content, click the button below. Please note that doing so will share data with third-party providers.<\/p> <a class=\"brlbs-cmpnt-cb-provider-toggle\" href=\"#\" data-borlabs-cookie-show-provider-information role=\"button\">More Information<\/a> <\/div> <div class=\"brlbs-cmpnt-cb-buttons\"> <a class=\"brlbs-cmpnt-cb-btn\" href=\"#\" data-borlabs-cookie-unblock role=\"button\">Unblock content<\/a> <a class=\"brlbs-cmpnt-cb-btn\" href=\"#\" data-borlabs-cookie-accept-service role=\"button\" style=\"display: inherit\">Accept required service and unblock content<\/a> <\/div> <\/div> <\/div><\/div>\n\n<h2 class=\"wp-block-heading\">9 tips til autocamperrejsende i Hildesheim<\/h2>\n\n<figure class=\"wp-block-table\"><table><tbody><tr><td>1. en cykeltur langs Innerste til <a href=\"https:\/\/www.facebook.com\/p\/Hofcaf%C3%A9-Dom%C3%A4ne-Marienburg-100063732454567\/?locale=de_DE\">g\u00e5rdcafeen Dom\u00e4ne Marienburg<\/a> <br\/>2. Kombiner din autocampertur med et <a href=\"https:\/\/www.hildesheim-tourismus.de\/veranstaltungen\">h\u00f8jdepunkt<\/a> i Hildesheim: fra vinfestival til jazztid, fra s\u00f8festival ved Hohnsen til fortovsmagi  <br\/>3. Udforsk Hildesheims centrum: en kop kaffe p\u00e5 den historiske markedsplads, panoramaudsigten fra Andreaskirkens t\u00e5rn og UNESCOs verdensarvskirker St Mary&#8217;s Cathedral og St Michael&#8217;s er et must!<br\/>4. Oplev Hildesheims museer: <a href=\"https:\/\/www.hildesheim-tourismus.de\/poi\/dommuseum-hildesheim\">Dommseum<\/a> med katedralens skatkammer og Tysklands n\u00e6stst\u00f8rste egyptologiske samling i <a href=\"https:\/\/www.hildesheim-tourismus.de\/poi\/roemer-und-pelizaeus-museum\">Roemer- og Pelizaeus-museet<\/a>. <br\/>5. Udforsk byerne i regionen fra din autocamper: f.eks. <a href=\"https:\/\/www.hildesheim-tourismus.de\/ausflugsziele-in-der-region\/kurort-bad-salzdetfurth\">kurbyen Bad Salzdetfurth<\/a> eller <a href=\"https:\/\/www.hildesheim-tourismus.de\/poi\/kloster-und-klosterpark-lamspringe\">Lamspringe kloster og klosterpark<\/a>. <br\/>6. En udflugt til <a href=\"https:\/\/www.hildesheim-tourismus.de\/poi\/unesco-welterbe-fagus-werk\">UNESCO-verdensarvstedet Fagus Factory<\/a> i Alfeld  <br\/>7. En tur til Holle til <a href=\"https:\/\/www.hildesheim-tourismus.de\/poi\/kunstmuseum-schloss-derneburg\">kunstmuseet Derneburg Slot<\/a>, efterfulgt af en kort vandretur langs Laves Kultursti og kaffe og kage i Holle Glashus.  <br\/>8. Plask rundt og lig i solen ved <a href=\"https:\/\/jo-wiese.de\/\">JoWiese-stranden<\/a> og den udend\u00f8rs pool &#8211; se over 300 dyr i det n\u00e6rliggende vildtreservat, der d\u00e6kker ca. 60.000 m\u00b2.  <br\/>9. Lad hundene l\u00f8be uden snor: I <a href=\"https:\/\/www.stadt-hildesheim.de\/portal\/seiten\/hundefreilaufflaechen-900000562-33610.html\">overl\u00f8bsbassinet<\/a> ved Hohnsensee, som ligger t\u00e6t p\u00e5 banen, kan hundene g\u00e5 uden snor hele \u00e5ret rundt og f\u00e5 en god l\u00f8betur p\u00e5 det gr\u00f8nne omr\u00e5de.<\/td><\/tr><\/tbody><\/table><\/figure>\n","protected":false},"excerpt":{"rendered":"<p>Udforsk byen, der er p\u00e5 UNESCO&#8217;s verdensarvsliste Parkeringspladsen er smukt beliggende p\u00e5 den \u00f8stlige bred af Hohnsensee-s\u00f8en i Hildesheim, med gode forbindelser til motorvejen via B1 og B6. Du kan bo der gratis i op til to n\u00e6tter i landskabet lige ved vandet. Den historiske bymidte ligger kun et stenkast v\u00e6k. Du kan starte en [&hellip;]<\/p>\n","protected":false},"author":6,"featured_media":22673,"parent":12668,"menu_order":0,"comment_status":"closed","ping_status":"closed","template":"","meta":{"_acf_changed":false,"footnotes":""},"categories":[],"tags":[],"ncap_cities_tax":[462,1433],"class_list":["post-22689","page","type-page","status-publish","has-post-thumbnail","hentry","ncap_cities_tax-hildesheim-da","ncap_cities_tax-reisemobilstellplatze-hildesheim-da"],"acf":[],"yoast_head":"<!-- This site is optimized with the Yoast SEO plugin v27.4 - https:\/\/yoast.com\/product\/yoast-seo-wordpress\/ -->\n<title>Med autocamperen til Hildesheim - 9 St\u00e4dte in Niedersachsen<\/title>\n<meta name=\"robots\" content=\"index, follow, max-snippet:-1, max-image-preview:large, max-video-preview:-1\" \/>\n<link rel=\"canonical\" href=\"https:\/\/9staedte.de\/da\/hildesheim-by-paa-unescos-verdensarvsliste\/mit-dem-wohnmobil-nach-hildesheim\/\" \/>\n<meta property=\"og:locale\" content=\"da_DK\" \/>\n<meta property=\"og:type\" content=\"article\" \/>\n<meta property=\"og:title\" content=\"Med autocamperen til Hildesheim - 9 St\u00e4dte in Niedersachsen\" \/>\n<meta property=\"og:description\" content=\"Udforsk byen, der er p\u00e5 UNESCO&#8217;s verdensarvsliste Parkeringspladsen er smukt beliggende p\u00e5 den \u00f8stlige bred af Hohnsensee-s\u00f8en i Hildesheim, med gode forbindelser til motorvejen via B1 og B6. Du kan bo der gratis i op til to n\u00e6tter i landskabet lige ved vandet. Den historiske bymidte ligger kun et stenkast v\u00e6k. Du kan starte en [&hellip;]\" \/>\n<meta property=\"og:url\" content=\"https:\/\/9staedte.de\/da\/hildesheim-by-paa-unescos-verdensarvsliste\/mit-dem-wohnmobil-nach-hildesheim\/\" \/>\n<meta property=\"og:site_name\" content=\"9 St\u00e4dte in Niedersachsen\" \/>\n<meta property=\"article:modified_time\" content=\"2024-06-14T11:28:32+00:00\" \/>\n<meta property=\"og:image\" content=\"https:\/\/9staedte.de\/wp-content\/uploads\/2024\/06\/Hildesheim-Mariendom_Foto-Max-Wiesenbach-CC-BY-min.jpg\" \/>\n\t<meta property=\"og:image:width\" content=\"1019\" \/>\n\t<meta property=\"og:image:height\" content=\"559\" \/>\n\t<meta property=\"og:image:type\" content=\"image\/jpeg\" \/>\n<meta name=\"twitter:card\" content=\"summary_large_image\" \/>\n<meta name=\"twitter:label1\" content=\"Estimeret l\u00e6setid\" \/>\n\t<meta name=\"twitter:data1\" content=\"3 minutter\" \/>\n<script type=\"application\/ld+json\" class=\"yoast-schema-graph\">{\"@context\":\"https:\\\/\\\/schema.org\",\"@graph\":[{\"@type\":\"WebPage\",\"@id\":\"https:\\\/\\\/9staedte.de\\\/da\\\/hildesheim-by-paa-unescos-verdensarvsliste\\\/mit-dem-wohnmobil-nach-hildesheim\\\/\",\"url\":\"https:\\\/\\\/9staedte.de\\\/da\\\/hildesheim-by-paa-unescos-verdensarvsliste\\\/mit-dem-wohnmobil-nach-hildesheim\\\/\",\"name\":\"Med autocamperen til Hildesheim - 9 St\u00e4dte in Niedersachsen\",\"isPartOf\":{\"@id\":\"https:\\\/\\\/9staedte.de\\\/da\\\/#website\"},\"primaryImageOfPage\":{\"@id\":\"https:\\\/\\\/9staedte.de\\\/da\\\/hildesheim-by-paa-unescos-verdensarvsliste\\\/mit-dem-wohnmobil-nach-hildesheim\\\/#primaryimage\"},\"image\":{\"@id\":\"https:\\\/\\\/9staedte.de\\\/da\\\/hildesheim-by-paa-unescos-verdensarvsliste\\\/mit-dem-wohnmobil-nach-hildesheim\\\/#primaryimage\"},\"thumbnailUrl\":\"https:\\\/\\\/9staedte.de\\\/wp-content\\\/uploads\\\/2024\\\/06\\\/Hildesheim-Mariendom_Foto-Max-Wiesenbach-CC-BY-min.jpg\",\"datePublished\":\"2024-06-14T11:27:25+00:00\",\"dateModified\":\"2024-06-14T11:28:32+00:00\",\"breadcrumb\":{\"@id\":\"https:\\\/\\\/9staedte.de\\\/da\\\/hildesheim-by-paa-unescos-verdensarvsliste\\\/mit-dem-wohnmobil-nach-hildesheim\\\/#breadcrumb\"},\"inLanguage\":\"da-DK\",\"potentialAction\":[{\"@type\":\"ReadAction\",\"target\":[\"https:\\\/\\\/9staedte.de\\\/da\\\/hildesheim-by-paa-unescos-verdensarvsliste\\\/mit-dem-wohnmobil-nach-hildesheim\\\/\"]}]},{\"@type\":\"ImageObject\",\"inLanguage\":\"da-DK\",\"@id\":\"https:\\\/\\\/9staedte.de\\\/da\\\/hildesheim-by-paa-unescos-verdensarvsliste\\\/mit-dem-wohnmobil-nach-hildesheim\\\/#primaryimage\",\"url\":\"https:\\\/\\\/9staedte.de\\\/wp-content\\\/uploads\\\/2024\\\/06\\\/Hildesheim-Mariendom_Foto-Max-Wiesenbach-CC-BY-min.jpg\",\"contentUrl\":\"https:\\\/\\\/9staedte.de\\\/wp-content\\\/uploads\\\/2024\\\/06\\\/Hildesheim-Mariendom_Foto-Max-Wiesenbach-CC-BY-min.jpg\",\"width\":1019,\"height\":559,\"caption\":\"Hildesheim Mariendom_Foto Max Wiesenbach (CC-BY)-min\"},{\"@type\":\"BreadcrumbList\",\"@id\":\"https:\\\/\\\/9staedte.de\\\/da\\\/hildesheim-by-paa-unescos-verdensarvsliste\\\/mit-dem-wohnmobil-nach-hildesheim\\\/#breadcrumb\",\"itemListElement\":[{\"@type\":\"ListItem\",\"position\":1,\"name\":\"Startseite\",\"item\":\"https:\\\/\\\/9staedte.de\\\/da\\\/hjem-9-byer-2-i-niedersachsen\\\/\"},{\"@type\":\"ListItem\",\"position\":2,\"name\":\"Med autocamperen til Hildesheim\"}]},{\"@type\":\"WebSite\",\"@id\":\"https:\\\/\\\/9staedte.de\\\/da\\\/#website\",\"url\":\"https:\\\/\\\/9staedte.de\\\/da\\\/\",\"name\":\"9 St\u00e4dte in Niedersachsen\",\"description\":\"\",\"publisher\":{\"@id\":\"https:\\\/\\\/9staedte.de\\\/da\\\/#organization\"},\"potentialAction\":[{\"@type\":\"SearchAction\",\"target\":{\"@type\":\"EntryPoint\",\"urlTemplate\":\"https:\\\/\\\/9staedte.de\\\/da\\\/?s={search_term_string}\"},\"query-input\":{\"@type\":\"PropertyValueSpecification\",\"valueRequired\":true,\"valueName\":\"search_term_string\"}}],\"inLanguage\":\"da-DK\"},{\"@type\":\"Organization\",\"@id\":\"https:\\\/\\\/9staedte.de\\\/da\\\/#organization\",\"name\":\"9 St\u00e4dte in Niedersachsen\",\"url\":\"https:\\\/\\\/9staedte.de\\\/da\\\/\",\"logo\":{\"@type\":\"ImageObject\",\"inLanguage\":\"da-DK\",\"@id\":\"https:\\\/\\\/9staedte.de\\\/da\\\/#\\\/schema\\\/logo\\\/image\\\/\",\"url\":\"https:\\\/\\\/9staedte.de\\\/wp-content\\\/uploads\\\/2025\\\/01\\\/9-neg-deutsch-2-1.png\",\"contentUrl\":\"https:\\\/\\\/9staedte.de\\\/wp-content\\\/uploads\\\/2025\\\/01\\\/9-neg-deutsch-2-1.png\",\"width\":190,\"height\":114,\"caption\":\"9 St\u00e4dte in Niedersachsen\"},\"image\":{\"@id\":\"https:\\\/\\\/9staedte.de\\\/da\\\/#\\\/schema\\\/logo\\\/image\\\/\"}}]}<\/script>\n<!-- \/ Yoast SEO plugin. -->","yoast_head_json":{"title":"Med autocamperen til Hildesheim - 9 St\u00e4dte in Niedersachsen","robots":{"index":"index","follow":"follow","max-snippet":"max-snippet:-1","max-image-preview":"max-image-preview:large","max-video-preview":"max-video-preview:-1"},"canonical":"https:\/\/9staedte.de\/da\/hildesheim-by-paa-unescos-verdensarvsliste\/mit-dem-wohnmobil-nach-hildesheim\/","og_locale":"da_DK","og_type":"article","og_title":"Med autocamperen til Hildesheim - 9 St\u00e4dte in Niedersachsen","og_description":"Udforsk byen, der er p\u00e5 UNESCO&#8217;s verdensarvsliste Parkeringspladsen er smukt beliggende p\u00e5 den \u00f8stlige bred af Hohnsensee-s\u00f8en i Hildesheim, med gode forbindelser til motorvejen via B1 og B6. Du kan bo der gratis i op til to n\u00e6tter i landskabet lige ved vandet. Den historiske bymidte ligger kun et stenkast v\u00e6k. Du kan starte en [&hellip;]","og_url":"https:\/\/9staedte.de\/da\/hildesheim-by-paa-unescos-verdensarvsliste\/mit-dem-wohnmobil-nach-hildesheim\/","og_site_name":"9 St\u00e4dte in Niedersachsen","article_modified_time":"2024-06-14T11:28:32+00:00","og_image":[{"width":1019,"height":559,"url":"https:\/\/9staedte.de\/wp-content\/uploads\/2024\/06\/Hildesheim-Mariendom_Foto-Max-Wiesenbach-CC-BY-min.jpg","type":"image\/jpeg"}],"twitter_card":"summary_large_image","twitter_misc":{"Estimeret l\u00e6setid":"3 minutter"},"schema":{"@context":"https:\/\/schema.org","@graph":[{"@type":"WebPage","@id":"https:\/\/9staedte.de\/da\/hildesheim-by-paa-unescos-verdensarvsliste\/mit-dem-wohnmobil-nach-hildesheim\/","url":"https:\/\/9staedte.de\/da\/hildesheim-by-paa-unescos-verdensarvsliste\/mit-dem-wohnmobil-nach-hildesheim\/","name":"Med autocamperen til Hildesheim - 9 St\u00e4dte in Niedersachsen","isPartOf":{"@id":"https:\/\/9staedte.de\/da\/#website"},"primaryImageOfPage":{"@id":"https:\/\/9staedte.de\/da\/hildesheim-by-paa-unescos-verdensarvsliste\/mit-dem-wohnmobil-nach-hildesheim\/#primaryimage"},"image":{"@id":"https:\/\/9staedte.de\/da\/hildesheim-by-paa-unescos-verdensarvsliste\/mit-dem-wohnmobil-nach-hildesheim\/#primaryimage"},"thumbnailUrl":"https:\/\/9staedte.de\/wp-content\/uploads\/2024\/06\/Hildesheim-Mariendom_Foto-Max-Wiesenbach-CC-BY-min.jpg","datePublished":"2024-06-14T11:27:25+00:00","dateModified":"2024-06-14T11:28:32+00:00","breadcrumb":{"@id":"https:\/\/9staedte.de\/da\/hildesheim-by-paa-unescos-verdensarvsliste\/mit-dem-wohnmobil-nach-hildesheim\/#breadcrumb"},"inLanguage":"da-DK","potentialAction":[{"@type":"ReadAction","target":["https:\/\/9staedte.de\/da\/hildesheim-by-paa-unescos-verdensarvsliste\/mit-dem-wohnmobil-nach-hildesheim\/"]}]},{"@type":"ImageObject","inLanguage":"da-DK","@id":"https:\/\/9staedte.de\/da\/hildesheim-by-paa-unescos-verdensarvsliste\/mit-dem-wohnmobil-nach-hildesheim\/#primaryimage","url":"https:\/\/9staedte.de\/wp-content\/uploads\/2024\/06\/Hildesheim-Mariendom_Foto-Max-Wiesenbach-CC-BY-min.jpg","contentUrl":"https:\/\/9staedte.de\/wp-content\/uploads\/2024\/06\/Hildesheim-Mariendom_Foto-Max-Wiesenbach-CC-BY-min.jpg","width":1019,"height":559,"caption":"Hildesheim Mariendom_Foto Max Wiesenbach (CC-BY)-min"},{"@type":"BreadcrumbList","@id":"https:\/\/9staedte.de\/da\/hildesheim-by-paa-unescos-verdensarvsliste\/mit-dem-wohnmobil-nach-hildesheim\/#breadcrumb","itemListElement":[{"@type":"ListItem","position":1,"name":"Startseite","item":"https:\/\/9staedte.de\/da\/hjem-9-byer-2-i-niedersachsen\/"},{"@type":"ListItem","position":2,"name":"Med autocamperen til Hildesheim"}]},{"@type":"WebSite","@id":"https:\/\/9staedte.de\/da\/#website","url":"https:\/\/9staedte.de\/da\/","name":"9 St\u00e4dte in Niedersachsen","description":"","publisher":{"@id":"https:\/\/9staedte.de\/da\/#organization"},"potentialAction":[{"@type":"SearchAction","target":{"@type":"EntryPoint","urlTemplate":"https:\/\/9staedte.de\/da\/?s={search_term_string}"},"query-input":{"@type":"PropertyValueSpecification","valueRequired":true,"valueName":"search_term_string"}}],"inLanguage":"da-DK"},{"@type":"Organization","@id":"https:\/\/9staedte.de\/da\/#organization","name":"9 St\u00e4dte in Niedersachsen","url":"https:\/\/9staedte.de\/da\/","logo":{"@type":"ImageObject","inLanguage":"da-DK","@id":"https:\/\/9staedte.de\/da\/#\/schema\/logo\/image\/","url":"https:\/\/9staedte.de\/wp-content\/uploads\/2025\/01\/9-neg-deutsch-2-1.png","contentUrl":"https:\/\/9staedte.de\/wp-content\/uploads\/2025\/01\/9-neg-deutsch-2-1.png","width":190,"height":114,"caption":"9 St\u00e4dte in Niedersachsen"},"image":{"@id":"https:\/\/9staedte.de\/da\/#\/schema\/logo\/image\/"}}]}},"_links":{"self":[{"href":"https:\/\/9staedte.de\/da\/wp-json\/wp\/v2\/pages\/22689","targetHints":{"allow":["GET"]}}],"collection":[{"href":"https:\/\/9staedte.de\/da\/wp-json\/wp\/v2\/pages"}],"about":[{"href":"https:\/\/9staedte.de\/da\/wp-json\/wp\/v2\/types\/page"}],"author":[{"embeddable":true,"href":"https:\/\/9staedte.de\/da\/wp-json\/wp\/v2\/users\/6"}],"replies":[{"embeddable":true,"href":"https:\/\/9staedte.de\/da\/wp-json\/wp\/v2\/comments?post=22689"}],"version-history":[{"count":2,"href":"https:\/\/9staedte.de\/da\/wp-json\/wp\/v2\/pages\/22689\/revisions"}],"predecessor-version":[{"id":22697,"href":"https:\/\/9staedte.de\/da\/wp-json\/wp\/v2\/pages\/22689\/revisions\/22697"}],"up":[{"embeddable":true,"href":"https:\/\/9staedte.de\/da\/wp-json\/wp\/v2\/pages\/12668"}],"wp:featuredmedia":[{"embeddable":true,"href":"https:\/\/9staedte.de\/da\/wp-json\/wp\/v2\/media\/22673"}],"wp:attachment":[{"href":"https:\/\/9staedte.de\/da\/wp-json\/wp\/v2\/media?parent=22689"}],"wp:term":[{"taxonomy":"category","embeddable":true,"href":"https:\/\/9staedte.de\/da\/wp-json\/wp\/v2\/categories?post=22689"},{"taxonomy":"post_tag","embeddable":true,"href":"https:\/\/9staedte.de\/da\/wp-json\/wp\/v2\/tags?post=22689"},{"taxonomy":"ncap_cities_tax","embeddable":true,"href":"https:\/\/9staedte.de\/da\/wp-json\/wp\/v2\/ncap_cities_tax?post=22689"}],"curies":[{"name":"wp","href":"https:\/\/api.w.org\/{rel}","templated":true}]}}