{"id":22607,"date":"2024-06-14T12:15:12","date_gmt":"2024-06-14T10:15:12","guid":{"rendered":"https:\/\/9staedte.de\/med-autocamperen-til-hameln\/"},"modified":"2024-07-04T14:11:31","modified_gmt":"2024-07-04T12:11:31","slug":"med-autocamperen-til-hameln","status":"publish","type":"page","link":"https:\/\/9staedte.de\/da\/hameln-den-legendariske-rottefaengerby\/med-autocamperen-til-hameln\/","title":{"rendered":"Med autocamperen til Hameln"},"content":{"rendered":"\n<h2 class=\"wp-block-heading\">Pladser med udsigt over Weser<\/h2>\n\n<p>Hameln ligger til venstre og h\u00f8jre for Weser, indlejret i de b\u00f8lgende bakker i Weserbergland. Byen tiltr\u00e6kker mange bes\u00f8gende. F\u00f8rst og fremmest p\u00e5 grund af den legendariske historie, der siges at have fundet sted i Hameln, men den gamle bydel er ogs\u00e5 en rigtig publikumsmagnet.<\/p>\n\n<p>De, der rejser i autocamper, finder pladser med udsigt over Weser kun 15 minutters gang fra den gamle bydel p\u00e5 campingpladsen &#8220;Campingplatz Hameln an der Weser&#8221;.<\/p>\n\n<figure class=\"wp-block-image size-full\"><img loading=\"lazy\" decoding=\"async\" width=\"1019\" height=\"558\" src=\"https:\/\/9staedte.de\/wp-content\/smush-webp\/2024\/06\/Wohnmobile-auf-dem-Campingplatz-Hameln-an-der-Weser-c-HMT.jpg.webp\" alt=\"\" class=\"wp-image-22596\" srcset=\"https:\/\/9staedte.de\/wp-content\/smush-webp\/2024\/06\/Wohnmobile-auf-dem-Campingplatz-Hameln-an-der-Weser-c-HMT.jpg.webp 1019w, https:\/\/9staedte.de\/wp-content\/smush-webp\/2024\/06\/Wohnmobile-auf-dem-Campingplatz-Hameln-an-der-Weser-c-HMT-300x164.jpg.webp 300w, https:\/\/9staedte.de\/wp-content\/smush-webp\/2024\/06\/Wohnmobile-auf-dem-Campingplatz-Hameln-an-der-Weser-c-HMT-768x421.jpg.webp 768w\" sizes=\"auto, (max-width: 1019px) 100vw, 1019px\" \/><\/figure>\n\n<p><a href=\"https:\/\/www.campingplatz-hameln.de\/camping\">Her finder du alle oplysninger om campingpladsen Hameln an der Weser<\/a><\/p>\n\n <div class=\"brlbs-cmpnt-container brlbs-cmpnt-content-blocker brlbs-cmpnt-with-individual-styles\" data-borlabs-cookie-content-blocker-id=\"google-maps\" data-borlabs-cookie-content=\"PGlmcmFtZSBzcmM9Imh0dHBzOi8vd3d3Lmdvb2dsZS5jb20vbWFwcy9kL2VtYmVkP21pZD0xRWtkdV9LczNzSDluSVFfWVl2Y091S1ltN2lIZlNNZyZlaGJjPTJFMzEyRiIgd2lkdGg9IjY0MCIgaGVpZ2h0PSI0ODAiPjwvaWZyYW1lPg==\"><div class=\"brlbs-cmpnt-cb-preset-b brlbs-cmpnt-cb-google-maps\"> <div class=\"brlbs-cmpnt-cb-thumbnail\" style=\"background-image: url('https:\/\/9staedte.de\/wp-content\/uploads\/borlabs-cookie\/1\/brlbs-cb-google-maps-main.png')\"><\/div> <div class=\"brlbs-cmpnt-cb-main\"> <div class=\"brlbs-cmpnt-cb-content\"> <p class=\"brlbs-cmpnt-cb-description\">You are currently viewing a placeholder content from <strong>Google Maps<\/strong>. To access the actual content, click the button below. Please note that doing so will share data with third-party providers.<\/p> <a class=\"brlbs-cmpnt-cb-provider-toggle\" href=\"#\" data-borlabs-cookie-show-provider-information role=\"button\">More Information<\/a> <\/div> <div class=\"brlbs-cmpnt-cb-buttons\"> <a class=\"brlbs-cmpnt-cb-btn\" href=\"#\" data-borlabs-cookie-unblock role=\"button\">Unblock content<\/a> <a class=\"brlbs-cmpnt-cb-btn\" href=\"#\" data-borlabs-cookie-accept-service role=\"button\" style=\"display: inherit\">Accept required service and unblock content<\/a> <\/div> <\/div> <\/div><\/div>\n\n<h2 class=\"wp-block-heading\"><strong>9 tips til autocamperrejsende i Hameln:<\/strong><\/h2>\n\n<ul class=\"wp-block-list\">\n<li>Byrundtur med rottef\u00e6ngeren (<a href=\"https:\/\/www.hameln.de\/de\/tourismus\/reise-erlebnisse\/erlebnisse\/erlebnisse\">Oplevelser (hameln.de<\/a>)<\/li>\n\n\n\n<li>Hamelin-museet med det mekaniske rottef\u00e6ngerteater (<a href=\"http:\/\/www.museumhameln.de\">www.museumhameln.de)<\/a><\/li>\n\n\n\n<li>Rottef\u00e6nger-dukketeater i Bryllupshuset, dagligt 13:05, 15:35 og 17:35<\/li>\n\n\n\n<li>Pied Piper friluftsspil, midt i maj til midt i september, hver s\u00f8ndag. Kl. 12.00, gratis<\/li>\n\n\n\n<li>Pied Piper musical RATS, slutningen af maj til begyndelsen af september, hver onsdag. 16:30, gratis adgang<\/li>\n\n\n\n<li>B\u00e5dture og planlagte ture med Weser-fl\u00e5den (<a href=\"http:\/\/www.flotte-weser.de\">www.flotte-weser.de)<\/a> <\/li>\n\n\n\n<li>Ugentligt marked p\u00e5 r\u00e5dhuspladsen, hver onsdag. og l\u00f8rdage fra 7:00 til 13:00<\/li>\n\n\n\n<li>Udsigt over rottef\u00e6ngerbyen fra Hamelns lokale bjerg &#8220;Kl\u00fct&#8221;<\/li>\n\n\n\n<li>Cykelture p\u00e5 Tysklands mest popul\u00e6re langdistancecykelsti, Weser-cykelstien<\/li>\n<\/ul>\n\n<p><\/p>\n","protected":false},"excerpt":{"rendered":"<p>Pladser med udsigt over Weser Hameln ligger til venstre og h\u00f8jre for Weser, indlejret i de b\u00f8lgende bakker i Weserbergland. Byen tiltr\u00e6kker mange bes\u00f8gende. F\u00f8rst og fremmest p\u00e5 grund af den legendariske historie, der siges at have fundet sted i Hameln, men den gamle bydel er ogs\u00e5 en rigtig publikumsmagnet. De, der rejser i autocamper, [&hellip;]<\/p>\n","protected":false},"author":6,"featured_media":22589,"parent":12667,"menu_order":0,"comment_status":"closed","ping_status":"closed","template":"","meta":{"_acf_changed":false,"footnotes":""},"categories":[],"tags":[],"ncap_cities_tax":[448,1419],"class_list":["post-22607","page","type-page","status-publish","has-post-thumbnail","hentry","ncap_cities_tax-hameln-da","ncap_cities_tax-reisemobilstellplatze-hameln-da"],"acf":[],"yoast_head":"<!-- This site is optimized with the Yoast SEO plugin v27.4 - https:\/\/yoast.com\/product\/yoast-seo-wordpress\/ -->\n<title>Med autocamperen til Hameln - 9 St\u00e4dte in Niedersachsen<\/title>\n<meta name=\"robots\" content=\"index, follow, max-snippet:-1, max-image-preview:large, max-video-preview:-1\" \/>\n<link rel=\"canonical\" href=\"https:\/\/9staedte.de\/da\/hameln-den-legendariske-rottefaengerby\/med-autocamperen-til-hameln\/\" \/>\n<meta property=\"og:locale\" content=\"da_DK\" \/>\n<meta property=\"og:type\" content=\"article\" \/>\n<meta property=\"og:title\" content=\"Med autocamperen til Hameln - 9 St\u00e4dte in Niedersachsen\" \/>\n<meta property=\"og:description\" content=\"Pladser med udsigt over Weser Hameln ligger til venstre og h\u00f8jre for Weser, indlejret i de b\u00f8lgende bakker i Weserbergland. Byen tiltr\u00e6kker mange bes\u00f8gende. F\u00f8rst og fremmest p\u00e5 grund af den legendariske historie, der siges at have fundet sted i Hameln, men den gamle bydel er ogs\u00e5 en rigtig publikumsmagnet. De, der rejser i autocamper, [&hellip;]\" \/>\n<meta property=\"og:url\" content=\"https:\/\/9staedte.de\/da\/hameln-den-legendariske-rottefaengerby\/med-autocamperen-til-hameln\/\" \/>\n<meta property=\"og:site_name\" content=\"9 St\u00e4dte in Niedersachsen\" \/>\n<meta property=\"article:modified_time\" content=\"2024-07-04T12:11:31+00:00\" \/>\n<meta property=\"og:image\" content=\"https:\/\/9staedte.de\/wp-content\/uploads\/2024\/06\/Altstadt-Hameln-c-Hameln-Marketing-und-Tourismus-GmbH.jpg\" \/>\n\t<meta property=\"og:image:width\" content=\"1018\" \/>\n\t<meta property=\"og:image:height\" content=\"564\" \/>\n\t<meta property=\"og:image:type\" content=\"image\/jpeg\" \/>\n<meta name=\"twitter:card\" content=\"summary_large_image\" \/>\n<meta name=\"twitter:label1\" content=\"Estimeret l\u00e6setid\" \/>\n\t<meta name=\"twitter:data1\" content=\"1 minut\" \/>\n<script type=\"application\/ld+json\" class=\"yoast-schema-graph\">{\"@context\":\"https:\\\/\\\/schema.org\",\"@graph\":[{\"@type\":\"WebPage\",\"@id\":\"https:\\\/\\\/9staedte.de\\\/da\\\/hameln-den-legendariske-rottefaengerby\\\/med-autocamperen-til-hameln\\\/\",\"url\":\"https:\\\/\\\/9staedte.de\\\/da\\\/hameln-den-legendariske-rottefaengerby\\\/med-autocamperen-til-hameln\\\/\",\"name\":\"Med autocamperen til Hameln - 9 St\u00e4dte in Niedersachsen\",\"isPartOf\":{\"@id\":\"https:\\\/\\\/9staedte.de\\\/da\\\/#website\"},\"primaryImageOfPage\":{\"@id\":\"https:\\\/\\\/9staedte.de\\\/da\\\/hameln-den-legendariske-rottefaengerby\\\/med-autocamperen-til-hameln\\\/#primaryimage\"},\"image\":{\"@id\":\"https:\\\/\\\/9staedte.de\\\/da\\\/hameln-den-legendariske-rottefaengerby\\\/med-autocamperen-til-hameln\\\/#primaryimage\"},\"thumbnailUrl\":\"https:\\\/\\\/9staedte.de\\\/wp-content\\\/uploads\\\/2024\\\/06\\\/Altstadt-Hameln-c-Hameln-Marketing-und-Tourismus-GmbH.jpg\",\"datePublished\":\"2024-06-14T10:15:12+00:00\",\"dateModified\":\"2024-07-04T12:11:31+00:00\",\"breadcrumb\":{\"@id\":\"https:\\\/\\\/9staedte.de\\\/da\\\/hameln-den-legendariske-rottefaengerby\\\/med-autocamperen-til-hameln\\\/#breadcrumb\"},\"inLanguage\":\"da-DK\",\"potentialAction\":[{\"@type\":\"ReadAction\",\"target\":[\"https:\\\/\\\/9staedte.de\\\/da\\\/hameln-den-legendariske-rottefaengerby\\\/med-autocamperen-til-hameln\\\/\"]}]},{\"@type\":\"ImageObject\",\"inLanguage\":\"da-DK\",\"@id\":\"https:\\\/\\\/9staedte.de\\\/da\\\/hameln-den-legendariske-rottefaengerby\\\/med-autocamperen-til-hameln\\\/#primaryimage\",\"url\":\"https:\\\/\\\/9staedte.de\\\/wp-content\\\/uploads\\\/2024\\\/06\\\/Altstadt-Hameln-c-Hameln-Marketing-und-Tourismus-GmbH.jpg\",\"contentUrl\":\"https:\\\/\\\/9staedte.de\\\/wp-content\\\/uploads\\\/2024\\\/06\\\/Altstadt-Hameln-c-Hameln-Marketing-und-Tourismus-GmbH.jpg\",\"width\":1018,\"height\":564,\"caption\":\"Altstadt Hameln c) Hameln Marketing und Tourismus GmbH\"},{\"@type\":\"BreadcrumbList\",\"@id\":\"https:\\\/\\\/9staedte.de\\\/da\\\/hameln-den-legendariske-rottefaengerby\\\/med-autocamperen-til-hameln\\\/#breadcrumb\",\"itemListElement\":[{\"@type\":\"ListItem\",\"position\":1,\"name\":\"Startseite\",\"item\":\"https:\\\/\\\/9staedte.de\\\/da\\\/hjem-9-byer-2-i-niedersachsen\\\/\"},{\"@type\":\"ListItem\",\"position\":2,\"name\":\"Med autocamperen til Hameln\"}]},{\"@type\":\"WebSite\",\"@id\":\"https:\\\/\\\/9staedte.de\\\/da\\\/#website\",\"url\":\"https:\\\/\\\/9staedte.de\\\/da\\\/\",\"name\":\"9 St\u00e4dte in Niedersachsen\",\"description\":\"\",\"publisher\":{\"@id\":\"https:\\\/\\\/9staedte.de\\\/da\\\/#organization\"},\"potentialAction\":[{\"@type\":\"SearchAction\",\"target\":{\"@type\":\"EntryPoint\",\"urlTemplate\":\"https:\\\/\\\/9staedte.de\\\/da\\\/?s={search_term_string}\"},\"query-input\":{\"@type\":\"PropertyValueSpecification\",\"valueRequired\":true,\"valueName\":\"search_term_string\"}}],\"inLanguage\":\"da-DK\"},{\"@type\":\"Organization\",\"@id\":\"https:\\\/\\\/9staedte.de\\\/da\\\/#organization\",\"name\":\"9 St\u00e4dte in Niedersachsen\",\"url\":\"https:\\\/\\\/9staedte.de\\\/da\\\/\",\"logo\":{\"@type\":\"ImageObject\",\"inLanguage\":\"da-DK\",\"@id\":\"https:\\\/\\\/9staedte.de\\\/da\\\/#\\\/schema\\\/logo\\\/image\\\/\",\"url\":\"https:\\\/\\\/9staedte.de\\\/wp-content\\\/uploads\\\/2025\\\/01\\\/9-neg-deutsch-2-1.png\",\"contentUrl\":\"https:\\\/\\\/9staedte.de\\\/wp-content\\\/uploads\\\/2025\\\/01\\\/9-neg-deutsch-2-1.png\",\"width\":190,\"height\":114,\"caption\":\"9 St\u00e4dte in Niedersachsen\"},\"image\":{\"@id\":\"https:\\\/\\\/9staedte.de\\\/da\\\/#\\\/schema\\\/logo\\\/image\\\/\"}}]}<\/script>\n<!-- \/ Yoast SEO plugin. -->","yoast_head_json":{"title":"Med autocamperen til Hameln - 9 St\u00e4dte in Niedersachsen","robots":{"index":"index","follow":"follow","max-snippet":"max-snippet:-1","max-image-preview":"max-image-preview:large","max-video-preview":"max-video-preview:-1"},"canonical":"https:\/\/9staedte.de\/da\/hameln-den-legendariske-rottefaengerby\/med-autocamperen-til-hameln\/","og_locale":"da_DK","og_type":"article","og_title":"Med autocamperen til Hameln - 9 St\u00e4dte in Niedersachsen","og_description":"Pladser med udsigt over Weser Hameln ligger til venstre og h\u00f8jre for Weser, indlejret i de b\u00f8lgende bakker i Weserbergland. Byen tiltr\u00e6kker mange bes\u00f8gende. F\u00f8rst og fremmest p\u00e5 grund af den legendariske historie, der siges at have fundet sted i Hameln, men den gamle bydel er ogs\u00e5 en rigtig publikumsmagnet. De, der rejser i autocamper, [&hellip;]","og_url":"https:\/\/9staedte.de\/da\/hameln-den-legendariske-rottefaengerby\/med-autocamperen-til-hameln\/","og_site_name":"9 St\u00e4dte in Niedersachsen","article_modified_time":"2024-07-04T12:11:31+00:00","og_image":[{"width":1018,"height":564,"url":"https:\/\/9staedte.de\/wp-content\/uploads\/2024\/06\/Altstadt-Hameln-c-Hameln-Marketing-und-Tourismus-GmbH.jpg","type":"image\/jpeg"}],"twitter_card":"summary_large_image","twitter_misc":{"Estimeret l\u00e6setid":"1 minut"},"schema":{"@context":"https:\/\/schema.org","@graph":[{"@type":"WebPage","@id":"https:\/\/9staedte.de\/da\/hameln-den-legendariske-rottefaengerby\/med-autocamperen-til-hameln\/","url":"https:\/\/9staedte.de\/da\/hameln-den-legendariske-rottefaengerby\/med-autocamperen-til-hameln\/","name":"Med autocamperen til Hameln - 9 St\u00e4dte in Niedersachsen","isPartOf":{"@id":"https:\/\/9staedte.de\/da\/#website"},"primaryImageOfPage":{"@id":"https:\/\/9staedte.de\/da\/hameln-den-legendariske-rottefaengerby\/med-autocamperen-til-hameln\/#primaryimage"},"image":{"@id":"https:\/\/9staedte.de\/da\/hameln-den-legendariske-rottefaengerby\/med-autocamperen-til-hameln\/#primaryimage"},"thumbnailUrl":"https:\/\/9staedte.de\/wp-content\/uploads\/2024\/06\/Altstadt-Hameln-c-Hameln-Marketing-und-Tourismus-GmbH.jpg","datePublished":"2024-06-14T10:15:12+00:00","dateModified":"2024-07-04T12:11:31+00:00","breadcrumb":{"@id":"https:\/\/9staedte.de\/da\/hameln-den-legendariske-rottefaengerby\/med-autocamperen-til-hameln\/#breadcrumb"},"inLanguage":"da-DK","potentialAction":[{"@type":"ReadAction","target":["https:\/\/9staedte.de\/da\/hameln-den-legendariske-rottefaengerby\/med-autocamperen-til-hameln\/"]}]},{"@type":"ImageObject","inLanguage":"da-DK","@id":"https:\/\/9staedte.de\/da\/hameln-den-legendariske-rottefaengerby\/med-autocamperen-til-hameln\/#primaryimage","url":"https:\/\/9staedte.de\/wp-content\/uploads\/2024\/06\/Altstadt-Hameln-c-Hameln-Marketing-und-Tourismus-GmbH.jpg","contentUrl":"https:\/\/9staedte.de\/wp-content\/uploads\/2024\/06\/Altstadt-Hameln-c-Hameln-Marketing-und-Tourismus-GmbH.jpg","width":1018,"height":564,"caption":"Altstadt Hameln c) Hameln Marketing und Tourismus GmbH"},{"@type":"BreadcrumbList","@id":"https:\/\/9staedte.de\/da\/hameln-den-legendariske-rottefaengerby\/med-autocamperen-til-hameln\/#breadcrumb","itemListElement":[{"@type":"ListItem","position":1,"name":"Startseite","item":"https:\/\/9staedte.de\/da\/hjem-9-byer-2-i-niedersachsen\/"},{"@type":"ListItem","position":2,"name":"Med autocamperen til Hameln"}]},{"@type":"WebSite","@id":"https:\/\/9staedte.de\/da\/#website","url":"https:\/\/9staedte.de\/da\/","name":"9 St\u00e4dte in Niedersachsen","description":"","publisher":{"@id":"https:\/\/9staedte.de\/da\/#organization"},"potentialAction":[{"@type":"SearchAction","target":{"@type":"EntryPoint","urlTemplate":"https:\/\/9staedte.de\/da\/?s={search_term_string}"},"query-input":{"@type":"PropertyValueSpecification","valueRequired":true,"valueName":"search_term_string"}}],"inLanguage":"da-DK"},{"@type":"Organization","@id":"https:\/\/9staedte.de\/da\/#organization","name":"9 St\u00e4dte in Niedersachsen","url":"https:\/\/9staedte.de\/da\/","logo":{"@type":"ImageObject","inLanguage":"da-DK","@id":"https:\/\/9staedte.de\/da\/#\/schema\/logo\/image\/","url":"https:\/\/9staedte.de\/wp-content\/uploads\/2025\/01\/9-neg-deutsch-2-1.png","contentUrl":"https:\/\/9staedte.de\/wp-content\/uploads\/2025\/01\/9-neg-deutsch-2-1.png","width":190,"height":114,"caption":"9 St\u00e4dte in Niedersachsen"},"image":{"@id":"https:\/\/9staedte.de\/da\/#\/schema\/logo\/image\/"}}]}},"_links":{"self":[{"href":"https:\/\/9staedte.de\/da\/wp-json\/wp\/v2\/pages\/22607","targetHints":{"allow":["GET"]}}],"collection":[{"href":"https:\/\/9staedte.de\/da\/wp-json\/wp\/v2\/pages"}],"about":[{"href":"https:\/\/9staedte.de\/da\/wp-json\/wp\/v2\/types\/page"}],"author":[{"embeddable":true,"href":"https:\/\/9staedte.de\/da\/wp-json\/wp\/v2\/users\/6"}],"replies":[{"embeddable":true,"href":"https:\/\/9staedte.de\/da\/wp-json\/wp\/v2\/comments?post=22607"}],"version-history":[{"count":1,"href":"https:\/\/9staedte.de\/da\/wp-json\/wp\/v2\/pages\/22607\/revisions"}],"predecessor-version":[{"id":22608,"href":"https:\/\/9staedte.de\/da\/wp-json\/wp\/v2\/pages\/22607\/revisions\/22608"}],"up":[{"embeddable":true,"href":"https:\/\/9staedte.de\/da\/wp-json\/wp\/v2\/pages\/12667"}],"wp:featuredmedia":[{"embeddable":true,"href":"https:\/\/9staedte.de\/da\/wp-json\/wp\/v2\/media\/22589"}],"wp:attachment":[{"href":"https:\/\/9staedte.de\/da\/wp-json\/wp\/v2\/media?parent=22607"}],"wp:term":[{"taxonomy":"category","embeddable":true,"href":"https:\/\/9staedte.de\/da\/wp-json\/wp\/v2\/categories?post=22607"},{"taxonomy":"post_tag","embeddable":true,"href":"https:\/\/9staedte.de\/da\/wp-json\/wp\/v2\/tags?post=22607"},{"taxonomy":"ncap_cities_tax","embeddable":true,"href":"https:\/\/9staedte.de\/da\/wp-json\/wp\/v2\/ncap_cities_tax?post=22607"}],"curies":[{"name":"wp","href":"https:\/\/api.w.org\/{rel}","templated":true}]}}