{"id":22571,"date":"2024-06-14T11:16:26","date_gmt":"2024-06-14T09:16:26","guid":{"rendered":"https:\/\/9staedte.de\/med-autocamperen-til-goettingen\/"},"modified":"2025-05-15T17:06:17","modified_gmt":"2025-05-15T15:06:17","slug":"med-autocamperen-til-goettingen","status":"publish","type":"page","link":"https:\/\/9staedte.de\/da\/goettingen-en-by-der-skaber-viden\/med-autocamperen-til-goettingen\/","title":{"rendered":"Med autocamperen til G\u00f6ttingen"},"content":{"rendered":"\n<p><strong>Autocamperhavn G\u00f6ttingen: &#8220;Det bedste sted&#8221; n\u00e6r byens centrum<\/strong><\/p>\n\n<p>G\u00f6ttingens autocamperhavn er et vellykket eksempel p\u00e5, hvordan autocamperejernes interesser kan kombineres med forholdene i en storby, der er attraktiv for turister.<\/p>\n\n<p>Autocamperpladsen Eiswiese, som er indhegnet og oplyst p\u00e5 alle sider, har en fremragende beliggenhed: Den ligger i et gr\u00f8nt b\u00e6lte n\u00e6r Kiessee-s\u00f8en, direkte ud til floden Leine, i et meget roligt omr\u00e5de og alligevel t\u00e6t p\u00e5 G\u00f6ttingens historiske centrum. Der er kun 10 minutters gang til den gamle bydel, hvor det middelalderlige r\u00e5dhus, kirker, bindingsv\u00e6rkshuse, pubber, gadecaf\u00e9er og mange butikker indbyder til slentreture og bes\u00f8g. Og sidst, men ikke mindst, er et bes\u00f8g hos G\u00e4nseliesel, den &#8220;mest kyssede pige i verden&#8221;, som hilser p\u00e5 dig fra markedets springvand, et absolut must.<\/p>\n\n<p>De i alt 28 plane og asfalterede parkeringspladser er gener\u00f8st fordelt med en bredde p\u00e5 5,50 m og en l\u00e6ngde p\u00e5 10 til 12 m overalt, og der er naturligvis milj\u00f8venlige forsynings- og bortskaffelsesfaciliteter til r\u00e5dighed. Badeparadiset Eiswiese med sit store saunaomr\u00e5de og friluftsbadet Brauweg ligger lige ved siden af pladsen, mens G\u00f6ttingen Sportspark og Kiessee-s\u00f8en med b\u00e5dudlejning, fiskeri og vandsport byder p\u00e5 mange fritidsaktiviteter i nabolaget. Indk\u00f8bsmuligheder, supermarkeder, apoteker, bank og sparekasse ligger inden for maksimal g\u00e5afstand. 1 km radius.<\/p>\n\n<figure class=\"wp-block-image size-full\"><img loading=\"lazy\" decoding=\"async\" width=\"1020\" height=\"560\" src=\"https:\/\/9staedte.de\/wp-content\/smush-webp\/2024\/06\/Goettingen-Reisemobilhafen-c-Goettingen-Tourismus.jpg.webp\" alt=\"G&#xF6;ttingen-Motorhome-Harbour-c-G&#xF6;ttingen-Turisme\" class=\"wp-image-22560\" srcset=\"https:\/\/9staedte.de\/wp-content\/smush-webp\/2024\/06\/Goettingen-Reisemobilhafen-c-Goettingen-Tourismus.jpg.webp 1020w, https:\/\/9staedte.de\/wp-content\/smush-webp\/2024\/06\/Goettingen-Reisemobilhafen-c-Goettingen-Tourismus-300x165.jpg.webp 300w, https:\/\/9staedte.de\/wp-content\/smush-webp\/2024\/06\/Goettingen-Reisemobilhafen-c-Goettingen-Tourismus-768x422.jpg.webp 768w\" sizes=\"auto, (max-width: 1020px) 100vw, 1020px\" \/><figcaption class=\"wp-element-caption\">G\u00f6ttingen-Motorhome-Harbour-c-G\u00f6ttingen-Turisme<\/figcaption><\/figure>\n\n<p>Kontakt:<br\/>G\u00f6ttinger Sport- und Freizeit GmbH<br\/>Vindens vej 60<br\/>37073 G\u00f6ttingen<br\/>Tlf. +49 (0) 551 \/ 50709-0<br\/>Fax +49 (0) 5 51 \/ 50709-161<br\/>E-mail: <a href=\"mailto:info@goesf.de\">info@goesf.de<\/a><br\/>Internet: <a href=\"http:\/\/www.goesf.de\/\" target=\"_blank\" rel=\"noreferrer noopener\">www.goesf.de<\/a><\/p>\n\n <div class=\"brlbs-cmpnt-container brlbs-cmpnt-content-blocker brlbs-cmpnt-with-individual-styles\" data-borlabs-cookie-content-blocker-id=\"google-maps\" data-borlabs-cookie-content=\"PGlmcmFtZSBzcmM9Imh0dHBzOi8vd3d3Lmdvb2dsZS5jb20vbWFwcy9kL2VtYmVkP21pZD0xWnlKcEkxU1pzQXZCTUtzc29GdG1zeDNVM3BlQmtNNCZlaGJjPTJFMzEyRiIgd2lkdGg9IjY0MCIgaGVpZ2h0PSI0ODAiPjwvaWZyYW1lPg==\"><div class=\"brlbs-cmpnt-cb-preset-b brlbs-cmpnt-cb-google-maps\"> <div class=\"brlbs-cmpnt-cb-thumbnail\" style=\"background-image: url('https:\/\/9staedte.de\/wp-content\/uploads\/borlabs-cookie\/1\/brlbs-cb-google-maps-main.png')\"><\/div> <div class=\"brlbs-cmpnt-cb-main\"> <div class=\"brlbs-cmpnt-cb-content\"> <p class=\"brlbs-cmpnt-cb-description\">You are currently viewing a placeholder content from <strong>Google Maps<\/strong>. To access the actual content, click the button below. Please note that doing so will share data with third-party providers.<\/p> <a class=\"brlbs-cmpnt-cb-provider-toggle\" href=\"#\" data-borlabs-cookie-show-provider-information role=\"button\">More Information<\/a> <\/div> <div class=\"brlbs-cmpnt-cb-buttons\"> <a class=\"brlbs-cmpnt-cb-btn\" href=\"#\" data-borlabs-cookie-unblock role=\"button\">Unblock content<\/a> <a class=\"brlbs-cmpnt-cb-btn\" href=\"#\" data-borlabs-cookie-accept-service role=\"button\" style=\"display: inherit\">Accept required service and unblock content<\/a> <\/div> <\/div> <\/div><\/div>\n\n<p><strong>9 tips til din autocampertur til G\u00f6ttingen:<\/strong><\/p>\n\n<ol class=\"wp-block-list\" start=\"1\">\n<li>Nyd en afslappende dukkert i badeparadiset Eiswiese<\/li>\n\n\n\n<li>G\u00e5 en tur rundt om den n\u00e6rliggende gruss\u00f8<\/li>\n\n\n\n<li>Se en film i friluftsbiografen i Brauweg i august<\/li>\n\n\n\n<li>Tag en cykeltur langs Leine-Heide-cykelstien<\/li>\n\n\n\n<li>Tag en pause p\u00e5 Cafe Kredo og nyd udsigten over s\u00f8en<\/li>\n\n\n\n<li>Lej en vandcykel p\u00e5 Kiessee-s\u00f8en<\/li>\n\n\n\n<li>Udforsk G\u00f6ttingens n\u00e6rliggende gamle bydel<\/li>\n\n\n\n<li>Oplev den gamle botaniske have p\u00e5 Stadtwall<\/li>\n\n\n\n<li>Nyd den livlige kulturscene  <\/li>\n<\/ol>\n","protected":false},"excerpt":{"rendered":"<p>Autocamperhavn G\u00f6ttingen: &#8220;Det bedste sted&#8221; n\u00e6r byens centrum G\u00f6ttingens autocamperhavn er et vellykket eksempel p\u00e5, hvordan autocamperejernes interesser kan kombineres med forholdene i en storby, der er attraktiv for turister. Autocamperpladsen Eiswiese, som er indhegnet og oplyst p\u00e5 alle sider, har en fremragende beliggenhed: Den ligger i et gr\u00f8nt b\u00e6lte n\u00e6r Kiessee-s\u00f8en, direkte ud til [&hellip;]<\/p>\n","protected":false},"author":6,"featured_media":12397,"parent":12680,"menu_order":0,"comment_status":"closed","ping_status":"closed","template":"","meta":{"_acf_changed":false,"footnotes":""},"categories":[],"tags":[],"ncap_cities_tax":[434,1405],"class_list":["post-22571","page","type-page","status-publish","has-post-thumbnail","hentry","ncap_cities_tax-goettingen-da","ncap_cities_tax-reisemobilstellplatze-goettingen-da"],"acf":[],"yoast_head":"<!-- This site is optimized with the Yoast SEO plugin v27.4 - https:\/\/yoast.com\/product\/yoast-seo-wordpress\/ -->\n<title>Med autocamperen til G\u00f6ttingen - 9 St\u00e4dte in Niedersachsen<\/title>\n<meta name=\"robots\" content=\"index, follow, max-snippet:-1, max-image-preview:large, max-video-preview:-1\" \/>\n<link rel=\"canonical\" href=\"https:\/\/9staedte.de\/da\/goettingen-en-by-der-skaber-viden\/med-autocamperen-til-goettingen\/\" \/>\n<meta property=\"og:locale\" content=\"da_DK\" \/>\n<meta property=\"og:type\" content=\"article\" \/>\n<meta property=\"og:title\" content=\"Med autocamperen til G\u00f6ttingen - 9 St\u00e4dte in Niedersachsen\" \/>\n<meta property=\"og:description\" content=\"Autocamperhavn G\u00f6ttingen: &#8220;Det bedste sted&#8221; n\u00e6r byens centrum G\u00f6ttingens autocamperhavn er et vellykket eksempel p\u00e5, hvordan autocamperejernes interesser kan kombineres med forholdene i en storby, der er attraktiv for turister. Autocamperpladsen Eiswiese, som er indhegnet og oplyst p\u00e5 alle sider, har en fremragende beliggenhed: Den ligger i et gr\u00f8nt b\u00e6lte n\u00e6r Kiessee-s\u00f8en, direkte ud til [&hellip;]\" \/>\n<meta property=\"og:url\" content=\"https:\/\/9staedte.de\/da\/goettingen-en-by-der-skaber-viden\/med-autocamperen-til-goettingen\/\" \/>\n<meta property=\"og:site_name\" content=\"9 St\u00e4dte in Niedersachsen\" \/>\n<meta property=\"article:modified_time\" content=\"2025-05-15T15:06:17+00:00\" \/>\n<meta property=\"og:image\" content=\"https:\/\/9staedte.de\/wp-content\/uploads\/2023\/02\/Goettingen_Johanniskirche-c-Goettingen-Tourismus-Lars-Gerhardts.jpg\" \/>\n\t<meta property=\"og:image:width\" content=\"1020\" \/>\n\t<meta property=\"og:image:height\" content=\"559\" \/>\n\t<meta property=\"og:image:type\" content=\"image\/jpeg\" \/>\n<meta name=\"twitter:card\" content=\"summary_large_image\" \/>\n<meta name=\"twitter:label1\" content=\"Estimeret l\u00e6setid\" \/>\n\t<meta name=\"twitter:data1\" content=\"3 minutter\" \/>\n<script type=\"application\/ld+json\" class=\"yoast-schema-graph\">{\"@context\":\"https:\\\/\\\/schema.org\",\"@graph\":[{\"@type\":\"WebPage\",\"@id\":\"https:\\\/\\\/9staedte.de\\\/da\\\/goettingen-en-by-der-skaber-viden\\\/med-autocamperen-til-goettingen\\\/\",\"url\":\"https:\\\/\\\/9staedte.de\\\/da\\\/goettingen-en-by-der-skaber-viden\\\/med-autocamperen-til-goettingen\\\/\",\"name\":\"Med autocamperen til G\u00f6ttingen - 9 St\u00e4dte in Niedersachsen\",\"isPartOf\":{\"@id\":\"https:\\\/\\\/9staedte.de\\\/da\\\/#website\"},\"primaryImageOfPage\":{\"@id\":\"https:\\\/\\\/9staedte.de\\\/da\\\/goettingen-en-by-der-skaber-viden\\\/med-autocamperen-til-goettingen\\\/#primaryimage\"},\"image\":{\"@id\":\"https:\\\/\\\/9staedte.de\\\/da\\\/goettingen-en-by-der-skaber-viden\\\/med-autocamperen-til-goettingen\\\/#primaryimage\"},\"thumbnailUrl\":\"https:\\\/\\\/9staedte.de\\\/wp-content\\\/uploads\\\/2023\\\/02\\\/Goettingen_Johanniskirche-c-Goettingen-Tourismus-Lars-Gerhardts.jpg\",\"datePublished\":\"2024-06-14T09:16:26+00:00\",\"dateModified\":\"2025-05-15T15:06:17+00:00\",\"breadcrumb\":{\"@id\":\"https:\\\/\\\/9staedte.de\\\/da\\\/goettingen-en-by-der-skaber-viden\\\/med-autocamperen-til-goettingen\\\/#breadcrumb\"},\"inLanguage\":\"da-DK\",\"potentialAction\":[{\"@type\":\"ReadAction\",\"target\":[\"https:\\\/\\\/9staedte.de\\\/da\\\/goettingen-en-by-der-skaber-viden\\\/med-autocamperen-til-goettingen\\\/\"]}]},{\"@type\":\"ImageObject\",\"inLanguage\":\"da-DK\",\"@id\":\"https:\\\/\\\/9staedte.de\\\/da\\\/goettingen-en-by-der-skaber-viden\\\/med-autocamperen-til-goettingen\\\/#primaryimage\",\"url\":\"https:\\\/\\\/9staedte.de\\\/wp-content\\\/uploads\\\/2023\\\/02\\\/Goettingen_Johanniskirche-c-Goettingen-Tourismus-Lars-Gerhardts.jpg\",\"contentUrl\":\"https:\\\/\\\/9staedte.de\\\/wp-content\\\/uploads\\\/2023\\\/02\\\/Goettingen_Johanniskirche-c-Goettingen-Tourismus-Lars-Gerhardts.jpg\",\"width\":1020,\"height\":559,\"caption\":\"Goettingen Johanniskirche c) G\u00f6ttingen Marketing GmbH Lars Gerhardts\"},{\"@type\":\"BreadcrumbList\",\"@id\":\"https:\\\/\\\/9staedte.de\\\/da\\\/goettingen-en-by-der-skaber-viden\\\/med-autocamperen-til-goettingen\\\/#breadcrumb\",\"itemListElement\":[{\"@type\":\"ListItem\",\"position\":1,\"name\":\"Startseite\",\"item\":\"https:\\\/\\\/9staedte.de\\\/da\\\/hjem-9-byer-2-i-niedersachsen\\\/\"},{\"@type\":\"ListItem\",\"position\":2,\"name\":\"G\u00f6ttingen &#8211; en by, der skaber viden\",\"item\":\"https:\\\/\\\/9staedte.de\\\/da\\\/goettingen-en-by-der-skaber-viden\\\/\"},{\"@type\":\"ListItem\",\"position\":3,\"name\":\"Med autocamperen til G\u00f6ttingen\"}]},{\"@type\":\"WebSite\",\"@id\":\"https:\\\/\\\/9staedte.de\\\/da\\\/#website\",\"url\":\"https:\\\/\\\/9staedte.de\\\/da\\\/\",\"name\":\"9 St\u00e4dte in Niedersachsen\",\"description\":\"\",\"publisher\":{\"@id\":\"https:\\\/\\\/9staedte.de\\\/da\\\/#organization\"},\"potentialAction\":[{\"@type\":\"SearchAction\",\"target\":{\"@type\":\"EntryPoint\",\"urlTemplate\":\"https:\\\/\\\/9staedte.de\\\/da\\\/?s={search_term_string}\"},\"query-input\":{\"@type\":\"PropertyValueSpecification\",\"valueRequired\":true,\"valueName\":\"search_term_string\"}}],\"inLanguage\":\"da-DK\"},{\"@type\":\"Organization\",\"@id\":\"https:\\\/\\\/9staedte.de\\\/da\\\/#organization\",\"name\":\"9 St\u00e4dte in Niedersachsen\",\"url\":\"https:\\\/\\\/9staedte.de\\\/da\\\/\",\"logo\":{\"@type\":\"ImageObject\",\"inLanguage\":\"da-DK\",\"@id\":\"https:\\\/\\\/9staedte.de\\\/da\\\/#\\\/schema\\\/logo\\\/image\\\/\",\"url\":\"https:\\\/\\\/9staedte.de\\\/wp-content\\\/uploads\\\/2025\\\/01\\\/9-neg-deutsch-2-1.png\",\"contentUrl\":\"https:\\\/\\\/9staedte.de\\\/wp-content\\\/uploads\\\/2025\\\/01\\\/9-neg-deutsch-2-1.png\",\"width\":190,\"height\":114,\"caption\":\"9 St\u00e4dte in Niedersachsen\"},\"image\":{\"@id\":\"https:\\\/\\\/9staedte.de\\\/da\\\/#\\\/schema\\\/logo\\\/image\\\/\"}}]}<\/script>\n<!-- \/ Yoast SEO plugin. -->","yoast_head_json":{"title":"Med autocamperen til G\u00f6ttingen - 9 St\u00e4dte in Niedersachsen","robots":{"index":"index","follow":"follow","max-snippet":"max-snippet:-1","max-image-preview":"max-image-preview:large","max-video-preview":"max-video-preview:-1"},"canonical":"https:\/\/9staedte.de\/da\/goettingen-en-by-der-skaber-viden\/med-autocamperen-til-goettingen\/","og_locale":"da_DK","og_type":"article","og_title":"Med autocamperen til G\u00f6ttingen - 9 St\u00e4dte in Niedersachsen","og_description":"Autocamperhavn G\u00f6ttingen: &#8220;Det bedste sted&#8221; n\u00e6r byens centrum G\u00f6ttingens autocamperhavn er et vellykket eksempel p\u00e5, hvordan autocamperejernes interesser kan kombineres med forholdene i en storby, der er attraktiv for turister. Autocamperpladsen Eiswiese, som er indhegnet og oplyst p\u00e5 alle sider, har en fremragende beliggenhed: Den ligger i et gr\u00f8nt b\u00e6lte n\u00e6r Kiessee-s\u00f8en, direkte ud til [&hellip;]","og_url":"https:\/\/9staedte.de\/da\/goettingen-en-by-der-skaber-viden\/med-autocamperen-til-goettingen\/","og_site_name":"9 St\u00e4dte in Niedersachsen","article_modified_time":"2025-05-15T15:06:17+00:00","og_image":[{"width":1020,"height":559,"url":"https:\/\/9staedte.de\/wp-content\/uploads\/2023\/02\/Goettingen_Johanniskirche-c-Goettingen-Tourismus-Lars-Gerhardts.jpg","type":"image\/jpeg"}],"twitter_card":"summary_large_image","twitter_misc":{"Estimeret l\u00e6setid":"3 minutter"},"schema":{"@context":"https:\/\/schema.org","@graph":[{"@type":"WebPage","@id":"https:\/\/9staedte.de\/da\/goettingen-en-by-der-skaber-viden\/med-autocamperen-til-goettingen\/","url":"https:\/\/9staedte.de\/da\/goettingen-en-by-der-skaber-viden\/med-autocamperen-til-goettingen\/","name":"Med autocamperen til G\u00f6ttingen - 9 St\u00e4dte in Niedersachsen","isPartOf":{"@id":"https:\/\/9staedte.de\/da\/#website"},"primaryImageOfPage":{"@id":"https:\/\/9staedte.de\/da\/goettingen-en-by-der-skaber-viden\/med-autocamperen-til-goettingen\/#primaryimage"},"image":{"@id":"https:\/\/9staedte.de\/da\/goettingen-en-by-der-skaber-viden\/med-autocamperen-til-goettingen\/#primaryimage"},"thumbnailUrl":"https:\/\/9staedte.de\/wp-content\/uploads\/2023\/02\/Goettingen_Johanniskirche-c-Goettingen-Tourismus-Lars-Gerhardts.jpg","datePublished":"2024-06-14T09:16:26+00:00","dateModified":"2025-05-15T15:06:17+00:00","breadcrumb":{"@id":"https:\/\/9staedte.de\/da\/goettingen-en-by-der-skaber-viden\/med-autocamperen-til-goettingen\/#breadcrumb"},"inLanguage":"da-DK","potentialAction":[{"@type":"ReadAction","target":["https:\/\/9staedte.de\/da\/goettingen-en-by-der-skaber-viden\/med-autocamperen-til-goettingen\/"]}]},{"@type":"ImageObject","inLanguage":"da-DK","@id":"https:\/\/9staedte.de\/da\/goettingen-en-by-der-skaber-viden\/med-autocamperen-til-goettingen\/#primaryimage","url":"https:\/\/9staedte.de\/wp-content\/uploads\/2023\/02\/Goettingen_Johanniskirche-c-Goettingen-Tourismus-Lars-Gerhardts.jpg","contentUrl":"https:\/\/9staedte.de\/wp-content\/uploads\/2023\/02\/Goettingen_Johanniskirche-c-Goettingen-Tourismus-Lars-Gerhardts.jpg","width":1020,"height":559,"caption":"Goettingen Johanniskirche c) G\u00f6ttingen Marketing GmbH Lars Gerhardts"},{"@type":"BreadcrumbList","@id":"https:\/\/9staedte.de\/da\/goettingen-en-by-der-skaber-viden\/med-autocamperen-til-goettingen\/#breadcrumb","itemListElement":[{"@type":"ListItem","position":1,"name":"Startseite","item":"https:\/\/9staedte.de\/da\/hjem-9-byer-2-i-niedersachsen\/"},{"@type":"ListItem","position":2,"name":"G\u00f6ttingen &#8211; en by, der skaber viden","item":"https:\/\/9staedte.de\/da\/goettingen-en-by-der-skaber-viden\/"},{"@type":"ListItem","position":3,"name":"Med autocamperen til G\u00f6ttingen"}]},{"@type":"WebSite","@id":"https:\/\/9staedte.de\/da\/#website","url":"https:\/\/9staedte.de\/da\/","name":"9 St\u00e4dte in Niedersachsen","description":"","publisher":{"@id":"https:\/\/9staedte.de\/da\/#organization"},"potentialAction":[{"@type":"SearchAction","target":{"@type":"EntryPoint","urlTemplate":"https:\/\/9staedte.de\/da\/?s={search_term_string}"},"query-input":{"@type":"PropertyValueSpecification","valueRequired":true,"valueName":"search_term_string"}}],"inLanguage":"da-DK"},{"@type":"Organization","@id":"https:\/\/9staedte.de\/da\/#organization","name":"9 St\u00e4dte in Niedersachsen","url":"https:\/\/9staedte.de\/da\/","logo":{"@type":"ImageObject","inLanguage":"da-DK","@id":"https:\/\/9staedte.de\/da\/#\/schema\/logo\/image\/","url":"https:\/\/9staedte.de\/wp-content\/uploads\/2025\/01\/9-neg-deutsch-2-1.png","contentUrl":"https:\/\/9staedte.de\/wp-content\/uploads\/2025\/01\/9-neg-deutsch-2-1.png","width":190,"height":114,"caption":"9 St\u00e4dte in Niedersachsen"},"image":{"@id":"https:\/\/9staedte.de\/da\/#\/schema\/logo\/image\/"}}]}},"_links":{"self":[{"href":"https:\/\/9staedte.de\/da\/wp-json\/wp\/v2\/pages\/22571","targetHints":{"allow":["GET"]}}],"collection":[{"href":"https:\/\/9staedte.de\/da\/wp-json\/wp\/v2\/pages"}],"about":[{"href":"https:\/\/9staedte.de\/da\/wp-json\/wp\/v2\/types\/page"}],"author":[{"embeddable":true,"href":"https:\/\/9staedte.de\/da\/wp-json\/wp\/v2\/users\/6"}],"replies":[{"embeddable":true,"href":"https:\/\/9staedte.de\/da\/wp-json\/wp\/v2\/comments?post=22571"}],"version-history":[{"count":2,"href":"https:\/\/9staedte.de\/da\/wp-json\/wp\/v2\/pages\/22571\/revisions"}],"predecessor-version":[{"id":25895,"href":"https:\/\/9staedte.de\/da\/wp-json\/wp\/v2\/pages\/22571\/revisions\/25895"}],"up":[{"embeddable":true,"href":"https:\/\/9staedte.de\/da\/wp-json\/wp\/v2\/pages\/12680"}],"wp:featuredmedia":[{"embeddable":true,"href":"https:\/\/9staedte.de\/da\/wp-json\/wp\/v2\/media\/12397"}],"wp:attachment":[{"href":"https:\/\/9staedte.de\/da\/wp-json\/wp\/v2\/media?parent=22571"}],"wp:term":[{"taxonomy":"category","embeddable":true,"href":"https:\/\/9staedte.de\/da\/wp-json\/wp\/v2\/categories?post=22571"},{"taxonomy":"post_tag","embeddable":true,"href":"https:\/\/9staedte.de\/da\/wp-json\/wp\/v2\/tags?post=22571"},{"taxonomy":"ncap_cities_tax","embeddable":true,"href":"https:\/\/9staedte.de\/da\/wp-json\/wp\/v2\/ncap_cities_tax?post=22571"}],"curies":[{"name":"wp","href":"https:\/\/api.w.org\/{rel}","templated":true}]}}