{"id":22544,"date":"2024-06-13T16:58:05","date_gmt":"2024-06-13T14:58:05","guid":{"rendered":"https:\/\/9staedte.de\/mit-dem-wohnmobil-nach-goslar\/"},"modified":"2024-07-04T14:15:03","modified_gmt":"2024-07-04T12:15:03","slug":"mit-dem-wohnmobil-nach-goslar","status":"publish","type":"page","link":"https:\/\/9staedte.de\/da\/mit-dem-wohnmobil-nach-goslar\/","title":{"rendered":"Med autocamperen til Goslar"},"content":{"rendered":"\n<h2 class=\"wp-block-heading\">Ferie i autocamper i Goslar<\/h2>\n\n<p>Nyd friheden og hav stadig dit eget hjem med dig p\u00e5 ferien: Autocamperrejsende nyder godt af denne fordel overalt og p\u00e5 vejen. Goslar er den ideelle feriedestination for en tur med autocamper, fordi de korte afstande, byens n\u00e6rhed til naturen og det store udvalg af kulturelle tilbud giver ren feriegl\u00e6de. Autocampere kan lade sig fortrylle af Harzens natur og nyde den uforglemmelige sk\u00f8nhed i den historiske gamle bydel p\u00e5 deres egen m\u00e5de. Velkommen til din autocamperferie i Goslar!<\/p>\n\n<figure class=\"wp-block-image size-full\"><img loading=\"lazy\" decoding=\"async\" width=\"1019\" height=\"560\" src=\"https:\/\/9staedte.de\/wp-content\/smush-webp\/2024\/06\/Fachwerkgasse_GOSLAR_arketing_gmbh_Fotograf_Stefan_Schiefer.jpg.webp\" alt=\"Fachwerkgasse_GOSLAR marketing gmbh_Fotograf_Stefan_Schiefer\" class=\"wp-image-22531\" srcset=\"https:\/\/9staedte.de\/wp-content\/smush-webp\/2024\/06\/Fachwerkgasse_GOSLAR_arketing_gmbh_Fotograf_Stefan_Schiefer.jpg.webp 1019w, https:\/\/9staedte.de\/wp-content\/smush-webp\/2024\/06\/Fachwerkgasse_GOSLAR_arketing_gmbh_Fotograf_Stefan_Schiefer-300x165.jpg.webp 300w, https:\/\/9staedte.de\/wp-content\/smush-webp\/2024\/06\/Fachwerkgasse_GOSLAR_arketing_gmbh_Fotograf_Stefan_Schiefer-768x422.jpg.webp 768w\" sizes=\"auto, (max-width: 1019px) 100vw, 1019px\" \/><figcaption class=\"wp-element-caption\">Fachwerkgasse GOSLAR marketing gmbh_Fotograf_Stefan_Schiefer<\/figcaption><\/figure>\n\n <div class=\"brlbs-cmpnt-container brlbs-cmpnt-content-blocker brlbs-cmpnt-with-individual-styles\" data-borlabs-cookie-content-blocker-id=\"google-maps\" data-borlabs-cookie-content=\"PGlmcmFtZSBzcmM9Imh0dHBzOi8vd3d3Lmdvb2dsZS5jb20vbWFwcy9kL2VtYmVkP21pZD0xb2Y3X2p0RkdzcDZ0V2hNckFxdVJEcFVzdkRKVGtvMCZlaGJjPTJFMzEyRiIgd2lkdGg9IjY0MCIgaGVpZ2h0PSI0ODAiPjwvaWZyYW1lPg==\"><div class=\"brlbs-cmpnt-cb-preset-b brlbs-cmpnt-cb-google-maps\"> <div class=\"brlbs-cmpnt-cb-thumbnail\" style=\"background-image: url('https:\/\/9staedte.de\/wp-content\/uploads\/borlabs-cookie\/1\/brlbs-cb-google-maps-main.png')\"><\/div> <div class=\"brlbs-cmpnt-cb-main\"> <div class=\"brlbs-cmpnt-cb-content\"> <p class=\"brlbs-cmpnt-cb-description\">You are currently viewing a placeholder content from <strong>Google Maps<\/strong>. To access the actual content, click the button below. Please note that doing so will share data with third-party providers.<\/p> <a class=\"brlbs-cmpnt-cb-provider-toggle\" href=\"#\" data-borlabs-cookie-show-provider-information role=\"button\">More Information<\/a> <\/div> <div class=\"brlbs-cmpnt-cb-buttons\"> <a class=\"brlbs-cmpnt-cb-btn\" href=\"#\" data-borlabs-cookie-unblock role=\"button\">Unblock content<\/a> <a class=\"brlbs-cmpnt-cb-btn\" href=\"#\" data-borlabs-cookie-accept-service role=\"button\" style=\"display: inherit\">Accept required service and unblock content<\/a> <\/div> <\/div> <\/div><\/div>\n\n<p><strong>9 tips til autocamperrejsende<\/strong><\/p>\n\n<ol class=\"wp-block-list\">\n<li>Bes\u00f8g UNESCO-verdensarvbyen Goslar og udforsk den imponerende gamle bydel med dens bindingsv\u00e6rkshuse og historiske sev\u00e6rdigheder, f.eks. p\u00e5 en tur med kabelbanen Bimmelbahn.<\/li>\n\n\n\n<li>Nyd en betagende udsigt fra t\u00e5rnet p\u00e5 Marktkirche<\/li>\n\n\n\n<li>Oplev en af de daglige guidede ture gennem Goslars historiske bymidte<\/li>\n\n\n\n<li>Bes\u00f8g Rammelsberg-minen, og fordyb dig i minedriftens historie i regionen, f.eks. p\u00e5 en guidet tur over eller under jorden.<\/li>\n\n\n\n<li>P\u00e5 Goslar-museet og tinfigurmuseet kan du l\u00e6re sp\u00e6ndende og interessante fakta om byen Goslars 1100-\u00e5rige historie.<\/li>\n\n\n\n<li>Oplev det kejserlige palads, som ogs\u00e5 er p\u00e5 UNESCO&#8217;s verdensarvsliste som en del af den historiske bymidte<\/li>\n\n\n\n<li>Tag p\u00e5 en rejse gennem forskellige arkitektoniske stilarter og epoker i det historiske r\u00e5dhus med daglige guidede ture, hvor du ogs\u00e5 kan opleve den nye multimedieudstilling i Hall of Homage.<\/li>\n\n\n\n<li>Der er mange caf\u00e9er og restauranter i den gamle bydel, hvor du kan finde et bredt udvalg af veganske\/vegetariske retter og solide, typiske Harzen-retter for enhver smag.<\/li>\n\n\n\n<li>Parkeringsmulighederne for autocampere er meget centrale og findes p\u00e5 Osterfeld eller p\u00e5 parkeringspladsen &#8220;F\u00fcllekuhle&#8221; i Bertha-von-Suttner-Stra\u00dfe, hvorfra du kan n\u00e5 den gamle bydel til fods.<\/li>\n<\/ol>\n\n<ul class=\"wp-block-list\">\n<li><a href=\"https:\/\/www.camping-harz.com\/\">https:\/\/www.camping-harz.com\/<\/a>   <\/li>\n\n\n\n<li><a href=\"https:\/\/www.harz-camp-goslar.de\/\">https:\/\/www.harz-camp-goslar.de\/<\/a><\/li>\n\n\n\n<li><a href=\"https:\/\/www.meingoslar.de\/planen-und-buchen\/camping\">https:\/\/www.meingoslar.de\/planen-und-buchen\/camping<\/a><\/li>\n\n\n\n<li>Campingplads F\u00fcllekuhle i Goslar<\/li>\n<\/ul>\n\n<p><\/p>\n\n<p><\/p>\n","protected":false},"excerpt":{"rendered":"<p>Ferie i autocamper i Goslar Nyd friheden og hav stadig dit eget hjem med dig p\u00e5 ferien: Autocamperrejsende nyder godt af denne fordel overalt og p\u00e5 vejen. Goslar er den ideelle feriedestination for en tur med autocamper, fordi de korte afstande, byens n\u00e6rhed til naturen og det store udvalg af kulturelle tilbud giver ren feriegl\u00e6de. [&hellip;]<\/p>\n","protected":false},"author":6,"featured_media":22514,"parent":0,"menu_order":0,"comment_status":"closed","ping_status":"closed","template":"pagetemplates\/template-stadtthema.php","meta":{"_acf_changed":false,"footnotes":""},"categories":[],"tags":[],"ncap_cities_tax":[441,1413],"class_list":["post-22544","page","type-page","status-publish","has-post-thumbnail","hentry","ncap_cities_tax-goslar-da","ncap_cities_tax-reisemobilstellplatze-goslar-da"],"acf":[],"yoast_head":"<!-- This site is optimized with the Yoast SEO plugin v26.8 - https:\/\/yoast.com\/product\/yoast-seo-wordpress\/ -->\n<title>Med autocamperen til Goslar - 9 St\u00e4dte in Niedersachsen<\/title>\n<meta name=\"robots\" content=\"index, follow, max-snippet:-1, max-image-preview:large, max-video-preview:-1\" \/>\n<link rel=\"canonical\" href=\"https:\/\/9staedte.de\/da\/mit-dem-wohnmobil-nach-goslar\/\" \/>\n<meta property=\"og:locale\" content=\"da_DK\" \/>\n<meta property=\"og:type\" content=\"article\" \/>\n<meta property=\"og:title\" content=\"Med autocamperen til Goslar - 9 St\u00e4dte in Niedersachsen\" \/>\n<meta property=\"og:description\" content=\"Ferie i autocamper i Goslar Nyd friheden og hav stadig dit eget hjem med dig p\u00e5 ferien: Autocamperrejsende nyder godt af denne fordel overalt og p\u00e5 vejen. Goslar er den ideelle feriedestination for en tur med autocamper, fordi de korte afstande, byens n\u00e6rhed til naturen og det store udvalg af kulturelle tilbud giver ren feriegl\u00e6de. [&hellip;]\" \/>\n<meta property=\"og:url\" content=\"https:\/\/9staedte.de\/da\/mit-dem-wohnmobil-nach-goslar\/\" \/>\n<meta property=\"og:site_name\" content=\"9 St\u00e4dte in Niedersachsen\" \/>\n<meta property=\"article:modified_time\" content=\"2024-07-04T12:15:03+00:00\" \/>\n<meta property=\"og:image\" content=\"https:\/\/9staedte.de\/wp-content\/uploads\/2024\/06\/Kaiserpfalz_GOSLAR_marketing_gmbh_Fotograf_FilmPunktTon.jpg\" \/>\n\t<meta property=\"og:image:width\" content=\"1018\" \/>\n\t<meta property=\"og:image:height\" content=\"559\" \/>\n\t<meta property=\"og:image:type\" content=\"image\/jpeg\" \/>\n<meta name=\"twitter:card\" content=\"summary_large_image\" \/>\n<meta name=\"twitter:label1\" content=\"Estimeret l\u00e6setid\" \/>\n\t<meta name=\"twitter:data1\" content=\"2 minutter\" \/>\n<script type=\"application\/ld+json\" class=\"yoast-schema-graph\">{\"@context\":\"https:\/\/schema.org\",\"@graph\":[{\"@type\":\"WebPage\",\"@id\":\"https:\/\/9staedte.de\/da\/mit-dem-wohnmobil-nach-goslar\/\",\"url\":\"https:\/\/9staedte.de\/da\/mit-dem-wohnmobil-nach-goslar\/\",\"name\":\"Med autocamperen til Goslar - 9 St\u00e4dte in Niedersachsen\",\"isPartOf\":{\"@id\":\"https:\/\/9staedte.de\/da\/#website\"},\"primaryImageOfPage\":{\"@id\":\"https:\/\/9staedte.de\/da\/mit-dem-wohnmobil-nach-goslar\/#primaryimage\"},\"image\":{\"@id\":\"https:\/\/9staedte.de\/da\/mit-dem-wohnmobil-nach-goslar\/#primaryimage\"},\"thumbnailUrl\":\"https:\/\/9staedte.de\/wp-content\/uploads\/2024\/06\/Kaiserpfalz_GOSLAR_marketing_gmbh_Fotograf_FilmPunktTon.jpg\",\"datePublished\":\"2024-06-13T14:58:05+00:00\",\"dateModified\":\"2024-07-04T12:15:03+00:00\",\"breadcrumb\":{\"@id\":\"https:\/\/9staedte.de\/da\/mit-dem-wohnmobil-nach-goslar\/#breadcrumb\"},\"inLanguage\":\"da-DK\",\"potentialAction\":[{\"@type\":\"ReadAction\",\"target\":[\"https:\/\/9staedte.de\/da\/mit-dem-wohnmobil-nach-goslar\/\"]}]},{\"@type\":\"ImageObject\",\"inLanguage\":\"da-DK\",\"@id\":\"https:\/\/9staedte.de\/da\/mit-dem-wohnmobil-nach-goslar\/#primaryimage\",\"url\":\"https:\/\/9staedte.de\/wp-content\/uploads\/2024\/06\/Kaiserpfalz_GOSLAR_marketing_gmbh_Fotograf_FilmPunktTon.jpg\",\"contentUrl\":\"https:\/\/9staedte.de\/wp-content\/uploads\/2024\/06\/Kaiserpfalz_GOSLAR_marketing_gmbh_Fotograf_FilmPunktTon.jpg\",\"width\":1018,\"height\":559,\"caption\":\"Kaiserpfalz_GOSLAR_marketing_gmbh_Fotograf_FilmPunktTon\"},{\"@type\":\"BreadcrumbList\",\"@id\":\"https:\/\/9staedte.de\/da\/mit-dem-wohnmobil-nach-goslar\/#breadcrumb\",\"itemListElement\":[{\"@type\":\"ListItem\",\"position\":1,\"name\":\"Startseite\",\"item\":\"https:\/\/9staedte.de\/da\/hjem-9-byer-2-i-niedersachsen\/\"},{\"@type\":\"ListItem\",\"position\":2,\"name\":\"Med autocamperen til Goslar\"}]},{\"@type\":\"WebSite\",\"@id\":\"https:\/\/9staedte.de\/da\/#website\",\"url\":\"https:\/\/9staedte.de\/da\/\",\"name\":\"9 St\u00e4dte in Niedersachsen\",\"description\":\"\",\"publisher\":{\"@id\":\"https:\/\/9staedte.de\/da\/#organization\"},\"potentialAction\":[{\"@type\":\"SearchAction\",\"target\":{\"@type\":\"EntryPoint\",\"urlTemplate\":\"https:\/\/9staedte.de\/da\/?s={search_term_string}\"},\"query-input\":{\"@type\":\"PropertyValueSpecification\",\"valueRequired\":true,\"valueName\":\"search_term_string\"}}],\"inLanguage\":\"da-DK\"},{\"@type\":\"Organization\",\"@id\":\"https:\/\/9staedte.de\/da\/#organization\",\"name\":\"9 St\u00e4dte in Niedersachsen\",\"url\":\"https:\/\/9staedte.de\/da\/\",\"logo\":{\"@type\":\"ImageObject\",\"inLanguage\":\"da-DK\",\"@id\":\"https:\/\/9staedte.de\/da\/#\/schema\/logo\/image\/\",\"url\":\"https:\/\/9staedte.de\/wp-content\/uploads\/2025\/01\/9-neg-deutsch-2-1.png\",\"contentUrl\":\"https:\/\/9staedte.de\/wp-content\/uploads\/2025\/01\/9-neg-deutsch-2-1.png\",\"width\":190,\"height\":114,\"caption\":\"9 St\u00e4dte in Niedersachsen\"},\"image\":{\"@id\":\"https:\/\/9staedte.de\/da\/#\/schema\/logo\/image\/\"}}]}<\/script>\n<!-- \/ Yoast SEO plugin. -->","yoast_head_json":{"title":"Med autocamperen til Goslar - 9 St\u00e4dte in Niedersachsen","robots":{"index":"index","follow":"follow","max-snippet":"max-snippet:-1","max-image-preview":"max-image-preview:large","max-video-preview":"max-video-preview:-1"},"canonical":"https:\/\/9staedte.de\/da\/mit-dem-wohnmobil-nach-goslar\/","og_locale":"da_DK","og_type":"article","og_title":"Med autocamperen til Goslar - 9 St\u00e4dte in Niedersachsen","og_description":"Ferie i autocamper i Goslar Nyd friheden og hav stadig dit eget hjem med dig p\u00e5 ferien: Autocamperrejsende nyder godt af denne fordel overalt og p\u00e5 vejen. Goslar er den ideelle feriedestination for en tur med autocamper, fordi de korte afstande, byens n\u00e6rhed til naturen og det store udvalg af kulturelle tilbud giver ren feriegl\u00e6de. [&hellip;]","og_url":"https:\/\/9staedte.de\/da\/mit-dem-wohnmobil-nach-goslar\/","og_site_name":"9 St\u00e4dte in Niedersachsen","article_modified_time":"2024-07-04T12:15:03+00:00","og_image":[{"width":1018,"height":559,"url":"https:\/\/9staedte.de\/wp-content\/uploads\/2024\/06\/Kaiserpfalz_GOSLAR_marketing_gmbh_Fotograf_FilmPunktTon.jpg","type":"image\/jpeg"}],"twitter_card":"summary_large_image","twitter_misc":{"Estimeret l\u00e6setid":"2 minutter"},"schema":{"@context":"https:\/\/schema.org","@graph":[{"@type":"WebPage","@id":"https:\/\/9staedte.de\/da\/mit-dem-wohnmobil-nach-goslar\/","url":"https:\/\/9staedte.de\/da\/mit-dem-wohnmobil-nach-goslar\/","name":"Med autocamperen til Goslar - 9 St\u00e4dte in Niedersachsen","isPartOf":{"@id":"https:\/\/9staedte.de\/da\/#website"},"primaryImageOfPage":{"@id":"https:\/\/9staedte.de\/da\/mit-dem-wohnmobil-nach-goslar\/#primaryimage"},"image":{"@id":"https:\/\/9staedte.de\/da\/mit-dem-wohnmobil-nach-goslar\/#primaryimage"},"thumbnailUrl":"https:\/\/9staedte.de\/wp-content\/uploads\/2024\/06\/Kaiserpfalz_GOSLAR_marketing_gmbh_Fotograf_FilmPunktTon.jpg","datePublished":"2024-06-13T14:58:05+00:00","dateModified":"2024-07-04T12:15:03+00:00","breadcrumb":{"@id":"https:\/\/9staedte.de\/da\/mit-dem-wohnmobil-nach-goslar\/#breadcrumb"},"inLanguage":"da-DK","potentialAction":[{"@type":"ReadAction","target":["https:\/\/9staedte.de\/da\/mit-dem-wohnmobil-nach-goslar\/"]}]},{"@type":"ImageObject","inLanguage":"da-DK","@id":"https:\/\/9staedte.de\/da\/mit-dem-wohnmobil-nach-goslar\/#primaryimage","url":"https:\/\/9staedte.de\/wp-content\/uploads\/2024\/06\/Kaiserpfalz_GOSLAR_marketing_gmbh_Fotograf_FilmPunktTon.jpg","contentUrl":"https:\/\/9staedte.de\/wp-content\/uploads\/2024\/06\/Kaiserpfalz_GOSLAR_marketing_gmbh_Fotograf_FilmPunktTon.jpg","width":1018,"height":559,"caption":"Kaiserpfalz_GOSLAR_marketing_gmbh_Fotograf_FilmPunktTon"},{"@type":"BreadcrumbList","@id":"https:\/\/9staedte.de\/da\/mit-dem-wohnmobil-nach-goslar\/#breadcrumb","itemListElement":[{"@type":"ListItem","position":1,"name":"Startseite","item":"https:\/\/9staedte.de\/da\/hjem-9-byer-2-i-niedersachsen\/"},{"@type":"ListItem","position":2,"name":"Med autocamperen til Goslar"}]},{"@type":"WebSite","@id":"https:\/\/9staedte.de\/da\/#website","url":"https:\/\/9staedte.de\/da\/","name":"9 St\u00e4dte in Niedersachsen","description":"","publisher":{"@id":"https:\/\/9staedte.de\/da\/#organization"},"potentialAction":[{"@type":"SearchAction","target":{"@type":"EntryPoint","urlTemplate":"https:\/\/9staedte.de\/da\/?s={search_term_string}"},"query-input":{"@type":"PropertyValueSpecification","valueRequired":true,"valueName":"search_term_string"}}],"inLanguage":"da-DK"},{"@type":"Organization","@id":"https:\/\/9staedte.de\/da\/#organization","name":"9 St\u00e4dte in Niedersachsen","url":"https:\/\/9staedte.de\/da\/","logo":{"@type":"ImageObject","inLanguage":"da-DK","@id":"https:\/\/9staedte.de\/da\/#\/schema\/logo\/image\/","url":"https:\/\/9staedte.de\/wp-content\/uploads\/2025\/01\/9-neg-deutsch-2-1.png","contentUrl":"https:\/\/9staedte.de\/wp-content\/uploads\/2025\/01\/9-neg-deutsch-2-1.png","width":190,"height":114,"caption":"9 St\u00e4dte in Niedersachsen"},"image":{"@id":"https:\/\/9staedte.de\/da\/#\/schema\/logo\/image\/"}}]}},"_links":{"self":[{"href":"https:\/\/9staedte.de\/da\/wp-json\/wp\/v2\/pages\/22544","targetHints":{"allow":["GET"]}}],"collection":[{"href":"https:\/\/9staedte.de\/da\/wp-json\/wp\/v2\/pages"}],"about":[{"href":"https:\/\/9staedte.de\/da\/wp-json\/wp\/v2\/types\/page"}],"author":[{"embeddable":true,"href":"https:\/\/9staedte.de\/da\/wp-json\/wp\/v2\/users\/6"}],"replies":[{"embeddable":true,"href":"https:\/\/9staedte.de\/da\/wp-json\/wp\/v2\/comments?post=22544"}],"version-history":[{"count":3,"href":"https:\/\/9staedte.de\/da\/wp-json\/wp\/v2\/pages\/22544\/revisions"}],"predecessor-version":[{"id":23000,"href":"https:\/\/9staedte.de\/da\/wp-json\/wp\/v2\/pages\/22544\/revisions\/23000"}],"wp:featuredmedia":[{"embeddable":true,"href":"https:\/\/9staedte.de\/da\/wp-json\/wp\/v2\/media\/22514"}],"wp:attachment":[{"href":"https:\/\/9staedte.de\/da\/wp-json\/wp\/v2\/media?parent=22544"}],"wp:term":[{"taxonomy":"category","embeddable":true,"href":"https:\/\/9staedte.de\/da\/wp-json\/wp\/v2\/categories?post=22544"},{"taxonomy":"post_tag","embeddable":true,"href":"https:\/\/9staedte.de\/da\/wp-json\/wp\/v2\/tags?post=22544"},{"taxonomy":"ncap_cities_tax","embeddable":true,"href":"https:\/\/9staedte.de\/da\/wp-json\/wp\/v2\/ncap_cities_tax?post=22544"}],"curies":[{"name":"wp","href":"https:\/\/api.w.org\/{rel}","templated":true}]}}