{"id":22487,"date":"2024-06-13T16:13:10","date_gmt":"2024-06-13T14:13:10","guid":{"rendered":"https:\/\/9staedte.de\/mit-dem-reisemobil-nach-einbeck\/"},"modified":"2024-06-13T16:22:11","modified_gmt":"2024-06-13T14:22:11","slug":"mit-dem-reisemobil-nach-einbeck","status":"publish","type":"page","link":"https:\/\/9staedte.de\/da\/einbeck-klassiske-biler-bindingsvaerkshuse-oel\/mit-dem-reisemobil-nach-einbeck\/","title":{"rendered":"Med autocamperen til Einbeck"},"content":{"rendered":"\n<h2 class=\"wp-block-heading\">Einbeck, en juvel i centrum af Tyskland<\/h2>\n\n\n\n<p>Einbeck, en \u00e6gte perle i midten af Tyskland, er kendt for sine imponerende bindingsv\u00e6rkshuse, den ber\u00f8mte Einbeck-\u00f8l og den st\u00f8rste samling af veteranbiler i Europa &#8211; PS.SPEICHER. Med et areal p\u00e5 over 231 kvadratkilometer er Einbeck den st\u00f8rste by i det sydlige Niedersachsen, omgivet af maleriske lave bjergk\u00e6der, Weserbergland, Harzen og Solling.<\/p>\n\n\n\n<p>Byen tilbyder autocamperrejsende 30 rummelige pladser centralt placeret ved siden af den indend\u00f8rs\/udend\u00f8rs pool, t\u00e6t p\u00e5 den gamle bydel og byens skov, Hube, til ideel hvile og afslapning. Einbeck er derfor en perfekt destination for ferieg\u00e6ster, der s\u00e6tter pris p\u00e5 b\u00e5de kultur og natur.<\/p>\n\n\n\n<figure class=\"wp-block-image size-full\"><img loading=\"lazy\" decoding=\"async\" width=\"1020\" height=\"560\" src=\"https:\/\/9staedte.de\/wp-content\/smush-webp\/2024\/06\/Einbeck-Wohnmobilstellplatz-\u00a9-Stadtwerke-Einbeck-1.jpg.webp\" alt=\"\" class=\"wp-image-22478\" srcset=\"https:\/\/9staedte.de\/wp-content\/smush-webp\/2024\/06\/Einbeck-Wohnmobilstellplatz-\u00a9-Stadtwerke-Einbeck-1.jpg.webp 1020w, https:\/\/9staedte.de\/wp-content\/smush-webp\/2024\/06\/Einbeck-Wohnmobilstellplatz-\u00a9-Stadtwerke-Einbeck-1-300x165.jpg.webp 300w, https:\/\/9staedte.de\/wp-content\/smush-webp\/2024\/06\/Einbeck-Wohnmobilstellplatz-\u00a9-Stadtwerke-Einbeck-1-768x422.jpg.webp 768w\" sizes=\"auto, (max-width: 1020px) 100vw, 1020px\" \/><\/figure>\n\n\n\n <div class=\"brlbs-cmpnt-container brlbs-cmpnt-content-blocker brlbs-cmpnt-with-individual-styles\" data-borlabs-cookie-content-blocker-id=\"google-maps\" data-borlabs-cookie-content=\"PGlmcmFtZSBzcmM9Imh0dHBzOi8vd3d3Lmdvb2dsZS5jb20vbWFwcy9kL2VtYmVkP21pZD0xc0xIWmFfZnlITnE4ZWVmME5zOV9UWU1GZkxCNmpRSSZlaGJjPTJFMzEyRiIgd2lkdGg9IjY0MCIgaGVpZ2h0PSI0ODAiPjwvaWZyYW1lPg==\"><div class=\"brlbs-cmpnt-cb-preset-b brlbs-cmpnt-cb-google-maps\"> <div class=\"brlbs-cmpnt-cb-thumbnail\" style=\"background-image: url('https:\/\/9staedte.de\/wp-content\/uploads\/borlabs-cookie\/1\/brlbs-cb-google-maps-main.png')\"><\/div> <div class=\"brlbs-cmpnt-cb-main\"> <div class=\"brlbs-cmpnt-cb-content\"> <p class=\"brlbs-cmpnt-cb-description\">You are currently viewing a placeholder content from <strong>Google Maps<\/strong>. To access the actual content, click the button below. Please note that doing so will share data with third-party providers.<\/p> <a class=\"brlbs-cmpnt-cb-provider-toggle\" href=\"#\" data-borlabs-cookie-show-provider-information role=\"button\">More Information<\/a> <\/div> <div class=\"brlbs-cmpnt-cb-buttons\"> <a class=\"brlbs-cmpnt-cb-btn\" href=\"#\" data-borlabs-cookie-unblock role=\"button\">Unblock content<\/a> <a class=\"brlbs-cmpnt-cb-btn\" href=\"#\" data-borlabs-cookie-accept-service role=\"button\" style=\"display: inherit\">Accept required service and unblock content<\/a> <\/div> <\/div> <\/div><\/div>\n\n\n\n<p><a href=\"https:\/\/www.einbeck-tourismus.de\/wohnmobilstellplatz\">Yderligere oplysninger om Einbecks autocamperplads:<\/a><\/p>\n\n\n\n<p><strong>9 tips:<\/strong><br>1. Udforsk Einbeck Beer Trail p\u00e5 egen h\u00e5nd og smag Einbeck-\u00f8l, eller bestil en rundvisning p\u00e5 bryggeriet.<br>2. Tag en kaffepause p\u00e5 markedspladsen.<br>3. Se den \u00e6ldste \u00f8lt\u00f8nde i Tyskland p\u00e5 StadtMuseum.<br>4. Deltag i en offentlig guidet tur i byen.<br>5. Bes\u00f8g PS.SPEICHER og giv den gas i Porsche-Sumulator.<br>6. Smag p\u00e5 Einbecker-sennep<br>7. Opdag unikke gadekunstpletter p\u00e5 huse, mure eller busser, og tag et souvenirbillede foran dem.<br>8. K\u00f8b noget h\u00e5ndlavet i bl\u00e5tryk.<br>9. Klatre op i t\u00e5rnet p\u00e5 Marktkirche, ind\u00e5nd bjergluften og nyd udsigten.<\/p>\n","protected":false},"excerpt":{"rendered":"<p>Einbeck, en juvel i centrum af Tyskland Einbeck, en \u00e6gte perle i midten af Tyskland, er kendt for sine imponerende bindingsv\u00e6rkshuse, den ber\u00f8mte Einbeck-\u00f8l og den st\u00f8rste samling af veteranbiler i Europa &#8211; PS.SPEICHER. Med et areal p\u00e5 over 231 kvadratkilometer er Einbeck den st\u00f8rste by i det sydlige Niedersachsen, omgivet af maleriske lave bjergk\u00e6der, [&hellip;]<\/p>\n","protected":false},"author":6,"featured_media":22471,"parent":12653,"menu_order":0,"comment_status":"closed","ping_status":"closed","template":"","meta":{"_acf_changed":false,"footnotes":""},"categories":[],"tags":[],"ncap_cities_tax":[476,1447],"class_list":["post-22487","page","type-page","status-publish","has-post-thumbnail","hentry","ncap_cities_tax-einbeck-da","ncap_cities_tax-reisemobilstellplatze-einbeck-da"],"acf":[],"yoast_head":"<!-- This site is optimized with the Yoast SEO plugin v26.8 - https:\/\/yoast.com\/product\/yoast-seo-wordpress\/ -->\n<title>Med autocamperen til Einbeck - 9 St\u00e4dte in Niedersachsen<\/title>\n<meta name=\"robots\" content=\"index, follow, max-snippet:-1, max-image-preview:large, max-video-preview:-1\" \/>\n<link rel=\"canonical\" href=\"https:\/\/9staedte.de\/da\/einbeck-klassiske-biler-bindingsvaerkshuse-oel\/mit-dem-reisemobil-nach-einbeck\/\" \/>\n<meta property=\"og:locale\" content=\"da_DK\" \/>\n<meta property=\"og:type\" content=\"article\" \/>\n<meta property=\"og:title\" content=\"Med autocamperen til Einbeck - 9 St\u00e4dte in Niedersachsen\" \/>\n<meta property=\"og:description\" content=\"Einbeck, en juvel i centrum af Tyskland Einbeck, en \u00e6gte perle i midten af Tyskland, er kendt for sine imponerende bindingsv\u00e6rkshuse, den ber\u00f8mte Einbeck-\u00f8l og den st\u00f8rste samling af veteranbiler i Europa &#8211; PS.SPEICHER. Med et areal p\u00e5 over 231 kvadratkilometer er Einbeck den st\u00f8rste by i det sydlige Niedersachsen, omgivet af maleriske lave bjergk\u00e6der, [&hellip;]\" \/>\n<meta property=\"og:url\" content=\"https:\/\/9staedte.de\/da\/einbeck-klassiske-biler-bindingsvaerkshuse-oel\/mit-dem-reisemobil-nach-einbeck\/\" \/>\n<meta property=\"og:site_name\" content=\"9 St\u00e4dte in Niedersachsen\" \/>\n<meta property=\"article:modified_time\" content=\"2024-06-13T14:22:11+00:00\" \/>\n<meta property=\"og:image\" content=\"https:\/\/9staedte.de\/wp-content\/uploads\/2024\/06\/Einbeck-Parkanlage-\u00a9Max-Wiesenbach-1.jpg\" \/>\n\t<meta property=\"og:image:width\" content=\"1020\" \/>\n\t<meta property=\"og:image:height\" content=\"560\" \/>\n\t<meta property=\"og:image:type\" content=\"image\/jpeg\" \/>\n<meta name=\"twitter:card\" content=\"summary_large_image\" \/>\n<meta name=\"twitter:label1\" content=\"Estimeret l\u00e6setid\" \/>\n\t<meta name=\"twitter:data1\" content=\"2 minutter\" \/>\n<script type=\"application\/ld+json\" class=\"yoast-schema-graph\">{\"@context\":\"https:\/\/schema.org\",\"@graph\":[{\"@type\":\"WebPage\",\"@id\":\"https:\/\/9staedte.de\/da\/einbeck-klassiske-biler-bindingsvaerkshuse-oel\/mit-dem-reisemobil-nach-einbeck\/\",\"url\":\"https:\/\/9staedte.de\/da\/einbeck-klassiske-biler-bindingsvaerkshuse-oel\/mit-dem-reisemobil-nach-einbeck\/\",\"name\":\"Med autocamperen til Einbeck - 9 St\u00e4dte in Niedersachsen\",\"isPartOf\":{\"@id\":\"https:\/\/9staedte.de\/da\/#website\"},\"primaryImageOfPage\":{\"@id\":\"https:\/\/9staedte.de\/da\/einbeck-klassiske-biler-bindingsvaerkshuse-oel\/mit-dem-reisemobil-nach-einbeck\/#primaryimage\"},\"image\":{\"@id\":\"https:\/\/9staedte.de\/da\/einbeck-klassiske-biler-bindingsvaerkshuse-oel\/mit-dem-reisemobil-nach-einbeck\/#primaryimage\"},\"thumbnailUrl\":\"https:\/\/9staedte.de\/wp-content\/uploads\/2024\/06\/Einbeck-Parkanlage-\u00a9Max-Wiesenbach-1.jpg\",\"datePublished\":\"2024-06-13T14:13:10+00:00\",\"dateModified\":\"2024-06-13T14:22:11+00:00\",\"breadcrumb\":{\"@id\":\"https:\/\/9staedte.de\/da\/einbeck-klassiske-biler-bindingsvaerkshuse-oel\/mit-dem-reisemobil-nach-einbeck\/#breadcrumb\"},\"inLanguage\":\"da-DK\",\"potentialAction\":[{\"@type\":\"ReadAction\",\"target\":[\"https:\/\/9staedte.de\/da\/einbeck-klassiske-biler-bindingsvaerkshuse-oel\/mit-dem-reisemobil-nach-einbeck\/\"]}]},{\"@type\":\"ImageObject\",\"inLanguage\":\"da-DK\",\"@id\":\"https:\/\/9staedte.de\/da\/einbeck-klassiske-biler-bindingsvaerkshuse-oel\/mit-dem-reisemobil-nach-einbeck\/#primaryimage\",\"url\":\"https:\/\/9staedte.de\/wp-content\/uploads\/2024\/06\/Einbeck-Parkanlage-\u00a9Max-Wiesenbach-1.jpg\",\"contentUrl\":\"https:\/\/9staedte.de\/wp-content\/uploads\/2024\/06\/Einbeck-Parkanlage-\u00a9Max-Wiesenbach-1.jpg\",\"width\":1020,\"height\":560,\"caption\":\"Einbeck Parkanlage \u00a9Max Wiesenbach\"},{\"@type\":\"BreadcrumbList\",\"@id\":\"https:\/\/9staedte.de\/da\/einbeck-klassiske-biler-bindingsvaerkshuse-oel\/mit-dem-reisemobil-nach-einbeck\/#breadcrumb\",\"itemListElement\":[{\"@type\":\"ListItem\",\"position\":1,\"name\":\"Startseite\",\"item\":\"https:\/\/9staedte.de\/da\/hjem-9-byer-2-i-niedersachsen\/\"},{\"@type\":\"ListItem\",\"position\":2,\"name\":\"Med autocamperen til Einbeck\"}]},{\"@type\":\"WebSite\",\"@id\":\"https:\/\/9staedte.de\/da\/#website\",\"url\":\"https:\/\/9staedte.de\/da\/\",\"name\":\"9 St\u00e4dte in Niedersachsen\",\"description\":\"\",\"publisher\":{\"@id\":\"https:\/\/9staedte.de\/da\/#organization\"},\"potentialAction\":[{\"@type\":\"SearchAction\",\"target\":{\"@type\":\"EntryPoint\",\"urlTemplate\":\"https:\/\/9staedte.de\/da\/?s={search_term_string}\"},\"query-input\":{\"@type\":\"PropertyValueSpecification\",\"valueRequired\":true,\"valueName\":\"search_term_string\"}}],\"inLanguage\":\"da-DK\"},{\"@type\":\"Organization\",\"@id\":\"https:\/\/9staedte.de\/da\/#organization\",\"name\":\"9 St\u00e4dte in Niedersachsen\",\"url\":\"https:\/\/9staedte.de\/da\/\",\"logo\":{\"@type\":\"ImageObject\",\"inLanguage\":\"da-DK\",\"@id\":\"https:\/\/9staedte.de\/da\/#\/schema\/logo\/image\/\",\"url\":\"https:\/\/9staedte.de\/wp-content\/uploads\/2025\/01\/9-neg-deutsch-2-1.png\",\"contentUrl\":\"https:\/\/9staedte.de\/wp-content\/uploads\/2025\/01\/9-neg-deutsch-2-1.png\",\"width\":190,\"height\":114,\"caption\":\"9 St\u00e4dte in Niedersachsen\"},\"image\":{\"@id\":\"https:\/\/9staedte.de\/da\/#\/schema\/logo\/image\/\"}}]}<\/script>\n<!-- \/ Yoast SEO plugin. -->","yoast_head_json":{"title":"Med autocamperen til Einbeck - 9 St\u00e4dte in Niedersachsen","robots":{"index":"index","follow":"follow","max-snippet":"max-snippet:-1","max-image-preview":"max-image-preview:large","max-video-preview":"max-video-preview:-1"},"canonical":"https:\/\/9staedte.de\/da\/einbeck-klassiske-biler-bindingsvaerkshuse-oel\/mit-dem-reisemobil-nach-einbeck\/","og_locale":"da_DK","og_type":"article","og_title":"Med autocamperen til Einbeck - 9 St\u00e4dte in Niedersachsen","og_description":"Einbeck, en juvel i centrum af Tyskland Einbeck, en \u00e6gte perle i midten af Tyskland, er kendt for sine imponerende bindingsv\u00e6rkshuse, den ber\u00f8mte Einbeck-\u00f8l og den st\u00f8rste samling af veteranbiler i Europa &#8211; PS.SPEICHER. Med et areal p\u00e5 over 231 kvadratkilometer er Einbeck den st\u00f8rste by i det sydlige Niedersachsen, omgivet af maleriske lave bjergk\u00e6der, [&hellip;]","og_url":"https:\/\/9staedte.de\/da\/einbeck-klassiske-biler-bindingsvaerkshuse-oel\/mit-dem-reisemobil-nach-einbeck\/","og_site_name":"9 St\u00e4dte in Niedersachsen","article_modified_time":"2024-06-13T14:22:11+00:00","og_image":[{"width":1020,"height":560,"url":"https:\/\/9staedte.de\/wp-content\/uploads\/2024\/06\/Einbeck-Parkanlage-\u00a9Max-Wiesenbach-1.jpg","type":"image\/jpeg"}],"twitter_card":"summary_large_image","twitter_misc":{"Estimeret l\u00e6setid":"2 minutter"},"schema":{"@context":"https:\/\/schema.org","@graph":[{"@type":"WebPage","@id":"https:\/\/9staedte.de\/da\/einbeck-klassiske-biler-bindingsvaerkshuse-oel\/mit-dem-reisemobil-nach-einbeck\/","url":"https:\/\/9staedte.de\/da\/einbeck-klassiske-biler-bindingsvaerkshuse-oel\/mit-dem-reisemobil-nach-einbeck\/","name":"Med autocamperen til Einbeck - 9 St\u00e4dte in Niedersachsen","isPartOf":{"@id":"https:\/\/9staedte.de\/da\/#website"},"primaryImageOfPage":{"@id":"https:\/\/9staedte.de\/da\/einbeck-klassiske-biler-bindingsvaerkshuse-oel\/mit-dem-reisemobil-nach-einbeck\/#primaryimage"},"image":{"@id":"https:\/\/9staedte.de\/da\/einbeck-klassiske-biler-bindingsvaerkshuse-oel\/mit-dem-reisemobil-nach-einbeck\/#primaryimage"},"thumbnailUrl":"https:\/\/9staedte.de\/wp-content\/uploads\/2024\/06\/Einbeck-Parkanlage-\u00a9Max-Wiesenbach-1.jpg","datePublished":"2024-06-13T14:13:10+00:00","dateModified":"2024-06-13T14:22:11+00:00","breadcrumb":{"@id":"https:\/\/9staedte.de\/da\/einbeck-klassiske-biler-bindingsvaerkshuse-oel\/mit-dem-reisemobil-nach-einbeck\/#breadcrumb"},"inLanguage":"da-DK","potentialAction":[{"@type":"ReadAction","target":["https:\/\/9staedte.de\/da\/einbeck-klassiske-biler-bindingsvaerkshuse-oel\/mit-dem-reisemobil-nach-einbeck\/"]}]},{"@type":"ImageObject","inLanguage":"da-DK","@id":"https:\/\/9staedte.de\/da\/einbeck-klassiske-biler-bindingsvaerkshuse-oel\/mit-dem-reisemobil-nach-einbeck\/#primaryimage","url":"https:\/\/9staedte.de\/wp-content\/uploads\/2024\/06\/Einbeck-Parkanlage-\u00a9Max-Wiesenbach-1.jpg","contentUrl":"https:\/\/9staedte.de\/wp-content\/uploads\/2024\/06\/Einbeck-Parkanlage-\u00a9Max-Wiesenbach-1.jpg","width":1020,"height":560,"caption":"Einbeck Parkanlage \u00a9Max Wiesenbach"},{"@type":"BreadcrumbList","@id":"https:\/\/9staedte.de\/da\/einbeck-klassiske-biler-bindingsvaerkshuse-oel\/mit-dem-reisemobil-nach-einbeck\/#breadcrumb","itemListElement":[{"@type":"ListItem","position":1,"name":"Startseite","item":"https:\/\/9staedte.de\/da\/hjem-9-byer-2-i-niedersachsen\/"},{"@type":"ListItem","position":2,"name":"Med autocamperen til Einbeck"}]},{"@type":"WebSite","@id":"https:\/\/9staedte.de\/da\/#website","url":"https:\/\/9staedte.de\/da\/","name":"9 St\u00e4dte in Niedersachsen","description":"","publisher":{"@id":"https:\/\/9staedte.de\/da\/#organization"},"potentialAction":[{"@type":"SearchAction","target":{"@type":"EntryPoint","urlTemplate":"https:\/\/9staedte.de\/da\/?s={search_term_string}"},"query-input":{"@type":"PropertyValueSpecification","valueRequired":true,"valueName":"search_term_string"}}],"inLanguage":"da-DK"},{"@type":"Organization","@id":"https:\/\/9staedte.de\/da\/#organization","name":"9 St\u00e4dte in Niedersachsen","url":"https:\/\/9staedte.de\/da\/","logo":{"@type":"ImageObject","inLanguage":"da-DK","@id":"https:\/\/9staedte.de\/da\/#\/schema\/logo\/image\/","url":"https:\/\/9staedte.de\/wp-content\/uploads\/2025\/01\/9-neg-deutsch-2-1.png","contentUrl":"https:\/\/9staedte.de\/wp-content\/uploads\/2025\/01\/9-neg-deutsch-2-1.png","width":190,"height":114,"caption":"9 St\u00e4dte in Niedersachsen"},"image":{"@id":"https:\/\/9staedte.de\/da\/#\/schema\/logo\/image\/"}}]}},"_links":{"self":[{"href":"https:\/\/9staedte.de\/da\/wp-json\/wp\/v2\/pages\/22487","targetHints":{"allow":["GET"]}}],"collection":[{"href":"https:\/\/9staedte.de\/da\/wp-json\/wp\/v2\/pages"}],"about":[{"href":"https:\/\/9staedte.de\/da\/wp-json\/wp\/v2\/types\/page"}],"author":[{"embeddable":true,"href":"https:\/\/9staedte.de\/da\/wp-json\/wp\/v2\/users\/6"}],"replies":[{"embeddable":true,"href":"https:\/\/9staedte.de\/da\/wp-json\/wp\/v2\/comments?post=22487"}],"version-history":[{"count":3,"href":"https:\/\/9staedte.de\/da\/wp-json\/wp\/v2\/pages\/22487\/revisions"}],"predecessor-version":[{"id":22522,"href":"https:\/\/9staedte.de\/da\/wp-json\/wp\/v2\/pages\/22487\/revisions\/22522"}],"up":[{"embeddable":true,"href":"https:\/\/9staedte.de\/da\/wp-json\/wp\/v2\/pages\/12653"}],"wp:featuredmedia":[{"embeddable":true,"href":"https:\/\/9staedte.de\/da\/wp-json\/wp\/v2\/media\/22471"}],"wp:attachment":[{"href":"https:\/\/9staedte.de\/da\/wp-json\/wp\/v2\/media?parent=22487"}],"wp:term":[{"taxonomy":"category","embeddable":true,"href":"https:\/\/9staedte.de\/da\/wp-json\/wp\/v2\/categories?post=22487"},{"taxonomy":"post_tag","embeddable":true,"href":"https:\/\/9staedte.de\/da\/wp-json\/wp\/v2\/tags?post=22487"},{"taxonomy":"ncap_cities_tax","embeddable":true,"href":"https:\/\/9staedte.de\/da\/wp-json\/wp\/v2\/ncap_cities_tax?post=22487"}],"curies":[{"name":"wp","href":"https:\/\/api.w.org\/{rel}","templated":true}]}}