{"id":12705,"date":"2023-10-25T12:23:33","date_gmt":"2023-10-25T10:23:33","guid":{"rendered":"https:\/\/9staedte.de\/celle-dejlig-by-med-mange-boliger\/"},"modified":"2025-05-08T14:52:04","modified_gmt":"2025-05-08T12:52:04","slug":"celle-dejlig-by-med-mange-boliger","status":"publish","type":"page","link":"https:\/\/9staedte.de\/da\/celle-dejlig-by-med-mange-boliger\/","title":{"rendered":"Celle &#8211; dejlig by med mange boliger"},"content":{"rendered":"\n<h2 class=\"wp-block-heading\">Dejlig beboelsesby med Europas st\u00f8rste bindingsv\u00e6rksensemble<\/h2>\n\n\n\n<p>Fra bindingsv\u00e6rkshuse til Bauhaus, Guelph Palace, 24-timers kunstmuseum og regionale specialiteter til en afslappet shoppingtur: Celle st\u00e5r for mangfoldighed. Her kombineres tradition og modernitet p\u00e5 harmonisk vis. Selv i dag kan man stadig f\u00f8lge i hertugernes fodspor i Celle. Ud over paladset med dets boligmuseum, barokteater og kapel indbyder haver og parker til en spadseretur. Venner af New Building kan finde stenvidner til arkitekten Otto Haesler overalt i bybilledet. Og selvf\u00f8lgelig er der heller ingen mangel p\u00e5 nydelse. Celle &#8211; porten til L\u00fcneburger Heide &#8211; er altid et bes\u00f8g v\u00e6rd.<\/p>\n\n\n\n<h4 class=\"wp-block-heading\"><strong>B\u00e6redygtighed af overbevisning<\/strong><\/h4>\n\n\n\n<p>Celle er Nordtysklands f\u00f8rste b\u00e6redygtige by og har v\u00e6ret certificeret siden 2017. Mange hoteller, butikker, kongresforeningen eller Celle Badeland har forpligtet sig til at spare p\u00e5 milj\u00f8et og ressourcerne. Og der bliver flere og flere. Mange ejerledede virksomheder er ikke bare opm\u00e6rksomme p\u00e5 b\u00e6redygtighed, men lever det af overbevisning.<\/p>\n\n\n\n<p>Overnat p\u00e5 et af de romantiske hoteller, eller brug den centrale autocamperplads!<\/p>\n\n\n\n<p><a href=\"http:\/\/www.celle.de\/tourismus\" target=\"_blank\" rel=\"noreferrer noopener\">www.celle.de\/tourismus<\/a><\/p>\n\n\n\n\n<div class=\"banner-wrapper\">\n  <div class=\"banner-inner \">\n      <div class=\"img-container\">\n      <div class=\"img-wrapper\">\n        <img decoding=\"async\" src=\"https:\/\/9staedte.de\/wp-content\/smush-webp\/2024\/02\/Celler-Schloss-mit-Gruppe-CC0.jpg.webp\" alt=\"Billedet viser slottet i Celle. Slottet er stort og hvidt. Det har mange vinduer og t\u00e5rne. Nogle mennesker st\u00e5r foran slottet. Himlen er bl\u00e5. Det er en flot dag.\" \/>\n                  <div class=\"thumbnail-label\">\n            <span>Celler Schloss mit Gruppe CC0<\/span>\n          <\/div>\n              <\/div>\n    <\/div>\n        <div class=\"text-container\">\n      <div class=\"content\">\n        <p><strong>S\u00e6rlige tips<\/strong><\/p>\n<ul>\n<li>Bes\u00f8g museerne i Celle<\/li>\n<li>Klatre op i t\u00e5rnet p\u00e5 Celles bykirke<\/li>\n<li>Historisk byrundtur med Celles nattevagt<\/li>\n<li>En kostumetur p\u00e5 Celles slot<\/li>\n<li>Celles klokkespil i den historiske gamle bydel<\/li>\n<li>Shopping i den gamle bymidte med mange ejerledede butikker<\/li>\n<li>Overv\u00e6r en forestilling p\u00e5 Celle Slotsteater<\/li>\n<li>Julemarked i den historiske gamle bydel<\/li>\n<li>Bauhaus-arkitektur i Celle<\/li>\n<\/ul>\n      <\/div>\n    <\/div>\n    <\/div>\n<\/div>\n\n\n\n\n<div style=\"height:30px\" aria-hidden=\"true\" class=\"wp-block-spacer\"><\/div>\n\n\n\n<div class=\"wp-block-columns is-layout-flex wp-container-core-columns-is-layout-9d6595d7 wp-block-columns-is-layout-flex\">\n<div class=\"wp-block-column is-layout-flow wp-block-column-is-layout-flow\" style=\"flex-basis:66.66%\">\n <div class=\"brlbs-cmpnt-container brlbs-cmpnt-content-blocker brlbs-cmpnt-with-individual-styles\" data-borlabs-cookie-content-blocker-id=\"google-maps\" data-borlabs-cookie-content=\"PGlmcmFtZSBzcmM9Imh0dHBzOi8vd3d3Lmdvb2dsZS5jb20vbWFwcy9kL2VtYmVkP21pZD0xX29WLTVuYjBISGN6WVZOeHVxcTNFV243ZEF1a1YzdyZhbXA7ZWhiYz0yRTMxMkYiIHdpZHRoPSIxMDAlIiBoZWlnaHQ9IjQ1MCI+PC9pZnJhbWU+\"><div class=\"brlbs-cmpnt-cb-preset-b brlbs-cmpnt-cb-google-maps\"> <div class=\"brlbs-cmpnt-cb-thumbnail\" style=\"background-image: url('https:\/\/9staedte.de\/wp-content\/uploads\/borlabs-cookie\/1\/brlbs-cb-google-maps-main.png')\"><\/div> <div class=\"brlbs-cmpnt-cb-main\"> <div class=\"brlbs-cmpnt-cb-content\"> <p class=\"brlbs-cmpnt-cb-description\">You are currently viewing a placeholder content from <strong>Google Maps<\/strong>. To access the actual content, click the button below. Please note that doing so will share data with third-party providers.<\/p> <a class=\"brlbs-cmpnt-cb-provider-toggle\" href=\"#\" data-borlabs-cookie-show-provider-information role=\"button\">More Information<\/a> <\/div> <div class=\"brlbs-cmpnt-cb-buttons\"> <a class=\"brlbs-cmpnt-cb-btn\" href=\"#\" data-borlabs-cookie-unblock role=\"button\">Unblock content<\/a> <a class=\"brlbs-cmpnt-cb-btn\" href=\"#\" data-borlabs-cookie-accept-service role=\"button\" style=\"display: inherit\">Accept required service and unblock content<\/a> <\/div> <\/div> <\/div><\/div>\n<\/div>\n\n\n\n<div class=\"wp-block-column map-legend is-layout-flow wp-block-column-is-layout-flow\">\n<p><strong>Steder af interesse<\/strong><\/p>\n\n\n\n<ul class=\"map-legend main-legend wp-block-list\">\n<li>Residenspalads med paladskapel  <\/li>\n\n\n\n<li>Bykirke med fyrstelig krypt<\/li>\n\n\n\n<li>Kalandgasse  <\/li>\n\n\n\n<li>Det gamle r\u00e5dhus <\/li>\n\n\n\n<li>Hoppener House  <\/li>\n\n\n\n<li>Lyskunstprojekt Talende lanterner  <\/li>\n\n\n\n<li>Stor plan med Stechinell House  <\/li>\n\n\n\n<li>Fransk have  <\/li>\n\n\n\n<li>Bos\u00e6ttelse &#8220;Italiensk have&#8221; (bygget 1924, arkitekt Otto Haesler)<\/li>\n<\/ul>\n<\/div>\n<\/div>\n\n\n\n<div style=\"height:60px\" aria-hidden=\"true\" class=\"wp-block-spacer\"><\/div>\n\n\n\n<div class=\"content-grid\">\n\n\n  \n  <div class=\"grid\">\n                        \n                    \n          <div class=\"featured-themen-single\">\n            <div class=\"featured-themen-single-inner\" style=\"background-image: url('https:\/\/9staedte.de\/wp-content\/smush-webp\/2023\/02\/celle-franzoeischer-garten-fruehling-c-Stadt-Celle.jpg.webp')\">\n              \n              <a href=\"https:\/\/9staedte.de\/da\/celle-dejlig-by-med-mange-boliger\/naturoplevelser-og-baeredygtighed-i-celle\/\">\n                <span>Naturoplevelser og b\u00e6redygtighed i Celle<\/span>\n              <\/a>\n            <\/div>\n          <\/div>\n    \n          \n                  \n                    \n          <div class=\"featured-themen-single\">\n            <div class=\"featured-themen-single-inner\" style=\"background-image: url('https:\/\/9staedte.de\/wp-content\/smush-webp\/2023\/01\/Rundgang-durch-Celle-c-Stadt-Celle.jpg.webp')\">\n              \n              <a href=\"https:\/\/9staedte.de\/da\/celle-dejlig-by-med-mange-boliger\/byrundture-i-celle\/\">\n                <span>Byrundture i Celle<\/span>\n              <\/a>\n            <\/div>\n          <\/div>\n    \n          \n                  \n                    \n          <div class=\"featured-themen-single\">\n            <div class=\"featured-themen-single-inner\" style=\"background-image: url('https:\/\/9staedte.de\/wp-content\/smush-webp\/2022\/03\/RS57_celle_schloss_luftbild.jpg.webp')\">\n              \n              <a href=\"https:\/\/9staedte.de\/da\/celle-dejlig-by-med-mange-boliger\/indtryk-fra-celle\/\">\n                <span>Indtryk fra Celle<\/span>\n              <\/a>\n            <\/div>\n          <\/div>\n    \n          \n                  \n                    \n          <div class=\"featured-themen-single\">\n            <div class=\"featured-themen-single-inner\" style=\"background-image: url('https:\/\/9staedte.de\/wp-content\/smush-webp\/2023\/02\/Shopping-in-Celle-c-Celle-Tourimsus-4.jpg.webp')\">\n              \n              <a href=\"https:\/\/9staedte.de\/da\/celle-dejlig-by-med-mange-boliger\/shopping-og-gaa-ud-i-celle\/\">\n                <span>Shopping og g\u00e5 ud i Celle<\/span>\n              <\/a>\n            <\/div>\n          <\/div>\n    \n          \n                          \n        <\/div>\n<\/div>","protected":false},"excerpt":{"rendered":"<p>Dejlig beboelsesby med Europas st\u00f8rste bindingsv\u00e6rksensemble Fra bindingsv\u00e6rkshuse til Bauhaus, Guelph Palace, 24-timers kunstmuseum og regionale specialiteter til en afslappet shoppingtur: Celle st\u00e5r for mangfoldighed. Her kombineres tradition og modernitet p\u00e5 harmonisk vis. Selv i dag kan man stadig f\u00f8lge i hertugernes fodspor i Celle. Ud over paladset med dets boligmuseum, barokteater og kapel indbyder [&hellip;]<\/p>\n","protected":false},"author":1,"featured_media":20933,"parent":0,"menu_order":0,"comment_status":"closed","ping_status":"closed","template":"pagetemplates\/template-stadtseite.php","meta":{"_acf_changed":false,"footnotes":""},"categories":[],"tags":[],"ncap_cities_tax":[427],"class_list":["post-12705","page","type-page","status-publish","has-post-thumbnail","hentry","ncap_cities_tax-celle-da"],"acf":[],"yoast_head":"<!-- This site is optimized with the Yoast SEO plugin v26.8 - https:\/\/yoast.com\/product\/yoast-seo-wordpress\/ -->\n<title>Celle - dejlig by med mange boliger - 9 St\u00e4dte in Niedersachsen<\/title>\n<meta name=\"description\" content=\"Cellle - elskelig boligby: bindingsv\u00e6rkshuse, Bauhaus og Guelph Slot og et unikt 24-timers kunstmuseum\" \/>\n<meta name=\"robots\" content=\"index, follow, max-snippet:-1, max-image-preview:large, max-video-preview:-1\" \/>\n<link rel=\"canonical\" href=\"https:\/\/9staedte.de\/da\/celle-dejlig-by-med-mange-boliger\/\" \/>\n<meta property=\"og:locale\" content=\"da_DK\" \/>\n<meta property=\"og:type\" content=\"article\" \/>\n<meta property=\"og:title\" content=\"Celle - dejlig by med mange boliger - 9 St\u00e4dte in Niedersachsen\" \/>\n<meta property=\"og:description\" content=\"Cellle - elskelig boligby: bindingsv\u00e6rkshuse, Bauhaus og Guelph Slot og et unikt 24-timers kunstmuseum\" \/>\n<meta property=\"og:url\" content=\"https:\/\/9staedte.de\/da\/celle-dejlig-by-med-mange-boliger\/\" \/>\n<meta property=\"og:site_name\" content=\"9 St\u00e4dte in Niedersachsen\" \/>\n<meta property=\"article:modified_time\" content=\"2025-05-08T12:52:04+00:00\" \/>\n<meta property=\"og:image\" content=\"https:\/\/9staedte.de\/wp-content\/uploads\/2024\/02\/Hauptmotiv-celle-sonnenuntergang-ccbysa-vdb-220323-6.jpg\" \/>\n\t<meta property=\"og:image:width\" content=\"1020\" \/>\n\t<meta property=\"og:image:height\" content=\"574\" \/>\n\t<meta property=\"og:image:type\" content=\"image\/jpeg\" \/>\n<meta name=\"twitter:card\" content=\"summary_large_image\" \/>\n<meta name=\"twitter:label1\" content=\"Estimeret l\u00e6setid\" \/>\n\t<meta name=\"twitter:data1\" content=\"2 minutter\" \/>\n<script type=\"application\/ld+json\" class=\"yoast-schema-graph\">{\"@context\":\"https:\/\/schema.org\",\"@graph\":[{\"@type\":\"WebPage\",\"@id\":\"https:\/\/9staedte.de\/da\/celle-dejlig-by-med-mange-boliger\/\",\"url\":\"https:\/\/9staedte.de\/da\/celle-dejlig-by-med-mange-boliger\/\",\"name\":\"Celle - dejlig by med mange boliger - 9 St\u00e4dte in Niedersachsen\",\"isPartOf\":{\"@id\":\"https:\/\/9staedte.de\/da\/#website\"},\"primaryImageOfPage\":{\"@id\":\"https:\/\/9staedte.de\/da\/celle-dejlig-by-med-mange-boliger\/#primaryimage\"},\"image\":{\"@id\":\"https:\/\/9staedte.de\/da\/celle-dejlig-by-med-mange-boliger\/#primaryimage\"},\"thumbnailUrl\":\"https:\/\/9staedte.de\/wp-content\/uploads\/2024\/02\/Hauptmotiv-celle-sonnenuntergang-ccbysa-vdb-220323-6.jpg\",\"datePublished\":\"2023-10-25T10:23:33+00:00\",\"dateModified\":\"2025-05-08T12:52:04+00:00\",\"description\":\"Cellle - elskelig boligby: bindingsv\u00e6rkshuse, Bauhaus og Guelph Slot og et unikt 24-timers kunstmuseum\",\"breadcrumb\":{\"@id\":\"https:\/\/9staedte.de\/da\/celle-dejlig-by-med-mange-boliger\/#breadcrumb\"},\"inLanguage\":\"da-DK\",\"potentialAction\":[{\"@type\":\"ReadAction\",\"target\":[\"https:\/\/9staedte.de\/da\/celle-dejlig-by-med-mange-boliger\/\"]}]},{\"@type\":\"ImageObject\",\"inLanguage\":\"da-DK\",\"@id\":\"https:\/\/9staedte.de\/da\/celle-dejlig-by-med-mange-boliger\/#primaryimage\",\"url\":\"https:\/\/9staedte.de\/wp-content\/uploads\/2024\/02\/Hauptmotiv-celle-sonnenuntergang-ccbysa-vdb-220323-6.jpg\",\"contentUrl\":\"https:\/\/9staedte.de\/wp-content\/uploads\/2024\/02\/Hauptmotiv-celle-sonnenuntergang-ccbysa-vdb-220323-6.jpg\",\"width\":1020,\"height\":574,\"caption\":\"Celle Fachwerk Sonnenuntergang ccbysa-vdb\"},{\"@type\":\"BreadcrumbList\",\"@id\":\"https:\/\/9staedte.de\/da\/celle-dejlig-by-med-mange-boliger\/#breadcrumb\",\"itemListElement\":[{\"@type\":\"ListItem\",\"position\":1,\"name\":\"Startseite\",\"item\":\"https:\/\/9staedte.de\/da\/hjem-9-byer-2-i-niedersachsen\/\"},{\"@type\":\"ListItem\",\"position\":2,\"name\":\"Celle &#8211; dejlig by med mange boliger\"}]},{\"@type\":\"WebSite\",\"@id\":\"https:\/\/9staedte.de\/da\/#website\",\"url\":\"https:\/\/9staedte.de\/da\/\",\"name\":\"9 St\u00e4dte in Niedersachsen\",\"description\":\"\",\"publisher\":{\"@id\":\"https:\/\/9staedte.de\/da\/#organization\"},\"potentialAction\":[{\"@type\":\"SearchAction\",\"target\":{\"@type\":\"EntryPoint\",\"urlTemplate\":\"https:\/\/9staedte.de\/da\/?s={search_term_string}\"},\"query-input\":{\"@type\":\"PropertyValueSpecification\",\"valueRequired\":true,\"valueName\":\"search_term_string\"}}],\"inLanguage\":\"da-DK\"},{\"@type\":\"Organization\",\"@id\":\"https:\/\/9staedte.de\/da\/#organization\",\"name\":\"9 St\u00e4dte in Niedersachsen\",\"url\":\"https:\/\/9staedte.de\/da\/\",\"logo\":{\"@type\":\"ImageObject\",\"inLanguage\":\"da-DK\",\"@id\":\"https:\/\/9staedte.de\/da\/#\/schema\/logo\/image\/\",\"url\":\"https:\/\/9staedte.de\/wp-content\/uploads\/2025\/01\/9-neg-deutsch-2-1.png\",\"contentUrl\":\"https:\/\/9staedte.de\/wp-content\/uploads\/2025\/01\/9-neg-deutsch-2-1.png\",\"width\":190,\"height\":114,\"caption\":\"9 St\u00e4dte in Niedersachsen\"},\"image\":{\"@id\":\"https:\/\/9staedte.de\/da\/#\/schema\/logo\/image\/\"}}]}<\/script>\n<!-- \/ Yoast SEO plugin. -->","yoast_head_json":{"title":"Celle - dejlig by med mange boliger - 9 St\u00e4dte in Niedersachsen","description":"Cellle - elskelig boligby: bindingsv\u00e6rkshuse, Bauhaus og Guelph Slot og et unikt 24-timers kunstmuseum","robots":{"index":"index","follow":"follow","max-snippet":"max-snippet:-1","max-image-preview":"max-image-preview:large","max-video-preview":"max-video-preview:-1"},"canonical":"https:\/\/9staedte.de\/da\/celle-dejlig-by-med-mange-boliger\/","og_locale":"da_DK","og_type":"article","og_title":"Celle - dejlig by med mange boliger - 9 St\u00e4dte in Niedersachsen","og_description":"Cellle - elskelig boligby: bindingsv\u00e6rkshuse, Bauhaus og Guelph Slot og et unikt 24-timers kunstmuseum","og_url":"https:\/\/9staedte.de\/da\/celle-dejlig-by-med-mange-boliger\/","og_site_name":"9 St\u00e4dte in Niedersachsen","article_modified_time":"2025-05-08T12:52:04+00:00","og_image":[{"width":1020,"height":574,"url":"https:\/\/9staedte.de\/wp-content\/uploads\/2024\/02\/Hauptmotiv-celle-sonnenuntergang-ccbysa-vdb-220323-6.jpg","type":"image\/jpeg"}],"twitter_card":"summary_large_image","twitter_misc":{"Estimeret l\u00e6setid":"2 minutter"},"schema":{"@context":"https:\/\/schema.org","@graph":[{"@type":"WebPage","@id":"https:\/\/9staedte.de\/da\/celle-dejlig-by-med-mange-boliger\/","url":"https:\/\/9staedte.de\/da\/celle-dejlig-by-med-mange-boliger\/","name":"Celle - dejlig by med mange boliger - 9 St\u00e4dte in Niedersachsen","isPartOf":{"@id":"https:\/\/9staedte.de\/da\/#website"},"primaryImageOfPage":{"@id":"https:\/\/9staedte.de\/da\/celle-dejlig-by-med-mange-boliger\/#primaryimage"},"image":{"@id":"https:\/\/9staedte.de\/da\/celle-dejlig-by-med-mange-boliger\/#primaryimage"},"thumbnailUrl":"https:\/\/9staedte.de\/wp-content\/uploads\/2024\/02\/Hauptmotiv-celle-sonnenuntergang-ccbysa-vdb-220323-6.jpg","datePublished":"2023-10-25T10:23:33+00:00","dateModified":"2025-05-08T12:52:04+00:00","description":"Cellle - elskelig boligby: bindingsv\u00e6rkshuse, Bauhaus og Guelph Slot og et unikt 24-timers kunstmuseum","breadcrumb":{"@id":"https:\/\/9staedte.de\/da\/celle-dejlig-by-med-mange-boliger\/#breadcrumb"},"inLanguage":"da-DK","potentialAction":[{"@type":"ReadAction","target":["https:\/\/9staedte.de\/da\/celle-dejlig-by-med-mange-boliger\/"]}]},{"@type":"ImageObject","inLanguage":"da-DK","@id":"https:\/\/9staedte.de\/da\/celle-dejlig-by-med-mange-boliger\/#primaryimage","url":"https:\/\/9staedte.de\/wp-content\/uploads\/2024\/02\/Hauptmotiv-celle-sonnenuntergang-ccbysa-vdb-220323-6.jpg","contentUrl":"https:\/\/9staedte.de\/wp-content\/uploads\/2024\/02\/Hauptmotiv-celle-sonnenuntergang-ccbysa-vdb-220323-6.jpg","width":1020,"height":574,"caption":"Celle Fachwerk Sonnenuntergang ccbysa-vdb"},{"@type":"BreadcrumbList","@id":"https:\/\/9staedte.de\/da\/celle-dejlig-by-med-mange-boliger\/#breadcrumb","itemListElement":[{"@type":"ListItem","position":1,"name":"Startseite","item":"https:\/\/9staedte.de\/da\/hjem-9-byer-2-i-niedersachsen\/"},{"@type":"ListItem","position":2,"name":"Celle &#8211; dejlig by med mange boliger"}]},{"@type":"WebSite","@id":"https:\/\/9staedte.de\/da\/#website","url":"https:\/\/9staedte.de\/da\/","name":"9 St\u00e4dte in Niedersachsen","description":"","publisher":{"@id":"https:\/\/9staedte.de\/da\/#organization"},"potentialAction":[{"@type":"SearchAction","target":{"@type":"EntryPoint","urlTemplate":"https:\/\/9staedte.de\/da\/?s={search_term_string}"},"query-input":{"@type":"PropertyValueSpecification","valueRequired":true,"valueName":"search_term_string"}}],"inLanguage":"da-DK"},{"@type":"Organization","@id":"https:\/\/9staedte.de\/da\/#organization","name":"9 St\u00e4dte in Niedersachsen","url":"https:\/\/9staedte.de\/da\/","logo":{"@type":"ImageObject","inLanguage":"da-DK","@id":"https:\/\/9staedte.de\/da\/#\/schema\/logo\/image\/","url":"https:\/\/9staedte.de\/wp-content\/uploads\/2025\/01\/9-neg-deutsch-2-1.png","contentUrl":"https:\/\/9staedte.de\/wp-content\/uploads\/2025\/01\/9-neg-deutsch-2-1.png","width":190,"height":114,"caption":"9 St\u00e4dte in Niedersachsen"},"image":{"@id":"https:\/\/9staedte.de\/da\/#\/schema\/logo\/image\/"}}]}},"_links":{"self":[{"href":"https:\/\/9staedte.de\/da\/wp-json\/wp\/v2\/pages\/12705","targetHints":{"allow":["GET"]}}],"collection":[{"href":"https:\/\/9staedte.de\/da\/wp-json\/wp\/v2\/pages"}],"about":[{"href":"https:\/\/9staedte.de\/da\/wp-json\/wp\/v2\/types\/page"}],"author":[{"embeddable":true,"href":"https:\/\/9staedte.de\/da\/wp-json\/wp\/v2\/users\/1"}],"replies":[{"embeddable":true,"href":"https:\/\/9staedte.de\/da\/wp-json\/wp\/v2\/comments?post=12705"}],"version-history":[{"count":6,"href":"https:\/\/9staedte.de\/da\/wp-json\/wp\/v2\/pages\/12705\/revisions"}],"predecessor-version":[{"id":25385,"href":"https:\/\/9staedte.de\/da\/wp-json\/wp\/v2\/pages\/12705\/revisions\/25385"}],"wp:featuredmedia":[{"embeddable":true,"href":"https:\/\/9staedte.de\/da\/wp-json\/wp\/v2\/media\/20933"}],"wp:attachment":[{"href":"https:\/\/9staedte.de\/da\/wp-json\/wp\/v2\/media?parent=12705"}],"wp:term":[{"taxonomy":"category","embeddable":true,"href":"https:\/\/9staedte.de\/da\/wp-json\/wp\/v2\/categories?post=12705"},{"taxonomy":"post_tag","embeddable":true,"href":"https:\/\/9staedte.de\/da\/wp-json\/wp\/v2\/tags?post=12705"},{"taxonomy":"ncap_cities_tax","embeddable":true,"href":"https:\/\/9staedte.de\/da\/wp-json\/wp\/v2\/ncap_cities_tax?post=12705"}],"curies":[{"name":"wp","href":"https:\/\/api.w.org\/{rel}","templated":true}]}}