{"id":12700,"date":"2023-10-25T12:28:39","date_gmt":"2023-10-25T10:28:39","guid":{"rendered":"https:\/\/9staedte.de\/wolfenbuettel-lessings-by\/"},"modified":"2024-03-25T16:20:38","modified_gmt":"2024-03-25T15:20:38","slug":"wolfenbuettel-lessings-by","status":"publish","type":"page","link":"https:\/\/9staedte.de\/da\/wolfenbuettel-lessings-by\/","title":{"rendered":"Wolfenb\u00fcttel &#8211; Lessings by"},"content":{"rendered":"\n<h2 class=\"wp-block-heading\">1.000 bindingsv\u00e6rkshuse og J\u00e4germeister<\/h2>\n\n\n\n<p>Wolfenb\u00fcttel, kendt som hjemsted for J\u00c4GERMEISTER. Men vidste du, at det n\u00e6stst\u00f8rste bevarede slot i Niedersachsen ligger i Wolfenb\u00fcttel? Eller at Gotthold Ephraim Lessing skrev den sidste<br>tilbragte mange \u00e5r af sit liv i Wolfenb\u00fcttel? Ikke det? Wolfenb\u00fcttel var residens for de guelfiske hertuger i over tre \u00e5rhundreder. Stort set sk\u00e5net for historiens krige, synes<br>den gamle bydel med slottet og det verdensber\u00f8mte Herzog August-bibliotek, Lessing-huset, den f\u00f8rste protestantisk byggede kirke, stort set som den var i hoffets dage. Opdag den<br>Lessingstadt Wolfenb\u00fcttel og s\u00e5 igen og igen.<\/p>\n\n\n\n<p><a href=\"http:\/\/www.lessingstadt-wolfenbuettel.de\/\">www.lessingstadt-wolfenb\u00fcttel.de<\/a><\/p>\n\n\n\n\n<div class=\"banner-wrapper\">\n  <div class=\"banner-inner \">\n      <div class=\"img-container\">\n      <div class=\"img-wrapper\">\n        <img decoding=\"async\" src=\"https:\/\/9staedte.de\/wp-content\/smush-webp\/2022\/03\/WolfenbuettelSchloss-Fotograf-Christian-Bierwagen-Rechte-Stadt-Wolfenbuettel.jpg.webp\" alt=\"\" \/>\n                  <div class=\"thumbnail-label\">\n            <span>Wolfenb\u00fcttelSchloss, Fotograf Christian Bierwagen, Rechte Stadt Wolfenb\u00fcttel<\/span>\n          <\/div>\n              <\/div>\n    <\/div>\n        <div class=\"text-container\">\n      <div class=\"content\">\n        <p><strong>S\u00e6rlige tips<\/strong><\/p>\n<ul>\n<li>\u00a0Daglige byrundture fra p\u00e5ske til 3. oktober<\/li>\n<li>\u00a0J\u00e4germeister Fan Shop i turistinformationscentret<\/li>\n<li>\u00a0Wolfenb\u00fcttels slotsmuseum med de welfiske hertugers gemakker<\/li>\n<li>\u00a0Gammel bydel med omkring 1.000 bindingsv\u00e6rkshuse<\/li>\n<li>\u00a0SUP- og kanoture p\u00e5 Oker<\/li>\n<li>\u00a0Discgolf i Seeliger Park og Linden Estate Park<\/li>\n<li>\u00a0Eventyrligt julemarked i den gamle bymidte<\/li>\n<li>\u00a0Wolfenb\u00fcttel APP for fritid og turisme<\/li>\n<li>\u00a0Puslespilstur gennem den gamle bydel<\/li>\n<\/ul>\n      <\/div>\n    <\/div>\n    <\/div>\n<\/div>\n\n\n\n\n<div style=\"height:30px\" aria-hidden=\"true\" class=\"wp-block-spacer\"><\/div>\n\n\n\n<div class=\"wp-block-columns is-layout-flex wp-container-core-columns-is-layout-9d6595d7 wp-block-columns-is-layout-flex\">\n<div class=\"wp-block-column is-layout-flow wp-block-column-is-layout-flow\">\n <div class=\"brlbs-cmpnt-container brlbs-cmpnt-content-blocker brlbs-cmpnt-with-individual-styles\" data-borlabs-cookie-content-blocker-id=\"google-maps\" data-borlabs-cookie-content=\"PGlmcmFtZSBzcmM9Imh0dHBzOi8vd3d3Lmdvb2dsZS5jb20vbWFwcy9kL2VtYmVkP21pZD0xdVpDMjJYaFVJUjB5dTNCYS1mQUgtbFczUWlGMERxZyZhbXA7ZWhiYz0yRTMxMkYiIHdpZHRoPSIxMDAlIiBoZWlnaHQ9IjQ1MCI+PC9pZnJhbWU+\"><div class=\"brlbs-cmpnt-cb-preset-b brlbs-cmpnt-cb-google-maps\"> <div class=\"brlbs-cmpnt-cb-thumbnail\" style=\"background-image: url('https:\/\/9staedte.de\/wp-content\/uploads\/borlabs-cookie\/1\/brlbs-cb-google-maps-main.png')\"><\/div> <div class=\"brlbs-cmpnt-cb-main\"> <div class=\"brlbs-cmpnt-cb-content\"> <p class=\"brlbs-cmpnt-cb-description\">You are currently viewing a placeholder content from <strong>Google Maps<\/strong>. To access the actual content, click the button below. Please note that doing so will share data with third-party providers.<\/p> <a class=\"brlbs-cmpnt-cb-provider-toggle\" href=\"#\" data-borlabs-cookie-show-provider-information role=\"button\">More Information<\/a> <\/div> <div class=\"brlbs-cmpnt-cb-buttons\"> <a class=\"brlbs-cmpnt-cb-btn\" href=\"#\" data-borlabs-cookie-unblock role=\"button\">Unblock content<\/a> <a class=\"brlbs-cmpnt-cb-btn\" href=\"#\" data-borlabs-cookie-accept-service role=\"button\" style=\"display: inherit\">Accept required service and unblock content<\/a> <\/div> <\/div> <\/div><\/div>\n<\/div>\n\n\n\n<div class=\"wp-block-column is-layout-flow wp-block-column-is-layout-flow\" style=\"flex-basis:33.33%\">\n<p><strong>Steder af interesse:<\/strong><\/p>\n\n\n\n<ul class=\"map-legend main-legend wp-block-list\">\n<li>Hertugpaladset<\/li>\n\n\n\n<li>Lessinghaus <\/li>\n\n\n\n<li>Hertug Augusts bibliotek og v\u00e5benkammer  <\/li>\n\n\n\n<li>Citizen Museum  <\/li>\n\n\n\n<li>Lille Venedig  <\/li>\n\n\n\n<li>R\u00e5dhuset og byens marked<\/li>\n\n\n\n<li>Hovedkirken Beatae Mariae Virginis  <\/li>\n\n\n\n<li>Treenighedskirken  <\/li>\n\n\n\n<li>Sk\u00e6v vej<\/li>\n<\/ul>\n<\/div>\n<\/div>\n\n\n\n<div style=\"height:60px\" aria-hidden=\"true\" class=\"wp-block-spacer\"><\/div>\n\n\n\n<div class=\"content-grid\">\n\n\n  \n  <div class=\"grid\">\n                        \n                    \n          <div class=\"featured-themen-single\">\n            <div class=\"featured-themen-single-inner\" style=\"background-image: url('https:\/\/9staedte.de\/wp-content\/smush-webp\/2023\/02\/161008-wf-marketing-087.jpg.webp')\">\n              \n              <a href=\"https:\/\/9staedte.de\/da\/wolfenbuettel-lessings-by\/byture-i-wolfenbuettel\/\">\n                <span>Byture i Wolfenb\u00fcttel<\/span>\n              <\/a>\n            <\/div>\n          <\/div>\n    \n          \n                  \n                    \n          <div class=\"featured-themen-single\">\n            <div class=\"featured-themen-single-inner\" style=\"background-image: url('https:\/\/9staedte.de\/wp-content\/smush-webp\/2023\/07\/Wolfenbuettel-Kulturnacht-Foto-Uwe-Doehner-Missling-Rechte-Stadt-WF.jpg.webp')\">\n              \n              <a href=\"https:\/\/9staedte.de\/da\/wolfenbuettel-lessings-by\/begivenheder-i-wolfenbuettel\/\">\n                <span>Begivenheder i Wolfenb\u00fcttel<\/span>\n              <\/a>\n            <\/div>\n          <\/div>\n    \n          \n                  \n                    \n          <div class=\"featured-themen-single\">\n            <div class=\"featured-themen-single-inner\" style=\"background-image: url('https:\/\/9staedte.de\/wp-content\/smush-webp\/2023\/02\/Lessinghaus-und-Schloss-Fotograf-Christian-Bierwagen-Rechte-Stadt-Wolfenbuettel.jpg.webp')\">\n              \n              <a href=\"https:\/\/9staedte.de\/da\/wolfenbuettel-lessings-by\/slotte-og-haver-i-wolfenbuettel\/\">\n                <span>Slotte og haver i Wolfenb\u00fcttel<\/span>\n              <\/a>\n            <\/div>\n          <\/div>\n    \n          \n                  \n                    \n          <div class=\"featured-themen-single\">\n            <div class=\"featured-themen-single-inner\" style=\"background-image: url('https:\/\/9staedte.de\/wp-content\/smush-webp\/2022\/03\/Schloss-Wolfenbuettel-Fotograf-Christian-Bierwagen-Rechte-Stadt-Wolfenbuettel.jpg.webp')\">\n              \n              <a href=\"https:\/\/9staedte.de\/da\/wolfenbuettel-lessings-by\/indtryk-fra-wolfenbuettel\/\">\n                <span>Indtryk fra Wolfenb\u00fcttel<\/span>\n              <\/a>\n            <\/div>\n          <\/div>\n    \n          \n                  \n                    \n          <div class=\"featured-themen-single\">\n            <div class=\"featured-themen-single-inner\" style=\"background-image: url('https:\/\/9staedte.de\/wp-content\/smush-webp\/2023\/02\/Herzog-August-Bibliothek-c-Stadt-Wolfenbuettel-Christian-Bierwagen.jpg.webp')\">\n              \n              <a href=\"https:\/\/9staedte.de\/da\/wolfenbuettel-lessings-by\/museer-og-udstillinger-i-wolfenbuettel\/\">\n                <span>Museer og udstillinger i Wolfenb\u00fcttel<\/span>\n              <\/a>\n            <\/div>\n          <\/div>\n    \n          \n                          \n        <\/div>\n<\/div>","protected":false},"excerpt":{"rendered":"<p>1.000 bindingsv\u00e6rkshuse og J\u00e4germeister Wolfenb\u00fcttel, kendt som hjemsted for J\u00c4GERMEISTER. Men vidste du, at det n\u00e6stst\u00f8rste bevarede slot i Niedersachsen ligger i Wolfenb\u00fcttel? Eller at Gotthold Ephraim Lessing skrev den sidstetilbragte mange \u00e5r af sit liv i Wolfenb\u00fcttel? Ikke det? Wolfenb\u00fcttel var residens for de guelfiske hertuger i over tre \u00e5rhundreder. Stort set sk\u00e5net for [&hellip;]<\/p>\n","protected":false},"author":1,"featured_media":13202,"parent":0,"menu_order":0,"comment_status":"closed","ping_status":"closed","template":"pagetemplates\/template-stadtseite.php","meta":{"_acf_changed":false,"footnotes":""},"categories":[],"tags":[],"ncap_cities_tax":[469],"class_list":["post-12700","page","type-page","status-publish","has-post-thumbnail","hentry","ncap_cities_tax-wolfenbuettel-da"],"acf":[],"yoast_head":"<!-- This site is optimized with the Yoast SEO plugin v27.4 - https:\/\/yoast.com\/product\/yoast-seo-wordpress\/ -->\n<title>Wolfenb\u00fcttel - Lessings by - 9 St\u00e4dte in Niedersachsen<\/title>\n<meta name=\"description\" content=\"Wolfenb\u00fcttel, Lessings by. Over 1.000 bindingsv\u00e6rkshuse findes i den gamle bydel. Wolfenb\u00fcttel er verdensber\u00f8mt som hjemsted for &quot;J\u00e4germeister&quot;.\" \/>\n<meta name=\"robots\" content=\"index, follow, max-snippet:-1, max-image-preview:large, max-video-preview:-1\" \/>\n<link rel=\"canonical\" href=\"https:\/\/9staedte.de\/da\/wolfenbuettel-lessings-by\/\" \/>\n<meta property=\"og:locale\" content=\"da_DK\" \/>\n<meta property=\"og:type\" content=\"article\" \/>\n<meta property=\"og:title\" content=\"Wolfenb\u00fcttel - Lessings by - 9 St\u00e4dte in Niedersachsen\" \/>\n<meta property=\"og:description\" content=\"Wolfenb\u00fcttel, Lessings by. Over 1.000 bindingsv\u00e6rkshuse findes i den gamle bydel. Wolfenb\u00fcttel er verdensber\u00f8mt som hjemsted for &quot;J\u00e4germeister&quot;.\" \/>\n<meta property=\"og:url\" content=\"https:\/\/9staedte.de\/da\/wolfenbuettel-lessings-by\/\" \/>\n<meta property=\"og:site_name\" content=\"9 St\u00e4dte in Niedersachsen\" \/>\n<meta property=\"article:modified_time\" content=\"2024-03-25T15:20:38+00:00\" \/>\n<meta property=\"og:image\" content=\"https:\/\/9staedte.de\/wp-content\/uploads\/2024\/03\/Wolfenbuettel-Krambuden-Wasser-cStadt-Woflenbuette-Christian-Bierwagen.jpg\" \/>\n\t<meta property=\"og:image:width\" content=\"1019\" \/>\n\t<meta property=\"og:image:height\" content=\"561\" \/>\n\t<meta property=\"og:image:type\" content=\"image\/jpeg\" \/>\n<meta name=\"twitter:card\" content=\"summary_large_image\" \/>\n<meta name=\"twitter:label1\" content=\"Estimeret l\u00e6setid\" \/>\n\t<meta name=\"twitter:data1\" content=\"1 minut\" \/>\n<script type=\"application\/ld+json\" class=\"yoast-schema-graph\">{\"@context\":\"https:\\\/\\\/schema.org\",\"@graph\":[{\"@type\":\"WebPage\",\"@id\":\"https:\\\/\\\/9staedte.de\\\/da\\\/wolfenbuettel-lessings-by\\\/\",\"url\":\"https:\\\/\\\/9staedte.de\\\/da\\\/wolfenbuettel-lessings-by\\\/\",\"name\":\"Wolfenb\u00fcttel - Lessings by - 9 St\u00e4dte in Niedersachsen\",\"isPartOf\":{\"@id\":\"https:\\\/\\\/9staedte.de\\\/da\\\/#website\"},\"primaryImageOfPage\":{\"@id\":\"https:\\\/\\\/9staedte.de\\\/da\\\/wolfenbuettel-lessings-by\\\/#primaryimage\"},\"image\":{\"@id\":\"https:\\\/\\\/9staedte.de\\\/da\\\/wolfenbuettel-lessings-by\\\/#primaryimage\"},\"thumbnailUrl\":\"https:\\\/\\\/9staedte.de\\\/wp-content\\\/uploads\\\/2023\\\/07\\\/Wolfenbuettel-Residenzschloss-c-Stadt-Wolfenbuettel-Christian-Bierwagen-scaled.jpg\",\"datePublished\":\"2023-10-25T10:28:39+00:00\",\"dateModified\":\"2024-03-25T15:20:38+00:00\",\"description\":\"Wolfenb\u00fcttel, Lessings by. Over 1.000 bindingsv\u00e6rkshuse findes i den gamle bydel. Wolfenb\u00fcttel er verdensber\u00f8mt som hjemsted for \\\"J\u00e4germeister\\\".\",\"breadcrumb\":{\"@id\":\"https:\\\/\\\/9staedte.de\\\/da\\\/wolfenbuettel-lessings-by\\\/#breadcrumb\"},\"inLanguage\":\"da-DK\",\"potentialAction\":[{\"@type\":\"ReadAction\",\"target\":[\"https:\\\/\\\/9staedte.de\\\/da\\\/wolfenbuettel-lessings-by\\\/\"]}]},{\"@type\":\"ImageObject\",\"inLanguage\":\"da-DK\",\"@id\":\"https:\\\/\\\/9staedte.de\\\/da\\\/wolfenbuettel-lessings-by\\\/#primaryimage\",\"url\":\"https:\\\/\\\/9staedte.de\\\/wp-content\\\/uploads\\\/2023\\\/07\\\/Wolfenbuettel-Residenzschloss-c-Stadt-Wolfenbuettel-Christian-Bierwagen-scaled.jpg\",\"contentUrl\":\"https:\\\/\\\/9staedte.de\\\/wp-content\\\/uploads\\\/2023\\\/07\\\/Wolfenbuettel-Residenzschloss-c-Stadt-Wolfenbuettel-Christian-Bierwagen-scaled.jpg\",\"width\":2560,\"height\":1707,\"caption\":\"Wolfenb\u00fcttel Residenzschloss c) Stadt Wolfenb\u00fcttel Christian Bierwagen\"},{\"@type\":\"BreadcrumbList\",\"@id\":\"https:\\\/\\\/9staedte.de\\\/da\\\/wolfenbuettel-lessings-by\\\/#breadcrumb\",\"itemListElement\":[{\"@type\":\"ListItem\",\"position\":1,\"name\":\"Startseite\",\"item\":\"https:\\\/\\\/9staedte.de\\\/da\\\/hjem-9-byer-2-i-niedersachsen\\\/\"},{\"@type\":\"ListItem\",\"position\":2,\"name\":\"Wolfenb\u00fcttel &#8211; Lessings by\"}]},{\"@type\":\"WebSite\",\"@id\":\"https:\\\/\\\/9staedte.de\\\/da\\\/#website\",\"url\":\"https:\\\/\\\/9staedte.de\\\/da\\\/\",\"name\":\"9 St\u00e4dte in Niedersachsen\",\"description\":\"\",\"publisher\":{\"@id\":\"https:\\\/\\\/9staedte.de\\\/da\\\/#organization\"},\"potentialAction\":[{\"@type\":\"SearchAction\",\"target\":{\"@type\":\"EntryPoint\",\"urlTemplate\":\"https:\\\/\\\/9staedte.de\\\/da\\\/?s={search_term_string}\"},\"query-input\":{\"@type\":\"PropertyValueSpecification\",\"valueRequired\":true,\"valueName\":\"search_term_string\"}}],\"inLanguage\":\"da-DK\"},{\"@type\":\"Organization\",\"@id\":\"https:\\\/\\\/9staedte.de\\\/da\\\/#organization\",\"name\":\"9 St\u00e4dte in Niedersachsen\",\"url\":\"https:\\\/\\\/9staedte.de\\\/da\\\/\",\"logo\":{\"@type\":\"ImageObject\",\"inLanguage\":\"da-DK\",\"@id\":\"https:\\\/\\\/9staedte.de\\\/da\\\/#\\\/schema\\\/logo\\\/image\\\/\",\"url\":\"https:\\\/\\\/9staedte.de\\\/wp-content\\\/uploads\\\/2025\\\/01\\\/9-neg-deutsch-2-1.png\",\"contentUrl\":\"https:\\\/\\\/9staedte.de\\\/wp-content\\\/uploads\\\/2025\\\/01\\\/9-neg-deutsch-2-1.png\",\"width\":190,\"height\":114,\"caption\":\"9 St\u00e4dte in Niedersachsen\"},\"image\":{\"@id\":\"https:\\\/\\\/9staedte.de\\\/da\\\/#\\\/schema\\\/logo\\\/image\\\/\"}}]}<\/script>\n<!-- \/ Yoast SEO plugin. -->","yoast_head_json":{"title":"Wolfenb\u00fcttel - Lessings by - 9 St\u00e4dte in Niedersachsen","description":"Wolfenb\u00fcttel, Lessings by. Over 1.000 bindingsv\u00e6rkshuse findes i den gamle bydel. Wolfenb\u00fcttel er verdensber\u00f8mt som hjemsted for \"J\u00e4germeister\".","robots":{"index":"index","follow":"follow","max-snippet":"max-snippet:-1","max-image-preview":"max-image-preview:large","max-video-preview":"max-video-preview:-1"},"canonical":"https:\/\/9staedte.de\/da\/wolfenbuettel-lessings-by\/","og_locale":"da_DK","og_type":"article","og_title":"Wolfenb\u00fcttel - Lessings by - 9 St\u00e4dte in Niedersachsen","og_description":"Wolfenb\u00fcttel, Lessings by. Over 1.000 bindingsv\u00e6rkshuse findes i den gamle bydel. Wolfenb\u00fcttel er verdensber\u00f8mt som hjemsted for \"J\u00e4germeister\".","og_url":"https:\/\/9staedte.de\/da\/wolfenbuettel-lessings-by\/","og_site_name":"9 St\u00e4dte in Niedersachsen","article_modified_time":"2024-03-25T15:20:38+00:00","og_image":[{"width":1019,"height":561,"url":"https:\/\/9staedte.de\/wp-content\/uploads\/2024\/03\/Wolfenbuettel-Krambuden-Wasser-cStadt-Woflenbuette-Christian-Bierwagen.jpg","type":"image\/jpeg"}],"twitter_card":"summary_large_image","twitter_misc":{"Estimeret l\u00e6setid":"1 minut"},"schema":{"@context":"https:\/\/schema.org","@graph":[{"@type":"WebPage","@id":"https:\/\/9staedte.de\/da\/wolfenbuettel-lessings-by\/","url":"https:\/\/9staedte.de\/da\/wolfenbuettel-lessings-by\/","name":"Wolfenb\u00fcttel - Lessings by - 9 St\u00e4dte in Niedersachsen","isPartOf":{"@id":"https:\/\/9staedte.de\/da\/#website"},"primaryImageOfPage":{"@id":"https:\/\/9staedte.de\/da\/wolfenbuettel-lessings-by\/#primaryimage"},"image":{"@id":"https:\/\/9staedte.de\/da\/wolfenbuettel-lessings-by\/#primaryimage"},"thumbnailUrl":"https:\/\/9staedte.de\/wp-content\/uploads\/2023\/07\/Wolfenbuettel-Residenzschloss-c-Stadt-Wolfenbuettel-Christian-Bierwagen-scaled.jpg","datePublished":"2023-10-25T10:28:39+00:00","dateModified":"2024-03-25T15:20:38+00:00","description":"Wolfenb\u00fcttel, Lessings by. Over 1.000 bindingsv\u00e6rkshuse findes i den gamle bydel. Wolfenb\u00fcttel er verdensber\u00f8mt som hjemsted for \"J\u00e4germeister\".","breadcrumb":{"@id":"https:\/\/9staedte.de\/da\/wolfenbuettel-lessings-by\/#breadcrumb"},"inLanguage":"da-DK","potentialAction":[{"@type":"ReadAction","target":["https:\/\/9staedte.de\/da\/wolfenbuettel-lessings-by\/"]}]},{"@type":"ImageObject","inLanguage":"da-DK","@id":"https:\/\/9staedte.de\/da\/wolfenbuettel-lessings-by\/#primaryimage","url":"https:\/\/9staedte.de\/wp-content\/uploads\/2023\/07\/Wolfenbuettel-Residenzschloss-c-Stadt-Wolfenbuettel-Christian-Bierwagen-scaled.jpg","contentUrl":"https:\/\/9staedte.de\/wp-content\/uploads\/2023\/07\/Wolfenbuettel-Residenzschloss-c-Stadt-Wolfenbuettel-Christian-Bierwagen-scaled.jpg","width":2560,"height":1707,"caption":"Wolfenb\u00fcttel Residenzschloss c) Stadt Wolfenb\u00fcttel Christian Bierwagen"},{"@type":"BreadcrumbList","@id":"https:\/\/9staedte.de\/da\/wolfenbuettel-lessings-by\/#breadcrumb","itemListElement":[{"@type":"ListItem","position":1,"name":"Startseite","item":"https:\/\/9staedte.de\/da\/hjem-9-byer-2-i-niedersachsen\/"},{"@type":"ListItem","position":2,"name":"Wolfenb\u00fcttel &#8211; Lessings by"}]},{"@type":"WebSite","@id":"https:\/\/9staedte.de\/da\/#website","url":"https:\/\/9staedte.de\/da\/","name":"9 St\u00e4dte in Niedersachsen","description":"","publisher":{"@id":"https:\/\/9staedte.de\/da\/#organization"},"potentialAction":[{"@type":"SearchAction","target":{"@type":"EntryPoint","urlTemplate":"https:\/\/9staedte.de\/da\/?s={search_term_string}"},"query-input":{"@type":"PropertyValueSpecification","valueRequired":true,"valueName":"search_term_string"}}],"inLanguage":"da-DK"},{"@type":"Organization","@id":"https:\/\/9staedte.de\/da\/#organization","name":"9 St\u00e4dte in Niedersachsen","url":"https:\/\/9staedte.de\/da\/","logo":{"@type":"ImageObject","inLanguage":"da-DK","@id":"https:\/\/9staedte.de\/da\/#\/schema\/logo\/image\/","url":"https:\/\/9staedte.de\/wp-content\/uploads\/2025\/01\/9-neg-deutsch-2-1.png","contentUrl":"https:\/\/9staedte.de\/wp-content\/uploads\/2025\/01\/9-neg-deutsch-2-1.png","width":190,"height":114,"caption":"9 St\u00e4dte in Niedersachsen"},"image":{"@id":"https:\/\/9staedte.de\/da\/#\/schema\/logo\/image\/"}}]}},"_links":{"self":[{"href":"https:\/\/9staedte.de\/da\/wp-json\/wp\/v2\/pages\/12700","targetHints":{"allow":["GET"]}}],"collection":[{"href":"https:\/\/9staedte.de\/da\/wp-json\/wp\/v2\/pages"}],"about":[{"href":"https:\/\/9staedte.de\/da\/wp-json\/wp\/v2\/types\/page"}],"author":[{"embeddable":true,"href":"https:\/\/9staedte.de\/da\/wp-json\/wp\/v2\/users\/1"}],"replies":[{"embeddable":true,"href":"https:\/\/9staedte.de\/da\/wp-json\/wp\/v2\/comments?post=12700"}],"version-history":[{"count":3,"href":"https:\/\/9staedte.de\/da\/wp-json\/wp\/v2\/pages\/12700\/revisions"}],"predecessor-version":[{"id":21666,"href":"https:\/\/9staedte.de\/da\/wp-json\/wp\/v2\/pages\/12700\/revisions\/21666"}],"wp:featuredmedia":[{"embeddable":true,"href":"https:\/\/9staedte.de\/da\/wp-json\/wp\/v2\/media\/13202"}],"wp:attachment":[{"href":"https:\/\/9staedte.de\/da\/wp-json\/wp\/v2\/media?parent=12700"}],"wp:term":[{"taxonomy":"category","embeddable":true,"href":"https:\/\/9staedte.de\/da\/wp-json\/wp\/v2\/categories?post=12700"},{"taxonomy":"post_tag","embeddable":true,"href":"https:\/\/9staedte.de\/da\/wp-json\/wp\/v2\/tags?post=12700"},{"taxonomy":"ncap_cities_tax","embeddable":true,"href":"https:\/\/9staedte.de\/da\/wp-json\/wp\/v2\/ncap_cities_tax?post=12700"}],"curies":[{"name":"wp","href":"https:\/\/api.w.org\/{rel}","templated":true}]}}