{"id":12680,"date":"2023-10-25T12:26:00","date_gmt":"2023-10-25T10:26:00","guid":{"rendered":"https:\/\/9staedte.de\/goettingen-en-by-der-skaber-viden\/"},"modified":"2025-05-15T12:45:42","modified_gmt":"2025-05-15T10:45:42","slug":"goettingen-en-by-der-skaber-viden","status":"publish","type":"page","link":"https:\/\/9staedte.de\/da\/goettingen-en-by-der-skaber-viden\/","title":{"rendered":"G\u00f6ttingen &#8211; en by, der skaber viden"},"content":{"rendered":"\n<h2 class=\"wp-block-heading\">Universitetsby rig p\u00e5 traditioner<\/h2>\n\n\n\n<p>Rejsende s\u00e6tter pris p\u00e5 den kosmopolitiske atmosf\u00e6re i den livlige by, hvor studerende og internationale g\u00e6ster dominerer gadebilledet. Kombinationen af tradition og modernitet finder man ikke kun p\u00e5 det ber\u00f8mte Georg August Universitet, men overalt i G\u00f6ttingen. Den gamle bydel kombinerer p\u00e5 charmerende vis minderne fra den middelalderlige k\u00f8bstad med flairen fra en moderne shoppingmetropol. De livlige sidegader indbyder til shopping, og de hyggelige restauranter og pittoreske studenterpubber indbyder til at blive h\u00e6ngende. Det kulturelle tilbud er enest\u00e5ende. Teatre, orkestre, museer og udstillinger tiltr\u00e6kker mange bes\u00f8gende.<\/p>\n\n\n\n<p><a href=\"http:\/\/www.goettingen-tourismus.de\/\">www.goettingen-tourismus.de<\/a><\/p>\n\n\n\n\n<div class=\"banner-wrapper\">\n  <div class=\"banner-inner \">\n      <div class=\"img-container\">\n      <div class=\"img-wrapper\">\n        <img decoding=\"async\" src=\"https:\/\/9staedte.de\/wp-content\/smush-webp\/2023\/02\/Goettingen-Gaenseliesel-c-Lars-Gerhardts.jpg.webp\" alt=\"G\u00f6ttingen G\u00e4nseliesel c) G\u00f6ttingen Marketing GmbH Lars Gerhardts\" \/>\n                  <div class=\"thumbnail-label\">\n            <span>G\u00f6ttingen G\u00e4nseliesel c) Lars Gerhardts<\/span>\n          <\/div>\n              <\/div>\n    <\/div>\n        <div class=\"text-container\">\n      <div class=\"content\">\n        <p><strong>S\u00e6rlige tips<\/strong><\/p>\n<p>&#8211; Tag med p\u00e5 en byrundtur<br \/>\n&#8211; Shoppingtur i den historiske gamle bydel<br \/>\n&#8211; Guidet tur p\u00e5 det traditionelle universitet<br \/>\n&#8211; G\u00e5 langs voldene<br \/>\n&#8211; Rundvisning p\u00e5 byens kirkeg\u00e5rd (nobelprisvindernes grave)<br \/>\n&#8211; Bes\u00f8g p\u00e5 saltv\u00e6rket Luisenhall<br \/>\n&#8211; Vandretur til Bismarckt\u00e5rnet<br \/>\n&#8211; Afslapning i badeparadiset Eiswiese<br \/>\n&#8211; International H\u00e4ndel-festival<\/p>\n      <\/div>\n    <\/div>\n    <\/div>\n<\/div>\n\n\n\n\n<div style=\"height:30px\" aria-hidden=\"true\" class=\"wp-block-spacer\"><\/div>\n\n\n\n<div class=\"wp-block-columns is-layout-flex wp-container-core-columns-is-layout-9d6595d7 wp-block-columns-is-layout-flex\">\n<div class=\"wp-block-column is-layout-flow wp-block-column-is-layout-flow\" style=\"flex-basis:66.66%\">\n <div class=\"brlbs-cmpnt-container brlbs-cmpnt-content-blocker brlbs-cmpnt-with-individual-styles\" data-borlabs-cookie-content-blocker-id=\"google-maps\" data-borlabs-cookie-content=\"PGlmcmFtZSBzcmM9Imh0dHBzOi8vd3d3Lmdvb2dsZS5jb20vbWFwcy9kL2VtYmVkP21pZD0xcnFxUDl2dWdUcHVPdExseUUxWFlHc0VpaklYam91WSZhbXA7ZWhiYz0yRTMxMkYiIHdpZHRoPSIxMDAlIiBoZWlnaHQ9IjQ1MCI+PC9pZnJhbWU+\"><div class=\"brlbs-cmpnt-cb-preset-b brlbs-cmpnt-cb-google-maps\"> <div class=\"brlbs-cmpnt-cb-thumbnail\" style=\"background-image: url('https:\/\/9staedte.de\/wp-content\/uploads\/borlabs-cookie\/1\/brlbs-cb-google-maps-main.png')\"><\/div> <div class=\"brlbs-cmpnt-cb-main\"> <div class=\"brlbs-cmpnt-cb-content\"> <p class=\"brlbs-cmpnt-cb-description\">You are currently viewing a placeholder content from <strong>Google Maps<\/strong>. To access the actual content, click the button below. Please note that doing so will share data with third-party providers.<\/p> <a class=\"brlbs-cmpnt-cb-provider-toggle\" href=\"#\" data-borlabs-cookie-show-provider-information role=\"button\">More Information<\/a> <\/div> <div class=\"brlbs-cmpnt-cb-buttons\"> <a class=\"brlbs-cmpnt-cb-btn\" href=\"#\" data-borlabs-cookie-unblock role=\"button\">Unblock content<\/a> <a class=\"brlbs-cmpnt-cb-btn\" href=\"#\" data-borlabs-cookie-accept-service role=\"button\" style=\"display: inherit\">Accept required service and unblock content<\/a> <\/div> <\/div> <\/div><\/div>\n<\/div>\n\n\n\n<div class=\"wp-block-column is-layout-flow wp-block-column-is-layout-flow\" style=\"flex-basis:33.33%\">\n<p><strong>Steder af interesse:<\/strong><\/p>\n\n\n\n<ul class=\"wp-block-list map-legend main-legend\">\n<li>Vidensmuseum &#8220;Forum Wissen  <\/li>\n\n\n\n<li>St. John&#8217;s  <\/li>\n\n\n\n<li>Det gamle r\u00e5dhus <\/li>\n\n\n\n<li>G\u00e4nseliesel springvand<\/li>\n\n\n\n<li>Junkernsch\u00e4nke  <\/li>\n\n\n\n<li>St. Jacob&#8217;s  <\/li>\n\n\n\n<li>Universitetets auditorium  <\/li>\n\n\n\n<li>Tysk teater  <\/li>\n\n\n\n<li>Den gamle botaniske have<\/li>\n<\/ul>\n<\/div>\n<\/div>\n\n\n\n<div style=\"height:60px\" aria-hidden=\"true\" class=\"wp-block-spacer\"><\/div>\n\n\n\n<div class=\"content-grid\">\n\n\n  \n  <div class=\"grid\">\n                        \n                    \n          <div class=\"featured-themen-single\">\n            <div class=\"featured-themen-single-inner\" style=\"background-image: url('https:\/\/9staedte.de\/wp-content\/uploads\/2023\/02\/Goettingen_Alter_Bot._GartencChristoph_Mischke.jpg')\">\n              \n              <a href=\"https:\/\/9staedte.de\/da\/goettingen-en-by-der-skaber-viden\/goettingen-oplev-baeredygtigt\/\">\n                <span>G\u00f6ttingen &#8211; oplev b\u00e6redygtigt<\/span>\n              <\/a>\n            <\/div>\n          <\/div>\n    \n          \n                  \n                    \n          <div class=\"featured-themen-single\">\n            <div class=\"featured-themen-single-inner\" style=\"background-image: url('https:\/\/9staedte.de\/wp-content\/smush-webp\/2023\/02\/Goettingen-Paulinerstrasse-c-Lars-Gerhardts.jpg.webp')\">\n              \n              <a href=\"https:\/\/9staedte.de\/da\/goettingen-en-by-der-skaber-viden\/byrundture-i-goettingen\/\">\n                <span>Byrundture i G\u00f6ttingen<\/span>\n              <\/a>\n            <\/div>\n          <\/div>\n    \n          \n                  \n                    \n          <div class=\"featured-themen-single\">\n            <div class=\"featured-themen-single-inner\" style=\"background-image: url('https:\/\/9staedte.de\/wp-content\/smush-webp\/2023\/02\/Goettingen-Weihnachtsmarkt-c-Christoph-Mischke.jpg.webp')\">\n              \n              <a href=\"https:\/\/9staedte.de\/da\/goettingen-en-by-der-skaber-viden\/julemarked-i-goettingen\/\">\n                <span>Julemarked i G\u00f6ttingen<\/span>\n              <\/a>\n            <\/div>\n          <\/div>\n    \n          \n                  \n                    \n          <div class=\"featured-themen-single\">\n            <div class=\"featured-themen-single-inner\" style=\"background-image: url('https:\/\/9staedte.de\/wp-content\/smush-webp\/2023\/02\/Ausgehen-in-Goettingen-c-Goettingen-Tourismus-Lars-Gerhardts.jpg.webp')\">\n              \n              <a href=\"https:\/\/9staedte.de\/da\/goettingen-en-by-der-skaber-viden\/shopping-og-gaa-ud-i-goettingen\/\">\n                <span>Shopping og g\u00e5 ud i G\u00f6ttingen<\/span>\n              <\/a>\n            <\/div>\n          <\/div>\n    \n          \n                  \n                    \n          <div class=\"featured-themen-single\">\n            <div class=\"featured-themen-single-inner\" style=\"background-image: url('https:\/\/9staedte.de\/wp-content\/smush-webp\/2022\/03\/Goettingen-Impressionen-Altes_Rathaus_Abendstimmung.jpg.webp')\">\n              \n              <a href=\"https:\/\/9staedte.de\/da\/goettingen-en-by-der-skaber-viden\/indtryk-fra-goettingen\/\">\n                <span>Indtryk fra G\u00f6ttingen<\/span>\n              <\/a>\n            <\/div>\n          <\/div>\n    \n          \n                          \n        <\/div>\n<\/div>","protected":false},"excerpt":{"rendered":"<p>Universitetsby rig p\u00e5 traditioner Rejsende s\u00e6tter pris p\u00e5 den kosmopolitiske atmosf\u00e6re i den livlige by, hvor studerende og internationale g\u00e6ster dominerer gadebilledet. Kombinationen af tradition og modernitet finder man ikke kun p\u00e5 det ber\u00f8mte Georg August Universitet, men overalt i G\u00f6ttingen. Den gamle bydel kombinerer p\u00e5 charmerende vis minderne fra den middelalderlige k\u00f8bstad med flairen [&hellip;]<\/p>\n","protected":false},"author":1,"featured_media":13157,"parent":0,"menu_order":0,"comment_status":"closed","ping_status":"closed","template":"pagetemplates\/template-stadtseite.php","meta":{"_acf_changed":false,"footnotes":""},"categories":[],"tags":[],"ncap_cities_tax":[434],"class_list":["post-12680","page","type-page","status-publish","has-post-thumbnail","hentry","ncap_cities_tax-goettingen-da"],"acf":[],"yoast_head":"<!-- This site is optimized with the Yoast SEO plugin v26.8 - https:\/\/yoast.com\/product\/yoast-seo-wordpress\/ -->\n<title>G\u00f6ttingen - en by, der skaber viden - 9 St\u00e4dte in Niedersachsen<\/title>\n<meta name=\"description\" content=\"Kombinationen af tradition og modernitet finder man ikke kun p\u00e5 det ber\u00f8mte Georg August Universitet, men overalt i G\u00f6ttingen.\" \/>\n<meta name=\"robots\" content=\"index, follow, max-snippet:-1, max-image-preview:large, max-video-preview:-1\" \/>\n<link rel=\"canonical\" href=\"https:\/\/9staedte.de\/da\/goettingen-en-by-der-skaber-viden\/\" \/>\n<meta property=\"og:locale\" content=\"da_DK\" \/>\n<meta property=\"og:type\" content=\"article\" \/>\n<meta property=\"og:title\" content=\"G\u00f6ttingen - en by, der skaber viden - 9 St\u00e4dte in Niedersachsen\" \/>\n<meta property=\"og:description\" content=\"Kombinationen af tradition og modernitet finder man ikke kun p\u00e5 det ber\u00f8mte Georg August Universitet, men overalt i G\u00f6ttingen.\" \/>\n<meta property=\"og:url\" content=\"https:\/\/9staedte.de\/da\/goettingen-en-by-der-skaber-viden\/\" \/>\n<meta property=\"og:site_name\" content=\"9 St\u00e4dte in Niedersachsen\" \/>\n<meta property=\"article:modified_time\" content=\"2025-05-15T10:45:42+00:00\" \/>\n<meta property=\"og:image\" content=\"https:\/\/9staedte.de\/wp-content\/uploads\/2023\/06\/Goettingen-Gaenseliesel-c-Lars-Gerhardts.jpg\" \/>\n\t<meta property=\"og:image:width\" content=\"1020\" \/>\n\t<meta property=\"og:image:height\" content=\"560\" \/>\n\t<meta property=\"og:image:type\" content=\"image\/jpeg\" \/>\n<meta name=\"twitter:card\" content=\"summary_large_image\" \/>\n<meta name=\"twitter:label1\" content=\"Estimeret l\u00e6setid\" \/>\n\t<meta name=\"twitter:data1\" content=\"1 minut\" \/>\n<script type=\"application\/ld+json\" class=\"yoast-schema-graph\">{\"@context\":\"https:\/\/schema.org\",\"@graph\":[{\"@type\":\"WebPage\",\"@id\":\"https:\/\/9staedte.de\/da\/goettingen-en-by-der-skaber-viden\/\",\"url\":\"https:\/\/9staedte.de\/da\/goettingen-en-by-der-skaber-viden\/\",\"name\":\"G\u00f6ttingen - en by, der skaber viden - 9 St\u00e4dte in Niedersachsen\",\"isPartOf\":{\"@id\":\"https:\/\/9staedte.de\/da\/#website\"},\"primaryImageOfPage\":{\"@id\":\"https:\/\/9staedte.de\/da\/goettingen-en-by-der-skaber-viden\/#primaryimage\"},\"image\":{\"@id\":\"https:\/\/9staedte.de\/da\/goettingen-en-by-der-skaber-viden\/#primaryimage\"},\"thumbnailUrl\":\"https:\/\/9staedte.de\/wp-content\/uploads\/2023\/07\/Altes-Rathaus-Goettingen-Abendstimmung-c-Goettingen-Tourismus-und-Marketing-e.V.jpg\",\"datePublished\":\"2023-10-25T10:26:00+00:00\",\"dateModified\":\"2025-05-15T10:45:42+00:00\",\"description\":\"Kombinationen af tradition og modernitet finder man ikke kun p\u00e5 det ber\u00f8mte Georg August Universitet, men overalt i G\u00f6ttingen.\",\"breadcrumb\":{\"@id\":\"https:\/\/9staedte.de\/da\/goettingen-en-by-der-skaber-viden\/#breadcrumb\"},\"inLanguage\":\"da-DK\",\"potentialAction\":[{\"@type\":\"ReadAction\",\"target\":[\"https:\/\/9staedte.de\/da\/goettingen-en-by-der-skaber-viden\/\"]}]},{\"@type\":\"ImageObject\",\"inLanguage\":\"da-DK\",\"@id\":\"https:\/\/9staedte.de\/da\/goettingen-en-by-der-skaber-viden\/#primaryimage\",\"url\":\"https:\/\/9staedte.de\/wp-content\/uploads\/2023\/07\/Altes-Rathaus-Goettingen-Abendstimmung-c-Goettingen-Tourismus-und-Marketing-e.V.jpg\",\"contentUrl\":\"https:\/\/9staedte.de\/wp-content\/uploads\/2023\/07\/Altes-Rathaus-Goettingen-Abendstimmung-c-Goettingen-Tourismus-und-Marketing-e.V.jpg\",\"width\":2500,\"height\":1623,\"caption\":\"Altes Rathaus G\u00f6ttingen - Abendstimmung c) G\u00f6ttingen Tourismus und Marketing e.V.\"},{\"@type\":\"BreadcrumbList\",\"@id\":\"https:\/\/9staedte.de\/da\/goettingen-en-by-der-skaber-viden\/#breadcrumb\",\"itemListElement\":[{\"@type\":\"ListItem\",\"position\":1,\"name\":\"Startseite\",\"item\":\"https:\/\/9staedte.de\/da\/hjem-9-byer-2-i-niedersachsen\/\"},{\"@type\":\"ListItem\",\"position\":2,\"name\":\"G\u00f6ttingen &#8211; en by, der skaber viden\"}]},{\"@type\":\"WebSite\",\"@id\":\"https:\/\/9staedte.de\/da\/#website\",\"url\":\"https:\/\/9staedte.de\/da\/\",\"name\":\"9 St\u00e4dte in Niedersachsen\",\"description\":\"\",\"publisher\":{\"@id\":\"https:\/\/9staedte.de\/da\/#organization\"},\"potentialAction\":[{\"@type\":\"SearchAction\",\"target\":{\"@type\":\"EntryPoint\",\"urlTemplate\":\"https:\/\/9staedte.de\/da\/?s={search_term_string}\"},\"query-input\":{\"@type\":\"PropertyValueSpecification\",\"valueRequired\":true,\"valueName\":\"search_term_string\"}}],\"inLanguage\":\"da-DK\"},{\"@type\":\"Organization\",\"@id\":\"https:\/\/9staedte.de\/da\/#organization\",\"name\":\"9 St\u00e4dte in Niedersachsen\",\"url\":\"https:\/\/9staedte.de\/da\/\",\"logo\":{\"@type\":\"ImageObject\",\"inLanguage\":\"da-DK\",\"@id\":\"https:\/\/9staedte.de\/da\/#\/schema\/logo\/image\/\",\"url\":\"https:\/\/9staedte.de\/wp-content\/uploads\/2025\/01\/9-neg-deutsch-2-1.png\",\"contentUrl\":\"https:\/\/9staedte.de\/wp-content\/uploads\/2025\/01\/9-neg-deutsch-2-1.png\",\"width\":190,\"height\":114,\"caption\":\"9 St\u00e4dte in Niedersachsen\"},\"image\":{\"@id\":\"https:\/\/9staedte.de\/da\/#\/schema\/logo\/image\/\"}}]}<\/script>\n<!-- \/ Yoast SEO plugin. -->","yoast_head_json":{"title":"G\u00f6ttingen - en by, der skaber viden - 9 St\u00e4dte in Niedersachsen","description":"Kombinationen af tradition og modernitet finder man ikke kun p\u00e5 det ber\u00f8mte Georg August Universitet, men overalt i G\u00f6ttingen.","robots":{"index":"index","follow":"follow","max-snippet":"max-snippet:-1","max-image-preview":"max-image-preview:large","max-video-preview":"max-video-preview:-1"},"canonical":"https:\/\/9staedte.de\/da\/goettingen-en-by-der-skaber-viden\/","og_locale":"da_DK","og_type":"article","og_title":"G\u00f6ttingen - en by, der skaber viden - 9 St\u00e4dte in Niedersachsen","og_description":"Kombinationen af tradition og modernitet finder man ikke kun p\u00e5 det ber\u00f8mte Georg August Universitet, men overalt i G\u00f6ttingen.","og_url":"https:\/\/9staedte.de\/da\/goettingen-en-by-der-skaber-viden\/","og_site_name":"9 St\u00e4dte in Niedersachsen","article_modified_time":"2025-05-15T10:45:42+00:00","og_image":[{"width":1020,"height":560,"url":"https:\/\/9staedte.de\/wp-content\/uploads\/2023\/06\/Goettingen-Gaenseliesel-c-Lars-Gerhardts.jpg","type":"image\/jpeg"}],"twitter_card":"summary_large_image","twitter_misc":{"Estimeret l\u00e6setid":"1 minut"},"schema":{"@context":"https:\/\/schema.org","@graph":[{"@type":"WebPage","@id":"https:\/\/9staedte.de\/da\/goettingen-en-by-der-skaber-viden\/","url":"https:\/\/9staedte.de\/da\/goettingen-en-by-der-skaber-viden\/","name":"G\u00f6ttingen - en by, der skaber viden - 9 St\u00e4dte in Niedersachsen","isPartOf":{"@id":"https:\/\/9staedte.de\/da\/#website"},"primaryImageOfPage":{"@id":"https:\/\/9staedte.de\/da\/goettingen-en-by-der-skaber-viden\/#primaryimage"},"image":{"@id":"https:\/\/9staedte.de\/da\/goettingen-en-by-der-skaber-viden\/#primaryimage"},"thumbnailUrl":"https:\/\/9staedte.de\/wp-content\/uploads\/2023\/07\/Altes-Rathaus-Goettingen-Abendstimmung-c-Goettingen-Tourismus-und-Marketing-e.V.jpg","datePublished":"2023-10-25T10:26:00+00:00","dateModified":"2025-05-15T10:45:42+00:00","description":"Kombinationen af tradition og modernitet finder man ikke kun p\u00e5 det ber\u00f8mte Georg August Universitet, men overalt i G\u00f6ttingen.","breadcrumb":{"@id":"https:\/\/9staedte.de\/da\/goettingen-en-by-der-skaber-viden\/#breadcrumb"},"inLanguage":"da-DK","potentialAction":[{"@type":"ReadAction","target":["https:\/\/9staedte.de\/da\/goettingen-en-by-der-skaber-viden\/"]}]},{"@type":"ImageObject","inLanguage":"da-DK","@id":"https:\/\/9staedte.de\/da\/goettingen-en-by-der-skaber-viden\/#primaryimage","url":"https:\/\/9staedte.de\/wp-content\/uploads\/2023\/07\/Altes-Rathaus-Goettingen-Abendstimmung-c-Goettingen-Tourismus-und-Marketing-e.V.jpg","contentUrl":"https:\/\/9staedte.de\/wp-content\/uploads\/2023\/07\/Altes-Rathaus-Goettingen-Abendstimmung-c-Goettingen-Tourismus-und-Marketing-e.V.jpg","width":2500,"height":1623,"caption":"Altes Rathaus G\u00f6ttingen - Abendstimmung c) G\u00f6ttingen Tourismus und Marketing e.V."},{"@type":"BreadcrumbList","@id":"https:\/\/9staedte.de\/da\/goettingen-en-by-der-skaber-viden\/#breadcrumb","itemListElement":[{"@type":"ListItem","position":1,"name":"Startseite","item":"https:\/\/9staedte.de\/da\/hjem-9-byer-2-i-niedersachsen\/"},{"@type":"ListItem","position":2,"name":"G\u00f6ttingen &#8211; en by, der skaber viden"}]},{"@type":"WebSite","@id":"https:\/\/9staedte.de\/da\/#website","url":"https:\/\/9staedte.de\/da\/","name":"9 St\u00e4dte in Niedersachsen","description":"","publisher":{"@id":"https:\/\/9staedte.de\/da\/#organization"},"potentialAction":[{"@type":"SearchAction","target":{"@type":"EntryPoint","urlTemplate":"https:\/\/9staedte.de\/da\/?s={search_term_string}"},"query-input":{"@type":"PropertyValueSpecification","valueRequired":true,"valueName":"search_term_string"}}],"inLanguage":"da-DK"},{"@type":"Organization","@id":"https:\/\/9staedte.de\/da\/#organization","name":"9 St\u00e4dte in Niedersachsen","url":"https:\/\/9staedte.de\/da\/","logo":{"@type":"ImageObject","inLanguage":"da-DK","@id":"https:\/\/9staedte.de\/da\/#\/schema\/logo\/image\/","url":"https:\/\/9staedte.de\/wp-content\/uploads\/2025\/01\/9-neg-deutsch-2-1.png","contentUrl":"https:\/\/9staedte.de\/wp-content\/uploads\/2025\/01\/9-neg-deutsch-2-1.png","width":190,"height":114,"caption":"9 St\u00e4dte in Niedersachsen"},"image":{"@id":"https:\/\/9staedte.de\/da\/#\/schema\/logo\/image\/"}}]}},"_links":{"self":[{"href":"https:\/\/9staedte.de\/da\/wp-json\/wp\/v2\/pages\/12680","targetHints":{"allow":["GET"]}}],"collection":[{"href":"https:\/\/9staedte.de\/da\/wp-json\/wp\/v2\/pages"}],"about":[{"href":"https:\/\/9staedte.de\/da\/wp-json\/wp\/v2\/types\/page"}],"author":[{"embeddable":true,"href":"https:\/\/9staedte.de\/da\/wp-json\/wp\/v2\/users\/1"}],"replies":[{"embeddable":true,"href":"https:\/\/9staedte.de\/da\/wp-json\/wp\/v2\/comments?post=12680"}],"version-history":[{"count":6,"href":"https:\/\/9staedte.de\/da\/wp-json\/wp\/v2\/pages\/12680\/revisions"}],"predecessor-version":[{"id":25786,"href":"https:\/\/9staedte.de\/da\/wp-json\/wp\/v2\/pages\/12680\/revisions\/25786"}],"wp:featuredmedia":[{"embeddable":true,"href":"https:\/\/9staedte.de\/da\/wp-json\/wp\/v2\/media\/13157"}],"wp:attachment":[{"href":"https:\/\/9staedte.de\/da\/wp-json\/wp\/v2\/media?parent=12680"}],"wp:term":[{"taxonomy":"category","embeddable":true,"href":"https:\/\/9staedte.de\/da\/wp-json\/wp\/v2\/categories?post=12680"},{"taxonomy":"post_tag","embeddable":true,"href":"https:\/\/9staedte.de\/da\/wp-json\/wp\/v2\/tags?post=12680"},{"taxonomy":"ncap_cities_tax","embeddable":true,"href":"https:\/\/9staedte.de\/da\/wp-json\/wp\/v2\/ncap_cities_tax?post=12680"}],"curies":[{"name":"wp","href":"https:\/\/api.w.org\/{rel}","templated":true}]}}