{"id":12673,"date":"2023-10-25T12:18:35","date_gmt":"2023-10-25T10:18:35","guid":{"rendered":"https:\/\/9staedte.de\/autostadt-i-wolfsburg\/"},"modified":"2023-10-25T12:18:35","modified_gmt":"2023-10-25T10:18:35","slug":"autostadt-i-wolfsburg","status":"publish","type":"page","link":"https:\/\/9staedte.de\/da\/autostadt-i-wolfsburg\/","title":{"rendered":"Autostadt i Wolfsburg"},"content":{"rendered":"\n<h2 class=\"wp-block-heading\">En rejse ind i mobilitetens verden<\/h2>\n\n\n\n<p>Tidsrejser fra historien til fremtidens mobilitet, en stor familieverden og ekstraordin\u00e6re udstillinger: I Autostadt i Wolfsburg f\u00f8lger den ene oplevelse efter den anden. Ud over bilmuseet ZeitHaus byder bilparken p\u00e5 interaktive udstillinger, undervisningsmuligheder for alle aldersgrupper, et mangfoldigt event- og kulturprogram samt et varieret kulinarisk koncept p\u00e5 mere end 28 hektar park- og lagunelandskab. I midten af parken pr\u00e6senterer Volkswagen-koncernens m\u00e6rker sig i deres egne pavilloner.<\/p>\n\n\n\n<p><a href=\"http:\/\/www.autostadt.de\">www.autostadt.de<\/a><\/p>\n\n\n\n\n<div class=\"banner-wrapper\">\n  <div class=\"banner-inner \">\n      <div class=\"img-container\">\n      <div class=\"img-wrapper\">\n        <img decoding=\"async\" src=\"https:\/\/9staedte.de\/wp-content\/smush-webp\/2023\/07\/Autostadt-Uebersicht-c-Autostadt-GmbH-Klaus-Bossemeyer-1-scaled.jpg.webp\" alt=\"Billedet viser Autostadt i Wolfsburg om aftenen. Foran er der en stor s\u00f8. Moderne bygninger st\u00e5r ved vandet. Alt er oplyst med lys. Man ser stier, tr\u00e6er og lamper. M\u00e5nen lyser p\u00e5 himlen. Stemningen er rolig og smuk.\" \/>\n                  <div class=\"thumbnail-label\">\n            <span>Autostadt \u00dcbersicht c) Autostadt GmbH Klaus Bossemeyer<\/span>\n          <\/div>\n              <\/div>\n    <\/div>\n        <div class=\"text-container\">\n      <div class=\"content\">\n        <p><strong>9 besondere Tipps<\/strong><\/p>\n<ul>\n<li>Automobilmuseum ZeitHaus mit historischen Meilensteinen von mehr als 60 Herstellern<\/li>\n<li>Wahrzeichen der Autostadt und schnellstes automatisches Parksystem der Welt: die gl\u00e4sernen Autot\u00fcrme<\/li>\n<li>F\u00fchrungen in 13 verschiedenen Sprachen (nach Verf\u00fcgbarkeit)<\/li>\n<li>kostenlose Probefahrten mit Elektrofahrzeugen des Volkswagen Konzerns<\/li>\n<li>Fahrspa\u00df pur auf dem Gel\u00e4ndeParcours, bei Fahrtrainings oder am professionellen Renn-Simulator<\/li>\n<li>Familienangebote zum Staunen, Spielen, Entspannen und Entdecken<\/li>\n<li>Bildungsprogramm rund um die Themen Digitalisierung, Mobilit\u00e4t und Nachhaltigkeit<\/li>\n<li>kulinarische Vielfalt mit Leckereien aus hauseigenen Manufakturen in verschiedenen Restaurants und Caf\u00e9s<\/li>\n<li>einzigartige saisonale Inszenierungen<\/li>\n<\/ul>\n      <\/div>\n    <\/div>\n    <\/div>\n<\/div>\n\n\n\n\n<h3 class=\"wp-block-heading\">Sommer i Autostadt<\/h3>\n\n\n\n<p>Denne sommer vil talrige tilbud fra Autostadt i Wolfsburg endnu en gang sikre en ferief\u00f8lelse p\u00e5 Mittellandkanalen. Ud over k\u00f8lige drinks i strandklubben Cool Summer Island og en r\u00e6kke sommerlige l\u00e6kkerier i restauranterne og caf\u00e9erne, kan du forvente masser af action for hele familien, for eksempel p\u00e5 us\u00e6dvanlige klatreinstallationer eller en k\u00e6mpe rutsjebane. Naturligvis er mobilitet heller ikke glemt: S\u00e6t sejl p\u00e5 en elektrisk b\u00e5d, rejs ind i fremtidens mobilitet i interaktive udstillinger eller oplev k\u00f8reoplevelsen af elektrisk mobilitet p\u00e5 en pr\u00f8vek\u00f8rsel.  <\/p>\n\n\n\n<h3 class=\"wp-block-heading\">Vinter i Autostadt<\/h3>\n\n\n\n<p>N\u00e5r dagene bliver kortere, begynder den bedste tid p\u00e5 \u00e5ret for mange &#8211; og i Autostadts vinterverden kan du virkelig nyde denne tid: med festligt dekorerede parklandskaber, en enorm sk\u00f8jtebane, et hjerteligt vintermarked og meget mere. Oplev action i sneen og p\u00e5 isen eller tilbring kontemplative \u00f8jeblikke med venner eller familie i det bl\u00f8de sk\u00e6r fra lysene og duften af kanel, nelliker og appelsiner.<\/p>\n\n\n\n<div style=\"height:30px\" aria-hidden=\"true\" class=\"wp-block-spacer\"><\/div>\n\n\n\n<div class=\"content-grid\">\n\n\n  \n  <div class=\"grid\">\n                        \n                    \n          <div class=\"featured-themen-single\">\n            <div class=\"featured-themen-single-inner\" style=\"background-image: url('https:\/\/9staedte.de\/wp-content\/smush-webp\/2022\/03\/Autostadt-Uebersicht-c-Autostadt-GmbH-Klaus-Bosselmann-scaled.jpg.webp')\">\n              \n              <a href=\"https:\/\/9staedte.de\/da\/book-dit-arrangement-i-autostadt\/\">\n                <span>Book dit arrangement i Autostadt<\/span>\n              <\/a>\n            <\/div>\n          <\/div>\n    \n          \n                  \n                    \n          <div class=\"featured-themen-single\">\n            <div class=\"featured-themen-single-inner\" style=\"background-image: url('https:\/\/9staedte.de\/wp-content\/smush-webp\/2023\/01\/Autostadt-Uebersicht-c-Autostadt-GmbH-Nils-Hendrick-Mueller.jpg.webp')\">\n              \n              <a href=\"https:\/\/9staedte.de\/da\/autostadt-i-wolfsburg\/indtryk-fra-autostadt\/\">\n                <span>Indtryk fra Autostadt<\/span>\n              <\/a>\n            <\/div>\n          <\/div>\n    \n          \n                  \n                    \n          <div class=\"featured-themen-single\">\n            <div class=\"featured-themen-single-inner\" style=\"background-image: url('https:\/\/9staedte.de\/wp-content\/smush-webp\/2023\/01\/Zeit-Haus-c-Autostadt-GmbH-Nele-Martensen.jpg.webp')\">\n              \n              <a href=\"https:\/\/9staedte.de\/da\/autostadt-i-wolfsburg\/museer-og-udstillinger-i-autostadt\/\">\n                <span>Museer og udstillinger i Autostadt<\/span>\n              <\/a>\n            <\/div>\n          <\/div>\n    \n          \n                          \n        <\/div>\n<\/div>\n\n\n<div class=\"wp-block-group\"><div class=\"wp-block-group__inner-container is-layout-constrained wp-block-group-is-layout-constrained\">\n<div style=\"height:32px\" aria-hidden=\"true\" class=\"wp-block-spacer\"><\/div>\n\n\n\n<h2 class=\"wp-block-heading\"><strong>Autostadt i Wolfsburg<\/strong><\/h2>\n\n\n\n <div class=\"brlbs-cmpnt-container brlbs-cmpnt-content-blocker brlbs-cmpnt-with-individual-styles\" data-borlabs-cookie-content-blocker-id=\"google-maps\" data-borlabs-cookie-content=\"PGlmcmFtZSBzcmM9Imh0dHBzOi8vd3d3Lmdvb2dsZS5jb20vbWFwcy9lbWJlZD9wYj0hMW0xOCExbTEyITFtMyExZDI0MzIuNTY1NjUwODU2MTM4NyEyZDEwLjc5MTYzMDM3NzMyNTQ1NCEzZDUyLjQzMjY2NzM3MjAzODUzITJtMyExZjAhMmYwITNmMCEzbTIhMWkxMDI0ITJpNzY4ITRmMTMuMSEzbTMhMW0yITFzMHg0N2FmOTNiN2I4OWJmYWNmJTNBMHg0ZGNkZjA3ZjRkMjM3ZmY4ITJzQXV0b3N0YWR0ITVlMCEzbTIhMXNkZSEyc2RlITR2MTY5MjE3NTAyMDMwNCE1bTIhMXNkZSEyc2RlIiB3aWR0aD0iNjAwIiBoZWlnaHQ9IjQ1MCIgc3R5bGU9ImJvcmRlcjowOyIgYWxsb3dmdWxsc2NyZWVuPSIiIGxvYWRpbmc9ImxhenkiIHJlZmVycmVycG9saWN5PSJuby1yZWZlcnJlci13aGVuLWRvd25ncmFkZSI+PC9pZnJhbWU+\"><div class=\"brlbs-cmpnt-cb-preset-b brlbs-cmpnt-cb-google-maps\"> <div class=\"brlbs-cmpnt-cb-thumbnail\" style=\"background-image: url('https:\/\/9staedte.de\/wp-content\/uploads\/borlabs-cookie\/1\/brlbs-cb-google-maps-main.png')\"><\/div> <div class=\"brlbs-cmpnt-cb-main\"> <div class=\"brlbs-cmpnt-cb-content\"> <p class=\"brlbs-cmpnt-cb-description\">You are currently viewing a placeholder content from <strong>Google Maps<\/strong>. To access the actual content, click the button below. Please note that doing so will share data with third-party providers.<\/p> <a class=\"brlbs-cmpnt-cb-provider-toggle\" href=\"#\" data-borlabs-cookie-show-provider-information role=\"button\">More Information<\/a> <\/div> <div class=\"brlbs-cmpnt-cb-buttons\"> <a class=\"brlbs-cmpnt-cb-btn\" href=\"#\" data-borlabs-cookie-unblock role=\"button\">Unblock content<\/a> <a class=\"brlbs-cmpnt-cb-btn\" href=\"#\" data-borlabs-cookie-accept-service role=\"button\" style=\"display: inherit\">Accept required service and unblock content<\/a> <\/div> <\/div> <\/div><\/div>\n\n\n\n<div style=\"height:34px\" aria-hidden=\"true\" class=\"wp-block-spacer\"><\/div>\n<\/div><\/div>\n","protected":false},"excerpt":{"rendered":"<p>En rejse ind i mobilitetens verden Tidsrejser fra historien til fremtidens mobilitet, en stor familieverden og ekstraordin\u00e6re udstillinger: I Autostadt i Wolfsburg f\u00f8lger den ene oplevelse efter den anden. Ud over bilmuseet ZeitHaus byder bilparken p\u00e5 interaktive udstillinger, undervisningsmuligheder for alle aldersgrupper, et mangfoldigt event- og kulturprogram samt et varieret kulinarisk koncept p\u00e5 mere end [&hellip;]<\/p>\n","protected":false},"author":1,"featured_media":11861,"parent":0,"menu_order":0,"comment_status":"closed","ping_status":"closed","template":"pagetemplates\/template-stadtseite.php","meta":{"_acf_changed":false,"footnotes":""},"categories":[],"tags":[],"ncap_cities_tax":[483],"class_list":["post-12673","page","type-page","status-publish","has-post-thumbnail","hentry","ncap_cities_tax-autostadt-da"],"acf":[],"yoast_head":"<!-- This site is optimized with the Yoast SEO plugin v26.8 - https:\/\/yoast.com\/product\/yoast-seo-wordpress\/ -->\n<title>Autostadt i Wolfsburg - 9 St\u00e4dte in Niedersachsen<\/title>\n<meta name=\"description\" content=\"Autostadt i Wolfsburg: tidsrejser fra historien til fremtidens mobilitet, en stor familieverden og ekstraordin\u00e6re udstillinger.\" \/>\n<meta name=\"robots\" content=\"index, follow, max-snippet:-1, max-image-preview:large, max-video-preview:-1\" \/>\n<link rel=\"canonical\" href=\"https:\/\/9staedte.de\/da\/autostadt-i-wolfsburg\/\" \/>\n<meta property=\"og:locale\" content=\"da_DK\" \/>\n<meta property=\"og:type\" content=\"article\" \/>\n<meta property=\"og:title\" content=\"Autostadt i Wolfsburg - 9 St\u00e4dte in Niedersachsen\" \/>\n<meta property=\"og:description\" content=\"Autostadt i Wolfsburg: tidsrejser fra historien til fremtidens mobilitet, en stor familieverden og ekstraordin\u00e6re udstillinger.\" \/>\n<meta property=\"og:url\" content=\"https:\/\/9staedte.de\/da\/autostadt-i-wolfsburg\/\" \/>\n<meta property=\"og:site_name\" content=\"9 St\u00e4dte in Niedersachsen\" \/>\n<meta property=\"og:image\" content=\"https:\/\/9staedte.de\/wp-content\/uploads\/2023\/01\/Autostadt-Uebersicht-c-Autostadt-GmbH-Nils-Hendrick-Mueller.jpg\" \/>\n\t<meta property=\"og:image:width\" content=\"1020\" \/>\n\t<meta property=\"og:image:height\" content=\"560\" \/>\n\t<meta property=\"og:image:type\" content=\"image\/jpeg\" \/>\n<meta name=\"twitter:card\" content=\"summary_large_image\" \/>\n<meta name=\"twitter:label1\" content=\"Estimeret l\u00e6setid\" \/>\n\t<meta name=\"twitter:data1\" content=\"1 minut\" \/>\n<script type=\"application\/ld+json\" class=\"yoast-schema-graph\">{\"@context\":\"https:\/\/schema.org\",\"@graph\":[{\"@type\":\"WebPage\",\"@id\":\"https:\/\/9staedte.de\/da\/autostadt-i-wolfsburg\/\",\"url\":\"https:\/\/9staedte.de\/da\/autostadt-i-wolfsburg\/\",\"name\":\"Autostadt i Wolfsburg - 9 St\u00e4dte in Niedersachsen\",\"isPartOf\":{\"@id\":\"https:\/\/9staedte.de\/da\/#website\"},\"primaryImageOfPage\":{\"@id\":\"https:\/\/9staedte.de\/da\/autostadt-i-wolfsburg\/#primaryimage\"},\"image\":{\"@id\":\"https:\/\/9staedte.de\/da\/autostadt-i-wolfsburg\/#primaryimage\"},\"thumbnailUrl\":\"https:\/\/9staedte.de\/wp-content\/uploads\/2022\/03\/Autostadt-Uebersicht-c-Autostadt-GmbH-Klaus-Bosselmann-scaled.jpg\",\"datePublished\":\"2023-10-25T10:18:35+00:00\",\"description\":\"Autostadt i Wolfsburg: tidsrejser fra historien til fremtidens mobilitet, en stor familieverden og ekstraordin\u00e6re udstillinger.\",\"breadcrumb\":{\"@id\":\"https:\/\/9staedte.de\/da\/autostadt-i-wolfsburg\/#breadcrumb\"},\"inLanguage\":\"da-DK\",\"potentialAction\":[{\"@type\":\"ReadAction\",\"target\":[\"https:\/\/9staedte.de\/da\/autostadt-i-wolfsburg\/\"]}]},{\"@type\":\"ImageObject\",\"inLanguage\":\"da-DK\",\"@id\":\"https:\/\/9staedte.de\/da\/autostadt-i-wolfsburg\/#primaryimage\",\"url\":\"https:\/\/9staedte.de\/wp-content\/uploads\/2022\/03\/Autostadt-Uebersicht-c-Autostadt-GmbH-Klaus-Bosselmann-scaled.jpg\",\"contentUrl\":\"https:\/\/9staedte.de\/wp-content\/uploads\/2022\/03\/Autostadt-Uebersicht-c-Autostadt-GmbH-Klaus-Bosselmann-scaled.jpg\",\"width\":2560,\"height\":1920,\"caption\":\"Autostadt \u00dcbersicht bei Nacht c) Autostadt GmbH _ Klauss Bossemeyer\"},{\"@type\":\"BreadcrumbList\",\"@id\":\"https:\/\/9staedte.de\/da\/autostadt-i-wolfsburg\/#breadcrumb\",\"itemListElement\":[{\"@type\":\"ListItem\",\"position\":1,\"name\":\"Startseite\",\"item\":\"https:\/\/9staedte.de\/da\/hjem-9-byer-2-i-niedersachsen\/\"},{\"@type\":\"ListItem\",\"position\":2,\"name\":\"Autostadt i Wolfsburg\"}]},{\"@type\":\"WebSite\",\"@id\":\"https:\/\/9staedte.de\/da\/#website\",\"url\":\"https:\/\/9staedte.de\/da\/\",\"name\":\"9 St\u00e4dte in Niedersachsen\",\"description\":\"\",\"publisher\":{\"@id\":\"https:\/\/9staedte.de\/da\/#organization\"},\"potentialAction\":[{\"@type\":\"SearchAction\",\"target\":{\"@type\":\"EntryPoint\",\"urlTemplate\":\"https:\/\/9staedte.de\/da\/?s={search_term_string}\"},\"query-input\":{\"@type\":\"PropertyValueSpecification\",\"valueRequired\":true,\"valueName\":\"search_term_string\"}}],\"inLanguage\":\"da-DK\"},{\"@type\":\"Organization\",\"@id\":\"https:\/\/9staedte.de\/da\/#organization\",\"name\":\"9 St\u00e4dte in Niedersachsen\",\"url\":\"https:\/\/9staedte.de\/da\/\",\"logo\":{\"@type\":\"ImageObject\",\"inLanguage\":\"da-DK\",\"@id\":\"https:\/\/9staedte.de\/da\/#\/schema\/logo\/image\/\",\"url\":\"https:\/\/9staedte.de\/wp-content\/uploads\/2025\/01\/9-neg-deutsch-2-1.png\",\"contentUrl\":\"https:\/\/9staedte.de\/wp-content\/uploads\/2025\/01\/9-neg-deutsch-2-1.png\",\"width\":190,\"height\":114,\"caption\":\"9 St\u00e4dte in Niedersachsen\"},\"image\":{\"@id\":\"https:\/\/9staedte.de\/da\/#\/schema\/logo\/image\/\"}}]}<\/script>\n<!-- \/ Yoast SEO plugin. -->","yoast_head_json":{"title":"Autostadt i Wolfsburg - 9 St\u00e4dte in Niedersachsen","description":"Autostadt i Wolfsburg: tidsrejser fra historien til fremtidens mobilitet, en stor familieverden og ekstraordin\u00e6re udstillinger.","robots":{"index":"index","follow":"follow","max-snippet":"max-snippet:-1","max-image-preview":"max-image-preview:large","max-video-preview":"max-video-preview:-1"},"canonical":"https:\/\/9staedte.de\/da\/autostadt-i-wolfsburg\/","og_locale":"da_DK","og_type":"article","og_title":"Autostadt i Wolfsburg - 9 St\u00e4dte in Niedersachsen","og_description":"Autostadt i Wolfsburg: tidsrejser fra historien til fremtidens mobilitet, en stor familieverden og ekstraordin\u00e6re udstillinger.","og_url":"https:\/\/9staedte.de\/da\/autostadt-i-wolfsburg\/","og_site_name":"9 St\u00e4dte in Niedersachsen","og_image":[{"width":1020,"height":560,"url":"https:\/\/9staedte.de\/wp-content\/uploads\/2023\/01\/Autostadt-Uebersicht-c-Autostadt-GmbH-Nils-Hendrick-Mueller.jpg","type":"image\/jpeg"}],"twitter_card":"summary_large_image","twitter_misc":{"Estimeret l\u00e6setid":"1 minut"},"schema":{"@context":"https:\/\/schema.org","@graph":[{"@type":"WebPage","@id":"https:\/\/9staedte.de\/da\/autostadt-i-wolfsburg\/","url":"https:\/\/9staedte.de\/da\/autostadt-i-wolfsburg\/","name":"Autostadt i Wolfsburg - 9 St\u00e4dte in Niedersachsen","isPartOf":{"@id":"https:\/\/9staedte.de\/da\/#website"},"primaryImageOfPage":{"@id":"https:\/\/9staedte.de\/da\/autostadt-i-wolfsburg\/#primaryimage"},"image":{"@id":"https:\/\/9staedte.de\/da\/autostadt-i-wolfsburg\/#primaryimage"},"thumbnailUrl":"https:\/\/9staedte.de\/wp-content\/uploads\/2022\/03\/Autostadt-Uebersicht-c-Autostadt-GmbH-Klaus-Bosselmann-scaled.jpg","datePublished":"2023-10-25T10:18:35+00:00","description":"Autostadt i Wolfsburg: tidsrejser fra historien til fremtidens mobilitet, en stor familieverden og ekstraordin\u00e6re udstillinger.","breadcrumb":{"@id":"https:\/\/9staedte.de\/da\/autostadt-i-wolfsburg\/#breadcrumb"},"inLanguage":"da-DK","potentialAction":[{"@type":"ReadAction","target":["https:\/\/9staedte.de\/da\/autostadt-i-wolfsburg\/"]}]},{"@type":"ImageObject","inLanguage":"da-DK","@id":"https:\/\/9staedte.de\/da\/autostadt-i-wolfsburg\/#primaryimage","url":"https:\/\/9staedte.de\/wp-content\/uploads\/2022\/03\/Autostadt-Uebersicht-c-Autostadt-GmbH-Klaus-Bosselmann-scaled.jpg","contentUrl":"https:\/\/9staedte.de\/wp-content\/uploads\/2022\/03\/Autostadt-Uebersicht-c-Autostadt-GmbH-Klaus-Bosselmann-scaled.jpg","width":2560,"height":1920,"caption":"Autostadt \u00dcbersicht bei Nacht c) Autostadt GmbH _ Klauss Bossemeyer"},{"@type":"BreadcrumbList","@id":"https:\/\/9staedte.de\/da\/autostadt-i-wolfsburg\/#breadcrumb","itemListElement":[{"@type":"ListItem","position":1,"name":"Startseite","item":"https:\/\/9staedte.de\/da\/hjem-9-byer-2-i-niedersachsen\/"},{"@type":"ListItem","position":2,"name":"Autostadt i Wolfsburg"}]},{"@type":"WebSite","@id":"https:\/\/9staedte.de\/da\/#website","url":"https:\/\/9staedte.de\/da\/","name":"9 St\u00e4dte in Niedersachsen","description":"","publisher":{"@id":"https:\/\/9staedte.de\/da\/#organization"},"potentialAction":[{"@type":"SearchAction","target":{"@type":"EntryPoint","urlTemplate":"https:\/\/9staedte.de\/da\/?s={search_term_string}"},"query-input":{"@type":"PropertyValueSpecification","valueRequired":true,"valueName":"search_term_string"}}],"inLanguage":"da-DK"},{"@type":"Organization","@id":"https:\/\/9staedte.de\/da\/#organization","name":"9 St\u00e4dte in Niedersachsen","url":"https:\/\/9staedte.de\/da\/","logo":{"@type":"ImageObject","inLanguage":"da-DK","@id":"https:\/\/9staedte.de\/da\/#\/schema\/logo\/image\/","url":"https:\/\/9staedte.de\/wp-content\/uploads\/2025\/01\/9-neg-deutsch-2-1.png","contentUrl":"https:\/\/9staedte.de\/wp-content\/uploads\/2025\/01\/9-neg-deutsch-2-1.png","width":190,"height":114,"caption":"9 St\u00e4dte in Niedersachsen"},"image":{"@id":"https:\/\/9staedte.de\/da\/#\/schema\/logo\/image\/"}}]}},"_links":{"self":[{"href":"https:\/\/9staedte.de\/da\/wp-json\/wp\/v2\/pages\/12673","targetHints":{"allow":["GET"]}}],"collection":[{"href":"https:\/\/9staedte.de\/da\/wp-json\/wp\/v2\/pages"}],"about":[{"href":"https:\/\/9staedte.de\/da\/wp-json\/wp\/v2\/types\/page"}],"author":[{"embeddable":true,"href":"https:\/\/9staedte.de\/da\/wp-json\/wp\/v2\/users\/1"}],"replies":[{"embeddable":true,"href":"https:\/\/9staedte.de\/da\/wp-json\/wp\/v2\/comments?post=12673"}],"version-history":[{"count":1,"href":"https:\/\/9staedte.de\/da\/wp-json\/wp\/v2\/pages\/12673\/revisions"}],"predecessor-version":[{"id":12679,"href":"https:\/\/9staedte.de\/da\/wp-json\/wp\/v2\/pages\/12673\/revisions\/12679"}],"wp:featuredmedia":[{"embeddable":true,"href":"https:\/\/9staedte.de\/da\/wp-json\/wp\/v2\/media\/11861"}],"wp:attachment":[{"href":"https:\/\/9staedte.de\/da\/wp-json\/wp\/v2\/media?parent=12673"}],"wp:term":[{"taxonomy":"category","embeddable":true,"href":"https:\/\/9staedte.de\/da\/wp-json\/wp\/v2\/categories?post=12673"},{"taxonomy":"post_tag","embeddable":true,"href":"https:\/\/9staedte.de\/da\/wp-json\/wp\/v2\/tags?post=12673"},{"taxonomy":"ncap_cities_tax","embeddable":true,"href":"https:\/\/9staedte.de\/da\/wp-json\/wp\/v2\/ncap_cities_tax?post=12673"}],"curies":[{"name":"wp","href":"https:\/\/api.w.org\/{rel}","templated":true}]}}