{"id":12668,"date":"2023-10-25T12:27:22","date_gmt":"2023-10-25T10:27:22","guid":{"rendered":"https:\/\/9staedte.de\/hildesheim-by-paa-unescos-verdensarvsliste\/"},"modified":"2025-05-09T10:02:10","modified_gmt":"2025-05-09T08:02:10","slug":"hildesheim-by-paa-unescos-verdensarvsliste","status":"publish","type":"page","link":"https:\/\/9staedte.de\/da\/hildesheim-by-paa-unescos-verdensarvsliste\/","title":{"rendered":"Hildesheim &#8211; by p\u00e5 UNESCO&#8217;s verdensarvsliste"},"content":{"rendered":"\n<h2 class=\"wp-block-heading\">Bindingsv\u00e6rksby fuld af kultur og historie<\/h2>\n\n\n\n<p>UNESCO-verdensarv og historiske bindingsv\u00e6rkshuse &#8211; sev\u00e6rdighederne i Hildesheim viser byens mangfoldighed og inviterer dig til at opdage den. Et par gader v\u00e6k fra den historiske markedsplads er det v\u00e6rd at tage et kig p\u00e5 byen fra Niedersachsens h\u00f8jeste kirket\u00e5rn. Ikke langt fra Hildesheims domkirke ligger det storsl\u00e5ede bindingsv\u00e6rkskvarter og indbyder til en slentretur gennem de gamle gyder. En bred vifte af arrangementer venter p\u00e5 dig hele \u00e5ret, open air-arrangementer gl\u00e6der i sommerm\u00e5nederne, og om vinteren venter Hildesheims julemarked p\u00e5 dig i en festligt dekoreret ramme!<\/p>\n\n\n\n\n<div class=\"banner-wrapper\">\n  <div class=\"banner-inner \">\n      <div class=\"img-container\">\n      <div class=\"img-wrapper\">\n        <img decoding=\"async\" src=\"https:\/\/9staedte.de\/wp-content\/smush-webp\/2023\/02\/St-Michaelis-Dagmar-Schwelle.jpg.webp\" alt=\"En person cykler foran St. Michaelis-kirken i Hildesheim. Solen skinner gennem tr\u00e6erne og giver et varmt lys.\" \/>\n                  <div class=\"thumbnail-label\">\n            <span>St Michaelis Dagmar Schwelle<\/span>\n          <\/div>\n              <\/div>\n    <\/div>\n        <div class=\"text-container\">\n      <div class=\"content\">\n        <p><strong>S\u00e6rlige tips:<\/strong><\/p>\n<ul>\n<li>Fra april til oktober: daglig offentlig byvandring &#8220;L\u00e6r Hildesheim at kende&#8221;<\/li>\n<li>L\u00e6r Hildesheims madkultur at kende med vores format &#8220;Kulinarisk rejse gennem tiden: S\u00e5dan spiser Hildesheim&#8221;.<\/li>\n<li>Opdag byen p\u00e5 egen h\u00e5nd p\u00e5 rundrejsen &#8220;Hildesheim Rose Route&#8221;<\/li>\n<li>Hildesheim i dine \u00f8rer: Oplev vores nye h\u00f8respil med din smartphone i Lauschtour-appen<\/li>\n<\/ul>\n      <\/div>\n    <\/div>\n    <\/div>\n<\/div>\n\n\n\n\n<div style=\"height:30px\" aria-hidden=\"true\" class=\"wp-block-spacer\"><\/div>\n\n\n\n<div class=\"wp-block-columns is-layout-flex wp-container-core-columns-is-layout-9d6595d7 wp-block-columns-is-layout-flex\">\n<div class=\"wp-block-column is-layout-flow wp-block-column-is-layout-flow\" style=\"flex-basis:66.66%\">\n <div class=\"brlbs-cmpnt-container brlbs-cmpnt-content-blocker brlbs-cmpnt-with-individual-styles\" data-borlabs-cookie-content-blocker-id=\"google-maps\" data-borlabs-cookie-content=\"PGlmcmFtZSBzcmM9Imh0dHBzOi8vd3d3Lmdvb2dsZS5jb20vbWFwcy9kL2VtYmVkP21pZD0xMzNFaDlZbWVWVHEtNGpBM3NkMzA0R29kaFJwa0d1OCZhbXA7ZWhiYz0yRTMxMkYiIHdpZHRoPSIxMDAlIiBoZWlnaHQ9IjEwMCUiPjwvaWZyYW1lPg==\"><div class=\"brlbs-cmpnt-cb-preset-b brlbs-cmpnt-cb-google-maps\"> <div class=\"brlbs-cmpnt-cb-thumbnail\" style=\"background-image: url('https:\/\/9staedte.de\/wp-content\/uploads\/borlabs-cookie\/1\/brlbs-cb-google-maps-main.png')\"><\/div> <div class=\"brlbs-cmpnt-cb-main\"> <div class=\"brlbs-cmpnt-cb-content\"> <p class=\"brlbs-cmpnt-cb-description\">You are currently viewing a placeholder content from <strong>Google Maps<\/strong>. To access the actual content, click the button below. Please note that doing so will share data with third-party providers.<\/p> <a class=\"brlbs-cmpnt-cb-provider-toggle\" href=\"#\" data-borlabs-cookie-show-provider-information role=\"button\">More Information<\/a> <\/div> <div class=\"brlbs-cmpnt-cb-buttons\"> <a class=\"brlbs-cmpnt-cb-btn\" href=\"#\" data-borlabs-cookie-unblock role=\"button\">Unblock content<\/a> <a class=\"brlbs-cmpnt-cb-btn\" href=\"#\" data-borlabs-cookie-accept-service role=\"button\" style=\"display: inherit\">Accept required service and unblock content<\/a> <\/div> <\/div> <\/div><\/div>\n<\/div>\n\n\n\n<div class=\"wp-block-column is-layout-flow wp-block-column-is-layout-flow\" style=\"flex-basis:33.33%\">\n<p><strong>Steder af interesse:<\/strong><\/p>\n\n\n\n<ul class=\"wp-block-list map-legend main-legend\">\n<li>Historisk markedsplads og Bonecutter&#8217;s House<\/li>\n\n\n\n<li>M\u00e6rkeligt bindingsv\u00e6rkshus &#8220;sukkerbr\u00f8det vendt p\u00e5 vrangen<\/li>\n\n\n\n<li>H\u00f8jeste kirket\u00e5rn i Niedersachsen: St. Andreas (opstigning mulig)<\/li>\n\n\n\n<li>Historisk gammel bydel med vigtige bindingsv\u00e6rksbygninger  <\/li>\n\n\n\n<li>St. Godehard  <\/li>\n\n\n\n<li>UNESCOs verdensarv: Katedralen og katedralmuseet  <\/li>\n\n\n\n<li>Samlingen af det gamle Egypten p\u00e5 Roemer- und Pelizaeus-Museum<\/li>\n\n\n\n<li>Magdalenengarten, barok klosterhave<\/li>\n\n\n\n<li>UNESCOs verdensarv: St. Michaelis<\/li>\n<\/ul>\n<\/div>\n<\/div>\n\n\n\n<div style=\"height:60px\" aria-hidden=\"true\" class=\"wp-block-spacer\"><\/div>\n\n\n\n<div class=\"content-grid\">\n\n\n  \n  <div class=\"grid\">\n                        \n                    \n          <div class=\"featured-themen-single\">\n            <div class=\"featured-themen-single-inner\" style=\"background-image: url('https:\/\/9staedte.de\/wp-content\/smush-webp\/2022\/06\/Stadtfuehrung-\u00a9-Hildesheim-Marketing-GmbH.jpg.webp')\">\n              \n              <a href=\"https:\/\/9staedte.de\/da\/hildesheim-by-paa-unescos-verdensarvsliste\/byrundture-i-hildesheim\/\">\n                <span>Byrundture i Hildesheim<\/span>\n              <\/a>\n            <\/div>\n          <\/div>\n    \n          \n                  \n                    \n          <div class=\"featured-themen-single\">\n            <div class=\"featured-themen-single-inner\" style=\"background-image: url('https:\/\/9staedte.de\/wp-content\/smush-webp\/2023\/02\/Citybeach-in-Hildesheim-\u00a9-Hildesheim-Marketing-GmbH-Foto-Dagmar-Schwelle.jpg.webp')\">\n              \n              <a href=\"https:\/\/9staedte.de\/da\/hildesheim-by-paa-unescos-verdensarvsliste\/begivenheder-i-hildesheim\/\">\n                <span>Begivenheder i Hildesheim<\/span>\n              <\/a>\n            <\/div>\n          <\/div>\n    \n          \n                  \n                    \n          <div class=\"featured-themen-single\">\n            <div class=\"featured-themen-single-inner\" style=\"background-image: url('https:\/\/9staedte.de\/wp-content\/smush-webp\/2024\/09\/Weihnachtsmarkt-Hildesheim-c-Hildesheim-Marketing-Foto-Lars-Griebner-CC-BY.jpg.webp')\">\n              \n              <a href=\"https:\/\/9staedte.de\/da\/hildesheim-by-paa-unescos-verdensarvsliste\/julemarked-i-hildesheim\/\">\n                <span>Julemarked i Hildesheim<\/span>\n              <\/a>\n            <\/div>\n          <\/div>\n    \n          \n                  \n                    \n          <div class=\"featured-themen-single\">\n            <div class=\"featured-themen-single-inner\" style=\"background-image: url('https:\/\/9staedte.de\/wp-content\/smush-webp\/2023\/07\/Hildesheimer-Marktplatz_Foto-Max-Wiesenbach-1-1.jpg.webp')\">\n              \n              <a href=\"https:\/\/9staedte.de\/da\/hildesheim-by-paa-unescos-verdensarvsliste\/indtryk-fra-hildesheim\/\">\n                <span>Indtryk fra Hildesheim<\/span>\n              <\/a>\n            <\/div>\n          <\/div>\n    \n          \n                  \n                    \n          <div class=\"featured-themen-single\">\n            <div class=\"featured-themen-single-inner\" style=\"background-image: url('https:\/\/9staedte.de\/wp-content\/smush-webp\/2023\/02\/UNESCO-Welterbe-Dom-Foto-Max-Wiesenbach-CCBY.jpg.webp')\">\n              \n              <a href=\"https:\/\/9staedte.de\/da\/hildesheim-by-paa-unescos-verdensarvsliste\/museer-og-udstillinger-i-hildesheim\/\">\n                <span>Museer og udstillinger i Hildesheim<\/span>\n              <\/a>\n            <\/div>\n          <\/div>\n    \n          \n                          \n        <\/div>\n<\/div>","protected":false},"excerpt":{"rendered":"<p>Bindingsv\u00e6rksby fuld af kultur og historie UNESCO-verdensarv og historiske bindingsv\u00e6rkshuse &#8211; sev\u00e6rdighederne i Hildesheim viser byens mangfoldighed og inviterer dig til at opdage den. Et par gader v\u00e6k fra den historiske markedsplads er det v\u00e6rd at tage et kig p\u00e5 byen fra Niedersachsens h\u00f8jeste kirket\u00e5rn. Ikke langt fra Hildesheims domkirke ligger det storsl\u00e5ede bindingsv\u00e6rkskvarter og [&hellip;]<\/p>\n","protected":false},"author":1,"featured_media":12599,"parent":0,"menu_order":0,"comment_status":"closed","ping_status":"closed","template":"pagetemplates\/template-stadtseite.php","meta":{"_acf_changed":false,"footnotes":""},"categories":[],"tags":[],"ncap_cities_tax":[462],"class_list":["post-12668","page","type-page","status-publish","has-post-thumbnail","hentry","ncap_cities_tax-hildesheim-da"],"acf":[],"yoast_head":"<!-- This site is optimized with the Yoast SEO plugin v27.4 - https:\/\/yoast.com\/product\/yoast-seo-wordpress\/ -->\n<title>Hildesheim - by p\u00e5 UNESCO&#039;s verdensarvsliste - 9 St\u00e4dte in Niedersachsen<\/title>\n<meta name=\"description\" content=\"UNESCO&#039;s verdensarv, kulturskatte, historiske bindingsv\u00e6rkshuse - Hildesheims sev\u00e6rdigheder inviterer dig til at opdage dem.\" \/>\n<meta name=\"robots\" content=\"index, follow, max-snippet:-1, max-image-preview:large, max-video-preview:-1\" \/>\n<link rel=\"canonical\" href=\"https:\/\/9staedte.de\/da\/hildesheim-by-paa-unescos-verdensarvsliste\/\" \/>\n<meta property=\"og:locale\" content=\"da_DK\" \/>\n<meta property=\"og:type\" content=\"article\" \/>\n<meta property=\"og:title\" content=\"Hildesheim - by p\u00e5 UNESCO&#039;s verdensarvsliste - 9 St\u00e4dte in Niedersachsen\" \/>\n<meta property=\"og:description\" content=\"UNESCO&#039;s verdensarv, kulturskatte, historiske bindingsv\u00e6rkshuse - Hildesheims sev\u00e6rdigheder inviterer dig til at opdage dem.\" \/>\n<meta property=\"og:url\" content=\"https:\/\/9staedte.de\/da\/hildesheim-by-paa-unescos-verdensarvsliste\/\" \/>\n<meta property=\"og:site_name\" content=\"9 St\u00e4dte in Niedersachsen\" \/>\n<meta property=\"article:modified_time\" content=\"2025-05-09T08:02:10+00:00\" \/>\n<meta property=\"og:image\" content=\"https:\/\/9staedte.de\/wp-content\/uploads\/2024\/06\/Hildesheim-Mariendom_Foto-Max-Wiesenbach-CC-BY-min.jpg\" \/>\n\t<meta property=\"og:image:width\" content=\"1019\" \/>\n\t<meta property=\"og:image:height\" content=\"559\" \/>\n\t<meta property=\"og:image:type\" content=\"image\/jpeg\" \/>\n<meta name=\"twitter:card\" content=\"summary_large_image\" \/>\n<meta name=\"twitter:label1\" content=\"Estimeret l\u00e6setid\" \/>\n\t<meta name=\"twitter:data1\" content=\"1 minut\" \/>\n<script type=\"application\/ld+json\" class=\"yoast-schema-graph\">{\"@context\":\"https:\\\/\\\/schema.org\",\"@graph\":[{\"@type\":\"WebPage\",\"@id\":\"https:\\\/\\\/9staedte.de\\\/da\\\/hildesheim-by-paa-unescos-verdensarvsliste\\\/\",\"url\":\"https:\\\/\\\/9staedte.de\\\/da\\\/hildesheim-by-paa-unescos-verdensarvsliste\\\/\",\"name\":\"Hildesheim - by p\u00e5 UNESCO's verdensarvsliste - 9 St\u00e4dte in Niedersachsen\",\"isPartOf\":{\"@id\":\"https:\\\/\\\/9staedte.de\\\/da\\\/#website\"},\"primaryImageOfPage\":{\"@id\":\"https:\\\/\\\/9staedte.de\\\/da\\\/hildesheim-by-paa-unescos-verdensarvsliste\\\/#primaryimage\"},\"image\":{\"@id\":\"https:\\\/\\\/9staedte.de\\\/da\\\/hildesheim-by-paa-unescos-verdensarvsliste\\\/#primaryimage\"},\"thumbnailUrl\":\"https:\\\/\\\/9staedte.de\\\/wp-content\\\/uploads\\\/2023\\\/07\\\/Hildesheim-Historic-Marketplace-with-Knochenhaueramtshaus-\u00a9-Hildesheim-Marketing-GmbH-Foto-Dagmar-Schwelle-1.jpg\",\"datePublished\":\"2023-10-25T10:27:22+00:00\",\"dateModified\":\"2025-05-09T08:02:10+00:00\",\"description\":\"UNESCO's verdensarv, kulturskatte, historiske bindingsv\u00e6rkshuse - Hildesheims sev\u00e6rdigheder inviterer dig til at opdage dem.\",\"breadcrumb\":{\"@id\":\"https:\\\/\\\/9staedte.de\\\/da\\\/hildesheim-by-paa-unescos-verdensarvsliste\\\/#breadcrumb\"},\"inLanguage\":\"da-DK\",\"potentialAction\":[{\"@type\":\"ReadAction\",\"target\":[\"https:\\\/\\\/9staedte.de\\\/da\\\/hildesheim-by-paa-unescos-verdensarvsliste\\\/\"]}]},{\"@type\":\"ImageObject\",\"inLanguage\":\"da-DK\",\"@id\":\"https:\\\/\\\/9staedte.de\\\/da\\\/hildesheim-by-paa-unescos-verdensarvsliste\\\/#primaryimage\",\"url\":\"https:\\\/\\\/9staedte.de\\\/wp-content\\\/uploads\\\/2023\\\/07\\\/Hildesheim-Historic-Marketplace-with-Knochenhaueramtshaus-\u00a9-Hildesheim-Marketing-GmbH-Foto-Dagmar-Schwelle-1.jpg\",\"contentUrl\":\"https:\\\/\\\/9staedte.de\\\/wp-content\\\/uploads\\\/2023\\\/07\\\/Hildesheim-Historic-Marketplace-with-Knochenhaueramtshaus-\u00a9-Hildesheim-Marketing-GmbH-Foto-Dagmar-Schwelle-1.jpg\",\"width\":1020,\"height\":561,\"caption\":\"Hildesheim Historic Marketplace with Knochenhaueramtshaus \u00a9 Hildesheim Marketing GmbH, Foto Dagmar Schwelle\"},{\"@type\":\"BreadcrumbList\",\"@id\":\"https:\\\/\\\/9staedte.de\\\/da\\\/hildesheim-by-paa-unescos-verdensarvsliste\\\/#breadcrumb\",\"itemListElement\":[{\"@type\":\"ListItem\",\"position\":1,\"name\":\"Startseite\",\"item\":\"https:\\\/\\\/9staedte.de\\\/da\\\/hjem-9-byer-2-i-niedersachsen\\\/\"},{\"@type\":\"ListItem\",\"position\":2,\"name\":\"Hildesheim &#8211; by p\u00e5 UNESCO&#8217;s verdensarvsliste\"}]},{\"@type\":\"WebSite\",\"@id\":\"https:\\\/\\\/9staedte.de\\\/da\\\/#website\",\"url\":\"https:\\\/\\\/9staedte.de\\\/da\\\/\",\"name\":\"9 St\u00e4dte in Niedersachsen\",\"description\":\"\",\"publisher\":{\"@id\":\"https:\\\/\\\/9staedte.de\\\/da\\\/#organization\"},\"potentialAction\":[{\"@type\":\"SearchAction\",\"target\":{\"@type\":\"EntryPoint\",\"urlTemplate\":\"https:\\\/\\\/9staedte.de\\\/da\\\/?s={search_term_string}\"},\"query-input\":{\"@type\":\"PropertyValueSpecification\",\"valueRequired\":true,\"valueName\":\"search_term_string\"}}],\"inLanguage\":\"da-DK\"},{\"@type\":\"Organization\",\"@id\":\"https:\\\/\\\/9staedte.de\\\/da\\\/#organization\",\"name\":\"9 St\u00e4dte in Niedersachsen\",\"url\":\"https:\\\/\\\/9staedte.de\\\/da\\\/\",\"logo\":{\"@type\":\"ImageObject\",\"inLanguage\":\"da-DK\",\"@id\":\"https:\\\/\\\/9staedte.de\\\/da\\\/#\\\/schema\\\/logo\\\/image\\\/\",\"url\":\"https:\\\/\\\/9staedte.de\\\/wp-content\\\/uploads\\\/2025\\\/01\\\/9-neg-deutsch-2-1.png\",\"contentUrl\":\"https:\\\/\\\/9staedte.de\\\/wp-content\\\/uploads\\\/2025\\\/01\\\/9-neg-deutsch-2-1.png\",\"width\":190,\"height\":114,\"caption\":\"9 St\u00e4dte in Niedersachsen\"},\"image\":{\"@id\":\"https:\\\/\\\/9staedte.de\\\/da\\\/#\\\/schema\\\/logo\\\/image\\\/\"}}]}<\/script>\n<!-- \/ Yoast SEO plugin. -->","yoast_head_json":{"title":"Hildesheim - by p\u00e5 UNESCO's verdensarvsliste - 9 St\u00e4dte in Niedersachsen","description":"UNESCO's verdensarv, kulturskatte, historiske bindingsv\u00e6rkshuse - Hildesheims sev\u00e6rdigheder inviterer dig til at opdage dem.","robots":{"index":"index","follow":"follow","max-snippet":"max-snippet:-1","max-image-preview":"max-image-preview:large","max-video-preview":"max-video-preview:-1"},"canonical":"https:\/\/9staedte.de\/da\/hildesheim-by-paa-unescos-verdensarvsliste\/","og_locale":"da_DK","og_type":"article","og_title":"Hildesheim - by p\u00e5 UNESCO's verdensarvsliste - 9 St\u00e4dte in Niedersachsen","og_description":"UNESCO's verdensarv, kulturskatte, historiske bindingsv\u00e6rkshuse - Hildesheims sev\u00e6rdigheder inviterer dig til at opdage dem.","og_url":"https:\/\/9staedte.de\/da\/hildesheim-by-paa-unescos-verdensarvsliste\/","og_site_name":"9 St\u00e4dte in Niedersachsen","article_modified_time":"2025-05-09T08:02:10+00:00","og_image":[{"width":1019,"height":559,"url":"https:\/\/9staedte.de\/wp-content\/uploads\/2024\/06\/Hildesheim-Mariendom_Foto-Max-Wiesenbach-CC-BY-min.jpg","type":"image\/jpeg"}],"twitter_card":"summary_large_image","twitter_misc":{"Estimeret l\u00e6setid":"1 minut"},"schema":{"@context":"https:\/\/schema.org","@graph":[{"@type":"WebPage","@id":"https:\/\/9staedte.de\/da\/hildesheim-by-paa-unescos-verdensarvsliste\/","url":"https:\/\/9staedte.de\/da\/hildesheim-by-paa-unescos-verdensarvsliste\/","name":"Hildesheim - by p\u00e5 UNESCO's verdensarvsliste - 9 St\u00e4dte in Niedersachsen","isPartOf":{"@id":"https:\/\/9staedte.de\/da\/#website"},"primaryImageOfPage":{"@id":"https:\/\/9staedte.de\/da\/hildesheim-by-paa-unescos-verdensarvsliste\/#primaryimage"},"image":{"@id":"https:\/\/9staedte.de\/da\/hildesheim-by-paa-unescos-verdensarvsliste\/#primaryimage"},"thumbnailUrl":"https:\/\/9staedte.de\/wp-content\/uploads\/2023\/07\/Hildesheim-Historic-Marketplace-with-Knochenhaueramtshaus-\u00a9-Hildesheim-Marketing-GmbH-Foto-Dagmar-Schwelle-1.jpg","datePublished":"2023-10-25T10:27:22+00:00","dateModified":"2025-05-09T08:02:10+00:00","description":"UNESCO's verdensarv, kulturskatte, historiske bindingsv\u00e6rkshuse - Hildesheims sev\u00e6rdigheder inviterer dig til at opdage dem.","breadcrumb":{"@id":"https:\/\/9staedte.de\/da\/hildesheim-by-paa-unescos-verdensarvsliste\/#breadcrumb"},"inLanguage":"da-DK","potentialAction":[{"@type":"ReadAction","target":["https:\/\/9staedte.de\/da\/hildesheim-by-paa-unescos-verdensarvsliste\/"]}]},{"@type":"ImageObject","inLanguage":"da-DK","@id":"https:\/\/9staedte.de\/da\/hildesheim-by-paa-unescos-verdensarvsliste\/#primaryimage","url":"https:\/\/9staedte.de\/wp-content\/uploads\/2023\/07\/Hildesheim-Historic-Marketplace-with-Knochenhaueramtshaus-\u00a9-Hildesheim-Marketing-GmbH-Foto-Dagmar-Schwelle-1.jpg","contentUrl":"https:\/\/9staedte.de\/wp-content\/uploads\/2023\/07\/Hildesheim-Historic-Marketplace-with-Knochenhaueramtshaus-\u00a9-Hildesheim-Marketing-GmbH-Foto-Dagmar-Schwelle-1.jpg","width":1020,"height":561,"caption":"Hildesheim Historic Marketplace with Knochenhaueramtshaus \u00a9 Hildesheim Marketing GmbH, Foto Dagmar Schwelle"},{"@type":"BreadcrumbList","@id":"https:\/\/9staedte.de\/da\/hildesheim-by-paa-unescos-verdensarvsliste\/#breadcrumb","itemListElement":[{"@type":"ListItem","position":1,"name":"Startseite","item":"https:\/\/9staedte.de\/da\/hjem-9-byer-2-i-niedersachsen\/"},{"@type":"ListItem","position":2,"name":"Hildesheim &#8211; by p\u00e5 UNESCO&#8217;s verdensarvsliste"}]},{"@type":"WebSite","@id":"https:\/\/9staedte.de\/da\/#website","url":"https:\/\/9staedte.de\/da\/","name":"9 St\u00e4dte in Niedersachsen","description":"","publisher":{"@id":"https:\/\/9staedte.de\/da\/#organization"},"potentialAction":[{"@type":"SearchAction","target":{"@type":"EntryPoint","urlTemplate":"https:\/\/9staedte.de\/da\/?s={search_term_string}"},"query-input":{"@type":"PropertyValueSpecification","valueRequired":true,"valueName":"search_term_string"}}],"inLanguage":"da-DK"},{"@type":"Organization","@id":"https:\/\/9staedte.de\/da\/#organization","name":"9 St\u00e4dte in Niedersachsen","url":"https:\/\/9staedte.de\/da\/","logo":{"@type":"ImageObject","inLanguage":"da-DK","@id":"https:\/\/9staedte.de\/da\/#\/schema\/logo\/image\/","url":"https:\/\/9staedte.de\/wp-content\/uploads\/2025\/01\/9-neg-deutsch-2-1.png","contentUrl":"https:\/\/9staedte.de\/wp-content\/uploads\/2025\/01\/9-neg-deutsch-2-1.png","width":190,"height":114,"caption":"9 St\u00e4dte in Niedersachsen"},"image":{"@id":"https:\/\/9staedte.de\/da\/#\/schema\/logo\/image\/"}}]}},"_links":{"self":[{"href":"https:\/\/9staedte.de\/da\/wp-json\/wp\/v2\/pages\/12668","targetHints":{"allow":["GET"]}}],"collection":[{"href":"https:\/\/9staedte.de\/da\/wp-json\/wp\/v2\/pages"}],"about":[{"href":"https:\/\/9staedte.de\/da\/wp-json\/wp\/v2\/types\/page"}],"author":[{"embeddable":true,"href":"https:\/\/9staedte.de\/da\/wp-json\/wp\/v2\/users\/1"}],"replies":[{"embeddable":true,"href":"https:\/\/9staedte.de\/da\/wp-json\/wp\/v2\/comments?post=12668"}],"version-history":[{"count":4,"href":"https:\/\/9staedte.de\/da\/wp-json\/wp\/v2\/pages\/12668\/revisions"}],"predecessor-version":[{"id":25537,"href":"https:\/\/9staedte.de\/da\/wp-json\/wp\/v2\/pages\/12668\/revisions\/25537"}],"wp:featuredmedia":[{"embeddable":true,"href":"https:\/\/9staedte.de\/da\/wp-json\/wp\/v2\/media\/12599"}],"wp:attachment":[{"href":"https:\/\/9staedte.de\/da\/wp-json\/wp\/v2\/media?parent=12668"}],"wp:term":[{"taxonomy":"category","embeddable":true,"href":"https:\/\/9staedte.de\/da\/wp-json\/wp\/v2\/categories?post=12668"},{"taxonomy":"post_tag","embeddable":true,"href":"https:\/\/9staedte.de\/da\/wp-json\/wp\/v2\/tags?post=12668"},{"taxonomy":"ncap_cities_tax","embeddable":true,"href":"https:\/\/9staedte.de\/da\/wp-json\/wp\/v2\/ncap_cities_tax?post=12668"}],"curies":[{"name":"wp","href":"https:\/\/api.w.org\/{rel}","templated":true}]}}