{"id":12667,"date":"2023-10-25T12:26:41","date_gmt":"2023-10-25T10:26:41","guid":{"rendered":"https:\/\/9staedte.de\/hameln-den-legendariske-rottefaengerby\/"},"modified":"2024-03-25T16:40:00","modified_gmt":"2024-03-25T15:40:00","slug":"hameln-den-legendariske-rottefaengerby","status":"publish","type":"page","link":"https:\/\/9staedte.de\/da\/hameln-den-legendariske-rottefaengerby\/","title":{"rendered":"Hameln &#8211; den legendariske rottef\u00e6ngerby"},"content":{"rendered":"\n<h2 class=\"wp-block-heading\">I midten af Weserbergland<\/h2>\n\n\n\n<p>Til venstre og h\u00f8jre for Weser, mellem bakkerne i Weserbergland, ligger Hameln. Direkte p\u00e5 den tyske eventyrrute er en m\u00f8rk fyr p\u00e5 hjemmebane her &#8211; Rottef\u00e6ngeren. Oplev den og dens magi, men ogs\u00e5 Hamelns uforlignelige gamle bydel med sine imponerende sandstens- og bindingsv\u00e6rksbygninger, der g\u00e5r tilbage til 1700-tallet. Hameln lever op til sit verdensomsp\u00e6ndende kulturelle image i bybilledet og ved mange events og tilbud. Og i slutningen af \u00e5ret lokker julemarkedet og MusicalWinter. Det smukke Weserbergland byder p\u00e5 den imponerende<br>Baggrund for mange aktiviteter p\u00e5 vandet og p\u00e5 land.<\/p>\n\n\n\n<p><a href=\"http:\/\/www.hameln.de\/\">www.hameln.de<\/a><\/p>\n\n\n\n\n<div class=\"banner-wrapper\">\n  <div class=\"banner-inner \">\n      <div class=\"img-container\">\n      <div class=\"img-wrapper\">\n        <img decoding=\"async\" src=\"https:\/\/9staedte.de\/wp-content\/smush-webp\/2023\/01\/Hameln-Flotte-Weser-c-HMT-1.jpg.webp\" alt=\"Billedet viser to personer ved floden Weser i Hameln. De tager en selfie med en mobiltelefon. I baggrunden sejler et stort hvidt udflugtskib forbi. P\u00e5 skibet st\u00e5r der &quot;Hameln&quot;. Solen skinner, og vejret er godt. Stemningen er glad.\" \/>\n                  <div class=\"thumbnail-label\">\n            <span>Hameln Flotte Weser c) HMT<\/span>\n          <\/div>\n              <\/div>\n    <\/div>\n        <div class=\"text-container\">\n      <div class=\"content\">\n        <p><strong>S\u00e6rlige tips:<\/strong><\/p>\n<ul>\n<li>Rottef\u00e6ngerens friluftsspil og Rottef\u00e6ngerens musical &#8220;RATS&#8221;, begge gratis for bes\u00f8gende, under \u00e5ben himmel i centrum af den gamle bydel.<\/li>\n<li>Guidede ture, ogs\u00e5 med Rottef\u00e6ngeren<\/li>\n<li>Julemarked<\/li>\n<li>MusicalVinter Hameln<\/li>\n<li>Rottef\u00e6nger-dukketeater i Bryllupshuset<\/li>\n<li>Hameln Museum med mekanisk Rottef\u00e6nger-teater<\/li>\n<li>B\u00e5dtur p\u00e5 Weser<\/li>\n<li>Weser langdistance-cykelsti<\/li>\n<\/ul>\n      <\/div>\n    <\/div>\n    <\/div>\n<\/div>\n\n\n\n\n<div style=\"height:30px\" aria-hidden=\"true\" class=\"wp-block-spacer\"><\/div>\n\n\n\n<div class=\"wp-block-columns is-layout-flex wp-container-core-columns-is-layout-9d6595d7 wp-block-columns-is-layout-flex\">\n<div class=\"wp-block-column is-layout-flow wp-block-column-is-layout-flow\" style=\"flex-basis:66.66%\">\n <div class=\"brlbs-cmpnt-container brlbs-cmpnt-content-blocker brlbs-cmpnt-with-individual-styles\" data-borlabs-cookie-content-blocker-id=\"google-maps\" data-borlabs-cookie-content=\"PGlmcmFtZSBzcmM9Imh0dHBzOi8vd3d3Lmdvb2dsZS5jb20vbWFwcy9kL2VtYmVkP21pZD0xbTBINGV1ejdYTGo4ZU1pb0ZobVFhWmRsWGxwLUV6TSZhbXA7ZWhiYz0yRTMxMkYiIHdpZHRoPSIxMDAlIiBoZWlnaHQ9IjQ1MCI+PC9pZnJhbWU+\"><div class=\"brlbs-cmpnt-cb-preset-b brlbs-cmpnt-cb-google-maps\"> <div class=\"brlbs-cmpnt-cb-thumbnail\" style=\"background-image: url('https:\/\/9staedte.de\/wp-content\/uploads\/borlabs-cookie\/1\/brlbs-cb-google-maps-main.png')\"><\/div> <div class=\"brlbs-cmpnt-cb-main\"> <div class=\"brlbs-cmpnt-cb-content\"> <p class=\"brlbs-cmpnt-cb-description\">You are currently viewing a placeholder content from <strong>Google Maps<\/strong>. To access the actual content, click the button below. Please note that doing so will share data with third-party providers.<\/p> <a class=\"brlbs-cmpnt-cb-provider-toggle\" href=\"#\" data-borlabs-cookie-show-provider-information role=\"button\">More Information<\/a> <\/div> <div class=\"brlbs-cmpnt-cb-buttons\"> <a class=\"brlbs-cmpnt-cb-btn\" href=\"#\" data-borlabs-cookie-unblock role=\"button\">Unblock content<\/a> <a class=\"brlbs-cmpnt-cb-btn\" href=\"#\" data-borlabs-cookie-accept-service role=\"button\" style=\"display: inherit\">Accept required service and unblock content<\/a> <\/div> <\/div> <\/div><\/div>\n<\/div>\n\n\n\n<div class=\"wp-block-column is-layout-flow wp-block-column-is-layout-flow\" style=\"flex-basis:33.33%\">\n<p><strong>Steder af interesse:<\/strong><\/p>\n\n\n\n<ul class=\"map-legend main-legend wp-block-list\">\n<li>Weserbergland Center og Teater  <\/li>\n\n\n\n<li>Turistinformation<\/li>\n\n\n\n<li>Pied Piper House  <\/li>\n\n\n\n<li>Museum i Leist- og Stiftsherrenhaus<\/li>\n\n\n\n<li>Bryllupshus  <\/li>\n\n\n\n<li>St. Boniface Minster<\/li>\n\n\n\n<li>Pied Piper Hall<\/li>\n\n\n\n<li>Anl\u00f8bsbro  <\/li>\n\n\n\n<li>Hamelns lokale bjerg &#8220;Kl\u00fct<\/li>\n<\/ul>\n<\/div>\n<\/div>\n\n\n\n<div style=\"height:60px\" aria-hidden=\"true\" class=\"wp-block-spacer\"><\/div>\n\n\n\n<div class=\"content-grid\">\n\n\n  \n  <div class=\"grid\">\n                        \n                    \n          <div class=\"featured-themen-single\">\n            <div class=\"featured-themen-single-inner\" style=\"background-image: url('https:\/\/9staedte.de\/wp-content\/smush-webp\/2023\/07\/Hameln-Stadtfuehrung-c-Hameln-Marketing-und-Tourismus-GmbH.jpg.webp')\">\n              \n              <a href=\"https:\/\/9staedte.de\/da\/hameln-den-legendariske-rottefaengerby\/byture-i-hameln\/\">\n                <span>Byture i Hameln<\/span>\n              <\/a>\n            <\/div>\n          <\/div>\n    \n          \n                  \n                    \n          <div class=\"featured-themen-single\">\n            <div class=\"featured-themen-single-inner\" style=\"background-image: url('https:\/\/9staedte.de\/wp-content\/smush-webp\/2023\/02\/Hameln-Christmas-Market-n-c-Hameln-Marketing-und-Tourismus-GmbH-1.jpg.webp')\">\n              \n              <a href=\"https:\/\/9staedte.de\/da\/hameln-den-legendariske-rottefaengerby\/julemarked-i-hameln\/\">\n                <span>Julemarked i Hameln<\/span>\n              <\/a>\n            <\/div>\n          <\/div>\n    \n          \n                  \n                    \n          <div class=\"featured-themen-single\">\n            <div class=\"featured-themen-single-inner\" style=\"background-image: url('https:\/\/9staedte.de\/wp-content\/smush-webp\/2023\/01\/Hameln-Osterstrasse-c-HMT-1.jpg.webp')\">\n              \n              <a href=\"https:\/\/9staedte.de\/da\/hameln-den-legendariske-rottefaengerby\/overnatning-i-hamelin\/\">\n                <span>Overnatning i Hamelin<\/span>\n              <\/a>\n            <\/div>\n          <\/div>\n    \n          \n                  \n                    \n          <div class=\"featured-themen-single\">\n            <div class=\"featured-themen-single-inner\" style=\"background-image: url('https:\/\/9staedte.de\/wp-content\/smush-webp\/2023\/01\/Rattenfaenger-vor-dem-Museum-Hameln-c-HMT.jpg.webp')\">\n              \n              <a href=\"https:\/\/9staedte.de\/da\/hameln-den-legendariske-rottefaengerby\/museer-og-udstillinger-i-hameln\/\">\n                <span>Museer og udstillinger i Hameln<\/span>\n              <\/a>\n            <\/div>\n          <\/div>\n    \n          \n                  \n                    \n          <div class=\"featured-themen-single\">\n            <div class=\"featured-themen-single-inner\" style=\"background-image: url('https:\/\/9staedte.de\/wp-content\/smush-webp\/2023\/07\/Hameln-town-model-c-Hameln-Tourismus-und-Marketing-GmbH-Sabrina-Stoeckli.jpg.webp')\">\n              \n              <a href=\"https:\/\/9staedte.de\/da\/hameln-den-legendariske-rottefaengerby\/indtryk-fra-hameln\/\">\n                <span>Indtryk fra Hameln<\/span>\n              <\/a>\n            <\/div>\n          <\/div>\n    \n          \n                          \n        <\/div>\n<\/div>","protected":false},"excerpt":{"rendered":"<p>I midten af Weserbergland Til venstre og h\u00f8jre for Weser, mellem bakkerne i Weserbergland, ligger Hameln. Direkte p\u00e5 den tyske eventyrrute er en m\u00f8rk fyr p\u00e5 hjemmebane her &#8211; Rottef\u00e6ngeren. Oplev den og dens magi, men ogs\u00e5 Hamelns uforlignelige gamle bydel med sine imponerende sandstens- og bindingsv\u00e6rksbygninger, der g\u00e5r tilbage til 1700-tallet. Hameln lever op [&hellip;]<\/p>\n","protected":false},"author":1,"featured_media":13176,"parent":0,"menu_order":0,"comment_status":"closed","ping_status":"closed","template":"pagetemplates\/template-stadtseite.php","meta":{"_acf_changed":false,"footnotes":""},"categories":[],"tags":[],"ncap_cities_tax":[448],"class_list":["post-12667","page","type-page","status-publish","has-post-thumbnail","hentry","ncap_cities_tax-hameln-da"],"acf":[],"yoast_head":"<!-- This site is optimized with the Yoast SEO plugin v27.4 - https:\/\/yoast.com\/product\/yoast-seo-wordpress\/ -->\n<title>Hameln - den legendariske rottef\u00e6ngerby - 9 St\u00e4dte in Niedersachsen<\/title>\n<meta name=\"description\" content=\"Hameln, den legendariske rottef\u00e6ngerby, ligger i Weserbergland. Den gamle bydel imponerer med bygninger i Weser-ren\u00e6ssancestil.\" \/>\n<meta name=\"robots\" content=\"index, follow, max-snippet:-1, max-image-preview:large, max-video-preview:-1\" \/>\n<link rel=\"canonical\" href=\"https:\/\/9staedte.de\/da\/hameln-den-legendariske-rottefaengerby\/\" \/>\n<meta property=\"og:locale\" content=\"da_DK\" \/>\n<meta property=\"og:type\" content=\"article\" \/>\n<meta property=\"og:title\" content=\"Hameln - den legendariske rottef\u00e6ngerby - 9 St\u00e4dte in Niedersachsen\" \/>\n<meta property=\"og:description\" content=\"Hameln, den legendariske rottef\u00e6ngerby, ligger i Weserbergland. Den gamle bydel imponerer med bygninger i Weser-ren\u00e6ssancestil.\" \/>\n<meta property=\"og:url\" content=\"https:\/\/9staedte.de\/da\/hameln-den-legendariske-rottefaengerby\/\" \/>\n<meta property=\"og:site_name\" content=\"9 St\u00e4dte in Niedersachsen\" \/>\n<meta property=\"article:modified_time\" content=\"2024-03-25T15:40:00+00:00\" \/>\n<meta property=\"og:image\" content=\"https:\/\/9staedte.de\/wp-content\/uploads\/2024\/03\/Rattenfaenger-Fuehrung-c-Hameln-Marketing-und-Tourismus-GmbhG.jpg\" \/>\n\t<meta property=\"og:image:width\" content=\"1020\" \/>\n\t<meta property=\"og:image:height\" content=\"551\" \/>\n\t<meta property=\"og:image:type\" content=\"image\/jpeg\" \/>\n<meta name=\"twitter:card\" content=\"summary_large_image\" \/>\n<meta name=\"twitter:label1\" content=\"Estimeret l\u00e6setid\" \/>\n\t<meta name=\"twitter:data1\" content=\"1 minut\" \/>\n<script type=\"application\/ld+json\" class=\"yoast-schema-graph\">{\"@context\":\"https:\\\/\\\/schema.org\",\"@graph\":[{\"@type\":\"WebPage\",\"@id\":\"https:\\\/\\\/9staedte.de\\\/da\\\/hameln-den-legendariske-rottefaengerby\\\/\",\"url\":\"https:\\\/\\\/9staedte.de\\\/da\\\/hameln-den-legendariske-rottefaengerby\\\/\",\"name\":\"Hameln - den legendariske rottef\u00e6ngerby - 9 St\u00e4dte in Niedersachsen\",\"isPartOf\":{\"@id\":\"https:\\\/\\\/9staedte.de\\\/da\\\/#website\"},\"primaryImageOfPage\":{\"@id\":\"https:\\\/\\\/9staedte.de\\\/da\\\/hameln-den-legendariske-rottefaengerby\\\/#primaryimage\"},\"image\":{\"@id\":\"https:\\\/\\\/9staedte.de\\\/da\\\/hameln-den-legendariske-rottefaengerby\\\/#primaryimage\"},\"thumbnailUrl\":\"https:\\\/\\\/9staedte.de\\\/wp-content\\\/uploads\\\/2023\\\/07\\\/Rattenfaenger-Fuehrung-c-Hameln-Marketing-und-Tourismus-GmbhG-scaled.jpg\",\"datePublished\":\"2023-10-25T10:26:41+00:00\",\"dateModified\":\"2024-03-25T15:40:00+00:00\",\"description\":\"Hameln, den legendariske rottef\u00e6ngerby, ligger i Weserbergland. Den gamle bydel imponerer med bygninger i Weser-ren\u00e6ssancestil.\",\"breadcrumb\":{\"@id\":\"https:\\\/\\\/9staedte.de\\\/da\\\/hameln-den-legendariske-rottefaengerby\\\/#breadcrumb\"},\"inLanguage\":\"da-DK\",\"potentialAction\":[{\"@type\":\"ReadAction\",\"target\":[\"https:\\\/\\\/9staedte.de\\\/da\\\/hameln-den-legendariske-rottefaengerby\\\/\"]}]},{\"@type\":\"ImageObject\",\"inLanguage\":\"da-DK\",\"@id\":\"https:\\\/\\\/9staedte.de\\\/da\\\/hameln-den-legendariske-rottefaengerby\\\/#primaryimage\",\"url\":\"https:\\\/\\\/9staedte.de\\\/wp-content\\\/uploads\\\/2023\\\/07\\\/Rattenfaenger-Fuehrung-c-Hameln-Marketing-und-Tourismus-GmbhG-scaled.jpg\",\"contentUrl\":\"https:\\\/\\\/9staedte.de\\\/wp-content\\\/uploads\\\/2023\\\/07\\\/Rattenfaenger-Fuehrung-c-Hameln-Marketing-und-Tourismus-GmbhG-scaled.jpg\",\"width\":2560,\"height\":1385,\"caption\":\"Rattenf\u00e4nger-F\u00fchrung c) Hameln Marketing und Tourismus GmbH\"},{\"@type\":\"BreadcrumbList\",\"@id\":\"https:\\\/\\\/9staedte.de\\\/da\\\/hameln-den-legendariske-rottefaengerby\\\/#breadcrumb\",\"itemListElement\":[{\"@type\":\"ListItem\",\"position\":1,\"name\":\"Startseite\",\"item\":\"https:\\\/\\\/9staedte.de\\\/da\\\/hjem-9-byer-2-i-niedersachsen\\\/\"},{\"@type\":\"ListItem\",\"position\":2,\"name\":\"Hameln &#8211; den legendariske rottef\u00e6ngerby\"}]},{\"@type\":\"WebSite\",\"@id\":\"https:\\\/\\\/9staedte.de\\\/da\\\/#website\",\"url\":\"https:\\\/\\\/9staedte.de\\\/da\\\/\",\"name\":\"9 St\u00e4dte in Niedersachsen\",\"description\":\"\",\"publisher\":{\"@id\":\"https:\\\/\\\/9staedte.de\\\/da\\\/#organization\"},\"potentialAction\":[{\"@type\":\"SearchAction\",\"target\":{\"@type\":\"EntryPoint\",\"urlTemplate\":\"https:\\\/\\\/9staedte.de\\\/da\\\/?s={search_term_string}\"},\"query-input\":{\"@type\":\"PropertyValueSpecification\",\"valueRequired\":true,\"valueName\":\"search_term_string\"}}],\"inLanguage\":\"da-DK\"},{\"@type\":\"Organization\",\"@id\":\"https:\\\/\\\/9staedte.de\\\/da\\\/#organization\",\"name\":\"9 St\u00e4dte in Niedersachsen\",\"url\":\"https:\\\/\\\/9staedte.de\\\/da\\\/\",\"logo\":{\"@type\":\"ImageObject\",\"inLanguage\":\"da-DK\",\"@id\":\"https:\\\/\\\/9staedte.de\\\/da\\\/#\\\/schema\\\/logo\\\/image\\\/\",\"url\":\"https:\\\/\\\/9staedte.de\\\/wp-content\\\/uploads\\\/2025\\\/01\\\/9-neg-deutsch-2-1.png\",\"contentUrl\":\"https:\\\/\\\/9staedte.de\\\/wp-content\\\/uploads\\\/2025\\\/01\\\/9-neg-deutsch-2-1.png\",\"width\":190,\"height\":114,\"caption\":\"9 St\u00e4dte in Niedersachsen\"},\"image\":{\"@id\":\"https:\\\/\\\/9staedte.de\\\/da\\\/#\\\/schema\\\/logo\\\/image\\\/\"}}]}<\/script>\n<!-- \/ Yoast SEO plugin. -->","yoast_head_json":{"title":"Hameln - den legendariske rottef\u00e6ngerby - 9 St\u00e4dte in Niedersachsen","description":"Hameln, den legendariske rottef\u00e6ngerby, ligger i Weserbergland. Den gamle bydel imponerer med bygninger i Weser-ren\u00e6ssancestil.","robots":{"index":"index","follow":"follow","max-snippet":"max-snippet:-1","max-image-preview":"max-image-preview:large","max-video-preview":"max-video-preview:-1"},"canonical":"https:\/\/9staedte.de\/da\/hameln-den-legendariske-rottefaengerby\/","og_locale":"da_DK","og_type":"article","og_title":"Hameln - den legendariske rottef\u00e6ngerby - 9 St\u00e4dte in Niedersachsen","og_description":"Hameln, den legendariske rottef\u00e6ngerby, ligger i Weserbergland. Den gamle bydel imponerer med bygninger i Weser-ren\u00e6ssancestil.","og_url":"https:\/\/9staedte.de\/da\/hameln-den-legendariske-rottefaengerby\/","og_site_name":"9 St\u00e4dte in Niedersachsen","article_modified_time":"2024-03-25T15:40:00+00:00","og_image":[{"width":1020,"height":551,"url":"https:\/\/9staedte.de\/wp-content\/uploads\/2024\/03\/Rattenfaenger-Fuehrung-c-Hameln-Marketing-und-Tourismus-GmbhG.jpg","type":"image\/jpeg"}],"twitter_card":"summary_large_image","twitter_misc":{"Estimeret l\u00e6setid":"1 minut"},"schema":{"@context":"https:\/\/schema.org","@graph":[{"@type":"WebPage","@id":"https:\/\/9staedte.de\/da\/hameln-den-legendariske-rottefaengerby\/","url":"https:\/\/9staedte.de\/da\/hameln-den-legendariske-rottefaengerby\/","name":"Hameln - den legendariske rottef\u00e6ngerby - 9 St\u00e4dte in Niedersachsen","isPartOf":{"@id":"https:\/\/9staedte.de\/da\/#website"},"primaryImageOfPage":{"@id":"https:\/\/9staedte.de\/da\/hameln-den-legendariske-rottefaengerby\/#primaryimage"},"image":{"@id":"https:\/\/9staedte.de\/da\/hameln-den-legendariske-rottefaengerby\/#primaryimage"},"thumbnailUrl":"https:\/\/9staedte.de\/wp-content\/uploads\/2023\/07\/Rattenfaenger-Fuehrung-c-Hameln-Marketing-und-Tourismus-GmbhG-scaled.jpg","datePublished":"2023-10-25T10:26:41+00:00","dateModified":"2024-03-25T15:40:00+00:00","description":"Hameln, den legendariske rottef\u00e6ngerby, ligger i Weserbergland. Den gamle bydel imponerer med bygninger i Weser-ren\u00e6ssancestil.","breadcrumb":{"@id":"https:\/\/9staedte.de\/da\/hameln-den-legendariske-rottefaengerby\/#breadcrumb"},"inLanguage":"da-DK","potentialAction":[{"@type":"ReadAction","target":["https:\/\/9staedte.de\/da\/hameln-den-legendariske-rottefaengerby\/"]}]},{"@type":"ImageObject","inLanguage":"da-DK","@id":"https:\/\/9staedte.de\/da\/hameln-den-legendariske-rottefaengerby\/#primaryimage","url":"https:\/\/9staedte.de\/wp-content\/uploads\/2023\/07\/Rattenfaenger-Fuehrung-c-Hameln-Marketing-und-Tourismus-GmbhG-scaled.jpg","contentUrl":"https:\/\/9staedte.de\/wp-content\/uploads\/2023\/07\/Rattenfaenger-Fuehrung-c-Hameln-Marketing-und-Tourismus-GmbhG-scaled.jpg","width":2560,"height":1385,"caption":"Rattenf\u00e4nger-F\u00fchrung c) Hameln Marketing und Tourismus GmbH"},{"@type":"BreadcrumbList","@id":"https:\/\/9staedte.de\/da\/hameln-den-legendariske-rottefaengerby\/#breadcrumb","itemListElement":[{"@type":"ListItem","position":1,"name":"Startseite","item":"https:\/\/9staedte.de\/da\/hjem-9-byer-2-i-niedersachsen\/"},{"@type":"ListItem","position":2,"name":"Hameln &#8211; den legendariske rottef\u00e6ngerby"}]},{"@type":"WebSite","@id":"https:\/\/9staedte.de\/da\/#website","url":"https:\/\/9staedte.de\/da\/","name":"9 St\u00e4dte in Niedersachsen","description":"","publisher":{"@id":"https:\/\/9staedte.de\/da\/#organization"},"potentialAction":[{"@type":"SearchAction","target":{"@type":"EntryPoint","urlTemplate":"https:\/\/9staedte.de\/da\/?s={search_term_string}"},"query-input":{"@type":"PropertyValueSpecification","valueRequired":true,"valueName":"search_term_string"}}],"inLanguage":"da-DK"},{"@type":"Organization","@id":"https:\/\/9staedte.de\/da\/#organization","name":"9 St\u00e4dte in Niedersachsen","url":"https:\/\/9staedte.de\/da\/","logo":{"@type":"ImageObject","inLanguage":"da-DK","@id":"https:\/\/9staedte.de\/da\/#\/schema\/logo\/image\/","url":"https:\/\/9staedte.de\/wp-content\/uploads\/2025\/01\/9-neg-deutsch-2-1.png","contentUrl":"https:\/\/9staedte.de\/wp-content\/uploads\/2025\/01\/9-neg-deutsch-2-1.png","width":190,"height":114,"caption":"9 St\u00e4dte in Niedersachsen"},"image":{"@id":"https:\/\/9staedte.de\/da\/#\/schema\/logo\/image\/"}}]}},"_links":{"self":[{"href":"https:\/\/9staedte.de\/da\/wp-json\/wp\/v2\/pages\/12667","targetHints":{"allow":["GET"]}}],"collection":[{"href":"https:\/\/9staedte.de\/da\/wp-json\/wp\/v2\/pages"}],"about":[{"href":"https:\/\/9staedte.de\/da\/wp-json\/wp\/v2\/types\/page"}],"author":[{"embeddable":true,"href":"https:\/\/9staedte.de\/da\/wp-json\/wp\/v2\/users\/1"}],"replies":[{"embeddable":true,"href":"https:\/\/9staedte.de\/da\/wp-json\/wp\/v2\/comments?post=12667"}],"version-history":[{"count":3,"href":"https:\/\/9staedte.de\/da\/wp-json\/wp\/v2\/pages\/12667\/revisions"}],"predecessor-version":[{"id":21696,"href":"https:\/\/9staedte.de\/da\/wp-json\/wp\/v2\/pages\/12667\/revisions\/21696"}],"wp:featuredmedia":[{"embeddable":true,"href":"https:\/\/9staedte.de\/da\/wp-json\/wp\/v2\/media\/13176"}],"wp:attachment":[{"href":"https:\/\/9staedte.de\/da\/wp-json\/wp\/v2\/media?parent=12667"}],"wp:term":[{"taxonomy":"category","embeddable":true,"href":"https:\/\/9staedte.de\/da\/wp-json\/wp\/v2\/categories?post=12667"},{"taxonomy":"post_tag","embeddable":true,"href":"https:\/\/9staedte.de\/da\/wp-json\/wp\/v2\/tags?post=12667"},{"taxonomy":"ncap_cities_tax","embeddable":true,"href":"https:\/\/9staedte.de\/da\/wp-json\/wp\/v2\/ncap_cities_tax?post=12667"}],"curies":[{"name":"wp","href":"https:\/\/api.w.org\/{rel}","templated":true}]}}