{"id":12665,"date":"2023-10-25T12:28:28","date_gmt":"2023-10-25T10:28:28","guid":{"rendered":"https:\/\/9staedte.de\/kontakt-og-rejseplanlaegning\/"},"modified":"2023-10-25T12:28:28","modified_gmt":"2023-10-25T10:28:28","slug":"kontakt-og-rejseplanlaegning","status":"publish","type":"page","link":"https:\/\/9staedte.de\/da\/kontakt-og-rejseplanlaegning\/","title":{"rendered":"Kontakt og rejseplanl\u00e6gning"},"content":{"rendered":"\n<h3 class=\"wp-block-heading\">Du kan finde os her:  <\/h3>\n\n\n\n<p>Braunschweig, Celle, Einbeck, G\u00f6ttingen, Goslar, Hameln, Hannover, Hildesheim, Wolfenb\u00fcttel  <br>+ Autostadt i Wolfsburg, Hannover Lufthavn<\/p>\n\n\n\n<h4 class=\"wp-block-heading\">9 byer + 2 &#8211; \u00e9n kontakt!<\/h4>\n\n\n\n<p>Information om alle 9 byer og Autostadt i Wolfsburg er tilg\u00e6ngelig p\u00e5 en f\u00e6lles adresse.<\/p>\n\n\n\n<p>9 byer + 2 i Niedersachsen<br>Hannover Marketing &amp; Tourism GmbH<br>Vahrenwalder Strasse 7<br>D-30165 Hanover<\/p>\n\n\n\n<p>Tlf.: +49 (0) 511\/168-49746<br>Fax: +49 (0) 511\/168-49779<br>E-mail: 9cities@hannover-tourismus.de<\/p>\n\n\n\n<p><strong>Tilgang<\/strong><\/p>\n\n\n\n <div class=\"brlbs-cmpnt-container brlbs-cmpnt-content-blocker brlbs-cmpnt-with-individual-styles\" data-borlabs-cookie-content-blocker-id=\"google-maps\" data-borlabs-cookie-content=\"PGlmcmFtZSBzcmM9Imh0dHBzOi8vd3d3Lmdvb2dsZS5jb20vbWFwcy9kL2VtYmVkP21pZD0xNjV0ZktCb2gySVFSR1JXLWVQQ01RX19uUWVsX09sZyZhbXA7ZWhiYz0yRTMxMkYiIHdpZHRoPSI2NDAiIGhlaWdodD0iNDgwIj48L2lmcmFtZT4=\"><div class=\"brlbs-cmpnt-cb-preset-b brlbs-cmpnt-cb-google-maps\"> <div class=\"brlbs-cmpnt-cb-thumbnail\" style=\"background-image: url('https:\/\/9staedte.de\/wp-content\/uploads\/borlabs-cookie\/1\/brlbs-cb-google-maps-main.png')\"><\/div> <div class=\"brlbs-cmpnt-cb-main\"> <div class=\"brlbs-cmpnt-cb-content\"> <p class=\"brlbs-cmpnt-cb-description\">You are currently viewing a placeholder content from <strong>Google Maps<\/strong>. To access the actual content, click the button below. Please note that doing so will share data with third-party providers.<\/p> <a class=\"brlbs-cmpnt-cb-provider-toggle\" href=\"#\" data-borlabs-cookie-show-provider-information role=\"button\">More Information<\/a> <\/div> <div class=\"brlbs-cmpnt-cb-buttons\"> <a class=\"brlbs-cmpnt-cb-btn\" href=\"#\" data-borlabs-cookie-unblock role=\"button\">Unblock content<\/a> <a class=\"brlbs-cmpnt-cb-btn\" href=\"#\" data-borlabs-cookie-accept-service role=\"button\" style=\"display: inherit\">Accept required service and unblock content<\/a> <\/div> <\/div> <\/div><\/div>\n","protected":false},"excerpt":{"rendered":"<p>Du kan finde os her: Braunschweig, Celle, Einbeck, G\u00f6ttingen, Goslar, Hameln, Hannover, Hildesheim, Wolfenb\u00fcttel + Autostadt i Wolfsburg, Hannover Lufthavn 9 byer + 2 &#8211; \u00e9n kontakt! Information om alle 9 byer og Autostadt i Wolfsburg er tilg\u00e6ngelig p\u00e5 en f\u00e6lles adresse. 9 byer + 2 i NiedersachsenHannover Marketing &amp; Tourism GmbHVahrenwalder Strasse 7D-30165 Hanover [&hellip;]<\/p>\n","protected":false},"author":1,"featured_media":12237,"parent":0,"menu_order":0,"comment_status":"closed","ping_status":"closed","template":"","meta":{"_acf_changed":false,"footnotes":""},"categories":[],"tags":[],"ncap_cities_tax":[],"class_list":["post-12665","page","type-page","status-publish","has-post-thumbnail","hentry"],"acf":[],"yoast_head":"<!-- This site is optimized with the Yoast SEO plugin v27.4 - https:\/\/yoast.com\/product\/yoast-seo-wordpress\/ -->\n<title>Kontakt og rejseplanl\u00e6gning - 9 St\u00e4dte in Niedersachsen<\/title>\n<meta name=\"robots\" content=\"index, follow, max-snippet:-1, max-image-preview:large, max-video-preview:-1\" \/>\n<link rel=\"canonical\" href=\"https:\/\/9staedte.de\/da\/kontakt-og-rejseplanlaegning\/\" \/>\n<meta property=\"og:locale\" content=\"da_DK\" \/>\n<meta property=\"og:type\" content=\"article\" \/>\n<meta property=\"og:title\" content=\"Kontakt og rejseplanl\u00e6gning - 9 St\u00e4dte in Niedersachsen\" \/>\n<meta property=\"og:description\" content=\"Du kan finde os her: Braunschweig, Celle, Einbeck, G\u00f6ttingen, Goslar, Hameln, Hannover, Hildesheim, Wolfenb\u00fcttel + Autostadt i Wolfsburg, Hannover Lufthavn 9 byer + 2 &#8211; \u00e9n kontakt! Information om alle 9 byer og Autostadt i Wolfsburg er tilg\u00e6ngelig p\u00e5 en f\u00e6lles adresse. 9 byer + 2 i NiedersachsenHannover Marketing &amp; Tourism GmbHVahrenwalder Strasse 7D-30165 Hanover [&hellip;]\" \/>\n<meta property=\"og:url\" content=\"https:\/\/9staedte.de\/da\/kontakt-og-rejseplanlaegning\/\" \/>\n<meta property=\"og:site_name\" content=\"9 St\u00e4dte in Niedersachsen\" \/>\n<meta property=\"og:image\" content=\"https:\/\/9staedte.de\/wp-content\/uploads\/2023\/06\/\u00a9-Hildesheim-Marketing-GmbH-Foto-Dagmar-Schwelle-3.jpg\" \/>\n\t<meta property=\"og:image:width\" content=\"1020\" \/>\n\t<meta property=\"og:image:height\" content=\"560\" \/>\n\t<meta property=\"og:image:type\" content=\"image\/jpeg\" \/>\n<meta name=\"twitter:card\" content=\"summary_large_image\" \/>\n<script type=\"application\/ld+json\" class=\"yoast-schema-graph\">{\"@context\":\"https:\\\/\\\/schema.org\",\"@graph\":[{\"@type\":\"WebPage\",\"@id\":\"https:\\\/\\\/9staedte.de\\\/da\\\/kontakt-og-rejseplanlaegning\\\/\",\"url\":\"https:\\\/\\\/9staedte.de\\\/da\\\/kontakt-og-rejseplanlaegning\\\/\",\"name\":\"Kontakt og rejseplanl\u00e6gning - 9 St\u00e4dte in Niedersachsen\",\"isPartOf\":{\"@id\":\"https:\\\/\\\/9staedte.de\\\/da\\\/#website\"},\"primaryImageOfPage\":{\"@id\":\"https:\\\/\\\/9staedte.de\\\/da\\\/kontakt-og-rejseplanlaegning\\\/#primaryimage\"},\"image\":{\"@id\":\"https:\\\/\\\/9staedte.de\\\/da\\\/kontakt-og-rejseplanlaegning\\\/#primaryimage\"},\"thumbnailUrl\":\"https:\\\/\\\/9staedte.de\\\/wp-content\\\/uploads\\\/2023\\\/06\\\/\u00a9-Hildesheim-Marketing-GmbH-Foto-Dagmar-Schwelle-3.jpg\",\"datePublished\":\"2023-10-25T10:28:28+00:00\",\"breadcrumb\":{\"@id\":\"https:\\\/\\\/9staedte.de\\\/da\\\/kontakt-og-rejseplanlaegning\\\/#breadcrumb\"},\"inLanguage\":\"da-DK\",\"potentialAction\":[{\"@type\":\"ReadAction\",\"target\":[\"https:\\\/\\\/9staedte.de\\\/da\\\/kontakt-og-rejseplanlaegning\\\/\"]}]},{\"@type\":\"ImageObject\",\"inLanguage\":\"da-DK\",\"@id\":\"https:\\\/\\\/9staedte.de\\\/da\\\/kontakt-og-rejseplanlaegning\\\/#primaryimage\",\"url\":\"https:\\\/\\\/9staedte.de\\\/wp-content\\\/uploads\\\/2023\\\/06\\\/\u00a9-Hildesheim-Marketing-GmbH-Foto-Dagmar-Schwelle-3.jpg\",\"contentUrl\":\"https:\\\/\\\/9staedte.de\\\/wp-content\\\/uploads\\\/2023\\\/06\\\/\u00a9-Hildesheim-Marketing-GmbH-Foto-Dagmar-Schwelle-3.jpg\",\"width\":1020,\"height\":560,\"caption\":\"Hildesheim Marktplatz c) Hildesheim Marketing Dagmar Schwelle\"},{\"@type\":\"BreadcrumbList\",\"@id\":\"https:\\\/\\\/9staedte.de\\\/da\\\/kontakt-og-rejseplanlaegning\\\/#breadcrumb\",\"itemListElement\":[{\"@type\":\"ListItem\",\"position\":1,\"name\":\"Startseite\",\"item\":\"https:\\\/\\\/9staedte.de\\\/da\\\/hjem-9-byer-2-i-niedersachsen\\\/\"},{\"@type\":\"ListItem\",\"position\":2,\"name\":\"Kontakt og rejseplanl\u00e6gning\"}]},{\"@type\":\"WebSite\",\"@id\":\"https:\\\/\\\/9staedte.de\\\/da\\\/#website\",\"url\":\"https:\\\/\\\/9staedte.de\\\/da\\\/\",\"name\":\"9 St\u00e4dte in Niedersachsen\",\"description\":\"\",\"publisher\":{\"@id\":\"https:\\\/\\\/9staedte.de\\\/da\\\/#organization\"},\"potentialAction\":[{\"@type\":\"SearchAction\",\"target\":{\"@type\":\"EntryPoint\",\"urlTemplate\":\"https:\\\/\\\/9staedte.de\\\/da\\\/?s={search_term_string}\"},\"query-input\":{\"@type\":\"PropertyValueSpecification\",\"valueRequired\":true,\"valueName\":\"search_term_string\"}}],\"inLanguage\":\"da-DK\"},{\"@type\":\"Organization\",\"@id\":\"https:\\\/\\\/9staedte.de\\\/da\\\/#organization\",\"name\":\"9 St\u00e4dte in Niedersachsen\",\"url\":\"https:\\\/\\\/9staedte.de\\\/da\\\/\",\"logo\":{\"@type\":\"ImageObject\",\"inLanguage\":\"da-DK\",\"@id\":\"https:\\\/\\\/9staedte.de\\\/da\\\/#\\\/schema\\\/logo\\\/image\\\/\",\"url\":\"https:\\\/\\\/9staedte.de\\\/wp-content\\\/uploads\\\/2025\\\/01\\\/9-neg-deutsch-2-1.png\",\"contentUrl\":\"https:\\\/\\\/9staedte.de\\\/wp-content\\\/uploads\\\/2025\\\/01\\\/9-neg-deutsch-2-1.png\",\"width\":190,\"height\":114,\"caption\":\"9 St\u00e4dte in Niedersachsen\"},\"image\":{\"@id\":\"https:\\\/\\\/9staedte.de\\\/da\\\/#\\\/schema\\\/logo\\\/image\\\/\"}}]}<\/script>\n<!-- \/ Yoast SEO plugin. -->","yoast_head_json":{"title":"Kontakt og rejseplanl\u00e6gning - 9 St\u00e4dte in Niedersachsen","robots":{"index":"index","follow":"follow","max-snippet":"max-snippet:-1","max-image-preview":"max-image-preview:large","max-video-preview":"max-video-preview:-1"},"canonical":"https:\/\/9staedte.de\/da\/kontakt-og-rejseplanlaegning\/","og_locale":"da_DK","og_type":"article","og_title":"Kontakt og rejseplanl\u00e6gning - 9 St\u00e4dte in Niedersachsen","og_description":"Du kan finde os her: Braunschweig, Celle, Einbeck, G\u00f6ttingen, Goslar, Hameln, Hannover, Hildesheim, Wolfenb\u00fcttel + Autostadt i Wolfsburg, Hannover Lufthavn 9 byer + 2 &#8211; \u00e9n kontakt! Information om alle 9 byer og Autostadt i Wolfsburg er tilg\u00e6ngelig p\u00e5 en f\u00e6lles adresse. 9 byer + 2 i NiedersachsenHannover Marketing &amp; Tourism GmbHVahrenwalder Strasse 7D-30165 Hanover [&hellip;]","og_url":"https:\/\/9staedte.de\/da\/kontakt-og-rejseplanlaegning\/","og_site_name":"9 St\u00e4dte in Niedersachsen","og_image":[{"width":1020,"height":560,"url":"https:\/\/9staedte.de\/wp-content\/uploads\/2023\/06\/\u00a9-Hildesheim-Marketing-GmbH-Foto-Dagmar-Schwelle-3.jpg","type":"image\/jpeg"}],"twitter_card":"summary_large_image","schema":{"@context":"https:\/\/schema.org","@graph":[{"@type":"WebPage","@id":"https:\/\/9staedte.de\/da\/kontakt-og-rejseplanlaegning\/","url":"https:\/\/9staedte.de\/da\/kontakt-og-rejseplanlaegning\/","name":"Kontakt og rejseplanl\u00e6gning - 9 St\u00e4dte in Niedersachsen","isPartOf":{"@id":"https:\/\/9staedte.de\/da\/#website"},"primaryImageOfPage":{"@id":"https:\/\/9staedte.de\/da\/kontakt-og-rejseplanlaegning\/#primaryimage"},"image":{"@id":"https:\/\/9staedte.de\/da\/kontakt-og-rejseplanlaegning\/#primaryimage"},"thumbnailUrl":"https:\/\/9staedte.de\/wp-content\/uploads\/2023\/06\/\u00a9-Hildesheim-Marketing-GmbH-Foto-Dagmar-Schwelle-3.jpg","datePublished":"2023-10-25T10:28:28+00:00","breadcrumb":{"@id":"https:\/\/9staedte.de\/da\/kontakt-og-rejseplanlaegning\/#breadcrumb"},"inLanguage":"da-DK","potentialAction":[{"@type":"ReadAction","target":["https:\/\/9staedte.de\/da\/kontakt-og-rejseplanlaegning\/"]}]},{"@type":"ImageObject","inLanguage":"da-DK","@id":"https:\/\/9staedte.de\/da\/kontakt-og-rejseplanlaegning\/#primaryimage","url":"https:\/\/9staedte.de\/wp-content\/uploads\/2023\/06\/\u00a9-Hildesheim-Marketing-GmbH-Foto-Dagmar-Schwelle-3.jpg","contentUrl":"https:\/\/9staedte.de\/wp-content\/uploads\/2023\/06\/\u00a9-Hildesheim-Marketing-GmbH-Foto-Dagmar-Schwelle-3.jpg","width":1020,"height":560,"caption":"Hildesheim Marktplatz c) Hildesheim Marketing Dagmar Schwelle"},{"@type":"BreadcrumbList","@id":"https:\/\/9staedte.de\/da\/kontakt-og-rejseplanlaegning\/#breadcrumb","itemListElement":[{"@type":"ListItem","position":1,"name":"Startseite","item":"https:\/\/9staedte.de\/da\/hjem-9-byer-2-i-niedersachsen\/"},{"@type":"ListItem","position":2,"name":"Kontakt og rejseplanl\u00e6gning"}]},{"@type":"WebSite","@id":"https:\/\/9staedte.de\/da\/#website","url":"https:\/\/9staedte.de\/da\/","name":"9 St\u00e4dte in Niedersachsen","description":"","publisher":{"@id":"https:\/\/9staedte.de\/da\/#organization"},"potentialAction":[{"@type":"SearchAction","target":{"@type":"EntryPoint","urlTemplate":"https:\/\/9staedte.de\/da\/?s={search_term_string}"},"query-input":{"@type":"PropertyValueSpecification","valueRequired":true,"valueName":"search_term_string"}}],"inLanguage":"da-DK"},{"@type":"Organization","@id":"https:\/\/9staedte.de\/da\/#organization","name":"9 St\u00e4dte in Niedersachsen","url":"https:\/\/9staedte.de\/da\/","logo":{"@type":"ImageObject","inLanguage":"da-DK","@id":"https:\/\/9staedte.de\/da\/#\/schema\/logo\/image\/","url":"https:\/\/9staedte.de\/wp-content\/uploads\/2025\/01\/9-neg-deutsch-2-1.png","contentUrl":"https:\/\/9staedte.de\/wp-content\/uploads\/2025\/01\/9-neg-deutsch-2-1.png","width":190,"height":114,"caption":"9 St\u00e4dte in Niedersachsen"},"image":{"@id":"https:\/\/9staedte.de\/da\/#\/schema\/logo\/image\/"}}]}},"_links":{"self":[{"href":"https:\/\/9staedte.de\/da\/wp-json\/wp\/v2\/pages\/12665","targetHints":{"allow":["GET"]}}],"collection":[{"href":"https:\/\/9staedte.de\/da\/wp-json\/wp\/v2\/pages"}],"about":[{"href":"https:\/\/9staedte.de\/da\/wp-json\/wp\/v2\/types\/page"}],"author":[{"embeddable":true,"href":"https:\/\/9staedte.de\/da\/wp-json\/wp\/v2\/users\/1"}],"replies":[{"embeddable":true,"href":"https:\/\/9staedte.de\/da\/wp-json\/wp\/v2\/comments?post=12665"}],"version-history":[{"count":1,"href":"https:\/\/9staedte.de\/da\/wp-json\/wp\/v2\/pages\/12665\/revisions"}],"predecessor-version":[{"id":12666,"href":"https:\/\/9staedte.de\/da\/wp-json\/wp\/v2\/pages\/12665\/revisions\/12666"}],"wp:featuredmedia":[{"embeddable":true,"href":"https:\/\/9staedte.de\/da\/wp-json\/wp\/v2\/media\/12237"}],"wp:attachment":[{"href":"https:\/\/9staedte.de\/da\/wp-json\/wp\/v2\/media?parent=12665"}],"wp:term":[{"taxonomy":"category","embeddable":true,"href":"https:\/\/9staedte.de\/da\/wp-json\/wp\/v2\/categories?post=12665"},{"taxonomy":"post_tag","embeddable":true,"href":"https:\/\/9staedte.de\/da\/wp-json\/wp\/v2\/tags?post=12665"},{"taxonomy":"ncap_cities_tax","embeddable":true,"href":"https:\/\/9staedte.de\/da\/wp-json\/wp\/v2\/ncap_cities_tax?post=12665"}],"curies":[{"name":"wp","href":"https:\/\/api.w.org\/{rel}","templated":true}]}}