{"id":12640,"date":"2023-10-25T12:25:50","date_gmt":"2023-10-25T10:25:50","guid":{"rendered":"https:\/\/9staedte.de\/goslar-verdensarvsomraade-i-harzen\/"},"modified":"2024-05-08T10:57:56","modified_gmt":"2024-05-08T08:57:56","slug":"goslar-verdensarvsomraade-i-harzen","status":"publish","type":"page","link":"https:\/\/9staedte.de\/da\/goslar-verdensarvsomraade-i-harzen\/","title":{"rendered":"Goslar &#8211; verdensarvsomr\u00e5de i Harzen"},"content":{"rendered":"\n<h2 class=\"wp-block-heading\">Den kejserlige by Goslar i Harzen<\/h2>\n\n\n\n<p>Goslar kan allerede se tilbage p\u00e5 1100 \u00e5rs byhistorie og inviterer sine bes\u00f8gende p\u00e5 en tidsrejse gennem gaderne i den gamle bydel, som siden 1992 sammen med Rammelsberg-malm-minen<br>er p\u00e5 UNESCO&#8217;s verdensarvsliste. Over 1500 bindingsv\u00e6rkshuse, det historiske r\u00e5dhus med verdensarvsinformationscenter og en livlig caf\u00e9- og restaurantscene indbyder til at slentre og dv\u00e6le. Med Harzen lige uden for d\u00f8ren f\u00e5r natur- og vandreelskere ogs\u00e5 noget for pengene! Om vinteren er julemarkedet og juleskoven i den historiske kulisse et absolut h\u00f8jdepunkt og skaber hvert \u00e5r en festlig atmosf\u00e6re.<\/p>\n\n\n\n<p><a href=\"https:\/\/www.meingoslar.de\/\">www.meingoslar.de<\/a><\/p>\n\n\n\n\n<div class=\"banner-wrapper\">\n  <div class=\"banner-inner \">\n      <div class=\"img-container\">\n      <div class=\"img-wrapper\">\n        <img decoding=\"async\" src=\"https:\/\/9staedte.de\/wp-content\/smush-webp\/2023\/02\/Schuhhof-Haeuserfassade_GOSLAR-marketing-gmbh_Fotograf-Stefan-Schiefer.jpg.webp\" alt=\"Billedet viser Schuhhof i byen Goslar. Mange gamle bindingsv\u00e6rkshuse st\u00e5r side om side. Husene er farverige og smukt dekoreret. Foran husene sidder folk p\u00e5 en caf\u00e9. De drikker noget og nyder solen. Det er en solrig dag, og stemningen er afslappet.\" \/>\n                  <div class=\"thumbnail-label\">\n            <span>Schuhhof H\u00e4userfassade_GOSLAR marketing gmbh_Fotograf Stefan Schiefer<\/span>\n          <\/div>\n              <\/div>\n    <\/div>\n        <div class=\"text-container\">\n      <div class=\"content\">\n        <p><strong>S\u00e6rlige tips:<\/strong><\/p>\n<ul>\n<li>Oplev det historiske r\u00e5dhus p\u00e5 s\u00e6rlige guidede ture<\/li>\n<li>&#8220;Op i h\u00f8jderne&#8221;: Nyd udsigten fra t\u00e5rnet p\u00e5 Marktkirche-kirken<\/li>\n<li>L\u00e6r historier om hekse, nattevagter, b\u00f8dler &amp; co. p\u00e5 kostumeture<\/li>\n<li>Smag p\u00e5 specialiteter i W\u00f6ltingerode-klostrets destilleri p\u00e5 den &#8220;store klostertur&#8221;<\/li>\n<li>Lyt til Goslar: Udforsk byen med audioguiden<\/li>\n<li>Oplev en gratis interaktiv udstilling i informationscentret om verdensarven i det historiske r\u00e5dhus<\/li>\n<li>Herzberg-dammen: Sv\u00f8m og slap af i verdensarvsomr\u00e5det<\/li>\n<\/ul>\n      <\/div>\n    <\/div>\n    <\/div>\n<\/div>\n\n\n\n\n<div style=\"height:30px\" aria-hidden=\"true\" class=\"wp-block-spacer\"><\/div>\n\n\n\n<div class=\"wp-block-columns is-layout-flex wp-container-core-columns-is-layout-9d6595d7 wp-block-columns-is-layout-flex\">\n<div class=\"wp-block-column is-layout-flow wp-block-column-is-layout-flow\" style=\"flex-basis:66.66%\">\n <div class=\"brlbs-cmpnt-container brlbs-cmpnt-content-blocker brlbs-cmpnt-with-individual-styles\" data-borlabs-cookie-content-blocker-id=\"google-maps\" data-borlabs-cookie-content=\"PGlmcmFtZSBzcmM9Imh0dHBzOi8vd3d3Lmdvb2dsZS5jb20vbWFwcy9kL2VtYmVkP21pZD0xN012TmwzeVo3Q2kya1UtSGw0MVQzRXJjQm1RVzhsVSZhbXA7ZWhiYz0yRTMxMkYiIHdpZHRoPSIxMDAlIiBoZWlnaHQ9IjQ1MCI+PC9pZnJhbWU+\"><div class=\"brlbs-cmpnt-cb-preset-b brlbs-cmpnt-cb-google-maps\"> <div class=\"brlbs-cmpnt-cb-thumbnail\" style=\"background-image: url('https:\/\/9staedte.de\/wp-content\/uploads\/borlabs-cookie\/1\/brlbs-cb-google-maps-main.png')\"><\/div> <div class=\"brlbs-cmpnt-cb-main\"> <div class=\"brlbs-cmpnt-cb-content\"> <p class=\"brlbs-cmpnt-cb-description\">You are currently viewing a placeholder content from <strong>Google Maps<\/strong>. To access the actual content, click the button below. Please note that doing so will share data with third-party providers.<\/p> <a class=\"brlbs-cmpnt-cb-provider-toggle\" href=\"#\" data-borlabs-cookie-show-provider-information role=\"button\">More Information<\/a> <\/div> <div class=\"brlbs-cmpnt-cb-buttons\"> <a class=\"brlbs-cmpnt-cb-btn\" href=\"#\" data-borlabs-cookie-unblock role=\"button\">Unblock content<\/a> <a class=\"brlbs-cmpnt-cb-btn\" href=\"#\" data-borlabs-cookie-accept-service role=\"button\" style=\"display: inherit\">Accept required service and unblock content<\/a> <\/div> <\/div> <\/div><\/div>\n<\/div>\n\n\n\n<div class=\"wp-block-column is-layout-flow wp-block-column-is-layout-flow\" style=\"flex-basis:33.33%\">\n<p><strong>Steder af interesse:<\/strong><\/p>\n\n\n\n<ul class=\"map-legend main-legend wp-block-list\">\n<li>M\u00f6nchehaus Museum for Moderne Kunst  <\/li>\n\n\n\n<li>Markedspladsen (med markedskirken, r\u00e5dhuset og klokkespillet)  <\/li>\n\n\n\n<li>St. Anne&#8217;s House  <\/li>\n\n\n\n<li>Middelaldermuseet i Zwinger  <\/li>\n\n\n\n<li>Museumsd\u00e6mningen med Goslar Museum og Tinfigurmuseet<\/li>\n\n\n\n<li>H\u00e5ndv\u00e6rkere i det store hellige kors  <\/li>\n\n\n\n<li>Kejserpaladset med Sankt Ulrichs Kapel  <\/li>\n\n\n\n<li>UNESCOs verdensarv Rammelsberg (museum og bes\u00f8gsmine)<\/li>\n\n\n\n<li>Stavkirke i bydelen Hahnenklee<\/li>\n<\/ul>\n<\/div>\n<\/div>\n\n\n\n<div style=\"height:60px\" aria-hidden=\"true\" class=\"wp-block-spacer\"><\/div>\n\n\n\n<div class=\"content-grid\">\n\n\n  \n  <div class=\"grid\">\n                        \n                    \n          <div class=\"featured-themen-single\">\n            <div class=\"featured-themen-single-inner\" style=\"background-image: url('https:\/\/9staedte.de\/wp-content\/smush-webp\/2023\/02\/04-Stadtfuehrung-Altstadt-Fotograf-Stefan-Schiefer-Quelle-GOSLAR-marketing-gmbh.jpg.webp')\">\n              \n              <a href=\"https:\/\/9staedte.de\/da\/goslar-verdensarvsomraade-i-harzen\/guidede-ture-i-goslar\/\">\n                <span>Guidede ture i Goslar<\/span>\n              <\/a>\n            <\/div>\n          <\/div>\n    \n          \n                  \n                    \n          <div class=\"featured-themen-single\">\n            <div class=\"featured-themen-single-inner\" style=\"background-image: url('https:\/\/9staedte.de\/wp-content\/smush-webp\/2023\/02\/Goslar-Abendstimmung_GOSLAR-marketing-gmbh_MichaelAbid-1.jpg.webp')\">\n              \n              <a href=\"https:\/\/9staedte.de\/da\/goslar-verdensarvsomraade-i-harzen\/indkvartering-i-goslar\/\">\n                <span>Indkvartering i Goslar<\/span>\n              <\/a>\n            <\/div>\n          <\/div>\n    \n          \n                  \n                    \n          <div class=\"featured-themen-single\">\n            <div class=\"featured-themen-single-inner\" style=\"background-image: url('https:\/\/9staedte.de\/wp-content\/smush-webp\/2023\/02\/Konzert-Neuwerksgarten_GOSLAR-marketing-gmbh_Fotograf-Stefan-Schiefer-1.jpg.webp')\">\n              \n              <a href=\"https:\/\/9staedte.de\/da\/goslar-verdensarvsomraade-i-harzen\/begivenheder-i-goslar\/\">\n                <span>Begivenheder i Goslar<\/span>\n              <\/a>\n            <\/div>\n          <\/div>\n    \n          \n                  \n                    \n          <div class=\"featured-themen-single\">\n            <div class=\"featured-themen-single-inner\" style=\"background-image: url('https:\/\/9staedte.de\/wp-content\/smush-webp\/2025\/02\/Goslar-Christmas-Market-Blue-hour-c-GOSLAR-marketing-Michael-Abid.jpg.webp')\">\n              \n              <a href=\"https:\/\/9staedte.de\/da\/goslar-verdensarvsomraade-i-harzen\/julemarked-i-goslar\/\">\n                <span>Julemarked i Goslar<\/span>\n              <\/a>\n            <\/div>\n          <\/div>\n    \n          \n                  \n                    \n          <div class=\"featured-themen-single\">\n            <div class=\"featured-themen-single-inner\" style=\"background-image: url('https:\/\/9staedte.de\/wp-content\/smush-webp\/2022\/03\/Museum-Goslar-c-GOSLAR-marketing-gmbh-Stefan-Schiefer-1.jpg.webp')\">\n              \n              <a href=\"https:\/\/9staedte.de\/da\/goslar-verdensarvsomraade-i-harzen\/museer-og-udstillinger-i-goslar\/\">\n                <span>Museer og udstillinger i Goslar<\/span>\n              <\/a>\n            <\/div>\n          <\/div>\n    \n          \n                          \n        <\/div>\n<\/div>","protected":false},"excerpt":{"rendered":"<p>Den kejserlige by Goslar i Harzen Goslar kan allerede se tilbage p\u00e5 1100 \u00e5rs byhistorie og inviterer sine bes\u00f8gende p\u00e5 en tidsrejse gennem gaderne i den gamle bydel, som siden 1992 sammen med Rammelsberg-malm-minener p\u00e5 UNESCO&#8217;s verdensarvsliste. Over 1500 bindingsv\u00e6rkshuse, det historiske r\u00e5dhus med verdensarvsinformationscenter og en livlig caf\u00e9- og restaurantscene indbyder til at slentre [&hellip;]<\/p>\n","protected":false},"author":1,"featured_media":13167,"parent":0,"menu_order":0,"comment_status":"closed","ping_status":"closed","template":"pagetemplates\/template-stadtseite.php","meta":{"_acf_changed":false,"footnotes":""},"categories":[],"tags":[],"ncap_cities_tax":[441],"class_list":["post-12640","page","type-page","status-publish","has-post-thumbnail","hentry","ncap_cities_tax-goslar-da"],"acf":[],"yoast_head":"<!-- This site is optimized with the Yoast SEO plugin v26.8 - https:\/\/yoast.com\/product\/yoast-seo-wordpress\/ -->\n<title>Goslar - verdensarvsomr\u00e5de i Harzen - 9 St\u00e4dte in Niedersachsen<\/title>\n<meta name=\"description\" content=\"Goslar kan se tilbage p\u00e5 over 1100 \u00e5rs byhistorie og inviterer sine bes\u00f8gende p\u00e5 en rejse gennem tiden i gyderne i den gamle bydel.\" \/>\n<meta name=\"robots\" content=\"index, follow, max-snippet:-1, max-image-preview:large, max-video-preview:-1\" \/>\n<link rel=\"canonical\" href=\"https:\/\/9staedte.de\/da\/goslar-verdensarvsomraade-i-harzen\/\" \/>\n<meta property=\"og:locale\" content=\"da_DK\" \/>\n<meta property=\"og:type\" content=\"article\" \/>\n<meta property=\"og:title\" content=\"Goslar - verdensarvsomr\u00e5de i Harzen - 9 St\u00e4dte in Niedersachsen\" \/>\n<meta property=\"og:description\" content=\"Goslar kan se tilbage p\u00e5 over 1100 \u00e5rs byhistorie og inviterer sine bes\u00f8gende p\u00e5 en rejse gennem tiden i gyderne i den gamle bydel.\" \/>\n<meta property=\"og:url\" content=\"https:\/\/9staedte.de\/da\/goslar-verdensarvsomraade-i-harzen\/\" \/>\n<meta property=\"og:site_name\" content=\"9 St\u00e4dte in Niedersachsen\" \/>\n<meta property=\"article:modified_time\" content=\"2024-05-08T08:57:56+00:00\" \/>\n<meta property=\"og:image\" content=\"https:\/\/9staedte.de\/wp-content\/uploads\/2023\/02\/Blick-ueber-Goslar_GOSLAR-marketing-gmbh_filmpunktton.jpg\" \/>\n\t<meta property=\"og:image:width\" content=\"1020\" \/>\n\t<meta property=\"og:image:height\" content=\"560\" \/>\n\t<meta property=\"og:image:type\" content=\"image\/jpeg\" \/>\n<meta name=\"twitter:card\" content=\"summary_large_image\" \/>\n<meta name=\"twitter:label1\" content=\"Estimeret l\u00e6setid\" \/>\n\t<meta name=\"twitter:data1\" content=\"1 minut\" \/>\n<script type=\"application\/ld+json\" class=\"yoast-schema-graph\">{\"@context\":\"https:\/\/schema.org\",\"@graph\":[{\"@type\":\"WebPage\",\"@id\":\"https:\/\/9staedte.de\/da\/goslar-verdensarvsomraade-i-harzen\/\",\"url\":\"https:\/\/9staedte.de\/da\/goslar-verdensarvsomraade-i-harzen\/\",\"name\":\"Goslar - verdensarvsomr\u00e5de i Harzen - 9 St\u00e4dte in Niedersachsen\",\"isPartOf\":{\"@id\":\"https:\/\/9staedte.de\/da\/#website\"},\"primaryImageOfPage\":{\"@id\":\"https:\/\/9staedte.de\/da\/goslar-verdensarvsomraade-i-harzen\/#primaryimage\"},\"image\":{\"@id\":\"https:\/\/9staedte.de\/da\/goslar-verdensarvsomraade-i-harzen\/#primaryimage\"},\"thumbnailUrl\":\"https:\/\/9staedte.de\/wp-content\/uploads\/2023\/07\/Blick-ueber-Goslar_GOSLAR-marketing-gmbh_filmpunktton.jpg\",\"datePublished\":\"2023-10-25T10:25:50+00:00\",\"dateModified\":\"2024-05-08T08:57:56+00:00\",\"description\":\"Goslar kan se tilbage p\u00e5 over 1100 \u00e5rs byhistorie og inviterer sine bes\u00f8gende p\u00e5 en rejse gennem tiden i gyderne i den gamle bydel.\",\"breadcrumb\":{\"@id\":\"https:\/\/9staedte.de\/da\/goslar-verdensarvsomraade-i-harzen\/#breadcrumb\"},\"inLanguage\":\"da-DK\",\"potentialAction\":[{\"@type\":\"ReadAction\",\"target\":[\"https:\/\/9staedte.de\/da\/goslar-verdensarvsomraade-i-harzen\/\"]}]},{\"@type\":\"ImageObject\",\"inLanguage\":\"da-DK\",\"@id\":\"https:\/\/9staedte.de\/da\/goslar-verdensarvsomraade-i-harzen\/#primaryimage\",\"url\":\"https:\/\/9staedte.de\/wp-content\/uploads\/2023\/07\/Blick-ueber-Goslar_GOSLAR-marketing-gmbh_filmpunktton.jpg\",\"contentUrl\":\"https:\/\/9staedte.de\/wp-content\/uploads\/2023\/07\/Blick-ueber-Goslar_GOSLAR-marketing-gmbh_filmpunktton.jpg\",\"width\":2500,\"height\":1662,\"caption\":\"Blick \u00fcber Goslar c)GOSLAR marketing gmbh filmpunktton\"},{\"@type\":\"BreadcrumbList\",\"@id\":\"https:\/\/9staedte.de\/da\/goslar-verdensarvsomraade-i-harzen\/#breadcrumb\",\"itemListElement\":[{\"@type\":\"ListItem\",\"position\":1,\"name\":\"Startseite\",\"item\":\"https:\/\/9staedte.de\/da\/hjem-9-byer-2-i-niedersachsen\/\"},{\"@type\":\"ListItem\",\"position\":2,\"name\":\"Goslar &#8211; verdensarvsomr\u00e5de i Harzen\"}]},{\"@type\":\"WebSite\",\"@id\":\"https:\/\/9staedte.de\/da\/#website\",\"url\":\"https:\/\/9staedte.de\/da\/\",\"name\":\"9 St\u00e4dte in Niedersachsen\",\"description\":\"\",\"publisher\":{\"@id\":\"https:\/\/9staedte.de\/da\/#organization\"},\"potentialAction\":[{\"@type\":\"SearchAction\",\"target\":{\"@type\":\"EntryPoint\",\"urlTemplate\":\"https:\/\/9staedte.de\/da\/?s={search_term_string}\"},\"query-input\":{\"@type\":\"PropertyValueSpecification\",\"valueRequired\":true,\"valueName\":\"search_term_string\"}}],\"inLanguage\":\"da-DK\"},{\"@type\":\"Organization\",\"@id\":\"https:\/\/9staedte.de\/da\/#organization\",\"name\":\"9 St\u00e4dte in Niedersachsen\",\"url\":\"https:\/\/9staedte.de\/da\/\",\"logo\":{\"@type\":\"ImageObject\",\"inLanguage\":\"da-DK\",\"@id\":\"https:\/\/9staedte.de\/da\/#\/schema\/logo\/image\/\",\"url\":\"https:\/\/9staedte.de\/wp-content\/uploads\/2025\/01\/9-neg-deutsch-2-1.png\",\"contentUrl\":\"https:\/\/9staedte.de\/wp-content\/uploads\/2025\/01\/9-neg-deutsch-2-1.png\",\"width\":190,\"height\":114,\"caption\":\"9 St\u00e4dte in Niedersachsen\"},\"image\":{\"@id\":\"https:\/\/9staedte.de\/da\/#\/schema\/logo\/image\/\"}}]}<\/script>\n<!-- \/ Yoast SEO plugin. -->","yoast_head_json":{"title":"Goslar - verdensarvsomr\u00e5de i Harzen - 9 St\u00e4dte in Niedersachsen","description":"Goslar kan se tilbage p\u00e5 over 1100 \u00e5rs byhistorie og inviterer sine bes\u00f8gende p\u00e5 en rejse gennem tiden i gyderne i den gamle bydel.","robots":{"index":"index","follow":"follow","max-snippet":"max-snippet:-1","max-image-preview":"max-image-preview:large","max-video-preview":"max-video-preview:-1"},"canonical":"https:\/\/9staedte.de\/da\/goslar-verdensarvsomraade-i-harzen\/","og_locale":"da_DK","og_type":"article","og_title":"Goslar - verdensarvsomr\u00e5de i Harzen - 9 St\u00e4dte in Niedersachsen","og_description":"Goslar kan se tilbage p\u00e5 over 1100 \u00e5rs byhistorie og inviterer sine bes\u00f8gende p\u00e5 en rejse gennem tiden i gyderne i den gamle bydel.","og_url":"https:\/\/9staedte.de\/da\/goslar-verdensarvsomraade-i-harzen\/","og_site_name":"9 St\u00e4dte in Niedersachsen","article_modified_time":"2024-05-08T08:57:56+00:00","og_image":[{"width":1020,"height":560,"url":"https:\/\/9staedte.de\/wp-content\/uploads\/2023\/02\/Blick-ueber-Goslar_GOSLAR-marketing-gmbh_filmpunktton.jpg","type":"image\/jpeg"}],"twitter_card":"summary_large_image","twitter_misc":{"Estimeret l\u00e6setid":"1 minut"},"schema":{"@context":"https:\/\/schema.org","@graph":[{"@type":"WebPage","@id":"https:\/\/9staedte.de\/da\/goslar-verdensarvsomraade-i-harzen\/","url":"https:\/\/9staedte.de\/da\/goslar-verdensarvsomraade-i-harzen\/","name":"Goslar - verdensarvsomr\u00e5de i Harzen - 9 St\u00e4dte in Niedersachsen","isPartOf":{"@id":"https:\/\/9staedte.de\/da\/#website"},"primaryImageOfPage":{"@id":"https:\/\/9staedte.de\/da\/goslar-verdensarvsomraade-i-harzen\/#primaryimage"},"image":{"@id":"https:\/\/9staedte.de\/da\/goslar-verdensarvsomraade-i-harzen\/#primaryimage"},"thumbnailUrl":"https:\/\/9staedte.de\/wp-content\/uploads\/2023\/07\/Blick-ueber-Goslar_GOSLAR-marketing-gmbh_filmpunktton.jpg","datePublished":"2023-10-25T10:25:50+00:00","dateModified":"2024-05-08T08:57:56+00:00","description":"Goslar kan se tilbage p\u00e5 over 1100 \u00e5rs byhistorie og inviterer sine bes\u00f8gende p\u00e5 en rejse gennem tiden i gyderne i den gamle bydel.","breadcrumb":{"@id":"https:\/\/9staedte.de\/da\/goslar-verdensarvsomraade-i-harzen\/#breadcrumb"},"inLanguage":"da-DK","potentialAction":[{"@type":"ReadAction","target":["https:\/\/9staedte.de\/da\/goslar-verdensarvsomraade-i-harzen\/"]}]},{"@type":"ImageObject","inLanguage":"da-DK","@id":"https:\/\/9staedte.de\/da\/goslar-verdensarvsomraade-i-harzen\/#primaryimage","url":"https:\/\/9staedte.de\/wp-content\/uploads\/2023\/07\/Blick-ueber-Goslar_GOSLAR-marketing-gmbh_filmpunktton.jpg","contentUrl":"https:\/\/9staedte.de\/wp-content\/uploads\/2023\/07\/Blick-ueber-Goslar_GOSLAR-marketing-gmbh_filmpunktton.jpg","width":2500,"height":1662,"caption":"Blick \u00fcber Goslar c)GOSLAR marketing gmbh filmpunktton"},{"@type":"BreadcrumbList","@id":"https:\/\/9staedte.de\/da\/goslar-verdensarvsomraade-i-harzen\/#breadcrumb","itemListElement":[{"@type":"ListItem","position":1,"name":"Startseite","item":"https:\/\/9staedte.de\/da\/hjem-9-byer-2-i-niedersachsen\/"},{"@type":"ListItem","position":2,"name":"Goslar &#8211; verdensarvsomr\u00e5de i Harzen"}]},{"@type":"WebSite","@id":"https:\/\/9staedte.de\/da\/#website","url":"https:\/\/9staedte.de\/da\/","name":"9 St\u00e4dte in Niedersachsen","description":"","publisher":{"@id":"https:\/\/9staedte.de\/da\/#organization"},"potentialAction":[{"@type":"SearchAction","target":{"@type":"EntryPoint","urlTemplate":"https:\/\/9staedte.de\/da\/?s={search_term_string}"},"query-input":{"@type":"PropertyValueSpecification","valueRequired":true,"valueName":"search_term_string"}}],"inLanguage":"da-DK"},{"@type":"Organization","@id":"https:\/\/9staedte.de\/da\/#organization","name":"9 St\u00e4dte in Niedersachsen","url":"https:\/\/9staedte.de\/da\/","logo":{"@type":"ImageObject","inLanguage":"da-DK","@id":"https:\/\/9staedte.de\/da\/#\/schema\/logo\/image\/","url":"https:\/\/9staedte.de\/wp-content\/uploads\/2025\/01\/9-neg-deutsch-2-1.png","contentUrl":"https:\/\/9staedte.de\/wp-content\/uploads\/2025\/01\/9-neg-deutsch-2-1.png","width":190,"height":114,"caption":"9 St\u00e4dte in Niedersachsen"},"image":{"@id":"https:\/\/9staedte.de\/da\/#\/schema\/logo\/image\/"}}]}},"_links":{"self":[{"href":"https:\/\/9staedte.de\/da\/wp-json\/wp\/v2\/pages\/12640","targetHints":{"allow":["GET"]}}],"collection":[{"href":"https:\/\/9staedte.de\/da\/wp-json\/wp\/v2\/pages"}],"about":[{"href":"https:\/\/9staedte.de\/da\/wp-json\/wp\/v2\/types\/page"}],"author":[{"embeddable":true,"href":"https:\/\/9staedte.de\/da\/wp-json\/wp\/v2\/users\/1"}],"replies":[{"embeddable":true,"href":"https:\/\/9staedte.de\/da\/wp-json\/wp\/v2\/comments?post=12640"}],"version-history":[{"count":4,"href":"https:\/\/9staedte.de\/da\/wp-json\/wp\/v2\/pages\/12640\/revisions"}],"predecessor-version":[{"id":22220,"href":"https:\/\/9staedte.de\/da\/wp-json\/wp\/v2\/pages\/12640\/revisions\/22220"}],"wp:featuredmedia":[{"embeddable":true,"href":"https:\/\/9staedte.de\/da\/wp-json\/wp\/v2\/media\/13167"}],"wp:attachment":[{"href":"https:\/\/9staedte.de\/da\/wp-json\/wp\/v2\/media?parent=12640"}],"wp:term":[{"taxonomy":"category","embeddable":true,"href":"https:\/\/9staedte.de\/da\/wp-json\/wp\/v2\/categories?post=12640"},{"taxonomy":"post_tag","embeddable":true,"href":"https:\/\/9staedte.de\/da\/wp-json\/wp\/v2\/tags?post=12640"},{"taxonomy":"ncap_cities_tax","embeddable":true,"href":"https:\/\/9staedte.de\/da\/wp-json\/wp\/v2\/ncap_cities_tax?post=12640"}],"curies":[{"name":"wp","href":"https:\/\/api.w.org\/{rel}","templated":true}]}}