{"id":12632,"date":"2023-10-25T12:24:06","date_gmt":"2023-10-25T10:24:06","guid":{"rendered":"https:\/\/9staedte.de\/downloads-brochurer\/"},"modified":"2023-10-25T12:24:06","modified_gmt":"2023-10-25T10:24:06","slug":"downloads-brochurer","status":"publish","type":"page","link":"https:\/\/9staedte.de\/da\/downloads-brochurer\/","title":{"rendered":"Downloads (brochurer)"},"content":{"rendered":"\r\n\r\n    <div class=\"filter-posts\">\r\n            <div  id=\"filterContent\">\r\n                                                        \n<div class=\"contentKachel filtr-item\" data-category=\"\">\n    <a href=\"https:\/\/9staedte.de\/da\/begivenhedens-hojdepunkter-2023\/\">\n        <div class=\"contentKachel-inner\">\n                            <div class=\"contentKachel-thumbnail\">\n                    <img loading=\"lazy\" decoding=\"async\" width=\"300\" height=\"165\" src=\"https:\/\/9staedte.de\/wp-content\/smush-webp\/2023\/02\/Braunschweig-Weihnachtsmarkt-3-c-Braunschweig-Stadtmarketing-Philipp-Ziebart-300x165.jpg.webp\" class=\"objectfitcover withfilters wp-post-image\" alt=\"Das Bild zeigt den Weihnachtsmarkt in Braunschweig.\nViele Menschen laufen an den St\u00e4nden vorbei.\n\u00dcberall leuchten Lichter.\nIm Hintergrund sieht man alte Geb\u00e4ude und eine Kirche.\" srcset=\"https:\/\/9staedte.de\/wp-content\/smush-webp\/2023\/02\/Braunschweig-Weihnachtsmarkt-3-c-Braunschweig-Stadtmarketing-Philipp-Ziebart-300x165.jpg.webp 300w, https:\/\/9staedte.de\/wp-content\/smush-webp\/2023\/02\/Braunschweig-Weihnachtsmarkt-3-c-Braunschweig-Stadtmarketing-Philipp-Ziebart-768x422.jpg.webp 768w, https:\/\/9staedte.de\/wp-content\/smush-webp\/2023\/02\/Braunschweig-Weihnachtsmarkt-3-c-Braunschweig-Stadtmarketing-Philipp-Ziebart.jpg.webp 1020w\" sizes=\"auto, (max-width: 300px) 100vw, 300px\" \/>                    <img loading=\"lazy\" decoding=\"async\" width=\"300\" height=\"165\" src=\"https:\/\/9staedte.de\/wp-content\/smush-webp\/2023\/02\/Braunschweig-Weihnachtsmarkt-3-c-Braunschweig-Stadtmarketing-Philipp-Ziebart-300x165.jpg.webp\" class=\"objectfitcontain wp-post-image\" alt=\"Das Bild zeigt den Weihnachtsmarkt in Braunschweig.\nViele Menschen laufen an den St\u00e4nden vorbei.\n\u00dcberall leuchten Lichter.\nIm Hintergrund sieht man alte Geb\u00e4ude und eine Kirche.\" srcset=\"https:\/\/9staedte.de\/wp-content\/smush-webp\/2023\/02\/Braunschweig-Weihnachtsmarkt-3-c-Braunschweig-Stadtmarketing-Philipp-Ziebart-300x165.jpg.webp 300w, https:\/\/9staedte.de\/wp-content\/smush-webp\/2023\/02\/Braunschweig-Weihnachtsmarkt-3-c-Braunschweig-Stadtmarketing-Philipp-Ziebart-768x422.jpg.webp 768w, https:\/\/9staedte.de\/wp-content\/smush-webp\/2023\/02\/Braunschweig-Weihnachtsmarkt-3-c-Braunschweig-Stadtmarketing-Philipp-Ziebart.jpg.webp 1020w\" sizes=\"auto, (max-width: 300px) 100vw, 300px\" \/>                        <div class=\"thumbnail-label\">\n    <span>Braunschweig Weihnachtsmarkt 3 c) Braunschweig Stadtmarketing Philipp Ziebart<\/span>\n    <\/div>\n                <\/div>\n                        <div class=\"contentKachel-content\">\n                \n                <div class=\"title\">\n\n                    Begivenhedens h\u00f8jdepunkter 2025                    \n                <\/div>\n\n                            <\/div>\n\n        <\/div>\n    <\/a>\n<\/div>                                                        \n<div class=\"contentKachel filtr-item\" data-category=\"\">\n    <a href=\"https:\/\/9staedte.de\/da\/historisk-livlig-unik\/\">\n        <div class=\"contentKachel-inner\">\n                            <div class=\"contentKachel-thumbnail\">\n                    <img loading=\"lazy\" decoding=\"async\" width=\"300\" height=\"165\" src=\"https:\/\/9staedte.de\/wp-content\/smush-webp\/2023\/02\/Blick-ueber-Goslar_GOSLAR-marketing-gmbh_filmpunktton-300x165.jpg.webp\" class=\"objectfitcover withfilters wp-post-image\" alt=\"Billedet viser udsigten over byen Goslar. Forrest ser man to kirket\u00e5rne. I baggrunden er der mange huse og gr\u00f8nne bakker. Man kan ogs\u00e5 se Harzen-bjergene.\" srcset=\"https:\/\/9staedte.de\/wp-content\/smush-webp\/2023\/02\/Blick-ueber-Goslar_GOSLAR-marketing-gmbh_filmpunktton-300x165.jpg.webp 300w, https:\/\/9staedte.de\/wp-content\/smush-webp\/2023\/02\/Blick-ueber-Goslar_GOSLAR-marketing-gmbh_filmpunktton-768x422.jpg.webp 768w, https:\/\/9staedte.de\/wp-content\/smush-webp\/2023\/02\/Blick-ueber-Goslar_GOSLAR-marketing-gmbh_filmpunktton.jpg.webp 1020w\" sizes=\"auto, (max-width: 300px) 100vw, 300px\" \/>                    <img loading=\"lazy\" decoding=\"async\" width=\"300\" height=\"165\" src=\"https:\/\/9staedte.de\/wp-content\/smush-webp\/2023\/02\/Blick-ueber-Goslar_GOSLAR-marketing-gmbh_filmpunktton-300x165.jpg.webp\" class=\"objectfitcontain wp-post-image\" alt=\"Billedet viser udsigten over byen Goslar. Forrest ser man to kirket\u00e5rne. I baggrunden er der mange huse og gr\u00f8nne bakker. Man kan ogs\u00e5 se Harzen-bjergene.\" srcset=\"https:\/\/9staedte.de\/wp-content\/smush-webp\/2023\/02\/Blick-ueber-Goslar_GOSLAR-marketing-gmbh_filmpunktton-300x165.jpg.webp 300w, https:\/\/9staedte.de\/wp-content\/smush-webp\/2023\/02\/Blick-ueber-Goslar_GOSLAR-marketing-gmbh_filmpunktton-768x422.jpg.webp 768w, https:\/\/9staedte.de\/wp-content\/smush-webp\/2023\/02\/Blick-ueber-Goslar_GOSLAR-marketing-gmbh_filmpunktton.jpg.webp 1020w\" sizes=\"auto, (max-width: 300px) 100vw, 300px\" \/>                        <div class=\"thumbnail-label\">\n    <span>Blick \u00fcber Goslar_GOSLAR marketing gmbh_filmpunktton<\/span>\n    <\/div>\n                <\/div>\n                        <div class=\"contentKachel-content\">\n                \n                <div class=\"title\">\n\n                    Historisk, livlig, unik&#8230;                    \n                <\/div>\n\n                            <\/div>\n\n        <\/div>\n    <\/a>\n<\/div>                                            <\/div>\r\n    <\/div>\r\n","protected":false},"excerpt":{"rendered":"","protected":false},"author":1,"featured_media":12635,"parent":0,"menu_order":0,"comment_status":"closed","ping_status":"closed","template":"","meta":{"_acf_changed":false,"footnotes":""},"categories":[],"tags":[],"ncap_cities_tax":[],"class_list":["post-12632","page","type-page","status-publish","has-post-thumbnail","hentry"],"acf":[],"yoast_head":"<!-- This site is optimized with the Yoast SEO plugin v26.8 - https:\/\/yoast.com\/product\/yoast-seo-wordpress\/ -->\n<title>Downloads (brochurer) - 9 St\u00e4dte in Niedersachsen<\/title>\n<meta name=\"robots\" content=\"index, follow, max-snippet:-1, max-image-preview:large, max-video-preview:-1\" \/>\n<link rel=\"canonical\" href=\"https:\/\/9staedte.de\/da\/downloads-brochurer\/\" \/>\n<meta property=\"og:locale\" content=\"da_DK\" \/>\n<meta property=\"og:type\" content=\"article\" \/>\n<meta property=\"og:title\" content=\"Downloads (brochurer) - 9 St\u00e4dte in Niedersachsen\" \/>\n<meta property=\"og:url\" content=\"https:\/\/9staedte.de\/da\/downloads-brochurer\/\" \/>\n<meta property=\"og:site_name\" content=\"9 St\u00e4dte in Niedersachsen\" \/>\n<meta property=\"og:image\" content=\"https:\/\/9staedte.de\/wp-content\/uploads\/2023\/06\/Fachwerkviertel-\u00a9-Hildesheim-Marketing-Foto-Dagmar-Schwelle.jpg\" \/>\n\t<meta property=\"og:image:width\" content=\"1020\" \/>\n\t<meta property=\"og:image:height\" content=\"560\" \/>\n\t<meta property=\"og:image:type\" content=\"image\/jpeg\" \/>\n<meta name=\"twitter:card\" content=\"summary_large_image\" \/>\n<script type=\"application\/ld+json\" class=\"yoast-schema-graph\">{\"@context\":\"https:\/\/schema.org\",\"@graph\":[{\"@type\":\"WebPage\",\"@id\":\"https:\/\/9staedte.de\/da\/downloads-brochurer\/\",\"url\":\"https:\/\/9staedte.de\/da\/downloads-brochurer\/\",\"name\":\"Downloads (brochurer) - 9 St\u00e4dte in Niedersachsen\",\"isPartOf\":{\"@id\":\"https:\/\/9staedte.de\/da\/#website\"},\"primaryImageOfPage\":{\"@id\":\"https:\/\/9staedte.de\/da\/downloads-brochurer\/#primaryimage\"},\"image\":{\"@id\":\"https:\/\/9staedte.de\/da\/downloads-brochurer\/#primaryimage\"},\"thumbnailUrl\":\"https:\/\/9staedte.de\/wp-content\/uploads\/2023\/06\/Fachwerkviertel-\u00a9-Hildesheim-Marketing-Foto-Dagmar-Schwelle.jpg\",\"datePublished\":\"2023-10-25T10:24:06+00:00\",\"breadcrumb\":{\"@id\":\"https:\/\/9staedte.de\/da\/downloads-brochurer\/#breadcrumb\"},\"inLanguage\":\"da-DK\",\"potentialAction\":[{\"@type\":\"ReadAction\",\"target\":[\"https:\/\/9staedte.de\/da\/downloads-brochurer\/\"]}]},{\"@type\":\"ImageObject\",\"inLanguage\":\"da-DK\",\"@id\":\"https:\/\/9staedte.de\/da\/downloads-brochurer\/#primaryimage\",\"url\":\"https:\/\/9staedte.de\/wp-content\/uploads\/2023\/06\/Fachwerkviertel-\u00a9-Hildesheim-Marketing-Foto-Dagmar-Schwelle.jpg\",\"contentUrl\":\"https:\/\/9staedte.de\/wp-content\/uploads\/2023\/06\/Fachwerkviertel-\u00a9-Hildesheim-Marketing-Foto-Dagmar-Schwelle.jpg\",\"width\":1020,\"height\":560,\"caption\":\"Fachwerkviertel \u00a9 Hildesheim Marketing, Foto Dagmar Schwelle\"},{\"@type\":\"BreadcrumbList\",\"@id\":\"https:\/\/9staedte.de\/da\/downloads-brochurer\/#breadcrumb\",\"itemListElement\":[{\"@type\":\"ListItem\",\"position\":1,\"name\":\"Startseite\",\"item\":\"https:\/\/9staedte.de\/da\/hjem-9-byer-2-i-niedersachsen\/\"},{\"@type\":\"ListItem\",\"position\":2,\"name\":\"Downloads (brochurer)\"}]},{\"@type\":\"WebSite\",\"@id\":\"https:\/\/9staedte.de\/da\/#website\",\"url\":\"https:\/\/9staedte.de\/da\/\",\"name\":\"9 St\u00e4dte in Niedersachsen\",\"description\":\"\",\"publisher\":{\"@id\":\"https:\/\/9staedte.de\/da\/#organization\"},\"potentialAction\":[{\"@type\":\"SearchAction\",\"target\":{\"@type\":\"EntryPoint\",\"urlTemplate\":\"https:\/\/9staedte.de\/da\/?s={search_term_string}\"},\"query-input\":{\"@type\":\"PropertyValueSpecification\",\"valueRequired\":true,\"valueName\":\"search_term_string\"}}],\"inLanguage\":\"da-DK\"},{\"@type\":\"Organization\",\"@id\":\"https:\/\/9staedte.de\/da\/#organization\",\"name\":\"9 St\u00e4dte in Niedersachsen\",\"url\":\"https:\/\/9staedte.de\/da\/\",\"logo\":{\"@type\":\"ImageObject\",\"inLanguage\":\"da-DK\",\"@id\":\"https:\/\/9staedte.de\/da\/#\/schema\/logo\/image\/\",\"url\":\"https:\/\/9staedte.de\/wp-content\/uploads\/2025\/01\/9-neg-deutsch-2-1.png\",\"contentUrl\":\"https:\/\/9staedte.de\/wp-content\/uploads\/2025\/01\/9-neg-deutsch-2-1.png\",\"width\":190,\"height\":114,\"caption\":\"9 St\u00e4dte in Niedersachsen\"},\"image\":{\"@id\":\"https:\/\/9staedte.de\/da\/#\/schema\/logo\/image\/\"}}]}<\/script>\n<!-- \/ Yoast SEO plugin. -->","yoast_head_json":{"title":"Downloads (brochurer) - 9 St\u00e4dte in Niedersachsen","robots":{"index":"index","follow":"follow","max-snippet":"max-snippet:-1","max-image-preview":"max-image-preview:large","max-video-preview":"max-video-preview:-1"},"canonical":"https:\/\/9staedte.de\/da\/downloads-brochurer\/","og_locale":"da_DK","og_type":"article","og_title":"Downloads (brochurer) - 9 St\u00e4dte in Niedersachsen","og_url":"https:\/\/9staedte.de\/da\/downloads-brochurer\/","og_site_name":"9 St\u00e4dte in Niedersachsen","og_image":[{"width":1020,"height":560,"url":"https:\/\/9staedte.de\/wp-content\/uploads\/2023\/06\/Fachwerkviertel-\u00a9-Hildesheim-Marketing-Foto-Dagmar-Schwelle.jpg","type":"image\/jpeg"}],"twitter_card":"summary_large_image","schema":{"@context":"https:\/\/schema.org","@graph":[{"@type":"WebPage","@id":"https:\/\/9staedte.de\/da\/downloads-brochurer\/","url":"https:\/\/9staedte.de\/da\/downloads-brochurer\/","name":"Downloads (brochurer) - 9 St\u00e4dte in Niedersachsen","isPartOf":{"@id":"https:\/\/9staedte.de\/da\/#website"},"primaryImageOfPage":{"@id":"https:\/\/9staedte.de\/da\/downloads-brochurer\/#primaryimage"},"image":{"@id":"https:\/\/9staedte.de\/da\/downloads-brochurer\/#primaryimage"},"thumbnailUrl":"https:\/\/9staedte.de\/wp-content\/uploads\/2023\/06\/Fachwerkviertel-\u00a9-Hildesheim-Marketing-Foto-Dagmar-Schwelle.jpg","datePublished":"2023-10-25T10:24:06+00:00","breadcrumb":{"@id":"https:\/\/9staedte.de\/da\/downloads-brochurer\/#breadcrumb"},"inLanguage":"da-DK","potentialAction":[{"@type":"ReadAction","target":["https:\/\/9staedte.de\/da\/downloads-brochurer\/"]}]},{"@type":"ImageObject","inLanguage":"da-DK","@id":"https:\/\/9staedte.de\/da\/downloads-brochurer\/#primaryimage","url":"https:\/\/9staedte.de\/wp-content\/uploads\/2023\/06\/Fachwerkviertel-\u00a9-Hildesheim-Marketing-Foto-Dagmar-Schwelle.jpg","contentUrl":"https:\/\/9staedte.de\/wp-content\/uploads\/2023\/06\/Fachwerkviertel-\u00a9-Hildesheim-Marketing-Foto-Dagmar-Schwelle.jpg","width":1020,"height":560,"caption":"Fachwerkviertel \u00a9 Hildesheim Marketing, Foto Dagmar Schwelle"},{"@type":"BreadcrumbList","@id":"https:\/\/9staedte.de\/da\/downloads-brochurer\/#breadcrumb","itemListElement":[{"@type":"ListItem","position":1,"name":"Startseite","item":"https:\/\/9staedte.de\/da\/hjem-9-byer-2-i-niedersachsen\/"},{"@type":"ListItem","position":2,"name":"Downloads (brochurer)"}]},{"@type":"WebSite","@id":"https:\/\/9staedte.de\/da\/#website","url":"https:\/\/9staedte.de\/da\/","name":"9 St\u00e4dte in Niedersachsen","description":"","publisher":{"@id":"https:\/\/9staedte.de\/da\/#organization"},"potentialAction":[{"@type":"SearchAction","target":{"@type":"EntryPoint","urlTemplate":"https:\/\/9staedte.de\/da\/?s={search_term_string}"},"query-input":{"@type":"PropertyValueSpecification","valueRequired":true,"valueName":"search_term_string"}}],"inLanguage":"da-DK"},{"@type":"Organization","@id":"https:\/\/9staedte.de\/da\/#organization","name":"9 St\u00e4dte in Niedersachsen","url":"https:\/\/9staedte.de\/da\/","logo":{"@type":"ImageObject","inLanguage":"da-DK","@id":"https:\/\/9staedte.de\/da\/#\/schema\/logo\/image\/","url":"https:\/\/9staedte.de\/wp-content\/uploads\/2025\/01\/9-neg-deutsch-2-1.png","contentUrl":"https:\/\/9staedte.de\/wp-content\/uploads\/2025\/01\/9-neg-deutsch-2-1.png","width":190,"height":114,"caption":"9 St\u00e4dte in Niedersachsen"},"image":{"@id":"https:\/\/9staedte.de\/da\/#\/schema\/logo\/image\/"}}]}},"_links":{"self":[{"href":"https:\/\/9staedte.de\/da\/wp-json\/wp\/v2\/pages\/12632","targetHints":{"allow":["GET"]}}],"collection":[{"href":"https:\/\/9staedte.de\/da\/wp-json\/wp\/v2\/pages"}],"about":[{"href":"https:\/\/9staedte.de\/da\/wp-json\/wp\/v2\/types\/page"}],"author":[{"embeddable":true,"href":"https:\/\/9staedte.de\/da\/wp-json\/wp\/v2\/users\/1"}],"replies":[{"embeddable":true,"href":"https:\/\/9staedte.de\/da\/wp-json\/wp\/v2\/comments?post=12632"}],"version-history":[{"count":1,"href":"https:\/\/9staedte.de\/da\/wp-json\/wp\/v2\/pages\/12632\/revisions"}],"predecessor-version":[{"id":12637,"href":"https:\/\/9staedte.de\/da\/wp-json\/wp\/v2\/pages\/12632\/revisions\/12637"}],"wp:featuredmedia":[{"embeddable":true,"href":"https:\/\/9staedte.de\/da\/wp-json\/wp\/v2\/media\/12635"}],"wp:attachment":[{"href":"https:\/\/9staedte.de\/da\/wp-json\/wp\/v2\/media?parent=12632"}],"wp:term":[{"taxonomy":"category","embeddable":true,"href":"https:\/\/9staedte.de\/da\/wp-json\/wp\/v2\/categories?post=12632"},{"taxonomy":"post_tag","embeddable":true,"href":"https:\/\/9staedte.de\/da\/wp-json\/wp\/v2\/tags?post=12632"},{"taxonomy":"ncap_cities_tax","embeddable":true,"href":"https:\/\/9staedte.de\/da\/wp-json\/wp\/v2\/ncap_cities_tax?post=12632"}],"curies":[{"name":"wp","href":"https:\/\/api.w.org\/{rel}","templated":true}]}}