{"id":12631,"date":"2023-10-25T12:28:00","date_gmt":"2023-10-25T10:28:00","guid":{"rendered":"https:\/\/9staedte.de\/julemarkeder-i-de-9-byer\/"},"modified":"2025-11-13T14:14:52","modified_gmt":"2025-11-13T13:14:52","slug":"julemarkeder-i-de-9-byer","status":"publish","type":"page","link":"https:\/\/9staedte.de\/da\/julemarkeder-i-de-9-byer\/","title":{"rendered":"Julemarkeder i de 9 byer i Niedersachsen"},"content":{"rendered":"\n<h2 class=\"wp-block-heading\">Hvor julemarkeder fortryller&#8230;<\/h2>\n\n<p><strong>Traditionel julestemning i et af de smukkeste julemarkedsomr\u00e5der i Tyskland<\/strong><\/p>\n\n<p>Julemarkederne i de 9 byer i Niedersachsen str\u00e5ler foran historiske kulisser: Festligt udsmykkede pladser, traditionelle tilbud og stemningsfuld juleshopping g\u00f8r hvert bes\u00f8g til noget s\u00e6rligt. Autostadt str\u00e5ler ogs\u00e5 som et vintereventyrland.   <br\/>Takket v\u00e6re de korte afstande kan byerne opdages p\u00e5 en fantastisk m\u00e5de p\u00e5 en rundrejse f\u00f8r jul.<br\/><\/p>\n\n<p><\/p>\n","protected":false},"excerpt":{"rendered":"<p>Hvor julemarkeder fortryller&#8230; Traditionel julestemning i et af de smukkeste julemarkedsomr\u00e5der i Tyskland Julemarkederne i de 9 byer i Niedersachsen str\u00e5ler foran historiske kulisser: Festligt udsmykkede pladser, traditionelle tilbud og stemningsfuld juleshopping g\u00f8r hvert bes\u00f8g til noget s\u00e6rligt. Autostadt str\u00e5ler ogs\u00e5 som et vintereventyrland. Takket v\u00e6re de korte afstande kan byerne opdages p\u00e5 en fantastisk [&hellip;]<\/p>\n","protected":false},"author":1,"featured_media":26983,"parent":0,"menu_order":0,"comment_status":"closed","ping_status":"closed","template":"pagetemplates\/template-thema.php","meta":{"_acf_changed":false,"footnotes":""},"categories":[],"tags":[],"ncap_cities_tax":[],"class_list":["post-12631","page","type-page","status-publish","has-post-thumbnail","hentry"],"acf":[],"yoast_head":"<!-- This site is optimized with the Yoast SEO plugin v27.4 - https:\/\/yoast.com\/product\/yoast-seo-wordpress\/ -->\n<title>Julemarkeder i de 9 byer i Niedersachsen - 9 St\u00e4dte in Niedersachsen<\/title>\n<meta name=\"description\" content=\"De smukkeste julemarkeder i Niedersachsen str\u00e5ler foran fortryllende historiske kulisser i de ni byer\" \/>\n<meta name=\"robots\" content=\"index, follow, max-snippet:-1, max-image-preview:large, max-video-preview:-1\" \/>\n<link rel=\"canonical\" href=\"https:\/\/9staedte.de\/da\/julemarkeder-i-de-9-byer\/\" \/>\n<meta property=\"og:locale\" content=\"da_DK\" \/>\n<meta property=\"og:type\" content=\"article\" \/>\n<meta property=\"og:title\" content=\"Julemarkeder i de 9 byer i Niedersachsen - 9 St\u00e4dte in Niedersachsen\" \/>\n<meta property=\"og:description\" content=\"De smukkeste julemarkeder i Niedersachsen str\u00e5ler foran fortryllende historiske kulisser i de ni byer\" \/>\n<meta property=\"og:url\" content=\"https:\/\/9staedte.de\/da\/julemarkeder-i-de-9-byer\/\" \/>\n<meta property=\"og:site_name\" content=\"9 St\u00e4dte in Niedersachsen\" \/>\n<meta property=\"article:modified_time\" content=\"2025-11-13T13:14:52+00:00\" \/>\n<meta property=\"og:image\" content=\"https:\/\/9staedte.de\/wp-content\/uploads\/2025\/09\/Goslar_Weihnachtswald_GOSLAR_marketing_gmbh_Michael_Abid.jpg\" \/>\n\t<meta property=\"og:image:width\" content=\"1020\" \/>\n\t<meta property=\"og:image:height\" content=\"560\" \/>\n\t<meta property=\"og:image:type\" content=\"image\/jpeg\" \/>\n<meta name=\"twitter:card\" content=\"summary_large_image\" \/>\n<meta name=\"twitter:label1\" content=\"Estimeret l\u00e6setid\" \/>\n\t<meta name=\"twitter:data1\" content=\"1 minut\" \/>\n<script type=\"application\/ld+json\" class=\"yoast-schema-graph\">{\"@context\":\"https:\\\/\\\/schema.org\",\"@graph\":[{\"@type\":\"WebPage\",\"@id\":\"https:\\\/\\\/9staedte.de\\\/da\\\/julemarkeder-i-de-9-byer\\\/\",\"url\":\"https:\\\/\\\/9staedte.de\\\/da\\\/julemarkeder-i-de-9-byer\\\/\",\"name\":\"Julemarkeder i de 9 byer i Niedersachsen - 9 St\u00e4dte in Niedersachsen\",\"isPartOf\":{\"@id\":\"https:\\\/\\\/9staedte.de\\\/da\\\/#website\"},\"primaryImageOfPage\":{\"@id\":\"https:\\\/\\\/9staedte.de\\\/da\\\/julemarkeder-i-de-9-byer\\\/#primaryimage\"},\"image\":{\"@id\":\"https:\\\/\\\/9staedte.de\\\/da\\\/julemarkeder-i-de-9-byer\\\/#primaryimage\"},\"thumbnailUrl\":\"https:\\\/\\\/9staedte.de\\\/wp-content\\\/uploads\\\/2025\\\/09\\\/Goslar_Weihnachtswald_GOSLAR_marketing_gmbh_Michael_Abid.jpg\",\"datePublished\":\"2023-10-25T10:28:00+00:00\",\"dateModified\":\"2025-11-13T13:14:52+00:00\",\"description\":\"De smukkeste julemarkeder i Niedersachsen str\u00e5ler foran fortryllende historiske kulisser i de ni byer\",\"breadcrumb\":{\"@id\":\"https:\\\/\\\/9staedte.de\\\/da\\\/julemarkeder-i-de-9-byer\\\/#breadcrumb\"},\"inLanguage\":\"da-DK\",\"potentialAction\":[{\"@type\":\"ReadAction\",\"target\":[\"https:\\\/\\\/9staedte.de\\\/da\\\/julemarkeder-i-de-9-byer\\\/\"]}]},{\"@type\":\"ImageObject\",\"inLanguage\":\"da-DK\",\"@id\":\"https:\\\/\\\/9staedte.de\\\/da\\\/julemarkeder-i-de-9-byer\\\/#primaryimage\",\"url\":\"https:\\\/\\\/9staedte.de\\\/wp-content\\\/uploads\\\/2025\\\/09\\\/Goslar_Weihnachtswald_GOSLAR_marketing_gmbh_Michael_Abid.jpg\",\"contentUrl\":\"https:\\\/\\\/9staedte.de\\\/wp-content\\\/uploads\\\/2025\\\/09\\\/Goslar_Weihnachtswald_GOSLAR_marketing_gmbh_Michael_Abid.jpg\",\"width\":1020,\"height\":560,\"caption\":\"Goslar Weihnachtswald c) GOSLAR marketing gmbh Michael_Abid\"},{\"@type\":\"BreadcrumbList\",\"@id\":\"https:\\\/\\\/9staedte.de\\\/da\\\/julemarkeder-i-de-9-byer\\\/#breadcrumb\",\"itemListElement\":[{\"@type\":\"ListItem\",\"position\":1,\"name\":\"Startseite\",\"item\":\"https:\\\/\\\/9staedte.de\\\/da\\\/hjem-9-byer-2-i-niedersachsen\\\/\"},{\"@type\":\"ListItem\",\"position\":2,\"name\":\"Julemarkeder i de 9 byer i Niedersachsen\"}]},{\"@type\":\"WebSite\",\"@id\":\"https:\\\/\\\/9staedte.de\\\/da\\\/#website\",\"url\":\"https:\\\/\\\/9staedte.de\\\/da\\\/\",\"name\":\"9 St\u00e4dte in Niedersachsen\",\"description\":\"\",\"publisher\":{\"@id\":\"https:\\\/\\\/9staedte.de\\\/da\\\/#organization\"},\"potentialAction\":[{\"@type\":\"SearchAction\",\"target\":{\"@type\":\"EntryPoint\",\"urlTemplate\":\"https:\\\/\\\/9staedte.de\\\/da\\\/?s={search_term_string}\"},\"query-input\":{\"@type\":\"PropertyValueSpecification\",\"valueRequired\":true,\"valueName\":\"search_term_string\"}}],\"inLanguage\":\"da-DK\"},{\"@type\":\"Organization\",\"@id\":\"https:\\\/\\\/9staedte.de\\\/da\\\/#organization\",\"name\":\"9 St\u00e4dte in Niedersachsen\",\"url\":\"https:\\\/\\\/9staedte.de\\\/da\\\/\",\"logo\":{\"@type\":\"ImageObject\",\"inLanguage\":\"da-DK\",\"@id\":\"https:\\\/\\\/9staedte.de\\\/da\\\/#\\\/schema\\\/logo\\\/image\\\/\",\"url\":\"https:\\\/\\\/9staedte.de\\\/wp-content\\\/uploads\\\/2025\\\/01\\\/9-neg-deutsch-2-1.png\",\"contentUrl\":\"https:\\\/\\\/9staedte.de\\\/wp-content\\\/uploads\\\/2025\\\/01\\\/9-neg-deutsch-2-1.png\",\"width\":190,\"height\":114,\"caption\":\"9 St\u00e4dte in Niedersachsen\"},\"image\":{\"@id\":\"https:\\\/\\\/9staedte.de\\\/da\\\/#\\\/schema\\\/logo\\\/image\\\/\"}}]}<\/script>\n<!-- \/ Yoast SEO plugin. -->","yoast_head_json":{"title":"Julemarkeder i de 9 byer i Niedersachsen - 9 St\u00e4dte in Niedersachsen","description":"De smukkeste julemarkeder i Niedersachsen str\u00e5ler foran fortryllende historiske kulisser i de ni byer","robots":{"index":"index","follow":"follow","max-snippet":"max-snippet:-1","max-image-preview":"max-image-preview:large","max-video-preview":"max-video-preview:-1"},"canonical":"https:\/\/9staedte.de\/da\/julemarkeder-i-de-9-byer\/","og_locale":"da_DK","og_type":"article","og_title":"Julemarkeder i de 9 byer i Niedersachsen - 9 St\u00e4dte in Niedersachsen","og_description":"De smukkeste julemarkeder i Niedersachsen str\u00e5ler foran fortryllende historiske kulisser i de ni byer","og_url":"https:\/\/9staedte.de\/da\/julemarkeder-i-de-9-byer\/","og_site_name":"9 St\u00e4dte in Niedersachsen","article_modified_time":"2025-11-13T13:14:52+00:00","og_image":[{"width":1020,"height":560,"url":"https:\/\/9staedte.de\/wp-content\/uploads\/2025\/09\/Goslar_Weihnachtswald_GOSLAR_marketing_gmbh_Michael_Abid.jpg","type":"image\/jpeg"}],"twitter_card":"summary_large_image","twitter_misc":{"Estimeret l\u00e6setid":"1 minut"},"schema":{"@context":"https:\/\/schema.org","@graph":[{"@type":"WebPage","@id":"https:\/\/9staedte.de\/da\/julemarkeder-i-de-9-byer\/","url":"https:\/\/9staedte.de\/da\/julemarkeder-i-de-9-byer\/","name":"Julemarkeder i de 9 byer i Niedersachsen - 9 St\u00e4dte in Niedersachsen","isPartOf":{"@id":"https:\/\/9staedte.de\/da\/#website"},"primaryImageOfPage":{"@id":"https:\/\/9staedte.de\/da\/julemarkeder-i-de-9-byer\/#primaryimage"},"image":{"@id":"https:\/\/9staedte.de\/da\/julemarkeder-i-de-9-byer\/#primaryimage"},"thumbnailUrl":"https:\/\/9staedte.de\/wp-content\/uploads\/2025\/09\/Goslar_Weihnachtswald_GOSLAR_marketing_gmbh_Michael_Abid.jpg","datePublished":"2023-10-25T10:28:00+00:00","dateModified":"2025-11-13T13:14:52+00:00","description":"De smukkeste julemarkeder i Niedersachsen str\u00e5ler foran fortryllende historiske kulisser i de ni byer","breadcrumb":{"@id":"https:\/\/9staedte.de\/da\/julemarkeder-i-de-9-byer\/#breadcrumb"},"inLanguage":"da-DK","potentialAction":[{"@type":"ReadAction","target":["https:\/\/9staedte.de\/da\/julemarkeder-i-de-9-byer\/"]}]},{"@type":"ImageObject","inLanguage":"da-DK","@id":"https:\/\/9staedte.de\/da\/julemarkeder-i-de-9-byer\/#primaryimage","url":"https:\/\/9staedte.de\/wp-content\/uploads\/2025\/09\/Goslar_Weihnachtswald_GOSLAR_marketing_gmbh_Michael_Abid.jpg","contentUrl":"https:\/\/9staedte.de\/wp-content\/uploads\/2025\/09\/Goslar_Weihnachtswald_GOSLAR_marketing_gmbh_Michael_Abid.jpg","width":1020,"height":560,"caption":"Goslar Weihnachtswald c) GOSLAR marketing gmbh Michael_Abid"},{"@type":"BreadcrumbList","@id":"https:\/\/9staedte.de\/da\/julemarkeder-i-de-9-byer\/#breadcrumb","itemListElement":[{"@type":"ListItem","position":1,"name":"Startseite","item":"https:\/\/9staedte.de\/da\/hjem-9-byer-2-i-niedersachsen\/"},{"@type":"ListItem","position":2,"name":"Julemarkeder i de 9 byer i Niedersachsen"}]},{"@type":"WebSite","@id":"https:\/\/9staedte.de\/da\/#website","url":"https:\/\/9staedte.de\/da\/","name":"9 St\u00e4dte in Niedersachsen","description":"","publisher":{"@id":"https:\/\/9staedte.de\/da\/#organization"},"potentialAction":[{"@type":"SearchAction","target":{"@type":"EntryPoint","urlTemplate":"https:\/\/9staedte.de\/da\/?s={search_term_string}"},"query-input":{"@type":"PropertyValueSpecification","valueRequired":true,"valueName":"search_term_string"}}],"inLanguage":"da-DK"},{"@type":"Organization","@id":"https:\/\/9staedte.de\/da\/#organization","name":"9 St\u00e4dte in Niedersachsen","url":"https:\/\/9staedte.de\/da\/","logo":{"@type":"ImageObject","inLanguage":"da-DK","@id":"https:\/\/9staedte.de\/da\/#\/schema\/logo\/image\/","url":"https:\/\/9staedte.de\/wp-content\/uploads\/2025\/01\/9-neg-deutsch-2-1.png","contentUrl":"https:\/\/9staedte.de\/wp-content\/uploads\/2025\/01\/9-neg-deutsch-2-1.png","width":190,"height":114,"caption":"9 St\u00e4dte in Niedersachsen"},"image":{"@id":"https:\/\/9staedte.de\/da\/#\/schema\/logo\/image\/"}}]}},"_links":{"self":[{"href":"https:\/\/9staedte.de\/da\/wp-json\/wp\/v2\/pages\/12631","targetHints":{"allow":["GET"]}}],"collection":[{"href":"https:\/\/9staedte.de\/da\/wp-json\/wp\/v2\/pages"}],"about":[{"href":"https:\/\/9staedte.de\/da\/wp-json\/wp\/v2\/types\/page"}],"author":[{"embeddable":true,"href":"https:\/\/9staedte.de\/da\/wp-json\/wp\/v2\/users\/1"}],"replies":[{"embeddable":true,"href":"https:\/\/9staedte.de\/da\/wp-json\/wp\/v2\/comments?post=12631"}],"version-history":[{"count":11,"href":"https:\/\/9staedte.de\/da\/wp-json\/wp\/v2\/pages\/12631\/revisions"}],"predecessor-version":[{"id":27510,"href":"https:\/\/9staedte.de\/da\/wp-json\/wp\/v2\/pages\/12631\/revisions\/27510"}],"wp:featuredmedia":[{"embeddable":true,"href":"https:\/\/9staedte.de\/da\/wp-json\/wp\/v2\/media\/26983"}],"wp:attachment":[{"href":"https:\/\/9staedte.de\/da\/wp-json\/wp\/v2\/media?parent=12631"}],"wp:term":[{"taxonomy":"category","embeddable":true,"href":"https:\/\/9staedte.de\/da\/wp-json\/wp\/v2\/categories?post=12631"},{"taxonomy":"post_tag","embeddable":true,"href":"https:\/\/9staedte.de\/da\/wp-json\/wp\/v2\/tags?post=12631"},{"taxonomy":"ncap_cities_tax","embeddable":true,"href":"https:\/\/9staedte.de\/da\/wp-json\/wp\/v2\/ncap_cities_tax?post=12631"}],"curies":[{"name":"wp","href":"https:\/\/api.w.org\/{rel}","templated":true}]}}