{"id":12613,"date":"2023-10-25T12:27:21","date_gmt":"2023-10-25T10:27:21","guid":{"rendered":"https:\/\/9staedte.de\/hannover-lufthavn-porten-til-de-9-byer\/"},"modified":"2023-10-25T12:27:21","modified_gmt":"2023-10-25T10:27:21","slug":"hannover-lufthavn-porten-til-de-9-byer","status":"publish","type":"page","link":"https:\/\/9staedte.de\/da\/hannover-lufthavn-porten-til-de-9-byer\/","title":{"rendered":"Hannover Lufthavn: Porten til de 9 byer"},"content":{"rendered":"\n<h2 class=\"wp-block-heading\">Hannover Lufthavn &#8211; partner for de 9 byer i Niedersachsen<\/h2>\n\n\n\n<p>Hannover Lufthavn er den centrale lufthavn i Nordtyskland og porten til de &#8220;9 byer i Niedersachsen&#8221;.<\/p>\n\n\n\n<p>Hannover Lufthavn er bogstaveligt talt den f\u00f8rste adresse for mange bes\u00f8gende i de 9 byer i Niedersachsen. Med sin egen forbindelse til de vigtige hovedtrafik\u00e5rer A2 og A7 er Hannover Lufthavn det optimale udgangspunkt for videre rejser. S-Bahn-linjen S5 &#8220;Hannover Airport Line&#8221; f\u00f8rer dig ogs\u00e5 direkte fra Terminal C til hovedbaneg\u00e5rden i delstatshovedstaden Hannover og dermed til de omfattende togforbindelser. Alle 9 byer er s\u00e5ledes let tilg\u00e6ngelige med tog fra lufthavnen inden for 30 til 110 minutter.<\/p>\n\n\n\n<p><a href=\"http:\/\/www.hannover-airport.de\/\" target=\"_blank\" rel=\"noreferrer noopener\">hannover-airport.de<\/a><\/p>\n\n\n\n\n<div class=\"banner-wrapper\">\n  <div class=\"banner-inner \">\n      <div class=\"img-container\">\n      <div class=\"img-wrapper\">\n        <img decoding=\"async\" src=\"https:\/\/9staedte.de\/wp-content\/smush-webp\/2023\/08\/131014_mkp_haj_989.jpg.webp\" alt=\"\" \/>\n                  <div class=\"thumbnail-label\">\n            <span>Reisendes P\u00e4rchen im Wartebereich c) Hannover Airport Kruzszewski<\/span>\n          <\/div>\n              <\/div>\n    <\/div>\n        <div class=\"text-container\">\n      <div class=\"content\">\n        <p><strong>Besondere Tipps<\/strong><\/p>\n<ul>\n<li>Nur 150 Meter vom Eingang bis zum Boarding \u2013 Einfach fliegen<\/li>\n<li>Direkter S-Bahn-Anschluss von Terminal C zum Hauptbahnhof<\/li>\n<li>Flughafenf\u00fchrungen<\/li>\n<li>Diverse Veranstaltungsm\u00f6glichkeiten \u2013 z.B. Tagungen inklusive Flughafenflair!<\/li>\n<li>Erlebniswelt mit Dauerausstellung \u201eWelt der Luftfahrt\u201c, Kid\u2018s Airport, Flugsimulatoren und 360\u00b0-Aussichtsterrasse mit Blick aus Vorfeld<\/li>\n<li>Action, Fitness und Entspannung mit VR-Xperiences<\/li>\n<li>Fliegen wie ein Vogel \u2013 mit dem VR-Simulator Birdly<\/li>\n<\/ul>\n      <\/div>\n    <\/div>\n    <\/div>\n<\/div>\n\n\n\n\n<h2 class=\"wp-block-heading\"><strong>Hannover Lufthavn (HAJ)<\/strong><\/h2>\n\n\n\n <div class=\"brlbs-cmpnt-container brlbs-cmpnt-content-blocker brlbs-cmpnt-with-individual-styles\" data-borlabs-cookie-content-blocker-id=\"google-maps\" data-borlabs-cookie-content=\"PGlmcmFtZSBzcmM9Imh0dHBzOi8vd3d3Lmdvb2dsZS5jb20vbWFwcy9lbWJlZD9wYj0hMW0xOCExbTEyITFtMyExZDI0MzEuMDAyMzM1OTAzNzI5NSEyZDkuNjk1NTMzNDcwMDg4MDU1ITNkNTIuNDYwOTg1MTMzMDUxOTM1ITJtMyExZjAhMmYwITNmMCEzbTIhMWkxMDI0ITJpNzY4ITRmMTMuMSEzbTMhMW0yITFzMHg0N2IwNzIxNzUwOTA1NmIxJTNBMHhlNDQzNGI4NDRjNzNkMGU1ITJzRmx1Z2hhZmVuJTIwSGFubm92ZXIlMjAoSEFKKSE1ZTAhM20yITFzZGUhMnNkZSE0djE2OTIxNzQ2MDE1MzQhNW0yITFzZGUhMnNkZSIgd2lkdGg9IjYwMCIgaGVpZ2h0PSI0NTAiIHN0eWxlPSJib3JkZXI6MDsiIGFsbG93ZnVsbHNjcmVlbj0iIiBsb2FkaW5nPSJsYXp5IiByZWZlcnJlcnBvbGljeT0ibm8tcmVmZXJyZXItd2hlbi1kb3duZ3JhZGUiPjwvaWZyYW1lPg==\"><div class=\"brlbs-cmpnt-cb-preset-b brlbs-cmpnt-cb-google-maps\"> <div class=\"brlbs-cmpnt-cb-thumbnail\" style=\"background-image: url('https:\/\/9staedte.de\/wp-content\/uploads\/borlabs-cookie\/1\/brlbs-cb-google-maps-main.png')\"><\/div> <div class=\"brlbs-cmpnt-cb-main\"> <div class=\"brlbs-cmpnt-cb-content\"> <p class=\"brlbs-cmpnt-cb-description\">You are currently viewing a placeholder content from <strong>Google Maps<\/strong>. To access the actual content, click the button below. Please note that doing so will share data with third-party providers.<\/p> <a class=\"brlbs-cmpnt-cb-provider-toggle\" href=\"#\" data-borlabs-cookie-show-provider-information role=\"button\">More Information<\/a> <\/div> <div class=\"brlbs-cmpnt-cb-buttons\"> <a class=\"brlbs-cmpnt-cb-btn\" href=\"#\" data-borlabs-cookie-unblock role=\"button\">Unblock content<\/a> <a class=\"brlbs-cmpnt-cb-btn\" href=\"#\" data-borlabs-cookie-accept-service role=\"button\" style=\"display: inherit\">Accept required service and unblock content<\/a> <\/div> <\/div> <\/div><\/div>\n\n\n\n<div style=\"height:38px\" aria-hidden=\"true\" class=\"wp-block-spacer\"><\/div>\n","protected":false},"excerpt":{"rendered":"<p>Hannover Lufthavn &#8211; partner for de 9 byer i Niedersachsen Hannover Lufthavn er den centrale lufthavn i Nordtyskland og porten til de &#8220;9 byer i Niedersachsen&#8221;. Hannover Lufthavn er bogstaveligt talt den f\u00f8rste adresse for mange bes\u00f8gende i de 9 byer i Niedersachsen. Med sin egen forbindelse til de vigtige hovedtrafik\u00e5rer A2 og A7 er [&hellip;]<\/p>\n","protected":false},"author":1,"featured_media":12617,"parent":0,"menu_order":0,"comment_status":"closed","ping_status":"closed","template":"","meta":{"_acf_changed":false,"footnotes":""},"categories":[],"tags":[],"ncap_cities_tax":[],"class_list":["post-12613","page","type-page","status-publish","has-post-thumbnail","hentry"],"acf":[],"yoast_head":"<!-- This site is optimized with the Yoast SEO plugin v27.4 - https:\/\/yoast.com\/product\/yoast-seo-wordpress\/ -->\n<title>Hannover Lufthavn: Porten til de 9 byer - 9 St\u00e4dte in Niedersachsen<\/title>\n<meta name=\"description\" content=\"Hannover Lufthavn: Takket v\u00e6re sin n\u00e6rhed til motorvejene A7 og A2 og S-Bahn-forbindelsen er lufthavnen det ideelle udgangspunkt for videre rejser. til de 9 byer\" \/>\n<meta name=\"robots\" content=\"index, follow, max-snippet:-1, max-image-preview:large, max-video-preview:-1\" \/>\n<link rel=\"canonical\" href=\"https:\/\/9staedte.de\/da\/hannover-lufthavn-porten-til-de-9-byer\/\" \/>\n<meta property=\"og:locale\" content=\"da_DK\" \/>\n<meta property=\"og:type\" content=\"article\" \/>\n<meta property=\"og:title\" content=\"Hannover Lufthavn: Porten til de 9 byer - 9 St\u00e4dte in Niedersachsen\" \/>\n<meta property=\"og:description\" content=\"Hannover Lufthavn: Takket v\u00e6re sin n\u00e6rhed til motorvejene A7 og A2 og S-Bahn-forbindelsen er lufthavnen det ideelle udgangspunkt for videre rejser. til de 9 byer\" \/>\n<meta property=\"og:url\" content=\"https:\/\/9staedte.de\/da\/hannover-lufthavn-porten-til-de-9-byer\/\" \/>\n<meta property=\"og:site_name\" content=\"9 St\u00e4dte in Niedersachsen\" \/>\n<meta property=\"og:image\" content=\"https:\/\/9staedte.de\/wp-content\/uploads\/2023\/08\/Hannover-Airport-c-Michael-Thomas.jpg\" \/>\n\t<meta property=\"og:image:width\" content=\"1020\" \/>\n\t<meta property=\"og:image:height\" content=\"560\" \/>\n\t<meta property=\"og:image:type\" content=\"image\/jpeg\" \/>\n<meta name=\"twitter:card\" content=\"summary_large_image\" \/>\n<meta name=\"twitter:label1\" content=\"Estimeret l\u00e6setid\" \/>\n\t<meta name=\"twitter:data1\" content=\"1 minut\" \/>\n<script type=\"application\/ld+json\" class=\"yoast-schema-graph\">{\"@context\":\"https:\\\/\\\/schema.org\",\"@graph\":[{\"@type\":\"WebPage\",\"@id\":\"https:\\\/\\\/9staedte.de\\\/da\\\/hannover-lufthavn-porten-til-de-9-byer\\\/\",\"url\":\"https:\\\/\\\/9staedte.de\\\/da\\\/hannover-lufthavn-porten-til-de-9-byer\\\/\",\"name\":\"Hannover Lufthavn: Porten til de 9 byer - 9 St\u00e4dte in Niedersachsen\",\"isPartOf\":{\"@id\":\"https:\\\/\\\/9staedte.de\\\/da\\\/#website\"},\"primaryImageOfPage\":{\"@id\":\"https:\\\/\\\/9staedte.de\\\/da\\\/hannover-lufthavn-porten-til-de-9-byer\\\/#primaryimage\"},\"image\":{\"@id\":\"https:\\\/\\\/9staedte.de\\\/da\\\/hannover-lufthavn-porten-til-de-9-byer\\\/#primaryimage\"},\"thumbnailUrl\":\"https:\\\/\\\/9staedte.de\\\/wp-content\\\/uploads\\\/2023\\\/08\\\/Hannover-Airport-c-Michael-Thomas.jpg\",\"datePublished\":\"2023-10-25T10:27:21+00:00\",\"description\":\"Hannover Lufthavn: Takket v\u00e6re sin n\u00e6rhed til motorvejene A7 og A2 og S-Bahn-forbindelsen er lufthavnen det ideelle udgangspunkt for videre rejser. til de 9 byer\",\"breadcrumb\":{\"@id\":\"https:\\\/\\\/9staedte.de\\\/da\\\/hannover-lufthavn-porten-til-de-9-byer\\\/#breadcrumb\"},\"inLanguage\":\"da-DK\",\"potentialAction\":[{\"@type\":\"ReadAction\",\"target\":[\"https:\\\/\\\/9staedte.de\\\/da\\\/hannover-lufthavn-porten-til-de-9-byer\\\/\"]}]},{\"@type\":\"ImageObject\",\"inLanguage\":\"da-DK\",\"@id\":\"https:\\\/\\\/9staedte.de\\\/da\\\/hannover-lufthavn-porten-til-de-9-byer\\\/#primaryimage\",\"url\":\"https:\\\/\\\/9staedte.de\\\/wp-content\\\/uploads\\\/2023\\\/08\\\/Hannover-Airport-c-Michael-Thomas.jpg\",\"contentUrl\":\"https:\\\/\\\/9staedte.de\\\/wp-content\\\/uploads\\\/2023\\\/08\\\/Hannover-Airport-c-Michael-Thomas.jpg\",\"width\":1020,\"height\":560,\"caption\":\"Hannover Airport Luftbild Foto: Michael Thomas\"},{\"@type\":\"BreadcrumbList\",\"@id\":\"https:\\\/\\\/9staedte.de\\\/da\\\/hannover-lufthavn-porten-til-de-9-byer\\\/#breadcrumb\",\"itemListElement\":[{\"@type\":\"ListItem\",\"position\":1,\"name\":\"Startseite\",\"item\":\"https:\\\/\\\/9staedte.de\\\/da\\\/hjem-9-byer-2-i-niedersachsen\\\/\"},{\"@type\":\"ListItem\",\"position\":2,\"name\":\"Hannover Lufthavn: Porten til de 9 byer\"}]},{\"@type\":\"WebSite\",\"@id\":\"https:\\\/\\\/9staedte.de\\\/da\\\/#website\",\"url\":\"https:\\\/\\\/9staedte.de\\\/da\\\/\",\"name\":\"9 St\u00e4dte in Niedersachsen\",\"description\":\"\",\"publisher\":{\"@id\":\"https:\\\/\\\/9staedte.de\\\/da\\\/#organization\"},\"potentialAction\":[{\"@type\":\"SearchAction\",\"target\":{\"@type\":\"EntryPoint\",\"urlTemplate\":\"https:\\\/\\\/9staedte.de\\\/da\\\/?s={search_term_string}\"},\"query-input\":{\"@type\":\"PropertyValueSpecification\",\"valueRequired\":true,\"valueName\":\"search_term_string\"}}],\"inLanguage\":\"da-DK\"},{\"@type\":\"Organization\",\"@id\":\"https:\\\/\\\/9staedte.de\\\/da\\\/#organization\",\"name\":\"9 St\u00e4dte in Niedersachsen\",\"url\":\"https:\\\/\\\/9staedte.de\\\/da\\\/\",\"logo\":{\"@type\":\"ImageObject\",\"inLanguage\":\"da-DK\",\"@id\":\"https:\\\/\\\/9staedte.de\\\/da\\\/#\\\/schema\\\/logo\\\/image\\\/\",\"url\":\"https:\\\/\\\/9staedte.de\\\/wp-content\\\/uploads\\\/2025\\\/01\\\/9-neg-deutsch-2-1.png\",\"contentUrl\":\"https:\\\/\\\/9staedte.de\\\/wp-content\\\/uploads\\\/2025\\\/01\\\/9-neg-deutsch-2-1.png\",\"width\":190,\"height\":114,\"caption\":\"9 St\u00e4dte in Niedersachsen\"},\"image\":{\"@id\":\"https:\\\/\\\/9staedte.de\\\/da\\\/#\\\/schema\\\/logo\\\/image\\\/\"}}]}<\/script>\n<!-- \/ Yoast SEO plugin. -->","yoast_head_json":{"title":"Hannover Lufthavn: Porten til de 9 byer - 9 St\u00e4dte in Niedersachsen","description":"Hannover Lufthavn: Takket v\u00e6re sin n\u00e6rhed til motorvejene A7 og A2 og S-Bahn-forbindelsen er lufthavnen det ideelle udgangspunkt for videre rejser. til de 9 byer","robots":{"index":"index","follow":"follow","max-snippet":"max-snippet:-1","max-image-preview":"max-image-preview:large","max-video-preview":"max-video-preview:-1"},"canonical":"https:\/\/9staedte.de\/da\/hannover-lufthavn-porten-til-de-9-byer\/","og_locale":"da_DK","og_type":"article","og_title":"Hannover Lufthavn: Porten til de 9 byer - 9 St\u00e4dte in Niedersachsen","og_description":"Hannover Lufthavn: Takket v\u00e6re sin n\u00e6rhed til motorvejene A7 og A2 og S-Bahn-forbindelsen er lufthavnen det ideelle udgangspunkt for videre rejser. til de 9 byer","og_url":"https:\/\/9staedte.de\/da\/hannover-lufthavn-porten-til-de-9-byer\/","og_site_name":"9 St\u00e4dte in Niedersachsen","og_image":[{"width":1020,"height":560,"url":"https:\/\/9staedte.de\/wp-content\/uploads\/2023\/08\/Hannover-Airport-c-Michael-Thomas.jpg","type":"image\/jpeg"}],"twitter_card":"summary_large_image","twitter_misc":{"Estimeret l\u00e6setid":"1 minut"},"schema":{"@context":"https:\/\/schema.org","@graph":[{"@type":"WebPage","@id":"https:\/\/9staedte.de\/da\/hannover-lufthavn-porten-til-de-9-byer\/","url":"https:\/\/9staedte.de\/da\/hannover-lufthavn-porten-til-de-9-byer\/","name":"Hannover Lufthavn: Porten til de 9 byer - 9 St\u00e4dte in Niedersachsen","isPartOf":{"@id":"https:\/\/9staedte.de\/da\/#website"},"primaryImageOfPage":{"@id":"https:\/\/9staedte.de\/da\/hannover-lufthavn-porten-til-de-9-byer\/#primaryimage"},"image":{"@id":"https:\/\/9staedte.de\/da\/hannover-lufthavn-porten-til-de-9-byer\/#primaryimage"},"thumbnailUrl":"https:\/\/9staedte.de\/wp-content\/uploads\/2023\/08\/Hannover-Airport-c-Michael-Thomas.jpg","datePublished":"2023-10-25T10:27:21+00:00","description":"Hannover Lufthavn: Takket v\u00e6re sin n\u00e6rhed til motorvejene A7 og A2 og S-Bahn-forbindelsen er lufthavnen det ideelle udgangspunkt for videre rejser. til de 9 byer","breadcrumb":{"@id":"https:\/\/9staedte.de\/da\/hannover-lufthavn-porten-til-de-9-byer\/#breadcrumb"},"inLanguage":"da-DK","potentialAction":[{"@type":"ReadAction","target":["https:\/\/9staedte.de\/da\/hannover-lufthavn-porten-til-de-9-byer\/"]}]},{"@type":"ImageObject","inLanguage":"da-DK","@id":"https:\/\/9staedte.de\/da\/hannover-lufthavn-porten-til-de-9-byer\/#primaryimage","url":"https:\/\/9staedte.de\/wp-content\/uploads\/2023\/08\/Hannover-Airport-c-Michael-Thomas.jpg","contentUrl":"https:\/\/9staedte.de\/wp-content\/uploads\/2023\/08\/Hannover-Airport-c-Michael-Thomas.jpg","width":1020,"height":560,"caption":"Hannover Airport Luftbild Foto: Michael Thomas"},{"@type":"BreadcrumbList","@id":"https:\/\/9staedte.de\/da\/hannover-lufthavn-porten-til-de-9-byer\/#breadcrumb","itemListElement":[{"@type":"ListItem","position":1,"name":"Startseite","item":"https:\/\/9staedte.de\/da\/hjem-9-byer-2-i-niedersachsen\/"},{"@type":"ListItem","position":2,"name":"Hannover Lufthavn: Porten til de 9 byer"}]},{"@type":"WebSite","@id":"https:\/\/9staedte.de\/da\/#website","url":"https:\/\/9staedte.de\/da\/","name":"9 St\u00e4dte in Niedersachsen","description":"","publisher":{"@id":"https:\/\/9staedte.de\/da\/#organization"},"potentialAction":[{"@type":"SearchAction","target":{"@type":"EntryPoint","urlTemplate":"https:\/\/9staedte.de\/da\/?s={search_term_string}"},"query-input":{"@type":"PropertyValueSpecification","valueRequired":true,"valueName":"search_term_string"}}],"inLanguage":"da-DK"},{"@type":"Organization","@id":"https:\/\/9staedte.de\/da\/#organization","name":"9 St\u00e4dte in Niedersachsen","url":"https:\/\/9staedte.de\/da\/","logo":{"@type":"ImageObject","inLanguage":"da-DK","@id":"https:\/\/9staedte.de\/da\/#\/schema\/logo\/image\/","url":"https:\/\/9staedte.de\/wp-content\/uploads\/2025\/01\/9-neg-deutsch-2-1.png","contentUrl":"https:\/\/9staedte.de\/wp-content\/uploads\/2025\/01\/9-neg-deutsch-2-1.png","width":190,"height":114,"caption":"9 St\u00e4dte in Niedersachsen"},"image":{"@id":"https:\/\/9staedte.de\/da\/#\/schema\/logo\/image\/"}}]}},"_links":{"self":[{"href":"https:\/\/9staedte.de\/da\/wp-json\/wp\/v2\/pages\/12613","targetHints":{"allow":["GET"]}}],"collection":[{"href":"https:\/\/9staedte.de\/da\/wp-json\/wp\/v2\/pages"}],"about":[{"href":"https:\/\/9staedte.de\/da\/wp-json\/wp\/v2\/types\/page"}],"author":[{"embeddable":true,"href":"https:\/\/9staedte.de\/da\/wp-json\/wp\/v2\/users\/1"}],"replies":[{"embeddable":true,"href":"https:\/\/9staedte.de\/da\/wp-json\/wp\/v2\/comments?post=12613"}],"version-history":[{"count":1,"href":"https:\/\/9staedte.de\/da\/wp-json\/wp\/v2\/pages\/12613\/revisions"}],"predecessor-version":[{"id":12620,"href":"https:\/\/9staedte.de\/da\/wp-json\/wp\/v2\/pages\/12613\/revisions\/12620"}],"wp:featuredmedia":[{"embeddable":true,"href":"https:\/\/9staedte.de\/da\/wp-json\/wp\/v2\/media\/12617"}],"wp:attachment":[{"href":"https:\/\/9staedte.de\/da\/wp-json\/wp\/v2\/media?parent=12613"}],"wp:term":[{"taxonomy":"category","embeddable":true,"href":"https:\/\/9staedte.de\/da\/wp-json\/wp\/v2\/categories?post=12613"},{"taxonomy":"post_tag","embeddable":true,"href":"https:\/\/9staedte.de\/da\/wp-json\/wp\/v2\/tags?post=12613"},{"taxonomy":"ncap_cities_tax","embeddable":true,"href":"https:\/\/9staedte.de\/da\/wp-json\/wp\/v2\/ncap_cities_tax?post=12613"}],"curies":[{"name":"wp","href":"https:\/\/api.w.org\/{rel}","templated":true}]}}