{"id":12576,"date":"2023-10-25T12:24:02","date_gmt":"2023-10-25T10:24:02","guid":{"rendered":"https:\/\/9staedte.de\/shopping-og-gaa-ud-i-celle\/"},"modified":"2025-05-08T15:38:46","modified_gmt":"2025-05-08T13:38:46","slug":"shopping-og-gaa-ud-i-celle","status":"publish","type":"page","link":"https:\/\/9staedte.de\/da\/celle-dejlig-by-med-mange-boliger\/shopping-og-gaa-ud-i-celle\/","title":{"rendered":"Shopping og g\u00e5 ud i Celle"},"content":{"rendered":"\n<h1 class=\"wp-block-heading\">Shoppingoplevelse Celle &#8211; traditionel og moderne shopping<\/h1>\n\n\n\n<h3 class=\"wp-block-heading\">Shoppingoplevelse Celle &#8211; shopping og slentreture med&nbsp;atmosf\u00e6re<\/h3>\n\n\n\n<p>Celle blev grundlagt for over 700 \u00e5r siden og er i dag en moderne bolig- og bindingsv\u00e6rksby fuld af liv, aktualitet og tradition. Bag de historiske, farverige facader p\u00e5 de mere end 500 bindingsv\u00e6rkshuse frister individuelle butikker og forretninger til at g\u00e5 p\u00e5 opdagelse. I sm\u00e5, k\u00e6rligt indrettede og dekorerede butikker kan alle finde deres individuelle &#8220;bargain&#8221;. Med tid og ro til individuel r\u00e5dgivning og en lille snak ved siden af, bliver shopping i Celle til en rigtig oplevelse.<\/p>\n\n\n\n\n<div class=\"banner-wrapper\">\n  <div class=\"banner-inner \">\n      <div class=\"img-container\">\n      <div class=\"img-wrapper\">\n        <img decoding=\"async\" src=\"https:\/\/9staedte.de\/wp-content\/smush-webp\/2023\/02\/Celle-Huths-kaffee-c-Celle-Tourismus-und-Marketing-GmbH.jpg.webp\" alt=\"Billedet viser et gammelt bindingsv\u00e6rkshus i Celle. Et sort skilt med et gyldent v\u00e5benskjold h\u00e6nger p\u00e5 v\u00e6ggen. P\u00e5 skiltet st\u00e5r der \u201cHuths Kaffee\u201d. Under st\u00e5r der: \u201cGrundlagt 1851\u201d. Over skiltet blomstrer r\u00f8de blomster i en altankasse. Huset har hvide vinduer og bl\u00e5 rammer.\" \/>\n                  <div class=\"thumbnail-label\">\n            <span>Celle-Huths-kaffee c) Celle Tourismus und Marketing GmbH<\/span>\n          <\/div>\n              <\/div>\n    <\/div>\n        <div class=\"text-container\">\n      <div class=\"content\">\n        <p><strong>Tipps f\u00fcr Kultur und Delikatessen in der Residenzstadt Celle: <\/strong><\/p>\n<p>\u2013 Huths Kaffeer\u00f6sterei und Delikatessen<\/p>\n<p>&#8211;  Alter Provisor Ladengesch\u00e4ft<\/p>\n<p>\u2013 Weinstube und Weinkeller Postmeister von Hin\u00fcber<\/p>\n<p>\u2013 Hehlentorstra\u00dfe: Teekanzlei<\/p>\n<p>\u2013 Kneipe Herzog Ernst<\/p>\n<p>\u2013 Kleinkunstb\u00fchne Kunst &amp; B\u00fchne<\/p>\n<p>\u2013 Residenzschloss Celle: Schlosstheater<\/p>\n<p>&#8211;  <a href=\"https:\/\/www.celle.de\/Tourismus\/Das-ist-Celle\/Nachhaltiger-Tourismus\/In-Celle-nachhaltig-einkaufen\">In Celle nachhaltig einkaufen:<\/a><\/p>\n      <\/div>\n    <\/div>\n    <\/div>\n<\/div>\n\n","protected":false},"excerpt":{"rendered":"<p>Shoppingoplevelse Celle &#8211; traditionel og moderne shopping Shoppingoplevelse Celle &#8211; shopping og slentreture med&nbsp;atmosf\u00e6re Celle blev grundlagt for over 700 \u00e5r siden og er i dag en moderne bolig- og bindingsv\u00e6rksby fuld af liv, aktualitet og tradition. Bag de historiske, farverige facader p\u00e5 de mere end 500 bindingsv\u00e6rkshuse frister individuelle butikker og forretninger til at [&hellip;]<\/p>\n","protected":false},"author":1,"featured_media":12589,"parent":12705,"menu_order":0,"comment_status":"closed","ping_status":"closed","template":"pagetemplates\/template-stadtthema.php","meta":{"_acf_changed":false,"footnotes":""},"categories":[],"tags":[],"ncap_cities_tax":[427,763],"class_list":["post-12576","page","type-page","status-publish","has-post-thumbnail","hentry","ncap_cities_tax-celle-da","ncap_cities_tax-shopping-und-ausgehen-celle-da"],"acf":[],"yoast_head":"<!-- This site is optimized with the Yoast SEO plugin v26.8 - https:\/\/yoast.com\/product\/yoast-seo-wordpress\/ -->\n<title>Shopping og g\u00e5 ud i Celle - 9 St\u00e4dte in Niedersachsen<\/title>\n<meta name=\"robots\" content=\"index, follow, max-snippet:-1, max-image-preview:large, max-video-preview:-1\" \/>\n<link rel=\"canonical\" href=\"https:\/\/9staedte.de\/da\/celle-dejlig-by-med-mange-boliger\/shopping-og-gaa-ud-i-celle\/\" \/>\n<meta property=\"og:locale\" content=\"da_DK\" \/>\n<meta property=\"og:type\" content=\"article\" \/>\n<meta property=\"og:title\" content=\"Shopping og g\u00e5 ud i Celle - 9 St\u00e4dte in Niedersachsen\" \/>\n<meta property=\"og:description\" content=\"Shoppingoplevelse Celle &#8211; traditionel og moderne shopping Shoppingoplevelse Celle &#8211; shopping og slentreture med&nbsp;atmosf\u00e6re Celle blev grundlagt for over 700 \u00e5r siden og er i dag en moderne bolig- og bindingsv\u00e6rksby fuld af liv, aktualitet og tradition. Bag de historiske, farverige facader p\u00e5 de mere end 500 bindingsv\u00e6rkshuse frister individuelle butikker og forretninger til at [&hellip;]\" \/>\n<meta property=\"og:url\" content=\"https:\/\/9staedte.de\/da\/celle-dejlig-by-med-mange-boliger\/shopping-og-gaa-ud-i-celle\/\" \/>\n<meta property=\"og:site_name\" content=\"9 St\u00e4dte in Niedersachsen\" \/>\n<meta property=\"article:modified_time\" content=\"2025-05-08T13:38:46+00:00\" \/>\n<meta property=\"og:image\" content=\"https:\/\/9staedte.de\/wp-content\/uploads\/2023\/02\/Shopping-in-Celle-c-Celle-Tourimsus-4.jpg\" \/>\n\t<meta property=\"og:image:width\" content=\"1020\" \/>\n\t<meta property=\"og:image:height\" content=\"560\" \/>\n\t<meta property=\"og:image:type\" content=\"image\/jpeg\" \/>\n<meta name=\"twitter:card\" content=\"summary_large_image\" \/>\n<meta name=\"twitter:label1\" content=\"Estimeret l\u00e6setid\" \/>\n\t<meta name=\"twitter:data1\" content=\"1 minut\" \/>\n<script type=\"application\/ld+json\" class=\"yoast-schema-graph\">{\"@context\":\"https:\/\/schema.org\",\"@graph\":[{\"@type\":\"WebPage\",\"@id\":\"https:\/\/9staedte.de\/da\/celle-dejlig-by-med-mange-boliger\/shopping-og-gaa-ud-i-celle\/\",\"url\":\"https:\/\/9staedte.de\/da\/celle-dejlig-by-med-mange-boliger\/shopping-og-gaa-ud-i-celle\/\",\"name\":\"Shopping og g\u00e5 ud i Celle - 9 St\u00e4dte in Niedersachsen\",\"isPartOf\":{\"@id\":\"https:\/\/9staedte.de\/da\/#website\"},\"primaryImageOfPage\":{\"@id\":\"https:\/\/9staedte.de\/da\/celle-dejlig-by-med-mange-boliger\/shopping-og-gaa-ud-i-celle\/#primaryimage\"},\"image\":{\"@id\":\"https:\/\/9staedte.de\/da\/celle-dejlig-by-med-mange-boliger\/shopping-og-gaa-ud-i-celle\/#primaryimage\"},\"thumbnailUrl\":\"https:\/\/9staedte.de\/wp-content\/uploads\/2023\/02\/Shopping-in-Celle-c-Celle-Tourimsus-4.jpg\",\"datePublished\":\"2023-10-25T10:24:02+00:00\",\"dateModified\":\"2025-05-08T13:38:46+00:00\",\"breadcrumb\":{\"@id\":\"https:\/\/9staedte.de\/da\/celle-dejlig-by-med-mange-boliger\/shopping-og-gaa-ud-i-celle\/#breadcrumb\"},\"inLanguage\":\"da-DK\",\"potentialAction\":[{\"@type\":\"ReadAction\",\"target\":[\"https:\/\/9staedte.de\/da\/celle-dejlig-by-med-mange-boliger\/shopping-og-gaa-ud-i-celle\/\"]}]},{\"@type\":\"ImageObject\",\"inLanguage\":\"da-DK\",\"@id\":\"https:\/\/9staedte.de\/da\/celle-dejlig-by-med-mange-boliger\/shopping-og-gaa-ud-i-celle\/#primaryimage\",\"url\":\"https:\/\/9staedte.de\/wp-content\/uploads\/2023\/02\/Shopping-in-Celle-c-Celle-Tourimsus-4.jpg\",\"contentUrl\":\"https:\/\/9staedte.de\/wp-content\/uploads\/2023\/02\/Shopping-in-Celle-c-Celle-Tourimsus-4.jpg\",\"width\":1020,\"height\":560,\"caption\":\"Shopping in Celle c) Celle Tourismus\"},{\"@type\":\"BreadcrumbList\",\"@id\":\"https:\/\/9staedte.de\/da\/celle-dejlig-by-med-mange-boliger\/shopping-og-gaa-ud-i-celle\/#breadcrumb\",\"itemListElement\":[{\"@type\":\"ListItem\",\"position\":1,\"name\":\"Startseite\",\"item\":\"https:\/\/9staedte.de\/da\/hjem-9-byer-2-i-niedersachsen\/\"},{\"@type\":\"ListItem\",\"position\":2,\"name\":\"Celle &#8211; dejlig by med mange boliger\",\"item\":\"https:\/\/9staedte.de\/da\/celle-dejlig-by-med-mange-boliger\/\"},{\"@type\":\"ListItem\",\"position\":3,\"name\":\"Shopping og g\u00e5 ud i Celle\"}]},{\"@type\":\"WebSite\",\"@id\":\"https:\/\/9staedte.de\/da\/#website\",\"url\":\"https:\/\/9staedte.de\/da\/\",\"name\":\"9 St\u00e4dte in Niedersachsen\",\"description\":\"\",\"publisher\":{\"@id\":\"https:\/\/9staedte.de\/da\/#organization\"},\"potentialAction\":[{\"@type\":\"SearchAction\",\"target\":{\"@type\":\"EntryPoint\",\"urlTemplate\":\"https:\/\/9staedte.de\/da\/?s={search_term_string}\"},\"query-input\":{\"@type\":\"PropertyValueSpecification\",\"valueRequired\":true,\"valueName\":\"search_term_string\"}}],\"inLanguage\":\"da-DK\"},{\"@type\":\"Organization\",\"@id\":\"https:\/\/9staedte.de\/da\/#organization\",\"name\":\"9 St\u00e4dte in Niedersachsen\",\"url\":\"https:\/\/9staedte.de\/da\/\",\"logo\":{\"@type\":\"ImageObject\",\"inLanguage\":\"da-DK\",\"@id\":\"https:\/\/9staedte.de\/da\/#\/schema\/logo\/image\/\",\"url\":\"https:\/\/9staedte.de\/wp-content\/uploads\/2025\/01\/9-neg-deutsch-2-1.png\",\"contentUrl\":\"https:\/\/9staedte.de\/wp-content\/uploads\/2025\/01\/9-neg-deutsch-2-1.png\",\"width\":190,\"height\":114,\"caption\":\"9 St\u00e4dte in Niedersachsen\"},\"image\":{\"@id\":\"https:\/\/9staedte.de\/da\/#\/schema\/logo\/image\/\"}}]}<\/script>\n<!-- \/ Yoast SEO plugin. -->","yoast_head_json":{"title":"Shopping og g\u00e5 ud i Celle - 9 St\u00e4dte in Niedersachsen","robots":{"index":"index","follow":"follow","max-snippet":"max-snippet:-1","max-image-preview":"max-image-preview:large","max-video-preview":"max-video-preview:-1"},"canonical":"https:\/\/9staedte.de\/da\/celle-dejlig-by-med-mange-boliger\/shopping-og-gaa-ud-i-celle\/","og_locale":"da_DK","og_type":"article","og_title":"Shopping og g\u00e5 ud i Celle - 9 St\u00e4dte in Niedersachsen","og_description":"Shoppingoplevelse Celle &#8211; traditionel og moderne shopping Shoppingoplevelse Celle &#8211; shopping og slentreture med&nbsp;atmosf\u00e6re Celle blev grundlagt for over 700 \u00e5r siden og er i dag en moderne bolig- og bindingsv\u00e6rksby fuld af liv, aktualitet og tradition. Bag de historiske, farverige facader p\u00e5 de mere end 500 bindingsv\u00e6rkshuse frister individuelle butikker og forretninger til at [&hellip;]","og_url":"https:\/\/9staedte.de\/da\/celle-dejlig-by-med-mange-boliger\/shopping-og-gaa-ud-i-celle\/","og_site_name":"9 St\u00e4dte in Niedersachsen","article_modified_time":"2025-05-08T13:38:46+00:00","og_image":[{"width":1020,"height":560,"url":"https:\/\/9staedte.de\/wp-content\/uploads\/2023\/02\/Shopping-in-Celle-c-Celle-Tourimsus-4.jpg","type":"image\/jpeg"}],"twitter_card":"summary_large_image","twitter_misc":{"Estimeret l\u00e6setid":"1 minut"},"schema":{"@context":"https:\/\/schema.org","@graph":[{"@type":"WebPage","@id":"https:\/\/9staedte.de\/da\/celle-dejlig-by-med-mange-boliger\/shopping-og-gaa-ud-i-celle\/","url":"https:\/\/9staedte.de\/da\/celle-dejlig-by-med-mange-boliger\/shopping-og-gaa-ud-i-celle\/","name":"Shopping og g\u00e5 ud i Celle - 9 St\u00e4dte in Niedersachsen","isPartOf":{"@id":"https:\/\/9staedte.de\/da\/#website"},"primaryImageOfPage":{"@id":"https:\/\/9staedte.de\/da\/celle-dejlig-by-med-mange-boliger\/shopping-og-gaa-ud-i-celle\/#primaryimage"},"image":{"@id":"https:\/\/9staedte.de\/da\/celle-dejlig-by-med-mange-boliger\/shopping-og-gaa-ud-i-celle\/#primaryimage"},"thumbnailUrl":"https:\/\/9staedte.de\/wp-content\/uploads\/2023\/02\/Shopping-in-Celle-c-Celle-Tourimsus-4.jpg","datePublished":"2023-10-25T10:24:02+00:00","dateModified":"2025-05-08T13:38:46+00:00","breadcrumb":{"@id":"https:\/\/9staedte.de\/da\/celle-dejlig-by-med-mange-boliger\/shopping-og-gaa-ud-i-celle\/#breadcrumb"},"inLanguage":"da-DK","potentialAction":[{"@type":"ReadAction","target":["https:\/\/9staedte.de\/da\/celle-dejlig-by-med-mange-boliger\/shopping-og-gaa-ud-i-celle\/"]}]},{"@type":"ImageObject","inLanguage":"da-DK","@id":"https:\/\/9staedte.de\/da\/celle-dejlig-by-med-mange-boliger\/shopping-og-gaa-ud-i-celle\/#primaryimage","url":"https:\/\/9staedte.de\/wp-content\/uploads\/2023\/02\/Shopping-in-Celle-c-Celle-Tourimsus-4.jpg","contentUrl":"https:\/\/9staedte.de\/wp-content\/uploads\/2023\/02\/Shopping-in-Celle-c-Celle-Tourimsus-4.jpg","width":1020,"height":560,"caption":"Shopping in Celle c) Celle Tourismus"},{"@type":"BreadcrumbList","@id":"https:\/\/9staedte.de\/da\/celle-dejlig-by-med-mange-boliger\/shopping-og-gaa-ud-i-celle\/#breadcrumb","itemListElement":[{"@type":"ListItem","position":1,"name":"Startseite","item":"https:\/\/9staedte.de\/da\/hjem-9-byer-2-i-niedersachsen\/"},{"@type":"ListItem","position":2,"name":"Celle &#8211; dejlig by med mange boliger","item":"https:\/\/9staedte.de\/da\/celle-dejlig-by-med-mange-boliger\/"},{"@type":"ListItem","position":3,"name":"Shopping og g\u00e5 ud i Celle"}]},{"@type":"WebSite","@id":"https:\/\/9staedte.de\/da\/#website","url":"https:\/\/9staedte.de\/da\/","name":"9 St\u00e4dte in Niedersachsen","description":"","publisher":{"@id":"https:\/\/9staedte.de\/da\/#organization"},"potentialAction":[{"@type":"SearchAction","target":{"@type":"EntryPoint","urlTemplate":"https:\/\/9staedte.de\/da\/?s={search_term_string}"},"query-input":{"@type":"PropertyValueSpecification","valueRequired":true,"valueName":"search_term_string"}}],"inLanguage":"da-DK"},{"@type":"Organization","@id":"https:\/\/9staedte.de\/da\/#organization","name":"9 St\u00e4dte in Niedersachsen","url":"https:\/\/9staedte.de\/da\/","logo":{"@type":"ImageObject","inLanguage":"da-DK","@id":"https:\/\/9staedte.de\/da\/#\/schema\/logo\/image\/","url":"https:\/\/9staedte.de\/wp-content\/uploads\/2025\/01\/9-neg-deutsch-2-1.png","contentUrl":"https:\/\/9staedte.de\/wp-content\/uploads\/2025\/01\/9-neg-deutsch-2-1.png","width":190,"height":114,"caption":"9 St\u00e4dte in Niedersachsen"},"image":{"@id":"https:\/\/9staedte.de\/da\/#\/schema\/logo\/image\/"}}]}},"_links":{"self":[{"href":"https:\/\/9staedte.de\/da\/wp-json\/wp\/v2\/pages\/12576","targetHints":{"allow":["GET"]}}],"collection":[{"href":"https:\/\/9staedte.de\/da\/wp-json\/wp\/v2\/pages"}],"about":[{"href":"https:\/\/9staedte.de\/da\/wp-json\/wp\/v2\/types\/page"}],"author":[{"embeddable":true,"href":"https:\/\/9staedte.de\/da\/wp-json\/wp\/v2\/users\/1"}],"replies":[{"embeddable":true,"href":"https:\/\/9staedte.de\/da\/wp-json\/wp\/v2\/comments?post=12576"}],"version-history":[{"count":2,"href":"https:\/\/9staedte.de\/da\/wp-json\/wp\/v2\/pages\/12576\/revisions"}],"predecessor-version":[{"id":25460,"href":"https:\/\/9staedte.de\/da\/wp-json\/wp\/v2\/pages\/12576\/revisions\/25460"}],"up":[{"embeddable":true,"href":"https:\/\/9staedte.de\/da\/wp-json\/wp\/v2\/pages\/12705"}],"wp:featuredmedia":[{"embeddable":true,"href":"https:\/\/9staedte.de\/da\/wp-json\/wp\/v2\/media\/12589"}],"wp:attachment":[{"href":"https:\/\/9staedte.de\/da\/wp-json\/wp\/v2\/media?parent=12576"}],"wp:term":[{"taxonomy":"category","embeddable":true,"href":"https:\/\/9staedte.de\/da\/wp-json\/wp\/v2\/categories?post=12576"},{"taxonomy":"post_tag","embeddable":true,"href":"https:\/\/9staedte.de\/da\/wp-json\/wp\/v2\/tags?post=12576"},{"taxonomy":"ncap_cities_tax","embeddable":true,"href":"https:\/\/9staedte.de\/da\/wp-json\/wp\/v2\/ncap_cities_tax?post=12576"}],"curies":[{"name":"wp","href":"https:\/\/api.w.org\/{rel}","templated":true}]}}