{"id":12573,"date":"2023-10-25T12:24:15","date_gmt":"2023-10-25T10:24:15","guid":{"rendered":"https:\/\/9staedte.de\/shopping-og-gaa-ud-i-einbeck\/"},"modified":"2024-07-03T15:56:39","modified_gmt":"2024-07-03T13:56:39","slug":"shopping-og-gaa-ud-i-einbeck","status":"publish","type":"page","link":"https:\/\/9staedte.de\/da\/einbeck-klassiske-biler-bindingsvaerkshuse-oel\/shopping-og-gaa-ud-i-einbeck\/","title":{"rendered":"Shopping og g\u00e5 ud i Einbeck"},"content":{"rendered":"\n<h2 class=\"wp-block-heading\">Einbecker-tegninger og specialiteter<\/h2>\n\n\n\n<p>Mange af Einbecks delikatesser er h\u00e5ndlavede. Mere end ti sennepssorter fremstilles i Einbecks sennepsm\u00f8lle ved hj\u00e6lp af den klassiske stenformalingsproces. Kaffen er h\u00e5ndristet i Einbecks kafferisteri. Friskmalet kaffe kan nydes i kafferisteriet direkte p\u00e5 markedspladsen.<br>P\u00e5 en shoppingtur gennem den gamle bydel tilbyder mange sm\u00e5 butikker s\u00e6rlige tilbud og masser af flair. Husk at l\u00e6gge vejen forbi Einbecker Blaudruck. I 1638 blev farvernes v\u00e6rksted grundlagt. Einbecks Blueprint-v\u00e6rksted og butik ligger i et&nbsp;historisk bindingsv\u00e6rkshus&nbsp;p\u00e5&nbsp;M\u00f6ncheplatz.<br>Einbecks restauranter og pubber tilbyder mere end 14 forskellige typer Einbeck-\u00f8l. I bock\u00f8l\u00e5ret er der selvf\u00f8lgelig ogs\u00e5 s\u00e6sonbestemte bock\u00f8l og Ainp\u00f6ckisch efter den originale opskrift.<\/p>\n\n\n\n<p><\/p>\n\n\n\n\n<div class=\"banner-wrapper\">\n  <div class=\"banner-inner \">\n      <div class=\"img-container\">\n      <div class=\"img-wrapper\">\n        <img decoding=\"async\" src=\"https:\/\/9staedte.de\/wp-content\/smush-webp\/2023\/05\/Senfkoeprner-\u00a9Einbecker-Senfmuehle.jpg.webp\" alt=\"To h\u00e6nder holder en sk\u00e5l med mange gule sennepsfr\u00f8. Den ene h\u00e5nd lader fr\u00f8ene falde ned i sk\u00e5len. I baggrunden ses en papirpose.\" \/>\n                  <div class=\"thumbnail-label\">\n            <span>Senfk\u00f6prner, \u00a9Einbecker Senfm\u00fchle<\/span>\n          <\/div>\n              <\/div>\n    <\/div>\n        <div class=\"text-container\">\n      <div class=\"content\">\n        <p><strong>9 gode r\u00e5d:<\/strong><\/p>\n<ul>\n<li>Pr\u00f8v Einbeck-\u00f8l<\/li>\n<li>Einbecks sennepsm\u00f8lle<\/li>\n<li>Einbecker Blaudruck &#8211; traditionelt h\u00e5ndv\u00e6rk siden 1638<\/li>\n<li>Bindingsv\u00e6rkshus Hurra: kunst, kreative og bizarre ting at g\u00f8re med bindingsv\u00e6rkshuse<\/li>\n<li>Einbecker Jung: krydderi- og spiritusfabrik fra Einbeck<\/li>\n<li>Ugemarked i Einbecks gamle bydel (hver onsdag og l\u00f8rdag)<\/li>\n<li>Shopping med Einbecker Zehner<\/li>\n<li>Aftentur: Lys \u00f8l og m\u00f8rke skygger<\/li>\n<li>Einbecks \u00f8ldiplom<\/li>\n<\/ul>\n      <\/div>\n    <\/div>\n    <\/div>\n<\/div>\n\n\n\n\n<p><a href=\"https:\/\/www.einbeck-tourismus.de\/einbecker-koestlichkeiten\">Mere information om Einbecks specialiteter:<\/a><\/p>\n","protected":false},"excerpt":{"rendered":"<p>Einbecker-tegninger og specialiteter Mange af Einbecks delikatesser er h\u00e5ndlavede. Mere end ti sennepssorter fremstilles i Einbecks sennepsm\u00f8lle ved hj\u00e6lp af den klassiske stenformalingsproces. Kaffen er h\u00e5ndristet i Einbecks kafferisteri. Friskmalet kaffe kan nydes i kafferisteriet direkte p\u00e5 markedspladsen.P\u00e5 en shoppingtur gennem den gamle bydel tilbyder mange sm\u00e5 butikker s\u00e6rlige tilbud og masser af flair. Husk [&hellip;]<\/p>\n","protected":false},"author":1,"featured_media":12581,"parent":12653,"menu_order":0,"comment_status":"closed","ping_status":"closed","template":"pagetemplates\/template-stadtthema.php","meta":{"_acf_changed":false,"footnotes":""},"categories":[],"tags":[],"ncap_cities_tax":[476,812],"class_list":["post-12573","page","type-page","status-publish","has-post-thumbnail","hentry","ncap_cities_tax-einbeck-da","ncap_cities_tax-shopping-und-ausgehen-einbeck-da"],"acf":[],"yoast_head":"<!-- This site is optimized with the Yoast SEO plugin v26.8 - https:\/\/yoast.com\/product\/yoast-seo-wordpress\/ -->\n<title>Shopping og g\u00e5 ud i Einbeck - 9 St\u00e4dte in Niedersachsen<\/title>\n<meta name=\"robots\" content=\"index, follow, max-snippet:-1, max-image-preview:large, max-video-preview:-1\" \/>\n<link rel=\"canonical\" href=\"https:\/\/9staedte.de\/da\/einbeck-klassiske-biler-bindingsvaerkshuse-oel\/shopping-og-gaa-ud-i-einbeck\/\" \/>\n<meta property=\"og:locale\" content=\"da_DK\" \/>\n<meta property=\"og:type\" content=\"article\" \/>\n<meta property=\"og:title\" content=\"Shopping og g\u00e5 ud i Einbeck - 9 St\u00e4dte in Niedersachsen\" \/>\n<meta property=\"og:description\" content=\"Einbecker-tegninger og specialiteter Mange af Einbecks delikatesser er h\u00e5ndlavede. Mere end ti sennepssorter fremstilles i Einbecks sennepsm\u00f8lle ved hj\u00e6lp af den klassiske stenformalingsproces. Kaffen er h\u00e5ndristet i Einbecks kafferisteri. Friskmalet kaffe kan nydes i kafferisteriet direkte p\u00e5 markedspladsen.P\u00e5 en shoppingtur gennem den gamle bydel tilbyder mange sm\u00e5 butikker s\u00e6rlige tilbud og masser af flair. Husk [&hellip;]\" \/>\n<meta property=\"og:url\" content=\"https:\/\/9staedte.de\/da\/einbeck-klassiske-biler-bindingsvaerkshuse-oel\/shopping-og-gaa-ud-i-einbeck\/\" \/>\n<meta property=\"og:site_name\" content=\"9 St\u00e4dte in Niedersachsen\" \/>\n<meta property=\"article:modified_time\" content=\"2024-07-03T13:56:39+00:00\" \/>\n<meta property=\"og:image\" content=\"https:\/\/9staedte.de\/wp-content\/uploads\/2023\/07\/Einbecker-Blaudruck-\u00a9mehle-hundertmark-Fotografie-scaled.jpg\" \/>\n\t<meta property=\"og:image:width\" content=\"2560\" \/>\n\t<meta property=\"og:image:height\" content=\"1707\" \/>\n\t<meta property=\"og:image:type\" content=\"image\/jpeg\" \/>\n<meta name=\"twitter:card\" content=\"summary_large_image\" \/>\n<meta name=\"twitter:label1\" content=\"Estimeret l\u00e6setid\" \/>\n\t<meta name=\"twitter:data1\" content=\"1 minut\" \/>\n<script type=\"application\/ld+json\" class=\"yoast-schema-graph\">{\"@context\":\"https:\/\/schema.org\",\"@graph\":[{\"@type\":\"WebPage\",\"@id\":\"https:\/\/9staedte.de\/da\/einbeck-klassiske-biler-bindingsvaerkshuse-oel\/shopping-og-gaa-ud-i-einbeck\/\",\"url\":\"https:\/\/9staedte.de\/da\/einbeck-klassiske-biler-bindingsvaerkshuse-oel\/shopping-og-gaa-ud-i-einbeck\/\",\"name\":\"Shopping og g\u00e5 ud i Einbeck - 9 St\u00e4dte in Niedersachsen\",\"isPartOf\":{\"@id\":\"https:\/\/9staedte.de\/da\/#website\"},\"primaryImageOfPage\":{\"@id\":\"https:\/\/9staedte.de\/da\/einbeck-klassiske-biler-bindingsvaerkshuse-oel\/shopping-og-gaa-ud-i-einbeck\/#primaryimage\"},\"image\":{\"@id\":\"https:\/\/9staedte.de\/da\/einbeck-klassiske-biler-bindingsvaerkshuse-oel\/shopping-og-gaa-ud-i-einbeck\/#primaryimage\"},\"thumbnailUrl\":\"https:\/\/9staedte.de\/wp-content\/uploads\/2023\/07\/Einbecker-Blaudruck-\u00a9mehle-hundertmark-Fotografie-scaled.jpg\",\"datePublished\":\"2023-10-25T10:24:15+00:00\",\"dateModified\":\"2024-07-03T13:56:39+00:00\",\"breadcrumb\":{\"@id\":\"https:\/\/9staedte.de\/da\/einbeck-klassiske-biler-bindingsvaerkshuse-oel\/shopping-og-gaa-ud-i-einbeck\/#breadcrumb\"},\"inLanguage\":\"da-DK\",\"potentialAction\":[{\"@type\":\"ReadAction\",\"target\":[\"https:\/\/9staedte.de\/da\/einbeck-klassiske-biler-bindingsvaerkshuse-oel\/shopping-og-gaa-ud-i-einbeck\/\"]}]},{\"@type\":\"ImageObject\",\"inLanguage\":\"da-DK\",\"@id\":\"https:\/\/9staedte.de\/da\/einbeck-klassiske-biler-bindingsvaerkshuse-oel\/shopping-og-gaa-ud-i-einbeck\/#primaryimage\",\"url\":\"https:\/\/9staedte.de\/wp-content\/uploads\/2023\/07\/Einbecker-Blaudruck-\u00a9mehle-hundertmark-Fotografie-scaled.jpg\",\"contentUrl\":\"https:\/\/9staedte.de\/wp-content\/uploads\/2023\/07\/Einbecker-Blaudruck-\u00a9mehle-hundertmark-Fotografie-scaled.jpg\",\"width\":2560,\"height\":1707,\"caption\":\"Einbecker Blaudruck Foto: Michaela Hundertmark, Michael Mehle\"},{\"@type\":\"BreadcrumbList\",\"@id\":\"https:\/\/9staedte.de\/da\/einbeck-klassiske-biler-bindingsvaerkshuse-oel\/shopping-og-gaa-ud-i-einbeck\/#breadcrumb\",\"itemListElement\":[{\"@type\":\"ListItem\",\"position\":1,\"name\":\"Startseite\",\"item\":\"https:\/\/9staedte.de\/da\/hjem-9-byer-2-i-niedersachsen\/\"},{\"@type\":\"ListItem\",\"position\":2,\"name\":\"Einbeck &#8211; klassiske biler, bindingsv\u00e6rkshuse, \u00f8l\",\"item\":\"https:\/\/9staedte.de\/da\/einbeck-klassiske-biler-bindingsvaerkshuse-oel\/\"},{\"@type\":\"ListItem\",\"position\":3,\"name\":\"Shopping og g\u00e5 ud i Einbeck\"}]},{\"@type\":\"WebSite\",\"@id\":\"https:\/\/9staedte.de\/da\/#website\",\"url\":\"https:\/\/9staedte.de\/da\/\",\"name\":\"9 St\u00e4dte in Niedersachsen\",\"description\":\"\",\"publisher\":{\"@id\":\"https:\/\/9staedte.de\/da\/#organization\"},\"potentialAction\":[{\"@type\":\"SearchAction\",\"target\":{\"@type\":\"EntryPoint\",\"urlTemplate\":\"https:\/\/9staedte.de\/da\/?s={search_term_string}\"},\"query-input\":{\"@type\":\"PropertyValueSpecification\",\"valueRequired\":true,\"valueName\":\"search_term_string\"}}],\"inLanguage\":\"da-DK\"},{\"@type\":\"Organization\",\"@id\":\"https:\/\/9staedte.de\/da\/#organization\",\"name\":\"9 St\u00e4dte in Niedersachsen\",\"url\":\"https:\/\/9staedte.de\/da\/\",\"logo\":{\"@type\":\"ImageObject\",\"inLanguage\":\"da-DK\",\"@id\":\"https:\/\/9staedte.de\/da\/#\/schema\/logo\/image\/\",\"url\":\"https:\/\/9staedte.de\/wp-content\/uploads\/2025\/01\/9-neg-deutsch-2-1.png\",\"contentUrl\":\"https:\/\/9staedte.de\/wp-content\/uploads\/2025\/01\/9-neg-deutsch-2-1.png\",\"width\":190,\"height\":114,\"caption\":\"9 St\u00e4dte in Niedersachsen\"},\"image\":{\"@id\":\"https:\/\/9staedte.de\/da\/#\/schema\/logo\/image\/\"}}]}<\/script>\n<!-- \/ Yoast SEO plugin. -->","yoast_head_json":{"title":"Shopping og g\u00e5 ud i Einbeck - 9 St\u00e4dte in Niedersachsen","robots":{"index":"index","follow":"follow","max-snippet":"max-snippet:-1","max-image-preview":"max-image-preview:large","max-video-preview":"max-video-preview:-1"},"canonical":"https:\/\/9staedte.de\/da\/einbeck-klassiske-biler-bindingsvaerkshuse-oel\/shopping-og-gaa-ud-i-einbeck\/","og_locale":"da_DK","og_type":"article","og_title":"Shopping og g\u00e5 ud i Einbeck - 9 St\u00e4dte in Niedersachsen","og_description":"Einbecker-tegninger og specialiteter Mange af Einbecks delikatesser er h\u00e5ndlavede. Mere end ti sennepssorter fremstilles i Einbecks sennepsm\u00f8lle ved hj\u00e6lp af den klassiske stenformalingsproces. Kaffen er h\u00e5ndristet i Einbecks kafferisteri. Friskmalet kaffe kan nydes i kafferisteriet direkte p\u00e5 markedspladsen.P\u00e5 en shoppingtur gennem den gamle bydel tilbyder mange sm\u00e5 butikker s\u00e6rlige tilbud og masser af flair. Husk [&hellip;]","og_url":"https:\/\/9staedte.de\/da\/einbeck-klassiske-biler-bindingsvaerkshuse-oel\/shopping-og-gaa-ud-i-einbeck\/","og_site_name":"9 St\u00e4dte in Niedersachsen","article_modified_time":"2024-07-03T13:56:39+00:00","og_image":[{"width":2560,"height":1707,"url":"https:\/\/9staedte.de\/wp-content\/uploads\/2023\/07\/Einbecker-Blaudruck-\u00a9mehle-hundertmark-Fotografie-scaled.jpg","type":"image\/jpeg"}],"twitter_card":"summary_large_image","twitter_misc":{"Estimeret l\u00e6setid":"1 minut"},"schema":{"@context":"https:\/\/schema.org","@graph":[{"@type":"WebPage","@id":"https:\/\/9staedte.de\/da\/einbeck-klassiske-biler-bindingsvaerkshuse-oel\/shopping-og-gaa-ud-i-einbeck\/","url":"https:\/\/9staedte.de\/da\/einbeck-klassiske-biler-bindingsvaerkshuse-oel\/shopping-og-gaa-ud-i-einbeck\/","name":"Shopping og g\u00e5 ud i Einbeck - 9 St\u00e4dte in Niedersachsen","isPartOf":{"@id":"https:\/\/9staedte.de\/da\/#website"},"primaryImageOfPage":{"@id":"https:\/\/9staedte.de\/da\/einbeck-klassiske-biler-bindingsvaerkshuse-oel\/shopping-og-gaa-ud-i-einbeck\/#primaryimage"},"image":{"@id":"https:\/\/9staedte.de\/da\/einbeck-klassiske-biler-bindingsvaerkshuse-oel\/shopping-og-gaa-ud-i-einbeck\/#primaryimage"},"thumbnailUrl":"https:\/\/9staedte.de\/wp-content\/uploads\/2023\/07\/Einbecker-Blaudruck-\u00a9mehle-hundertmark-Fotografie-scaled.jpg","datePublished":"2023-10-25T10:24:15+00:00","dateModified":"2024-07-03T13:56:39+00:00","breadcrumb":{"@id":"https:\/\/9staedte.de\/da\/einbeck-klassiske-biler-bindingsvaerkshuse-oel\/shopping-og-gaa-ud-i-einbeck\/#breadcrumb"},"inLanguage":"da-DK","potentialAction":[{"@type":"ReadAction","target":["https:\/\/9staedte.de\/da\/einbeck-klassiske-biler-bindingsvaerkshuse-oel\/shopping-og-gaa-ud-i-einbeck\/"]}]},{"@type":"ImageObject","inLanguage":"da-DK","@id":"https:\/\/9staedte.de\/da\/einbeck-klassiske-biler-bindingsvaerkshuse-oel\/shopping-og-gaa-ud-i-einbeck\/#primaryimage","url":"https:\/\/9staedte.de\/wp-content\/uploads\/2023\/07\/Einbecker-Blaudruck-\u00a9mehle-hundertmark-Fotografie-scaled.jpg","contentUrl":"https:\/\/9staedte.de\/wp-content\/uploads\/2023\/07\/Einbecker-Blaudruck-\u00a9mehle-hundertmark-Fotografie-scaled.jpg","width":2560,"height":1707,"caption":"Einbecker Blaudruck Foto: Michaela Hundertmark, Michael Mehle"},{"@type":"BreadcrumbList","@id":"https:\/\/9staedte.de\/da\/einbeck-klassiske-biler-bindingsvaerkshuse-oel\/shopping-og-gaa-ud-i-einbeck\/#breadcrumb","itemListElement":[{"@type":"ListItem","position":1,"name":"Startseite","item":"https:\/\/9staedte.de\/da\/hjem-9-byer-2-i-niedersachsen\/"},{"@type":"ListItem","position":2,"name":"Einbeck &#8211; klassiske biler, bindingsv\u00e6rkshuse, \u00f8l","item":"https:\/\/9staedte.de\/da\/einbeck-klassiske-biler-bindingsvaerkshuse-oel\/"},{"@type":"ListItem","position":3,"name":"Shopping og g\u00e5 ud i Einbeck"}]},{"@type":"WebSite","@id":"https:\/\/9staedte.de\/da\/#website","url":"https:\/\/9staedte.de\/da\/","name":"9 St\u00e4dte in Niedersachsen","description":"","publisher":{"@id":"https:\/\/9staedte.de\/da\/#organization"},"potentialAction":[{"@type":"SearchAction","target":{"@type":"EntryPoint","urlTemplate":"https:\/\/9staedte.de\/da\/?s={search_term_string}"},"query-input":{"@type":"PropertyValueSpecification","valueRequired":true,"valueName":"search_term_string"}}],"inLanguage":"da-DK"},{"@type":"Organization","@id":"https:\/\/9staedte.de\/da\/#organization","name":"9 St\u00e4dte in Niedersachsen","url":"https:\/\/9staedte.de\/da\/","logo":{"@type":"ImageObject","inLanguage":"da-DK","@id":"https:\/\/9staedte.de\/da\/#\/schema\/logo\/image\/","url":"https:\/\/9staedte.de\/wp-content\/uploads\/2025\/01\/9-neg-deutsch-2-1.png","contentUrl":"https:\/\/9staedte.de\/wp-content\/uploads\/2025\/01\/9-neg-deutsch-2-1.png","width":190,"height":114,"caption":"9 St\u00e4dte in Niedersachsen"},"image":{"@id":"https:\/\/9staedte.de\/da\/#\/schema\/logo\/image\/"}}]}},"_links":{"self":[{"href":"https:\/\/9staedte.de\/da\/wp-json\/wp\/v2\/pages\/12573","targetHints":{"allow":["GET"]}}],"collection":[{"href":"https:\/\/9staedte.de\/da\/wp-json\/wp\/v2\/pages"}],"about":[{"href":"https:\/\/9staedte.de\/da\/wp-json\/wp\/v2\/types\/page"}],"author":[{"embeddable":true,"href":"https:\/\/9staedte.de\/da\/wp-json\/wp\/v2\/users\/1"}],"replies":[{"embeddable":true,"href":"https:\/\/9staedte.de\/da\/wp-json\/wp\/v2\/comments?post=12573"}],"version-history":[{"count":3,"href":"https:\/\/9staedte.de\/da\/wp-json\/wp\/v2\/pages\/12573\/revisions"}],"predecessor-version":[{"id":22806,"href":"https:\/\/9staedte.de\/da\/wp-json\/wp\/v2\/pages\/12573\/revisions\/22806"}],"up":[{"embeddable":true,"href":"https:\/\/9staedte.de\/da\/wp-json\/wp\/v2\/pages\/12653"}],"wp:featuredmedia":[{"embeddable":true,"href":"https:\/\/9staedte.de\/da\/wp-json\/wp\/v2\/media\/12581"}],"wp:attachment":[{"href":"https:\/\/9staedte.de\/da\/wp-json\/wp\/v2\/media?parent=12573"}],"wp:term":[{"taxonomy":"category","embeddable":true,"href":"https:\/\/9staedte.de\/da\/wp-json\/wp\/v2\/categories?post=12573"},{"taxonomy":"post_tag","embeddable":true,"href":"https:\/\/9staedte.de\/da\/wp-json\/wp\/v2\/tags?post=12573"},{"taxonomy":"ncap_cities_tax","embeddable":true,"href":"https:\/\/9staedte.de\/da\/wp-json\/wp\/v2\/ncap_cities_tax?post=12573"}],"curies":[{"name":"wp","href":"https:\/\/api.w.org\/{rel}","templated":true}]}}