{"id":12550,"date":"2023-10-25T12:27:09","date_gmt":"2023-10-25T10:27:09","guid":{"rendered":"https:\/\/9staedte.de\/shopping-og-gaa-ud-i-hameln\/"},"modified":"2025-08-20T10:20:37","modified_gmt":"2025-08-20T08:20:37","slug":"shopping-og-gaa-ud-i-hameln","status":"publish","type":"page","link":"https:\/\/9staedte.de\/da\/hameln-den-legendariske-rottefaengerby\/shopping-og-gaa-ud-i-hameln\/","title":{"rendered":"Shopping og g\u00e5 ud i Hameln"},"content":{"rendered":"\n<h2 class=\"wp-block-heading\">Sjov shopping i rottef\u00e6ngerbyen Hameln<\/h2>\n\n<p>Med sine 60.000 indbyggere er byen ikke kun et \u00f8konomisk, kulturelt og turistm\u00e6ssigt centrum, men ogs\u00e5 indk\u00f8bscenter i Weserbergland og byder p\u00e5 shopping-sjov i Pied Piper-byen Hameln. Sammenlign den unikke shoppingatmosf\u00e6re i den historiske bymidte med andre byer. Tag dig tid til en afslappet shoppingtur, nyd en forfriskning p\u00e5 en caf\u00e9, eller bare se p\u00e5 det livlige liv foran de storsl\u00e5ede sandstens- og bindingsv\u00e6rksbygninger fra det 16. til det 18. \u00e5rhundrede.<\/p>\n\n\n<div class=\"banner-wrapper\">\n  <div class=\"banner-inner \">\n      <div class=\"img-container\">\n      <div class=\"img-wrapper\">\n        <img decoding=\"async\" src=\"https:\/\/9staedte.de\/wp-content\/smush-webp\/2023\/02\/Altstadt-mit-Flair-c-HMT.jpg.webp\" alt=\"Billedet viser en caf\u00e9 i Hamelns gamle bydel. Tre unge kvinder sidder udenfor og smiler. En servitrice serverer drikkevarer. Bagved er der et gammelt bindingsv\u00e6rkshus. Man kan se mange vinduer og en stor d\u00f8r. Solen skinner, det er varmt.\" \/>\n                  <div class=\"thumbnail-label\">\n            <span>Hameln Altstadt mit Flair c) HMT<\/span>\n          <\/div>\n              <\/div>\n    <\/div>\n        <div class=\"text-container\">\n      <div class=\"content\">\n        <h2 class=\"h3\">Tips til at shoppe og g\u00e5 ud i Hameln:<\/h2>\n<h3>Shopping:<\/h3>\n<ul>\n<li>Gammel bydel med omfattende g\u00e5gade og charmerende sm\u00e5 gyder<\/li>\n<li>Hefehof: Smuk, gammel industribygning med detailhandel og meget mere.<\/li>\n<li>Byens galleri<\/li>\n<\/ul>\n<h3>At g\u00e5 ud:<\/h3>\n<ul>\n<li>\u00d8en, \u00f8lhaven p\u00e5 Werder<\/li>\n<li>Touch (bar og cocktails)<\/li>\n<li>Mo&#8217;s (cocktailbar)<\/li>\n<li>Maxx Filmteater<\/li>\n<li>Brecke (pub og mere)<\/li>\n<\/ul>\n<p><a href=\"https:\/\/www.hameln.de\/\" target=\"_blank\" rel=\"noopener\">Tag et kig her<\/a><\/p>\n      <\/div>\n    <\/div>\n    <\/div>\n<\/div>\n\n","protected":false},"excerpt":{"rendered":"<p>Sjov shopping i rottef\u00e6ngerbyen Hameln Med sine 60.000 indbyggere er byen ikke kun et \u00f8konomisk, kulturelt og turistm\u00e6ssigt centrum, men ogs\u00e5 indk\u00f8bscenter i Weserbergland og byder p\u00e5 shopping-sjov i Pied Piper-byen Hameln. Sammenlign den unikke shoppingatmosf\u00e6re i den historiske bymidte med andre byer. Tag dig tid til en afslappet shoppingtur, nyd en forfriskning p\u00e5 en [&hellip;]<\/p>\n","protected":false},"author":1,"featured_media":12558,"parent":12667,"menu_order":0,"comment_status":"closed","ping_status":"closed","template":"pagetemplates\/template-stadtthema.php","meta":{"_acf_changed":false,"footnotes":""},"categories":[],"tags":[],"ncap_cities_tax":[448,784],"class_list":["post-12550","page","type-page","status-publish","has-post-thumbnail","hentry","ncap_cities_tax-hameln-da","ncap_cities_tax-shopping-und-ausgehen-hameln-da"],"acf":[],"yoast_head":"<!-- This site is optimized with the Yoast SEO plugin v26.8 - https:\/\/yoast.com\/product\/yoast-seo-wordpress\/ -->\n<title>Shopping og g\u00e5 ud i Hameln - 9 St\u00e4dte in Niedersachsen<\/title>\n<meta name=\"robots\" content=\"index, follow, max-snippet:-1, max-image-preview:large, max-video-preview:-1\" \/>\n<link rel=\"canonical\" href=\"https:\/\/9staedte.de\/da\/hameln-den-legendariske-rottefaengerby\/shopping-og-gaa-ud-i-hameln\/\" \/>\n<meta property=\"og:locale\" content=\"da_DK\" \/>\n<meta property=\"og:type\" content=\"article\" \/>\n<meta property=\"og:title\" content=\"Shopping og g\u00e5 ud i Hameln - 9 St\u00e4dte in Niedersachsen\" \/>\n<meta property=\"og:description\" content=\"Sjov shopping i rottef\u00e6ngerbyen Hameln Med sine 60.000 indbyggere er byen ikke kun et \u00f8konomisk, kulturelt og turistm\u00e6ssigt centrum, men ogs\u00e5 indk\u00f8bscenter i Weserbergland og byder p\u00e5 shopping-sjov i Pied Piper-byen Hameln. Sammenlign den unikke shoppingatmosf\u00e6re i den historiske bymidte med andre byer. Tag dig tid til en afslappet shoppingtur, nyd en forfriskning p\u00e5 en [&hellip;]\" \/>\n<meta property=\"og:url\" content=\"https:\/\/9staedte.de\/da\/hameln-den-legendariske-rottefaengerby\/shopping-og-gaa-ud-i-hameln\/\" \/>\n<meta property=\"og:site_name\" content=\"9 St\u00e4dte in Niedersachsen\" \/>\n<meta property=\"article:modified_time\" content=\"2025-08-20T08:20:37+00:00\" \/>\n<meta property=\"og:image\" content=\"https:\/\/9staedte.de\/wp-content\/uploads\/2023\/02\/Einkaufen-in-Hameln-c-HMT-Sabrina-Stoeckli.jpg\" \/>\n\t<meta property=\"og:image:width\" content=\"1020\" \/>\n\t<meta property=\"og:image:height\" content=\"561\" \/>\n\t<meta property=\"og:image:type\" content=\"image\/jpeg\" \/>\n<meta name=\"twitter:card\" content=\"summary_large_image\" \/>\n<meta name=\"twitter:label1\" content=\"Estimeret l\u00e6setid\" \/>\n\t<meta name=\"twitter:data1\" content=\"1 minut\" \/>\n<script type=\"application\/ld+json\" class=\"yoast-schema-graph\">{\"@context\":\"https:\/\/schema.org\",\"@graph\":[{\"@type\":\"WebPage\",\"@id\":\"https:\/\/9staedte.de\/da\/hameln-den-legendariske-rottefaengerby\/shopping-og-gaa-ud-i-hameln\/\",\"url\":\"https:\/\/9staedte.de\/da\/hameln-den-legendariske-rottefaengerby\/shopping-og-gaa-ud-i-hameln\/\",\"name\":\"Shopping og g\u00e5 ud i Hameln - 9 St\u00e4dte in Niedersachsen\",\"isPartOf\":{\"@id\":\"https:\/\/9staedte.de\/da\/#website\"},\"primaryImageOfPage\":{\"@id\":\"https:\/\/9staedte.de\/da\/hameln-den-legendariske-rottefaengerby\/shopping-og-gaa-ud-i-hameln\/#primaryimage\"},\"image\":{\"@id\":\"https:\/\/9staedte.de\/da\/hameln-den-legendariske-rottefaengerby\/shopping-og-gaa-ud-i-hameln\/#primaryimage\"},\"thumbnailUrl\":\"https:\/\/9staedte.de\/wp-content\/uploads\/2023\/02\/Einkaufen-in-Hameln-c-HMT-Sabrina-Stoeckli.jpg\",\"datePublished\":\"2023-10-25T10:27:09+00:00\",\"dateModified\":\"2025-08-20T08:20:37+00:00\",\"breadcrumb\":{\"@id\":\"https:\/\/9staedte.de\/da\/hameln-den-legendariske-rottefaengerby\/shopping-og-gaa-ud-i-hameln\/#breadcrumb\"},\"inLanguage\":\"da-DK\",\"potentialAction\":[{\"@type\":\"ReadAction\",\"target\":[\"https:\/\/9staedte.de\/da\/hameln-den-legendariske-rottefaengerby\/shopping-og-gaa-ud-i-hameln\/\"]}]},{\"@type\":\"ImageObject\",\"inLanguage\":\"da-DK\",\"@id\":\"https:\/\/9staedte.de\/da\/hameln-den-legendariske-rottefaengerby\/shopping-og-gaa-ud-i-hameln\/#primaryimage\",\"url\":\"https:\/\/9staedte.de\/wp-content\/uploads\/2023\/02\/Einkaufen-in-Hameln-c-HMT-Sabrina-Stoeckli.jpg\",\"contentUrl\":\"https:\/\/9staedte.de\/wp-content\/uploads\/2023\/02\/Einkaufen-in-Hameln-c-HMT-Sabrina-Stoeckli.jpg\",\"width\":1020,\"height\":561,\"caption\":\"Einkaufen in Hameln c) HMT Sabrina Stoeckli\"},{\"@type\":\"BreadcrumbList\",\"@id\":\"https:\/\/9staedte.de\/da\/hameln-den-legendariske-rottefaengerby\/shopping-og-gaa-ud-i-hameln\/#breadcrumb\",\"itemListElement\":[{\"@type\":\"ListItem\",\"position\":1,\"name\":\"Startseite\",\"item\":\"https:\/\/9staedte.de\/da\/hjem-9-byer-2-i-niedersachsen\/\"},{\"@type\":\"ListItem\",\"position\":2,\"name\":\"Hameln &#8211; den legendariske rottef\u00e6ngerby\",\"item\":\"https:\/\/9staedte.de\/da\/hameln-den-legendariske-rottefaengerby\/\"},{\"@type\":\"ListItem\",\"position\":3,\"name\":\"Shopping og g\u00e5 ud i Hameln\"}]},{\"@type\":\"WebSite\",\"@id\":\"https:\/\/9staedte.de\/da\/#website\",\"url\":\"https:\/\/9staedte.de\/da\/\",\"name\":\"9 St\u00e4dte in Niedersachsen\",\"description\":\"\",\"publisher\":{\"@id\":\"https:\/\/9staedte.de\/da\/#organization\"},\"potentialAction\":[{\"@type\":\"SearchAction\",\"target\":{\"@type\":\"EntryPoint\",\"urlTemplate\":\"https:\/\/9staedte.de\/da\/?s={search_term_string}\"},\"query-input\":{\"@type\":\"PropertyValueSpecification\",\"valueRequired\":true,\"valueName\":\"search_term_string\"}}],\"inLanguage\":\"da-DK\"},{\"@type\":\"Organization\",\"@id\":\"https:\/\/9staedte.de\/da\/#organization\",\"name\":\"9 St\u00e4dte in Niedersachsen\",\"url\":\"https:\/\/9staedte.de\/da\/\",\"logo\":{\"@type\":\"ImageObject\",\"inLanguage\":\"da-DK\",\"@id\":\"https:\/\/9staedte.de\/da\/#\/schema\/logo\/image\/\",\"url\":\"https:\/\/9staedte.de\/wp-content\/uploads\/2025\/01\/9-neg-deutsch-2-1.png\",\"contentUrl\":\"https:\/\/9staedte.de\/wp-content\/uploads\/2025\/01\/9-neg-deutsch-2-1.png\",\"width\":190,\"height\":114,\"caption\":\"9 St\u00e4dte in Niedersachsen\"},\"image\":{\"@id\":\"https:\/\/9staedte.de\/da\/#\/schema\/logo\/image\/\"}}]}<\/script>\n<!-- \/ Yoast SEO plugin. -->","yoast_head_json":{"title":"Shopping og g\u00e5 ud i Hameln - 9 St\u00e4dte in Niedersachsen","robots":{"index":"index","follow":"follow","max-snippet":"max-snippet:-1","max-image-preview":"max-image-preview:large","max-video-preview":"max-video-preview:-1"},"canonical":"https:\/\/9staedte.de\/da\/hameln-den-legendariske-rottefaengerby\/shopping-og-gaa-ud-i-hameln\/","og_locale":"da_DK","og_type":"article","og_title":"Shopping og g\u00e5 ud i Hameln - 9 St\u00e4dte in Niedersachsen","og_description":"Sjov shopping i rottef\u00e6ngerbyen Hameln Med sine 60.000 indbyggere er byen ikke kun et \u00f8konomisk, kulturelt og turistm\u00e6ssigt centrum, men ogs\u00e5 indk\u00f8bscenter i Weserbergland og byder p\u00e5 shopping-sjov i Pied Piper-byen Hameln. Sammenlign den unikke shoppingatmosf\u00e6re i den historiske bymidte med andre byer. Tag dig tid til en afslappet shoppingtur, nyd en forfriskning p\u00e5 en [&hellip;]","og_url":"https:\/\/9staedte.de\/da\/hameln-den-legendariske-rottefaengerby\/shopping-og-gaa-ud-i-hameln\/","og_site_name":"9 St\u00e4dte in Niedersachsen","article_modified_time":"2025-08-20T08:20:37+00:00","og_image":[{"width":1020,"height":561,"url":"https:\/\/9staedte.de\/wp-content\/uploads\/2023\/02\/Einkaufen-in-Hameln-c-HMT-Sabrina-Stoeckli.jpg","type":"image\/jpeg"}],"twitter_card":"summary_large_image","twitter_misc":{"Estimeret l\u00e6setid":"1 minut"},"schema":{"@context":"https:\/\/schema.org","@graph":[{"@type":"WebPage","@id":"https:\/\/9staedte.de\/da\/hameln-den-legendariske-rottefaengerby\/shopping-og-gaa-ud-i-hameln\/","url":"https:\/\/9staedte.de\/da\/hameln-den-legendariske-rottefaengerby\/shopping-og-gaa-ud-i-hameln\/","name":"Shopping og g\u00e5 ud i Hameln - 9 St\u00e4dte in Niedersachsen","isPartOf":{"@id":"https:\/\/9staedte.de\/da\/#website"},"primaryImageOfPage":{"@id":"https:\/\/9staedte.de\/da\/hameln-den-legendariske-rottefaengerby\/shopping-og-gaa-ud-i-hameln\/#primaryimage"},"image":{"@id":"https:\/\/9staedte.de\/da\/hameln-den-legendariske-rottefaengerby\/shopping-og-gaa-ud-i-hameln\/#primaryimage"},"thumbnailUrl":"https:\/\/9staedte.de\/wp-content\/uploads\/2023\/02\/Einkaufen-in-Hameln-c-HMT-Sabrina-Stoeckli.jpg","datePublished":"2023-10-25T10:27:09+00:00","dateModified":"2025-08-20T08:20:37+00:00","breadcrumb":{"@id":"https:\/\/9staedte.de\/da\/hameln-den-legendariske-rottefaengerby\/shopping-og-gaa-ud-i-hameln\/#breadcrumb"},"inLanguage":"da-DK","potentialAction":[{"@type":"ReadAction","target":["https:\/\/9staedte.de\/da\/hameln-den-legendariske-rottefaengerby\/shopping-og-gaa-ud-i-hameln\/"]}]},{"@type":"ImageObject","inLanguage":"da-DK","@id":"https:\/\/9staedte.de\/da\/hameln-den-legendariske-rottefaengerby\/shopping-og-gaa-ud-i-hameln\/#primaryimage","url":"https:\/\/9staedte.de\/wp-content\/uploads\/2023\/02\/Einkaufen-in-Hameln-c-HMT-Sabrina-Stoeckli.jpg","contentUrl":"https:\/\/9staedte.de\/wp-content\/uploads\/2023\/02\/Einkaufen-in-Hameln-c-HMT-Sabrina-Stoeckli.jpg","width":1020,"height":561,"caption":"Einkaufen in Hameln c) HMT Sabrina Stoeckli"},{"@type":"BreadcrumbList","@id":"https:\/\/9staedte.de\/da\/hameln-den-legendariske-rottefaengerby\/shopping-og-gaa-ud-i-hameln\/#breadcrumb","itemListElement":[{"@type":"ListItem","position":1,"name":"Startseite","item":"https:\/\/9staedte.de\/da\/hjem-9-byer-2-i-niedersachsen\/"},{"@type":"ListItem","position":2,"name":"Hameln &#8211; den legendariske rottef\u00e6ngerby","item":"https:\/\/9staedte.de\/da\/hameln-den-legendariske-rottefaengerby\/"},{"@type":"ListItem","position":3,"name":"Shopping og g\u00e5 ud i Hameln"}]},{"@type":"WebSite","@id":"https:\/\/9staedte.de\/da\/#website","url":"https:\/\/9staedte.de\/da\/","name":"9 St\u00e4dte in Niedersachsen","description":"","publisher":{"@id":"https:\/\/9staedte.de\/da\/#organization"},"potentialAction":[{"@type":"SearchAction","target":{"@type":"EntryPoint","urlTemplate":"https:\/\/9staedte.de\/da\/?s={search_term_string}"},"query-input":{"@type":"PropertyValueSpecification","valueRequired":true,"valueName":"search_term_string"}}],"inLanguage":"da-DK"},{"@type":"Organization","@id":"https:\/\/9staedte.de\/da\/#organization","name":"9 St\u00e4dte in Niedersachsen","url":"https:\/\/9staedte.de\/da\/","logo":{"@type":"ImageObject","inLanguage":"da-DK","@id":"https:\/\/9staedte.de\/da\/#\/schema\/logo\/image\/","url":"https:\/\/9staedte.de\/wp-content\/uploads\/2025\/01\/9-neg-deutsch-2-1.png","contentUrl":"https:\/\/9staedte.de\/wp-content\/uploads\/2025\/01\/9-neg-deutsch-2-1.png","width":190,"height":114,"caption":"9 St\u00e4dte in Niedersachsen"},"image":{"@id":"https:\/\/9staedte.de\/da\/#\/schema\/logo\/image\/"}}]}},"_links":{"self":[{"href":"https:\/\/9staedte.de\/da\/wp-json\/wp\/v2\/pages\/12550","targetHints":{"allow":["GET"]}}],"collection":[{"href":"https:\/\/9staedte.de\/da\/wp-json\/wp\/v2\/pages"}],"about":[{"href":"https:\/\/9staedte.de\/da\/wp-json\/wp\/v2\/types\/page"}],"author":[{"embeddable":true,"href":"https:\/\/9staedte.de\/da\/wp-json\/wp\/v2\/users\/1"}],"replies":[{"embeddable":true,"href":"https:\/\/9staedte.de\/da\/wp-json\/wp\/v2\/comments?post=12550"}],"version-history":[{"count":5,"href":"https:\/\/9staedte.de\/da\/wp-json\/wp\/v2\/pages\/12550\/revisions"}],"predecessor-version":[{"id":26783,"href":"https:\/\/9staedte.de\/da\/wp-json\/wp\/v2\/pages\/12550\/revisions\/26783"}],"up":[{"embeddable":true,"href":"https:\/\/9staedte.de\/da\/wp-json\/wp\/v2\/pages\/12667"}],"wp:featuredmedia":[{"embeddable":true,"href":"https:\/\/9staedte.de\/da\/wp-json\/wp\/v2\/media\/12558"}],"wp:attachment":[{"href":"https:\/\/9staedte.de\/da\/wp-json\/wp\/v2\/media?parent=12550"}],"wp:term":[{"taxonomy":"category","embeddable":true,"href":"https:\/\/9staedte.de\/da\/wp-json\/wp\/v2\/categories?post=12550"},{"taxonomy":"post_tag","embeddable":true,"href":"https:\/\/9staedte.de\/da\/wp-json\/wp\/v2\/tags?post=12550"},{"taxonomy":"ncap_cities_tax","embeddable":true,"href":"https:\/\/9staedte.de\/da\/wp-json\/wp\/v2\/ncap_cities_tax?post=12550"}],"curies":[{"name":"wp","href":"https:\/\/api.w.org\/{rel}","templated":true}]}}