{"id":12547,"date":"2023-10-25T12:27:51","date_gmt":"2023-10-25T10:27:51","guid":{"rendered":"https:\/\/9staedte.de\/museer-og-udstillinger-i-hildesheim\/"},"modified":"2025-10-16T12:59:25","modified_gmt":"2025-10-16T10:59:25","slug":"museer-og-udstillinger-i-hildesheim","status":"publish","type":"page","link":"https:\/\/9staedte.de\/da\/hildesheim-by-paa-unescos-verdensarvsliste\/museer-og-udstillinger-i-hildesheim\/","title":{"rendered":"Museer og udstillinger i Hildesheim"},"content":{"rendered":"\r\n\r\n    <div class=\"filter-posts\">\r\n            <div  id=\"filterContent\">\r\n                                                        \n<div class=\"contentKachel filtr-item\" data-category=\"hildesheim-da\">\n    <a href=\"https:\/\/9staedte.de\/da\/domkirke-museum-hildesheim\/\">\n        <div class=\"contentKachel-inner\">\n                            <div class=\"contentKachel-thumbnail\">\n                    <img loading=\"lazy\" decoding=\"async\" width=\"300\" height=\"223\" src=\"https:\/\/9staedte.de\/wp-content\/smush-webp\/2022\/03\/Dommuseum_monheim_Gobelinraum-1024x7611-1-300x223.jpg.webp\" class=\"objectfitcover withfilters wp-post-image\" alt=\"Billedet viser et rum i Dommuseet i Hildesheim. Foran st\u00e5r en gylden figur af Maria med Jesusbarnet. Figuren skinner og sidder p\u00e5 en trone. Bagved h\u00e6nger store farverige v\u00e6gt\u00e6pper. T\u00e6pperne viser gamle scener med mennesker og bygninger. Rummet hedder: Gobelinrummet. Det hele ser gammelt og v\u00e6rdifuldt ud.\" srcset=\"https:\/\/9staedte.de\/wp-content\/smush-webp\/2022\/03\/Dommuseum_monheim_Gobelinraum-1024x7611-1-300x223.jpg.webp 300w, https:\/\/9staedte.de\/wp-content\/smush-webp\/2022\/03\/Dommuseum_monheim_Gobelinraum-1024x7611-1-768x571.jpg.webp 768w, https:\/\/9staedte.de\/wp-content\/smush-webp\/2022\/03\/Dommuseum_monheim_Gobelinraum-1024x7611-1.jpg.webp 1024w\" sizes=\"auto, (max-width: 300px) 100vw, 300px\" \/>                    <img loading=\"lazy\" decoding=\"async\" width=\"300\" height=\"223\" src=\"https:\/\/9staedte.de\/wp-content\/smush-webp\/2022\/03\/Dommuseum_monheim_Gobelinraum-1024x7611-1-300x223.jpg.webp\" class=\"objectfitcontain wp-post-image\" alt=\"Billedet viser et rum i Dommuseet i Hildesheim. Foran st\u00e5r en gylden figur af Maria med Jesusbarnet. Figuren skinner og sidder p\u00e5 en trone. Bagved h\u00e6nger store farverige v\u00e6gt\u00e6pper. T\u00e6pperne viser gamle scener med mennesker og bygninger. Rummet hedder: Gobelinrummet. Det hele ser gammelt og v\u00e6rdifuldt ud.\" srcset=\"https:\/\/9staedte.de\/wp-content\/smush-webp\/2022\/03\/Dommuseum_monheim_Gobelinraum-1024x7611-1-300x223.jpg.webp 300w, https:\/\/9staedte.de\/wp-content\/smush-webp\/2022\/03\/Dommuseum_monheim_Gobelinraum-1024x7611-1-768x571.jpg.webp 768w, https:\/\/9staedte.de\/wp-content\/smush-webp\/2022\/03\/Dommuseum_monheim_Gobelinraum-1024x7611-1.jpg.webp 1024w\" sizes=\"auto, (max-width: 300px) 100vw, 300px\" \/>                        <div class=\"thumbnail-label\">\n    <span>Dommuseum Hildesheim Gobelinraum; Florian Monheim<\/span>\n    <\/div>\n                <\/div>\n                        <div class=\"contentKachel-content\">\n                                    <div class=\"city-tag bg-hildesheim\">\n                        Hildesheim                    <\/div>\n                \n                <div class=\"title\">\n\n                    Domkirke Museum Hildesheim                    \n                <\/div>\n\n                            <\/div>\n\n        <\/div>\n    <\/a>\n<\/div>                                                        \n<div class=\"contentKachel filtr-item\" data-category=\"hildesheim-da\">\n    <a href=\"https:\/\/9staedte.de\/da\/roemer-og-pelizaeus-museum-hildesheim\/\">\n        <div class=\"contentKachel-inner\">\n                            <div class=\"contentKachel-thumbnail\">\n                    <img loading=\"lazy\" decoding=\"async\" width=\"300\" height=\"169\" src=\"https:\/\/9staedte.de\/wp-content\/smush-webp\/2022\/03\/Aegyptenausstellung_RPM_c-Romer-und-Pelizaeus-Museum-300x169.jpg.webp\" class=\"objectfitcover withfilters wp-post-image\" alt=\"Billedet viser et museum med gamle sten. Til venstre er der stentavler med billeder fra Egypten. I midten st\u00e5r en gammel sarkofag. Den har et ansigt og er stor. Til h\u00f8jre ser man flere gamle sten. V\u00e6ggene er orange belyst. Museet hedder: Roemer- og Pelizaeus-Museum Hildesheim.\" srcset=\"https:\/\/9staedte.de\/wp-content\/smush-webp\/2022\/03\/Aegyptenausstellung_RPM_c-Romer-und-Pelizaeus-Museum-300x169.jpg.webp 300w, https:\/\/9staedte.de\/wp-content\/smush-webp\/2022\/03\/Aegyptenausstellung_RPM_c-Romer-und-Pelizaeus-Museum-768x431.jpg.webp 768w, https:\/\/9staedte.de\/wp-content\/smush-webp\/2022\/03\/Aegyptenausstellung_RPM_c-Romer-und-Pelizaeus-Museum.jpg.webp 1020w\" sizes=\"auto, (max-width: 300px) 100vw, 300px\" \/>                    <img loading=\"lazy\" decoding=\"async\" width=\"300\" height=\"169\" src=\"https:\/\/9staedte.de\/wp-content\/smush-webp\/2022\/03\/Aegyptenausstellung_RPM_c-Romer-und-Pelizaeus-Museum-300x169.jpg.webp\" class=\"objectfitcontain wp-post-image\" alt=\"Billedet viser et museum med gamle sten. Til venstre er der stentavler med billeder fra Egypten. I midten st\u00e5r en gammel sarkofag. Den har et ansigt og er stor. Til h\u00f8jre ser man flere gamle sten. V\u00e6ggene er orange belyst. Museet hedder: Roemer- og Pelizaeus-Museum Hildesheim.\" srcset=\"https:\/\/9staedte.de\/wp-content\/smush-webp\/2022\/03\/Aegyptenausstellung_RPM_c-Romer-und-Pelizaeus-Museum-300x169.jpg.webp 300w, https:\/\/9staedte.de\/wp-content\/smush-webp\/2022\/03\/Aegyptenausstellung_RPM_c-Romer-und-Pelizaeus-Museum-768x431.jpg.webp 768w, https:\/\/9staedte.de\/wp-content\/smush-webp\/2022\/03\/Aegyptenausstellung_RPM_c-Romer-und-Pelizaeus-Museum.jpg.webp 1020w\" sizes=\"auto, (max-width: 300px) 100vw, 300px\" \/>                        <div class=\"thumbnail-label\">\n    <span>\u00c4gyptenausstellung_RPM_(c) Roemer- und Pelizaeus-Museum<\/span>\n    <\/div>\n                <\/div>\n                        <div class=\"contentKachel-content\">\n                                    <div class=\"city-tag bg-hildesheim\">\n                        Hildesheim                    <\/div>\n                \n                <div class=\"title\">\n\n                    Roemer og Pelizaeus Museum Hildesheim                    \n                <\/div>\n\n                            <\/div>\n\n        <\/div>\n    <\/a>\n<\/div>                                            <\/div>\r\n    <\/div>\r\n\n\n\n<div style=\"height:46px\" aria-hidden=\"true\" class=\"wp-block-spacer\"><\/div>\n\n\n\n<div class=\"wp-block-columns is-layout-flex wp-container-core-columns-is-layout-9d6595d7 wp-block-columns-is-layout-flex\">\n<div class=\"wp-block-column is-layout-flow wp-block-column-is-layout-flow\" style=\"flex-basis:66.66%\">\n <div class=\"brlbs-cmpnt-container brlbs-cmpnt-content-blocker brlbs-cmpnt-with-individual-styles\" data-borlabs-cookie-content-blocker-id=\"google-maps\" data-borlabs-cookie-content=\"PGlmcmFtZSBzcmM9Imh0dHBzOi8vd3d3Lmdvb2dsZS5kZS9tYXBzL2QvZW1iZWQ\/bWlkPTFHU3NvenhPWnFoWDY4UFdxS2huSmFJUUFSSEpyZ19zJmVoYmM9MkUzMTJGIiB3aWR0aD0iNjQwIiBoZWlnaHQ9IjQ4MCI+PC9pZnJhbWU+\"><div class=\"brlbs-cmpnt-cb-preset-b brlbs-cmpnt-cb-google-maps\"> <div class=\"brlbs-cmpnt-cb-thumbnail\" style=\"background-image: url('https:\/\/9staedte.de\/wp-content\/uploads\/borlabs-cookie\/1\/brlbs-cb-google-maps-main.png')\"><\/div> <div class=\"brlbs-cmpnt-cb-main\"> <div class=\"brlbs-cmpnt-cb-content\"> <p class=\"brlbs-cmpnt-cb-description\">You are currently viewing a placeholder content from <strong>Google Maps<\/strong>. To access the actual content, click the button below. Please note that doing so will share data with third-party providers.<\/p> <a class=\"brlbs-cmpnt-cb-provider-toggle\" href=\"#\" data-borlabs-cookie-show-provider-information role=\"button\">More Information<\/a> <\/div> <div class=\"brlbs-cmpnt-cb-buttons\"> <a class=\"brlbs-cmpnt-cb-btn\" href=\"#\" data-borlabs-cookie-unblock role=\"button\">Unblock content<\/a> <a class=\"brlbs-cmpnt-cb-btn\" href=\"#\" data-borlabs-cookie-accept-service role=\"button\" style=\"display: inherit\">Accept required service and unblock content<\/a> <\/div> <\/div> <\/div><\/div>\n<\/div>\n\n\n\n<div class=\"wp-block-column is-layout-flow wp-block-column-is-layout-flow\" style=\"flex-basis:33.33%\">\n<h4 class=\"wp-block-heading\"><strong>Museer i Hildesheim<\/strong><\/h4>\n\n\n\n<ul class=\"wp-block-list map-legend main-legend\">\n<li>Roemer og Pelizaeus Museum Hildesheim<\/li>\n\n\n\n<li>Domkirke Museum Hildesheim<\/li>\n<\/ul>\n<\/div>\n<\/div>\n","protected":false},"excerpt":{"rendered":"<p>You are currently viewing a placeholder content from Google Maps. To access the actual content, click the button below. Please note that doing so will share data with third-party providers. More Information Unblock content Accept required service and unblock content Museer i Hildesheim<\/p>\n","protected":false},"author":1,"featured_media":12560,"parent":12668,"menu_order":0,"comment_status":"closed","ping_status":"closed","template":"pagetemplates\/template-stadtthema.php","meta":{"_acf_changed":false,"footnotes":""},"categories":[],"tags":[],"ncap_cities_tax":[462,672],"class_list":["post-12547","page","type-page","status-publish","has-post-thumbnail","hentry","ncap_cities_tax-hildesheim-da","ncap_cities_tax-museen-hildesheim-da"],"acf":[],"yoast_head":"<!-- This site is optimized with the Yoast SEO plugin v26.8 - https:\/\/yoast.com\/product\/yoast-seo-wordpress\/ -->\n<title>Museer og udstillinger i Hildesheim - 9 St\u00e4dte in Niedersachsen<\/title>\n<meta name=\"robots\" content=\"index, follow, max-snippet:-1, max-image-preview:large, max-video-preview:-1\" \/>\n<link rel=\"canonical\" href=\"https:\/\/9staedte.de\/da\/hildesheim-by-paa-unescos-verdensarvsliste\/museer-og-udstillinger-i-hildesheim\/\" \/>\n<meta property=\"og:locale\" content=\"da_DK\" \/>\n<meta property=\"og:type\" content=\"article\" \/>\n<meta property=\"og:title\" content=\"Museer og udstillinger i Hildesheim - 9 St\u00e4dte in Niedersachsen\" \/>\n<meta property=\"og:description\" content=\"You are currently viewing a placeholder content from Google Maps. To access the actual content, click the button below. Please note that doing so will share data with third-party providers. More Information Unblock content Accept required service and unblock content Museer i Hildesheim\" \/>\n<meta property=\"og:url\" content=\"https:\/\/9staedte.de\/da\/hildesheim-by-paa-unescos-verdensarvsliste\/museer-og-udstillinger-i-hildesheim\/\" \/>\n<meta property=\"og:site_name\" content=\"9 St\u00e4dte in Niedersachsen\" \/>\n<meta property=\"article:modified_time\" content=\"2025-10-16T10:59:25+00:00\" \/>\n<meta property=\"og:image\" content=\"https:\/\/9staedte.de\/wp-content\/uploads\/2023\/02\/UNESCO-Welterbe-Dom-Foto-Max-Wiesenbach-CCBY.jpg\" \/>\n\t<meta property=\"og:image:width\" content=\"1020\" \/>\n\t<meta property=\"og:image:height\" content=\"560\" \/>\n\t<meta property=\"og:image:type\" content=\"image\/jpeg\" \/>\n<meta name=\"twitter:card\" content=\"summary_large_image\" \/>\n<meta name=\"twitter:label1\" content=\"Estimeret l\u00e6setid\" \/>\n\t<meta name=\"twitter:data1\" content=\"1 minut\" \/>\n<script type=\"application\/ld+json\" class=\"yoast-schema-graph\">{\"@context\":\"https:\/\/schema.org\",\"@graph\":[{\"@type\":\"WebPage\",\"@id\":\"https:\/\/9staedte.de\/da\/hildesheim-by-paa-unescos-verdensarvsliste\/museer-og-udstillinger-i-hildesheim\/\",\"url\":\"https:\/\/9staedte.de\/da\/hildesheim-by-paa-unescos-verdensarvsliste\/museer-og-udstillinger-i-hildesheim\/\",\"name\":\"Museer og udstillinger i Hildesheim - 9 St\u00e4dte in Niedersachsen\",\"isPartOf\":{\"@id\":\"https:\/\/9staedte.de\/da\/#website\"},\"primaryImageOfPage\":{\"@id\":\"https:\/\/9staedte.de\/da\/hildesheim-by-paa-unescos-verdensarvsliste\/museer-og-udstillinger-i-hildesheim\/#primaryimage\"},\"image\":{\"@id\":\"https:\/\/9staedte.de\/da\/hildesheim-by-paa-unescos-verdensarvsliste\/museer-og-udstillinger-i-hildesheim\/#primaryimage\"},\"thumbnailUrl\":\"https:\/\/9staedte.de\/wp-content\/uploads\/2023\/02\/UNESCO-Welterbe-Dom-Foto-Max-Wiesenbach-CCBY.jpg\",\"datePublished\":\"2023-10-25T10:27:51+00:00\",\"dateModified\":\"2025-10-16T10:59:25+00:00\",\"breadcrumb\":{\"@id\":\"https:\/\/9staedte.de\/da\/hildesheim-by-paa-unescos-verdensarvsliste\/museer-og-udstillinger-i-hildesheim\/#breadcrumb\"},\"inLanguage\":\"da-DK\",\"potentialAction\":[{\"@type\":\"ReadAction\",\"target\":[\"https:\/\/9staedte.de\/da\/hildesheim-by-paa-unescos-verdensarvsliste\/museer-og-udstillinger-i-hildesheim\/\"]}]},{\"@type\":\"ImageObject\",\"inLanguage\":\"da-DK\",\"@id\":\"https:\/\/9staedte.de\/da\/hildesheim-by-paa-unescos-verdensarvsliste\/museer-og-udstillinger-i-hildesheim\/#primaryimage\",\"url\":\"https:\/\/9staedte.de\/wp-content\/uploads\/2023\/02\/UNESCO-Welterbe-Dom-Foto-Max-Wiesenbach-CCBY.jpg\",\"contentUrl\":\"https:\/\/9staedte.de\/wp-content\/uploads\/2023\/02\/UNESCO-Welterbe-Dom-Foto-Max-Wiesenbach-CCBY.jpg\",\"width\":1020,\"height\":560,\"caption\":\"UNESCO-Welterbe Dom, Foto Max Wiesenbach (CCBY)\"},{\"@type\":\"BreadcrumbList\",\"@id\":\"https:\/\/9staedte.de\/da\/hildesheim-by-paa-unescos-verdensarvsliste\/museer-og-udstillinger-i-hildesheim\/#breadcrumb\",\"itemListElement\":[{\"@type\":\"ListItem\",\"position\":1,\"name\":\"Startseite\",\"item\":\"https:\/\/9staedte.de\/da\/hjem-9-byer-2-i-niedersachsen\/\"},{\"@type\":\"ListItem\",\"position\":2,\"name\":\"Hildesheim &#8211; by p\u00e5 UNESCO&#8217;s verdensarvsliste\",\"item\":\"https:\/\/9staedte.de\/da\/hildesheim-by-paa-unescos-verdensarvsliste\/\"},{\"@type\":\"ListItem\",\"position\":3,\"name\":\"Museer og udstillinger i Hildesheim\"}]},{\"@type\":\"WebSite\",\"@id\":\"https:\/\/9staedte.de\/da\/#website\",\"url\":\"https:\/\/9staedte.de\/da\/\",\"name\":\"9 St\u00e4dte in Niedersachsen\",\"description\":\"\",\"publisher\":{\"@id\":\"https:\/\/9staedte.de\/da\/#organization\"},\"potentialAction\":[{\"@type\":\"SearchAction\",\"target\":{\"@type\":\"EntryPoint\",\"urlTemplate\":\"https:\/\/9staedte.de\/da\/?s={search_term_string}\"},\"query-input\":{\"@type\":\"PropertyValueSpecification\",\"valueRequired\":true,\"valueName\":\"search_term_string\"}}],\"inLanguage\":\"da-DK\"},{\"@type\":\"Organization\",\"@id\":\"https:\/\/9staedte.de\/da\/#organization\",\"name\":\"9 St\u00e4dte in Niedersachsen\",\"url\":\"https:\/\/9staedte.de\/da\/\",\"logo\":{\"@type\":\"ImageObject\",\"inLanguage\":\"da-DK\",\"@id\":\"https:\/\/9staedte.de\/da\/#\/schema\/logo\/image\/\",\"url\":\"https:\/\/9staedte.de\/wp-content\/uploads\/2025\/01\/9-neg-deutsch-2-1.png\",\"contentUrl\":\"https:\/\/9staedte.de\/wp-content\/uploads\/2025\/01\/9-neg-deutsch-2-1.png\",\"width\":190,\"height\":114,\"caption\":\"9 St\u00e4dte in Niedersachsen\"},\"image\":{\"@id\":\"https:\/\/9staedte.de\/da\/#\/schema\/logo\/image\/\"}}]}<\/script>\n<!-- \/ Yoast SEO plugin. -->","yoast_head_json":{"title":"Museer og udstillinger i Hildesheim - 9 St\u00e4dte in Niedersachsen","robots":{"index":"index","follow":"follow","max-snippet":"max-snippet:-1","max-image-preview":"max-image-preview:large","max-video-preview":"max-video-preview:-1"},"canonical":"https:\/\/9staedte.de\/da\/hildesheim-by-paa-unescos-verdensarvsliste\/museer-og-udstillinger-i-hildesheim\/","og_locale":"da_DK","og_type":"article","og_title":"Museer og udstillinger i Hildesheim - 9 St\u00e4dte in Niedersachsen","og_description":"You are currently viewing a placeholder content from Google Maps. To access the actual content, click the button below. Please note that doing so will share data with third-party providers. More Information Unblock content Accept required service and unblock content Museer i Hildesheim","og_url":"https:\/\/9staedte.de\/da\/hildesheim-by-paa-unescos-verdensarvsliste\/museer-og-udstillinger-i-hildesheim\/","og_site_name":"9 St\u00e4dte in Niedersachsen","article_modified_time":"2025-10-16T10:59:25+00:00","og_image":[{"width":1020,"height":560,"url":"https:\/\/9staedte.de\/wp-content\/uploads\/2023\/02\/UNESCO-Welterbe-Dom-Foto-Max-Wiesenbach-CCBY.jpg","type":"image\/jpeg"}],"twitter_card":"summary_large_image","twitter_misc":{"Estimeret l\u00e6setid":"1 minut"},"schema":{"@context":"https:\/\/schema.org","@graph":[{"@type":"WebPage","@id":"https:\/\/9staedte.de\/da\/hildesheim-by-paa-unescos-verdensarvsliste\/museer-og-udstillinger-i-hildesheim\/","url":"https:\/\/9staedte.de\/da\/hildesheim-by-paa-unescos-verdensarvsliste\/museer-og-udstillinger-i-hildesheim\/","name":"Museer og udstillinger i Hildesheim - 9 St\u00e4dte in Niedersachsen","isPartOf":{"@id":"https:\/\/9staedte.de\/da\/#website"},"primaryImageOfPage":{"@id":"https:\/\/9staedte.de\/da\/hildesheim-by-paa-unescos-verdensarvsliste\/museer-og-udstillinger-i-hildesheim\/#primaryimage"},"image":{"@id":"https:\/\/9staedte.de\/da\/hildesheim-by-paa-unescos-verdensarvsliste\/museer-og-udstillinger-i-hildesheim\/#primaryimage"},"thumbnailUrl":"https:\/\/9staedte.de\/wp-content\/uploads\/2023\/02\/UNESCO-Welterbe-Dom-Foto-Max-Wiesenbach-CCBY.jpg","datePublished":"2023-10-25T10:27:51+00:00","dateModified":"2025-10-16T10:59:25+00:00","breadcrumb":{"@id":"https:\/\/9staedte.de\/da\/hildesheim-by-paa-unescos-verdensarvsliste\/museer-og-udstillinger-i-hildesheim\/#breadcrumb"},"inLanguage":"da-DK","potentialAction":[{"@type":"ReadAction","target":["https:\/\/9staedte.de\/da\/hildesheim-by-paa-unescos-verdensarvsliste\/museer-og-udstillinger-i-hildesheim\/"]}]},{"@type":"ImageObject","inLanguage":"da-DK","@id":"https:\/\/9staedte.de\/da\/hildesheim-by-paa-unescos-verdensarvsliste\/museer-og-udstillinger-i-hildesheim\/#primaryimage","url":"https:\/\/9staedte.de\/wp-content\/uploads\/2023\/02\/UNESCO-Welterbe-Dom-Foto-Max-Wiesenbach-CCBY.jpg","contentUrl":"https:\/\/9staedte.de\/wp-content\/uploads\/2023\/02\/UNESCO-Welterbe-Dom-Foto-Max-Wiesenbach-CCBY.jpg","width":1020,"height":560,"caption":"UNESCO-Welterbe Dom, Foto Max Wiesenbach (CCBY)"},{"@type":"BreadcrumbList","@id":"https:\/\/9staedte.de\/da\/hildesheim-by-paa-unescos-verdensarvsliste\/museer-og-udstillinger-i-hildesheim\/#breadcrumb","itemListElement":[{"@type":"ListItem","position":1,"name":"Startseite","item":"https:\/\/9staedte.de\/da\/hjem-9-byer-2-i-niedersachsen\/"},{"@type":"ListItem","position":2,"name":"Hildesheim &#8211; by p\u00e5 UNESCO&#8217;s verdensarvsliste","item":"https:\/\/9staedte.de\/da\/hildesheim-by-paa-unescos-verdensarvsliste\/"},{"@type":"ListItem","position":3,"name":"Museer og udstillinger i Hildesheim"}]},{"@type":"WebSite","@id":"https:\/\/9staedte.de\/da\/#website","url":"https:\/\/9staedte.de\/da\/","name":"9 St\u00e4dte in Niedersachsen","description":"","publisher":{"@id":"https:\/\/9staedte.de\/da\/#organization"},"potentialAction":[{"@type":"SearchAction","target":{"@type":"EntryPoint","urlTemplate":"https:\/\/9staedte.de\/da\/?s={search_term_string}"},"query-input":{"@type":"PropertyValueSpecification","valueRequired":true,"valueName":"search_term_string"}}],"inLanguage":"da-DK"},{"@type":"Organization","@id":"https:\/\/9staedte.de\/da\/#organization","name":"9 St\u00e4dte in Niedersachsen","url":"https:\/\/9staedte.de\/da\/","logo":{"@type":"ImageObject","inLanguage":"da-DK","@id":"https:\/\/9staedte.de\/da\/#\/schema\/logo\/image\/","url":"https:\/\/9staedte.de\/wp-content\/uploads\/2025\/01\/9-neg-deutsch-2-1.png","contentUrl":"https:\/\/9staedte.de\/wp-content\/uploads\/2025\/01\/9-neg-deutsch-2-1.png","width":190,"height":114,"caption":"9 St\u00e4dte in Niedersachsen"},"image":{"@id":"https:\/\/9staedte.de\/da\/#\/schema\/logo\/image\/"}}]}},"_links":{"self":[{"href":"https:\/\/9staedte.de\/da\/wp-json\/wp\/v2\/pages\/12547","targetHints":{"allow":["GET"]}}],"collection":[{"href":"https:\/\/9staedte.de\/da\/wp-json\/wp\/v2\/pages"}],"about":[{"href":"https:\/\/9staedte.de\/da\/wp-json\/wp\/v2\/types\/page"}],"author":[{"embeddable":true,"href":"https:\/\/9staedte.de\/da\/wp-json\/wp\/v2\/users\/1"}],"replies":[{"embeddable":true,"href":"https:\/\/9staedte.de\/da\/wp-json\/wp\/v2\/comments?post=12547"}],"version-history":[{"count":4,"href":"https:\/\/9staedte.de\/da\/wp-json\/wp\/v2\/pages\/12547\/revisions"}],"predecessor-version":[{"id":27308,"href":"https:\/\/9staedte.de\/da\/wp-json\/wp\/v2\/pages\/12547\/revisions\/27308"}],"up":[{"embeddable":true,"href":"https:\/\/9staedte.de\/da\/wp-json\/wp\/v2\/pages\/12668"}],"wp:featuredmedia":[{"embeddable":true,"href":"https:\/\/9staedte.de\/da\/wp-json\/wp\/v2\/media\/12560"}],"wp:attachment":[{"href":"https:\/\/9staedte.de\/da\/wp-json\/wp\/v2\/media?parent=12547"}],"wp:term":[{"taxonomy":"category","embeddable":true,"href":"https:\/\/9staedte.de\/da\/wp-json\/wp\/v2\/categories?post=12547"},{"taxonomy":"post_tag","embeddable":true,"href":"https:\/\/9staedte.de\/da\/wp-json\/wp\/v2\/tags?post=12547"},{"taxonomy":"ncap_cities_tax","embeddable":true,"href":"https:\/\/9staedte.de\/da\/wp-json\/wp\/v2\/ncap_cities_tax?post=12547"}],"curies":[{"name":"wp","href":"https:\/\/api.w.org\/{rel}","templated":true}]}}