{"id":12545,"date":"2023-10-25T12:27:47","date_gmt":"2023-10-25T10:27:47","guid":{"rendered":"https:\/\/9staedte.de\/hildesheim-slotte-og-haver\/"},"modified":"2023-10-25T15:44:24","modified_gmt":"2023-10-25T13:44:24","slug":"hildesheim-slotte-og-haver","status":"publish","type":"page","link":"https:\/\/9staedte.de\/da\/hildesheim-by-paa-unescos-verdensarvsliste\/hildesheim-slotte-og-haver\/","title":{"rendered":"Hildesheim slotte og haver"},"content":{"rendered":"\r\n\r\n    <div class=\"filter-posts\">\r\n            <div  id=\"filterContent\">\r\n                                                        \n<div class=\"contentKachel filtr-item\" data-category=\"hildesheim-da\">\n    <a href=\"https:\/\/9staedte.de\/da\/besoeg-slotte-og-haver-i-hildesheim-regionen\/\">\n        <div class=\"contentKachel-inner\">\n                            <div class=\"contentKachel-thumbnail\">\n                    <img loading=\"lazy\" decoding=\"async\" width=\"300\" height=\"163\" src=\"https:\/\/9staedte.de\/wp-content\/smush-webp\/2022\/03\/Schloss-Marienburg-c-HMTG-Michael-Abid-300x163.jpg.webp\" class=\"objectfitcover withfilters wp-post-image\" alt=\"P\u00e5 billedet ser man et slot p\u00e5 en bakke. Slottet hedder Marienburg Slot. Det ligger midt i en skov. Til h\u00f8jre er der en flod. Floden er stille. Det er morgen eller aften. Himlen er orange og t\u00e5get. Det ser meget smukt ud.\" srcset=\"https:\/\/9staedte.de\/wp-content\/smush-webp\/2022\/03\/Schloss-Marienburg-c-HMTG-Michael-Abid-300x163.jpg.webp 300w, https:\/\/9staedte.de\/wp-content\/smush-webp\/2022\/03\/Schloss-Marienburg-c-HMTG-Michael-Abid-768x418.jpg.webp 768w, https:\/\/9staedte.de\/wp-content\/smush-webp\/2022\/03\/Schloss-Marienburg-c-HMTG-Michael-Abid.jpg.webp 1019w\" sizes=\"auto, (max-width: 300px) 100vw, 300px\" \/>                    <img loading=\"lazy\" decoding=\"async\" width=\"300\" height=\"163\" src=\"https:\/\/9staedte.de\/wp-content\/smush-webp\/2022\/03\/Schloss-Marienburg-c-HMTG-Michael-Abid-300x163.jpg.webp\" class=\"objectfitcontain wp-post-image\" alt=\"P\u00e5 billedet ser man et slot p\u00e5 en bakke. Slottet hedder Marienburg Slot. Det ligger midt i en skov. Til h\u00f8jre er der en flod. Floden er stille. Det er morgen eller aften. Himlen er orange og t\u00e5get. Det ser meget smukt ud.\" srcset=\"https:\/\/9staedte.de\/wp-content\/smush-webp\/2022\/03\/Schloss-Marienburg-c-HMTG-Michael-Abid-300x163.jpg.webp 300w, https:\/\/9staedte.de\/wp-content\/smush-webp\/2022\/03\/Schloss-Marienburg-c-HMTG-Michael-Abid-768x418.jpg.webp 768w, https:\/\/9staedte.de\/wp-content\/smush-webp\/2022\/03\/Schloss-Marienburg-c-HMTG-Michael-Abid.jpg.webp 1019w\" sizes=\"auto, (max-width: 300px) 100vw, 300px\" \/>                        <div class=\"thumbnail-label\">\n    <span>Schloss Marienburg c) HMTG Michael Abid<\/span>\n    <\/div>\n                <\/div>\n                        <div class=\"contentKachel-content\">\n                                    <div class=\"city-tag bg-hildesheim\">\n                        Hildesheim                    <\/div>\n                \n                <div class=\"title\">\n\n                    Bes\u00f8g slotte og haver i Hildesheim-regionen                    \n                <\/div>\n\n                            <\/div>\n\n        <\/div>\n    <\/a>\n<\/div>                                                        \n<div class=\"contentKachel filtr-item\" data-category=\"hildesheim-da\">\n    <a href=\"https:\/\/9staedte.de\/da\/ernst-ehrlicher-park-hildesheim\/\">\n        <div class=\"contentKachel-inner\">\n                            <div class=\"contentKachel-thumbnail\">\n                    <img loading=\"lazy\" decoding=\"async\" width=\"300\" height=\"165\" src=\"https:\/\/9staedte.de\/wp-content\/smush-webp\/2022\/03\/Ehrlicher-Parkc_Hildesheim_Marketing-300x165.jpg.webp\" class=\"objectfitcover withfilters wp-post-image\" alt=\"Billedet viser en park med mange tr\u00e6er. I midten er der en lille flod eller dam. Man kan se en hvid bro i baggrunden. Tr\u00e6erne er gr\u00f8nne og giver skygge. Det er for\u00e5r eller sommer. Det ser roligt og naturligt ud. Stedet hedder: Ehrlicher Park i Hildesheim.\" srcset=\"https:\/\/9staedte.de\/wp-content\/smush-webp\/2022\/03\/Ehrlicher-Parkc_Hildesheim_Marketing-300x165.jpg.webp 300w, https:\/\/9staedte.de\/wp-content\/smush-webp\/2022\/03\/Ehrlicher-Parkc_Hildesheim_Marketing-768x422.jpg.webp 768w, https:\/\/9staedte.de\/wp-content\/smush-webp\/2022\/03\/Ehrlicher-Parkc_Hildesheim_Marketing.jpg.webp 1020w\" sizes=\"auto, (max-width: 300px) 100vw, 300px\" \/>                    <img loading=\"lazy\" decoding=\"async\" width=\"300\" height=\"165\" src=\"https:\/\/9staedte.de\/wp-content\/smush-webp\/2022\/03\/Ehrlicher-Parkc_Hildesheim_Marketing-300x165.jpg.webp\" class=\"objectfitcontain wp-post-image\" alt=\"Billedet viser en park med mange tr\u00e6er. I midten er der en lille flod eller dam. Man kan se en hvid bro i baggrunden. Tr\u00e6erne er gr\u00f8nne og giver skygge. Det er for\u00e5r eller sommer. Det ser roligt og naturligt ud. Stedet hedder: Ehrlicher Park i Hildesheim.\" srcset=\"https:\/\/9staedte.de\/wp-content\/smush-webp\/2022\/03\/Ehrlicher-Parkc_Hildesheim_Marketing-300x165.jpg.webp 300w, https:\/\/9staedte.de\/wp-content\/smush-webp\/2022\/03\/Ehrlicher-Parkc_Hildesheim_Marketing-768x422.jpg.webp 768w, https:\/\/9staedte.de\/wp-content\/smush-webp\/2022\/03\/Ehrlicher-Parkc_Hildesheim_Marketing.jpg.webp 1020w\" sizes=\"auto, (max-width: 300px) 100vw, 300px\" \/>                        <div class=\"thumbnail-label\">\n    <span>Ehrlicher Park Hildesheim c) Hildesheim Marketing GmbH<\/span>\n    <\/div>\n                <\/div>\n                        <div class=\"contentKachel-content\">\n                                    <div class=\"city-tag bg-hildesheim\">\n                        Hildesheim                    <\/div>\n                \n                <div class=\"title\">\n\n                    Ernst Ehrlicher Park Hildesheim                    \n                <\/div>\n\n                            <\/div>\n\n        <\/div>\n    <\/a>\n<\/div>                                                        \n<div class=\"contentKachel filtr-item\" data-category=\"hildesheim-da\">\n    <a href=\"https:\/\/9staedte.de\/da\/magdalenengarten-i-hildesheim-beundring-af-rosernes-pragt\/\">\n        <div class=\"contentKachel-inner\">\n                            <div class=\"contentKachel-thumbnail\">\n                    <img loading=\"lazy\" decoding=\"async\" width=\"300\" height=\"165\" src=\"https:\/\/9staedte.de\/wp-content\/smush-webp\/2022\/03\/Magdalenengarten-Hildesheim-c-Hildesheim-Marketing-300x165.jpg.webp\" class=\"objectfitcover withfilters wp-post-image\" alt=\"Billedet viser en farverig have om sommeren. Man ser store buer med lyser\u00f8de roser. Roserne blomstrer smukt. Langs stien vokser lavendel. I baggrunden st\u00e5r en pavillon. Himlen er bl\u00e5 med f\u00e5 skyer. Haven hedder: Magdalenengarten i Hildesheim.\" srcset=\"https:\/\/9staedte.de\/wp-content\/smush-webp\/2022\/03\/Magdalenengarten-Hildesheim-c-Hildesheim-Marketing-300x165.jpg.webp 300w, https:\/\/9staedte.de\/wp-content\/smush-webp\/2022\/03\/Magdalenengarten-Hildesheim-c-Hildesheim-Marketing-768x422.jpg.webp 768w, https:\/\/9staedte.de\/wp-content\/smush-webp\/2022\/03\/Magdalenengarten-Hildesheim-c-Hildesheim-Marketing.jpg.webp 1020w\" sizes=\"auto, (max-width: 300px) 100vw, 300px\" \/>                    <img loading=\"lazy\" decoding=\"async\" width=\"300\" height=\"165\" src=\"https:\/\/9staedte.de\/wp-content\/smush-webp\/2022\/03\/Magdalenengarten-Hildesheim-c-Hildesheim-Marketing-300x165.jpg.webp\" class=\"objectfitcontain wp-post-image\" alt=\"Billedet viser en farverig have om sommeren. Man ser store buer med lyser\u00f8de roser. Roserne blomstrer smukt. Langs stien vokser lavendel. I baggrunden st\u00e5r en pavillon. Himlen er bl\u00e5 med f\u00e5 skyer. Haven hedder: Magdalenengarten i Hildesheim.\" srcset=\"https:\/\/9staedte.de\/wp-content\/smush-webp\/2022\/03\/Magdalenengarten-Hildesheim-c-Hildesheim-Marketing-300x165.jpg.webp 300w, https:\/\/9staedte.de\/wp-content\/smush-webp\/2022\/03\/Magdalenengarten-Hildesheim-c-Hildesheim-Marketing-768x422.jpg.webp 768w, https:\/\/9staedte.de\/wp-content\/smush-webp\/2022\/03\/Magdalenengarten-Hildesheim-c-Hildesheim-Marketing.jpg.webp 1020w\" sizes=\"auto, (max-width: 300px) 100vw, 300px\" \/>                        <div class=\"thumbnail-label\">\n    <span>Rosenpracht im Magdalenengarten Hildesheim c) Hildesheim Marketing<\/span>\n    <\/div>\n                <\/div>\n                        <div class=\"contentKachel-content\">\n                                    <div class=\"city-tag bg-hildesheim\">\n                        Hildesheim                    <\/div>\n                \n                <div class=\"title\">\n\n                    Magdalenengarten i Hildesheim &#8211; beundring af rosernes pragt                    \n                <\/div>\n\n                            <\/div>\n\n        <\/div>\n    <\/a>\n<\/div>                                                        \n<div class=\"contentKachel filtr-item\" data-category=\"hildesheim-da\">\n    <a href=\"https:\/\/9staedte.de\/da\/marienburg-domaenet\/\">\n        <div class=\"contentKachel-inner\">\n                            <div class=\"contentKachel-thumbnail\">\n                    <img loading=\"lazy\" decoding=\"async\" width=\"300\" height=\"200\" src=\"https:\/\/9staedte.de\/wp-content\/smush-webp\/2022\/03\/Domaene_Marienburg\u00a9Hildesheim-Marketing-300x200.jpg.webp\" class=\"objectfitcover withfilters wp-post-image\" alt=\"Billedet viser en stor, gammel borg. Bygningerne er lavet af sten og bindingsv\u00e6rk. Tagene er r\u00f8de og spidse. I midten er der en port og en g\u00e5rdsplads. Man kan se nogle mennesker og biler. Himlen er bl\u00e5, og vejret er godt. Stedet hedder: Dom\u00e4ne Marienburg.\" srcset=\"https:\/\/9staedte.de\/wp-content\/smush-webp\/2022\/03\/Domaene_Marienburg\u00a9Hildesheim-Marketing-300x200.jpg.webp 300w, https:\/\/9staedte.de\/wp-content\/smush-webp\/2022\/03\/Domaene_Marienburg\u00a9Hildesheim-Marketing.jpg.webp 580w\" sizes=\"auto, (max-width: 300px) 100vw, 300px\" \/>                    <img loading=\"lazy\" decoding=\"async\" width=\"300\" height=\"200\" src=\"https:\/\/9staedte.de\/wp-content\/smush-webp\/2022\/03\/Domaene_Marienburg\u00a9Hildesheim-Marketing-300x200.jpg.webp\" class=\"objectfitcontain wp-post-image\" alt=\"Billedet viser en stor, gammel borg. Bygningerne er lavet af sten og bindingsv\u00e6rk. Tagene er r\u00f8de og spidse. I midten er der en port og en g\u00e5rdsplads. Man kan se nogle mennesker og biler. Himlen er bl\u00e5, og vejret er godt. Stedet hedder: Dom\u00e4ne Marienburg.\" srcset=\"https:\/\/9staedte.de\/wp-content\/smush-webp\/2022\/03\/Domaene_Marienburg\u00a9Hildesheim-Marketing-300x200.jpg.webp 300w, https:\/\/9staedte.de\/wp-content\/smush-webp\/2022\/03\/Domaene_Marienburg\u00a9Hildesheim-Marketing.jpg.webp 580w\" sizes=\"auto, (max-width: 300px) 100vw, 300px\" \/>                        <div class=\"thumbnail-label\">\n    <span>Dom\u00e4ne Marienburg c) Hildesheim Marketing<\/span>\n    <\/div>\n                <\/div>\n                        <div class=\"contentKachel-content\">\n                                    <div class=\"city-tag bg-hildesheim\">\n                        Hildesheim                    <\/div>\n                \n                <div class=\"title\">\n\n                    Marienburg-dom\u00e6net                    \n                <\/div>\n\n                            <\/div>\n\n        <\/div>\n    <\/a>\n<\/div>                                            <\/div>\r\n    <\/div>\r\n","protected":false},"excerpt":{"rendered":"","protected":false},"author":1,"featured_media":12555,"parent":12668,"menu_order":0,"comment_status":"closed","ping_status":"closed","template":"pagetemplates\/template-stadtthema.php","meta":{"_acf_changed":false,"footnotes":""},"categories":[],"tags":[],"ncap_cities_tax":[462,742],"class_list":["post-12545","page","type-page","status-publish","has-post-thumbnail","hentry","ncap_cities_tax-hildesheim-da","ncap_cities_tax-schlosser-und-garten-hildesheim-da"],"acf":[],"yoast_head":"<!-- This site is optimized with the Yoast SEO plugin v26.8 - https:\/\/yoast.com\/product\/yoast-seo-wordpress\/ -->\n<title>Hildesheim slotte og haver - 9 St\u00e4dte in Niedersachsen<\/title>\n<meta name=\"robots\" content=\"index, follow, max-snippet:-1, max-image-preview:large, max-video-preview:-1\" \/>\n<link rel=\"canonical\" href=\"https:\/\/9staedte.de\/da\/hildesheim-by-paa-unescos-verdensarvsliste\/hildesheim-slotte-og-haver\/\" \/>\n<meta property=\"og:locale\" content=\"da_DK\" \/>\n<meta property=\"og:type\" content=\"article\" \/>\n<meta property=\"og:title\" content=\"Hildesheim slotte og haver - 9 St\u00e4dte in Niedersachsen\" \/>\n<meta property=\"og:url\" content=\"https:\/\/9staedte.de\/da\/hildesheim-by-paa-unescos-verdensarvsliste\/hildesheim-slotte-og-haver\/\" \/>\n<meta property=\"og:site_name\" content=\"9 St\u00e4dte in Niedersachsen\" \/>\n<meta property=\"article:modified_time\" content=\"2023-10-25T13:44:24+00:00\" \/>\n<meta property=\"og:image\" content=\"https:\/\/9staedte.de\/wp-content\/uploads\/2023\/06\/Magdalenengarten-\u00a9-Hildesheim-Marketing-GmbH-Foto-Dagmar-Schwelle.jpg\" \/>\n\t<meta property=\"og:image:width\" content=\"1020\" \/>\n\t<meta property=\"og:image:height\" content=\"560\" \/>\n\t<meta property=\"og:image:type\" content=\"image\/jpeg\" \/>\n<meta name=\"twitter:card\" content=\"summary_large_image\" \/>\n<script type=\"application\/ld+json\" class=\"yoast-schema-graph\">{\"@context\":\"https:\/\/schema.org\",\"@graph\":[{\"@type\":\"WebPage\",\"@id\":\"https:\/\/9staedte.de\/da\/hildesheim-by-paa-unescos-verdensarvsliste\/hildesheim-slotte-og-haver\/\",\"url\":\"https:\/\/9staedte.de\/da\/hildesheim-by-paa-unescos-verdensarvsliste\/hildesheim-slotte-og-haver\/\",\"name\":\"Hildesheim slotte og haver - 9 St\u00e4dte in Niedersachsen\",\"isPartOf\":{\"@id\":\"https:\/\/9staedte.de\/da\/#website\"},\"primaryImageOfPage\":{\"@id\":\"https:\/\/9staedte.de\/da\/hildesheim-by-paa-unescos-verdensarvsliste\/hildesheim-slotte-og-haver\/#primaryimage\"},\"image\":{\"@id\":\"https:\/\/9staedte.de\/da\/hildesheim-by-paa-unescos-verdensarvsliste\/hildesheim-slotte-og-haver\/#primaryimage\"},\"thumbnailUrl\":\"https:\/\/9staedte.de\/wp-content\/uploads\/2023\/06\/Magdalenengarten-\u00a9-Hildesheim-Marketing-GmbH-Foto-Dagmar-Schwelle.jpg\",\"datePublished\":\"2023-10-25T10:27:47+00:00\",\"dateModified\":\"2023-10-25T13:44:24+00:00\",\"breadcrumb\":{\"@id\":\"https:\/\/9staedte.de\/da\/hildesheim-by-paa-unescos-verdensarvsliste\/hildesheim-slotte-og-haver\/#breadcrumb\"},\"inLanguage\":\"da-DK\",\"potentialAction\":[{\"@type\":\"ReadAction\",\"target\":[\"https:\/\/9staedte.de\/da\/hildesheim-by-paa-unescos-verdensarvsliste\/hildesheim-slotte-og-haver\/\"]}]},{\"@type\":\"ImageObject\",\"inLanguage\":\"da-DK\",\"@id\":\"https:\/\/9staedte.de\/da\/hildesheim-by-paa-unescos-verdensarvsliste\/hildesheim-slotte-og-haver\/#primaryimage\",\"url\":\"https:\/\/9staedte.de\/wp-content\/uploads\/2023\/06\/Magdalenengarten-\u00a9-Hildesheim-Marketing-GmbH-Foto-Dagmar-Schwelle.jpg\",\"contentUrl\":\"https:\/\/9staedte.de\/wp-content\/uploads\/2023\/06\/Magdalenengarten-\u00a9-Hildesheim-Marketing-GmbH-Foto-Dagmar-Schwelle.jpg\",\"width\":1020,\"height\":560,\"caption\":\"Hildesheim Magdalenengarten \u00a9 Hildesheim Marketing GmbH, Foto Dagmar Schwelle\"},{\"@type\":\"BreadcrumbList\",\"@id\":\"https:\/\/9staedte.de\/da\/hildesheim-by-paa-unescos-verdensarvsliste\/hildesheim-slotte-og-haver\/#breadcrumb\",\"itemListElement\":[{\"@type\":\"ListItem\",\"position\":1,\"name\":\"Startseite\",\"item\":\"https:\/\/9staedte.de\/da\/hjem-9-byer-2-i-niedersachsen\/\"},{\"@type\":\"ListItem\",\"position\":2,\"name\":\"Hildesheim &#8211; by p\u00e5 UNESCO&#8217;s verdensarvsliste\",\"item\":\"https:\/\/9staedte.de\/da\/hildesheim-by-paa-unescos-verdensarvsliste\/\"},{\"@type\":\"ListItem\",\"position\":3,\"name\":\"Hildesheim slotte og haver\"}]},{\"@type\":\"WebSite\",\"@id\":\"https:\/\/9staedte.de\/da\/#website\",\"url\":\"https:\/\/9staedte.de\/da\/\",\"name\":\"9 St\u00e4dte in Niedersachsen\",\"description\":\"\",\"publisher\":{\"@id\":\"https:\/\/9staedte.de\/da\/#organization\"},\"potentialAction\":[{\"@type\":\"SearchAction\",\"target\":{\"@type\":\"EntryPoint\",\"urlTemplate\":\"https:\/\/9staedte.de\/da\/?s={search_term_string}\"},\"query-input\":{\"@type\":\"PropertyValueSpecification\",\"valueRequired\":true,\"valueName\":\"search_term_string\"}}],\"inLanguage\":\"da-DK\"},{\"@type\":\"Organization\",\"@id\":\"https:\/\/9staedte.de\/da\/#organization\",\"name\":\"9 St\u00e4dte in Niedersachsen\",\"url\":\"https:\/\/9staedte.de\/da\/\",\"logo\":{\"@type\":\"ImageObject\",\"inLanguage\":\"da-DK\",\"@id\":\"https:\/\/9staedte.de\/da\/#\/schema\/logo\/image\/\",\"url\":\"https:\/\/9staedte.de\/wp-content\/uploads\/2025\/01\/9-neg-deutsch-2-1.png\",\"contentUrl\":\"https:\/\/9staedte.de\/wp-content\/uploads\/2025\/01\/9-neg-deutsch-2-1.png\",\"width\":190,\"height\":114,\"caption\":\"9 St\u00e4dte in Niedersachsen\"},\"image\":{\"@id\":\"https:\/\/9staedte.de\/da\/#\/schema\/logo\/image\/\"}}]}<\/script>\n<!-- \/ Yoast SEO plugin. -->","yoast_head_json":{"title":"Hildesheim slotte og haver - 9 St\u00e4dte in Niedersachsen","robots":{"index":"index","follow":"follow","max-snippet":"max-snippet:-1","max-image-preview":"max-image-preview:large","max-video-preview":"max-video-preview:-1"},"canonical":"https:\/\/9staedte.de\/da\/hildesheim-by-paa-unescos-verdensarvsliste\/hildesheim-slotte-og-haver\/","og_locale":"da_DK","og_type":"article","og_title":"Hildesheim slotte og haver - 9 St\u00e4dte in Niedersachsen","og_url":"https:\/\/9staedte.de\/da\/hildesheim-by-paa-unescos-verdensarvsliste\/hildesheim-slotte-og-haver\/","og_site_name":"9 St\u00e4dte in Niedersachsen","article_modified_time":"2023-10-25T13:44:24+00:00","og_image":[{"width":1020,"height":560,"url":"https:\/\/9staedte.de\/wp-content\/uploads\/2023\/06\/Magdalenengarten-\u00a9-Hildesheim-Marketing-GmbH-Foto-Dagmar-Schwelle.jpg","type":"image\/jpeg"}],"twitter_card":"summary_large_image","schema":{"@context":"https:\/\/schema.org","@graph":[{"@type":"WebPage","@id":"https:\/\/9staedte.de\/da\/hildesheim-by-paa-unescos-verdensarvsliste\/hildesheim-slotte-og-haver\/","url":"https:\/\/9staedte.de\/da\/hildesheim-by-paa-unescos-verdensarvsliste\/hildesheim-slotte-og-haver\/","name":"Hildesheim slotte og haver - 9 St\u00e4dte in Niedersachsen","isPartOf":{"@id":"https:\/\/9staedte.de\/da\/#website"},"primaryImageOfPage":{"@id":"https:\/\/9staedte.de\/da\/hildesheim-by-paa-unescos-verdensarvsliste\/hildesheim-slotte-og-haver\/#primaryimage"},"image":{"@id":"https:\/\/9staedte.de\/da\/hildesheim-by-paa-unescos-verdensarvsliste\/hildesheim-slotte-og-haver\/#primaryimage"},"thumbnailUrl":"https:\/\/9staedte.de\/wp-content\/uploads\/2023\/06\/Magdalenengarten-\u00a9-Hildesheim-Marketing-GmbH-Foto-Dagmar-Schwelle.jpg","datePublished":"2023-10-25T10:27:47+00:00","dateModified":"2023-10-25T13:44:24+00:00","breadcrumb":{"@id":"https:\/\/9staedte.de\/da\/hildesheim-by-paa-unescos-verdensarvsliste\/hildesheim-slotte-og-haver\/#breadcrumb"},"inLanguage":"da-DK","potentialAction":[{"@type":"ReadAction","target":["https:\/\/9staedte.de\/da\/hildesheim-by-paa-unescos-verdensarvsliste\/hildesheim-slotte-og-haver\/"]}]},{"@type":"ImageObject","inLanguage":"da-DK","@id":"https:\/\/9staedte.de\/da\/hildesheim-by-paa-unescos-verdensarvsliste\/hildesheim-slotte-og-haver\/#primaryimage","url":"https:\/\/9staedte.de\/wp-content\/uploads\/2023\/06\/Magdalenengarten-\u00a9-Hildesheim-Marketing-GmbH-Foto-Dagmar-Schwelle.jpg","contentUrl":"https:\/\/9staedte.de\/wp-content\/uploads\/2023\/06\/Magdalenengarten-\u00a9-Hildesheim-Marketing-GmbH-Foto-Dagmar-Schwelle.jpg","width":1020,"height":560,"caption":"Hildesheim Magdalenengarten \u00a9 Hildesheim Marketing GmbH, Foto Dagmar Schwelle"},{"@type":"BreadcrumbList","@id":"https:\/\/9staedte.de\/da\/hildesheim-by-paa-unescos-verdensarvsliste\/hildesheim-slotte-og-haver\/#breadcrumb","itemListElement":[{"@type":"ListItem","position":1,"name":"Startseite","item":"https:\/\/9staedte.de\/da\/hjem-9-byer-2-i-niedersachsen\/"},{"@type":"ListItem","position":2,"name":"Hildesheim &#8211; by p\u00e5 UNESCO&#8217;s verdensarvsliste","item":"https:\/\/9staedte.de\/da\/hildesheim-by-paa-unescos-verdensarvsliste\/"},{"@type":"ListItem","position":3,"name":"Hildesheim slotte og haver"}]},{"@type":"WebSite","@id":"https:\/\/9staedte.de\/da\/#website","url":"https:\/\/9staedte.de\/da\/","name":"9 St\u00e4dte in Niedersachsen","description":"","publisher":{"@id":"https:\/\/9staedte.de\/da\/#organization"},"potentialAction":[{"@type":"SearchAction","target":{"@type":"EntryPoint","urlTemplate":"https:\/\/9staedte.de\/da\/?s={search_term_string}"},"query-input":{"@type":"PropertyValueSpecification","valueRequired":true,"valueName":"search_term_string"}}],"inLanguage":"da-DK"},{"@type":"Organization","@id":"https:\/\/9staedte.de\/da\/#organization","name":"9 St\u00e4dte in Niedersachsen","url":"https:\/\/9staedte.de\/da\/","logo":{"@type":"ImageObject","inLanguage":"da-DK","@id":"https:\/\/9staedte.de\/da\/#\/schema\/logo\/image\/","url":"https:\/\/9staedte.de\/wp-content\/uploads\/2025\/01\/9-neg-deutsch-2-1.png","contentUrl":"https:\/\/9staedte.de\/wp-content\/uploads\/2025\/01\/9-neg-deutsch-2-1.png","width":190,"height":114,"caption":"9 St\u00e4dte in Niedersachsen"},"image":{"@id":"https:\/\/9staedte.de\/da\/#\/schema\/logo\/image\/"}}]}},"_links":{"self":[{"href":"https:\/\/9staedte.de\/da\/wp-json\/wp\/v2\/pages\/12545","targetHints":{"allow":["GET"]}}],"collection":[{"href":"https:\/\/9staedte.de\/da\/wp-json\/wp\/v2\/pages"}],"about":[{"href":"https:\/\/9staedte.de\/da\/wp-json\/wp\/v2\/types\/page"}],"author":[{"embeddable":true,"href":"https:\/\/9staedte.de\/da\/wp-json\/wp\/v2\/users\/1"}],"replies":[{"embeddable":true,"href":"https:\/\/9staedte.de\/da\/wp-json\/wp\/v2\/comments?post=12545"}],"version-history":[{"count":1,"href":"https:\/\/9staedte.de\/da\/wp-json\/wp\/v2\/pages\/12545\/revisions"}],"predecessor-version":[{"id":12562,"href":"https:\/\/9staedte.de\/da\/wp-json\/wp\/v2\/pages\/12545\/revisions\/12562"}],"up":[{"embeddable":true,"href":"https:\/\/9staedte.de\/da\/wp-json\/wp\/v2\/pages\/12668"}],"wp:featuredmedia":[{"embeddable":true,"href":"https:\/\/9staedte.de\/da\/wp-json\/wp\/v2\/media\/12555"}],"wp:attachment":[{"href":"https:\/\/9staedte.de\/da\/wp-json\/wp\/v2\/media?parent=12545"}],"wp:term":[{"taxonomy":"category","embeddable":true,"href":"https:\/\/9staedte.de\/da\/wp-json\/wp\/v2\/categories?post=12545"},{"taxonomy":"post_tag","embeddable":true,"href":"https:\/\/9staedte.de\/da\/wp-json\/wp\/v2\/tags?post=12545"},{"taxonomy":"ncap_cities_tax","embeddable":true,"href":"https:\/\/9staedte.de\/da\/wp-json\/wp\/v2\/ncap_cities_tax?post=12545"}],"curies":[{"name":"wp","href":"https:\/\/api.w.org\/{rel}","templated":true}]}}