{"id":12544,"date":"2023-10-25T12:27:20","date_gmt":"2023-10-25T10:27:20","guid":{"rendered":"https:\/\/9staedte.de\/paladser-og-haver-i-hannover\/"},"modified":"2023-10-25T15:41:31","modified_gmt":"2023-10-25T13:41:31","slug":"paladser-og-haver-i-hannover","status":"publish","type":"page","link":"https:\/\/9staedte.de\/da\/hannover-hovedstad-i-niedersachsen\/paladser-og-haver-i-hannover\/","title":{"rendered":"Paladser og haver i Hannover"},"content":{"rendered":"\r\n\r\n    <div class=\"filter-posts\">\r\n            <div  id=\"filterContent\">\r\n                                                        \n<div class=\"contentKachel filtr-item\" data-category=\"hannover-da\">\n    <a href=\"https:\/\/9staedte.de\/da\/guelph-palace-hanover\/\">\n        <div class=\"contentKachel-inner\">\n                            <div class=\"contentKachel-thumbnail\">\n                    <img loading=\"lazy\" decoding=\"async\" width=\"300\" height=\"163\" src=\"https:\/\/9staedte.de\/wp-content\/smush-webp\/2022\/03\/Leibniz-Universitaet-Hannover-c-HMTG-Lars-Gerhardts-300x163.jpg.webp\" class=\"objectfitcover withfilters wp-post-image\" alt=\"P\u00e5 billedet ser man en meget stor bygning. Det er Welfenslottet i Hannover. I dag er det Leibniz Universitet. Bygningen er lys og har mange vinduer og t\u00e5rne. Foran slottet st\u00e5r en statue. Himlen er bl\u00e5 med hvide skyer.\" srcset=\"https:\/\/9staedte.de\/wp-content\/smush-webp\/2022\/03\/Leibniz-Universitaet-Hannover-c-HMTG-Lars-Gerhardts-300x163.jpg.webp 300w, https:\/\/9staedte.de\/wp-content\/smush-webp\/2022\/03\/Leibniz-Universitaet-Hannover-c-HMTG-Lars-Gerhardts-768x418.jpg.webp 768w, https:\/\/9staedte.de\/wp-content\/smush-webp\/2022\/03\/Leibniz-Universitaet-Hannover-c-HMTG-Lars-Gerhardts.jpg.webp 1020w\" sizes=\"auto, (max-width: 300px) 100vw, 300px\" \/>                    <img loading=\"lazy\" decoding=\"async\" width=\"300\" height=\"163\" src=\"https:\/\/9staedte.de\/wp-content\/smush-webp\/2022\/03\/Leibniz-Universitaet-Hannover-c-HMTG-Lars-Gerhardts-300x163.jpg.webp\" class=\"objectfitcontain wp-post-image\" alt=\"P\u00e5 billedet ser man en meget stor bygning. Det er Welfenslottet i Hannover. I dag er det Leibniz Universitet. Bygningen er lys og har mange vinduer og t\u00e5rne. Foran slottet st\u00e5r en statue. Himlen er bl\u00e5 med hvide skyer.\" srcset=\"https:\/\/9staedte.de\/wp-content\/smush-webp\/2022\/03\/Leibniz-Universitaet-Hannover-c-HMTG-Lars-Gerhardts-300x163.jpg.webp 300w, https:\/\/9staedte.de\/wp-content\/smush-webp\/2022\/03\/Leibniz-Universitaet-Hannover-c-HMTG-Lars-Gerhardts-768x418.jpg.webp 768w, https:\/\/9staedte.de\/wp-content\/smush-webp\/2022\/03\/Leibniz-Universitaet-Hannover-c-HMTG-Lars-Gerhardts.jpg.webp 1020w\" sizes=\"auto, (max-width: 300px) 100vw, 300px\" \/>                        <div class=\"thumbnail-label\">\n    <span>Leibniz Universit\u00e4t Hannover c) HMTG Lars Gerhardts<\/span>\n    <\/div>\n                <\/div>\n                        <div class=\"contentKachel-content\">\n                                    <div class=\"city-tag bg-hannover\">\n                        Hannover                    <\/div>\n                \n                <div class=\"title\">\n\n                    Guelph Palace Hanover                    \n                <\/div>\n\n                            <\/div>\n\n        <\/div>\n    <\/a>\n<\/div>                                                        \n<div class=\"contentKachel filtr-item\" data-category=\"hannover-da\">\n    <a href=\"https:\/\/9staedte.de\/da\/marienburg-slot-en-nygotisk-droem\/\">\n        <div class=\"contentKachel-inner\">\n                            <div class=\"contentKachel-thumbnail\">\n                    <img loading=\"lazy\" decoding=\"async\" width=\"300\" height=\"163\" src=\"https:\/\/9staedte.de\/wp-content\/smush-webp\/2022\/03\/Schloss-Marienburg-c-HMTG-Michael-Abid-300x163.jpg.webp\" class=\"objectfitcover withfilters wp-post-image\" alt=\"P\u00e5 billedet ser man et slot p\u00e5 en bakke. Slottet hedder Marienburg Slot. Det ligger midt i en skov. Til h\u00f8jre er der en flod. Floden er stille. Det er morgen eller aften. Himlen er orange og t\u00e5get. Det ser meget smukt ud.\" srcset=\"https:\/\/9staedte.de\/wp-content\/smush-webp\/2022\/03\/Schloss-Marienburg-c-HMTG-Michael-Abid-300x163.jpg.webp 300w, https:\/\/9staedte.de\/wp-content\/smush-webp\/2022\/03\/Schloss-Marienburg-c-HMTG-Michael-Abid-768x418.jpg.webp 768w, https:\/\/9staedte.de\/wp-content\/smush-webp\/2022\/03\/Schloss-Marienburg-c-HMTG-Michael-Abid.jpg.webp 1019w\" sizes=\"auto, (max-width: 300px) 100vw, 300px\" \/>                    <img loading=\"lazy\" decoding=\"async\" width=\"300\" height=\"163\" src=\"https:\/\/9staedte.de\/wp-content\/smush-webp\/2022\/03\/Schloss-Marienburg-c-HMTG-Michael-Abid-300x163.jpg.webp\" class=\"objectfitcontain wp-post-image\" alt=\"P\u00e5 billedet ser man et slot p\u00e5 en bakke. Slottet hedder Marienburg Slot. Det ligger midt i en skov. Til h\u00f8jre er der en flod. Floden er stille. Det er morgen eller aften. Himlen er orange og t\u00e5get. Det ser meget smukt ud.\" srcset=\"https:\/\/9staedte.de\/wp-content\/smush-webp\/2022\/03\/Schloss-Marienburg-c-HMTG-Michael-Abid-300x163.jpg.webp 300w, https:\/\/9staedte.de\/wp-content\/smush-webp\/2022\/03\/Schloss-Marienburg-c-HMTG-Michael-Abid-768x418.jpg.webp 768w, https:\/\/9staedte.de\/wp-content\/smush-webp\/2022\/03\/Schloss-Marienburg-c-HMTG-Michael-Abid.jpg.webp 1019w\" sizes=\"auto, (max-width: 300px) 100vw, 300px\" \/>                        <div class=\"thumbnail-label\">\n    <span>Schloss Marienburg c) HMTG Michael Abid<\/span>\n    <\/div>\n                <\/div>\n                        <div class=\"contentKachel-content\">\n                                    <div class=\"city-tag bg-hannover\">\n                        Hannover                    <\/div>\n                \n                <div class=\"title\">\n\n                    Marienburg Slot &#8211; en nygotisk dr\u00f8m                    \n                <\/div>\n\n                            <\/div>\n\n        <\/div>\n    <\/a>\n<\/div>                                                        \n<div class=\"contentKachel filtr-item\" data-category=\"hannover-da\">\n    <a href=\"https:\/\/9staedte.de\/da\/herrenhausen-slotsmuseum\/\">\n        <div class=\"contentKachel-inner\">\n                            <div class=\"contentKachel-thumbnail\">\n                    <img loading=\"lazy\" decoding=\"async\" width=\"300\" height=\"170\" src=\"https:\/\/9staedte.de\/wp-content\/smush-webp\/2022\/03\/Schloss-Herrenhausen-c-HMTG-Hassan-Mahramzadeh-300x170.jpg.webp\" class=\"objectfitcover withfilters wp-post-image\" alt=\"P\u00e5 billedet ser man et stort slot. Slottet er lyst og st\u00e5r i midten. Foran er der en stor have med fine h\u00e6kke-m\u00f8nstre. Der er mange statuer til venstre og h\u00f8jre. Himlen er bl\u00e5.\" srcset=\"https:\/\/9staedte.de\/wp-content\/smush-webp\/2022\/03\/Schloss-Herrenhausen-c-HMTG-Hassan-Mahramzadeh-300x170.jpg.webp 300w, https:\/\/9staedte.de\/wp-content\/smush-webp\/2022\/03\/Schloss-Herrenhausen-c-HMTG-Hassan-Mahramzadeh-768x434.jpg.webp 768w, https:\/\/9staedte.de\/wp-content\/smush-webp\/2022\/03\/Schloss-Herrenhausen-c-HMTG-Hassan-Mahramzadeh.jpg.webp 1020w\" sizes=\"auto, (max-width: 300px) 100vw, 300px\" \/>                    <img loading=\"lazy\" decoding=\"async\" width=\"300\" height=\"170\" src=\"https:\/\/9staedte.de\/wp-content\/smush-webp\/2022\/03\/Schloss-Herrenhausen-c-HMTG-Hassan-Mahramzadeh-300x170.jpg.webp\" class=\"objectfitcontain wp-post-image\" alt=\"P\u00e5 billedet ser man et stort slot. Slottet er lyst og st\u00e5r i midten. Foran er der en stor have med fine h\u00e6kke-m\u00f8nstre. Der er mange statuer til venstre og h\u00f8jre. Himlen er bl\u00e5.\" srcset=\"https:\/\/9staedte.de\/wp-content\/smush-webp\/2022\/03\/Schloss-Herrenhausen-c-HMTG-Hassan-Mahramzadeh-300x170.jpg.webp 300w, https:\/\/9staedte.de\/wp-content\/smush-webp\/2022\/03\/Schloss-Herrenhausen-c-HMTG-Hassan-Mahramzadeh-768x434.jpg.webp 768w, https:\/\/9staedte.de\/wp-content\/smush-webp\/2022\/03\/Schloss-Herrenhausen-c-HMTG-Hassan-Mahramzadeh.jpg.webp 1020w\" sizes=\"auto, (max-width: 300px) 100vw, 300px\" \/>                        <div class=\"thumbnail-label\">\n    <span>Schloss Herrenhausen c) HMTG Hassan Mahramzadeh<\/span>\n    <\/div>\n                <\/div>\n                        <div class=\"contentKachel-content\">\n                                    <div class=\"city-tag bg-hannover\">\n                        Hannover                    <\/div>\n                \n                <div class=\"title\">\n\n                    Herrenhausen Slotsmuseum                    \n                <\/div>\n\n                            <\/div>\n\n        <\/div>\n    <\/a>\n<\/div>                                                        \n<div class=\"contentKachel filtr-item\" data-category=\"hannover-da\">\n    <a href=\"https:\/\/9staedte.de\/da\/leineschloss-hannover\/\">\n        <div class=\"contentKachel-inner\">\n                            <div class=\"contentKachel-thumbnail\">\n                    <img loading=\"lazy\" decoding=\"async\" width=\"300\" height=\"166\" src=\"https:\/\/9staedte.de\/wp-content\/smush-webp\/2022\/03\/Hannover-Landtag-Leineschloss-c-HMTG-Hans-Zaglitsch-300x166.jpg.webp\" class=\"objectfitcover withfilters wp-post-image\" alt=\"P\u00e5 billedet ser man en stor bygning. Det er Leineslottet i Hannover. Bygningen har mange store s\u00f8jler. Den ligner et slot eller et tempel. Om aftenen er bygningen oplyst. Bag s\u00f8jlerne er store vinduer.\" srcset=\"https:\/\/9staedte.de\/wp-content\/smush-webp\/2022\/03\/Hannover-Landtag-Leineschloss-c-HMTG-Hans-Zaglitsch-300x166.jpg.webp 300w, https:\/\/9staedte.de\/wp-content\/smush-webp\/2022\/03\/Hannover-Landtag-Leineschloss-c-HMTG-Hans-Zaglitsch-768x424.jpg.webp 768w, https:\/\/9staedte.de\/wp-content\/smush-webp\/2022\/03\/Hannover-Landtag-Leineschloss-c-HMTG-Hans-Zaglitsch.jpg.webp 1020w\" sizes=\"auto, (max-width: 300px) 100vw, 300px\" \/>                    <img loading=\"lazy\" decoding=\"async\" width=\"300\" height=\"166\" src=\"https:\/\/9staedte.de\/wp-content\/smush-webp\/2022\/03\/Hannover-Landtag-Leineschloss-c-HMTG-Hans-Zaglitsch-300x166.jpg.webp\" class=\"objectfitcontain wp-post-image\" alt=\"P\u00e5 billedet ser man en stor bygning. Det er Leineslottet i Hannover. Bygningen har mange store s\u00f8jler. Den ligner et slot eller et tempel. Om aftenen er bygningen oplyst. Bag s\u00f8jlerne er store vinduer.\" srcset=\"https:\/\/9staedte.de\/wp-content\/smush-webp\/2022\/03\/Hannover-Landtag-Leineschloss-c-HMTG-Hans-Zaglitsch-300x166.jpg.webp 300w, https:\/\/9staedte.de\/wp-content\/smush-webp\/2022\/03\/Hannover-Landtag-Leineschloss-c-HMTG-Hans-Zaglitsch-768x424.jpg.webp 768w, https:\/\/9staedte.de\/wp-content\/smush-webp\/2022\/03\/Hannover-Landtag-Leineschloss-c-HMTG-Hans-Zaglitsch.jpg.webp 1020w\" sizes=\"auto, (max-width: 300px) 100vw, 300px\" \/>                        <div class=\"thumbnail-label\">\n    <span>Leineschloss Hannover c) HMTG Hans  Zaglitsch<\/span>\n    <\/div>\n                <\/div>\n                        <div class=\"contentKachel-content\">\n                                    <div class=\"city-tag bg-hannover\">\n                        Hannover                    <\/div>\n                \n                <div class=\"title\">\n\n                    Leineschloss Hannover                    \n                <\/div>\n\n                            <\/div>\n\n        <\/div>\n    <\/a>\n<\/div>                                                        \n<div class=\"contentKachel filtr-item\" data-category=\"hannover-da\">\n    <a href=\"https:\/\/9staedte.de\/da\/herrenhaeuser-haverne-i-hannover-havekunst-i-perfektion\/\">\n        <div class=\"contentKachel-inner\">\n                            <div class=\"contentKachel-thumbnail\">\n                    <img loading=\"lazy\" decoding=\"async\" width=\"300\" height=\"165\" src=\"https:\/\/9staedte.de\/wp-content\/smush-webp\/2023\/02\/Grosser-Garten-Herrenhausen-c-HMTG-Patrick-Graf-300x165.jpg.webp\" class=\"objectfitcover withfilters wp-post-image\" alt=\"P\u00e5 billedet ser man en stor have. H\u00e6kkene er klippet i flotte former. Der er en stor springvand i midten. Springvandet er oplyst. Bagved st\u00e5r en lys bygning. Solen g\u00e5r ned.\" srcset=\"https:\/\/9staedte.de\/wp-content\/smush-webp\/2023\/02\/Grosser-Garten-Herrenhausen-c-HMTG-Patrick-Graf-300x165.jpg.webp 300w, https:\/\/9staedte.de\/wp-content\/smush-webp\/2023\/02\/Grosser-Garten-Herrenhausen-c-HMTG-Patrick-Graf-768x422.jpg.webp 768w, https:\/\/9staedte.de\/wp-content\/smush-webp\/2023\/02\/Grosser-Garten-Herrenhausen-c-HMTG-Patrick-Graf.jpg.webp 1020w\" sizes=\"auto, (max-width: 300px) 100vw, 300px\" \/>                    <img loading=\"lazy\" decoding=\"async\" width=\"300\" height=\"165\" src=\"https:\/\/9staedte.de\/wp-content\/smush-webp\/2023\/02\/Grosser-Garten-Herrenhausen-c-HMTG-Patrick-Graf-300x165.jpg.webp\" class=\"objectfitcontain wp-post-image\" alt=\"P\u00e5 billedet ser man en stor have. H\u00e6kkene er klippet i flotte former. Der er en stor springvand i midten. Springvandet er oplyst. Bagved st\u00e5r en lys bygning. Solen g\u00e5r ned.\" srcset=\"https:\/\/9staedte.de\/wp-content\/smush-webp\/2023\/02\/Grosser-Garten-Herrenhausen-c-HMTG-Patrick-Graf-300x165.jpg.webp 300w, https:\/\/9staedte.de\/wp-content\/smush-webp\/2023\/02\/Grosser-Garten-Herrenhausen-c-HMTG-Patrick-Graf-768x422.jpg.webp 768w, https:\/\/9staedte.de\/wp-content\/smush-webp\/2023\/02\/Grosser-Garten-Herrenhausen-c-HMTG-Patrick-Graf.jpg.webp 1020w\" sizes=\"auto, (max-width: 300px) 100vw, 300px\" \/>                        <div class=\"thumbnail-label\">\n    <span>Hannover Herrenh\u00e4user G\u00e4rten mit  Illumination c) HMTG Patrick Graf<\/span>\n    <\/div>\n                <\/div>\n                        <div class=\"contentKachel-content\">\n                                    <div class=\"city-tag bg-hannover\">\n                        Hannover                    <\/div>\n                \n                <div class=\"title\">\n\n                    Herrenh\u00e4user-haverne i Hannover &#8211; havekunst i perfektion                    \n                <\/div>\n\n                            <\/div>\n\n        <\/div>\n    <\/a>\n<\/div>                                            <\/div>\r\n    <\/div>\r\n","protected":false},"excerpt":{"rendered":"","protected":false},"author":1,"featured_media":12554,"parent":12681,"menu_order":0,"comment_status":"closed","ping_status":"closed","template":"pagetemplates\/template-stadtthema.php","meta":{"_acf_changed":false,"footnotes":""},"categories":[],"tags":[],"ncap_cities_tax":[455,735],"class_list":["post-12544","page","type-page","status-publish","has-post-thumbnail","hentry","ncap_cities_tax-hannover-da","ncap_cities_tax-schlosser-und-garten-hannover-da"],"acf":[],"yoast_head":"<!-- This site is optimized with the Yoast SEO plugin v26.8 - https:\/\/yoast.com\/product\/yoast-seo-wordpress\/ -->\n<title>Paladser og haver i Hannover - 9 St\u00e4dte in Niedersachsen<\/title>\n<meta name=\"robots\" content=\"index, follow, max-snippet:-1, max-image-preview:large, max-video-preview:-1\" \/>\n<link rel=\"canonical\" href=\"https:\/\/9staedte.de\/da\/hannover-hovedstad-i-niedersachsen\/paladser-og-haver-i-hannover\/\" \/>\n<meta property=\"og:locale\" content=\"da_DK\" \/>\n<meta property=\"og:type\" content=\"article\" \/>\n<meta property=\"og:title\" content=\"Paladser og haver i Hannover - 9 St\u00e4dte in Niedersachsen\" \/>\n<meta property=\"og:url\" content=\"https:\/\/9staedte.de\/da\/hannover-hovedstad-i-niedersachsen\/paladser-og-haver-i-hannover\/\" \/>\n<meta property=\"og:site_name\" content=\"9 St\u00e4dte in Niedersachsen\" \/>\n<meta property=\"article:modified_time\" content=\"2023-10-25T13:41:31+00:00\" \/>\n<meta property=\"og:image\" content=\"https:\/\/9staedte.de\/wp-content\/uploads\/2023\/02\/Herrenhaeuser-Gaertem-c-HMTG-Lars-Gerhardts.jpg\" \/>\n\t<meta property=\"og:image:width\" content=\"1020\" \/>\n\t<meta property=\"og:image:height\" content=\"560\" \/>\n\t<meta property=\"og:image:type\" content=\"image\/jpeg\" \/>\n<meta name=\"twitter:card\" content=\"summary_large_image\" \/>\n<script type=\"application\/ld+json\" class=\"yoast-schema-graph\">{\"@context\":\"https:\/\/schema.org\",\"@graph\":[{\"@type\":\"WebPage\",\"@id\":\"https:\/\/9staedte.de\/da\/hannover-hovedstad-i-niedersachsen\/paladser-og-haver-i-hannover\/\",\"url\":\"https:\/\/9staedte.de\/da\/hannover-hovedstad-i-niedersachsen\/paladser-og-haver-i-hannover\/\",\"name\":\"Paladser og haver i Hannover - 9 St\u00e4dte in Niedersachsen\",\"isPartOf\":{\"@id\":\"https:\/\/9staedte.de\/da\/#website\"},\"primaryImageOfPage\":{\"@id\":\"https:\/\/9staedte.de\/da\/hannover-hovedstad-i-niedersachsen\/paladser-og-haver-i-hannover\/#primaryimage\"},\"image\":{\"@id\":\"https:\/\/9staedte.de\/da\/hannover-hovedstad-i-niedersachsen\/paladser-og-haver-i-hannover\/#primaryimage\"},\"thumbnailUrl\":\"https:\/\/9staedte.de\/wp-content\/uploads\/2023\/02\/Herrenhaeuser-Gaertem-c-HMTG-Lars-Gerhardts.jpg\",\"datePublished\":\"2023-10-25T10:27:20+00:00\",\"dateModified\":\"2023-10-25T13:41:31+00:00\",\"breadcrumb\":{\"@id\":\"https:\/\/9staedte.de\/da\/hannover-hovedstad-i-niedersachsen\/paladser-og-haver-i-hannover\/#breadcrumb\"},\"inLanguage\":\"da-DK\",\"potentialAction\":[{\"@type\":\"ReadAction\",\"target\":[\"https:\/\/9staedte.de\/da\/hannover-hovedstad-i-niedersachsen\/paladser-og-haver-i-hannover\/\"]}]},{\"@type\":\"ImageObject\",\"inLanguage\":\"da-DK\",\"@id\":\"https:\/\/9staedte.de\/da\/hannover-hovedstad-i-niedersachsen\/paladser-og-haver-i-hannover\/#primaryimage\",\"url\":\"https:\/\/9staedte.de\/wp-content\/uploads\/2023\/02\/Herrenhaeuser-Gaertem-c-HMTG-Lars-Gerhardts.jpg\",\"contentUrl\":\"https:\/\/9staedte.de\/wp-content\/uploads\/2023\/02\/Herrenhaeuser-Gaertem-c-HMTG-Lars-Gerhardts.jpg\",\"width\":1020,\"height\":560,\"caption\":\"Herrenhaeuser Gaertem c) HMTG Lars Gerhardts\"},{\"@type\":\"BreadcrumbList\",\"@id\":\"https:\/\/9staedte.de\/da\/hannover-hovedstad-i-niedersachsen\/paladser-og-haver-i-hannover\/#breadcrumb\",\"itemListElement\":[{\"@type\":\"ListItem\",\"position\":1,\"name\":\"Startseite\",\"item\":\"https:\/\/9staedte.de\/da\/hjem-9-byer-2-i-niedersachsen\/\"},{\"@type\":\"ListItem\",\"position\":2,\"name\":\"Hannover &#8211; hovedstad i Niedersachsen\",\"item\":\"https:\/\/9staedte.de\/da\/hannover-hovedstad-i-niedersachsen\/\"},{\"@type\":\"ListItem\",\"position\":3,\"name\":\"Paladser og haver i Hannover\"}]},{\"@type\":\"WebSite\",\"@id\":\"https:\/\/9staedte.de\/da\/#website\",\"url\":\"https:\/\/9staedte.de\/da\/\",\"name\":\"9 St\u00e4dte in Niedersachsen\",\"description\":\"\",\"publisher\":{\"@id\":\"https:\/\/9staedte.de\/da\/#organization\"},\"potentialAction\":[{\"@type\":\"SearchAction\",\"target\":{\"@type\":\"EntryPoint\",\"urlTemplate\":\"https:\/\/9staedte.de\/da\/?s={search_term_string}\"},\"query-input\":{\"@type\":\"PropertyValueSpecification\",\"valueRequired\":true,\"valueName\":\"search_term_string\"}}],\"inLanguage\":\"da-DK\"},{\"@type\":\"Organization\",\"@id\":\"https:\/\/9staedte.de\/da\/#organization\",\"name\":\"9 St\u00e4dte in Niedersachsen\",\"url\":\"https:\/\/9staedte.de\/da\/\",\"logo\":{\"@type\":\"ImageObject\",\"inLanguage\":\"da-DK\",\"@id\":\"https:\/\/9staedte.de\/da\/#\/schema\/logo\/image\/\",\"url\":\"https:\/\/9staedte.de\/wp-content\/uploads\/2025\/01\/9-neg-deutsch-2-1.png\",\"contentUrl\":\"https:\/\/9staedte.de\/wp-content\/uploads\/2025\/01\/9-neg-deutsch-2-1.png\",\"width\":190,\"height\":114,\"caption\":\"9 St\u00e4dte in Niedersachsen\"},\"image\":{\"@id\":\"https:\/\/9staedte.de\/da\/#\/schema\/logo\/image\/\"}}]}<\/script>\n<!-- \/ Yoast SEO plugin. -->","yoast_head_json":{"title":"Paladser og haver i Hannover - 9 St\u00e4dte in Niedersachsen","robots":{"index":"index","follow":"follow","max-snippet":"max-snippet:-1","max-image-preview":"max-image-preview:large","max-video-preview":"max-video-preview:-1"},"canonical":"https:\/\/9staedte.de\/da\/hannover-hovedstad-i-niedersachsen\/paladser-og-haver-i-hannover\/","og_locale":"da_DK","og_type":"article","og_title":"Paladser og haver i Hannover - 9 St\u00e4dte in Niedersachsen","og_url":"https:\/\/9staedte.de\/da\/hannover-hovedstad-i-niedersachsen\/paladser-og-haver-i-hannover\/","og_site_name":"9 St\u00e4dte in Niedersachsen","article_modified_time":"2023-10-25T13:41:31+00:00","og_image":[{"width":1020,"height":560,"url":"https:\/\/9staedte.de\/wp-content\/uploads\/2023\/02\/Herrenhaeuser-Gaertem-c-HMTG-Lars-Gerhardts.jpg","type":"image\/jpeg"}],"twitter_card":"summary_large_image","schema":{"@context":"https:\/\/schema.org","@graph":[{"@type":"WebPage","@id":"https:\/\/9staedte.de\/da\/hannover-hovedstad-i-niedersachsen\/paladser-og-haver-i-hannover\/","url":"https:\/\/9staedte.de\/da\/hannover-hovedstad-i-niedersachsen\/paladser-og-haver-i-hannover\/","name":"Paladser og haver i Hannover - 9 St\u00e4dte in Niedersachsen","isPartOf":{"@id":"https:\/\/9staedte.de\/da\/#website"},"primaryImageOfPage":{"@id":"https:\/\/9staedte.de\/da\/hannover-hovedstad-i-niedersachsen\/paladser-og-haver-i-hannover\/#primaryimage"},"image":{"@id":"https:\/\/9staedte.de\/da\/hannover-hovedstad-i-niedersachsen\/paladser-og-haver-i-hannover\/#primaryimage"},"thumbnailUrl":"https:\/\/9staedte.de\/wp-content\/uploads\/2023\/02\/Herrenhaeuser-Gaertem-c-HMTG-Lars-Gerhardts.jpg","datePublished":"2023-10-25T10:27:20+00:00","dateModified":"2023-10-25T13:41:31+00:00","breadcrumb":{"@id":"https:\/\/9staedte.de\/da\/hannover-hovedstad-i-niedersachsen\/paladser-og-haver-i-hannover\/#breadcrumb"},"inLanguage":"da-DK","potentialAction":[{"@type":"ReadAction","target":["https:\/\/9staedte.de\/da\/hannover-hovedstad-i-niedersachsen\/paladser-og-haver-i-hannover\/"]}]},{"@type":"ImageObject","inLanguage":"da-DK","@id":"https:\/\/9staedte.de\/da\/hannover-hovedstad-i-niedersachsen\/paladser-og-haver-i-hannover\/#primaryimage","url":"https:\/\/9staedte.de\/wp-content\/uploads\/2023\/02\/Herrenhaeuser-Gaertem-c-HMTG-Lars-Gerhardts.jpg","contentUrl":"https:\/\/9staedte.de\/wp-content\/uploads\/2023\/02\/Herrenhaeuser-Gaertem-c-HMTG-Lars-Gerhardts.jpg","width":1020,"height":560,"caption":"Herrenhaeuser Gaertem c) HMTG Lars Gerhardts"},{"@type":"BreadcrumbList","@id":"https:\/\/9staedte.de\/da\/hannover-hovedstad-i-niedersachsen\/paladser-og-haver-i-hannover\/#breadcrumb","itemListElement":[{"@type":"ListItem","position":1,"name":"Startseite","item":"https:\/\/9staedte.de\/da\/hjem-9-byer-2-i-niedersachsen\/"},{"@type":"ListItem","position":2,"name":"Hannover &#8211; hovedstad i Niedersachsen","item":"https:\/\/9staedte.de\/da\/hannover-hovedstad-i-niedersachsen\/"},{"@type":"ListItem","position":3,"name":"Paladser og haver i Hannover"}]},{"@type":"WebSite","@id":"https:\/\/9staedte.de\/da\/#website","url":"https:\/\/9staedte.de\/da\/","name":"9 St\u00e4dte in Niedersachsen","description":"","publisher":{"@id":"https:\/\/9staedte.de\/da\/#organization"},"potentialAction":[{"@type":"SearchAction","target":{"@type":"EntryPoint","urlTemplate":"https:\/\/9staedte.de\/da\/?s={search_term_string}"},"query-input":{"@type":"PropertyValueSpecification","valueRequired":true,"valueName":"search_term_string"}}],"inLanguage":"da-DK"},{"@type":"Organization","@id":"https:\/\/9staedte.de\/da\/#organization","name":"9 St\u00e4dte in Niedersachsen","url":"https:\/\/9staedte.de\/da\/","logo":{"@type":"ImageObject","inLanguage":"da-DK","@id":"https:\/\/9staedte.de\/da\/#\/schema\/logo\/image\/","url":"https:\/\/9staedte.de\/wp-content\/uploads\/2025\/01\/9-neg-deutsch-2-1.png","contentUrl":"https:\/\/9staedte.de\/wp-content\/uploads\/2025\/01\/9-neg-deutsch-2-1.png","width":190,"height":114,"caption":"9 St\u00e4dte in Niedersachsen"},"image":{"@id":"https:\/\/9staedte.de\/da\/#\/schema\/logo\/image\/"}}]}},"_links":{"self":[{"href":"https:\/\/9staedte.de\/da\/wp-json\/wp\/v2\/pages\/12544","targetHints":{"allow":["GET"]}}],"collection":[{"href":"https:\/\/9staedte.de\/da\/wp-json\/wp\/v2\/pages"}],"about":[{"href":"https:\/\/9staedte.de\/da\/wp-json\/wp\/v2\/types\/page"}],"author":[{"embeddable":true,"href":"https:\/\/9staedte.de\/da\/wp-json\/wp\/v2\/users\/1"}],"replies":[{"embeddable":true,"href":"https:\/\/9staedte.de\/da\/wp-json\/wp\/v2\/comments?post=12544"}],"version-history":[{"count":1,"href":"https:\/\/9staedte.de\/da\/wp-json\/wp\/v2\/pages\/12544\/revisions"}],"predecessor-version":[{"id":12561,"href":"https:\/\/9staedte.de\/da\/wp-json\/wp\/v2\/pages\/12544\/revisions\/12561"}],"up":[{"embeddable":true,"href":"https:\/\/9staedte.de\/da\/wp-json\/wp\/v2\/pages\/12681"}],"wp:featuredmedia":[{"embeddable":true,"href":"https:\/\/9staedte.de\/da\/wp-json\/wp\/v2\/media\/12554"}],"wp:attachment":[{"href":"https:\/\/9staedte.de\/da\/wp-json\/wp\/v2\/media?parent=12544"}],"wp:term":[{"taxonomy":"category","embeddable":true,"href":"https:\/\/9staedte.de\/da\/wp-json\/wp\/v2\/categories?post=12544"},{"taxonomy":"post_tag","embeddable":true,"href":"https:\/\/9staedte.de\/da\/wp-json\/wp\/v2\/tags?post=12544"},{"taxonomy":"ncap_cities_tax","embeddable":true,"href":"https:\/\/9staedte.de\/da\/wp-json\/wp\/v2\/ncap_cities_tax?post=12544"}],"curies":[{"name":"wp","href":"https:\/\/api.w.org\/{rel}","templated":true}]}}