{"id":12526,"date":"2023-10-25T12:23:30","date_gmt":"2023-10-25T10:23:30","guid":{"rendered":"https:\/\/9staedte.de\/shopping-og-gaa-ud-i-braunschweig\/"},"modified":"2024-08-30T09:44:08","modified_gmt":"2024-08-30T07:44:08","slug":"shopping-og-gaa-ud-i-braunschweig","status":"publish","type":"page","link":"https:\/\/9staedte.de\/da\/braunschweig-loevernes-by\/shopping-og-gaa-ud-i-braunschweig\/","title":{"rendered":"Shopping og g\u00e5 ud i Braunschweig"},"content":{"rendered":"\n<h2 class=\"wp-block-heading\">Entdecken Sie die Shoppingmetropole Braunschweig<\/h2>\n\n\n\n<p>Besuchen Sie die Innenstadt oder die kleinen L\u00e4den und lassen Sie sich inspirieren von der Shoppingmetropole Braunschweig.<\/p>\n\n\n\n<p>Der Fluss Oker umrundet die gesamte Braunschweiger Innenstadt \u2013 von Westen nach Osten liegen gerade einmal zwei Kilometer dazwischen. Zwei Kilometer, die zum Bummeln, zum Verweilen, zum St\u00f6bern oder zum Einkaufsrausch einladen. Besucher haben hier die freie Auswahl: Vom gem\u00fctlichen kleinen Laden voller charmanter Besonderheiten und Liebhaberst\u00fccke \u00fcber den hippen inhabergef\u00fchrten Laden mit den neusten Trends und Styleideen bis hin zu modernen Shoppingcentern und -passagen, die internationale Markennamen und Rundum-Service bieten. Und wer sich nicht entscheiden mag, sondern das ganze Shoppingspektrum erleben m\u00f6chte, dem macht es die Braunschweiger Innenstadt mit ihren kurzen Wegen leicht.<\/p>\n\n\n\n\n<div class=\"banner-wrapper\">\n  <div class=\"banner-inner \">\n      <div class=\"img-container\">\n      <div class=\"img-wrapper\">\n        <img decoding=\"async\" src=\"https:\/\/9staedte.de\/wp-content\/smush-webp\/2022\/03\/Braunschweig-Magniviertel-c-Braunschweig-Stadtmarketing-Christian-Bierwagen.jpg.webp\" alt=\"Billedet viser Magniviertel i Braunschweig. Til h\u00f8jre er smukke gamle huse med mange vinduer. Nedenfor er der en caf\u00e9 med borde og stole udenfor. Folk g\u00e5r rundt p\u00e5 gaden. Gaden er belagt med sm\u00e5 sten. Til venstre st\u00e5r et stort tr\u00e6 med gr\u00f8nne blade. Stemningen er rolig og venlig. Det ser ud til at v\u00e6re en dejlig dag.\" \/>\n                  <div class=\"thumbnail-label\">\n            <span>Braunschweig Magniviertel c) Braunschweig Stadtmarketing Christian Bierwagen<\/span>\n          <\/div>\n              <\/div>\n    <\/div>\n        <div class=\"text-container\">\n      <div class=\"content\">\n        <h2>9 Tipps rund ums Einkaufen und Ausgehen in Braunschweig<\/h2>\n<ul>\n<li><a href=\"https:\/\/www.braunschweig.de\/leben\/innenstadt\/einkaufserlebnis\/index.php\">Stadtgutschein Braunschweig<\/a><\/li>\n<li>Fu\u00dfg\u00e4ngerzone mit vielen Fachgesch\u00e4ften, inhabergef\u00fchrten L\u00e4den und den f\u00fchrenden Filialisten<\/li>\n<li>Einkaufen in den Schloss Arkaden<\/li>\n<li>Einkaufen und Ausgehen mit besonderem Charme im mittelalterlichen Magniviertel<\/li>\n<li>Zahlreiche Caf\u00e9s am Fluss Oker laden zum Verweilen mitten in der Innenstadt ein<\/li>\n<li>Auszeit nehmen vom urbanen Einkaufstrubel in einem der zahlreichen innerst\u00e4dtischen Museen<\/li>\n<li>Lebendige Kneipenszene im Univiertel<\/li>\n<li>Aus zahlreichen Ausgeh-Tipps ausw\u00e4hlen:\u00a0<a href=\"http:\/\/www.braunschweig.de\/veranstaltungen\" target=\"_blank\" rel=\"noopener\">www.braunschweig.de\/veranstaltungen<\/a><\/li>\n<li>Auch unterwegs immer besten informiert,\u00a0<abbr lang=\"de\" title=\"z.B.\" xml:lang=\"de\">zum Beispiel<\/abbr>\u00a0\u00fcber freie Parkpl\u00e4tze: m.braunschweig.de<\/li>\n<\/ul>\n      <\/div>\n    <\/div>\n    <\/div>\n<\/div>\n\n","protected":false},"excerpt":{"rendered":"<p>Entdecken Sie die Shoppingmetropole Braunschweig Besuchen Sie die Innenstadt oder die kleinen L\u00e4den und lassen Sie sich inspirieren von der Shoppingmetropole Braunschweig. Der Fluss Oker umrundet die gesamte Braunschweiger Innenstadt \u2013 von Westen nach Osten liegen gerade einmal zwei Kilometer dazwischen. Zwei Kilometer, die zum Bummeln, zum Verweilen, zum St\u00f6bern oder zum Einkaufsrausch einladen. Besucher [&hellip;]<\/p>\n","protected":false},"author":1,"featured_media":11712,"parent":12525,"menu_order":0,"comment_status":"closed","ping_status":"closed","template":"pagetemplates\/template-stadtthema.php","meta":{"_acf_changed":false,"footnotes":""},"categories":[],"tags":[],"ncap_cities_tax":[420,756],"class_list":["post-12526","page","type-page","status-publish","has-post-thumbnail","hentry","ncap_cities_tax-braunschweig-da","ncap_cities_tax-shopping-und-ausgehen-braunschweig-da"],"acf":[],"yoast_head":"<!-- This site is optimized with the Yoast SEO plugin v27.4 - https:\/\/yoast.com\/product\/yoast-seo-wordpress\/ -->\n<title>Shopping og g\u00e5 ud i Braunschweig - 9 St\u00e4dte in Niedersachsen<\/title>\n<meta name=\"robots\" content=\"index, follow, max-snippet:-1, max-image-preview:large, max-video-preview:-1\" \/>\n<link rel=\"canonical\" href=\"https:\/\/9staedte.de\/da\/braunschweig-loevernes-by\/shopping-og-gaa-ud-i-braunschweig\/\" \/>\n<meta property=\"og:locale\" content=\"da_DK\" \/>\n<meta property=\"og:type\" content=\"article\" \/>\n<meta property=\"og:title\" content=\"Shopping og g\u00e5 ud i Braunschweig - 9 St\u00e4dte in Niedersachsen\" \/>\n<meta property=\"og:description\" content=\"Entdecken Sie die Shoppingmetropole Braunschweig Besuchen Sie die Innenstadt oder die kleinen L\u00e4den und lassen Sie sich inspirieren von der Shoppingmetropole Braunschweig. Der Fluss Oker umrundet die gesamte Braunschweiger Innenstadt \u2013 von Westen nach Osten liegen gerade einmal zwei Kilometer dazwischen. Zwei Kilometer, die zum Bummeln, zum Verweilen, zum St\u00f6bern oder zum Einkaufsrausch einladen. Besucher [&hellip;]\" \/>\n<meta property=\"og:url\" content=\"https:\/\/9staedte.de\/da\/braunschweig-loevernes-by\/shopping-og-gaa-ud-i-braunschweig\/\" \/>\n<meta property=\"og:site_name\" content=\"9 St\u00e4dte in Niedersachsen\" \/>\n<meta property=\"article:modified_time\" content=\"2024-08-30T07:44:08+00:00\" \/>\n<meta property=\"og:image\" content=\"https:\/\/9staedte.de\/wp-content\/uploads\/2022\/03\/Einkaufsstadt-Braunschweig-c-Braunschweig-Stadtmarketing-Gramann.jpg\" \/>\n\t<meta property=\"og:image:width\" content=\"1021\" \/>\n\t<meta property=\"og:image:height\" content=\"559\" \/>\n\t<meta property=\"og:image:type\" content=\"image\/jpeg\" \/>\n<meta name=\"twitter:card\" content=\"summary_large_image\" \/>\n<meta name=\"twitter:label1\" content=\"Estimeret l\u00e6setid\" \/>\n\t<meta name=\"twitter:data1\" content=\"1 minut\" \/>\n<script type=\"application\/ld+json\" class=\"yoast-schema-graph\">{\"@context\":\"https:\\\/\\\/schema.org\",\"@graph\":[{\"@type\":\"WebPage\",\"@id\":\"https:\\\/\\\/9staedte.de\\\/da\\\/braunschweig-loevernes-by\\\/shopping-og-gaa-ud-i-braunschweig\\\/\",\"url\":\"https:\\\/\\\/9staedte.de\\\/da\\\/braunschweig-loevernes-by\\\/shopping-og-gaa-ud-i-braunschweig\\\/\",\"name\":\"Shopping og g\u00e5 ud i Braunschweig - 9 St\u00e4dte in Niedersachsen\",\"isPartOf\":{\"@id\":\"https:\\\/\\\/9staedte.de\\\/da\\\/#website\"},\"primaryImageOfPage\":{\"@id\":\"https:\\\/\\\/9staedte.de\\\/da\\\/braunschweig-loevernes-by\\\/shopping-og-gaa-ud-i-braunschweig\\\/#primaryimage\"},\"image\":{\"@id\":\"https:\\\/\\\/9staedte.de\\\/da\\\/braunschweig-loevernes-by\\\/shopping-og-gaa-ud-i-braunschweig\\\/#primaryimage\"},\"thumbnailUrl\":\"https:\\\/\\\/9staedte.de\\\/wp-content\\\/uploads\\\/2022\\\/03\\\/Einkaufsstadt-Braunschweig-c-Braunschweig-Stadtmarketing-Gramann.jpg\",\"datePublished\":\"2023-10-25T10:23:30+00:00\",\"dateModified\":\"2024-08-30T07:44:08+00:00\",\"breadcrumb\":{\"@id\":\"https:\\\/\\\/9staedte.de\\\/da\\\/braunschweig-loevernes-by\\\/shopping-og-gaa-ud-i-braunschweig\\\/#breadcrumb\"},\"inLanguage\":\"da-DK\",\"potentialAction\":[{\"@type\":\"ReadAction\",\"target\":[\"https:\\\/\\\/9staedte.de\\\/da\\\/braunschweig-loevernes-by\\\/shopping-og-gaa-ud-i-braunschweig\\\/\"]}]},{\"@type\":\"ImageObject\",\"inLanguage\":\"da-DK\",\"@id\":\"https:\\\/\\\/9staedte.de\\\/da\\\/braunschweig-loevernes-by\\\/shopping-og-gaa-ud-i-braunschweig\\\/#primaryimage\",\"url\":\"https:\\\/\\\/9staedte.de\\\/wp-content\\\/uploads\\\/2022\\\/03\\\/Einkaufsstadt-Braunschweig-c-Braunschweig-Stadtmarketing-Gramann.jpg\",\"contentUrl\":\"https:\\\/\\\/9staedte.de\\\/wp-content\\\/uploads\\\/2022\\\/03\\\/Einkaufsstadt-Braunschweig-c-Braunschweig-Stadtmarketing-Gramann.jpg\",\"width\":1021,\"height\":559,\"caption\":\"Einkaufsstadt Braunschweig c) Braunschweig Stadtmarketing Gramann\"},{\"@type\":\"BreadcrumbList\",\"@id\":\"https:\\\/\\\/9staedte.de\\\/da\\\/braunschweig-loevernes-by\\\/shopping-og-gaa-ud-i-braunschweig\\\/#breadcrumb\",\"itemListElement\":[{\"@type\":\"ListItem\",\"position\":1,\"name\":\"Startseite\",\"item\":\"https:\\\/\\\/9staedte.de\\\/da\\\/hjem-9-byer-2-i-niedersachsen\\\/\"},{\"@type\":\"ListItem\",\"position\":2,\"name\":\"Braunschweig &#8211; City of Lions\",\"item\":\"https:\\\/\\\/9staedte.de\\\/da\\\/braunschweig-loevernes-by\\\/\"},{\"@type\":\"ListItem\",\"position\":3,\"name\":\"Shopping og g\u00e5 ud i Braunschweig\"}]},{\"@type\":\"WebSite\",\"@id\":\"https:\\\/\\\/9staedte.de\\\/da\\\/#website\",\"url\":\"https:\\\/\\\/9staedte.de\\\/da\\\/\",\"name\":\"9 St\u00e4dte in Niedersachsen\",\"description\":\"\",\"publisher\":{\"@id\":\"https:\\\/\\\/9staedte.de\\\/da\\\/#organization\"},\"potentialAction\":[{\"@type\":\"SearchAction\",\"target\":{\"@type\":\"EntryPoint\",\"urlTemplate\":\"https:\\\/\\\/9staedte.de\\\/da\\\/?s={search_term_string}\"},\"query-input\":{\"@type\":\"PropertyValueSpecification\",\"valueRequired\":true,\"valueName\":\"search_term_string\"}}],\"inLanguage\":\"da-DK\"},{\"@type\":\"Organization\",\"@id\":\"https:\\\/\\\/9staedte.de\\\/da\\\/#organization\",\"name\":\"9 St\u00e4dte in Niedersachsen\",\"url\":\"https:\\\/\\\/9staedte.de\\\/da\\\/\",\"logo\":{\"@type\":\"ImageObject\",\"inLanguage\":\"da-DK\",\"@id\":\"https:\\\/\\\/9staedte.de\\\/da\\\/#\\\/schema\\\/logo\\\/image\\\/\",\"url\":\"https:\\\/\\\/9staedte.de\\\/wp-content\\\/uploads\\\/2025\\\/01\\\/9-neg-deutsch-2-1.png\",\"contentUrl\":\"https:\\\/\\\/9staedte.de\\\/wp-content\\\/uploads\\\/2025\\\/01\\\/9-neg-deutsch-2-1.png\",\"width\":190,\"height\":114,\"caption\":\"9 St\u00e4dte in Niedersachsen\"},\"image\":{\"@id\":\"https:\\\/\\\/9staedte.de\\\/da\\\/#\\\/schema\\\/logo\\\/image\\\/\"}}]}<\/script>\n<!-- \/ Yoast SEO plugin. -->","yoast_head_json":{"title":"Shopping og g\u00e5 ud i Braunschweig - 9 St\u00e4dte in Niedersachsen","robots":{"index":"index","follow":"follow","max-snippet":"max-snippet:-1","max-image-preview":"max-image-preview:large","max-video-preview":"max-video-preview:-1"},"canonical":"https:\/\/9staedte.de\/da\/braunschweig-loevernes-by\/shopping-og-gaa-ud-i-braunschweig\/","og_locale":"da_DK","og_type":"article","og_title":"Shopping og g\u00e5 ud i Braunschweig - 9 St\u00e4dte in Niedersachsen","og_description":"Entdecken Sie die Shoppingmetropole Braunschweig Besuchen Sie die Innenstadt oder die kleinen L\u00e4den und lassen Sie sich inspirieren von der Shoppingmetropole Braunschweig. Der Fluss Oker umrundet die gesamte Braunschweiger Innenstadt \u2013 von Westen nach Osten liegen gerade einmal zwei Kilometer dazwischen. Zwei Kilometer, die zum Bummeln, zum Verweilen, zum St\u00f6bern oder zum Einkaufsrausch einladen. Besucher [&hellip;]","og_url":"https:\/\/9staedte.de\/da\/braunschweig-loevernes-by\/shopping-og-gaa-ud-i-braunschweig\/","og_site_name":"9 St\u00e4dte in Niedersachsen","article_modified_time":"2024-08-30T07:44:08+00:00","og_image":[{"width":1021,"height":559,"url":"https:\/\/9staedte.de\/wp-content\/uploads\/2022\/03\/Einkaufsstadt-Braunschweig-c-Braunschweig-Stadtmarketing-Gramann.jpg","type":"image\/jpeg"}],"twitter_card":"summary_large_image","twitter_misc":{"Estimeret l\u00e6setid":"1 minut"},"schema":{"@context":"https:\/\/schema.org","@graph":[{"@type":"WebPage","@id":"https:\/\/9staedte.de\/da\/braunschweig-loevernes-by\/shopping-og-gaa-ud-i-braunschweig\/","url":"https:\/\/9staedte.de\/da\/braunschweig-loevernes-by\/shopping-og-gaa-ud-i-braunschweig\/","name":"Shopping og g\u00e5 ud i Braunschweig - 9 St\u00e4dte in Niedersachsen","isPartOf":{"@id":"https:\/\/9staedte.de\/da\/#website"},"primaryImageOfPage":{"@id":"https:\/\/9staedte.de\/da\/braunschweig-loevernes-by\/shopping-og-gaa-ud-i-braunschweig\/#primaryimage"},"image":{"@id":"https:\/\/9staedte.de\/da\/braunschweig-loevernes-by\/shopping-og-gaa-ud-i-braunschweig\/#primaryimage"},"thumbnailUrl":"https:\/\/9staedte.de\/wp-content\/uploads\/2022\/03\/Einkaufsstadt-Braunschweig-c-Braunschweig-Stadtmarketing-Gramann.jpg","datePublished":"2023-10-25T10:23:30+00:00","dateModified":"2024-08-30T07:44:08+00:00","breadcrumb":{"@id":"https:\/\/9staedte.de\/da\/braunschweig-loevernes-by\/shopping-og-gaa-ud-i-braunschweig\/#breadcrumb"},"inLanguage":"da-DK","potentialAction":[{"@type":"ReadAction","target":["https:\/\/9staedte.de\/da\/braunschweig-loevernes-by\/shopping-og-gaa-ud-i-braunschweig\/"]}]},{"@type":"ImageObject","inLanguage":"da-DK","@id":"https:\/\/9staedte.de\/da\/braunschweig-loevernes-by\/shopping-og-gaa-ud-i-braunschweig\/#primaryimage","url":"https:\/\/9staedte.de\/wp-content\/uploads\/2022\/03\/Einkaufsstadt-Braunschweig-c-Braunschweig-Stadtmarketing-Gramann.jpg","contentUrl":"https:\/\/9staedte.de\/wp-content\/uploads\/2022\/03\/Einkaufsstadt-Braunschweig-c-Braunschweig-Stadtmarketing-Gramann.jpg","width":1021,"height":559,"caption":"Einkaufsstadt Braunschweig c) Braunschweig Stadtmarketing Gramann"},{"@type":"BreadcrumbList","@id":"https:\/\/9staedte.de\/da\/braunschweig-loevernes-by\/shopping-og-gaa-ud-i-braunschweig\/#breadcrumb","itemListElement":[{"@type":"ListItem","position":1,"name":"Startseite","item":"https:\/\/9staedte.de\/da\/hjem-9-byer-2-i-niedersachsen\/"},{"@type":"ListItem","position":2,"name":"Braunschweig &#8211; City of Lions","item":"https:\/\/9staedte.de\/da\/braunschweig-loevernes-by\/"},{"@type":"ListItem","position":3,"name":"Shopping og g\u00e5 ud i Braunschweig"}]},{"@type":"WebSite","@id":"https:\/\/9staedte.de\/da\/#website","url":"https:\/\/9staedte.de\/da\/","name":"9 St\u00e4dte in Niedersachsen","description":"","publisher":{"@id":"https:\/\/9staedte.de\/da\/#organization"},"potentialAction":[{"@type":"SearchAction","target":{"@type":"EntryPoint","urlTemplate":"https:\/\/9staedte.de\/da\/?s={search_term_string}"},"query-input":{"@type":"PropertyValueSpecification","valueRequired":true,"valueName":"search_term_string"}}],"inLanguage":"da-DK"},{"@type":"Organization","@id":"https:\/\/9staedte.de\/da\/#organization","name":"9 St\u00e4dte in Niedersachsen","url":"https:\/\/9staedte.de\/da\/","logo":{"@type":"ImageObject","inLanguage":"da-DK","@id":"https:\/\/9staedte.de\/da\/#\/schema\/logo\/image\/","url":"https:\/\/9staedte.de\/wp-content\/uploads\/2025\/01\/9-neg-deutsch-2-1.png","contentUrl":"https:\/\/9staedte.de\/wp-content\/uploads\/2025\/01\/9-neg-deutsch-2-1.png","width":190,"height":114,"caption":"9 St\u00e4dte in Niedersachsen"},"image":{"@id":"https:\/\/9staedte.de\/da\/#\/schema\/logo\/image\/"}}]}},"_links":{"self":[{"href":"https:\/\/9staedte.de\/da\/wp-json\/wp\/v2\/pages\/12526","targetHints":{"allow":["GET"]}}],"collection":[{"href":"https:\/\/9staedte.de\/da\/wp-json\/wp\/v2\/pages"}],"about":[{"href":"https:\/\/9staedte.de\/da\/wp-json\/wp\/v2\/types\/page"}],"author":[{"embeddable":true,"href":"https:\/\/9staedte.de\/da\/wp-json\/wp\/v2\/users\/1"}],"replies":[{"embeddable":true,"href":"https:\/\/9staedte.de\/da\/wp-json\/wp\/v2\/comments?post=12526"}],"version-history":[{"count":26,"href":"https:\/\/9staedte.de\/da\/wp-json\/wp\/v2\/pages\/12526\/revisions"}],"predecessor-version":[{"id":23572,"href":"https:\/\/9staedte.de\/da\/wp-json\/wp\/v2\/pages\/12526\/revisions\/23572"}],"up":[{"embeddable":true,"href":"https:\/\/9staedte.de\/da\/wp-json\/wp\/v2\/pages\/12525"}],"wp:featuredmedia":[{"embeddable":true,"href":"https:\/\/9staedte.de\/da\/wp-json\/wp\/v2\/media\/11712"}],"wp:attachment":[{"href":"https:\/\/9staedte.de\/da\/wp-json\/wp\/v2\/media?parent=12526"}],"wp:term":[{"taxonomy":"category","embeddable":true,"href":"https:\/\/9staedte.de\/da\/wp-json\/wp\/v2\/categories?post=12526"},{"taxonomy":"post_tag","embeddable":true,"href":"https:\/\/9staedte.de\/da\/wp-json\/wp\/v2\/tags?post=12526"},{"taxonomy":"ncap_cities_tax","embeddable":true,"href":"https:\/\/9staedte.de\/da\/wp-json\/wp\/v2\/ncap_cities_tax?post=12526"}],"curies":[{"name":"wp","href":"https:\/\/api.w.org\/{rel}","templated":true}]}}