{"id":12525,"date":"2023-10-25T12:18:39","date_gmt":"2023-10-25T10:18:39","guid":{"rendered":"https:\/\/9staedte.de\/braunschweig-loevernes-by\/"},"modified":"2025-07-31T09:38:25","modified_gmt":"2025-07-31T07:38:25","slug":"braunschweig-loevernes-by","status":"publish","type":"page","link":"https:\/\/9staedte.de\/da\/braunschweig-loevernes-by\/","title":{"rendered":"Braunschweig &#8211; City of Lions"},"content":{"rendered":"\n<h2 class=\"wp-block-heading\">Pulserende by med historie<\/h2>\n\n\n\n<p>En storbys mangfoldige muligheder, indlejret i en rig historie &#8211; i Braunschweig kan du opleve en masse inden for kort afstand: Kulturelle oplevelser i topklasse, begivenhedsh\u00f8jdepunkter p\u00e5 alle tider af \u00e5ret og varierede fritidsmuligheder fylder det historiske bybillede med livsstilen fra en pulserende metropol. P\u00e5 Burgplatz kan du stadig m\u00e6rke den middelalderlige flair, mere end 4.000 v\u00e6rker fra 3.000 \u00e5rs kunsthistorie venter p\u00e5 dig i Herzog Anton Ulrich Museum, og den alsidige bymidte inviterer dig til at shoppe. De gr\u00f8nne oaser langs den indre bys flod Oker byder p\u00e5 afslapning.<\/p>\n\n\n\n<p><\/p>\n\n\n\n<p><a href=\"http:\/\/www.braunschweig.de\/tourismus\">www.braunschweig.de\/tourismus<\/a><\/p>\n\n\n\n<p><\/p>\n\n\n\n\n<div class=\"banner-wrapper\">\n  <div class=\"banner-inner \">\n      <div class=\"img-container\">\n      <div class=\"img-wrapper\">\n        <img decoding=\"async\" src=\"https:\/\/9staedte.de\/wp-content\/smush-webp\/2023\/02\/Braunschweig-Schloss-c-Braunschweig-Stadtmarketing-Christian-Bierwagen.jpg.webp\" alt=\"Billedet viser residensslottet i Braunschweig om aftenen. Slottet er stort og smukt oplyst. Foran bygningen st\u00e5r en rytterstatue. Himlen er bl\u00e5 med mange skyer. Der k\u00f8rer biler p\u00e5 vejen, og deres lys tr\u00e6kker striber. Stemningen er rolig og h\u00f8jtidelig.\" \/>\n                  <div class=\"thumbnail-label\">\n            <span>Braunschweig Residenschloss c) Braunschweig Stadtmarketing Christian Bierwagen<\/span>\n          <\/div>\n              <\/div>\n    <\/div>\n        <div class=\"text-container\">\n      <div class=\"content\">\n        <p><strong>S\u00e4rskilda tips:<\/strong><\/p>\n<ul>\n<li>Bes\u00f6k den statliga teatern eller en av de m\u00e5nga sm\u00e5 teatrarna<\/li>\n<li>Njut av naturen runt Oker p\u00e5 en promenad<\/li>\n<li>Ta en guidad flottf\u00e4rd eller kanottur under de varmare m\u00e5naderna<\/li>\n<li>Uppt\u00e4ck staden p\u00e5 en guidad tur<\/li>\n<li>Upplev historia och kultur p\u00e5 n\u00e4ra h\u00e5ll p\u00e5 v\u00e4lk\u00e4nda museer<\/li>\n<li>Strosa \u00f6ver den traditionella julmarknaden i historiska omgivningar under adventstiden<\/li>\n<\/ul>\n      <\/div>\n    <\/div>\n    <\/div>\n<\/div>\n\n\n\n\n<div style=\"height:30px\" aria-hidden=\"true\" class=\"wp-block-spacer\"><\/div>\n\n\n\n<div class=\"wp-block-columns is-layout-flex wp-container-core-columns-is-layout-9d6595d7 wp-block-columns-is-layout-flex\">\n<div class=\"wp-block-column is-layout-flow wp-block-column-is-layout-flow\" style=\"flex-basis:66.66%\">\n <div class=\"brlbs-cmpnt-container brlbs-cmpnt-content-blocker brlbs-cmpnt-with-individual-styles\" data-borlabs-cookie-content-blocker-id=\"google-maps\" data-borlabs-cookie-content=\"PGlmcmFtZSBzcmM9Imh0dHBzOi8vd3d3Lmdvb2dsZS5jb20vbWFwcy9kL2VtYmVkP21pZD0xVUhGU181Zkw2aUhISy1qbXdmMHhVTkNtQU9XY1lsQSZhbXA7ZWhiYz0yRTMxMkYiIHdpZHRoPSIxMDAlIiBoZWlnaHQ9IjQ1MCI+PC9pZnJhbWU+\"><div class=\"brlbs-cmpnt-cb-preset-b brlbs-cmpnt-cb-google-maps\"> <div class=\"brlbs-cmpnt-cb-thumbnail\" style=\"background-image: url('https:\/\/9staedte.de\/wp-content\/uploads\/borlabs-cookie\/1\/brlbs-cb-google-maps-main.png')\"><\/div> <div class=\"brlbs-cmpnt-cb-main\"> <div class=\"brlbs-cmpnt-cb-content\"> <p class=\"brlbs-cmpnt-cb-description\">You are currently viewing a placeholder content from <strong>Google Maps<\/strong>. To access the actual content, click the button below. Please note that doing so will share data with third-party providers.<\/p> <a class=\"brlbs-cmpnt-cb-provider-toggle\" href=\"#\" data-borlabs-cookie-show-provider-information role=\"button\">More Information<\/a> <\/div> <div class=\"brlbs-cmpnt-cb-buttons\"> <a class=\"brlbs-cmpnt-cb-btn\" href=\"#\" data-borlabs-cookie-unblock role=\"button\">Unblock content<\/a> <a class=\"brlbs-cmpnt-cb-btn\" href=\"#\" data-borlabs-cookie-accept-service role=\"button\" style=\"display: inherit\">Accept required service and unblock content<\/a> <\/div> <\/div> <\/div><\/div>\n<\/div>\n\n\n\n<div class=\"wp-block-column is-layout-flow wp-block-column-is-layout-flow\">\n<p><strong>Steder af interesse:<\/strong><\/p>\n\n\n\n<ul class=\"map-legend main-legend wp-block-list\">\n<li>Slotspladsen med Slotsl\u00f8ven, Dankwarderode Slot og Skt. Blasii-katedralen  <\/li>\n\n\n\n<li class=\"legend\">Residence Palace, Quadriga og Palace Museum  <\/li>\n\n\n\n<li>Hertug Anton Ulrich Museum <\/li>\n\n\n\n<li>Magniviertel med kommunalt museum &#8211; Haus am L\u00f6wenwall  <\/li>\n\n\n\n<li>Alsidig bymidte med indbydende pladser  <\/li>\n\n\n\n<li>Den gamle bys marked med bymuseum &#8211; Det gamle r\u00e5dhus  <\/li>\n\n\n\n<li>Oker og Botanisk Have  <\/li>\n\n\n\n<li>Richmond Castle med engelsk landskabshave  <\/li>\n\n\n\n<li>Naturvandring omkring cistercienserklosteret i Riddagshausen<\/li>\n<\/ul>\n<\/div>\n<\/div>\n\n\n\n<div style=\"height:60px\" aria-hidden=\"true\" class=\"wp-block-spacer\"><\/div>\n\n\n\n<div class=\"content-grid\">\n\n\n  \n  <div class=\"grid\">\n                        \n                    \n          <div class=\"featured-themen-single\">\n            <div class=\"featured-themen-single-inner\" style=\"background-image: url('https:\/\/9staedte.de\/wp-content\/smush-webp\/2024\/04\/Braunschweig-Stadtspaziergang-\u00a9-Braunschweig-Stadtmarketing-GmbH-Moritz-Kuestner.jpg.webp')\">\n              \n              <a href=\"https:\/\/9staedte.de\/da\/braunschweig-loevernes-by\/guidede-byrundture-i-braunschweig\/\">\n                <span>Guidede byrundture i Braunschweig<\/span>\n              <\/a>\n            <\/div>\n          <\/div>\n    \n          \n                  \n                    \n          <div class=\"featured-themen-single\">\n            <div class=\"featured-themen-single-inner\" style=\"background-image: url('https:\/\/9staedte.de\/wp-content\/smush-webp\/2023\/01\/Burgplatz-bei-Nacht-c-Braunschweig-Stadtmarketing-Steffen-und-Bach.jpg.webp')\">\n              \n              <a href=\"https:\/\/9staedte.de\/da\/braunschweig-loevernes-by\/overnatning-i-braunschweig\/\">\n                <span>Overnatning i Braunschweig<\/span>\n              <\/a>\n            <\/div>\n          <\/div>\n    \n          \n                  \n                    \n          <div class=\"featured-themen-single\">\n            <div class=\"featured-themen-single-inner\" style=\"background-image: url('https:\/\/9staedte.de\/wp-content\/smush-webp\/2023\/10\/Braunschweig-Weihnachtsmarkt-c-Braunschweig-Stadtmarketing-Philipp-Ziebart.jpg.webp')\">\n              \n              <a href=\"https:\/\/9staedte.de\/da\/braunschweig-loevernes-by\/julemarked-i-braunschweig\/\">\n                <span>Julemarked i Braunschweig<\/span>\n              <\/a>\n            <\/div>\n          <\/div>\n    \n          \n                  \n                    \n          <div class=\"featured-themen-single\">\n            <div class=\"featured-themen-single-inner\" style=\"background-image: url('https:\/\/9staedte.de\/wp-content\/smush-webp\/2022\/03\/Braunschweig_Landesmuseum-c-Braunschweig-Stadtmarketing-GmbH-Gerald-Grote.jpg.webp')\">\n              \n              <a href=\"https:\/\/9staedte.de\/da\/braunschweig-loevernes-by\/museer-og-udstillinger-i-braunschweig\/\">\n                <span>Museer og udstillinger i Braunschweig<\/span>\n              <\/a>\n            <\/div>\n          <\/div>\n    \n          \n                  \n                    \n          <div class=\"featured-themen-single\">\n            <div class=\"featured-themen-single-inner\" style=\"background-image: url('https:\/\/9staedte.de\/wp-content\/smush-webp\/2022\/02\/Braunschweig-Burgplatz-c-Braunschweig-Stadtmarketing-_Steffen-und-Bach.jpg.webp')\">\n              \n              <a href=\"https:\/\/9staedte.de\/da\/braunschweig-loevernes-by\/indtryk-fra-braunschweig\/\">\n                <span>Indtryk fra Braunschweig<\/span>\n              <\/a>\n            <\/div>\n          <\/div>\n    \n          \n                          \n        <\/div>\n<\/div>","protected":false},"excerpt":{"rendered":"<p>Pulserende by med historie En storbys mangfoldige muligheder, indlejret i en rig historie &#8211; i Braunschweig kan du opleve en masse inden for kort afstand: Kulturelle oplevelser i topklasse, begivenhedsh\u00f8jdepunkter p\u00e5 alle tider af \u00e5ret og varierede fritidsmuligheder fylder det historiske bybillede med livsstilen fra en pulserende metropol. P\u00e5 Burgplatz kan du stadig m\u00e6rke den [&hellip;]<\/p>\n","protected":false},"author":1,"featured_media":11460,"parent":0,"menu_order":0,"comment_status":"closed","ping_status":"closed","template":"pagetemplates\/template-stadtseite.php","meta":{"_acf_changed":false,"footnotes":""},"categories":[],"tags":[],"ncap_cities_tax":[420],"class_list":["post-12525","page","type-page","status-publish","has-post-thumbnail","hentry","ncap_cities_tax-braunschweig-da"],"acf":[],"yoast_head":"<!-- This site is optimized with the Yoast SEO plugin v27.4 - https:\/\/yoast.com\/product\/yoast-seo-wordpress\/ -->\n<title>Braunschweig - City of Lions - 9 St\u00e4dte in Niedersachsen<\/title>\n<meta name=\"description\" content=\"Braunschweig - en livlig by med historie, kulturelle oplevelser i topklasse og eventh\u00f8jdepunkter p\u00e5 alle \u00e5rstider.\" \/>\n<meta name=\"robots\" content=\"index, follow, max-snippet:-1, max-image-preview:large, max-video-preview:-1\" \/>\n<link rel=\"canonical\" href=\"https:\/\/9staedte.de\/da\/braunschweig-loevernes-by\/\" \/>\n<meta property=\"og:locale\" content=\"da_DK\" \/>\n<meta property=\"og:type\" content=\"article\" \/>\n<meta property=\"og:title\" content=\"Braunschweig - City of Lions - 9 St\u00e4dte in Niedersachsen\" \/>\n<meta property=\"og:description\" content=\"Braunschweig - en livlig by med historie, kulturelle oplevelser i topklasse og eventh\u00f8jdepunkter p\u00e5 alle \u00e5rstider.\" \/>\n<meta property=\"og:url\" content=\"https:\/\/9staedte.de\/da\/braunschweig-loevernes-by\/\" \/>\n<meta property=\"og:site_name\" content=\"9 St\u00e4dte in Niedersachsen\" \/>\n<meta property=\"article:modified_time\" content=\"2025-07-31T07:38:25+00:00\" \/>\n<meta property=\"og:image\" content=\"https:\/\/9staedte.de\/wp-content\/uploads\/2023\/07\/3-Braunschweig-Altstadtmarkt-c-BSM-Christian-Bierwagen-1.jpg\" \/>\n\t<meta property=\"og:image:width\" content=\"2500\" \/>\n\t<meta property=\"og:image:height\" content=\"1666\" \/>\n\t<meta property=\"og:image:type\" content=\"image\/jpeg\" \/>\n<meta name=\"twitter:card\" content=\"summary_large_image\" \/>\n<meta name=\"twitter:label1\" content=\"Estimeret l\u00e6setid\" \/>\n\t<meta name=\"twitter:data1\" content=\"2 minutter\" \/>\n<script type=\"application\/ld+json\" class=\"yoast-schema-graph\">{\"@context\":\"https:\\\/\\\/schema.org\",\"@graph\":[{\"@type\":\"WebPage\",\"@id\":\"https:\\\/\\\/9staedte.de\\\/da\\\/braunschweig-loevernes-by\\\/\",\"url\":\"https:\\\/\\\/9staedte.de\\\/da\\\/braunschweig-loevernes-by\\\/\",\"name\":\"Braunschweig - City of Lions - 9 St\u00e4dte in Niedersachsen\",\"isPartOf\":{\"@id\":\"https:\\\/\\\/9staedte.de\\\/da\\\/#website\"},\"primaryImageOfPage\":{\"@id\":\"https:\\\/\\\/9staedte.de\\\/da\\\/braunschweig-loevernes-by\\\/#primaryimage\"},\"image\":{\"@id\":\"https:\\\/\\\/9staedte.de\\\/da\\\/braunschweig-loevernes-by\\\/#primaryimage\"},\"thumbnailUrl\":\"https:\\\/\\\/9staedte.de\\\/wp-content\\\/uploads\\\/2023\\\/01\\\/Braunschweig-Oldtown-Market-c-Braunschweig-Stadtmarketing-Christian-Bierwagen-1.jpg\",\"datePublished\":\"2023-10-25T10:18:39+00:00\",\"dateModified\":\"2025-07-31T07:38:25+00:00\",\"description\":\"Braunschweig - en livlig by med historie, kulturelle oplevelser i topklasse og eventh\u00f8jdepunkter p\u00e5 alle \u00e5rstider.\",\"breadcrumb\":{\"@id\":\"https:\\\/\\\/9staedte.de\\\/da\\\/braunschweig-loevernes-by\\\/#breadcrumb\"},\"inLanguage\":\"da-DK\",\"potentialAction\":[{\"@type\":\"ReadAction\",\"target\":[\"https:\\\/\\\/9staedte.de\\\/da\\\/braunschweig-loevernes-by\\\/\"]}]},{\"@type\":\"ImageObject\",\"inLanguage\":\"da-DK\",\"@id\":\"https:\\\/\\\/9staedte.de\\\/da\\\/braunschweig-loevernes-by\\\/#primaryimage\",\"url\":\"https:\\\/\\\/9staedte.de\\\/wp-content\\\/uploads\\\/2023\\\/01\\\/Braunschweig-Oldtown-Market-c-Braunschweig-Stadtmarketing-Christian-Bierwagen-1.jpg\",\"contentUrl\":\"https:\\\/\\\/9staedte.de\\\/wp-content\\\/uploads\\\/2023\\\/01\\\/Braunschweig-Oldtown-Market-c-Braunschweig-Stadtmarketing-Christian-Bierwagen-1.jpg\",\"width\":1020,\"height\":560,\"caption\":\"Braunschweig Oldtown Market c) Braunschweig Stadtmarketing Christian Bierwagen\"},{\"@type\":\"BreadcrumbList\",\"@id\":\"https:\\\/\\\/9staedte.de\\\/da\\\/braunschweig-loevernes-by\\\/#breadcrumb\",\"itemListElement\":[{\"@type\":\"ListItem\",\"position\":1,\"name\":\"Startseite\",\"item\":\"https:\\\/\\\/9staedte.de\\\/da\\\/hjem-9-byer-2-i-niedersachsen\\\/\"},{\"@type\":\"ListItem\",\"position\":2,\"name\":\"Braunschweig &#8211; City of Lions\"}]},{\"@type\":\"WebSite\",\"@id\":\"https:\\\/\\\/9staedte.de\\\/da\\\/#website\",\"url\":\"https:\\\/\\\/9staedte.de\\\/da\\\/\",\"name\":\"9 St\u00e4dte in Niedersachsen\",\"description\":\"\",\"publisher\":{\"@id\":\"https:\\\/\\\/9staedte.de\\\/da\\\/#organization\"},\"potentialAction\":[{\"@type\":\"SearchAction\",\"target\":{\"@type\":\"EntryPoint\",\"urlTemplate\":\"https:\\\/\\\/9staedte.de\\\/da\\\/?s={search_term_string}\"},\"query-input\":{\"@type\":\"PropertyValueSpecification\",\"valueRequired\":true,\"valueName\":\"search_term_string\"}}],\"inLanguage\":\"da-DK\"},{\"@type\":\"Organization\",\"@id\":\"https:\\\/\\\/9staedte.de\\\/da\\\/#organization\",\"name\":\"9 St\u00e4dte in Niedersachsen\",\"url\":\"https:\\\/\\\/9staedte.de\\\/da\\\/\",\"logo\":{\"@type\":\"ImageObject\",\"inLanguage\":\"da-DK\",\"@id\":\"https:\\\/\\\/9staedte.de\\\/da\\\/#\\\/schema\\\/logo\\\/image\\\/\",\"url\":\"https:\\\/\\\/9staedte.de\\\/wp-content\\\/uploads\\\/2025\\\/01\\\/9-neg-deutsch-2-1.png\",\"contentUrl\":\"https:\\\/\\\/9staedte.de\\\/wp-content\\\/uploads\\\/2025\\\/01\\\/9-neg-deutsch-2-1.png\",\"width\":190,\"height\":114,\"caption\":\"9 St\u00e4dte in Niedersachsen\"},\"image\":{\"@id\":\"https:\\\/\\\/9staedte.de\\\/da\\\/#\\\/schema\\\/logo\\\/image\\\/\"}}]}<\/script>\n<!-- \/ Yoast SEO plugin. -->","yoast_head_json":{"title":"Braunschweig - City of Lions - 9 St\u00e4dte in Niedersachsen","description":"Braunschweig - en livlig by med historie, kulturelle oplevelser i topklasse og eventh\u00f8jdepunkter p\u00e5 alle \u00e5rstider.","robots":{"index":"index","follow":"follow","max-snippet":"max-snippet:-1","max-image-preview":"max-image-preview:large","max-video-preview":"max-video-preview:-1"},"canonical":"https:\/\/9staedte.de\/da\/braunschweig-loevernes-by\/","og_locale":"da_DK","og_type":"article","og_title":"Braunschweig - City of Lions - 9 St\u00e4dte in Niedersachsen","og_description":"Braunschweig - en livlig by med historie, kulturelle oplevelser i topklasse og eventh\u00f8jdepunkter p\u00e5 alle \u00e5rstider.","og_url":"https:\/\/9staedte.de\/da\/braunschweig-loevernes-by\/","og_site_name":"9 St\u00e4dte in Niedersachsen","article_modified_time":"2025-07-31T07:38:25+00:00","og_image":[{"width":2500,"height":1666,"url":"https:\/\/9staedte.de\/wp-content\/uploads\/2023\/07\/3-Braunschweig-Altstadtmarkt-c-BSM-Christian-Bierwagen-1.jpg","type":"image\/jpeg"}],"twitter_card":"summary_large_image","twitter_misc":{"Estimeret l\u00e6setid":"2 minutter"},"schema":{"@context":"https:\/\/schema.org","@graph":[{"@type":"WebPage","@id":"https:\/\/9staedte.de\/da\/braunschweig-loevernes-by\/","url":"https:\/\/9staedte.de\/da\/braunschweig-loevernes-by\/","name":"Braunschweig - City of Lions - 9 St\u00e4dte in Niedersachsen","isPartOf":{"@id":"https:\/\/9staedte.de\/da\/#website"},"primaryImageOfPage":{"@id":"https:\/\/9staedte.de\/da\/braunschweig-loevernes-by\/#primaryimage"},"image":{"@id":"https:\/\/9staedte.de\/da\/braunschweig-loevernes-by\/#primaryimage"},"thumbnailUrl":"https:\/\/9staedte.de\/wp-content\/uploads\/2023\/01\/Braunschweig-Oldtown-Market-c-Braunschweig-Stadtmarketing-Christian-Bierwagen-1.jpg","datePublished":"2023-10-25T10:18:39+00:00","dateModified":"2025-07-31T07:38:25+00:00","description":"Braunschweig - en livlig by med historie, kulturelle oplevelser i topklasse og eventh\u00f8jdepunkter p\u00e5 alle \u00e5rstider.","breadcrumb":{"@id":"https:\/\/9staedte.de\/da\/braunschweig-loevernes-by\/#breadcrumb"},"inLanguage":"da-DK","potentialAction":[{"@type":"ReadAction","target":["https:\/\/9staedte.de\/da\/braunschweig-loevernes-by\/"]}]},{"@type":"ImageObject","inLanguage":"da-DK","@id":"https:\/\/9staedte.de\/da\/braunschweig-loevernes-by\/#primaryimage","url":"https:\/\/9staedte.de\/wp-content\/uploads\/2023\/01\/Braunschweig-Oldtown-Market-c-Braunschweig-Stadtmarketing-Christian-Bierwagen-1.jpg","contentUrl":"https:\/\/9staedte.de\/wp-content\/uploads\/2023\/01\/Braunschweig-Oldtown-Market-c-Braunschweig-Stadtmarketing-Christian-Bierwagen-1.jpg","width":1020,"height":560,"caption":"Braunschweig Oldtown Market c) Braunschweig Stadtmarketing Christian Bierwagen"},{"@type":"BreadcrumbList","@id":"https:\/\/9staedte.de\/da\/braunschweig-loevernes-by\/#breadcrumb","itemListElement":[{"@type":"ListItem","position":1,"name":"Startseite","item":"https:\/\/9staedte.de\/da\/hjem-9-byer-2-i-niedersachsen\/"},{"@type":"ListItem","position":2,"name":"Braunschweig &#8211; City of Lions"}]},{"@type":"WebSite","@id":"https:\/\/9staedte.de\/da\/#website","url":"https:\/\/9staedte.de\/da\/","name":"9 St\u00e4dte in Niedersachsen","description":"","publisher":{"@id":"https:\/\/9staedte.de\/da\/#organization"},"potentialAction":[{"@type":"SearchAction","target":{"@type":"EntryPoint","urlTemplate":"https:\/\/9staedte.de\/da\/?s={search_term_string}"},"query-input":{"@type":"PropertyValueSpecification","valueRequired":true,"valueName":"search_term_string"}}],"inLanguage":"da-DK"},{"@type":"Organization","@id":"https:\/\/9staedte.de\/da\/#organization","name":"9 St\u00e4dte in Niedersachsen","url":"https:\/\/9staedte.de\/da\/","logo":{"@type":"ImageObject","inLanguage":"da-DK","@id":"https:\/\/9staedte.de\/da\/#\/schema\/logo\/image\/","url":"https:\/\/9staedte.de\/wp-content\/uploads\/2025\/01\/9-neg-deutsch-2-1.png","contentUrl":"https:\/\/9staedte.de\/wp-content\/uploads\/2025\/01\/9-neg-deutsch-2-1.png","width":190,"height":114,"caption":"9 St\u00e4dte in Niedersachsen"},"image":{"@id":"https:\/\/9staedte.de\/da\/#\/schema\/logo\/image\/"}}]}},"_links":{"self":[{"href":"https:\/\/9staedte.de\/da\/wp-json\/wp\/v2\/pages\/12525","targetHints":{"allow":["GET"]}}],"collection":[{"href":"https:\/\/9staedte.de\/da\/wp-json\/wp\/v2\/pages"}],"about":[{"href":"https:\/\/9staedte.de\/da\/wp-json\/wp\/v2\/types\/page"}],"author":[{"embeddable":true,"href":"https:\/\/9staedte.de\/da\/wp-json\/wp\/v2\/users\/1"}],"replies":[{"embeddable":true,"href":"https:\/\/9staedte.de\/da\/wp-json\/wp\/v2\/comments?post=12525"}],"version-history":[{"count":6,"href":"https:\/\/9staedte.de\/da\/wp-json\/wp\/v2\/pages\/12525\/revisions"}],"predecessor-version":[{"id":26759,"href":"https:\/\/9staedte.de\/da\/wp-json\/wp\/v2\/pages\/12525\/revisions\/26759"}],"wp:featuredmedia":[{"embeddable":true,"href":"https:\/\/9staedte.de\/da\/wp-json\/wp\/v2\/media\/11460"}],"wp:attachment":[{"href":"https:\/\/9staedte.de\/da\/wp-json\/wp\/v2\/media?parent=12525"}],"wp:term":[{"taxonomy":"category","embeddable":true,"href":"https:\/\/9staedte.de\/da\/wp-json\/wp\/v2\/categories?post=12525"},{"taxonomy":"post_tag","embeddable":true,"href":"https:\/\/9staedte.de\/da\/wp-json\/wp\/v2\/tags?post=12525"},{"taxonomy":"ncap_cities_tax","embeddable":true,"href":"https:\/\/9staedte.de\/da\/wp-json\/wp\/v2\/ncap_cities_tax?post=12525"}],"curies":[{"name":"wp","href":"https:\/\/api.w.org\/{rel}","templated":true}]}}