{"id":12523,"date":"2023-10-25T12:18:37","date_gmt":"2023-10-25T10:18:37","guid":{"rendered":"https:\/\/9staedte.de\/museer-og-udstillinger-i-autostadt\/"},"modified":"2023-10-25T12:18:37","modified_gmt":"2023-10-25T10:18:37","slug":"museer-og-udstillinger-i-autostadt","status":"publish","type":"page","link":"https:\/\/9staedte.de\/da\/autostadt-i-wolfsburg\/museer-og-udstillinger-i-autostadt\/","title":{"rendered":"Museer og udstillinger i Autostadt"},"content":{"rendered":"\n<h2 class=\"wp-block-heading\">Milep\u00e6l for biler i Tidens Hus<\/h2>\n\n\n\n<p>En af de mest popul\u00e6re attraktioner i Autostadt er ZeitHaus. Bilmuseet, der g\u00e5r p\u00e5 tv\u00e6rs af m\u00e6rker, pr\u00e6senterer modeller fra mere end 60 forskellige producenter. Oplev perler fra over 130 \u00e5rs bilhistorie, og bliv mindet ved synet af Bulli, Beetle og Co.<\/p>\n\n\n\n<p>Ud over bilmuseet ZeitHaus byder bilparken p\u00e5 interaktive udstillinger og undervisningsmuligheder for alle aldre.<br><br><a href=\"http:\/\/www.autostadt.de\" target=\"_blank\" rel=\"noreferrer noopener\">www.autostadt.de<\/a><\/p>\n\n\n\n <div class=\"brlbs-cmpnt-container brlbs-cmpnt-content-blocker brlbs-cmpnt-with-individual-styles\" data-borlabs-cookie-content-blocker-id=\"google-maps\" data-borlabs-cookie-content=\"PGlmcmFtZSBzcmM9Imh0dHBzOi8vd3d3Lmdvb2dsZS5jb20vbWFwcy9lbWJlZD9wYj0hMW0xOCExbTEyITFtMyExZDI0MzIuNjEyNzM4MDE2MjMxNiEyZDEwLjc4ODI3NzQ3NzMyNTQzITNkNTIuNDMxODE0MjcyMDM4MjMhMm0zITFmMCEyZjAhM2YwITNtMiExaTEwMjQhMmk3NjghNGYxMy4xITNtMyExbTIhMXMweDQ3YWY5M2I2ZGRiODA3YzklM0EweDRkMGIzZWVjMTZlNzExYmUhMnNWVyUyMFplaXRIYXVzJTIwTXVzZXVtITVlMCEzbTIhMXNkZSEyc2RlITR2MTY5MjE3NDQyMzk4NSE1bTIhMXNkZSEyc2RlIiB3aWR0aD0iNjAwIiBoZWlnaHQ9IjQ1MCIgc3R5bGU9ImJvcmRlcjowOyIgYWxsb3dmdWxsc2NyZWVuPSIiIGxvYWRpbmc9ImxhenkiIHJlZmVycmVycG9saWN5PSJuby1yZWZlcnJlci13aGVuLWRvd25ncmFkZSI+PC9pZnJhbWU+\"><div class=\"brlbs-cmpnt-cb-preset-b brlbs-cmpnt-cb-google-maps\"> <div class=\"brlbs-cmpnt-cb-thumbnail\" style=\"background-image: url('https:\/\/9staedte.de\/wp-content\/uploads\/borlabs-cookie\/1\/brlbs-cb-google-maps-main.png')\"><\/div> <div class=\"brlbs-cmpnt-cb-main\"> <div class=\"brlbs-cmpnt-cb-content\"> <p class=\"brlbs-cmpnt-cb-description\">You are currently viewing a placeholder content from <strong>Google Maps<\/strong>. To access the actual content, click the button below. Please note that doing so will share data with third-party providers.<\/p> <a class=\"brlbs-cmpnt-cb-provider-toggle\" href=\"#\" data-borlabs-cookie-show-provider-information role=\"button\">More Information<\/a> <\/div> <div class=\"brlbs-cmpnt-cb-buttons\"> <a class=\"brlbs-cmpnt-cb-btn\" href=\"#\" data-borlabs-cookie-unblock role=\"button\">Unblock content<\/a> <a class=\"brlbs-cmpnt-cb-btn\" href=\"#\" data-borlabs-cookie-accept-service role=\"button\" style=\"display: inherit\">Accept required service and unblock content<\/a> <\/div> <\/div> <\/div><\/div>\n","protected":false},"excerpt":{"rendered":"<p>Milep\u00e6l for biler i Tidens Hus En af de mest popul\u00e6re attraktioner i Autostadt er ZeitHaus. Bilmuseet, der g\u00e5r p\u00e5 tv\u00e6rs af m\u00e6rker, pr\u00e6senterer modeller fra mere end 60 forskellige producenter. Oplev perler fra over 130 \u00e5rs bilhistorie, og bliv mindet ved synet af Bulli, Beetle og Co. Ud over bilmuseet ZeitHaus byder bilparken p\u00e5 [&hellip;]<\/p>\n","protected":false},"author":1,"featured_media":12527,"parent":12673,"menu_order":0,"comment_status":"closed","ping_status":"closed","template":"","meta":{"_acf_changed":false,"footnotes":""},"categories":[],"tags":[],"ncap_cities_tax":[483,693],"class_list":["post-12523","page","type-page","status-publish","has-post-thumbnail","hentry","ncap_cities_tax-autostadt-da","ncap_cities_tax-museen-autostadt-da"],"acf":[],"yoast_head":"<!-- This site is optimized with the Yoast SEO plugin v27.4 - https:\/\/yoast.com\/product\/yoast-seo-wordpress\/ -->\n<title>Museer og udstillinger i Autostadt - 9 St\u00e4dte in Niedersachsen<\/title>\n<meta name=\"robots\" content=\"index, follow, max-snippet:-1, max-image-preview:large, max-video-preview:-1\" \/>\n<link rel=\"canonical\" href=\"https:\/\/9staedte.de\/da\/autostadt-i-wolfsburg\/museer-og-udstillinger-i-autostadt\/\" \/>\n<meta property=\"og:locale\" content=\"da_DK\" \/>\n<meta property=\"og:type\" content=\"article\" \/>\n<meta property=\"og:title\" content=\"Museer og udstillinger i Autostadt - 9 St\u00e4dte in Niedersachsen\" \/>\n<meta property=\"og:description\" content=\"Milep\u00e6l for biler i Tidens Hus En af de mest popul\u00e6re attraktioner i Autostadt er ZeitHaus. Bilmuseet, der g\u00e5r p\u00e5 tv\u00e6rs af m\u00e6rker, pr\u00e6senterer modeller fra mere end 60 forskellige producenter. Oplev perler fra over 130 \u00e5rs bilhistorie, og bliv mindet ved synet af Bulli, Beetle og Co. Ud over bilmuseet ZeitHaus byder bilparken p\u00e5 [&hellip;]\" \/>\n<meta property=\"og:url\" content=\"https:\/\/9staedte.de\/da\/autostadt-i-wolfsburg\/museer-og-udstillinger-i-autostadt\/\" \/>\n<meta property=\"og:site_name\" content=\"9 St\u00e4dte in Niedersachsen\" \/>\n<meta property=\"og:image\" content=\"https:\/\/9staedte.de\/wp-content\/uploads\/2023\/01\/Zeit-Haus-c-Autostadt-GmbH-Nele-Martensen.jpg\" \/>\n\t<meta property=\"og:image:width\" content=\"1020\" \/>\n\t<meta property=\"og:image:height\" content=\"560\" \/>\n\t<meta property=\"og:image:type\" content=\"image\/jpeg\" \/>\n<meta name=\"twitter:card\" content=\"summary_large_image\" \/>\n<script type=\"application\/ld+json\" class=\"yoast-schema-graph\">{\"@context\":\"https:\\\/\\\/schema.org\",\"@graph\":[{\"@type\":\"WebPage\",\"@id\":\"https:\\\/\\\/9staedte.de\\\/da\\\/autostadt-i-wolfsburg\\\/museer-og-udstillinger-i-autostadt\\\/\",\"url\":\"https:\\\/\\\/9staedte.de\\\/da\\\/autostadt-i-wolfsburg\\\/museer-og-udstillinger-i-autostadt\\\/\",\"name\":\"Museer og udstillinger i Autostadt - 9 St\u00e4dte in Niedersachsen\",\"isPartOf\":{\"@id\":\"https:\\\/\\\/9staedte.de\\\/da\\\/#website\"},\"primaryImageOfPage\":{\"@id\":\"https:\\\/\\\/9staedte.de\\\/da\\\/autostadt-i-wolfsburg\\\/museer-og-udstillinger-i-autostadt\\\/#primaryimage\"},\"image\":{\"@id\":\"https:\\\/\\\/9staedte.de\\\/da\\\/autostadt-i-wolfsburg\\\/museer-og-udstillinger-i-autostadt\\\/#primaryimage\"},\"thumbnailUrl\":\"https:\\\/\\\/9staedte.de\\\/wp-content\\\/uploads\\\/2023\\\/01\\\/Zeit-Haus-c-Autostadt-GmbH-Nele-Martensen.jpg\",\"datePublished\":\"2023-10-25T10:18:37+00:00\",\"breadcrumb\":{\"@id\":\"https:\\\/\\\/9staedte.de\\\/da\\\/autostadt-i-wolfsburg\\\/museer-og-udstillinger-i-autostadt\\\/#breadcrumb\"},\"inLanguage\":\"da-DK\",\"potentialAction\":[{\"@type\":\"ReadAction\",\"target\":[\"https:\\\/\\\/9staedte.de\\\/da\\\/autostadt-i-wolfsburg\\\/museer-og-udstillinger-i-autostadt\\\/\"]}]},{\"@type\":\"ImageObject\",\"inLanguage\":\"da-DK\",\"@id\":\"https:\\\/\\\/9staedte.de\\\/da\\\/autostadt-i-wolfsburg\\\/museer-og-udstillinger-i-autostadt\\\/#primaryimage\",\"url\":\"https:\\\/\\\/9staedte.de\\\/wp-content\\\/uploads\\\/2023\\\/01\\\/Zeit-Haus-c-Autostadt-GmbH-Nele-Martensen.jpg\",\"contentUrl\":\"https:\\\/\\\/9staedte.de\\\/wp-content\\\/uploads\\\/2023\\\/01\\\/Zeit-Haus-c-Autostadt-GmbH-Nele-Martensen.jpg\",\"width\":1020,\"height\":560,\"caption\":\"Zeit Haus c) Autostadt GmbH Nele Martensen\"},{\"@type\":\"BreadcrumbList\",\"@id\":\"https:\\\/\\\/9staedte.de\\\/da\\\/autostadt-i-wolfsburg\\\/museer-og-udstillinger-i-autostadt\\\/#breadcrumb\",\"itemListElement\":[{\"@type\":\"ListItem\",\"position\":1,\"name\":\"Startseite\",\"item\":\"https:\\\/\\\/9staedte.de\\\/da\\\/hjem-9-byer-2-i-niedersachsen\\\/\"},{\"@type\":\"ListItem\",\"position\":2,\"name\":\"Autostadt i Wolfsburg\",\"item\":\"https:\\\/\\\/9staedte.de\\\/da\\\/autostadt-i-wolfsburg\\\/\"},{\"@type\":\"ListItem\",\"position\":3,\"name\":\"Museer og udstillinger i Autostadt\"}]},{\"@type\":\"WebSite\",\"@id\":\"https:\\\/\\\/9staedte.de\\\/da\\\/#website\",\"url\":\"https:\\\/\\\/9staedte.de\\\/da\\\/\",\"name\":\"9 St\u00e4dte in Niedersachsen\",\"description\":\"\",\"publisher\":{\"@id\":\"https:\\\/\\\/9staedte.de\\\/da\\\/#organization\"},\"potentialAction\":[{\"@type\":\"SearchAction\",\"target\":{\"@type\":\"EntryPoint\",\"urlTemplate\":\"https:\\\/\\\/9staedte.de\\\/da\\\/?s={search_term_string}\"},\"query-input\":{\"@type\":\"PropertyValueSpecification\",\"valueRequired\":true,\"valueName\":\"search_term_string\"}}],\"inLanguage\":\"da-DK\"},{\"@type\":\"Organization\",\"@id\":\"https:\\\/\\\/9staedte.de\\\/da\\\/#organization\",\"name\":\"9 St\u00e4dte in Niedersachsen\",\"url\":\"https:\\\/\\\/9staedte.de\\\/da\\\/\",\"logo\":{\"@type\":\"ImageObject\",\"inLanguage\":\"da-DK\",\"@id\":\"https:\\\/\\\/9staedte.de\\\/da\\\/#\\\/schema\\\/logo\\\/image\\\/\",\"url\":\"https:\\\/\\\/9staedte.de\\\/wp-content\\\/uploads\\\/2025\\\/01\\\/9-neg-deutsch-2-1.png\",\"contentUrl\":\"https:\\\/\\\/9staedte.de\\\/wp-content\\\/uploads\\\/2025\\\/01\\\/9-neg-deutsch-2-1.png\",\"width\":190,\"height\":114,\"caption\":\"9 St\u00e4dte in Niedersachsen\"},\"image\":{\"@id\":\"https:\\\/\\\/9staedte.de\\\/da\\\/#\\\/schema\\\/logo\\\/image\\\/\"}}]}<\/script>\n<!-- \/ Yoast SEO plugin. -->","yoast_head_json":{"title":"Museer og udstillinger i Autostadt - 9 St\u00e4dte in Niedersachsen","robots":{"index":"index","follow":"follow","max-snippet":"max-snippet:-1","max-image-preview":"max-image-preview:large","max-video-preview":"max-video-preview:-1"},"canonical":"https:\/\/9staedte.de\/da\/autostadt-i-wolfsburg\/museer-og-udstillinger-i-autostadt\/","og_locale":"da_DK","og_type":"article","og_title":"Museer og udstillinger i Autostadt - 9 St\u00e4dte in Niedersachsen","og_description":"Milep\u00e6l for biler i Tidens Hus En af de mest popul\u00e6re attraktioner i Autostadt er ZeitHaus. Bilmuseet, der g\u00e5r p\u00e5 tv\u00e6rs af m\u00e6rker, pr\u00e6senterer modeller fra mere end 60 forskellige producenter. Oplev perler fra over 130 \u00e5rs bilhistorie, og bliv mindet ved synet af Bulli, Beetle og Co. Ud over bilmuseet ZeitHaus byder bilparken p\u00e5 [&hellip;]","og_url":"https:\/\/9staedte.de\/da\/autostadt-i-wolfsburg\/museer-og-udstillinger-i-autostadt\/","og_site_name":"9 St\u00e4dte in Niedersachsen","og_image":[{"width":1020,"height":560,"url":"https:\/\/9staedte.de\/wp-content\/uploads\/2023\/01\/Zeit-Haus-c-Autostadt-GmbH-Nele-Martensen.jpg","type":"image\/jpeg"}],"twitter_card":"summary_large_image","schema":{"@context":"https:\/\/schema.org","@graph":[{"@type":"WebPage","@id":"https:\/\/9staedte.de\/da\/autostadt-i-wolfsburg\/museer-og-udstillinger-i-autostadt\/","url":"https:\/\/9staedte.de\/da\/autostadt-i-wolfsburg\/museer-og-udstillinger-i-autostadt\/","name":"Museer og udstillinger i Autostadt - 9 St\u00e4dte in Niedersachsen","isPartOf":{"@id":"https:\/\/9staedte.de\/da\/#website"},"primaryImageOfPage":{"@id":"https:\/\/9staedte.de\/da\/autostadt-i-wolfsburg\/museer-og-udstillinger-i-autostadt\/#primaryimage"},"image":{"@id":"https:\/\/9staedte.de\/da\/autostadt-i-wolfsburg\/museer-og-udstillinger-i-autostadt\/#primaryimage"},"thumbnailUrl":"https:\/\/9staedte.de\/wp-content\/uploads\/2023\/01\/Zeit-Haus-c-Autostadt-GmbH-Nele-Martensen.jpg","datePublished":"2023-10-25T10:18:37+00:00","breadcrumb":{"@id":"https:\/\/9staedte.de\/da\/autostadt-i-wolfsburg\/museer-og-udstillinger-i-autostadt\/#breadcrumb"},"inLanguage":"da-DK","potentialAction":[{"@type":"ReadAction","target":["https:\/\/9staedte.de\/da\/autostadt-i-wolfsburg\/museer-og-udstillinger-i-autostadt\/"]}]},{"@type":"ImageObject","inLanguage":"da-DK","@id":"https:\/\/9staedte.de\/da\/autostadt-i-wolfsburg\/museer-og-udstillinger-i-autostadt\/#primaryimage","url":"https:\/\/9staedte.de\/wp-content\/uploads\/2023\/01\/Zeit-Haus-c-Autostadt-GmbH-Nele-Martensen.jpg","contentUrl":"https:\/\/9staedte.de\/wp-content\/uploads\/2023\/01\/Zeit-Haus-c-Autostadt-GmbH-Nele-Martensen.jpg","width":1020,"height":560,"caption":"Zeit Haus c) Autostadt GmbH Nele Martensen"},{"@type":"BreadcrumbList","@id":"https:\/\/9staedte.de\/da\/autostadt-i-wolfsburg\/museer-og-udstillinger-i-autostadt\/#breadcrumb","itemListElement":[{"@type":"ListItem","position":1,"name":"Startseite","item":"https:\/\/9staedte.de\/da\/hjem-9-byer-2-i-niedersachsen\/"},{"@type":"ListItem","position":2,"name":"Autostadt i Wolfsburg","item":"https:\/\/9staedte.de\/da\/autostadt-i-wolfsburg\/"},{"@type":"ListItem","position":3,"name":"Museer og udstillinger i Autostadt"}]},{"@type":"WebSite","@id":"https:\/\/9staedte.de\/da\/#website","url":"https:\/\/9staedte.de\/da\/","name":"9 St\u00e4dte in Niedersachsen","description":"","publisher":{"@id":"https:\/\/9staedte.de\/da\/#organization"},"potentialAction":[{"@type":"SearchAction","target":{"@type":"EntryPoint","urlTemplate":"https:\/\/9staedte.de\/da\/?s={search_term_string}"},"query-input":{"@type":"PropertyValueSpecification","valueRequired":true,"valueName":"search_term_string"}}],"inLanguage":"da-DK"},{"@type":"Organization","@id":"https:\/\/9staedte.de\/da\/#organization","name":"9 St\u00e4dte in Niedersachsen","url":"https:\/\/9staedte.de\/da\/","logo":{"@type":"ImageObject","inLanguage":"da-DK","@id":"https:\/\/9staedte.de\/da\/#\/schema\/logo\/image\/","url":"https:\/\/9staedte.de\/wp-content\/uploads\/2025\/01\/9-neg-deutsch-2-1.png","contentUrl":"https:\/\/9staedte.de\/wp-content\/uploads\/2025\/01\/9-neg-deutsch-2-1.png","width":190,"height":114,"caption":"9 St\u00e4dte in Niedersachsen"},"image":{"@id":"https:\/\/9staedte.de\/da\/#\/schema\/logo\/image\/"}}]}},"_links":{"self":[{"href":"https:\/\/9staedte.de\/da\/wp-json\/wp\/v2\/pages\/12523","targetHints":{"allow":["GET"]}}],"collection":[{"href":"https:\/\/9staedte.de\/da\/wp-json\/wp\/v2\/pages"}],"about":[{"href":"https:\/\/9staedte.de\/da\/wp-json\/wp\/v2\/types\/page"}],"author":[{"embeddable":true,"href":"https:\/\/9staedte.de\/da\/wp-json\/wp\/v2\/users\/1"}],"replies":[{"embeddable":true,"href":"https:\/\/9staedte.de\/da\/wp-json\/wp\/v2\/comments?post=12523"}],"version-history":[{"count":1,"href":"https:\/\/9staedte.de\/da\/wp-json\/wp\/v2\/pages\/12523\/revisions"}],"predecessor-version":[{"id":12534,"href":"https:\/\/9staedte.de\/da\/wp-json\/wp\/v2\/pages\/12523\/revisions\/12534"}],"up":[{"embeddable":true,"href":"https:\/\/9staedte.de\/da\/wp-json\/wp\/v2\/pages\/12673"}],"wp:featuredmedia":[{"embeddable":true,"href":"https:\/\/9staedte.de\/da\/wp-json\/wp\/v2\/media\/12527"}],"wp:attachment":[{"href":"https:\/\/9staedte.de\/da\/wp-json\/wp\/v2\/media?parent=12523"}],"wp:term":[{"taxonomy":"category","embeddable":true,"href":"https:\/\/9staedte.de\/da\/wp-json\/wp\/v2\/categories?post=12523"},{"taxonomy":"post_tag","embeddable":true,"href":"https:\/\/9staedte.de\/da\/wp-json\/wp\/v2\/tags?post=12523"},{"taxonomy":"ncap_cities_tax","embeddable":true,"href":"https:\/\/9staedte.de\/da\/wp-json\/wp\/v2\/ncap_cities_tax?post=12523"}],"curies":[{"name":"wp","href":"https:\/\/api.w.org\/{rel}","templated":true}]}}