{"id":12520,"date":"2023-10-25T12:29:28","date_gmt":"2023-10-25T10:29:28","guid":{"rendered":"https:\/\/9staedte.de\/shopping-og-gaa-ud-i-wolfenbuettel\/"},"modified":"2023-10-25T15:46:58","modified_gmt":"2023-10-25T13:46:58","slug":"shopping-og-gaa-ud-i-wolfenbuettel","status":"publish","type":"page","link":"https:\/\/9staedte.de\/da\/wolfenbuettel-lessings-by\/shopping-og-gaa-ud-i-wolfenbuettel\/","title":{"rendered":"Shopping og g\u00e5 ud i Wolfenb\u00fcttel"},"content":{"rendered":"\n<h2 class=\"wp-block-heading\">Shop regionalt, fest og nyd i Wolfenb\u00fcttel<\/h2>\n\n\n\n<p>Lessing-byen Wolfenb\u00fcttel tiltr\u00e6kker bes\u00f8gende med sin charmerende g\u00e5gade, som er prydet med rige blomsterdekorationer om sommeren. Et s\u00e6rligt kendetegn er de lokale butikker og regionale produkter, som b\u00e5de bes\u00f8gende og lokale s\u00e6tter stor pris p\u00e5 i Wolfenb\u00fcttel. Lad dig smitte af de handlendes begejstring for produkter fra vores region under en spadseretur gennem det ugentlige marked (hver onsdag og l\u00f8rdag) p\u00e5 det historiske bymarked. Hyggelige, sm\u00e5 caf\u00e9er og restauranter indbyder til socialt samv\u00e6r.<br><a href=\"http:\/\/www.lessingstadt-wolfenbuettel.de\/Tourismus\/Geniessen\">Yderligere oplysninger:<\/a><\/p>\n\n\n\n\n<div class=\"banner-wrapper\">\n  <div class=\"banner-inner \">\n      <div class=\"img-container\">\n      <div class=\"img-wrapper\">\n        <img decoding=\"async\" src=\"https:\/\/9staedte.de\/wp-content\/smush-webp\/2023\/03\/Einkaufen-in-Wolfenbuettel-c-Stadt-Wolfenbuettel-Christian-Bierwagen.jpg.webp\" alt=\"To kvinder g\u00e5r i en g\u00e5gade. De smiler og ser glade ud. En kvinde b\u00e6rer en indk\u00f8bspose. I baggrunden sidder folk foran en caf\u00e9. Det er en solrig dag. Der er mange blomster i gaden.\" \/>\n                  <div class=\"thumbnail-label\">\n            <span>Einkaufen in Wolfenbuettel c) Stadt Wolfenbuettel Christian Bierwagen<\/span>\n          <\/div>\n              <\/div>\n    <\/div>\n        <div class=\"text-container\">\n      <div class=\"content\">\n        <p><strong>9 Tipps rund ums Einkaufen und Ausgehen in Wolfenb\u00fcttel:<\/strong><\/p>\n<ul>\n<li>Heimische Fachgesch\u00e4fte mit regionalen Produkten<\/li>\n<li>Wochenmarkt auf dem historischen Stadtmarkt (jeden Mittwoch und Samstag)<\/li>\n<li>Erstklassige internationale Restaurants<\/li>\n<li>Gem\u00fctliche Lokale und Caf\u00e9s<\/li>\n<li>Lessingtheater<\/li>\n<li>J\u00e4germeister Shop-in-Shop in der Tourist-Info<\/li>\n<li>Herzog August Bibliothek, Lessinghaus, Welfenschloss<\/li>\n<li>zahlreiche kulturelle Veranstaltungen<\/li>\n<li>Filmpalast, CineStar<\/li>\n<\/ul>\n      <\/div>\n    <\/div>\n    <\/div>\n<\/div>\n\n","protected":false},"excerpt":{"rendered":"<p>Shop regionalt, fest og nyd i Wolfenb\u00fcttel Lessing-byen Wolfenb\u00fcttel tiltr\u00e6kker bes\u00f8gende med sin charmerende g\u00e5gade, som er prydet med rige blomsterdekorationer om sommeren. Et s\u00e6rligt kendetegn er de lokale butikker og regionale produkter, som b\u00e5de bes\u00f8gende og lokale s\u00e6tter stor pris p\u00e5 i Wolfenb\u00fcttel. Lad dig smitte af de handlendes begejstring for produkter fra vores [&hellip;]<\/p>\n","protected":false},"author":1,"featured_media":12531,"parent":12700,"menu_order":0,"comment_status":"closed","ping_status":"closed","template":"pagetemplates\/template-stadtthema.php","meta":{"_acf_changed":false,"footnotes":""},"categories":[],"tags":[],"ncap_cities_tax":[805,469],"class_list":["post-12520","page","type-page","status-publish","has-post-thumbnail","hentry","ncap_cities_tax-shopping-und-ausgehen-wolfenbuettel-da-wolfenbuettel-da","ncap_cities_tax-wolfenbuettel-da"],"acf":[],"yoast_head":"<!-- This site is optimized with the Yoast SEO plugin v27.4 - https:\/\/yoast.com\/product\/yoast-seo-wordpress\/ -->\n<title>Shopping og g\u00e5 ud i Wolfenb\u00fcttel - 9 St\u00e4dte in Niedersachsen<\/title>\n<meta name=\"robots\" content=\"index, follow, max-snippet:-1, max-image-preview:large, max-video-preview:-1\" \/>\n<link rel=\"canonical\" href=\"https:\/\/9staedte.de\/da\/wolfenbuettel-lessings-by\/shopping-og-gaa-ud-i-wolfenbuettel\/\" \/>\n<meta property=\"og:locale\" content=\"da_DK\" \/>\n<meta property=\"og:type\" content=\"article\" \/>\n<meta property=\"og:title\" content=\"Shopping og g\u00e5 ud i Wolfenb\u00fcttel - 9 St\u00e4dte in Niedersachsen\" \/>\n<meta property=\"og:description\" content=\"Shop regionalt, fest og nyd i Wolfenb\u00fcttel Lessing-byen Wolfenb\u00fcttel tiltr\u00e6kker bes\u00f8gende med sin charmerende g\u00e5gade, som er prydet med rige blomsterdekorationer om sommeren. Et s\u00e6rligt kendetegn er de lokale butikker og regionale produkter, som b\u00e5de bes\u00f8gende og lokale s\u00e6tter stor pris p\u00e5 i Wolfenb\u00fcttel. Lad dig smitte af de handlendes begejstring for produkter fra vores [&hellip;]\" \/>\n<meta property=\"og:url\" content=\"https:\/\/9staedte.de\/da\/wolfenbuettel-lessings-by\/shopping-og-gaa-ud-i-wolfenbuettel\/\" \/>\n<meta property=\"og:site_name\" content=\"9 St\u00e4dte in Niedersachsen\" \/>\n<meta property=\"article:modified_time\" content=\"2023-10-25T13:46:58+00:00\" \/>\n<meta property=\"og:image\" content=\"https:\/\/9staedte.de\/wp-content\/uploads\/2023\/03\/Ausgehen-in-Wolfenbuettel-c-Stadt-Wolfenbuettel-Christian-Bierwagen.jpg\" \/>\n\t<meta property=\"og:image:width\" content=\"1020\" \/>\n\t<meta property=\"og:image:height\" content=\"560\" \/>\n\t<meta property=\"og:image:type\" content=\"image\/jpeg\" \/>\n<meta name=\"twitter:card\" content=\"summary_large_image\" \/>\n<meta name=\"twitter:label1\" content=\"Estimeret l\u00e6setid\" \/>\n\t<meta name=\"twitter:data1\" content=\"1 minut\" \/>\n<script type=\"application\/ld+json\" class=\"yoast-schema-graph\">{\"@context\":\"https:\\\/\\\/schema.org\",\"@graph\":[{\"@type\":\"WebPage\",\"@id\":\"https:\\\/\\\/9staedte.de\\\/da\\\/wolfenbuettel-lessings-by\\\/shopping-og-gaa-ud-i-wolfenbuettel\\\/\",\"url\":\"https:\\\/\\\/9staedte.de\\\/da\\\/wolfenbuettel-lessings-by\\\/shopping-og-gaa-ud-i-wolfenbuettel\\\/\",\"name\":\"Shopping og g\u00e5 ud i Wolfenb\u00fcttel - 9 St\u00e4dte in Niedersachsen\",\"isPartOf\":{\"@id\":\"https:\\\/\\\/9staedte.de\\\/da\\\/#website\"},\"primaryImageOfPage\":{\"@id\":\"https:\\\/\\\/9staedte.de\\\/da\\\/wolfenbuettel-lessings-by\\\/shopping-og-gaa-ud-i-wolfenbuettel\\\/#primaryimage\"},\"image\":{\"@id\":\"https:\\\/\\\/9staedte.de\\\/da\\\/wolfenbuettel-lessings-by\\\/shopping-og-gaa-ud-i-wolfenbuettel\\\/#primaryimage\"},\"thumbnailUrl\":\"https:\\\/\\\/9staedte.de\\\/wp-content\\\/uploads\\\/2023\\\/03\\\/Ausgehen-in-Wolfenbuettel-c-Stadt-Wolfenbuettel-Christian-Bierwagen.jpg\",\"datePublished\":\"2023-10-25T10:29:28+00:00\",\"dateModified\":\"2023-10-25T13:46:58+00:00\",\"breadcrumb\":{\"@id\":\"https:\\\/\\\/9staedte.de\\\/da\\\/wolfenbuettel-lessings-by\\\/shopping-og-gaa-ud-i-wolfenbuettel\\\/#breadcrumb\"},\"inLanguage\":\"da-DK\",\"potentialAction\":[{\"@type\":\"ReadAction\",\"target\":[\"https:\\\/\\\/9staedte.de\\\/da\\\/wolfenbuettel-lessings-by\\\/shopping-og-gaa-ud-i-wolfenbuettel\\\/\"]}]},{\"@type\":\"ImageObject\",\"inLanguage\":\"da-DK\",\"@id\":\"https:\\\/\\\/9staedte.de\\\/da\\\/wolfenbuettel-lessings-by\\\/shopping-og-gaa-ud-i-wolfenbuettel\\\/#primaryimage\",\"url\":\"https:\\\/\\\/9staedte.de\\\/wp-content\\\/uploads\\\/2023\\\/03\\\/Ausgehen-in-Wolfenbuettel-c-Stadt-Wolfenbuettel-Christian-Bierwagen.jpg\",\"contentUrl\":\"https:\\\/\\\/9staedte.de\\\/wp-content\\\/uploads\\\/2023\\\/03\\\/Ausgehen-in-Wolfenbuettel-c-Stadt-Wolfenbuettel-Christian-Bierwagen.jpg\",\"width\":1020,\"height\":560,\"caption\":\"Ausgehen in Wolfenb\u00fcttel c) Stadt Wolfenb\u00fcttel Christian Bierwagen\"},{\"@type\":\"BreadcrumbList\",\"@id\":\"https:\\\/\\\/9staedte.de\\\/da\\\/wolfenbuettel-lessings-by\\\/shopping-og-gaa-ud-i-wolfenbuettel\\\/#breadcrumb\",\"itemListElement\":[{\"@type\":\"ListItem\",\"position\":1,\"name\":\"Startseite\",\"item\":\"https:\\\/\\\/9staedte.de\\\/da\\\/hjem-9-byer-2-i-niedersachsen\\\/\"},{\"@type\":\"ListItem\",\"position\":2,\"name\":\"Wolfenb\u00fcttel &#8211; Lessings by\",\"item\":\"https:\\\/\\\/9staedte.de\\\/da\\\/wolfenbuettel-lessings-by\\\/\"},{\"@type\":\"ListItem\",\"position\":3,\"name\":\"Shopping og g\u00e5 ud i Wolfenb\u00fcttel\"}]},{\"@type\":\"WebSite\",\"@id\":\"https:\\\/\\\/9staedte.de\\\/da\\\/#website\",\"url\":\"https:\\\/\\\/9staedte.de\\\/da\\\/\",\"name\":\"9 St\u00e4dte in Niedersachsen\",\"description\":\"\",\"publisher\":{\"@id\":\"https:\\\/\\\/9staedte.de\\\/da\\\/#organization\"},\"potentialAction\":[{\"@type\":\"SearchAction\",\"target\":{\"@type\":\"EntryPoint\",\"urlTemplate\":\"https:\\\/\\\/9staedte.de\\\/da\\\/?s={search_term_string}\"},\"query-input\":{\"@type\":\"PropertyValueSpecification\",\"valueRequired\":true,\"valueName\":\"search_term_string\"}}],\"inLanguage\":\"da-DK\"},{\"@type\":\"Organization\",\"@id\":\"https:\\\/\\\/9staedte.de\\\/da\\\/#organization\",\"name\":\"9 St\u00e4dte in Niedersachsen\",\"url\":\"https:\\\/\\\/9staedte.de\\\/da\\\/\",\"logo\":{\"@type\":\"ImageObject\",\"inLanguage\":\"da-DK\",\"@id\":\"https:\\\/\\\/9staedte.de\\\/da\\\/#\\\/schema\\\/logo\\\/image\\\/\",\"url\":\"https:\\\/\\\/9staedte.de\\\/wp-content\\\/uploads\\\/2025\\\/01\\\/9-neg-deutsch-2-1.png\",\"contentUrl\":\"https:\\\/\\\/9staedte.de\\\/wp-content\\\/uploads\\\/2025\\\/01\\\/9-neg-deutsch-2-1.png\",\"width\":190,\"height\":114,\"caption\":\"9 St\u00e4dte in Niedersachsen\"},\"image\":{\"@id\":\"https:\\\/\\\/9staedte.de\\\/da\\\/#\\\/schema\\\/logo\\\/image\\\/\"}}]}<\/script>\n<!-- \/ Yoast SEO plugin. -->","yoast_head_json":{"title":"Shopping og g\u00e5 ud i Wolfenb\u00fcttel - 9 St\u00e4dte in Niedersachsen","robots":{"index":"index","follow":"follow","max-snippet":"max-snippet:-1","max-image-preview":"max-image-preview:large","max-video-preview":"max-video-preview:-1"},"canonical":"https:\/\/9staedte.de\/da\/wolfenbuettel-lessings-by\/shopping-og-gaa-ud-i-wolfenbuettel\/","og_locale":"da_DK","og_type":"article","og_title":"Shopping og g\u00e5 ud i Wolfenb\u00fcttel - 9 St\u00e4dte in Niedersachsen","og_description":"Shop regionalt, fest og nyd i Wolfenb\u00fcttel Lessing-byen Wolfenb\u00fcttel tiltr\u00e6kker bes\u00f8gende med sin charmerende g\u00e5gade, som er prydet med rige blomsterdekorationer om sommeren. Et s\u00e6rligt kendetegn er de lokale butikker og regionale produkter, som b\u00e5de bes\u00f8gende og lokale s\u00e6tter stor pris p\u00e5 i Wolfenb\u00fcttel. Lad dig smitte af de handlendes begejstring for produkter fra vores [&hellip;]","og_url":"https:\/\/9staedte.de\/da\/wolfenbuettel-lessings-by\/shopping-og-gaa-ud-i-wolfenbuettel\/","og_site_name":"9 St\u00e4dte in Niedersachsen","article_modified_time":"2023-10-25T13:46:58+00:00","og_image":[{"width":1020,"height":560,"url":"https:\/\/9staedte.de\/wp-content\/uploads\/2023\/03\/Ausgehen-in-Wolfenbuettel-c-Stadt-Wolfenbuettel-Christian-Bierwagen.jpg","type":"image\/jpeg"}],"twitter_card":"summary_large_image","twitter_misc":{"Estimeret l\u00e6setid":"1 minut"},"schema":{"@context":"https:\/\/schema.org","@graph":[{"@type":"WebPage","@id":"https:\/\/9staedte.de\/da\/wolfenbuettel-lessings-by\/shopping-og-gaa-ud-i-wolfenbuettel\/","url":"https:\/\/9staedte.de\/da\/wolfenbuettel-lessings-by\/shopping-og-gaa-ud-i-wolfenbuettel\/","name":"Shopping og g\u00e5 ud i Wolfenb\u00fcttel - 9 St\u00e4dte in Niedersachsen","isPartOf":{"@id":"https:\/\/9staedte.de\/da\/#website"},"primaryImageOfPage":{"@id":"https:\/\/9staedte.de\/da\/wolfenbuettel-lessings-by\/shopping-og-gaa-ud-i-wolfenbuettel\/#primaryimage"},"image":{"@id":"https:\/\/9staedte.de\/da\/wolfenbuettel-lessings-by\/shopping-og-gaa-ud-i-wolfenbuettel\/#primaryimage"},"thumbnailUrl":"https:\/\/9staedte.de\/wp-content\/uploads\/2023\/03\/Ausgehen-in-Wolfenbuettel-c-Stadt-Wolfenbuettel-Christian-Bierwagen.jpg","datePublished":"2023-10-25T10:29:28+00:00","dateModified":"2023-10-25T13:46:58+00:00","breadcrumb":{"@id":"https:\/\/9staedte.de\/da\/wolfenbuettel-lessings-by\/shopping-og-gaa-ud-i-wolfenbuettel\/#breadcrumb"},"inLanguage":"da-DK","potentialAction":[{"@type":"ReadAction","target":["https:\/\/9staedte.de\/da\/wolfenbuettel-lessings-by\/shopping-og-gaa-ud-i-wolfenbuettel\/"]}]},{"@type":"ImageObject","inLanguage":"da-DK","@id":"https:\/\/9staedte.de\/da\/wolfenbuettel-lessings-by\/shopping-og-gaa-ud-i-wolfenbuettel\/#primaryimage","url":"https:\/\/9staedte.de\/wp-content\/uploads\/2023\/03\/Ausgehen-in-Wolfenbuettel-c-Stadt-Wolfenbuettel-Christian-Bierwagen.jpg","contentUrl":"https:\/\/9staedte.de\/wp-content\/uploads\/2023\/03\/Ausgehen-in-Wolfenbuettel-c-Stadt-Wolfenbuettel-Christian-Bierwagen.jpg","width":1020,"height":560,"caption":"Ausgehen in Wolfenb\u00fcttel c) Stadt Wolfenb\u00fcttel Christian Bierwagen"},{"@type":"BreadcrumbList","@id":"https:\/\/9staedte.de\/da\/wolfenbuettel-lessings-by\/shopping-og-gaa-ud-i-wolfenbuettel\/#breadcrumb","itemListElement":[{"@type":"ListItem","position":1,"name":"Startseite","item":"https:\/\/9staedte.de\/da\/hjem-9-byer-2-i-niedersachsen\/"},{"@type":"ListItem","position":2,"name":"Wolfenb\u00fcttel &#8211; Lessings by","item":"https:\/\/9staedte.de\/da\/wolfenbuettel-lessings-by\/"},{"@type":"ListItem","position":3,"name":"Shopping og g\u00e5 ud i Wolfenb\u00fcttel"}]},{"@type":"WebSite","@id":"https:\/\/9staedte.de\/da\/#website","url":"https:\/\/9staedte.de\/da\/","name":"9 St\u00e4dte in Niedersachsen","description":"","publisher":{"@id":"https:\/\/9staedte.de\/da\/#organization"},"potentialAction":[{"@type":"SearchAction","target":{"@type":"EntryPoint","urlTemplate":"https:\/\/9staedte.de\/da\/?s={search_term_string}"},"query-input":{"@type":"PropertyValueSpecification","valueRequired":true,"valueName":"search_term_string"}}],"inLanguage":"da-DK"},{"@type":"Organization","@id":"https:\/\/9staedte.de\/da\/#organization","name":"9 St\u00e4dte in Niedersachsen","url":"https:\/\/9staedte.de\/da\/","logo":{"@type":"ImageObject","inLanguage":"da-DK","@id":"https:\/\/9staedte.de\/da\/#\/schema\/logo\/image\/","url":"https:\/\/9staedte.de\/wp-content\/uploads\/2025\/01\/9-neg-deutsch-2-1.png","contentUrl":"https:\/\/9staedte.de\/wp-content\/uploads\/2025\/01\/9-neg-deutsch-2-1.png","width":190,"height":114,"caption":"9 St\u00e4dte in Niedersachsen"},"image":{"@id":"https:\/\/9staedte.de\/da\/#\/schema\/logo\/image\/"}}]}},"_links":{"self":[{"href":"https:\/\/9staedte.de\/da\/wp-json\/wp\/v2\/pages\/12520","targetHints":{"allow":["GET"]}}],"collection":[{"href":"https:\/\/9staedte.de\/da\/wp-json\/wp\/v2\/pages"}],"about":[{"href":"https:\/\/9staedte.de\/da\/wp-json\/wp\/v2\/types\/page"}],"author":[{"embeddable":true,"href":"https:\/\/9staedte.de\/da\/wp-json\/wp\/v2\/users\/1"}],"replies":[{"embeddable":true,"href":"https:\/\/9staedte.de\/da\/wp-json\/wp\/v2\/comments?post=12520"}],"version-history":[{"count":1,"href":"https:\/\/9staedte.de\/da\/wp-json\/wp\/v2\/pages\/12520\/revisions"}],"predecessor-version":[{"id":12541,"href":"https:\/\/9staedte.de\/da\/wp-json\/wp\/v2\/pages\/12520\/revisions\/12541"}],"up":[{"embeddable":true,"href":"https:\/\/9staedte.de\/da\/wp-json\/wp\/v2\/pages\/12700"}],"wp:featuredmedia":[{"embeddable":true,"href":"https:\/\/9staedte.de\/da\/wp-json\/wp\/v2\/media\/12531"}],"wp:attachment":[{"href":"https:\/\/9staedte.de\/da\/wp-json\/wp\/v2\/media?parent=12520"}],"wp:term":[{"taxonomy":"category","embeddable":true,"href":"https:\/\/9staedte.de\/da\/wp-json\/wp\/v2\/categories?post=12520"},{"taxonomy":"post_tag","embeddable":true,"href":"https:\/\/9staedte.de\/da\/wp-json\/wp\/v2\/tags?post=12520"},{"taxonomy":"ncap_cities_tax","embeddable":true,"href":"https:\/\/9staedte.de\/da\/wp-json\/wp\/v2\/ncap_cities_tax?post=12520"}],"curies":[{"name":"wp","href":"https:\/\/api.w.org\/{rel}","templated":true}]}}