{"id":12519,"date":"2023-10-25T12:24:03","date_gmt":"2023-10-25T10:24:03","guid":{"rendered":"https:\/\/9staedte.de\/slotte-og-haver-i-celle\/"},"modified":"2025-05-08T15:02:12","modified_gmt":"2025-05-08T13:02:12","slug":"slotte-og-haver-i-celle","status":"publish","type":"page","link":"https:\/\/9staedte.de\/da\/celle-dejlig-by-med-mange-boliger\/slotte-og-haver-i-celle\/","title":{"rendered":"Slotte og haver i Celle"},"content":{"rendered":"\r\n\r\n    <div class=\"filter-posts\">\r\n            <div  id=\"filterContent\">\r\n                                                        \n<div class=\"contentKachel filtr-item\" data-category=\"celle-da\">\n    <a href=\"https:\/\/9staedte.de\/da\/fransk-have-celle\/\">\n        <div class=\"contentKachel-inner\">\n                            <div class=\"contentKachel-thumbnail\">\n                    <img loading=\"lazy\" decoding=\"async\" width=\"300\" height=\"173\" src=\"https:\/\/9staedte.de\/wp-content\/smush-webp\/2023\/02\/celle-franzoeischer-garten-fruehling-c-Stadt-Celle-300x173.jpg.webp\" class=\"objectfitcover withfilters wp-post-image\" alt=\"Billedet viser en dam i den Franske Have i Celle. I midten af dammen spr\u00f8jter en font\u00e6ne vand op i luften. Der er en regnbue i vandspr\u00f8jtet. Til h\u00f8jre h\u00e6nger et stort tr\u00e6 med lange grene ud over vandet. Rosa kirseb\u00e6rblomster blomstrer ved stien.\" srcset=\"https:\/\/9staedte.de\/wp-content\/smush-webp\/2023\/02\/celle-franzoeischer-garten-fruehling-c-Stadt-Celle-300x173.jpg.webp 300w, https:\/\/9staedte.de\/wp-content\/smush-webp\/2023\/02\/celle-franzoeischer-garten-fruehling-c-Stadt-Celle-768x442.jpg.webp 768w, https:\/\/9staedte.de\/wp-content\/smush-webp\/2023\/02\/celle-franzoeischer-garten-fruehling-c-Stadt-Celle.jpg.webp 1020w\" sizes=\"auto, (max-width: 300px) 100vw, 300px\" \/>                    <img loading=\"lazy\" decoding=\"async\" width=\"300\" height=\"173\" src=\"https:\/\/9staedte.de\/wp-content\/smush-webp\/2023\/02\/celle-franzoeischer-garten-fruehling-c-Stadt-Celle-300x173.jpg.webp\" class=\"objectfitcontain wp-post-image\" alt=\"Billedet viser en dam i den Franske Have i Celle. I midten af dammen spr\u00f8jter en font\u00e6ne vand op i luften. Der er en regnbue i vandspr\u00f8jtet. Til h\u00f8jre h\u00e6nger et stort tr\u00e6 med lange grene ud over vandet. Rosa kirseb\u00e6rblomster blomstrer ved stien.\" srcset=\"https:\/\/9staedte.de\/wp-content\/smush-webp\/2023\/02\/celle-franzoeischer-garten-fruehling-c-Stadt-Celle-300x173.jpg.webp 300w, https:\/\/9staedte.de\/wp-content\/smush-webp\/2023\/02\/celle-franzoeischer-garten-fruehling-c-Stadt-Celle-768x442.jpg.webp 768w, https:\/\/9staedte.de\/wp-content\/smush-webp\/2023\/02\/celle-franzoeischer-garten-fruehling-c-Stadt-Celle.jpg.webp 1020w\" sizes=\"auto, (max-width: 300px) 100vw, 300px\" \/>                        <div class=\"thumbnail-label\">\n    <span>celle-franzoeischer-garten-fruehling c) Stadt Celle<\/span>\n    <\/div>\n                <\/div>\n                        <div class=\"contentKachel-content\">\n                                    <div class=\"city-tag bg-celle\">\n                        Celle                    <\/div>\n                \n                <div class=\"title\">\n\n                    Fransk have Celle                    \n                <\/div>\n\n                            <\/div>\n\n        <\/div>\n    <\/a>\n<\/div>                                                        \n<div class=\"contentKachel filtr-item\" data-category=\"celle-da\">\n    <a href=\"https:\/\/9staedte.de\/da\/celle-slotspark\/\">\n        <div class=\"contentKachel-inner\">\n                            <div class=\"contentKachel-thumbnail\">\n                    <img loading=\"lazy\" decoding=\"async\" width=\"300\" height=\"165\" src=\"https:\/\/9staedte.de\/wp-content\/smush-webp\/2022\/03\/Celler-Schloss-und-Schlosspark-c-Celle-Tourismus-300x165.jpg.webp\" class=\"objectfitcover withfilters wp-post-image\" alt=\"Billedet viser slotsparken i Celle. I baggrunden st\u00e5r Celle Slot. Det er en stor hvid bygning med mange vinduer og gr\u00f8nne t\u00e5rne. Forrest st\u00e5r en statue. Statuen viser en hest og en person. Himlen er bl\u00e5, og solen skinner. Der er mange tr\u00e6er og gr\u00e6spl\u00e6ner i parken.\" srcset=\"https:\/\/9staedte.de\/wp-content\/smush-webp\/2022\/03\/Celler-Schloss-und-Schlosspark-c-Celle-Tourismus-300x165.jpg.webp 300w, https:\/\/9staedte.de\/wp-content\/smush-webp\/2022\/03\/Celler-Schloss-und-Schlosspark-c-Celle-Tourismus-768x422.jpg.webp 768w, https:\/\/9staedte.de\/wp-content\/smush-webp\/2022\/03\/Celler-Schloss-und-Schlosspark-c-Celle-Tourismus.jpg.webp 1020w\" sizes=\"auto, (max-width: 300px) 100vw, 300px\" \/>                    <img loading=\"lazy\" decoding=\"async\" width=\"300\" height=\"165\" src=\"https:\/\/9staedte.de\/wp-content\/smush-webp\/2022\/03\/Celler-Schloss-und-Schlosspark-c-Celle-Tourismus-300x165.jpg.webp\" class=\"objectfitcontain wp-post-image\" alt=\"Billedet viser slotsparken i Celle. I baggrunden st\u00e5r Celle Slot. Det er en stor hvid bygning med mange vinduer og gr\u00f8nne t\u00e5rne. Forrest st\u00e5r en statue. Statuen viser en hest og en person. Himlen er bl\u00e5, og solen skinner. Der er mange tr\u00e6er og gr\u00e6spl\u00e6ner i parken.\" srcset=\"https:\/\/9staedte.de\/wp-content\/smush-webp\/2022\/03\/Celler-Schloss-und-Schlosspark-c-Celle-Tourismus-300x165.jpg.webp 300w, https:\/\/9staedte.de\/wp-content\/smush-webp\/2022\/03\/Celler-Schloss-und-Schlosspark-c-Celle-Tourismus-768x422.jpg.webp 768w, https:\/\/9staedte.de\/wp-content\/smush-webp\/2022\/03\/Celler-Schloss-und-Schlosspark-c-Celle-Tourismus.jpg.webp 1020w\" sizes=\"auto, (max-width: 300px) 100vw, 300px\" \/>                        <div class=\"thumbnail-label\">\n    <span>Celler Schloss und Schlosspark c) Celle Tourismus<\/span>\n    <\/div>\n                <\/div>\n                        <div class=\"contentKachel-content\">\n                                    <div class=\"city-tag bg-celle\">\n                        Celle                    <\/div>\n                \n                <div class=\"title\">\n\n                    Celle Slotspark                    \n                <\/div>\n\n                            <\/div>\n\n        <\/div>\n    <\/a>\n<\/div>                                                        \n<div class=\"contentKachel filtr-item\" data-category=\"celle-da\">\n    <a href=\"https:\/\/9staedte.de\/da\/bliv-haengende-blandt-blomster-og-groent-i-stadtpark-celle\/\">\n        <div class=\"contentKachel-inner\">\n                            <div class=\"contentKachel-thumbnail\">\n                    <img decoding=\"async\" src=\"\/wp-content\/themes\/nine-cities\/site\/img\/Placeholder.png\" alt=\"Placeholder\">\n                <\/div>\n                        <div class=\"contentKachel-content\">\n                                    <div class=\"city-tag bg-celle\">\n                        Celle                    <\/div>\n                \n                <div class=\"title\">\n\n                    Bliv h\u00e6ngende blandt blomster og gr\u00f8nt &#8211; i Stadtpark Celle                    \n                <\/div>\n\n                            <\/div>\n\n        <\/div>\n    <\/a>\n<\/div>                                                        \n<div class=\"contentKachel filtr-item\" data-category=\"celle-da\">\n    <a href=\"https:\/\/9staedte.de\/da\/laegeplantehaven-celle\/\">\n        <div class=\"contentKachel-inner\">\n                            <div class=\"contentKachel-thumbnail\">\n                    <img loading=\"lazy\" decoding=\"async\" width=\"300\" height=\"166\" src=\"https:\/\/9staedte.de\/wp-content\/smush-webp\/2022\/03\/Heilpflanzengarten-Plan-c-Celle-Tourismus-300x166.jpg.webp\" class=\"objectfitcover withfilters wp-post-image\" alt=\"Billedet viser en tegning af l\u00e6geplantehaven i Celle. I midten er der en rund plads med en springvand. Mange stier f\u00f8rer fra springvandet til sm\u00e5 bede. Der vokser l\u00e6geplanter i bedene. Der er mange tr\u00e6er og buske. \u00d8verst til h\u00f8jre er der et sted med borde og stole. Nederst til venstre er der en lille pavillon. Tegningen viser haven ovenfra.\" srcset=\"https:\/\/9staedte.de\/wp-content\/smush-webp\/2022\/03\/Heilpflanzengarten-Plan-c-Celle-Tourismus-300x166.jpg.webp 300w, https:\/\/9staedte.de\/wp-content\/smush-webp\/2022\/03\/Heilpflanzengarten-Plan-c-Celle-Tourismus-768x426.jpg.webp 768w, https:\/\/9staedte.de\/wp-content\/smush-webp\/2022\/03\/Heilpflanzengarten-Plan-c-Celle-Tourismus.jpg.webp 1020w\" sizes=\"auto, (max-width: 300px) 100vw, 300px\" \/>                    <img loading=\"lazy\" decoding=\"async\" width=\"300\" height=\"166\" src=\"https:\/\/9staedte.de\/wp-content\/smush-webp\/2022\/03\/Heilpflanzengarten-Plan-c-Celle-Tourismus-300x166.jpg.webp\" class=\"objectfitcontain wp-post-image\" alt=\"Billedet viser en tegning af l\u00e6geplantehaven i Celle. I midten er der en rund plads med en springvand. Mange stier f\u00f8rer fra springvandet til sm\u00e5 bede. Der vokser l\u00e6geplanter i bedene. Der er mange tr\u00e6er og buske. \u00d8verst til h\u00f8jre er der et sted med borde og stole. Nederst til venstre er der en lille pavillon. Tegningen viser haven ovenfra.\" srcset=\"https:\/\/9staedte.de\/wp-content\/smush-webp\/2022\/03\/Heilpflanzengarten-Plan-c-Celle-Tourismus-300x166.jpg.webp 300w, https:\/\/9staedte.de\/wp-content\/smush-webp\/2022\/03\/Heilpflanzengarten-Plan-c-Celle-Tourismus-768x426.jpg.webp 768w, https:\/\/9staedte.de\/wp-content\/smush-webp\/2022\/03\/Heilpflanzengarten-Plan-c-Celle-Tourismus.jpg.webp 1020w\" sizes=\"auto, (max-width: 300px) 100vw, 300px\" \/>                        <div class=\"thumbnail-label\">\n    <span>Heilpflanzengarten Plan c) Celle Tourismus<\/span>\n    <\/div>\n                <\/div>\n                        <div class=\"contentKachel-content\">\n                                    <div class=\"city-tag bg-celle\">\n                        Celle                    <\/div>\n                \n                <div class=\"title\">\n\n                    L\u00e6geplantehaven Celle                    \n                <\/div>\n\n                            <\/div>\n\n        <\/div>\n    <\/a>\n<\/div>                                                        \n<div class=\"contentKachel filtr-item\" data-category=\"celle-da\">\n    <a href=\"https:\/\/9staedte.de\/da\/herzogschloss-celle-den-aeldste-bygning-i-byen\/\">\n        <div class=\"contentKachel-inner\">\n                            <div class=\"contentKachel-thumbnail\">\n                    <img loading=\"lazy\" decoding=\"async\" width=\"300\" height=\"164\" src=\"https:\/\/9staedte.de\/wp-content\/smush-webp\/2022\/03\/Celle_Schloss-c-Martin-Kirchner-300x164.jpg.webp\" class=\"objectfitcover withfilters wp-post-image\" alt=\"Billedet viser slottet i Celle om aftenen. Slottet er oplyst med lys. Det har mange vinduer og t\u00e5rne. Der st\u00e5r lygter p\u00e5 begge sider. Himlen er m\u00f8rkebl\u00e5. Tr\u00e6er omgiver slottet.\" srcset=\"https:\/\/9staedte.de\/wp-content\/smush-webp\/2022\/03\/Celle_Schloss-c-Martin-Kirchner-300x164.jpg.webp 300w, https:\/\/9staedte.de\/wp-content\/smush-webp\/2022\/03\/Celle_Schloss-c-Martin-Kirchner-768x421.jpg.webp 768w, https:\/\/9staedte.de\/wp-content\/smush-webp\/2022\/03\/Celle_Schloss-c-Martin-Kirchner.jpg.webp 1020w\" sizes=\"auto, (max-width: 300px) 100vw, 300px\" \/>                    <img loading=\"lazy\" decoding=\"async\" width=\"300\" height=\"164\" src=\"https:\/\/9staedte.de\/wp-content\/smush-webp\/2022\/03\/Celle_Schloss-c-Martin-Kirchner-300x164.jpg.webp\" class=\"objectfitcontain wp-post-image\" alt=\"Billedet viser slottet i Celle om aftenen. Slottet er oplyst med lys. Det har mange vinduer og t\u00e5rne. Der st\u00e5r lygter p\u00e5 begge sider. Himlen er m\u00f8rkebl\u00e5. Tr\u00e6er omgiver slottet.\" srcset=\"https:\/\/9staedte.de\/wp-content\/smush-webp\/2022\/03\/Celle_Schloss-c-Martin-Kirchner-300x164.jpg.webp 300w, https:\/\/9staedte.de\/wp-content\/smush-webp\/2022\/03\/Celle_Schloss-c-Martin-Kirchner-768x421.jpg.webp 768w, https:\/\/9staedte.de\/wp-content\/smush-webp\/2022\/03\/Celle_Schloss-c-Martin-Kirchner.jpg.webp 1020w\" sizes=\"auto, (max-width: 300px) 100vw, 300px\" \/>                        <div class=\"thumbnail-label\">\n    <span>Celle, Schloss, Schlosspark c) Martin Kirchner<\/span>\n    <\/div>\n                <\/div>\n                        <div class=\"contentKachel-content\">\n                                    <div class=\"city-tag bg-celle\">\n                        Celle                    <\/div>\n                \n                <div class=\"title\">\n\n                    Herzogschloss Celle &#8211; den \u00e6ldste bygning i byen                    \n                <\/div>\n\n                            <\/div>\n\n        <\/div>\n    <\/a>\n<\/div>                                            <\/div>\r\n    <\/div>\r\n","protected":false},"excerpt":{"rendered":"","protected":false},"author":1,"featured_media":12529,"parent":12705,"menu_order":0,"comment_status":"closed","ping_status":"closed","template":"pagetemplates\/template-stadtthema.php","meta":{"_acf_changed":false,"footnotes":""},"categories":[],"tags":[],"ncap_cities_tax":[427,707],"class_list":["post-12519","page","type-page","status-publish","has-post-thumbnail","hentry","ncap_cities_tax-celle-da","ncap_cities_tax-schlosser-und-garten-celle-da"],"acf":[],"yoast_head":"<!-- This site is optimized with the Yoast SEO plugin v26.8 - https:\/\/yoast.com\/product\/yoast-seo-wordpress\/ -->\n<title>Slotte og haver i Celle - 9 St\u00e4dte in Niedersachsen<\/title>\n<meta name=\"robots\" content=\"index, follow, max-snippet:-1, max-image-preview:large, max-video-preview:-1\" \/>\n<link rel=\"canonical\" href=\"https:\/\/9staedte.de\/da\/celle-dejlig-by-med-mange-boliger\/slotte-og-haver-i-celle\/\" \/>\n<meta property=\"og:locale\" content=\"da_DK\" \/>\n<meta property=\"og:type\" content=\"article\" \/>\n<meta property=\"og:title\" content=\"Slotte og haver i Celle - 9 St\u00e4dte in Niedersachsen\" \/>\n<meta property=\"og:url\" content=\"https:\/\/9staedte.de\/da\/celle-dejlig-by-med-mange-boliger\/slotte-og-haver-i-celle\/\" \/>\n<meta property=\"og:site_name\" content=\"9 St\u00e4dte in Niedersachsen\" \/>\n<meta property=\"article:modified_time\" content=\"2025-05-08T13:02:12+00:00\" \/>\n<meta property=\"og:image\" content=\"https:\/\/9staedte.de\/wp-content\/uploads\/2023\/06\/Celle-Schloss-c-Celle-Tourismus.jpg\" \/>\n\t<meta property=\"og:image:width\" content=\"1020\" \/>\n\t<meta property=\"og:image:height\" content=\"561\" \/>\n\t<meta property=\"og:image:type\" content=\"image\/jpeg\" \/>\n<meta name=\"twitter:card\" content=\"summary_large_image\" \/>\n<meta name=\"twitter:label1\" content=\"Estimeret l\u00e6setid\" \/>\n\t<meta name=\"twitter:data1\" content=\"1 minut\" \/>\n<script type=\"application\/ld+json\" class=\"yoast-schema-graph\">{\"@context\":\"https:\/\/schema.org\",\"@graph\":[{\"@type\":\"WebPage\",\"@id\":\"https:\/\/9staedte.de\/da\/celle-dejlig-by-med-mange-boliger\/slotte-og-haver-i-celle\/\",\"url\":\"https:\/\/9staedte.de\/da\/celle-dejlig-by-med-mange-boliger\/slotte-og-haver-i-celle\/\",\"name\":\"Slotte og haver i Celle - 9 St\u00e4dte in Niedersachsen\",\"isPartOf\":{\"@id\":\"https:\/\/9staedte.de\/da\/#website\"},\"primaryImageOfPage\":{\"@id\":\"https:\/\/9staedte.de\/da\/celle-dejlig-by-med-mange-boliger\/slotte-og-haver-i-celle\/#primaryimage\"},\"image\":{\"@id\":\"https:\/\/9staedte.de\/da\/celle-dejlig-by-med-mange-boliger\/slotte-og-haver-i-celle\/#primaryimage\"},\"thumbnailUrl\":\"https:\/\/9staedte.de\/wp-content\/uploads\/2023\/06\/Celle-Schloss-c-Celle-Tourismus.jpg\",\"datePublished\":\"2023-10-25T10:24:03+00:00\",\"dateModified\":\"2025-05-08T13:02:12+00:00\",\"breadcrumb\":{\"@id\":\"https:\/\/9staedte.de\/da\/celle-dejlig-by-med-mange-boliger\/slotte-og-haver-i-celle\/#breadcrumb\"},\"inLanguage\":\"da-DK\",\"potentialAction\":[{\"@type\":\"ReadAction\",\"target\":[\"https:\/\/9staedte.de\/da\/celle-dejlig-by-med-mange-boliger\/slotte-og-haver-i-celle\/\"]}]},{\"@type\":\"ImageObject\",\"inLanguage\":\"da-DK\",\"@id\":\"https:\/\/9staedte.de\/da\/celle-dejlig-by-med-mange-boliger\/slotte-og-haver-i-celle\/#primaryimage\",\"url\":\"https:\/\/9staedte.de\/wp-content\/uploads\/2023\/06\/Celle-Schloss-c-Celle-Tourismus.jpg\",\"contentUrl\":\"https:\/\/9staedte.de\/wp-content\/uploads\/2023\/06\/Celle-Schloss-c-Celle-Tourismus.jpg\",\"width\":1020,\"height\":561,\"caption\":\"Celle Schloss c) Celle Tourismus\"},{\"@type\":\"BreadcrumbList\",\"@id\":\"https:\/\/9staedte.de\/da\/celle-dejlig-by-med-mange-boliger\/slotte-og-haver-i-celle\/#breadcrumb\",\"itemListElement\":[{\"@type\":\"ListItem\",\"position\":1,\"name\":\"Startseite\",\"item\":\"https:\/\/9staedte.de\/da\/hjem-9-byer-2-i-niedersachsen\/\"},{\"@type\":\"ListItem\",\"position\":2,\"name\":\"Celle &#8211; dejlig by med mange boliger\",\"item\":\"https:\/\/9staedte.de\/da\/celle-dejlig-by-med-mange-boliger\/\"},{\"@type\":\"ListItem\",\"position\":3,\"name\":\"Slotte og haver i Celle\"}]},{\"@type\":\"WebSite\",\"@id\":\"https:\/\/9staedte.de\/da\/#website\",\"url\":\"https:\/\/9staedte.de\/da\/\",\"name\":\"9 St\u00e4dte in Niedersachsen\",\"description\":\"\",\"publisher\":{\"@id\":\"https:\/\/9staedte.de\/da\/#organization\"},\"potentialAction\":[{\"@type\":\"SearchAction\",\"target\":{\"@type\":\"EntryPoint\",\"urlTemplate\":\"https:\/\/9staedte.de\/da\/?s={search_term_string}\"},\"query-input\":{\"@type\":\"PropertyValueSpecification\",\"valueRequired\":true,\"valueName\":\"search_term_string\"}}],\"inLanguage\":\"da-DK\"},{\"@type\":\"Organization\",\"@id\":\"https:\/\/9staedte.de\/da\/#organization\",\"name\":\"9 St\u00e4dte in Niedersachsen\",\"url\":\"https:\/\/9staedte.de\/da\/\",\"logo\":{\"@type\":\"ImageObject\",\"inLanguage\":\"da-DK\",\"@id\":\"https:\/\/9staedte.de\/da\/#\/schema\/logo\/image\/\",\"url\":\"https:\/\/9staedte.de\/wp-content\/uploads\/2025\/01\/9-neg-deutsch-2-1.png\",\"contentUrl\":\"https:\/\/9staedte.de\/wp-content\/uploads\/2025\/01\/9-neg-deutsch-2-1.png\",\"width\":190,\"height\":114,\"caption\":\"9 St\u00e4dte in Niedersachsen\"},\"image\":{\"@id\":\"https:\/\/9staedte.de\/da\/#\/schema\/logo\/image\/\"}}]}<\/script>\n<!-- \/ Yoast SEO plugin. -->","yoast_head_json":{"title":"Slotte og haver i Celle - 9 St\u00e4dte in Niedersachsen","robots":{"index":"index","follow":"follow","max-snippet":"max-snippet:-1","max-image-preview":"max-image-preview:large","max-video-preview":"max-video-preview:-1"},"canonical":"https:\/\/9staedte.de\/da\/celle-dejlig-by-med-mange-boliger\/slotte-og-haver-i-celle\/","og_locale":"da_DK","og_type":"article","og_title":"Slotte og haver i Celle - 9 St\u00e4dte in Niedersachsen","og_url":"https:\/\/9staedte.de\/da\/celle-dejlig-by-med-mange-boliger\/slotte-og-haver-i-celle\/","og_site_name":"9 St\u00e4dte in Niedersachsen","article_modified_time":"2025-05-08T13:02:12+00:00","og_image":[{"width":1020,"height":561,"url":"https:\/\/9staedte.de\/wp-content\/uploads\/2023\/06\/Celle-Schloss-c-Celle-Tourismus.jpg","type":"image\/jpeg"}],"twitter_card":"summary_large_image","twitter_misc":{"Estimeret l\u00e6setid":"1 minut"},"schema":{"@context":"https:\/\/schema.org","@graph":[{"@type":"WebPage","@id":"https:\/\/9staedte.de\/da\/celle-dejlig-by-med-mange-boliger\/slotte-og-haver-i-celle\/","url":"https:\/\/9staedte.de\/da\/celle-dejlig-by-med-mange-boliger\/slotte-og-haver-i-celle\/","name":"Slotte og haver i Celle - 9 St\u00e4dte in Niedersachsen","isPartOf":{"@id":"https:\/\/9staedte.de\/da\/#website"},"primaryImageOfPage":{"@id":"https:\/\/9staedte.de\/da\/celle-dejlig-by-med-mange-boliger\/slotte-og-haver-i-celle\/#primaryimage"},"image":{"@id":"https:\/\/9staedte.de\/da\/celle-dejlig-by-med-mange-boliger\/slotte-og-haver-i-celle\/#primaryimage"},"thumbnailUrl":"https:\/\/9staedte.de\/wp-content\/uploads\/2023\/06\/Celle-Schloss-c-Celle-Tourismus.jpg","datePublished":"2023-10-25T10:24:03+00:00","dateModified":"2025-05-08T13:02:12+00:00","breadcrumb":{"@id":"https:\/\/9staedte.de\/da\/celle-dejlig-by-med-mange-boliger\/slotte-og-haver-i-celle\/#breadcrumb"},"inLanguage":"da-DK","potentialAction":[{"@type":"ReadAction","target":["https:\/\/9staedte.de\/da\/celle-dejlig-by-med-mange-boliger\/slotte-og-haver-i-celle\/"]}]},{"@type":"ImageObject","inLanguage":"da-DK","@id":"https:\/\/9staedte.de\/da\/celle-dejlig-by-med-mange-boliger\/slotte-og-haver-i-celle\/#primaryimage","url":"https:\/\/9staedte.de\/wp-content\/uploads\/2023\/06\/Celle-Schloss-c-Celle-Tourismus.jpg","contentUrl":"https:\/\/9staedte.de\/wp-content\/uploads\/2023\/06\/Celle-Schloss-c-Celle-Tourismus.jpg","width":1020,"height":561,"caption":"Celle Schloss c) Celle Tourismus"},{"@type":"BreadcrumbList","@id":"https:\/\/9staedte.de\/da\/celle-dejlig-by-med-mange-boliger\/slotte-og-haver-i-celle\/#breadcrumb","itemListElement":[{"@type":"ListItem","position":1,"name":"Startseite","item":"https:\/\/9staedte.de\/da\/hjem-9-byer-2-i-niedersachsen\/"},{"@type":"ListItem","position":2,"name":"Celle &#8211; dejlig by med mange boliger","item":"https:\/\/9staedte.de\/da\/celle-dejlig-by-med-mange-boliger\/"},{"@type":"ListItem","position":3,"name":"Slotte og haver i Celle"}]},{"@type":"WebSite","@id":"https:\/\/9staedte.de\/da\/#website","url":"https:\/\/9staedte.de\/da\/","name":"9 St\u00e4dte in Niedersachsen","description":"","publisher":{"@id":"https:\/\/9staedte.de\/da\/#organization"},"potentialAction":[{"@type":"SearchAction","target":{"@type":"EntryPoint","urlTemplate":"https:\/\/9staedte.de\/da\/?s={search_term_string}"},"query-input":{"@type":"PropertyValueSpecification","valueRequired":true,"valueName":"search_term_string"}}],"inLanguage":"da-DK"},{"@type":"Organization","@id":"https:\/\/9staedte.de\/da\/#organization","name":"9 St\u00e4dte in Niedersachsen","url":"https:\/\/9staedte.de\/da\/","logo":{"@type":"ImageObject","inLanguage":"da-DK","@id":"https:\/\/9staedte.de\/da\/#\/schema\/logo\/image\/","url":"https:\/\/9staedte.de\/wp-content\/uploads\/2025\/01\/9-neg-deutsch-2-1.png","contentUrl":"https:\/\/9staedte.de\/wp-content\/uploads\/2025\/01\/9-neg-deutsch-2-1.png","width":190,"height":114,"caption":"9 St\u00e4dte in Niedersachsen"},"image":{"@id":"https:\/\/9staedte.de\/da\/#\/schema\/logo\/image\/"}}]}},"_links":{"self":[{"href":"https:\/\/9staedte.de\/da\/wp-json\/wp\/v2\/pages\/12519","targetHints":{"allow":["GET"]}}],"collection":[{"href":"https:\/\/9staedte.de\/da\/wp-json\/wp\/v2\/pages"}],"about":[{"href":"https:\/\/9staedte.de\/da\/wp-json\/wp\/v2\/types\/page"}],"author":[{"embeddable":true,"href":"https:\/\/9staedte.de\/da\/wp-json\/wp\/v2\/users\/1"}],"replies":[{"embeddable":true,"href":"https:\/\/9staedte.de\/da\/wp-json\/wp\/v2\/comments?post=12519"}],"version-history":[{"count":2,"href":"https:\/\/9staedte.de\/da\/wp-json\/wp\/v2\/pages\/12519\/revisions"}],"predecessor-version":[{"id":25408,"href":"https:\/\/9staedte.de\/da\/wp-json\/wp\/v2\/pages\/12519\/revisions\/25408"}],"up":[{"embeddable":true,"href":"https:\/\/9staedte.de\/da\/wp-json\/wp\/v2\/pages\/12705"}],"wp:featuredmedia":[{"embeddable":true,"href":"https:\/\/9staedte.de\/da\/wp-json\/wp\/v2\/media\/12529"}],"wp:attachment":[{"href":"https:\/\/9staedte.de\/da\/wp-json\/wp\/v2\/media?parent=12519"}],"wp:term":[{"taxonomy":"category","embeddable":true,"href":"https:\/\/9staedte.de\/da\/wp-json\/wp\/v2\/categories?post=12519"},{"taxonomy":"post_tag","embeddable":true,"href":"https:\/\/9staedte.de\/da\/wp-json\/wp\/v2\/tags?post=12519"},{"taxonomy":"ncap_cities_tax","embeddable":true,"href":"https:\/\/9staedte.de\/da\/wp-json\/wp\/v2\/ncap_cities_tax?post=12519"}],"curies":[{"name":"wp","href":"https:\/\/api.w.org\/{rel}","templated":true}]}}