{"id":12501,"date":"2023-10-25T12:25:59","date_gmt":"2023-10-25T10:25:59","guid":{"rendered":"https:\/\/9staedte.de\/shopping-og-gaa-ud-i-goslar\/"},"modified":"2024-05-08T15:32:56","modified_gmt":"2024-05-08T13:32:56","slug":"shopping-og-gaa-ud-i-goslar","status":"publish","type":"page","link":"https:\/\/9staedte.de\/da\/goslar-verdensarvsomraade-i-harzen\/shopping-og-gaa-ud-i-goslar\/","title":{"rendered":"Shopping og g\u00e5 ud i Goslar"},"content":{"rendered":"\n<h2 class=\"wp-block-heading\">Bes\u00f8g Goslar &#8211; shoppingbyen ved Harzen<\/h2>\n\n\n\n<p><strong>Shoppingbyen&nbsp;i Harzen tilbyder alt, hvad du har brug for til en afslappet spadseretur gennem Goslars centrum&nbsp;.&nbsp;<\/strong><\/p>\n\n\n\n<p>N\u00e5r du slentrer gennem Goslars smukke bymidte, kan du shoppe p\u00e5 livet l\u00f8s omgivet af unik arkitektur. P\u00e5 en kvadratkilometer i den gamle bydel er der omkring hundrede butikker p\u00e5 meget lidt plads. Lige s\u00e5 mange hyggelige restauranter, hyggelige caf\u00e9er og trendy barer byder p\u00e5 alt, hvad ganen og sanserne kan beg\u00e6re.<\/p>\n\n\n\n\n<div class=\"banner-wrapper\">\n  <div class=\"banner-inner \">\n      <div class=\"img-container\">\n      <div class=\"img-wrapper\">\n        <img decoding=\"async\" src=\"https:\/\/9staedte.de\/wp-content\/smush-webp\/2023\/02\/Schuhhof-Haeuserfassade_GOSLAR-marketing-gmbh_Fotograf-Stefan-Schiefer-1.jpg.webp\" alt=\"Billedet viser Schuhhof i byen Goslar. Mange gamle bindingsv\u00e6rkshuse st\u00e5r side om side. Husene er farverige og smukt dekoreret. Foran husene sidder folk p\u00e5 en caf\u00e9. De drikker noget og nyder solen. Det er en solrig dag, og stemningen er afslappet.\" \/>\n                  <div class=\"thumbnail-label\">\n            <span>Schuhhof H\u00e4userfassade_GOSLAR marketing gmbh_Fotograf Stefan Schiefer<\/span>\n          <\/div>\n              <\/div>\n    <\/div>\n        <div class=\"text-container\">\n      <div class=\"content\">\n        <h3>Tipps rund ums Einkaufen und Ausgehen in Goslar<\/h3>\n<ul>\n<li>Moderne Gesch\u00e4fte in historischer Architektur<\/li>\n<li>H\u00f6chste Gastronomiedichte in Niedersachsen<\/li>\n<li>Hervorragendes Kulturangebot<\/li>\n<li>Wochenm\u00e4rkte<\/li>\n<li>Kunsthandwerkermarkt<\/li>\n<li>Einzigartiger Weihnachtsmarkt &amp; Weihnachtswald<\/li>\n<\/ul>\n      <\/div>\n    <\/div>\n    <\/div>\n<\/div>\n\n","protected":false},"excerpt":{"rendered":"<p>Bes\u00f8g Goslar &#8211; shoppingbyen ved Harzen Shoppingbyen&nbsp;i Harzen tilbyder alt, hvad du har brug for til en afslappet spadseretur gennem Goslars centrum&nbsp;.&nbsp; N\u00e5r du slentrer gennem Goslars smukke bymidte, kan du shoppe p\u00e5 livet l\u00f8s omgivet af unik arkitektur. P\u00e5 en kvadratkilometer i den gamle bydel er der omkring hundrede butikker p\u00e5 meget lidt plads. [&hellip;]<\/p>\n","protected":false},"author":1,"featured_media":12515,"parent":12640,"menu_order":0,"comment_status":"closed","ping_status":"closed","template":"pagetemplates\/template-stadtthema.php","meta":{"_acf_changed":false,"footnotes":""},"categories":[],"tags":[],"ncap_cities_tax":[441,777],"class_list":["post-12501","page","type-page","status-publish","has-post-thumbnail","hentry","ncap_cities_tax-goslar-da","ncap_cities_tax-shopping-und-ausgehen-goslar-da"],"acf":[],"yoast_head":"<!-- This site is optimized with the Yoast SEO plugin v26.8 - https:\/\/yoast.com\/product\/yoast-seo-wordpress\/ -->\n<title>Shopping og g\u00e5 ud i Goslar - 9 St\u00e4dte in Niedersachsen<\/title>\n<meta name=\"robots\" content=\"index, follow, max-snippet:-1, max-image-preview:large, max-video-preview:-1\" \/>\n<link rel=\"canonical\" href=\"https:\/\/9staedte.de\/da\/goslar-verdensarvsomraade-i-harzen\/shopping-og-gaa-ud-i-goslar\/\" \/>\n<meta property=\"og:locale\" content=\"da_DK\" \/>\n<meta property=\"og:type\" content=\"article\" \/>\n<meta property=\"og:title\" content=\"Shopping og g\u00e5 ud i Goslar - 9 St\u00e4dte in Niedersachsen\" \/>\n<meta property=\"og:description\" content=\"Bes\u00f8g Goslar &#8211; shoppingbyen ved Harzen Shoppingbyen&nbsp;i Harzen tilbyder alt, hvad du har brug for til en afslappet spadseretur gennem Goslars centrum&nbsp;.&nbsp; N\u00e5r du slentrer gennem Goslars smukke bymidte, kan du shoppe p\u00e5 livet l\u00f8s omgivet af unik arkitektur. P\u00e5 en kvadratkilometer i den gamle bydel er der omkring hundrede butikker p\u00e5 meget lidt plads. [&hellip;]\" \/>\n<meta property=\"og:url\" content=\"https:\/\/9staedte.de\/da\/goslar-verdensarvsomraade-i-harzen\/shopping-og-gaa-ud-i-goslar\/\" \/>\n<meta property=\"og:site_name\" content=\"9 St\u00e4dte in Niedersachsen\" \/>\n<meta property=\"article:modified_time\" content=\"2024-05-08T13:32:56+00:00\" \/>\n<meta property=\"og:image\" content=\"https:\/\/9staedte.de\/wp-content\/uploads\/2023\/02\/Belebter-Marktplatz_Quelle-GOSLAR-marketing-gmbh_Fotograf-Stefan-Schiefer.jpg\" \/>\n\t<meta property=\"og:image:width\" content=\"1020\" \/>\n\t<meta property=\"og:image:height\" content=\"560\" \/>\n\t<meta property=\"og:image:type\" content=\"image\/jpeg\" \/>\n<meta name=\"twitter:card\" content=\"summary_large_image\" \/>\n<meta name=\"twitter:label1\" content=\"Estimeret l\u00e6setid\" \/>\n\t<meta name=\"twitter:data1\" content=\"1 minut\" \/>\n<script type=\"application\/ld+json\" class=\"yoast-schema-graph\">{\"@context\":\"https:\/\/schema.org\",\"@graph\":[{\"@type\":\"WebPage\",\"@id\":\"https:\/\/9staedte.de\/da\/goslar-verdensarvsomraade-i-harzen\/shopping-og-gaa-ud-i-goslar\/\",\"url\":\"https:\/\/9staedte.de\/da\/goslar-verdensarvsomraade-i-harzen\/shopping-og-gaa-ud-i-goslar\/\",\"name\":\"Shopping og g\u00e5 ud i Goslar - 9 St\u00e4dte in Niedersachsen\",\"isPartOf\":{\"@id\":\"https:\/\/9staedte.de\/da\/#website\"},\"primaryImageOfPage\":{\"@id\":\"https:\/\/9staedte.de\/da\/goslar-verdensarvsomraade-i-harzen\/shopping-og-gaa-ud-i-goslar\/#primaryimage\"},\"image\":{\"@id\":\"https:\/\/9staedte.de\/da\/goslar-verdensarvsomraade-i-harzen\/shopping-og-gaa-ud-i-goslar\/#primaryimage\"},\"thumbnailUrl\":\"https:\/\/9staedte.de\/wp-content\/uploads\/2023\/02\/Belebter-Marktplatz_Quelle-GOSLAR-marketing-gmbh_Fotograf-Stefan-Schiefer.jpg\",\"datePublished\":\"2023-10-25T10:25:59+00:00\",\"dateModified\":\"2024-05-08T13:32:56+00:00\",\"breadcrumb\":{\"@id\":\"https:\/\/9staedte.de\/da\/goslar-verdensarvsomraade-i-harzen\/shopping-og-gaa-ud-i-goslar\/#breadcrumb\"},\"inLanguage\":\"da-DK\",\"potentialAction\":[{\"@type\":\"ReadAction\",\"target\":[\"https:\/\/9staedte.de\/da\/goslar-verdensarvsomraade-i-harzen\/shopping-og-gaa-ud-i-goslar\/\"]}]},{\"@type\":\"ImageObject\",\"inLanguage\":\"da-DK\",\"@id\":\"https:\/\/9staedte.de\/da\/goslar-verdensarvsomraade-i-harzen\/shopping-og-gaa-ud-i-goslar\/#primaryimage\",\"url\":\"https:\/\/9staedte.de\/wp-content\/uploads\/2023\/02\/Belebter-Marktplatz_Quelle-GOSLAR-marketing-gmbh_Fotograf-Stefan-Schiefer.jpg\",\"contentUrl\":\"https:\/\/9staedte.de\/wp-content\/uploads\/2023\/02\/Belebter-Marktplatz_Quelle-GOSLAR-marketing-gmbh_Fotograf-Stefan-Schiefer.jpg\",\"width\":1020,\"height\":560,\"caption\":\"Belebter Marktplatz_Quelle GOSLAR marketing gmbh_Fotograf Stefan Schiefer\"},{\"@type\":\"BreadcrumbList\",\"@id\":\"https:\/\/9staedte.de\/da\/goslar-verdensarvsomraade-i-harzen\/shopping-og-gaa-ud-i-goslar\/#breadcrumb\",\"itemListElement\":[{\"@type\":\"ListItem\",\"position\":1,\"name\":\"Startseite\",\"item\":\"https:\/\/9staedte.de\/da\/hjem-9-byer-2-i-niedersachsen\/\"},{\"@type\":\"ListItem\",\"position\":2,\"name\":\"Goslar &#8211; verdensarvsomr\u00e5de i Harzen\",\"item\":\"https:\/\/9staedte.de\/da\/goslar-verdensarvsomraade-i-harzen\/\"},{\"@type\":\"ListItem\",\"position\":3,\"name\":\"Shopping og g\u00e5 ud i Goslar\"}]},{\"@type\":\"WebSite\",\"@id\":\"https:\/\/9staedte.de\/da\/#website\",\"url\":\"https:\/\/9staedte.de\/da\/\",\"name\":\"9 St\u00e4dte in Niedersachsen\",\"description\":\"\",\"publisher\":{\"@id\":\"https:\/\/9staedte.de\/da\/#organization\"},\"potentialAction\":[{\"@type\":\"SearchAction\",\"target\":{\"@type\":\"EntryPoint\",\"urlTemplate\":\"https:\/\/9staedte.de\/da\/?s={search_term_string}\"},\"query-input\":{\"@type\":\"PropertyValueSpecification\",\"valueRequired\":true,\"valueName\":\"search_term_string\"}}],\"inLanguage\":\"da-DK\"},{\"@type\":\"Organization\",\"@id\":\"https:\/\/9staedte.de\/da\/#organization\",\"name\":\"9 St\u00e4dte in Niedersachsen\",\"url\":\"https:\/\/9staedte.de\/da\/\",\"logo\":{\"@type\":\"ImageObject\",\"inLanguage\":\"da-DK\",\"@id\":\"https:\/\/9staedte.de\/da\/#\/schema\/logo\/image\/\",\"url\":\"https:\/\/9staedte.de\/wp-content\/uploads\/2025\/01\/9-neg-deutsch-2-1.png\",\"contentUrl\":\"https:\/\/9staedte.de\/wp-content\/uploads\/2025\/01\/9-neg-deutsch-2-1.png\",\"width\":190,\"height\":114,\"caption\":\"9 St\u00e4dte in Niedersachsen\"},\"image\":{\"@id\":\"https:\/\/9staedte.de\/da\/#\/schema\/logo\/image\/\"}}]}<\/script>\n<!-- \/ Yoast SEO plugin. -->","yoast_head_json":{"title":"Shopping og g\u00e5 ud i Goslar - 9 St\u00e4dte in Niedersachsen","robots":{"index":"index","follow":"follow","max-snippet":"max-snippet:-1","max-image-preview":"max-image-preview:large","max-video-preview":"max-video-preview:-1"},"canonical":"https:\/\/9staedte.de\/da\/goslar-verdensarvsomraade-i-harzen\/shopping-og-gaa-ud-i-goslar\/","og_locale":"da_DK","og_type":"article","og_title":"Shopping og g\u00e5 ud i Goslar - 9 St\u00e4dte in Niedersachsen","og_description":"Bes\u00f8g Goslar &#8211; shoppingbyen ved Harzen Shoppingbyen&nbsp;i Harzen tilbyder alt, hvad du har brug for til en afslappet spadseretur gennem Goslars centrum&nbsp;.&nbsp; N\u00e5r du slentrer gennem Goslars smukke bymidte, kan du shoppe p\u00e5 livet l\u00f8s omgivet af unik arkitektur. P\u00e5 en kvadratkilometer i den gamle bydel er der omkring hundrede butikker p\u00e5 meget lidt plads. [&hellip;]","og_url":"https:\/\/9staedte.de\/da\/goslar-verdensarvsomraade-i-harzen\/shopping-og-gaa-ud-i-goslar\/","og_site_name":"9 St\u00e4dte in Niedersachsen","article_modified_time":"2024-05-08T13:32:56+00:00","og_image":[{"width":1020,"height":560,"url":"https:\/\/9staedte.de\/wp-content\/uploads\/2023\/02\/Belebter-Marktplatz_Quelle-GOSLAR-marketing-gmbh_Fotograf-Stefan-Schiefer.jpg","type":"image\/jpeg"}],"twitter_card":"summary_large_image","twitter_misc":{"Estimeret l\u00e6setid":"1 minut"},"schema":{"@context":"https:\/\/schema.org","@graph":[{"@type":"WebPage","@id":"https:\/\/9staedte.de\/da\/goslar-verdensarvsomraade-i-harzen\/shopping-og-gaa-ud-i-goslar\/","url":"https:\/\/9staedte.de\/da\/goslar-verdensarvsomraade-i-harzen\/shopping-og-gaa-ud-i-goslar\/","name":"Shopping og g\u00e5 ud i Goslar - 9 St\u00e4dte in Niedersachsen","isPartOf":{"@id":"https:\/\/9staedte.de\/da\/#website"},"primaryImageOfPage":{"@id":"https:\/\/9staedte.de\/da\/goslar-verdensarvsomraade-i-harzen\/shopping-og-gaa-ud-i-goslar\/#primaryimage"},"image":{"@id":"https:\/\/9staedte.de\/da\/goslar-verdensarvsomraade-i-harzen\/shopping-og-gaa-ud-i-goslar\/#primaryimage"},"thumbnailUrl":"https:\/\/9staedte.de\/wp-content\/uploads\/2023\/02\/Belebter-Marktplatz_Quelle-GOSLAR-marketing-gmbh_Fotograf-Stefan-Schiefer.jpg","datePublished":"2023-10-25T10:25:59+00:00","dateModified":"2024-05-08T13:32:56+00:00","breadcrumb":{"@id":"https:\/\/9staedte.de\/da\/goslar-verdensarvsomraade-i-harzen\/shopping-og-gaa-ud-i-goslar\/#breadcrumb"},"inLanguage":"da-DK","potentialAction":[{"@type":"ReadAction","target":["https:\/\/9staedte.de\/da\/goslar-verdensarvsomraade-i-harzen\/shopping-og-gaa-ud-i-goslar\/"]}]},{"@type":"ImageObject","inLanguage":"da-DK","@id":"https:\/\/9staedte.de\/da\/goslar-verdensarvsomraade-i-harzen\/shopping-og-gaa-ud-i-goslar\/#primaryimage","url":"https:\/\/9staedte.de\/wp-content\/uploads\/2023\/02\/Belebter-Marktplatz_Quelle-GOSLAR-marketing-gmbh_Fotograf-Stefan-Schiefer.jpg","contentUrl":"https:\/\/9staedte.de\/wp-content\/uploads\/2023\/02\/Belebter-Marktplatz_Quelle-GOSLAR-marketing-gmbh_Fotograf-Stefan-Schiefer.jpg","width":1020,"height":560,"caption":"Belebter Marktplatz_Quelle GOSLAR marketing gmbh_Fotograf Stefan Schiefer"},{"@type":"BreadcrumbList","@id":"https:\/\/9staedte.de\/da\/goslar-verdensarvsomraade-i-harzen\/shopping-og-gaa-ud-i-goslar\/#breadcrumb","itemListElement":[{"@type":"ListItem","position":1,"name":"Startseite","item":"https:\/\/9staedte.de\/da\/hjem-9-byer-2-i-niedersachsen\/"},{"@type":"ListItem","position":2,"name":"Goslar &#8211; verdensarvsomr\u00e5de i Harzen","item":"https:\/\/9staedte.de\/da\/goslar-verdensarvsomraade-i-harzen\/"},{"@type":"ListItem","position":3,"name":"Shopping og g\u00e5 ud i Goslar"}]},{"@type":"WebSite","@id":"https:\/\/9staedte.de\/da\/#website","url":"https:\/\/9staedte.de\/da\/","name":"9 St\u00e4dte in Niedersachsen","description":"","publisher":{"@id":"https:\/\/9staedte.de\/da\/#organization"},"potentialAction":[{"@type":"SearchAction","target":{"@type":"EntryPoint","urlTemplate":"https:\/\/9staedte.de\/da\/?s={search_term_string}"},"query-input":{"@type":"PropertyValueSpecification","valueRequired":true,"valueName":"search_term_string"}}],"inLanguage":"da-DK"},{"@type":"Organization","@id":"https:\/\/9staedte.de\/da\/#organization","name":"9 St\u00e4dte in Niedersachsen","url":"https:\/\/9staedte.de\/da\/","logo":{"@type":"ImageObject","inLanguage":"da-DK","@id":"https:\/\/9staedte.de\/da\/#\/schema\/logo\/image\/","url":"https:\/\/9staedte.de\/wp-content\/uploads\/2025\/01\/9-neg-deutsch-2-1.png","contentUrl":"https:\/\/9staedte.de\/wp-content\/uploads\/2025\/01\/9-neg-deutsch-2-1.png","width":190,"height":114,"caption":"9 St\u00e4dte in Niedersachsen"},"image":{"@id":"https:\/\/9staedte.de\/da\/#\/schema\/logo\/image\/"}}]}},"_links":{"self":[{"href":"https:\/\/9staedte.de\/da\/wp-json\/wp\/v2\/pages\/12501","targetHints":{"allow":["GET"]}}],"collection":[{"href":"https:\/\/9staedte.de\/da\/wp-json\/wp\/v2\/pages"}],"about":[{"href":"https:\/\/9staedte.de\/da\/wp-json\/wp\/v2\/types\/page"}],"author":[{"embeddable":true,"href":"https:\/\/9staedte.de\/da\/wp-json\/wp\/v2\/users\/1"}],"replies":[{"embeddable":true,"href":"https:\/\/9staedte.de\/da\/wp-json\/wp\/v2\/comments?post=12501"}],"version-history":[{"count":3,"href":"https:\/\/9staedte.de\/da\/wp-json\/wp\/v2\/pages\/12501\/revisions"}],"predecessor-version":[{"id":22291,"href":"https:\/\/9staedte.de\/da\/wp-json\/wp\/v2\/pages\/12501\/revisions\/22291"}],"up":[{"embeddable":true,"href":"https:\/\/9staedte.de\/da\/wp-json\/wp\/v2\/pages\/12640"}],"wp:featuredmedia":[{"embeddable":true,"href":"https:\/\/9staedte.de\/da\/wp-json\/wp\/v2\/media\/12515"}],"wp:attachment":[{"href":"https:\/\/9staedte.de\/da\/wp-json\/wp\/v2\/media?parent=12501"}],"wp:term":[{"taxonomy":"category","embeddable":true,"href":"https:\/\/9staedte.de\/da\/wp-json\/wp\/v2\/categories?post=12501"},{"taxonomy":"post_tag","embeddable":true,"href":"https:\/\/9staedte.de\/da\/wp-json\/wp\/v2\/tags?post=12501"},{"taxonomy":"ncap_cities_tax","embeddable":true,"href":"https:\/\/9staedte.de\/da\/wp-json\/wp\/v2\/ncap_cities_tax?post=12501"}],"curies":[{"name":"wp","href":"https:\/\/api.w.org\/{rel}","templated":true}]}}