{"id":12500,"date":"2023-10-25T12:28:38","date_gmt":"2023-10-25T10:28:38","guid":{"rendered":"https:\/\/9staedte.de\/?page_id=12500"},"modified":"2024-04-15T10:29:53","modified_gmt":"2024-04-15T08:29:53","slug":"vinkkejae-ja-tietoja-niedersachsen-ala-saksin","status":"publish","type":"page","link":"https:\/\/9staedte.de\/da\/vinkkejae-ja-tietoja-niedersachsen-ala-saksin\/","title":{"rendered":"Tips og information om Niedersachsen:"},"content":{"rendered":"\n<p>Der er uendelige grunde til at bes\u00f8ge disse 9 byer. Traditionelle begivenheder, UNESCO-verdensarv, middelalderlige gamle byer, idylliske gitterhuse, charmerende g\u00e6stfrihed, moderne shoppinggader, livlig travlhed&#8230;. Planl\u00e6g din egen rundtur i de 9 byer. Hver by vil fortrylle dig med sin egen s\u00e6rlige charme. Du kan nemt kombinere dit bes\u00f8g i en eller flere af disse historiske byer med en tur til L\u00fcneburger Heide, Harzen eller Weserh\u00f8jlandet. Den centrale lufthavn i Nordtyskland, Hannover Lufthavn, samt gode tog- og motorvejsforbindelser sikrer nem adgang til destinationerne.<\/p>\n\n\n\n<p><\/p>\n\n\n\n<p><a href=\"https:\/\/9staedte.de\/wp-content\/uploads\/2023\/03\/Braunschweig_DK.pdf\" target=\"_blank\" rel=\"noreferrer noopener\">Information om Braunschweig: pdf Download<\/a><\/p>\n\n\n\n<p><a href=\"https:\/\/9staedte.de\/wp-content\/uploads\/2023\/03\/Celle_DK.pdf\" target=\"_blank\" rel=\"noreferrer noopener\">Information om Celle: pdf Download<\/a><\/p>\n\n\n\n<p><a href=\"https:\/\/9staedte.de\/wp-content\/uploads\/2023\/05\/CityGuide_DK_Goettingen.pdf\" target=\"_blank\" rel=\"noreferrer noopener\">Information om G\u00f6ttingen: pdf Download<\/a><\/p>\n\n\n\n<p><a href=\"https:\/\/9staedte.de\/wp-content\/uploads\/2023\/03\/Goslar_DK.pdf\">Information om Goslar: pdf Download<\/a><\/p>\n\n\n\n<p><a href=\"https:\/\/9staedte.de\/wp-content\/uploads\/2023\/03\/Hameln_DK.pdf\" target=\"_blank\" rel=\"noreferrer noopener\">Information om Hameln: pdf Download<\/a><\/p>\n\n\n\n<p><a href=\"https:\/\/9staedte.de\/wp-content\/uploads\/2023\/03\/Hannover_DK.pdf\" target=\"_blank\" rel=\"noreferrer noopener\">Information om Hannover: pdf Download<\/a><\/p>\n\n\n\n<p><a href=\"https:\/\/9staedte.de\/wp-content\/uploads\/2023\/03\/Hildesheim_DK.pdf\" target=\"_blank\" rel=\"noreferrer noopener\">Information om Hildesheim: pdf Download<\/a><\/p>\n\n\n\n<p><a href=\"https:\/\/9staedte.de\/wp-content\/uploads\/2023\/03\/Wolfenbuettel_DK.pdf\" target=\"_blank\" rel=\"noreferrer noopener\">Information om Wolfenb\u00fcttel: pdf Download<\/a><\/p>\n\n\n\n<p><a href=\"https:\/\/9staedte.de\/wp-content\/uploads\/2023\/03\/Autostadt-in-Wolfsburg_DK.pdf\" target=\"_blank\" rel=\"noreferrer noopener\">Information om Autostadt i Wolfsburg: pdf Download<\/a><\/p>\n","protected":false},"excerpt":{"rendered":"<p>Der er uendelige grunde til at bes\u00f8ge disse 9 byer. Traditionelle begivenheder, UNESCO-verdensarv, middelalderlige gamle byer, idylliske gitterhuse, charmerende g\u00e6stfrihed, moderne shoppinggader, livlig travlhed&#8230;. Planl\u00e6g din egen rundtur i de 9 byer. Hver by vil fortrylle dig med sin egen s\u00e6rlige charme. Du kan nemt kombinere dit bes\u00f8g i en eller flere af disse historiske [&hellip;]<\/p>\n","protected":false},"author":1,"featured_media":0,"parent":0,"menu_order":0,"comment_status":"closed","ping_status":"closed","template":"","meta":{"_acf_changed":false,"footnotes":""},"categories":[],"tags":[],"ncap_cities_tax":[],"class_list":["post-12500","page","type-page","status-publish","hentry"],"acf":[],"yoast_head":"<!-- This site is optimized with the Yoast SEO plugin v27.4 - https:\/\/yoast.com\/product\/yoast-seo-wordpress\/ -->\n<title>Tips og information om Niedersachsen: - 9 St\u00e4dte in Niedersachsen<\/title>\n<meta name=\"robots\" content=\"index, follow, max-snippet:-1, max-image-preview:large, max-video-preview:-1\" \/>\n<link rel=\"canonical\" href=\"https:\/\/9staedte.de\/da\/vinkkejae-ja-tietoja-niedersachsen-ala-saksin\/\" \/>\n<meta property=\"og:locale\" content=\"da_DK\" \/>\n<meta property=\"og:type\" content=\"article\" \/>\n<meta property=\"og:title\" content=\"Tips og information om Niedersachsen: - 9 St\u00e4dte in Niedersachsen\" \/>\n<meta property=\"og:description\" content=\"Der er uendelige grunde til at bes\u00f8ge disse 9 byer. Traditionelle begivenheder, UNESCO-verdensarv, middelalderlige gamle byer, idylliske gitterhuse, charmerende g\u00e6stfrihed, moderne shoppinggader, livlig travlhed&#8230;. Planl\u00e6g din egen rundtur i de 9 byer. Hver by vil fortrylle dig med sin egen s\u00e6rlige charme. Du kan nemt kombinere dit bes\u00f8g i en eller flere af disse historiske [&hellip;]\" \/>\n<meta property=\"og:url\" content=\"https:\/\/9staedte.de\/da\/vinkkejae-ja-tietoja-niedersachsen-ala-saksin\/\" \/>\n<meta property=\"og:site_name\" content=\"9 St\u00e4dte in Niedersachsen\" \/>\n<meta property=\"article:modified_time\" content=\"2024-04-15T08:29:53+00:00\" \/>\n<meta name=\"twitter:card\" content=\"summary_large_image\" \/>\n<meta name=\"twitter:label1\" content=\"Estimeret l\u00e6setid\" \/>\n\t<meta name=\"twitter:data1\" content=\"1 minut\" \/>\n<script type=\"application\/ld+json\" class=\"yoast-schema-graph\">{\"@context\":\"https:\\\/\\\/schema.org\",\"@graph\":[{\"@type\":\"WebPage\",\"@id\":\"https:\\\/\\\/9staedte.de\\\/da\\\/vinkkejae-ja-tietoja-niedersachsen-ala-saksin\\\/\",\"url\":\"https:\\\/\\\/9staedte.de\\\/da\\\/vinkkejae-ja-tietoja-niedersachsen-ala-saksin\\\/\",\"name\":\"Tips og information om Niedersachsen: - 9 St\u00e4dte in Niedersachsen\",\"isPartOf\":{\"@id\":\"https:\\\/\\\/9staedte.de\\\/da\\\/#website\"},\"datePublished\":\"2023-10-25T10:28:38+00:00\",\"dateModified\":\"2024-04-15T08:29:53+00:00\",\"breadcrumb\":{\"@id\":\"https:\\\/\\\/9staedte.de\\\/da\\\/vinkkejae-ja-tietoja-niedersachsen-ala-saksin\\\/#breadcrumb\"},\"inLanguage\":\"da-DK\",\"potentialAction\":[{\"@type\":\"ReadAction\",\"target\":[\"https:\\\/\\\/9staedte.de\\\/da\\\/vinkkejae-ja-tietoja-niedersachsen-ala-saksin\\\/\"]}]},{\"@type\":\"BreadcrumbList\",\"@id\":\"https:\\\/\\\/9staedte.de\\\/da\\\/vinkkejae-ja-tietoja-niedersachsen-ala-saksin\\\/#breadcrumb\",\"itemListElement\":[{\"@type\":\"ListItem\",\"position\":1,\"name\":\"Startseite\",\"item\":\"https:\\\/\\\/9staedte.de\\\/da\\\/hjem-9-byer-2-i-niedersachsen\\\/\"},{\"@type\":\"ListItem\",\"position\":2,\"name\":\"Tips og information om Niedersachsen:\"}]},{\"@type\":\"WebSite\",\"@id\":\"https:\\\/\\\/9staedte.de\\\/da\\\/#website\",\"url\":\"https:\\\/\\\/9staedte.de\\\/da\\\/\",\"name\":\"9 St\u00e4dte in Niedersachsen\",\"description\":\"\",\"publisher\":{\"@id\":\"https:\\\/\\\/9staedte.de\\\/da\\\/#organization\"},\"potentialAction\":[{\"@type\":\"SearchAction\",\"target\":{\"@type\":\"EntryPoint\",\"urlTemplate\":\"https:\\\/\\\/9staedte.de\\\/da\\\/?s={search_term_string}\"},\"query-input\":{\"@type\":\"PropertyValueSpecification\",\"valueRequired\":true,\"valueName\":\"search_term_string\"}}],\"inLanguage\":\"da-DK\"},{\"@type\":\"Organization\",\"@id\":\"https:\\\/\\\/9staedte.de\\\/da\\\/#organization\",\"name\":\"9 St\u00e4dte in Niedersachsen\",\"url\":\"https:\\\/\\\/9staedte.de\\\/da\\\/\",\"logo\":{\"@type\":\"ImageObject\",\"inLanguage\":\"da-DK\",\"@id\":\"https:\\\/\\\/9staedte.de\\\/da\\\/#\\\/schema\\\/logo\\\/image\\\/\",\"url\":\"https:\\\/\\\/9staedte.de\\\/wp-content\\\/uploads\\\/2025\\\/01\\\/9-neg-deutsch-2-1.png\",\"contentUrl\":\"https:\\\/\\\/9staedte.de\\\/wp-content\\\/uploads\\\/2025\\\/01\\\/9-neg-deutsch-2-1.png\",\"width\":190,\"height\":114,\"caption\":\"9 St\u00e4dte in Niedersachsen\"},\"image\":{\"@id\":\"https:\\\/\\\/9staedte.de\\\/da\\\/#\\\/schema\\\/logo\\\/image\\\/\"}}]}<\/script>\n<!-- \/ Yoast SEO plugin. -->","yoast_head_json":{"title":"Tips og information om Niedersachsen: - 9 St\u00e4dte in Niedersachsen","robots":{"index":"index","follow":"follow","max-snippet":"max-snippet:-1","max-image-preview":"max-image-preview:large","max-video-preview":"max-video-preview:-1"},"canonical":"https:\/\/9staedte.de\/da\/vinkkejae-ja-tietoja-niedersachsen-ala-saksin\/","og_locale":"da_DK","og_type":"article","og_title":"Tips og information om Niedersachsen: - 9 St\u00e4dte in Niedersachsen","og_description":"Der er uendelige grunde til at bes\u00f8ge disse 9 byer. Traditionelle begivenheder, UNESCO-verdensarv, middelalderlige gamle byer, idylliske gitterhuse, charmerende g\u00e6stfrihed, moderne shoppinggader, livlig travlhed&#8230;. Planl\u00e6g din egen rundtur i de 9 byer. Hver by vil fortrylle dig med sin egen s\u00e6rlige charme. Du kan nemt kombinere dit bes\u00f8g i en eller flere af disse historiske [&hellip;]","og_url":"https:\/\/9staedte.de\/da\/vinkkejae-ja-tietoja-niedersachsen-ala-saksin\/","og_site_name":"9 St\u00e4dte in Niedersachsen","article_modified_time":"2024-04-15T08:29:53+00:00","twitter_card":"summary_large_image","twitter_misc":{"Estimeret l\u00e6setid":"1 minut"},"schema":{"@context":"https:\/\/schema.org","@graph":[{"@type":"WebPage","@id":"https:\/\/9staedte.de\/da\/vinkkejae-ja-tietoja-niedersachsen-ala-saksin\/","url":"https:\/\/9staedte.de\/da\/vinkkejae-ja-tietoja-niedersachsen-ala-saksin\/","name":"Tips og information om Niedersachsen: - 9 St\u00e4dte in Niedersachsen","isPartOf":{"@id":"https:\/\/9staedte.de\/da\/#website"},"datePublished":"2023-10-25T10:28:38+00:00","dateModified":"2024-04-15T08:29:53+00:00","breadcrumb":{"@id":"https:\/\/9staedte.de\/da\/vinkkejae-ja-tietoja-niedersachsen-ala-saksin\/#breadcrumb"},"inLanguage":"da-DK","potentialAction":[{"@type":"ReadAction","target":["https:\/\/9staedte.de\/da\/vinkkejae-ja-tietoja-niedersachsen-ala-saksin\/"]}]},{"@type":"BreadcrumbList","@id":"https:\/\/9staedte.de\/da\/vinkkejae-ja-tietoja-niedersachsen-ala-saksin\/#breadcrumb","itemListElement":[{"@type":"ListItem","position":1,"name":"Startseite","item":"https:\/\/9staedte.de\/da\/hjem-9-byer-2-i-niedersachsen\/"},{"@type":"ListItem","position":2,"name":"Tips og information om Niedersachsen:"}]},{"@type":"WebSite","@id":"https:\/\/9staedte.de\/da\/#website","url":"https:\/\/9staedte.de\/da\/","name":"9 St\u00e4dte in Niedersachsen","description":"","publisher":{"@id":"https:\/\/9staedte.de\/da\/#organization"},"potentialAction":[{"@type":"SearchAction","target":{"@type":"EntryPoint","urlTemplate":"https:\/\/9staedte.de\/da\/?s={search_term_string}"},"query-input":{"@type":"PropertyValueSpecification","valueRequired":true,"valueName":"search_term_string"}}],"inLanguage":"da-DK"},{"@type":"Organization","@id":"https:\/\/9staedte.de\/da\/#organization","name":"9 St\u00e4dte in Niedersachsen","url":"https:\/\/9staedte.de\/da\/","logo":{"@type":"ImageObject","inLanguage":"da-DK","@id":"https:\/\/9staedte.de\/da\/#\/schema\/logo\/image\/","url":"https:\/\/9staedte.de\/wp-content\/uploads\/2025\/01\/9-neg-deutsch-2-1.png","contentUrl":"https:\/\/9staedte.de\/wp-content\/uploads\/2025\/01\/9-neg-deutsch-2-1.png","width":190,"height":114,"caption":"9 St\u00e4dte in Niedersachsen"},"image":{"@id":"https:\/\/9staedte.de\/da\/#\/schema\/logo\/image\/"}}]}},"_links":{"self":[{"href":"https:\/\/9staedte.de\/da\/wp-json\/wp\/v2\/pages\/12500","targetHints":{"allow":["GET"]}}],"collection":[{"href":"https:\/\/9staedte.de\/da\/wp-json\/wp\/v2\/pages"}],"about":[{"href":"https:\/\/9staedte.de\/da\/wp-json\/wp\/v2\/types\/page"}],"author":[{"embeddable":true,"href":"https:\/\/9staedte.de\/da\/wp-json\/wp\/v2\/users\/1"}],"replies":[{"embeddable":true,"href":"https:\/\/9staedte.de\/da\/wp-json\/wp\/v2\/comments?post=12500"}],"version-history":[{"count":12,"href":"https:\/\/9staedte.de\/da\/wp-json\/wp\/v2\/pages\/12500\/revisions"}],"predecessor-version":[{"id":21982,"href":"https:\/\/9staedte.de\/da\/wp-json\/wp\/v2\/pages\/12500\/revisions\/21982"}],"wp:attachment":[{"href":"https:\/\/9staedte.de\/da\/wp-json\/wp\/v2\/media?parent=12500"}],"wp:term":[{"taxonomy":"category","embeddable":true,"href":"https:\/\/9staedte.de\/da\/wp-json\/wp\/v2\/categories?post=12500"},{"taxonomy":"post_tag","embeddable":true,"href":"https:\/\/9staedte.de\/da\/wp-json\/wp\/v2\/tags?post=12500"},{"taxonomy":"ncap_cities_tax","embeddable":true,"href":"https:\/\/9staedte.de\/da\/wp-json\/wp\/v2\/ncap_cities_tax?post=12500"}],"curies":[{"name":"wp","href":"https:\/\/api.w.org\/{rel}","templated":true}]}}