{"id":12498,"date":"2023-10-25T12:24:12","date_gmt":"2023-10-25T10:24:12","guid":{"rendered":"https:\/\/9staedte.de\/museer-og-udstillinger-i-einbeck\/"},"modified":"2025-10-13T13:38:41","modified_gmt":"2025-10-13T11:38:41","slug":"museer-og-udstillinger-i-einbeck","status":"publish","type":"page","link":"https:\/\/9staedte.de\/da\/einbeck-klassiske-biler-bindingsvaerkshuse-oel\/museer-og-udstillinger-i-einbeck\/","title":{"rendered":"Museer og udstillinger i Einbeck"},"content":{"rendered":"\n<h2 class=\"wp-block-heading\">PS.SPEICHER Einbeck<\/h2>\n\n\n\n<p>1.200 historiske motorcykler, 630 personbiler, sm\u00e5 biler og mikrobiler, 200 lastbiler og busser, en samling af elektriske k\u00f8ret\u00f8jer og en anden af Lanz Bulldogs. Du kan finde denne koncentrerede m\u00e6ngde mobilitet her i Einbeck &#8211; i PS.SPEICHER og dens samlinger. P\u00e5 seks steder i byen kan man opleve mere end 2.500 klassiske biler p\u00e5 i alt 22.000 m\u00b2 udstillingsareal. Det er den st\u00f8rste offentligt tilg\u00e6ngelige klassiske bilsamling af sin art i Europa!<\/p>\n\n\n\n<div class=\"wp-block-columns is-layout-flex wp-container-core-columns-is-layout-9d6595d7 wp-block-columns-is-layout-flex\">\n<div class=\"wp-block-column is-layout-flow wp-block-column-is-layout-flow\" style=\"flex-basis:40%\">\n<h4 class=\"wp-block-heading\">\u00c5bningstider:<\/h4>\n\n\n\n<p>Sommer\u00e5bningstider (apr.-okt.):<br>Tirsdag &#8211; s\u00f8ndag kl. 10-18.<br>\u00c5bent p\u00e5 helligdage.<\/p>\n\n\n\n<p>Vinter\u00e5bningstider (nov. &#8211; okt.):<br>Tirsdag &#8211; fredag 11.00 &#8211; 17.00.<br>L\u00f8rdag og s\u00f8ndag kl. 10-18<br>\u00c5bent p\u00e5 helligdage.<\/p>\n\n\n\n<p>Kontakt:<br>Tiedexer Tor 3, 37574 Einbeck<br>Tlf.: +49 55 61 \/ 92 32 00<br>Mail: <a href=\"mailto:entdeckung@ps-speicher.de\">entdeckung@ps-speicher.de<\/a><\/p>\n\n\n\n<p><a href=\"https:\/\/www.ps-speicher.de\/\">Yderligere oplysninger<\/a><\/p>\n<\/div>\n\n\n\n<div class=\"wp-block-column is-vertically-aligned-top is-layout-flow wp-block-column-is-layout-flow\" style=\"flex-basis:70%\">\n <div class=\"brlbs-cmpnt-container brlbs-cmpnt-content-blocker brlbs-cmpnt-with-individual-styles\" data-borlabs-cookie-content-blocker-id=\"google-maps\" data-borlabs-cookie-content=\"PGlmcmFtZSBzcmM9Imh0dHBzOi8vd3d3Lmdvb2dsZS5jb20vbWFwcy9lbWJlZD9wYj0hMW0xOCExbTEyITFtMyExZDI0NjYuMjcxNzY2NjE3MjI4ITJkOS44NTcxMTU5NzcxNzE4OCEzZDUxLjgxOTQ2NTc4Nzg1NzM3ITJtMyExZjAhMmYwITNmMCEzbTIhMWkxMDI0ITJpNzY4ITRmMTMuMSEzbTMhMW0yITFzMHg0N2JhY2U1OGEyM2UzNDRiJTNBMHgzYzk2YWIzZjIwNjk5YTMyITJzUFMuU1BFSUNIRVIhNWUwITNtMiExc2RlITJzZGUhNHYxNjkyMDk5ODEwNzM3ITVtMiExc2RlITJzZGUiIHdpZHRoPSI2MDAiIGhlaWdodD0iNDUwIiBzdHlsZT0iYm9yZGVyOjA7IiBhbGxvd2Z1bGxzY3JlZW49IiIgbG9hZGluZz0ibGF6eSIgcmVmZXJyZXJwb2xpY3k9Im5vLXJlZmVycmVyLXdoZW4tZG93bmdyYWRlIj48L2lmcmFtZT4=\"><div class=\"brlbs-cmpnt-cb-preset-b brlbs-cmpnt-cb-google-maps\"> <div class=\"brlbs-cmpnt-cb-thumbnail\" style=\"background-image: url('https:\/\/9staedte.de\/wp-content\/uploads\/borlabs-cookie\/1\/brlbs-cb-google-maps-main.png')\"><\/div> <div class=\"brlbs-cmpnt-cb-main\"> <div class=\"brlbs-cmpnt-cb-content\"> <p class=\"brlbs-cmpnt-cb-description\">You are currently viewing a placeholder content from <strong>Google Maps<\/strong>. To access the actual content, click the button below. Please note that doing so will share data with third-party providers.<\/p> <a class=\"brlbs-cmpnt-cb-provider-toggle\" href=\"#\" data-borlabs-cookie-show-provider-information role=\"button\">More Information<\/a> <\/div> <div class=\"brlbs-cmpnt-cb-buttons\"> <a class=\"brlbs-cmpnt-cb-btn\" href=\"#\" data-borlabs-cookie-unblock role=\"button\">Unblock content<\/a> <a class=\"brlbs-cmpnt-cb-btn\" href=\"#\" data-borlabs-cookie-accept-service role=\"button\" style=\"display: inherit\">Accept required service and unblock content<\/a> <\/div> <\/div> <\/div><\/div>\n<\/div>\n<\/div>\n\n\n\n<h2 class=\"wp-block-heading\">StadtMuseum og RadHaus<\/h2>\n\n\n\n<p>Fordyb dig i over 800 \u00e5rs Einbeck-historie p\u00e5 StadtMuseum.  <br>Derudover viser en af de mest moderne cykeludstillinger i Tyskland i RadHaus Meilenseine udviklingen af cykler.<\/p>\n\n\n\n<div class=\"wp-block-columns is-layout-flex wp-container-core-columns-is-layout-9d6595d7 wp-block-columns-is-layout-flex\">\n<div class=\"wp-block-column is-layout-flow wp-block-column-is-layout-flow\" style=\"flex-basis:33.33%\">\n<p><strong>StadtMuseum med RadHaus<\/strong><br>Auf dem Steinwege 11 \/ 13<br>37574 Einbeck<br>Tyskland<\/p>\n\n\n\n<p><strong>\u00c5bningstider:<\/strong><br>Tirsdag til s\u00f8ndag: \u00e5bent fra kl. 11 til 16 eller efter aftale<br>Mandage: fridag<\/p>\n\n\n\n<p>Telefon: <a href=\"tel:+495561916504\">+49 55 61 \/ 916 &#8211; 504<\/a><br>Fax: +49 55 61 \/ 916 &#8211; 500 &#8211; 504<br>E-mail: <a>museum@einbeck.de<\/a><br>Hjemmeside: <a href=\"http:\/\/www.stadtmuseum-einbeck.de\/\" target=\"_blank\" rel=\"noreferrer noopener\">www.stadtmuseum-einbeck.de<\/a><\/p>\n\n\n\n<p><\/p>\n<\/div>\n\n\n\n<div class=\"wp-block-column is-layout-flow wp-block-column-is-layout-flow\" style=\"flex-basis:66.66%\">\n <div class=\"brlbs-cmpnt-container brlbs-cmpnt-content-blocker brlbs-cmpnt-with-individual-styles\" data-borlabs-cookie-content-blocker-id=\"google-maps\" data-borlabs-cookie-content=\"PGlmcmFtZSBzcmM9Imh0dHBzOi8vd3d3Lmdvb2dsZS5jb20vbWFwcy9lbWJlZD9wYj0hMW0xOCExbTEyITFtMyExZDI0NjYuMjI5MzcxNzA2ODIzITJkOS44NjQxMjA5NzY5MTQ0NzMhM2Q1MS44MjAyNDAyODc4MDEwMyEybTMhMWYwITJmMCEzZjAhM20yITFpMTAyNCEyaTc2OCE0ZjEzLjEhM20zITFtMiExczB4NDdiYWNlZjU3OTg1ZGY4MyUzQTB4OTg1ZGE4M2MxYjdmNmEzNiEyc1N0YWR0bXVzZXVtJTIwRWluYmVjayE1ZTAhM20yITFzZGUhMnNkZSE0djE3MjAwMTk0NTc2NDkhNW0yITFzZGUhMnNkZSIgd2lkdGg9IjYwMCIgaGVpZ2h0PSI0NTAiIHN0eWxlPSJib3JkZXI6MDsiIGFsbG93ZnVsbHNjcmVlbj0iIiBsb2FkaW5nPSJsYXp5IiByZWZlcnJlcnBvbGljeT0ibm8tcmVmZXJyZXItd2hlbi1kb3duZ3JhZGUiPjwvaWZyYW1lPg==\"><div class=\"brlbs-cmpnt-cb-preset-b brlbs-cmpnt-cb-google-maps\"> <div class=\"brlbs-cmpnt-cb-thumbnail\" style=\"background-image: url('https:\/\/9staedte.de\/wp-content\/uploads\/borlabs-cookie\/1\/brlbs-cb-google-maps-main.png')\"><\/div> <div class=\"brlbs-cmpnt-cb-main\"> <div class=\"brlbs-cmpnt-cb-content\"> <p class=\"brlbs-cmpnt-cb-description\">You are currently viewing a placeholder content from <strong>Google Maps<\/strong>. To access the actual content, click the button below. Please note that doing so will share data with third-party providers.<\/p> <a class=\"brlbs-cmpnt-cb-provider-toggle\" href=\"#\" data-borlabs-cookie-show-provider-information role=\"button\">More Information<\/a> <\/div> <div class=\"brlbs-cmpnt-cb-buttons\"> <a class=\"brlbs-cmpnt-cb-btn\" href=\"#\" data-borlabs-cookie-unblock role=\"button\">Unblock content<\/a> <a class=\"brlbs-cmpnt-cb-btn\" href=\"#\" data-borlabs-cookie-accept-service role=\"button\" style=\"display: inherit\">Accept required service and unblock content<\/a> <\/div> <\/div> <\/div><\/div>\n<\/div>\n<\/div>\n\n\n\n<div class=\"wp-block-columns is-layout-flex wp-container-core-columns-is-layout-9d6595d7 wp-block-columns-is-layout-flex\">\n<div class=\"wp-block-column is-layout-flow wp-block-column-is-layout-flow\"><\/div>\n\n\n\n<div class=\"wp-block-column is-layout-flow wp-block-column-is-layout-flow\"><\/div>\n<\/div>\n\n\n\n<div class=\"wp-block-columns is-layout-flex wp-container-core-columns-is-layout-9d6595d7 wp-block-columns-is-layout-flex\">\n<div class=\"wp-block-column is-layout-flow wp-block-column-is-layout-flow\" style=\"flex-basis:33.33%\">\n<div class=\"wp-block-columns is-layout-flex wp-container-core-columns-is-layout-9d6595d7 wp-block-columns-is-layout-flex\">\n<div class=\"wp-block-column is-layout-flow wp-block-column-is-layout-flow\"><\/div>\n\n\n\n<div class=\"wp-block-column is-layout-flow wp-block-column-is-layout-flow\">\n<p><\/p>\n<\/div>\n<\/div>\n<\/div>\n\n\n\n<div class=\"wp-block-column is-layout-flow wp-block-column-is-layout-flow\" style=\"flex-basis:66.66%\"><\/div>\n<\/div>\n\n\n\n<div class=\"wp-block-columns is-layout-flex wp-container-core-columns-is-layout-9d6595d7 wp-block-columns-is-layout-flex\"><\/div>\n","protected":false},"excerpt":{"rendered":"<p>PS.SPEICHER Einbeck 1.200 historiske motorcykler, 630 personbiler, sm\u00e5 biler og mikrobiler, 200 lastbiler og busser, en samling af elektriske k\u00f8ret\u00f8jer og en anden af Lanz Bulldogs. Du kan finde denne koncentrerede m\u00e6ngde mobilitet her i Einbeck &#8211; i PS.SPEICHER og dens samlinger. P\u00e5 seks steder i byen kan man opleve mere end 2.500 klassiske biler [&hellip;]<\/p>\n","protected":false},"author":1,"featured_media":12507,"parent":12653,"menu_order":0,"comment_status":"closed","ping_status":"closed","template":"pagetemplates\/template-stadtthema.php","meta":{"_acf_changed":false,"footnotes":""},"categories":[],"tags":[],"ncap_cities_tax":[476,686],"class_list":["post-12498","page","type-page","status-publish","has-post-thumbnail","hentry","ncap_cities_tax-einbeck-da","ncap_cities_tax-museen-einbeck-da"],"acf":[],"yoast_head":"<!-- This site is optimized with the Yoast SEO plugin v27.4 - https:\/\/yoast.com\/product\/yoast-seo-wordpress\/ -->\n<title>Museer og udstillinger i Einbeck - 9 St\u00e4dte in Niedersachsen<\/title>\n<meta name=\"robots\" content=\"index, follow, max-snippet:-1, max-image-preview:large, max-video-preview:-1\" \/>\n<link rel=\"canonical\" href=\"https:\/\/9staedte.de\/da\/einbeck-klassiske-biler-bindingsvaerkshuse-oel\/museer-og-udstillinger-i-einbeck\/\" \/>\n<meta property=\"og:locale\" content=\"da_DK\" \/>\n<meta property=\"og:type\" content=\"article\" \/>\n<meta property=\"og:title\" content=\"Museer og udstillinger i Einbeck - 9 St\u00e4dte in Niedersachsen\" \/>\n<meta property=\"og:description\" content=\"PS.SPEICHER Einbeck 1.200 historiske motorcykler, 630 personbiler, sm\u00e5 biler og mikrobiler, 200 lastbiler og busser, en samling af elektriske k\u00f8ret\u00f8jer og en anden af Lanz Bulldogs. Du kan finde denne koncentrerede m\u00e6ngde mobilitet her i Einbeck &#8211; i PS.SPEICHER og dens samlinger. P\u00e5 seks steder i byen kan man opleve mere end 2.500 klassiske biler [&hellip;]\" \/>\n<meta property=\"og:url\" content=\"https:\/\/9staedte.de\/da\/einbeck-klassiske-biler-bindingsvaerkshuse-oel\/museer-og-udstillinger-i-einbeck\/\" \/>\n<meta property=\"og:site_name\" content=\"9 St\u00e4dte in Niedersachsen\" \/>\n<meta property=\"article:modified_time\" content=\"2025-10-13T11:38:41+00:00\" \/>\n<meta property=\"og:image\" content=\"https:\/\/9staedte.de\/wp-content\/uploads\/2023\/02\/Einbeck-PS.Speicher-Aussenansicht-cc0.jpg\" \/>\n\t<meta property=\"og:image:width\" content=\"1020\" \/>\n\t<meta property=\"og:image:height\" content=\"560\" \/>\n\t<meta property=\"og:image:type\" content=\"image\/jpeg\" \/>\n<meta name=\"twitter:card\" content=\"summary_large_image\" \/>\n<meta name=\"twitter:label1\" content=\"Estimeret l\u00e6setid\" \/>\n\t<meta name=\"twitter:data1\" content=\"2 minutter\" \/>\n<script type=\"application\/ld+json\" class=\"yoast-schema-graph\">{\"@context\":\"https:\\\/\\\/schema.org\",\"@graph\":[{\"@type\":\"WebPage\",\"@id\":\"https:\\\/\\\/9staedte.de\\\/da\\\/einbeck-klassiske-biler-bindingsvaerkshuse-oel\\\/museer-og-udstillinger-i-einbeck\\\/\",\"url\":\"https:\\\/\\\/9staedte.de\\\/da\\\/einbeck-klassiske-biler-bindingsvaerkshuse-oel\\\/museer-og-udstillinger-i-einbeck\\\/\",\"name\":\"Museer og udstillinger i Einbeck - 9 St\u00e4dte in Niedersachsen\",\"isPartOf\":{\"@id\":\"https:\\\/\\\/9staedte.de\\\/da\\\/#website\"},\"primaryImageOfPage\":{\"@id\":\"https:\\\/\\\/9staedte.de\\\/da\\\/einbeck-klassiske-biler-bindingsvaerkshuse-oel\\\/museer-og-udstillinger-i-einbeck\\\/#primaryimage\"},\"image\":{\"@id\":\"https:\\\/\\\/9staedte.de\\\/da\\\/einbeck-klassiske-biler-bindingsvaerkshuse-oel\\\/museer-og-udstillinger-i-einbeck\\\/#primaryimage\"},\"thumbnailUrl\":\"https:\\\/\\\/9staedte.de\\\/wp-content\\\/uploads\\\/2023\\\/02\\\/Einbeck-PS.Speicher-Aussenansicht-cc0.jpg\",\"datePublished\":\"2023-10-25T10:24:12+00:00\",\"dateModified\":\"2025-10-13T11:38:41+00:00\",\"breadcrumb\":{\"@id\":\"https:\\\/\\\/9staedte.de\\\/da\\\/einbeck-klassiske-biler-bindingsvaerkshuse-oel\\\/museer-og-udstillinger-i-einbeck\\\/#breadcrumb\"},\"inLanguage\":\"da-DK\",\"potentialAction\":[{\"@type\":\"ReadAction\",\"target\":[\"https:\\\/\\\/9staedte.de\\\/da\\\/einbeck-klassiske-biler-bindingsvaerkshuse-oel\\\/museer-og-udstillinger-i-einbeck\\\/\"]}]},{\"@type\":\"ImageObject\",\"inLanguage\":\"da-DK\",\"@id\":\"https:\\\/\\\/9staedte.de\\\/da\\\/einbeck-klassiske-biler-bindingsvaerkshuse-oel\\\/museer-og-udstillinger-i-einbeck\\\/#primaryimage\",\"url\":\"https:\\\/\\\/9staedte.de\\\/wp-content\\\/uploads\\\/2023\\\/02\\\/Einbeck-PS.Speicher-Aussenansicht-cc0.jpg\",\"contentUrl\":\"https:\\\/\\\/9staedte.de\\\/wp-content\\\/uploads\\\/2023\\\/02\\\/Einbeck-PS.Speicher-Aussenansicht-cc0.jpg\",\"width\":1020,\"height\":560,\"caption\":\"Einbeck PS.Speicher Au\u00dfenansicht cc0\"},{\"@type\":\"BreadcrumbList\",\"@id\":\"https:\\\/\\\/9staedte.de\\\/da\\\/einbeck-klassiske-biler-bindingsvaerkshuse-oel\\\/museer-og-udstillinger-i-einbeck\\\/#breadcrumb\",\"itemListElement\":[{\"@type\":\"ListItem\",\"position\":1,\"name\":\"Startseite\",\"item\":\"https:\\\/\\\/9staedte.de\\\/da\\\/hjem-9-byer-2-i-niedersachsen\\\/\"},{\"@type\":\"ListItem\",\"position\":2,\"name\":\"Einbeck &#8211; klassiske biler, bindingsv\u00e6rkshuse, \u00f8l\",\"item\":\"https:\\\/\\\/9staedte.de\\\/da\\\/einbeck-klassiske-biler-bindingsvaerkshuse-oel\\\/\"},{\"@type\":\"ListItem\",\"position\":3,\"name\":\"Museer og udstillinger i Einbeck\"}]},{\"@type\":\"WebSite\",\"@id\":\"https:\\\/\\\/9staedte.de\\\/da\\\/#website\",\"url\":\"https:\\\/\\\/9staedte.de\\\/da\\\/\",\"name\":\"9 St\u00e4dte in Niedersachsen\",\"description\":\"\",\"publisher\":{\"@id\":\"https:\\\/\\\/9staedte.de\\\/da\\\/#organization\"},\"potentialAction\":[{\"@type\":\"SearchAction\",\"target\":{\"@type\":\"EntryPoint\",\"urlTemplate\":\"https:\\\/\\\/9staedte.de\\\/da\\\/?s={search_term_string}\"},\"query-input\":{\"@type\":\"PropertyValueSpecification\",\"valueRequired\":true,\"valueName\":\"search_term_string\"}}],\"inLanguage\":\"da-DK\"},{\"@type\":\"Organization\",\"@id\":\"https:\\\/\\\/9staedte.de\\\/da\\\/#organization\",\"name\":\"9 St\u00e4dte in Niedersachsen\",\"url\":\"https:\\\/\\\/9staedte.de\\\/da\\\/\",\"logo\":{\"@type\":\"ImageObject\",\"inLanguage\":\"da-DK\",\"@id\":\"https:\\\/\\\/9staedte.de\\\/da\\\/#\\\/schema\\\/logo\\\/image\\\/\",\"url\":\"https:\\\/\\\/9staedte.de\\\/wp-content\\\/uploads\\\/2025\\\/01\\\/9-neg-deutsch-2-1.png\",\"contentUrl\":\"https:\\\/\\\/9staedte.de\\\/wp-content\\\/uploads\\\/2025\\\/01\\\/9-neg-deutsch-2-1.png\",\"width\":190,\"height\":114,\"caption\":\"9 St\u00e4dte in Niedersachsen\"},\"image\":{\"@id\":\"https:\\\/\\\/9staedte.de\\\/da\\\/#\\\/schema\\\/logo\\\/image\\\/\"}}]}<\/script>\n<!-- \/ Yoast SEO plugin. -->","yoast_head_json":{"title":"Museer og udstillinger i Einbeck - 9 St\u00e4dte in Niedersachsen","robots":{"index":"index","follow":"follow","max-snippet":"max-snippet:-1","max-image-preview":"max-image-preview:large","max-video-preview":"max-video-preview:-1"},"canonical":"https:\/\/9staedte.de\/da\/einbeck-klassiske-biler-bindingsvaerkshuse-oel\/museer-og-udstillinger-i-einbeck\/","og_locale":"da_DK","og_type":"article","og_title":"Museer og udstillinger i Einbeck - 9 St\u00e4dte in Niedersachsen","og_description":"PS.SPEICHER Einbeck 1.200 historiske motorcykler, 630 personbiler, sm\u00e5 biler og mikrobiler, 200 lastbiler og busser, en samling af elektriske k\u00f8ret\u00f8jer og en anden af Lanz Bulldogs. Du kan finde denne koncentrerede m\u00e6ngde mobilitet her i Einbeck &#8211; i PS.SPEICHER og dens samlinger. P\u00e5 seks steder i byen kan man opleve mere end 2.500 klassiske biler [&hellip;]","og_url":"https:\/\/9staedte.de\/da\/einbeck-klassiske-biler-bindingsvaerkshuse-oel\/museer-og-udstillinger-i-einbeck\/","og_site_name":"9 St\u00e4dte in Niedersachsen","article_modified_time":"2025-10-13T11:38:41+00:00","og_image":[{"width":1020,"height":560,"url":"https:\/\/9staedte.de\/wp-content\/uploads\/2023\/02\/Einbeck-PS.Speicher-Aussenansicht-cc0.jpg","type":"image\/jpeg"}],"twitter_card":"summary_large_image","twitter_misc":{"Estimeret l\u00e6setid":"2 minutter"},"schema":{"@context":"https:\/\/schema.org","@graph":[{"@type":"WebPage","@id":"https:\/\/9staedte.de\/da\/einbeck-klassiske-biler-bindingsvaerkshuse-oel\/museer-og-udstillinger-i-einbeck\/","url":"https:\/\/9staedte.de\/da\/einbeck-klassiske-biler-bindingsvaerkshuse-oel\/museer-og-udstillinger-i-einbeck\/","name":"Museer og udstillinger i Einbeck - 9 St\u00e4dte in Niedersachsen","isPartOf":{"@id":"https:\/\/9staedte.de\/da\/#website"},"primaryImageOfPage":{"@id":"https:\/\/9staedte.de\/da\/einbeck-klassiske-biler-bindingsvaerkshuse-oel\/museer-og-udstillinger-i-einbeck\/#primaryimage"},"image":{"@id":"https:\/\/9staedte.de\/da\/einbeck-klassiske-biler-bindingsvaerkshuse-oel\/museer-og-udstillinger-i-einbeck\/#primaryimage"},"thumbnailUrl":"https:\/\/9staedte.de\/wp-content\/uploads\/2023\/02\/Einbeck-PS.Speicher-Aussenansicht-cc0.jpg","datePublished":"2023-10-25T10:24:12+00:00","dateModified":"2025-10-13T11:38:41+00:00","breadcrumb":{"@id":"https:\/\/9staedte.de\/da\/einbeck-klassiske-biler-bindingsvaerkshuse-oel\/museer-og-udstillinger-i-einbeck\/#breadcrumb"},"inLanguage":"da-DK","potentialAction":[{"@type":"ReadAction","target":["https:\/\/9staedte.de\/da\/einbeck-klassiske-biler-bindingsvaerkshuse-oel\/museer-og-udstillinger-i-einbeck\/"]}]},{"@type":"ImageObject","inLanguage":"da-DK","@id":"https:\/\/9staedte.de\/da\/einbeck-klassiske-biler-bindingsvaerkshuse-oel\/museer-og-udstillinger-i-einbeck\/#primaryimage","url":"https:\/\/9staedte.de\/wp-content\/uploads\/2023\/02\/Einbeck-PS.Speicher-Aussenansicht-cc0.jpg","contentUrl":"https:\/\/9staedte.de\/wp-content\/uploads\/2023\/02\/Einbeck-PS.Speicher-Aussenansicht-cc0.jpg","width":1020,"height":560,"caption":"Einbeck PS.Speicher Au\u00dfenansicht cc0"},{"@type":"BreadcrumbList","@id":"https:\/\/9staedte.de\/da\/einbeck-klassiske-biler-bindingsvaerkshuse-oel\/museer-og-udstillinger-i-einbeck\/#breadcrumb","itemListElement":[{"@type":"ListItem","position":1,"name":"Startseite","item":"https:\/\/9staedte.de\/da\/hjem-9-byer-2-i-niedersachsen\/"},{"@type":"ListItem","position":2,"name":"Einbeck &#8211; klassiske biler, bindingsv\u00e6rkshuse, \u00f8l","item":"https:\/\/9staedte.de\/da\/einbeck-klassiske-biler-bindingsvaerkshuse-oel\/"},{"@type":"ListItem","position":3,"name":"Museer og udstillinger i Einbeck"}]},{"@type":"WebSite","@id":"https:\/\/9staedte.de\/da\/#website","url":"https:\/\/9staedte.de\/da\/","name":"9 St\u00e4dte in Niedersachsen","description":"","publisher":{"@id":"https:\/\/9staedte.de\/da\/#organization"},"potentialAction":[{"@type":"SearchAction","target":{"@type":"EntryPoint","urlTemplate":"https:\/\/9staedte.de\/da\/?s={search_term_string}"},"query-input":{"@type":"PropertyValueSpecification","valueRequired":true,"valueName":"search_term_string"}}],"inLanguage":"da-DK"},{"@type":"Organization","@id":"https:\/\/9staedte.de\/da\/#organization","name":"9 St\u00e4dte in Niedersachsen","url":"https:\/\/9staedte.de\/da\/","logo":{"@type":"ImageObject","inLanguage":"da-DK","@id":"https:\/\/9staedte.de\/da\/#\/schema\/logo\/image\/","url":"https:\/\/9staedte.de\/wp-content\/uploads\/2025\/01\/9-neg-deutsch-2-1.png","contentUrl":"https:\/\/9staedte.de\/wp-content\/uploads\/2025\/01\/9-neg-deutsch-2-1.png","width":190,"height":114,"caption":"9 St\u00e4dte in Niedersachsen"},"image":{"@id":"https:\/\/9staedte.de\/da\/#\/schema\/logo\/image\/"}}]}},"_links":{"self":[{"href":"https:\/\/9staedte.de\/da\/wp-json\/wp\/v2\/pages\/12498","targetHints":{"allow":["GET"]}}],"collection":[{"href":"https:\/\/9staedte.de\/da\/wp-json\/wp\/v2\/pages"}],"about":[{"href":"https:\/\/9staedte.de\/da\/wp-json\/wp\/v2\/types\/page"}],"author":[{"embeddable":true,"href":"https:\/\/9staedte.de\/da\/wp-json\/wp\/v2\/users\/1"}],"replies":[{"embeddable":true,"href":"https:\/\/9staedte.de\/da\/wp-json\/wp\/v2\/comments?post=12498"}],"version-history":[{"count":4,"href":"https:\/\/9staedte.de\/da\/wp-json\/wp\/v2\/pages\/12498\/revisions"}],"predecessor-version":[{"id":27130,"href":"https:\/\/9staedte.de\/da\/wp-json\/wp\/v2\/pages\/12498\/revisions\/27130"}],"up":[{"embeddable":true,"href":"https:\/\/9staedte.de\/da\/wp-json\/wp\/v2\/pages\/12653"}],"wp:featuredmedia":[{"embeddable":true,"href":"https:\/\/9staedte.de\/da\/wp-json\/wp\/v2\/media\/12507"}],"wp:attachment":[{"href":"https:\/\/9staedte.de\/da\/wp-json\/wp\/v2\/media?parent=12498"}],"wp:term":[{"taxonomy":"category","embeddable":true,"href":"https:\/\/9staedte.de\/da\/wp-json\/wp\/v2\/categories?post=12498"},{"taxonomy":"post_tag","embeddable":true,"href":"https:\/\/9staedte.de\/da\/wp-json\/wp\/v2\/tags?post=12498"},{"taxonomy":"ncap_cities_tax","embeddable":true,"href":"https:\/\/9staedte.de\/da\/wp-json\/wp\/v2\/ncap_cities_tax?post=12498"}],"curies":[{"name":"wp","href":"https:\/\/api.w.org\/{rel}","templated":true}]}}