{"id":12497,"date":"2023-10-25T12:27:10","date_gmt":"2023-10-25T10:27:10","guid":{"rendered":"https:\/\/9staedte.de\/slotte-og-haver-i-hameln\/"},"modified":"2023-10-25T15:38:08","modified_gmt":"2023-10-25T13:38:08","slug":"slotte-og-haver-i-hameln","status":"publish","type":"page","link":"https:\/\/9staedte.de\/da\/hameln-den-legendariske-rottefaengerby\/slotte-og-haver-i-hameln\/","title":{"rendered":"Slotte og haver i Hameln"},"content":{"rendered":"\r\n\r\n    <div class=\"filter-posts\">\r\n            <div  id=\"filterContent\">\r\n                                                        \n<div class=\"contentKachel filtr-item\" data-category=\"hameln-da\">\n    <a href=\"https:\/\/9staedte.de\/da\/schweineberg-ohrbergpark-kluet-og-buergerpark-hameln\/\">\n        <div class=\"contentKachel-inner\">\n                            <div class=\"contentKachel-thumbnail\">\n                    <img loading=\"lazy\" decoding=\"async\" width=\"300\" height=\"165\" src=\"https:\/\/9staedte.de\/wp-content\/smush-webp\/2022\/03\/Blick-vom-Kluet-c-HMT-300x165.jpg.webp\" class=\"objectfitcover withfilters wp-post-image\" alt=\"Billedet viser mange mennesker p\u00e5 en bakke. Stedet hedder: Kl\u00fct i Hameln. Folk kigger ned p\u00e5 byen. Man ser mange huse, tr\u00e6er og bakker. Nogle l\u00e6ser p\u00e5 infotavlen. Andre tager billeder eller nyder udsigten. Det er en solskinsdag. Foran er der b\u00e6nke.\" srcset=\"https:\/\/9staedte.de\/wp-content\/smush-webp\/2022\/03\/Blick-vom-Kluet-c-HMT-300x165.jpg.webp 300w, https:\/\/9staedte.de\/wp-content\/smush-webp\/2022\/03\/Blick-vom-Kluet-c-HMT-768x422.jpg.webp 768w, https:\/\/9staedte.de\/wp-content\/smush-webp\/2022\/03\/Blick-vom-Kluet-c-HMT.jpg.webp 1020w\" sizes=\"auto, (max-width: 300px) 100vw, 300px\" \/>                    <img loading=\"lazy\" decoding=\"async\" width=\"300\" height=\"165\" src=\"https:\/\/9staedte.de\/wp-content\/smush-webp\/2022\/03\/Blick-vom-Kluet-c-HMT-300x165.jpg.webp\" class=\"objectfitcontain wp-post-image\" alt=\"Billedet viser mange mennesker p\u00e5 en bakke. Stedet hedder: Kl\u00fct i Hameln. Folk kigger ned p\u00e5 byen. Man ser mange huse, tr\u00e6er og bakker. Nogle l\u00e6ser p\u00e5 infotavlen. Andre tager billeder eller nyder udsigten. Det er en solskinsdag. Foran er der b\u00e6nke.\" srcset=\"https:\/\/9staedte.de\/wp-content\/smush-webp\/2022\/03\/Blick-vom-Kluet-c-HMT-300x165.jpg.webp 300w, https:\/\/9staedte.de\/wp-content\/smush-webp\/2022\/03\/Blick-vom-Kluet-c-HMT-768x422.jpg.webp 768w, https:\/\/9staedte.de\/wp-content\/smush-webp\/2022\/03\/Blick-vom-Kluet-c-HMT.jpg.webp 1020w\" sizes=\"auto, (max-width: 300px) 100vw, 300px\" \/>                        <div class=\"thumbnail-label\">\n    <span>Hameln Blick vom Kl\u00fct c) HMT<\/span>\n    <\/div>\n                <\/div>\n                        <div class=\"contentKachel-content\">\n                                    <div class=\"city-tag bg-hameln\">\n                        Hameln                    <\/div>\n                \n                <div class=\"title\">\n\n                    Schweineberg, Ohrbergpark, Kl\u00fct og B\u00fcrgerpark Hameln                    \n                <\/div>\n\n                            <\/div>\n\n        <\/div>\n    <\/a>\n<\/div>                                                        \n<div class=\"contentKachel filtr-item\" data-category=\"hameln-da\">\n    <a href=\"https:\/\/9staedte.de\/da\/oplev-weser-renaessancen-paa-slottet-haemelschenburg\/\">\n        <div class=\"contentKachel-inner\">\n                            <div class=\"contentKachel-thumbnail\">\n                    <img loading=\"lazy\" decoding=\"async\" width=\"300\" height=\"165\" src=\"https:\/\/9staedte.de\/wp-content\/smush-webp\/2022\/03\/Schloss-Haemelschenburg-c-HMT-300x165.jpg.webp\" class=\"objectfitcover withfilters wp-post-image\" alt=\"Billedet viser et stort gammelt slot. Det hedder: Schloss H\u00e4melschenburg. Slottet ligger ved en flod. Man kan se slottet spejlet i vandet. Til venstre er der en vej med en lille bro. Slottet har mange vinduer og t\u00e5rne. Solen skinner p\u00e5 bygningen. Der er meget gr\u00f8nt omkring.\" srcset=\"https:\/\/9staedte.de\/wp-content\/smush-webp\/2022\/03\/Schloss-Haemelschenburg-c-HMT-300x165.jpg.webp 300w, https:\/\/9staedte.de\/wp-content\/smush-webp\/2022\/03\/Schloss-Haemelschenburg-c-HMT-768x422.jpg.webp 768w, https:\/\/9staedte.de\/wp-content\/smush-webp\/2022\/03\/Schloss-Haemelschenburg-c-HMT.jpg.webp 1019w\" sizes=\"auto, (max-width: 300px) 100vw, 300px\" \/>                    <img loading=\"lazy\" decoding=\"async\" width=\"300\" height=\"165\" src=\"https:\/\/9staedte.de\/wp-content\/smush-webp\/2022\/03\/Schloss-Haemelschenburg-c-HMT-300x165.jpg.webp\" class=\"objectfitcontain wp-post-image\" alt=\"Billedet viser et stort gammelt slot. Det hedder: Schloss H\u00e4melschenburg. Slottet ligger ved en flod. Man kan se slottet spejlet i vandet. Til venstre er der en vej med en lille bro. Slottet har mange vinduer og t\u00e5rne. Solen skinner p\u00e5 bygningen. Der er meget gr\u00f8nt omkring.\" srcset=\"https:\/\/9staedte.de\/wp-content\/smush-webp\/2022\/03\/Schloss-Haemelschenburg-c-HMT-300x165.jpg.webp 300w, https:\/\/9staedte.de\/wp-content\/smush-webp\/2022\/03\/Schloss-Haemelschenburg-c-HMT-768x422.jpg.webp 768w, https:\/\/9staedte.de\/wp-content\/smush-webp\/2022\/03\/Schloss-Haemelschenburg-c-HMT.jpg.webp 1019w\" sizes=\"auto, (max-width: 300px) 100vw, 300px\" \/>                        <div class=\"thumbnail-label\">\n    <span>Schloss Haemelschenburg c) HMT<\/span>\n    <\/div>\n                <\/div>\n                        <div class=\"contentKachel-content\">\n                                    <div class=\"city-tag bg-hameln\">\n                        Hameln                    <\/div>\n                \n                <div class=\"title\">\n\n                    Oplev Weser-ren\u00e6ssancen p\u00e5 slottet H\u00e4melschenburg                    \n                <\/div>\n\n                            <\/div>\n\n        <\/div>\n    <\/a>\n<\/div>                                            <\/div>\r\n    <\/div>\r\n","protected":false},"excerpt":{"rendered":"","protected":false},"author":1,"featured_media":11787,"parent":12667,"menu_order":0,"comment_status":"closed","ping_status":"closed","template":"pagetemplates\/template-stadtthema.php","meta":{"_acf_changed":false,"footnotes":""},"categories":[],"tags":[],"ncap_cities_tax":[448,728],"class_list":["post-12497","page","type-page","status-publish","has-post-thumbnail","hentry","ncap_cities_tax-hameln-da","ncap_cities_tax-schlosser-und-garten-hameln-da"],"acf":[],"yoast_head":"<!-- This site is optimized with the Yoast SEO plugin v27.4 - https:\/\/yoast.com\/product\/yoast-seo-wordpress\/ -->\n<title>Slotte og haver i Hameln - 9 St\u00e4dte in Niedersachsen<\/title>\n<meta name=\"robots\" content=\"index, follow, max-snippet:-1, max-image-preview:large, max-video-preview:-1\" \/>\n<link rel=\"canonical\" href=\"https:\/\/9staedte.de\/da\/hameln-den-legendariske-rottefaengerby\/slotte-og-haver-i-hameln\/\" \/>\n<meta property=\"og:locale\" content=\"da_DK\" \/>\n<meta property=\"og:type\" content=\"article\" \/>\n<meta property=\"og:title\" content=\"Slotte og haver i Hameln - 9 St\u00e4dte in Niedersachsen\" \/>\n<meta property=\"og:url\" content=\"https:\/\/9staedte.de\/da\/hameln-den-legendariske-rottefaengerby\/slotte-og-haver-i-hameln\/\" \/>\n<meta property=\"og:site_name\" content=\"9 St\u00e4dte in Niedersachsen\" \/>\n<meta property=\"article:modified_time\" content=\"2023-10-25T13:38:08+00:00\" \/>\n<meta property=\"og:image\" content=\"https:\/\/9staedte.de\/wp-content\/uploads\/2022\/03\/Blick-vom-Kluet-c-HMT.jpg\" \/>\n\t<meta property=\"og:image:width\" content=\"1020\" \/>\n\t<meta property=\"og:image:height\" content=\"560\" \/>\n\t<meta property=\"og:image:type\" content=\"image\/jpeg\" \/>\n<meta name=\"twitter:card\" content=\"summary_large_image\" \/>\n<script type=\"application\/ld+json\" class=\"yoast-schema-graph\">{\"@context\":\"https:\\\/\\\/schema.org\",\"@graph\":[{\"@type\":\"WebPage\",\"@id\":\"https:\\\/\\\/9staedte.de\\\/da\\\/hameln-den-legendariske-rottefaengerby\\\/slotte-og-haver-i-hameln\\\/\",\"url\":\"https:\\\/\\\/9staedte.de\\\/da\\\/hameln-den-legendariske-rottefaengerby\\\/slotte-og-haver-i-hameln\\\/\",\"name\":\"Slotte og haver i Hameln - 9 St\u00e4dte in Niedersachsen\",\"isPartOf\":{\"@id\":\"https:\\\/\\\/9staedte.de\\\/da\\\/#website\"},\"primaryImageOfPage\":{\"@id\":\"https:\\\/\\\/9staedte.de\\\/da\\\/hameln-den-legendariske-rottefaengerby\\\/slotte-og-haver-i-hameln\\\/#primaryimage\"},\"image\":{\"@id\":\"https:\\\/\\\/9staedte.de\\\/da\\\/hameln-den-legendariske-rottefaengerby\\\/slotte-og-haver-i-hameln\\\/#primaryimage\"},\"thumbnailUrl\":\"https:\\\/\\\/9staedte.de\\\/wp-content\\\/uploads\\\/2022\\\/03\\\/Blick-vom-Kluet-c-HMT.jpg\",\"datePublished\":\"2023-10-25T10:27:10+00:00\",\"dateModified\":\"2023-10-25T13:38:08+00:00\",\"breadcrumb\":{\"@id\":\"https:\\\/\\\/9staedte.de\\\/da\\\/hameln-den-legendariske-rottefaengerby\\\/slotte-og-haver-i-hameln\\\/#breadcrumb\"},\"inLanguage\":\"da-DK\",\"potentialAction\":[{\"@type\":\"ReadAction\",\"target\":[\"https:\\\/\\\/9staedte.de\\\/da\\\/hameln-den-legendariske-rottefaengerby\\\/slotte-og-haver-i-hameln\\\/\"]}]},{\"@type\":\"ImageObject\",\"inLanguage\":\"da-DK\",\"@id\":\"https:\\\/\\\/9staedte.de\\\/da\\\/hameln-den-legendariske-rottefaengerby\\\/slotte-og-haver-i-hameln\\\/#primaryimage\",\"url\":\"https:\\\/\\\/9staedte.de\\\/wp-content\\\/uploads\\\/2022\\\/03\\\/Blick-vom-Kluet-c-HMT.jpg\",\"contentUrl\":\"https:\\\/\\\/9staedte.de\\\/wp-content\\\/uploads\\\/2022\\\/03\\\/Blick-vom-Kluet-c-HMT.jpg\",\"width\":1020,\"height\":560,\"caption\":\"Hameln Blick vom Kl\u00fct c) HMT\"},{\"@type\":\"BreadcrumbList\",\"@id\":\"https:\\\/\\\/9staedte.de\\\/da\\\/hameln-den-legendariske-rottefaengerby\\\/slotte-og-haver-i-hameln\\\/#breadcrumb\",\"itemListElement\":[{\"@type\":\"ListItem\",\"position\":1,\"name\":\"Startseite\",\"item\":\"https:\\\/\\\/9staedte.de\\\/da\\\/hjem-9-byer-2-i-niedersachsen\\\/\"},{\"@type\":\"ListItem\",\"position\":2,\"name\":\"Hameln &#8211; den legendariske rottef\u00e6ngerby\",\"item\":\"https:\\\/\\\/9staedte.de\\\/da\\\/hameln-den-legendariske-rottefaengerby\\\/\"},{\"@type\":\"ListItem\",\"position\":3,\"name\":\"Slotte og haver i Hameln\"}]},{\"@type\":\"WebSite\",\"@id\":\"https:\\\/\\\/9staedte.de\\\/da\\\/#website\",\"url\":\"https:\\\/\\\/9staedte.de\\\/da\\\/\",\"name\":\"9 St\u00e4dte in Niedersachsen\",\"description\":\"\",\"publisher\":{\"@id\":\"https:\\\/\\\/9staedte.de\\\/da\\\/#organization\"},\"potentialAction\":[{\"@type\":\"SearchAction\",\"target\":{\"@type\":\"EntryPoint\",\"urlTemplate\":\"https:\\\/\\\/9staedte.de\\\/da\\\/?s={search_term_string}\"},\"query-input\":{\"@type\":\"PropertyValueSpecification\",\"valueRequired\":true,\"valueName\":\"search_term_string\"}}],\"inLanguage\":\"da-DK\"},{\"@type\":\"Organization\",\"@id\":\"https:\\\/\\\/9staedte.de\\\/da\\\/#organization\",\"name\":\"9 St\u00e4dte in Niedersachsen\",\"url\":\"https:\\\/\\\/9staedte.de\\\/da\\\/\",\"logo\":{\"@type\":\"ImageObject\",\"inLanguage\":\"da-DK\",\"@id\":\"https:\\\/\\\/9staedte.de\\\/da\\\/#\\\/schema\\\/logo\\\/image\\\/\",\"url\":\"https:\\\/\\\/9staedte.de\\\/wp-content\\\/uploads\\\/2025\\\/01\\\/9-neg-deutsch-2-1.png\",\"contentUrl\":\"https:\\\/\\\/9staedte.de\\\/wp-content\\\/uploads\\\/2025\\\/01\\\/9-neg-deutsch-2-1.png\",\"width\":190,\"height\":114,\"caption\":\"9 St\u00e4dte in Niedersachsen\"},\"image\":{\"@id\":\"https:\\\/\\\/9staedte.de\\\/da\\\/#\\\/schema\\\/logo\\\/image\\\/\"}}]}<\/script>\n<!-- \/ Yoast SEO plugin. -->","yoast_head_json":{"title":"Slotte og haver i Hameln - 9 St\u00e4dte in Niedersachsen","robots":{"index":"index","follow":"follow","max-snippet":"max-snippet:-1","max-image-preview":"max-image-preview:large","max-video-preview":"max-video-preview:-1"},"canonical":"https:\/\/9staedte.de\/da\/hameln-den-legendariske-rottefaengerby\/slotte-og-haver-i-hameln\/","og_locale":"da_DK","og_type":"article","og_title":"Slotte og haver i Hameln - 9 St\u00e4dte in Niedersachsen","og_url":"https:\/\/9staedte.de\/da\/hameln-den-legendariske-rottefaengerby\/slotte-og-haver-i-hameln\/","og_site_name":"9 St\u00e4dte in Niedersachsen","article_modified_time":"2023-10-25T13:38:08+00:00","og_image":[{"width":1020,"height":560,"url":"https:\/\/9staedte.de\/wp-content\/uploads\/2022\/03\/Blick-vom-Kluet-c-HMT.jpg","type":"image\/jpeg"}],"twitter_card":"summary_large_image","schema":{"@context":"https:\/\/schema.org","@graph":[{"@type":"WebPage","@id":"https:\/\/9staedte.de\/da\/hameln-den-legendariske-rottefaengerby\/slotte-og-haver-i-hameln\/","url":"https:\/\/9staedte.de\/da\/hameln-den-legendariske-rottefaengerby\/slotte-og-haver-i-hameln\/","name":"Slotte og haver i Hameln - 9 St\u00e4dte in Niedersachsen","isPartOf":{"@id":"https:\/\/9staedte.de\/da\/#website"},"primaryImageOfPage":{"@id":"https:\/\/9staedte.de\/da\/hameln-den-legendariske-rottefaengerby\/slotte-og-haver-i-hameln\/#primaryimage"},"image":{"@id":"https:\/\/9staedte.de\/da\/hameln-den-legendariske-rottefaengerby\/slotte-og-haver-i-hameln\/#primaryimage"},"thumbnailUrl":"https:\/\/9staedte.de\/wp-content\/uploads\/2022\/03\/Blick-vom-Kluet-c-HMT.jpg","datePublished":"2023-10-25T10:27:10+00:00","dateModified":"2023-10-25T13:38:08+00:00","breadcrumb":{"@id":"https:\/\/9staedte.de\/da\/hameln-den-legendariske-rottefaengerby\/slotte-og-haver-i-hameln\/#breadcrumb"},"inLanguage":"da-DK","potentialAction":[{"@type":"ReadAction","target":["https:\/\/9staedte.de\/da\/hameln-den-legendariske-rottefaengerby\/slotte-og-haver-i-hameln\/"]}]},{"@type":"ImageObject","inLanguage":"da-DK","@id":"https:\/\/9staedte.de\/da\/hameln-den-legendariske-rottefaengerby\/slotte-og-haver-i-hameln\/#primaryimage","url":"https:\/\/9staedte.de\/wp-content\/uploads\/2022\/03\/Blick-vom-Kluet-c-HMT.jpg","contentUrl":"https:\/\/9staedte.de\/wp-content\/uploads\/2022\/03\/Blick-vom-Kluet-c-HMT.jpg","width":1020,"height":560,"caption":"Hameln Blick vom Kl\u00fct c) HMT"},{"@type":"BreadcrumbList","@id":"https:\/\/9staedte.de\/da\/hameln-den-legendariske-rottefaengerby\/slotte-og-haver-i-hameln\/#breadcrumb","itemListElement":[{"@type":"ListItem","position":1,"name":"Startseite","item":"https:\/\/9staedte.de\/da\/hjem-9-byer-2-i-niedersachsen\/"},{"@type":"ListItem","position":2,"name":"Hameln &#8211; den legendariske rottef\u00e6ngerby","item":"https:\/\/9staedte.de\/da\/hameln-den-legendariske-rottefaengerby\/"},{"@type":"ListItem","position":3,"name":"Slotte og haver i Hameln"}]},{"@type":"WebSite","@id":"https:\/\/9staedte.de\/da\/#website","url":"https:\/\/9staedte.de\/da\/","name":"9 St\u00e4dte in Niedersachsen","description":"","publisher":{"@id":"https:\/\/9staedte.de\/da\/#organization"},"potentialAction":[{"@type":"SearchAction","target":{"@type":"EntryPoint","urlTemplate":"https:\/\/9staedte.de\/da\/?s={search_term_string}"},"query-input":{"@type":"PropertyValueSpecification","valueRequired":true,"valueName":"search_term_string"}}],"inLanguage":"da-DK"},{"@type":"Organization","@id":"https:\/\/9staedte.de\/da\/#organization","name":"9 St\u00e4dte in Niedersachsen","url":"https:\/\/9staedte.de\/da\/","logo":{"@type":"ImageObject","inLanguage":"da-DK","@id":"https:\/\/9staedte.de\/da\/#\/schema\/logo\/image\/","url":"https:\/\/9staedte.de\/wp-content\/uploads\/2025\/01\/9-neg-deutsch-2-1.png","contentUrl":"https:\/\/9staedte.de\/wp-content\/uploads\/2025\/01\/9-neg-deutsch-2-1.png","width":190,"height":114,"caption":"9 St\u00e4dte in Niedersachsen"},"image":{"@id":"https:\/\/9staedte.de\/da\/#\/schema\/logo\/image\/"}}]}},"_links":{"self":[{"href":"https:\/\/9staedte.de\/da\/wp-json\/wp\/v2\/pages\/12497","targetHints":{"allow":["GET"]}}],"collection":[{"href":"https:\/\/9staedte.de\/da\/wp-json\/wp\/v2\/pages"}],"about":[{"href":"https:\/\/9staedte.de\/da\/wp-json\/wp\/v2\/types\/page"}],"author":[{"embeddable":true,"href":"https:\/\/9staedte.de\/da\/wp-json\/wp\/v2\/users\/1"}],"replies":[{"embeddable":true,"href":"https:\/\/9staedte.de\/da\/wp-json\/wp\/v2\/comments?post=12497"}],"version-history":[{"count":1,"href":"https:\/\/9staedte.de\/da\/wp-json\/wp\/v2\/pages\/12497\/revisions"}],"predecessor-version":[{"id":12509,"href":"https:\/\/9staedte.de\/da\/wp-json\/wp\/v2\/pages\/12497\/revisions\/12509"}],"up":[{"embeddable":true,"href":"https:\/\/9staedte.de\/da\/wp-json\/wp\/v2\/pages\/12667"}],"wp:featuredmedia":[{"embeddable":true,"href":"https:\/\/9staedte.de\/da\/wp-json\/wp\/v2\/media\/11787"}],"wp:attachment":[{"href":"https:\/\/9staedte.de\/da\/wp-json\/wp\/v2\/media?parent=12497"}],"wp:term":[{"taxonomy":"category","embeddable":true,"href":"https:\/\/9staedte.de\/da\/wp-json\/wp\/v2\/categories?post=12497"},{"taxonomy":"post_tag","embeddable":true,"href":"https:\/\/9staedte.de\/da\/wp-json\/wp\/v2\/tags?post=12497"},{"taxonomy":"ncap_cities_tax","embeddable":true,"href":"https:\/\/9staedte.de\/da\/wp-json\/wp\/v2\/ncap_cities_tax?post=12497"}],"curies":[{"name":"wp","href":"https:\/\/api.w.org\/{rel}","templated":true}]}}