{"id":12470,"date":"2023-10-25T12:27:54","date_gmt":"2023-10-25T10:27:54","guid":{"rendered":"https:\/\/9staedte.de\/shopping-og-gaa-ud-i-hildesheim\/"},"modified":"2023-10-25T15:44:20","modified_gmt":"2023-10-25T13:44:20","slug":"shopping-og-gaa-ud-i-hildesheim","status":"publish","type":"page","link":"https:\/\/9staedte.de\/da\/hildesheim-by-paa-unescos-verdensarvsliste\/shopping-og-gaa-ud-i-hildesheim\/","title":{"rendered":"Shopping og g\u00e5 ud i Hildesheim"},"content":{"rendered":"\n<h3 class=\"wp-block-heading\">Shopping i Hildesheim &#8211; Nyd noget s\u00e6rligt<\/h3>\n\n\n\n<p>Sm\u00e5t, men godt &#8211; indk\u00f8bsmulighederne i Hildesheim byder p\u00e5 korte afstande, men et stort udvalg&nbsp;. Og&nbsp;er endnu&nbsp;st\u00f8rre p\u00e5 grund af indk\u00f8bscentret &#8220;Arneken-Galerie&#8221;. Uanset om det er ejerdrevne specialbutikker, trendy og eksklusive modebutikker, kendte k\u00e6debutikker eller hyggelige souvenirbutikker &#8211; mangfoldigheden og kvaliteten af udbuddet i de seks forskellige bydele i centrum lader intet tilbage at \u00f8nske og tilbyder noget for enhver smag. Hvert kvarter har sin egen charme, og individuel og venlig r\u00e5dgivning samt centralt beliggende parkeringspladser er det, der g\u00f8r Hildesheim s\u00e5 tiltalende.<br>Talrige gadecaf\u00e9er, barer og restauranter kan anbefales til hyggelige pauser &#8211; for eksempel p\u00e5 baggrund af det historiske markedstorv. Og mange kulturinstitutioner og sev\u00e6rdigheder i byens centrum giver mulighed for at kombinere en afslappet shoppingtur med kulturelle aktiviteter.<\/p>\n\n\n\n\n<div class=\"banner-wrapper\">\n  <div class=\"banner-inner \">\n      <div class=\"img-container\">\n      <div class=\"img-wrapper\">\n        <img decoding=\"async\" src=\"https:\/\/9staedte.de\/wp-content\/smush-webp\/2023\/03\/Marktplatz-\u00a9-Hildesheim-Marketing-Foto-Bierwagen.jpg.webp\" alt=\"P\u00e5 billedet sidder en mand og en kvinde udenfor p\u00e5 en caf\u00e9. De drikker kaffe og m\u00e6lk. De smiler og taler sammen. Solen skinner. I baggrunden er der gamle huse p\u00e5 torvet i Hildesheim. Andre mennesker g\u00e5r forbi.\" \/>\n                  <div class=\"thumbnail-label\">\n            <span>Marktplatz \u00a9 Hildesheim Marketing, Foto Bierwagen<\/span>\n          <\/div>\n              <\/div>\n    <\/div>\n        <div class=\"text-container\">\n      <div class=\"content\">\n        <p><strong>9 Tipps rund ums Einkaufen und Ausgehen in Hildesheim: <\/strong><\/p>\n<ul>\n<li>Theater f\u00fcr Niedersachsen-Schauspiel, Musiktheater, Tanz, Konzerte und Lesungen<\/li>\n<li>Almsstra\u00dfe \u2013 Exklusivit\u00e4t erleben<\/li>\n<li>Hoher Weg \u2013 die reizvolle Mitte<\/li>\n<li>Osterstra\u00dfe und Scheelenstra\u00dfe \u2013 Boutiquen und Spezialgesch\u00e4fte<\/li>\n<li>Schuhstra\u00dfe \u2013 sch\u00f6ner Wohnen und mehr<\/li>\n<li>Andreaspassage \u2013 stilvolles Leben<\/li>\n<li>Bernwardstra\u00dfe \u2013 attraktive Begegnungen<\/li>\n<li>Kulturfabrik\/Veranstaltungszentren<\/li>\n<li>Stadtfeste und verkaufsoffene Sonntage an vielen Wochenenden<\/li>\n<\/ul>\n      <\/div>\n    <\/div>\n    <\/div>\n<\/div>\n\n","protected":false},"excerpt":{"rendered":"<p>Shopping i Hildesheim &#8211; Nyd noget s\u00e6rligt Sm\u00e5t, men godt &#8211; indk\u00f8bsmulighederne i Hildesheim byder p\u00e5 korte afstande, men et stort udvalg&nbsp;. Og&nbsp;er endnu&nbsp;st\u00f8rre p\u00e5 grund af indk\u00f8bscentret &#8220;Arneken-Galerie&#8221;. Uanset om det er ejerdrevne specialbutikker, trendy og eksklusive modebutikker, kendte k\u00e6debutikker eller hyggelige souvenirbutikker &#8211; mangfoldigheden og kvaliteten af udbuddet i de seks forskellige bydele [&hellip;]<\/p>\n","protected":false},"author":1,"featured_media":12484,"parent":12668,"menu_order":0,"comment_status":"closed","ping_status":"closed","template":"pagetemplates\/template-stadtthema.php","meta":{"_acf_changed":false,"footnotes":""},"categories":[],"tags":[],"ncap_cities_tax":[462,798],"class_list":["post-12470","page","type-page","status-publish","has-post-thumbnail","hentry","ncap_cities_tax-hildesheim-da","ncap_cities_tax-shopping-und-ausgehen-hildesheim-da"],"acf":[],"yoast_head":"<!-- This site is optimized with the Yoast SEO plugin v26.8 - https:\/\/yoast.com\/product\/yoast-seo-wordpress\/ -->\n<title>Shopping og g\u00e5 ud i Hildesheim - 9 St\u00e4dte in Niedersachsen<\/title>\n<meta name=\"robots\" content=\"index, follow, max-snippet:-1, max-image-preview:large, max-video-preview:-1\" \/>\n<link rel=\"canonical\" href=\"https:\/\/9staedte.de\/da\/hildesheim-by-paa-unescos-verdensarvsliste\/shopping-og-gaa-ud-i-hildesheim\/\" \/>\n<meta property=\"og:locale\" content=\"da_DK\" \/>\n<meta property=\"og:type\" content=\"article\" \/>\n<meta property=\"og:title\" content=\"Shopping og g\u00e5 ud i Hildesheim - 9 St\u00e4dte in Niedersachsen\" \/>\n<meta property=\"og:description\" content=\"Shopping i Hildesheim &#8211; Nyd noget s\u00e6rligt Sm\u00e5t, men godt &#8211; indk\u00f8bsmulighederne i Hildesheim byder p\u00e5 korte afstande, men et stort udvalg&nbsp;. Og&nbsp;er endnu&nbsp;st\u00f8rre p\u00e5 grund af indk\u00f8bscentret &#8220;Arneken-Galerie&#8221;. Uanset om det er ejerdrevne specialbutikker, trendy og eksklusive modebutikker, kendte k\u00e6debutikker eller hyggelige souvenirbutikker &#8211; mangfoldigheden og kvaliteten af udbuddet i de seks forskellige bydele [&hellip;]\" \/>\n<meta property=\"og:url\" content=\"https:\/\/9staedte.de\/da\/hildesheim-by-paa-unescos-verdensarvsliste\/shopping-og-gaa-ud-i-hildesheim\/\" \/>\n<meta property=\"og:site_name\" content=\"9 St\u00e4dte in Niedersachsen\" \/>\n<meta property=\"article:modified_time\" content=\"2023-10-25T13:44:20+00:00\" \/>\n<meta property=\"og:image\" content=\"https:\/\/9staedte.de\/wp-content\/uploads\/2023\/03\/Shopping-\u00a9Hildesheim-Marketing-Foto-Bierwagen.jpg\" \/>\n\t<meta property=\"og:image:width\" content=\"1020\" \/>\n\t<meta property=\"og:image:height\" content=\"560\" \/>\n\t<meta property=\"og:image:type\" content=\"image\/jpeg\" \/>\n<meta name=\"twitter:card\" content=\"summary_large_image\" \/>\n<meta name=\"twitter:label1\" content=\"Estimeret l\u00e6setid\" \/>\n\t<meta name=\"twitter:data1\" content=\"1 minut\" \/>\n<script type=\"application\/ld+json\" class=\"yoast-schema-graph\">{\"@context\":\"https:\/\/schema.org\",\"@graph\":[{\"@type\":\"WebPage\",\"@id\":\"https:\/\/9staedte.de\/da\/hildesheim-by-paa-unescos-verdensarvsliste\/shopping-og-gaa-ud-i-hildesheim\/\",\"url\":\"https:\/\/9staedte.de\/da\/hildesheim-by-paa-unescos-verdensarvsliste\/shopping-og-gaa-ud-i-hildesheim\/\",\"name\":\"Shopping og g\u00e5 ud i Hildesheim - 9 St\u00e4dte in Niedersachsen\",\"isPartOf\":{\"@id\":\"https:\/\/9staedte.de\/da\/#website\"},\"primaryImageOfPage\":{\"@id\":\"https:\/\/9staedte.de\/da\/hildesheim-by-paa-unescos-verdensarvsliste\/shopping-og-gaa-ud-i-hildesheim\/#primaryimage\"},\"image\":{\"@id\":\"https:\/\/9staedte.de\/da\/hildesheim-by-paa-unescos-verdensarvsliste\/shopping-og-gaa-ud-i-hildesheim\/#primaryimage\"},\"thumbnailUrl\":\"https:\/\/9staedte.de\/wp-content\/uploads\/2023\/03\/Shopping-\u00a9Hildesheim-Marketing-Foto-Bierwagen.jpg\",\"datePublished\":\"2023-10-25T10:27:54+00:00\",\"dateModified\":\"2023-10-25T13:44:20+00:00\",\"breadcrumb\":{\"@id\":\"https:\/\/9staedte.de\/da\/hildesheim-by-paa-unescos-verdensarvsliste\/shopping-og-gaa-ud-i-hildesheim\/#breadcrumb\"},\"inLanguage\":\"da-DK\",\"potentialAction\":[{\"@type\":\"ReadAction\",\"target\":[\"https:\/\/9staedte.de\/da\/hildesheim-by-paa-unescos-verdensarvsliste\/shopping-og-gaa-ud-i-hildesheim\/\"]}]},{\"@type\":\"ImageObject\",\"inLanguage\":\"da-DK\",\"@id\":\"https:\/\/9staedte.de\/da\/hildesheim-by-paa-unescos-verdensarvsliste\/shopping-og-gaa-ud-i-hildesheim\/#primaryimage\",\"url\":\"https:\/\/9staedte.de\/wp-content\/uploads\/2023\/03\/Shopping-\u00a9Hildesheim-Marketing-Foto-Bierwagen.jpg\",\"contentUrl\":\"https:\/\/9staedte.de\/wp-content\/uploads\/2023\/03\/Shopping-\u00a9Hildesheim-Marketing-Foto-Bierwagen.jpg\",\"width\":1020,\"height\":560,\"caption\":\"Shopping \u00a9Hildesheim Marketing, Foto Bierwagen\"},{\"@type\":\"BreadcrumbList\",\"@id\":\"https:\/\/9staedte.de\/da\/hildesheim-by-paa-unescos-verdensarvsliste\/shopping-og-gaa-ud-i-hildesheim\/#breadcrumb\",\"itemListElement\":[{\"@type\":\"ListItem\",\"position\":1,\"name\":\"Startseite\",\"item\":\"https:\/\/9staedte.de\/da\/hjem-9-byer-2-i-niedersachsen\/\"},{\"@type\":\"ListItem\",\"position\":2,\"name\":\"Hildesheim &#8211; by p\u00e5 UNESCO&#8217;s verdensarvsliste\",\"item\":\"https:\/\/9staedte.de\/da\/hildesheim-by-paa-unescos-verdensarvsliste\/\"},{\"@type\":\"ListItem\",\"position\":3,\"name\":\"Shopping og g\u00e5 ud i Hildesheim\"}]},{\"@type\":\"WebSite\",\"@id\":\"https:\/\/9staedte.de\/da\/#website\",\"url\":\"https:\/\/9staedte.de\/da\/\",\"name\":\"9 St\u00e4dte in Niedersachsen\",\"description\":\"\",\"publisher\":{\"@id\":\"https:\/\/9staedte.de\/da\/#organization\"},\"potentialAction\":[{\"@type\":\"SearchAction\",\"target\":{\"@type\":\"EntryPoint\",\"urlTemplate\":\"https:\/\/9staedte.de\/da\/?s={search_term_string}\"},\"query-input\":{\"@type\":\"PropertyValueSpecification\",\"valueRequired\":true,\"valueName\":\"search_term_string\"}}],\"inLanguage\":\"da-DK\"},{\"@type\":\"Organization\",\"@id\":\"https:\/\/9staedte.de\/da\/#organization\",\"name\":\"9 St\u00e4dte in Niedersachsen\",\"url\":\"https:\/\/9staedte.de\/da\/\",\"logo\":{\"@type\":\"ImageObject\",\"inLanguage\":\"da-DK\",\"@id\":\"https:\/\/9staedte.de\/da\/#\/schema\/logo\/image\/\",\"url\":\"https:\/\/9staedte.de\/wp-content\/uploads\/2025\/01\/9-neg-deutsch-2-1.png\",\"contentUrl\":\"https:\/\/9staedte.de\/wp-content\/uploads\/2025\/01\/9-neg-deutsch-2-1.png\",\"width\":190,\"height\":114,\"caption\":\"9 St\u00e4dte in Niedersachsen\"},\"image\":{\"@id\":\"https:\/\/9staedte.de\/da\/#\/schema\/logo\/image\/\"}}]}<\/script>\n<!-- \/ Yoast SEO plugin. -->","yoast_head_json":{"title":"Shopping og g\u00e5 ud i Hildesheim - 9 St\u00e4dte in Niedersachsen","robots":{"index":"index","follow":"follow","max-snippet":"max-snippet:-1","max-image-preview":"max-image-preview:large","max-video-preview":"max-video-preview:-1"},"canonical":"https:\/\/9staedte.de\/da\/hildesheim-by-paa-unescos-verdensarvsliste\/shopping-og-gaa-ud-i-hildesheim\/","og_locale":"da_DK","og_type":"article","og_title":"Shopping og g\u00e5 ud i Hildesheim - 9 St\u00e4dte in Niedersachsen","og_description":"Shopping i Hildesheim &#8211; Nyd noget s\u00e6rligt Sm\u00e5t, men godt &#8211; indk\u00f8bsmulighederne i Hildesheim byder p\u00e5 korte afstande, men et stort udvalg&nbsp;. Og&nbsp;er endnu&nbsp;st\u00f8rre p\u00e5 grund af indk\u00f8bscentret &#8220;Arneken-Galerie&#8221;. Uanset om det er ejerdrevne specialbutikker, trendy og eksklusive modebutikker, kendte k\u00e6debutikker eller hyggelige souvenirbutikker &#8211; mangfoldigheden og kvaliteten af udbuddet i de seks forskellige bydele [&hellip;]","og_url":"https:\/\/9staedte.de\/da\/hildesheim-by-paa-unescos-verdensarvsliste\/shopping-og-gaa-ud-i-hildesheim\/","og_site_name":"9 St\u00e4dte in Niedersachsen","article_modified_time":"2023-10-25T13:44:20+00:00","og_image":[{"width":1020,"height":560,"url":"https:\/\/9staedte.de\/wp-content\/uploads\/2023\/03\/Shopping-\u00a9Hildesheim-Marketing-Foto-Bierwagen.jpg","type":"image\/jpeg"}],"twitter_card":"summary_large_image","twitter_misc":{"Estimeret l\u00e6setid":"1 minut"},"schema":{"@context":"https:\/\/schema.org","@graph":[{"@type":"WebPage","@id":"https:\/\/9staedte.de\/da\/hildesheim-by-paa-unescos-verdensarvsliste\/shopping-og-gaa-ud-i-hildesheim\/","url":"https:\/\/9staedte.de\/da\/hildesheim-by-paa-unescos-verdensarvsliste\/shopping-og-gaa-ud-i-hildesheim\/","name":"Shopping og g\u00e5 ud i Hildesheim - 9 St\u00e4dte in Niedersachsen","isPartOf":{"@id":"https:\/\/9staedte.de\/da\/#website"},"primaryImageOfPage":{"@id":"https:\/\/9staedte.de\/da\/hildesheim-by-paa-unescos-verdensarvsliste\/shopping-og-gaa-ud-i-hildesheim\/#primaryimage"},"image":{"@id":"https:\/\/9staedte.de\/da\/hildesheim-by-paa-unescos-verdensarvsliste\/shopping-og-gaa-ud-i-hildesheim\/#primaryimage"},"thumbnailUrl":"https:\/\/9staedte.de\/wp-content\/uploads\/2023\/03\/Shopping-\u00a9Hildesheim-Marketing-Foto-Bierwagen.jpg","datePublished":"2023-10-25T10:27:54+00:00","dateModified":"2023-10-25T13:44:20+00:00","breadcrumb":{"@id":"https:\/\/9staedte.de\/da\/hildesheim-by-paa-unescos-verdensarvsliste\/shopping-og-gaa-ud-i-hildesheim\/#breadcrumb"},"inLanguage":"da-DK","potentialAction":[{"@type":"ReadAction","target":["https:\/\/9staedte.de\/da\/hildesheim-by-paa-unescos-verdensarvsliste\/shopping-og-gaa-ud-i-hildesheim\/"]}]},{"@type":"ImageObject","inLanguage":"da-DK","@id":"https:\/\/9staedte.de\/da\/hildesheim-by-paa-unescos-verdensarvsliste\/shopping-og-gaa-ud-i-hildesheim\/#primaryimage","url":"https:\/\/9staedte.de\/wp-content\/uploads\/2023\/03\/Shopping-\u00a9Hildesheim-Marketing-Foto-Bierwagen.jpg","contentUrl":"https:\/\/9staedte.de\/wp-content\/uploads\/2023\/03\/Shopping-\u00a9Hildesheim-Marketing-Foto-Bierwagen.jpg","width":1020,"height":560,"caption":"Shopping \u00a9Hildesheim Marketing, Foto Bierwagen"},{"@type":"BreadcrumbList","@id":"https:\/\/9staedte.de\/da\/hildesheim-by-paa-unescos-verdensarvsliste\/shopping-og-gaa-ud-i-hildesheim\/#breadcrumb","itemListElement":[{"@type":"ListItem","position":1,"name":"Startseite","item":"https:\/\/9staedte.de\/da\/hjem-9-byer-2-i-niedersachsen\/"},{"@type":"ListItem","position":2,"name":"Hildesheim &#8211; by p\u00e5 UNESCO&#8217;s verdensarvsliste","item":"https:\/\/9staedte.de\/da\/hildesheim-by-paa-unescos-verdensarvsliste\/"},{"@type":"ListItem","position":3,"name":"Shopping og g\u00e5 ud i Hildesheim"}]},{"@type":"WebSite","@id":"https:\/\/9staedte.de\/da\/#website","url":"https:\/\/9staedte.de\/da\/","name":"9 St\u00e4dte in Niedersachsen","description":"","publisher":{"@id":"https:\/\/9staedte.de\/da\/#organization"},"potentialAction":[{"@type":"SearchAction","target":{"@type":"EntryPoint","urlTemplate":"https:\/\/9staedte.de\/da\/?s={search_term_string}"},"query-input":{"@type":"PropertyValueSpecification","valueRequired":true,"valueName":"search_term_string"}}],"inLanguage":"da-DK"},{"@type":"Organization","@id":"https:\/\/9staedte.de\/da\/#organization","name":"9 St\u00e4dte in Niedersachsen","url":"https:\/\/9staedte.de\/da\/","logo":{"@type":"ImageObject","inLanguage":"da-DK","@id":"https:\/\/9staedte.de\/da\/#\/schema\/logo\/image\/","url":"https:\/\/9staedte.de\/wp-content\/uploads\/2025\/01\/9-neg-deutsch-2-1.png","contentUrl":"https:\/\/9staedte.de\/wp-content\/uploads\/2025\/01\/9-neg-deutsch-2-1.png","width":190,"height":114,"caption":"9 St\u00e4dte in Niedersachsen"},"image":{"@id":"https:\/\/9staedte.de\/da\/#\/schema\/logo\/image\/"}}]}},"_links":{"self":[{"href":"https:\/\/9staedte.de\/da\/wp-json\/wp\/v2\/pages\/12470","targetHints":{"allow":["GET"]}}],"collection":[{"href":"https:\/\/9staedte.de\/da\/wp-json\/wp\/v2\/pages"}],"about":[{"href":"https:\/\/9staedte.de\/da\/wp-json\/wp\/v2\/types\/page"}],"author":[{"embeddable":true,"href":"https:\/\/9staedte.de\/da\/wp-json\/wp\/v2\/users\/1"}],"replies":[{"embeddable":true,"href":"https:\/\/9staedte.de\/da\/wp-json\/wp\/v2\/comments?post=12470"}],"version-history":[{"count":2,"href":"https:\/\/9staedte.de\/da\/wp-json\/wp\/v2\/pages\/12470\/revisions"}],"predecessor-version":[{"id":13321,"href":"https:\/\/9staedte.de\/da\/wp-json\/wp\/v2\/pages\/12470\/revisions\/13321"}],"up":[{"embeddable":true,"href":"https:\/\/9staedte.de\/da\/wp-json\/wp\/v2\/pages\/12668"}],"wp:featuredmedia":[{"embeddable":true,"href":"https:\/\/9staedte.de\/da\/wp-json\/wp\/v2\/media\/12484"}],"wp:attachment":[{"href":"https:\/\/9staedte.de\/da\/wp-json\/wp\/v2\/media?parent=12470"}],"wp:term":[{"taxonomy":"category","embeddable":true,"href":"https:\/\/9staedte.de\/da\/wp-json\/wp\/v2\/categories?post=12470"},{"taxonomy":"post_tag","embeddable":true,"href":"https:\/\/9staedte.de\/da\/wp-json\/wp\/v2\/tags?post=12470"},{"taxonomy":"ncap_cities_tax","embeddable":true,"href":"https:\/\/9staedte.de\/da\/wp-json\/wp\/v2\/ncap_cities_tax?post=12470"}],"curies":[{"name":"wp","href":"https:\/\/api.w.org\/{rel}","templated":true}]}}