{"id":12467,"date":"2023-10-25T12:23:28","date_gmt":"2023-10-25T10:23:28","guid":{"rendered":"https:\/\/9staedte.de\/julemarked-i-braunschweig\/"},"modified":"2026-03-23T12:26:23","modified_gmt":"2026-03-23T11:26:23","slug":"julemarked-i-braunschweig","status":"publish","type":"page","link":"https:\/\/9staedte.de\/da\/braunschweig-loevernes-by\/julemarked-i-braunschweig\/","title":{"rendered":"Julemarked i Braunschweig"},"content":{"rendered":"\n<h2 class=\"wp-block-heading\">Stemningsfuldt julemarked i Braunschweig<\/h2>\n\n<p><strong>Et traditionelt julemarked med et gratis b\u00f8rne- og kulturprogram, en bymidte fuld af juleaktiviteter og masser af atmosf\u00e6re: Det er adventsmagi i Braunschweig, L\u00f8vernes By.<\/strong><\/p>\n\n<p>Fra slutningen af november til slutningen af december fylder julemarkedet det historiske ensemble omkring Skt. Blasii-katedralen med julens magi. Glem alt om tid, mens du slentrer rundt mellem 140 k\u00e6rligt dekorerede boder. Der er kunstf\u00e6rdigt udformede gaveideer at opdage og regional mad og drikke som Braunkohl og Mumme-gl\u00fchwein at smage p\u00e5. Lyt til festlige koncerter, forundres sammen med b\u00f8rnene over teaterstykker, eller se p\u00e5 lyshavet fra 61 meters h\u00f8jde. G\u00e5 en tur gennem den festligt udsmykkede bymidte, genopdag julehistorien i vinterteatret, og tag en tur p\u00e5 sk\u00f8jtebanen.    <\/p>\n\n<p><a href=\"https:\/\/www.braunschweig.de\/weihnachtsmarkt\/index.php\" target=\"_blank\" rel=\"noreferrer noopener\">Yderligere oplysninger<\/a><\/p>\n\n\n<div class=\"banner-wrapper\">\n  <div class=\"banner-inner \">\n      <div class=\"img-container\">\n      <div class=\"img-wrapper\">\n        <img decoding=\"async\" src=\"https:\/\/9staedte.de\/wp-content\/smush-webp\/2023\/10\/Braunschweig-Weihnachtsmarkt-2-c-Braunschweig-Stadtmarketing-Philipp-Ziebart.jpg.webp\" alt=\"Billedet viser julemarkedet i Braunschweig. Mange mennesker g\u00e5r mellem boderne. Der h\u00e6nger mange lys over pladsen. I baggrunden ser man en kirke. Stemningen er festlig og glad.\" \/>\n                  <div class=\"thumbnail-label\">\n            <span>Braunschweig Weihnachtsmarkt 2 c) Braunschweig Stadtmarketing Philipp Ziebart<\/span>\n          <\/div>\n              <\/div>\n    <\/div>\n        <div class=\"text-container\">\n      <div class=\"content\">\n        <p><strong>9 tips til dit julemarkedsbes\u00f8g i Braunschweig<\/strong><\/p>\n<p>&#8211; adventskoncerter i St. Blasii-domen<br \/>\n&#8211; Braunschweig Mumme-smagning<br \/>\n&#8211; gratis b\u00f8rneprogram<br \/>\n&#8211; julekrybbe med skulpturer i naturlig st\u00f8rrelse<br \/>\n&#8211; shoppingtur gennem den attraktive bymidte<br \/>\n&#8211; udsigt fra r\u00e5dhust\u00e5rnet<br \/>\n&#8211; sk\u00f8jtebane p\u00e5 Kohlmarkt<br \/>\n&#8211; bes\u00f8g Herzog Anton Ulrich Museum<\/p>\n      <\/div>\n    <\/div>\n    <\/div>\n<\/div>\n\n\n<p class=\"h3\"><strong>Julemarked i Braunschweig<\/strong><\/p>\n\n <div class=\"brlbs-cmpnt-container brlbs-cmpnt-content-blocker brlbs-cmpnt-with-individual-styles\" data-borlabs-cookie-content-blocker-id=\"google-maps\" data-borlabs-cookie-content=\"PGlmcmFtZSBzcmM9Imh0dHBzOi8vd3d3Lmdvb2dsZS5jb20vbWFwcy9lbWJlZD9wYj0hMW0xOCExbTEyITFtMyExZDg4OC42MTM5MTc0NTEzMDc5ITJkMTAuNTI0Mjg1NTQwMDgyMDgxITNkNTIuMjY0NjU3NzgwMzUwNjc0ITJtMyExZjAhMmYwITNmMCEzbTIhMWkxMDI0ITJpNzY4ITRmMTMuMSEzbTMhMW0yITFzMHg0N2FmZjdlNmUxMjI0ODU5JTNBMHg0MjU4MTliMWRhOTgzOTVhITJzV2VpaG5hY2h0c21hcmt0JTIwQnJhdW5zY2h3ZWlnJTIwYW0lMjBEb21wbGF0eiE1ZTAhM20yITFzZGUhMnNkZSE0djE2OTIxODQ3Nzg0NzchNW0yITFzZGUhMnNkZSIgd2lkdGg9IjYwMCIgaGVpZ2h0PSI0NTAiIHN0eWxlPSJib3JkZXI6MDsiIGFsbG93ZnVsbHNjcmVlbj0iIiBsb2FkaW5nPSJsYXp5IiByZWZlcnJlcnBvbGljeT0ibm8tcmVmZXJyZXItd2hlbi1kb3duZ3JhZGUiPjwvaWZyYW1lPg==\"><div class=\"brlbs-cmpnt-cb-preset-b brlbs-cmpnt-cb-google-maps\"> <div class=\"brlbs-cmpnt-cb-thumbnail\" style=\"background-image: url('https:\/\/9staedte.de\/wp-content\/uploads\/borlabs-cookie\/1\/brlbs-cb-google-maps-main.png')\"><\/div> <div class=\"brlbs-cmpnt-cb-main\"> <div class=\"brlbs-cmpnt-cb-content\"> <p class=\"brlbs-cmpnt-cb-description\">You are currently viewing a placeholder content from <strong>Google Maps<\/strong>. To access the actual content, click the button below. Please note that doing so will share data with third-party providers.<\/p> <a class=\"brlbs-cmpnt-cb-provider-toggle\" href=\"#\" data-borlabs-cookie-show-provider-information role=\"button\">More Information<\/a> <\/div> <div class=\"brlbs-cmpnt-cb-buttons\"> <a class=\"brlbs-cmpnt-cb-btn\" href=\"#\" data-borlabs-cookie-unblock role=\"button\">Unblock content<\/a> <a class=\"brlbs-cmpnt-cb-btn\" href=\"#\" data-borlabs-cookie-accept-service role=\"button\" style=\"display: inherit\">Accept required service and unblock content<\/a> <\/div> <\/div> <\/div><\/div>\n\n<div style=\"height:35px\" aria-hidden=\"true\" class=\"wp-block-spacer\"><\/div>\n","protected":false},"excerpt":{"rendered":"<p>Stemningsfuldt julemarked i Braunschweig Et traditionelt julemarked med et gratis b\u00f8rne- og kulturprogram, en bymidte fuld af juleaktiviteter og masser af atmosf\u00e6re: Det er adventsmagi i Braunschweig, L\u00f8vernes By. Fra slutningen af november til slutningen af december fylder julemarkedet det historiske ensemble omkring Skt. Blasii-katedralen med julens magi. Glem alt om tid, mens du slentrer [&hellip;]<\/p>\n","protected":false},"author":1,"featured_media":12487,"parent":12525,"menu_order":0,"comment_status":"closed","ping_status":"closed","template":"pagetemplates\/template-stadtthema.php","meta":{"_acf_changed":false,"footnotes":""},"categories":[],"tags":[],"ncap_cities_tax":[420,490],"class_list":["post-12467","page","type-page","status-publish","has-post-thumbnail","hentry","ncap_cities_tax-braunschweig-da","ncap_cities_tax-weihnachtsmarkte-braunschweig-da"],"acf":[],"yoast_head":"<!-- This site is optimized with the Yoast SEO plugin v27.4 - https:\/\/yoast.com\/product\/yoast-seo-wordpress\/ -->\n<title>Julemarked i Braunschweig - 9 St\u00e4dte in Niedersachsen<\/title>\n<meta name=\"description\" content=\"Braunschweig julemarked: stemningsfuldt lyssk\u00e6r p\u00e5 den historiske plads Burgplatz omkring St.\" \/>\n<meta name=\"robots\" content=\"index, follow, max-snippet:-1, max-image-preview:large, max-video-preview:-1\" \/>\n<link rel=\"canonical\" href=\"https:\/\/9staedte.de\/da\/braunschweig-loevernes-by\/julemarked-i-braunschweig\/\" \/>\n<meta property=\"og:locale\" content=\"da_DK\" \/>\n<meta property=\"og:type\" content=\"article\" \/>\n<meta property=\"og:title\" content=\"Julemarked i Braunschweig - 9 St\u00e4dte in Niedersachsen\" \/>\n<meta property=\"og:description\" content=\"Braunschweig julemarked: stemningsfuldt lyssk\u00e6r p\u00e5 den historiske plads Burgplatz omkring St.\" \/>\n<meta property=\"og:url\" content=\"https:\/\/9staedte.de\/da\/braunschweig-loevernes-by\/julemarked-i-braunschweig\/\" \/>\n<meta property=\"og:site_name\" content=\"9 St\u00e4dte in Niedersachsen\" \/>\n<meta property=\"article:modified_time\" content=\"2026-03-23T11:26:23+00:00\" \/>\n<meta property=\"og:image\" content=\"https:\/\/9staedte.de\/wp-content\/uploads\/2023\/10\/Braunschweig-Weihnachtsmarkt-c-Braunschweig-Stadtmarketing-Philipp-Ziebart.jpg\" \/>\n\t<meta property=\"og:image:width\" content=\"1020\" \/>\n\t<meta property=\"og:image:height\" content=\"560\" \/>\n\t<meta property=\"og:image:type\" content=\"image\/jpeg\" \/>\n<meta name=\"twitter:card\" content=\"summary_large_image\" \/>\n<meta name=\"twitter:label1\" content=\"Estimeret l\u00e6setid\" \/>\n\t<meta name=\"twitter:data1\" content=\"1 minut\" \/>\n<script type=\"application\/ld+json\" class=\"yoast-schema-graph\">{\"@context\":\"https:\\\/\\\/schema.org\",\"@graph\":[{\"@type\":\"WebPage\",\"@id\":\"https:\\\/\\\/9staedte.de\\\/da\\\/braunschweig-loevernes-by\\\/julemarked-i-braunschweig\\\/\",\"url\":\"https:\\\/\\\/9staedte.de\\\/da\\\/braunschweig-loevernes-by\\\/julemarked-i-braunschweig\\\/\",\"name\":\"Julemarked i Braunschweig - 9 St\u00e4dte in Niedersachsen\",\"isPartOf\":{\"@id\":\"https:\\\/\\\/9staedte.de\\\/da\\\/#website\"},\"primaryImageOfPage\":{\"@id\":\"https:\\\/\\\/9staedte.de\\\/da\\\/braunschweig-loevernes-by\\\/julemarked-i-braunschweig\\\/#primaryimage\"},\"image\":{\"@id\":\"https:\\\/\\\/9staedte.de\\\/da\\\/braunschweig-loevernes-by\\\/julemarked-i-braunschweig\\\/#primaryimage\"},\"thumbnailUrl\":\"https:\\\/\\\/9staedte.de\\\/wp-content\\\/uploads\\\/2023\\\/10\\\/Braunschweig-Weihnachtsmarkt-c-Braunschweig-Stadtmarketing-Philipp-Ziebart.jpg\",\"datePublished\":\"2023-10-25T10:23:28+00:00\",\"dateModified\":\"2026-03-23T11:26:23+00:00\",\"description\":\"Braunschweig julemarked: stemningsfuldt lyssk\u00e6r p\u00e5 den historiske plads Burgplatz omkring St.\",\"breadcrumb\":{\"@id\":\"https:\\\/\\\/9staedte.de\\\/da\\\/braunschweig-loevernes-by\\\/julemarked-i-braunschweig\\\/#breadcrumb\"},\"inLanguage\":\"da-DK\",\"potentialAction\":[{\"@type\":\"ReadAction\",\"target\":[\"https:\\\/\\\/9staedte.de\\\/da\\\/braunschweig-loevernes-by\\\/julemarked-i-braunschweig\\\/\"]}]},{\"@type\":\"ImageObject\",\"inLanguage\":\"da-DK\",\"@id\":\"https:\\\/\\\/9staedte.de\\\/da\\\/braunschweig-loevernes-by\\\/julemarked-i-braunschweig\\\/#primaryimage\",\"url\":\"https:\\\/\\\/9staedte.de\\\/wp-content\\\/uploads\\\/2023\\\/10\\\/Braunschweig-Weihnachtsmarkt-c-Braunschweig-Stadtmarketing-Philipp-Ziebart.jpg\",\"contentUrl\":\"https:\\\/\\\/9staedte.de\\\/wp-content\\\/uploads\\\/2023\\\/10\\\/Braunschweig-Weihnachtsmarkt-c-Braunschweig-Stadtmarketing-Philipp-Ziebart.jpg\",\"width\":1020,\"height\":560,\"caption\":\"Braunschweig Weihnachtsmarkt c) Braunschweig Stadtmarketing Philipp Ziebart\"},{\"@type\":\"BreadcrumbList\",\"@id\":\"https:\\\/\\\/9staedte.de\\\/da\\\/braunschweig-loevernes-by\\\/julemarked-i-braunschweig\\\/#breadcrumb\",\"itemListElement\":[{\"@type\":\"ListItem\",\"position\":1,\"name\":\"Startseite\",\"item\":\"https:\\\/\\\/9staedte.de\\\/da\\\/hjem-9-byer-2-i-niedersachsen\\\/\"},{\"@type\":\"ListItem\",\"position\":2,\"name\":\"Braunschweig &#8211; City of Lions\",\"item\":\"https:\\\/\\\/9staedte.de\\\/da\\\/braunschweig-loevernes-by\\\/\"},{\"@type\":\"ListItem\",\"position\":3,\"name\":\"Julemarked i Braunschweig\"}]},{\"@type\":\"WebSite\",\"@id\":\"https:\\\/\\\/9staedte.de\\\/da\\\/#website\",\"url\":\"https:\\\/\\\/9staedte.de\\\/da\\\/\",\"name\":\"9 St\u00e4dte in Niedersachsen\",\"description\":\"\",\"publisher\":{\"@id\":\"https:\\\/\\\/9staedte.de\\\/da\\\/#organization\"},\"potentialAction\":[{\"@type\":\"SearchAction\",\"target\":{\"@type\":\"EntryPoint\",\"urlTemplate\":\"https:\\\/\\\/9staedte.de\\\/da\\\/?s={search_term_string}\"},\"query-input\":{\"@type\":\"PropertyValueSpecification\",\"valueRequired\":true,\"valueName\":\"search_term_string\"}}],\"inLanguage\":\"da-DK\"},{\"@type\":\"Organization\",\"@id\":\"https:\\\/\\\/9staedte.de\\\/da\\\/#organization\",\"name\":\"9 St\u00e4dte in Niedersachsen\",\"url\":\"https:\\\/\\\/9staedte.de\\\/da\\\/\",\"logo\":{\"@type\":\"ImageObject\",\"inLanguage\":\"da-DK\",\"@id\":\"https:\\\/\\\/9staedte.de\\\/da\\\/#\\\/schema\\\/logo\\\/image\\\/\",\"url\":\"https:\\\/\\\/9staedte.de\\\/wp-content\\\/uploads\\\/2025\\\/01\\\/9-neg-deutsch-2-1.png\",\"contentUrl\":\"https:\\\/\\\/9staedte.de\\\/wp-content\\\/uploads\\\/2025\\\/01\\\/9-neg-deutsch-2-1.png\",\"width\":190,\"height\":114,\"caption\":\"9 St\u00e4dte in Niedersachsen\"},\"image\":{\"@id\":\"https:\\\/\\\/9staedte.de\\\/da\\\/#\\\/schema\\\/logo\\\/image\\\/\"}}]}<\/script>\n<!-- \/ Yoast SEO plugin. -->","yoast_head_json":{"title":"Julemarked i Braunschweig - 9 St\u00e4dte in Niedersachsen","description":"Braunschweig julemarked: stemningsfuldt lyssk\u00e6r p\u00e5 den historiske plads Burgplatz omkring St.","robots":{"index":"index","follow":"follow","max-snippet":"max-snippet:-1","max-image-preview":"max-image-preview:large","max-video-preview":"max-video-preview:-1"},"canonical":"https:\/\/9staedte.de\/da\/braunschweig-loevernes-by\/julemarked-i-braunschweig\/","og_locale":"da_DK","og_type":"article","og_title":"Julemarked i Braunschweig - 9 St\u00e4dte in Niedersachsen","og_description":"Braunschweig julemarked: stemningsfuldt lyssk\u00e6r p\u00e5 den historiske plads Burgplatz omkring St.","og_url":"https:\/\/9staedte.de\/da\/braunschweig-loevernes-by\/julemarked-i-braunschweig\/","og_site_name":"9 St\u00e4dte in Niedersachsen","article_modified_time":"2026-03-23T11:26:23+00:00","og_image":[{"width":1020,"height":560,"url":"https:\/\/9staedte.de\/wp-content\/uploads\/2023\/10\/Braunschweig-Weihnachtsmarkt-c-Braunschweig-Stadtmarketing-Philipp-Ziebart.jpg","type":"image\/jpeg"}],"twitter_card":"summary_large_image","twitter_misc":{"Estimeret l\u00e6setid":"1 minut"},"schema":{"@context":"https:\/\/schema.org","@graph":[{"@type":"WebPage","@id":"https:\/\/9staedte.de\/da\/braunschweig-loevernes-by\/julemarked-i-braunschweig\/","url":"https:\/\/9staedte.de\/da\/braunschweig-loevernes-by\/julemarked-i-braunschweig\/","name":"Julemarked i Braunschweig - 9 St\u00e4dte in Niedersachsen","isPartOf":{"@id":"https:\/\/9staedte.de\/da\/#website"},"primaryImageOfPage":{"@id":"https:\/\/9staedte.de\/da\/braunschweig-loevernes-by\/julemarked-i-braunschweig\/#primaryimage"},"image":{"@id":"https:\/\/9staedte.de\/da\/braunschweig-loevernes-by\/julemarked-i-braunschweig\/#primaryimage"},"thumbnailUrl":"https:\/\/9staedte.de\/wp-content\/uploads\/2023\/10\/Braunschweig-Weihnachtsmarkt-c-Braunschweig-Stadtmarketing-Philipp-Ziebart.jpg","datePublished":"2023-10-25T10:23:28+00:00","dateModified":"2026-03-23T11:26:23+00:00","description":"Braunschweig julemarked: stemningsfuldt lyssk\u00e6r p\u00e5 den historiske plads Burgplatz omkring St.","breadcrumb":{"@id":"https:\/\/9staedte.de\/da\/braunschweig-loevernes-by\/julemarked-i-braunschweig\/#breadcrumb"},"inLanguage":"da-DK","potentialAction":[{"@type":"ReadAction","target":["https:\/\/9staedte.de\/da\/braunschweig-loevernes-by\/julemarked-i-braunschweig\/"]}]},{"@type":"ImageObject","inLanguage":"da-DK","@id":"https:\/\/9staedte.de\/da\/braunschweig-loevernes-by\/julemarked-i-braunschweig\/#primaryimage","url":"https:\/\/9staedte.de\/wp-content\/uploads\/2023\/10\/Braunschweig-Weihnachtsmarkt-c-Braunschweig-Stadtmarketing-Philipp-Ziebart.jpg","contentUrl":"https:\/\/9staedte.de\/wp-content\/uploads\/2023\/10\/Braunschweig-Weihnachtsmarkt-c-Braunschweig-Stadtmarketing-Philipp-Ziebart.jpg","width":1020,"height":560,"caption":"Braunschweig Weihnachtsmarkt c) Braunschweig Stadtmarketing Philipp Ziebart"},{"@type":"BreadcrumbList","@id":"https:\/\/9staedte.de\/da\/braunschweig-loevernes-by\/julemarked-i-braunschweig\/#breadcrumb","itemListElement":[{"@type":"ListItem","position":1,"name":"Startseite","item":"https:\/\/9staedte.de\/da\/hjem-9-byer-2-i-niedersachsen\/"},{"@type":"ListItem","position":2,"name":"Braunschweig &#8211; City of Lions","item":"https:\/\/9staedte.de\/da\/braunschweig-loevernes-by\/"},{"@type":"ListItem","position":3,"name":"Julemarked i Braunschweig"}]},{"@type":"WebSite","@id":"https:\/\/9staedte.de\/da\/#website","url":"https:\/\/9staedte.de\/da\/","name":"9 St\u00e4dte in Niedersachsen","description":"","publisher":{"@id":"https:\/\/9staedte.de\/da\/#organization"},"potentialAction":[{"@type":"SearchAction","target":{"@type":"EntryPoint","urlTemplate":"https:\/\/9staedte.de\/da\/?s={search_term_string}"},"query-input":{"@type":"PropertyValueSpecification","valueRequired":true,"valueName":"search_term_string"}}],"inLanguage":"da-DK"},{"@type":"Organization","@id":"https:\/\/9staedte.de\/da\/#organization","name":"9 St\u00e4dte in Niedersachsen","url":"https:\/\/9staedte.de\/da\/","logo":{"@type":"ImageObject","inLanguage":"da-DK","@id":"https:\/\/9staedte.de\/da\/#\/schema\/logo\/image\/","url":"https:\/\/9staedte.de\/wp-content\/uploads\/2025\/01\/9-neg-deutsch-2-1.png","contentUrl":"https:\/\/9staedte.de\/wp-content\/uploads\/2025\/01\/9-neg-deutsch-2-1.png","width":190,"height":114,"caption":"9 St\u00e4dte in Niedersachsen"},"image":{"@id":"https:\/\/9staedte.de\/da\/#\/schema\/logo\/image\/"}}]}},"_links":{"self":[{"href":"https:\/\/9staedte.de\/da\/wp-json\/wp\/v2\/pages\/12467","targetHints":{"allow":["GET"]}}],"collection":[{"href":"https:\/\/9staedte.de\/da\/wp-json\/wp\/v2\/pages"}],"about":[{"href":"https:\/\/9staedte.de\/da\/wp-json\/wp\/v2\/types\/page"}],"author":[{"embeddable":true,"href":"https:\/\/9staedte.de\/da\/wp-json\/wp\/v2\/users\/1"}],"replies":[{"embeddable":true,"href":"https:\/\/9staedte.de\/da\/wp-json\/wp\/v2\/comments?post=12467"}],"version-history":[{"count":14,"href":"https:\/\/9staedte.de\/da\/wp-json\/wp\/v2\/pages\/12467\/revisions"}],"predecessor-version":[{"id":27600,"href":"https:\/\/9staedte.de\/da\/wp-json\/wp\/v2\/pages\/12467\/revisions\/27600"}],"up":[{"embeddable":true,"href":"https:\/\/9staedte.de\/da\/wp-json\/wp\/v2\/pages\/12525"}],"wp:featuredmedia":[{"embeddable":true,"href":"https:\/\/9staedte.de\/da\/wp-json\/wp\/v2\/media\/12487"}],"wp:attachment":[{"href":"https:\/\/9staedte.de\/da\/wp-json\/wp\/v2\/media?parent=12467"}],"wp:term":[{"taxonomy":"category","embeddable":true,"href":"https:\/\/9staedte.de\/da\/wp-json\/wp\/v2\/categories?post=12467"},{"taxonomy":"post_tag","embeddable":true,"href":"https:\/\/9staedte.de\/da\/wp-json\/wp\/v2\/tags?post=12467"},{"taxonomy":"ncap_cities_tax","embeddable":true,"href":"https:\/\/9staedte.de\/da\/wp-json\/wp\/v2\/ncap_cities_tax?post=12467"}],"curies":[{"name":"wp","href":"https:\/\/api.w.org\/{rel}","templated":true}]}}