{"id":12466,"date":"2023-10-25T12:23:31","date_gmt":"2023-10-25T10:23:31","guid":{"rendered":"https:\/\/9staedte.de\/slotte-og-haver-i-brunswick\/"},"modified":"2023-10-25T15:24:45","modified_gmt":"2023-10-25T13:24:45","slug":"slotte-og-haver-i-brunswick","status":"publish","type":"page","link":"https:\/\/9staedte.de\/da\/braunschweig-loevernes-by\/slotte-og-haver-i-brunswick\/","title":{"rendered":"Slotte og haver i Brunswick"},"content":{"rendered":"\r\n\r\n    <div class=\"filter-posts\">\r\n            <div  id=\"filterContent\">\r\n                                                        \n<div class=\"contentKachel filtr-item\" data-category=\"braunschweig-da\">\n    <a href=\"https:\/\/9staedte.de\/da\/senbarok-arkitektur-paa-richmond-castle\/\">\n        <div class=\"contentKachel-inner\">\n                            <div class=\"contentKachel-thumbnail\">\n                    <img loading=\"lazy\" decoding=\"async\" width=\"300\" height=\"165\" src=\"https:\/\/9staedte.de\/wp-content\/smush-webp\/2022\/06\/Braunschweig-Richmond-palace-c-Braunschweig-Stadtmarketing-GmbH-300x165.jpg.webp\" class=\"objectfitcover withfilters wp-post-image\" alt=\"Billedet viser et lille slot. Slottet er rundt og har store vinduer. Foran slottet er der mange r\u00f8de blomster. Bag slottet er der store tr\u00e6er. Himlen er bl\u00e5 med nogle skyer.\" srcset=\"https:\/\/9staedte.de\/wp-content\/smush-webp\/2022\/06\/Braunschweig-Richmond-palace-c-Braunschweig-Stadtmarketing-GmbH-300x165.jpg.webp 300w, https:\/\/9staedte.de\/wp-content\/smush-webp\/2022\/06\/Braunschweig-Richmond-palace-c-Braunschweig-Stadtmarketing-GmbH-768x422.jpg.webp 768w, https:\/\/9staedte.de\/wp-content\/smush-webp\/2022\/06\/Braunschweig-Richmond-palace-c-Braunschweig-Stadtmarketing-GmbH.jpg.webp 1020w\" sizes=\"auto, (max-width: 300px) 100vw, 300px\" \/>                    <img loading=\"lazy\" decoding=\"async\" width=\"300\" height=\"165\" src=\"https:\/\/9staedte.de\/wp-content\/smush-webp\/2022\/06\/Braunschweig-Richmond-palace-c-Braunschweig-Stadtmarketing-GmbH-300x165.jpg.webp\" class=\"objectfitcontain wp-post-image\" alt=\"Billedet viser et lille slot. Slottet er rundt og har store vinduer. Foran slottet er der mange r\u00f8de blomster. Bag slottet er der store tr\u00e6er. Himlen er bl\u00e5 med nogle skyer.\" srcset=\"https:\/\/9staedte.de\/wp-content\/smush-webp\/2022\/06\/Braunschweig-Richmond-palace-c-Braunschweig-Stadtmarketing-GmbH-300x165.jpg.webp 300w, https:\/\/9staedte.de\/wp-content\/smush-webp\/2022\/06\/Braunschweig-Richmond-palace-c-Braunschweig-Stadtmarketing-GmbH-768x422.jpg.webp 768w, https:\/\/9staedte.de\/wp-content\/smush-webp\/2022\/06\/Braunschweig-Richmond-palace-c-Braunschweig-Stadtmarketing-GmbH.jpg.webp 1020w\" sizes=\"auto, (max-width: 300px) 100vw, 300px\" \/>                        <div class=\"thumbnail-label\">\n    <span>Braunschweig Richmond palace c) Braunschweig Stadtmarketing GmbH<\/span>\n    <\/div>\n                <\/div>\n                        <div class=\"contentKachel-content\">\n                                    <div class=\"city-tag bg-braunschweig\">\n                        Braunschweig                    <\/div>\n                \n                <div class=\"title\">\n\n                    Senbarok arkitektur p\u00e5 Richmond Castle                    \n                <\/div>\n\n                            <\/div>\n\n        <\/div>\n    <\/a>\n<\/div>                                                        \n<div class=\"contentKachel filtr-item\" data-category=\"braunschweig-da\">\n    <a href=\"https:\/\/9staedte.de\/da\/residence-palace-med-quadriga-og-palace-museum-i-braunschweig\/\">\n        <div class=\"contentKachel-inner\">\n                            <div class=\"contentKachel-thumbnail\">\n                    <img loading=\"lazy\" decoding=\"async\" width=\"300\" height=\"164\" src=\"https:\/\/9staedte.de\/wp-content\/smush-webp\/2022\/03\/Braunschweig-Schloss-c-Braunschweig-Stadtmarketing-Christian-Bierwagen-1-300x164.jpg.webp\" class=\"objectfitcover withfilters wp-post-image\" alt=\"\" srcset=\"https:\/\/9staedte.de\/wp-content\/smush-webp\/2022\/03\/Braunschweig-Schloss-c-Braunschweig-Stadtmarketing-Christian-Bierwagen-1-300x164.jpg.webp 300w, https:\/\/9staedte.de\/wp-content\/smush-webp\/2022\/03\/Braunschweig-Schloss-c-Braunschweig-Stadtmarketing-Christian-Bierwagen-1-768x419.jpg.webp 768w, https:\/\/9staedte.de\/wp-content\/smush-webp\/2022\/03\/Braunschweig-Schloss-c-Braunschweig-Stadtmarketing-Christian-Bierwagen-1.jpg.webp 1020w\" sizes=\"auto, (max-width: 300px) 100vw, 300px\" \/>                    <img loading=\"lazy\" decoding=\"async\" width=\"300\" height=\"164\" src=\"https:\/\/9staedte.de\/wp-content\/smush-webp\/2022\/03\/Braunschweig-Schloss-c-Braunschweig-Stadtmarketing-Christian-Bierwagen-1-300x164.jpg.webp\" class=\"objectfitcontain wp-post-image\" alt=\"\" srcset=\"https:\/\/9staedte.de\/wp-content\/smush-webp\/2022\/03\/Braunschweig-Schloss-c-Braunschweig-Stadtmarketing-Christian-Bierwagen-1-300x164.jpg.webp 300w, https:\/\/9staedte.de\/wp-content\/smush-webp\/2022\/03\/Braunschweig-Schloss-c-Braunschweig-Stadtmarketing-Christian-Bierwagen-1-768x419.jpg.webp 768w, https:\/\/9staedte.de\/wp-content\/smush-webp\/2022\/03\/Braunschweig-Schloss-c-Braunschweig-Stadtmarketing-Christian-Bierwagen-1.jpg.webp 1020w\" sizes=\"auto, (max-width: 300px) 100vw, 300px\" \/>                        <div class=\"thumbnail-label\">\n    <span>Braunschweig Schloss c) Braunschweig Stadtmarketing Christian Bierwagen<\/span>\n    <\/div>\n                <\/div>\n                        <div class=\"contentKachel-content\">\n                                    <div class=\"city-tag bg-braunschweig\">\n                        Braunschweig                    <\/div>\n                \n                <div class=\"title\">\n\n                    Residence Palace med Quadriga og Palace Museum i Braunschweig                    \n                <\/div>\n\n                            <\/div>\n\n        <\/div>\n    <\/a>\n<\/div>                                                        \n<div class=\"contentKachel filtr-item\" data-category=\"braunschweig-da\">\n    <a href=\"https:\/\/9staedte.de\/da\/brunswicks-parker-og-haver-omkring-floden-oker\/\">\n        <div class=\"contentKachel-inner\">\n                            <div class=\"contentKachel-thumbnail\">\n                    <img loading=\"lazy\" decoding=\"async\" width=\"300\" height=\"163\" src=\"https:\/\/9staedte.de\/wp-content\/smush-webp\/2023\/02\/Braunschweig_Buergerpark_Oker_Paddeln_Braunschweig-Stadtmarketing-GmbH_Daniel-Moeller-2-300x163.jpg.webp\" class=\"objectfitcover withfilters wp-post-image\" alt=\"Billedet viser mennesker, der padler p\u00e5 floden Oker i Braunschweig. To kanoer sejler p\u00e5 en rolig flod. B\u00e5dene er omgivet af gr\u00f8nne planter og tr\u00e6er. I baggrunden ses en lille bro. Det er en solrig dag.\" srcset=\"https:\/\/9staedte.de\/wp-content\/smush-webp\/2023\/02\/Braunschweig_Buergerpark_Oker_Paddeln_Braunschweig-Stadtmarketing-GmbH_Daniel-Moeller-2-300x163.jpg.webp 300w, https:\/\/9staedte.de\/wp-content\/smush-webp\/2023\/02\/Braunschweig_Buergerpark_Oker_Paddeln_Braunschweig-Stadtmarketing-GmbH_Daniel-Moeller-2-768x416.jpg.webp 768w, https:\/\/9staedte.de\/wp-content\/smush-webp\/2023\/02\/Braunschweig_Buergerpark_Oker_Paddeln_Braunschweig-Stadtmarketing-GmbH_Daniel-Moeller-2.jpg.webp 1020w\" sizes=\"auto, (max-width: 300px) 100vw, 300px\" \/>                    <img loading=\"lazy\" decoding=\"async\" width=\"300\" height=\"163\" src=\"https:\/\/9staedte.de\/wp-content\/smush-webp\/2023\/02\/Braunschweig_Buergerpark_Oker_Paddeln_Braunschweig-Stadtmarketing-GmbH_Daniel-Moeller-2-300x163.jpg.webp\" class=\"objectfitcontain wp-post-image\" alt=\"Billedet viser mennesker, der padler p\u00e5 floden Oker i Braunschweig. To kanoer sejler p\u00e5 en rolig flod. B\u00e5dene er omgivet af gr\u00f8nne planter og tr\u00e6er. I baggrunden ses en lille bro. Det er en solrig dag.\" srcset=\"https:\/\/9staedte.de\/wp-content\/smush-webp\/2023\/02\/Braunschweig_Buergerpark_Oker_Paddeln_Braunschweig-Stadtmarketing-GmbH_Daniel-Moeller-2-300x163.jpg.webp 300w, https:\/\/9staedte.de\/wp-content\/smush-webp\/2023\/02\/Braunschweig_Buergerpark_Oker_Paddeln_Braunschweig-Stadtmarketing-GmbH_Daniel-Moeller-2-768x416.jpg.webp 768w, https:\/\/9staedte.de\/wp-content\/smush-webp\/2023\/02\/Braunschweig_Buergerpark_Oker_Paddeln_Braunschweig-Stadtmarketing-GmbH_Daniel-Moeller-2.jpg.webp 1020w\" sizes=\"auto, (max-width: 300px) 100vw, 300px\" \/>                        <div class=\"thumbnail-label\">\n    <span>Braunschweig_B\u00fcrgerpark_Oker_Paddeln_Braunschweig Stadtmarketing GmbH_Daniel M\u00f6ller (2)<\/span>\n    <\/div>\n                <\/div>\n                        <div class=\"contentKachel-content\">\n                                    <div class=\"city-tag bg-braunschweig\">\n                        Braunschweig                    <\/div>\n                \n                <div class=\"title\">\n\n                    Brunswicks parker og haver omkring floden Oker                    \n                <\/div>\n\n                            <\/div>\n\n        <\/div>\n    <\/a>\n<\/div>                                                        \n<div class=\"contentKachel filtr-item\" data-category=\"braunschweig-da\">\n    <a href=\"https:\/\/9staedte.de\/da\/dankwarderode-slot\/\">\n        <div class=\"contentKachel-inner\">\n                            <div class=\"contentKachel-thumbnail\">\n                    <img loading=\"lazy\" decoding=\"async\" width=\"300\" height=\"165\" src=\"https:\/\/9staedte.de\/wp-content\/smush-webp\/2023\/01\/Burgplatz_cc-by-nd-Braunschweig-Stadtmarketing-GmbH-Christian-Bierwagen--300x165.jpg.webp\" class=\"objectfitcover withfilters wp-post-image\" alt=\"Billedet viser Burgplatz i Braunschweig. I midten st\u00e5r en l\u00f8vestatue p\u00e5 en h\u00f8j sokkel. Til venstre er en gammel bygning med buer. Til h\u00f8jre er en stor kirke med mange vinduer. I baggrunden er et h\u00f8jt t\u00e5rn med en gr\u00f8n spids. Folk g\u00e5r rundt p\u00e5 pladsen.\" srcset=\"https:\/\/9staedte.de\/wp-content\/smush-webp\/2023\/01\/Burgplatz_cc-by-nd-Braunschweig-Stadtmarketing-GmbH-Christian-Bierwagen--300x165.jpg.webp 300w, https:\/\/9staedte.de\/wp-content\/smush-webp\/2023\/01\/Burgplatz_cc-by-nd-Braunschweig-Stadtmarketing-GmbH-Christian-Bierwagen--768x422.jpg.webp 768w, https:\/\/9staedte.de\/wp-content\/smush-webp\/2023\/01\/Burgplatz_cc-by-nd-Braunschweig-Stadtmarketing-GmbH-Christian-Bierwagen-.jpg.webp 1020w\" sizes=\"auto, (max-width: 300px) 100vw, 300px\" \/>                    <img loading=\"lazy\" decoding=\"async\" width=\"300\" height=\"165\" src=\"https:\/\/9staedte.de\/wp-content\/smush-webp\/2023\/01\/Burgplatz_cc-by-nd-Braunschweig-Stadtmarketing-GmbH-Christian-Bierwagen--300x165.jpg.webp\" class=\"objectfitcontain wp-post-image\" alt=\"Billedet viser Burgplatz i Braunschweig. I midten st\u00e5r en l\u00f8vestatue p\u00e5 en h\u00f8j sokkel. Til venstre er en gammel bygning med buer. Til h\u00f8jre er en stor kirke med mange vinduer. I baggrunden er et h\u00f8jt t\u00e5rn med en gr\u00f8n spids. Folk g\u00e5r rundt p\u00e5 pladsen.\" srcset=\"https:\/\/9staedte.de\/wp-content\/smush-webp\/2023\/01\/Burgplatz_cc-by-nd-Braunschweig-Stadtmarketing-GmbH-Christian-Bierwagen--300x165.jpg.webp 300w, https:\/\/9staedte.de\/wp-content\/smush-webp\/2023\/01\/Burgplatz_cc-by-nd-Braunschweig-Stadtmarketing-GmbH-Christian-Bierwagen--768x422.jpg.webp 768w, https:\/\/9staedte.de\/wp-content\/smush-webp\/2023\/01\/Burgplatz_cc-by-nd-Braunschweig-Stadtmarketing-GmbH-Christian-Bierwagen-.jpg.webp 1020w\" sizes=\"auto, (max-width: 300px) 100vw, 300px\" \/>                        <div class=\"thumbnail-label\">\n    <span>Braunschweig Burgplatz c) Braunschweig Stadtmarketing \/ Christian Bierwagen<\/span>\n    <\/div>\n                <\/div>\n                        <div class=\"contentKachel-content\">\n                                    <div class=\"city-tag bg-braunschweig\">\n                        Braunschweig                    <\/div>\n                \n                <div class=\"title\">\n\n                    Dankwarderode Slot                    \n                <\/div>\n\n                            <\/div>\n\n        <\/div>\n    <\/a>\n<\/div>                                            <\/div>\r\n    <\/div>\r\n","protected":false},"excerpt":{"rendered":"","protected":false},"author":1,"featured_media":12474,"parent":12525,"menu_order":0,"comment_status":"closed","ping_status":"closed","template":"pagetemplates\/template-stadtthema.php","meta":{"_acf_changed":false,"footnotes":""},"categories":[],"tags":[],"ncap_cities_tax":[420,700],"class_list":["post-12466","page","type-page","status-publish","has-post-thumbnail","hentry","ncap_cities_tax-braunschweig-da","ncap_cities_tax-schlosser-und-garten-braunschweig-da"],"acf":[],"yoast_head":"<!-- This site is optimized with the Yoast SEO plugin v26.8 - https:\/\/yoast.com\/product\/yoast-seo-wordpress\/ -->\n<title>Slotte og haver i Brunswick - 9 St\u00e4dte in Niedersachsen<\/title>\n<meta name=\"robots\" content=\"index, follow, max-snippet:-1, max-image-preview:large, max-video-preview:-1\" \/>\n<link rel=\"canonical\" href=\"https:\/\/9staedte.de\/da\/braunschweig-loevernes-by\/slotte-og-haver-i-brunswick\/\" \/>\n<meta property=\"og:locale\" content=\"da_DK\" \/>\n<meta property=\"og:type\" content=\"article\" \/>\n<meta property=\"og:title\" content=\"Slotte og haver i Brunswick - 9 St\u00e4dte in Niedersachsen\" \/>\n<meta property=\"og:url\" content=\"https:\/\/9staedte.de\/da\/braunschweig-loevernes-by\/slotte-og-haver-i-brunswick\/\" \/>\n<meta property=\"og:site_name\" content=\"9 St\u00e4dte in Niedersachsen\" \/>\n<meta property=\"article:modified_time\" content=\"2023-10-25T13:24:45+00:00\" \/>\n<meta property=\"og:image\" content=\"https:\/\/9staedte.de\/wp-content\/uploads\/2023\/06\/Braunschweig-Residenzschloss-c-BSM-Christian-Bierwagen-1.jpg\" \/>\n\t<meta property=\"og:image:width\" content=\"1019\" \/>\n\t<meta property=\"og:image:height\" content=\"562\" \/>\n\t<meta property=\"og:image:type\" content=\"image\/jpeg\" \/>\n<meta name=\"twitter:card\" content=\"summary_large_image\" \/>\n<script type=\"application\/ld+json\" class=\"yoast-schema-graph\">{\"@context\":\"https:\/\/schema.org\",\"@graph\":[{\"@type\":\"WebPage\",\"@id\":\"https:\/\/9staedte.de\/da\/braunschweig-loevernes-by\/slotte-og-haver-i-brunswick\/\",\"url\":\"https:\/\/9staedte.de\/da\/braunschweig-loevernes-by\/slotte-og-haver-i-brunswick\/\",\"name\":\"Slotte og haver i Brunswick - 9 St\u00e4dte in Niedersachsen\",\"isPartOf\":{\"@id\":\"https:\/\/9staedte.de\/da\/#website\"},\"primaryImageOfPage\":{\"@id\":\"https:\/\/9staedte.de\/da\/braunschweig-loevernes-by\/slotte-og-haver-i-brunswick\/#primaryimage\"},\"image\":{\"@id\":\"https:\/\/9staedte.de\/da\/braunschweig-loevernes-by\/slotte-og-haver-i-brunswick\/#primaryimage\"},\"thumbnailUrl\":\"https:\/\/9staedte.de\/wp-content\/uploads\/2023\/06\/Braunschweig-Residenzschloss-c-BSM-Christian-Bierwagen-1.jpg\",\"datePublished\":\"2023-10-25T10:23:31+00:00\",\"dateModified\":\"2023-10-25T13:24:45+00:00\",\"breadcrumb\":{\"@id\":\"https:\/\/9staedte.de\/da\/braunschweig-loevernes-by\/slotte-og-haver-i-brunswick\/#breadcrumb\"},\"inLanguage\":\"da-DK\",\"potentialAction\":[{\"@type\":\"ReadAction\",\"target\":[\"https:\/\/9staedte.de\/da\/braunschweig-loevernes-by\/slotte-og-haver-i-brunswick\/\"]}]},{\"@type\":\"ImageObject\",\"inLanguage\":\"da-DK\",\"@id\":\"https:\/\/9staedte.de\/da\/braunschweig-loevernes-by\/slotte-og-haver-i-brunswick\/#primaryimage\",\"url\":\"https:\/\/9staedte.de\/wp-content\/uploads\/2023\/06\/Braunschweig-Residenzschloss-c-BSM-Christian-Bierwagen-1.jpg\",\"contentUrl\":\"https:\/\/9staedte.de\/wp-content\/uploads\/2023\/06\/Braunschweig-Residenzschloss-c-BSM-Christian-Bierwagen-1.jpg\",\"width\":1019,\"height\":562,\"caption\":\"Braunschweig Residenzschloss c) BSM Christian Bierwagen\"},{\"@type\":\"BreadcrumbList\",\"@id\":\"https:\/\/9staedte.de\/da\/braunschweig-loevernes-by\/slotte-og-haver-i-brunswick\/#breadcrumb\",\"itemListElement\":[{\"@type\":\"ListItem\",\"position\":1,\"name\":\"Startseite\",\"item\":\"https:\/\/9staedte.de\/da\/hjem-9-byer-2-i-niedersachsen\/\"},{\"@type\":\"ListItem\",\"position\":2,\"name\":\"Braunschweig &#8211; City of Lions\",\"item\":\"https:\/\/9staedte.de\/da\/braunschweig-loevernes-by\/\"},{\"@type\":\"ListItem\",\"position\":3,\"name\":\"Slotte og haver i Brunswick\"}]},{\"@type\":\"WebSite\",\"@id\":\"https:\/\/9staedte.de\/da\/#website\",\"url\":\"https:\/\/9staedte.de\/da\/\",\"name\":\"9 St\u00e4dte in Niedersachsen\",\"description\":\"\",\"publisher\":{\"@id\":\"https:\/\/9staedte.de\/da\/#organization\"},\"potentialAction\":[{\"@type\":\"SearchAction\",\"target\":{\"@type\":\"EntryPoint\",\"urlTemplate\":\"https:\/\/9staedte.de\/da\/?s={search_term_string}\"},\"query-input\":{\"@type\":\"PropertyValueSpecification\",\"valueRequired\":true,\"valueName\":\"search_term_string\"}}],\"inLanguage\":\"da-DK\"},{\"@type\":\"Organization\",\"@id\":\"https:\/\/9staedte.de\/da\/#organization\",\"name\":\"9 St\u00e4dte in Niedersachsen\",\"url\":\"https:\/\/9staedte.de\/da\/\",\"logo\":{\"@type\":\"ImageObject\",\"inLanguage\":\"da-DK\",\"@id\":\"https:\/\/9staedte.de\/da\/#\/schema\/logo\/image\/\",\"url\":\"https:\/\/9staedte.de\/wp-content\/uploads\/2025\/01\/9-neg-deutsch-2-1.png\",\"contentUrl\":\"https:\/\/9staedte.de\/wp-content\/uploads\/2025\/01\/9-neg-deutsch-2-1.png\",\"width\":190,\"height\":114,\"caption\":\"9 St\u00e4dte in Niedersachsen\"},\"image\":{\"@id\":\"https:\/\/9staedte.de\/da\/#\/schema\/logo\/image\/\"}}]}<\/script>\n<!-- \/ Yoast SEO plugin. -->","yoast_head_json":{"title":"Slotte og haver i Brunswick - 9 St\u00e4dte in Niedersachsen","robots":{"index":"index","follow":"follow","max-snippet":"max-snippet:-1","max-image-preview":"max-image-preview:large","max-video-preview":"max-video-preview:-1"},"canonical":"https:\/\/9staedte.de\/da\/braunschweig-loevernes-by\/slotte-og-haver-i-brunswick\/","og_locale":"da_DK","og_type":"article","og_title":"Slotte og haver i Brunswick - 9 St\u00e4dte in Niedersachsen","og_url":"https:\/\/9staedte.de\/da\/braunschweig-loevernes-by\/slotte-og-haver-i-brunswick\/","og_site_name":"9 St\u00e4dte in Niedersachsen","article_modified_time":"2023-10-25T13:24:45+00:00","og_image":[{"width":1019,"height":562,"url":"https:\/\/9staedte.de\/wp-content\/uploads\/2023\/06\/Braunschweig-Residenzschloss-c-BSM-Christian-Bierwagen-1.jpg","type":"image\/jpeg"}],"twitter_card":"summary_large_image","schema":{"@context":"https:\/\/schema.org","@graph":[{"@type":"WebPage","@id":"https:\/\/9staedte.de\/da\/braunschweig-loevernes-by\/slotte-og-haver-i-brunswick\/","url":"https:\/\/9staedte.de\/da\/braunschweig-loevernes-by\/slotte-og-haver-i-brunswick\/","name":"Slotte og haver i Brunswick - 9 St\u00e4dte in Niedersachsen","isPartOf":{"@id":"https:\/\/9staedte.de\/da\/#website"},"primaryImageOfPage":{"@id":"https:\/\/9staedte.de\/da\/braunschweig-loevernes-by\/slotte-og-haver-i-brunswick\/#primaryimage"},"image":{"@id":"https:\/\/9staedte.de\/da\/braunschweig-loevernes-by\/slotte-og-haver-i-brunswick\/#primaryimage"},"thumbnailUrl":"https:\/\/9staedte.de\/wp-content\/uploads\/2023\/06\/Braunschweig-Residenzschloss-c-BSM-Christian-Bierwagen-1.jpg","datePublished":"2023-10-25T10:23:31+00:00","dateModified":"2023-10-25T13:24:45+00:00","breadcrumb":{"@id":"https:\/\/9staedte.de\/da\/braunschweig-loevernes-by\/slotte-og-haver-i-brunswick\/#breadcrumb"},"inLanguage":"da-DK","potentialAction":[{"@type":"ReadAction","target":["https:\/\/9staedte.de\/da\/braunschweig-loevernes-by\/slotte-og-haver-i-brunswick\/"]}]},{"@type":"ImageObject","inLanguage":"da-DK","@id":"https:\/\/9staedte.de\/da\/braunschweig-loevernes-by\/slotte-og-haver-i-brunswick\/#primaryimage","url":"https:\/\/9staedte.de\/wp-content\/uploads\/2023\/06\/Braunschweig-Residenzschloss-c-BSM-Christian-Bierwagen-1.jpg","contentUrl":"https:\/\/9staedte.de\/wp-content\/uploads\/2023\/06\/Braunschweig-Residenzschloss-c-BSM-Christian-Bierwagen-1.jpg","width":1019,"height":562,"caption":"Braunschweig Residenzschloss c) BSM Christian Bierwagen"},{"@type":"BreadcrumbList","@id":"https:\/\/9staedte.de\/da\/braunschweig-loevernes-by\/slotte-og-haver-i-brunswick\/#breadcrumb","itemListElement":[{"@type":"ListItem","position":1,"name":"Startseite","item":"https:\/\/9staedte.de\/da\/hjem-9-byer-2-i-niedersachsen\/"},{"@type":"ListItem","position":2,"name":"Braunschweig &#8211; City of Lions","item":"https:\/\/9staedte.de\/da\/braunschweig-loevernes-by\/"},{"@type":"ListItem","position":3,"name":"Slotte og haver i Brunswick"}]},{"@type":"WebSite","@id":"https:\/\/9staedte.de\/da\/#website","url":"https:\/\/9staedte.de\/da\/","name":"9 St\u00e4dte in Niedersachsen","description":"","publisher":{"@id":"https:\/\/9staedte.de\/da\/#organization"},"potentialAction":[{"@type":"SearchAction","target":{"@type":"EntryPoint","urlTemplate":"https:\/\/9staedte.de\/da\/?s={search_term_string}"},"query-input":{"@type":"PropertyValueSpecification","valueRequired":true,"valueName":"search_term_string"}}],"inLanguage":"da-DK"},{"@type":"Organization","@id":"https:\/\/9staedte.de\/da\/#organization","name":"9 St\u00e4dte in Niedersachsen","url":"https:\/\/9staedte.de\/da\/","logo":{"@type":"ImageObject","inLanguage":"da-DK","@id":"https:\/\/9staedte.de\/da\/#\/schema\/logo\/image\/","url":"https:\/\/9staedte.de\/wp-content\/uploads\/2025\/01\/9-neg-deutsch-2-1.png","contentUrl":"https:\/\/9staedte.de\/wp-content\/uploads\/2025\/01\/9-neg-deutsch-2-1.png","width":190,"height":114,"caption":"9 St\u00e4dte in Niedersachsen"},"image":{"@id":"https:\/\/9staedte.de\/da\/#\/schema\/logo\/image\/"}}]}},"_links":{"self":[{"href":"https:\/\/9staedte.de\/da\/wp-json\/wp\/v2\/pages\/12466","targetHints":{"allow":["GET"]}}],"collection":[{"href":"https:\/\/9staedte.de\/da\/wp-json\/wp\/v2\/pages"}],"about":[{"href":"https:\/\/9staedte.de\/da\/wp-json\/wp\/v2\/types\/page"}],"author":[{"embeddable":true,"href":"https:\/\/9staedte.de\/da\/wp-json\/wp\/v2\/users\/1"}],"replies":[{"embeddable":true,"href":"https:\/\/9staedte.de\/da\/wp-json\/wp\/v2\/comments?post=12466"}],"version-history":[{"count":1,"href":"https:\/\/9staedte.de\/da\/wp-json\/wp\/v2\/pages\/12466\/revisions"}],"predecessor-version":[{"id":12488,"href":"https:\/\/9staedte.de\/da\/wp-json\/wp\/v2\/pages\/12466\/revisions\/12488"}],"up":[{"embeddable":true,"href":"https:\/\/9staedte.de\/da\/wp-json\/wp\/v2\/pages\/12525"}],"wp:featuredmedia":[{"embeddable":true,"href":"https:\/\/9staedte.de\/da\/wp-json\/wp\/v2\/media\/12474"}],"wp:attachment":[{"href":"https:\/\/9staedte.de\/da\/wp-json\/wp\/v2\/media?parent=12466"}],"wp:term":[{"taxonomy":"category","embeddable":true,"href":"https:\/\/9staedte.de\/da\/wp-json\/wp\/v2\/categories?post=12466"},{"taxonomy":"post_tag","embeddable":true,"href":"https:\/\/9staedte.de\/da\/wp-json\/wp\/v2\/tags?post=12466"},{"taxonomy":"ncap_cities_tax","embeddable":true,"href":"https:\/\/9staedte.de\/da\/wp-json\/wp\/v2\/ncap_cities_tax?post=12466"}],"curies":[{"name":"wp","href":"https:\/\/api.w.org\/{rel}","templated":true}]}}