{"id":12454,"date":"2023-10-25T12:28:32","date_gmt":"2023-10-25T10:28:32","guid":{"rendered":"https:\/\/9staedte.de\/pragtfulde-oplevelser-i-9-byer\/"},"modified":"2023-10-25T12:28:32","modified_gmt":"2023-10-25T10:28:32","slug":"pragtfulde-oplevelser-i-9-byer","status":"publish","type":"page","link":"https:\/\/9staedte.de\/da\/pragtfulde-oplevelser-i-9-byer\/","title":{"rendered":"Pragtfulde oplevelser i 9 byer"},"content":{"rendered":"\n<p>9 byer i Niedersachsen i Tyskland er ideelle destinationer for at opleve en weekend med atmosf\u00e6re!<\/p>\n\n\n\n<p>I Braunschweig, Celle, G\u00f6ttingen, Goslar, Hameln, Hannover, Hildesheim og Wolfenb\u00fcttel er der UNESCO verdensarvsteder, historiske indbindingsv\u00e6rkhuse, idylliske markedspladser, pr\u00e6gtige slotte, parker og haver blandt de afvekslende tilbud til g\u00e6sterne. Historie bliver levendegjort ved et stort antal traditionsrige arrangementer. Moderne indk\u00f8bsgallerier og historiske gamle byer giver lyst til at shoppe og slappe af. L\u00e6kre retter og kolde drikke bliver serveret p\u00e5 hyggelige steder, i idylliske krohaver og selvf\u00f8lgelig ogs\u00e5 ved de mangfoldige sommerlige festarrangementer.<\/p>\n\n\n\n<p>TIP | Forbind din rejse tilbage i historien med en afstikker til mobilitetens inspirerende verden i Autostadt i Wolfsburg.<\/p>\n\n\n\n<div style=\"height:60px\" aria-hidden=\"true\" class=\"wp-block-spacer\"><\/div>\n\n\n\n<div class=\"content-grid\">\n\n\n  \n  <div class=\"grid\">\n                        \n                    \n          <div class=\"featured-themen-single\">\n            <div class=\"featured-themen-single-inner\" style=\"background-image: url('https:\/\/9staedte.de\/wp-content\/smush-webp\/2023\/03\/Altstadtmarkt-c-Braunschweig-Stadtmarketing-GmbH_-Knut-Antenbrink.jpg.webp')\">\n              \n              <a href=\"https:\/\/9staedte.de\/braunschweig-loevebyen\/\">\n                <span>Braunschweig \u2013 Livlig storby med historie<\/span>\n              <\/a>\n            <\/div>\n          <\/div>\n    \n          \n                  \n                    \n          <div class=\"featured-themen-single\">\n            <div class=\"featured-themen-single-inner\" style=\"background-image: url('https:\/\/9staedte.de\/wp-content\/smush-webp\/2022\/03\/RS22_celle_altstadt_zoellnerstrasse.jpg.webp')\">\n              \n              <a href=\"https:\/\/9staedte.de\/celle-fyrstelig-residensstad-med-de-fleste-bindingsvaerkshuse-i-europa\/\">\n                <span>Celle \u2013 Hyggelig residensby med Europas st\u00f8rste samling af bindingsv\u00e6rkshuse<\/span>\n              <\/a>\n            <\/div>\n          <\/div>\n    \n          \n                  \n                    \n          <div class=\"featured-themen-single\">\n            <div class=\"featured-themen-single-inner\" style=\"background-image: url('https:\/\/9staedte.de\/wp-content\/smush-webp\/2023\/02\/Blick-ueber-Einbeck-\u00a9Daniel-Li-Photography.jpg.webp')\">\n              \n              <a href=\"https:\/\/9staedte.de\/5055\/\">\n                <span>Einbeck \u2013 Veteranbiler, bindingsv\u00e6rk og \u00f8l<\/span>\n              <\/a>\n            <\/div>\n          <\/div>\n    \n          \n                  \n                    \n          <div class=\"featured-themen-single\">\n            <div class=\"featured-themen-single-inner\" style=\"background-image: url('https:\/\/9staedte.de\/wp-content\/smush-webp\/2023\/02\/Goettingen_Altes-Rathaus-Abendstimmung-c-Lars-Gerhadts.jpg.webp')\">\n              \n              <a href=\"https:\/\/9staedte.de\/universitetsbyen-goettingen-byen-som-skaber-viden\/\">\n                <span>G\u00f6ttingen \u2013 byen, der skaber viden<\/span>\n              <\/a>\n            <\/div>\n          <\/div>\n    \n          \n                  \n                    \n          <div class=\"featured-themen-single\">\n            <div class=\"featured-themen-single-inner\" style=\"background-image: url('https:\/\/9staedte.de\/wp-content\/smush-webp\/2023\/02\/Belebter-Marktplatz_Quelle-GOSLAR-marketing-gmbh_Fotograf-Stefan-Schiefer.jpg.webp')\">\n              \n              <a href=\"https:\/\/9staedte.de\/goslar-opdag-en-verdenskulturarv\/\">\n                <span>Goslar \u2013 Verdensarv i Harzen<\/span>\n              <\/a>\n            <\/div>\n          <\/div>\n    \n          \n                  \n                    \n          <div class=\"featured-themen-single\">\n            <div class=\"featured-themen-single-inner\" style=\"background-image: url('https:\/\/9staedte.de\/wp-content\/smush-webp\/2023\/01\/Rattenfaenger-an-der-Weser-cHMT.jpg.webp')\">\n              \n              <a href=\"https:\/\/9staedte.de\/hameln-den-sagnomspundne-rottefaengerby\/\">\n                <span>Hameln \u2013 Rottef\u00e6ngerbyen<\/span>\n              <\/a>\n            <\/div>\n          <\/div>\n    \n          \n                  \n                    \n          <div class=\"featured-themen-single\">\n            <div class=\"featured-themen-single-inner\" style=\"background-image: url('https:\/\/9staedte.de\/wp-content\/smush-webp\/2023\/03\/Hannover_NeuesRathauscMartin_Kirchner.jpg.webp')\">\n              \n              <a href=\"https:\/\/9staedte.de\/opleve-hannover-den-smukkeste-sider\/\">\n                <span>Hannover \u2013 Charme og livsgl\u00e6de<\/span>\n              <\/a>\n            <\/div>\n          <\/div>\n    \n          \n                  \n                    \n          <div class=\"featured-themen-single\">\n            <div class=\"featured-themen-single-inner\" style=\"background-image: url('https:\/\/9staedte.de\/wp-content\/smush-webp\/2023\/02\/Markplatz2_Fotograph-Obornik\u00a9Hildesheim-Marketing.jpg.webp')\">\n              \n              <a href=\"https:\/\/9staedte.de\/hildesheim-enestaaende-unesco-verdensarven\/\">\n                <span>Hildesheim \u2013 Bindingsv\u00e6rksby fuld af kultur og historie<\/span>\n              <\/a>\n            <\/div>\n          <\/div>\n    \n          \n                  \n                    \n          <div class=\"featured-themen-single\">\n            <div class=\"featured-themen-single-inner\" style=\"background-image: url('https:\/\/9staedte.de\/wp-content\/smush-webp\/2023\/03\/Wolfenbuettel_Altstadt_c-Stadt-Wolfenbuettel-H.D.-Koenig1.jpg.webp')\">\n              \n              <a href=\"https:\/\/9staedte.de\/wolfenbuettel-lessing-likoer-livsglaede\/\">\n                <span>Wolfenb\u00fcttel \u2013 Bindingsv\u00e6rkshuse og J\u00e4germeister<\/span>\n              <\/a>\n            <\/div>\n          <\/div>\n    \n          \n                  \n                    \n          <div class=\"featured-themen-single\">\n            <div class=\"featured-themen-single-inner\" style=\"background-image: url('https:\/\/9staedte.de\/wp-content\/smush-webp\/2022\/03\/Autostadt-Uebersicht-c-Autostadt-GmbH-Klaus-Bosselmann-scaled.jpg.webp')\">\n              \n              <a href=\"https:\/\/9staedte.de\/en-rejse-til-mobilitetens-verden-autostadt-i-wolfsburg\/\">\n                <span>Autostadt i Wolfsburg \u2013 En rejse ind i mobilitetens verden<\/span>\n              <\/a>\n            <\/div>\n          <\/div>\n    \n          \n                          \n        <\/div>\n<\/div>","protected":false},"excerpt":{"rendered":"<p>9 byer i Niedersachsen i Tyskland er ideelle destinationer for at opleve en weekend med atmosf\u00e6re! I Braunschweig, Celle, G\u00f6ttingen, Goslar, Hameln, Hannover, Hildesheim og Wolfenb\u00fcttel er der UNESCO verdensarvsteder, historiske indbindingsv\u00e6rkhuse, idylliske markedspladser, pr\u00e6gtige slotte, parker og haver blandt de afvekslende tilbud til g\u00e6sterne. Historie bliver levendegjort ved et stort antal traditionsrige arrangementer. Moderne [&hellip;]<\/p>\n","protected":false},"author":1,"featured_media":12456,"parent":0,"menu_order":0,"comment_status":"closed","ping_status":"closed","template":"","meta":{"_acf_changed":false,"footnotes":""},"categories":[],"tags":[],"ncap_cities_tax":[],"class_list":["post-12454","page","type-page","status-publish","has-post-thumbnail","hentry"],"acf":[],"yoast_head":"<!-- This site is optimized with the Yoast SEO plugin v26.8 - https:\/\/yoast.com\/product\/yoast-seo-wordpress\/ -->\n<title>Pragtfulde oplevelser i 9 byer - 9 St\u00e4dte in Niedersachsen<\/title>\n<meta name=\"robots\" content=\"index, follow, max-snippet:-1, max-image-preview:large, max-video-preview:-1\" \/>\n<link rel=\"canonical\" href=\"https:\/\/9staedte.de\/da\/pragtfulde-oplevelser-i-9-byer\/\" \/>\n<meta property=\"og:locale\" content=\"da_DK\" \/>\n<meta property=\"og:type\" content=\"article\" \/>\n<meta property=\"og:title\" content=\"Pragtfulde oplevelser i 9 byer - 9 St\u00e4dte in Niedersachsen\" \/>\n<meta property=\"og:description\" content=\"9 byer i Niedersachsen i Tyskland er ideelle destinationer for at opleve en weekend med atmosf\u00e6re! I Braunschweig, Celle, G\u00f6ttingen, Goslar, Hameln, Hannover, Hildesheim og Wolfenb\u00fcttel er der UNESCO verdensarvsteder, historiske indbindingsv\u00e6rkhuse, idylliske markedspladser, pr\u00e6gtige slotte, parker og haver blandt de afvekslende tilbud til g\u00e6sterne. Historie bliver levendegjort ved et stort antal traditionsrige arrangementer. Moderne [&hellip;]\" \/>\n<meta property=\"og:url\" content=\"https:\/\/9staedte.de\/da\/pragtfulde-oplevelser-i-9-byer\/\" \/>\n<meta property=\"og:site_name\" content=\"9 St\u00e4dte in Niedersachsen\" \/>\n<meta property=\"og:image\" content=\"https:\/\/9staedte.de\/wp-content\/uploads\/2023\/03\/Hameln_Osterstrasse-c-martin-Kirchner-1.jpg\" \/>\n\t<meta property=\"og:image:width\" content=\"860\" \/>\n\t<meta property=\"og:image:height\" content=\"365\" \/>\n\t<meta property=\"og:image:type\" content=\"image\/jpeg\" \/>\n<meta name=\"twitter:card\" content=\"summary_large_image\" \/>\n<meta name=\"twitter:label1\" content=\"Estimeret l\u00e6setid\" \/>\n\t<meta name=\"twitter:data1\" content=\"1 minut\" \/>\n<script type=\"application\/ld+json\" class=\"yoast-schema-graph\">{\"@context\":\"https:\/\/schema.org\",\"@graph\":[{\"@type\":\"WebPage\",\"@id\":\"https:\/\/9staedte.de\/da\/pragtfulde-oplevelser-i-9-byer\/\",\"url\":\"https:\/\/9staedte.de\/da\/pragtfulde-oplevelser-i-9-byer\/\",\"name\":\"Pragtfulde oplevelser i 9 byer - 9 St\u00e4dte in Niedersachsen\",\"isPartOf\":{\"@id\":\"https:\/\/9staedte.de\/da\/#website\"},\"primaryImageOfPage\":{\"@id\":\"https:\/\/9staedte.de\/da\/pragtfulde-oplevelser-i-9-byer\/#primaryimage\"},\"image\":{\"@id\":\"https:\/\/9staedte.de\/da\/pragtfulde-oplevelser-i-9-byer\/#primaryimage\"},\"thumbnailUrl\":\"https:\/\/9staedte.de\/wp-content\/uploads\/2023\/03\/Hameln_Osterstrasse-c-martin-Kirchner-1.jpg\",\"datePublished\":\"2023-10-25T10:28:32+00:00\",\"breadcrumb\":{\"@id\":\"https:\/\/9staedte.de\/da\/pragtfulde-oplevelser-i-9-byer\/#breadcrumb\"},\"inLanguage\":\"da-DK\",\"potentialAction\":[{\"@type\":\"ReadAction\",\"target\":[\"https:\/\/9staedte.de\/da\/pragtfulde-oplevelser-i-9-byer\/\"]}]},{\"@type\":\"ImageObject\",\"inLanguage\":\"da-DK\",\"@id\":\"https:\/\/9staedte.de\/da\/pragtfulde-oplevelser-i-9-byer\/#primaryimage\",\"url\":\"https:\/\/9staedte.de\/wp-content\/uploads\/2023\/03\/Hameln_Osterstrasse-c-martin-Kirchner-1.jpg\",\"contentUrl\":\"https:\/\/9staedte.de\/wp-content\/uploads\/2023\/03\/Hameln_Osterstrasse-c-martin-Kirchner-1.jpg\",\"width\":860,\"height\":365,\"caption\":\"Hameln, historische Altstadt, Osterstrasse\"},{\"@type\":\"BreadcrumbList\",\"@id\":\"https:\/\/9staedte.de\/da\/pragtfulde-oplevelser-i-9-byer\/#breadcrumb\",\"itemListElement\":[{\"@type\":\"ListItem\",\"position\":1,\"name\":\"Startseite\",\"item\":\"https:\/\/9staedte.de\/da\/hjem-9-byer-2-i-niedersachsen\/\"},{\"@type\":\"ListItem\",\"position\":2,\"name\":\"Pragtfulde oplevelser i 9 byer\"}]},{\"@type\":\"WebSite\",\"@id\":\"https:\/\/9staedte.de\/da\/#website\",\"url\":\"https:\/\/9staedte.de\/da\/\",\"name\":\"9 St\u00e4dte in Niedersachsen\",\"description\":\"\",\"publisher\":{\"@id\":\"https:\/\/9staedte.de\/da\/#organization\"},\"potentialAction\":[{\"@type\":\"SearchAction\",\"target\":{\"@type\":\"EntryPoint\",\"urlTemplate\":\"https:\/\/9staedte.de\/da\/?s={search_term_string}\"},\"query-input\":{\"@type\":\"PropertyValueSpecification\",\"valueRequired\":true,\"valueName\":\"search_term_string\"}}],\"inLanguage\":\"da-DK\"},{\"@type\":\"Organization\",\"@id\":\"https:\/\/9staedte.de\/da\/#organization\",\"name\":\"9 St\u00e4dte in Niedersachsen\",\"url\":\"https:\/\/9staedte.de\/da\/\",\"logo\":{\"@type\":\"ImageObject\",\"inLanguage\":\"da-DK\",\"@id\":\"https:\/\/9staedte.de\/da\/#\/schema\/logo\/image\/\",\"url\":\"https:\/\/9staedte.de\/wp-content\/uploads\/2025\/01\/9-neg-deutsch-2-1.png\",\"contentUrl\":\"https:\/\/9staedte.de\/wp-content\/uploads\/2025\/01\/9-neg-deutsch-2-1.png\",\"width\":190,\"height\":114,\"caption\":\"9 St\u00e4dte in Niedersachsen\"},\"image\":{\"@id\":\"https:\/\/9staedte.de\/da\/#\/schema\/logo\/image\/\"}}]}<\/script>\n<!-- \/ Yoast SEO plugin. -->","yoast_head_json":{"title":"Pragtfulde oplevelser i 9 byer - 9 St\u00e4dte in Niedersachsen","robots":{"index":"index","follow":"follow","max-snippet":"max-snippet:-1","max-image-preview":"max-image-preview:large","max-video-preview":"max-video-preview:-1"},"canonical":"https:\/\/9staedte.de\/da\/pragtfulde-oplevelser-i-9-byer\/","og_locale":"da_DK","og_type":"article","og_title":"Pragtfulde oplevelser i 9 byer - 9 St\u00e4dte in Niedersachsen","og_description":"9 byer i Niedersachsen i Tyskland er ideelle destinationer for at opleve en weekend med atmosf\u00e6re! I Braunschweig, Celle, G\u00f6ttingen, Goslar, Hameln, Hannover, Hildesheim og Wolfenb\u00fcttel er der UNESCO verdensarvsteder, historiske indbindingsv\u00e6rkhuse, idylliske markedspladser, pr\u00e6gtige slotte, parker og haver blandt de afvekslende tilbud til g\u00e6sterne. Historie bliver levendegjort ved et stort antal traditionsrige arrangementer. Moderne [&hellip;]","og_url":"https:\/\/9staedte.de\/da\/pragtfulde-oplevelser-i-9-byer\/","og_site_name":"9 St\u00e4dte in Niedersachsen","og_image":[{"width":860,"height":365,"url":"https:\/\/9staedte.de\/wp-content\/uploads\/2023\/03\/Hameln_Osterstrasse-c-martin-Kirchner-1.jpg","type":"image\/jpeg"}],"twitter_card":"summary_large_image","twitter_misc":{"Estimeret l\u00e6setid":"1 minut"},"schema":{"@context":"https:\/\/schema.org","@graph":[{"@type":"WebPage","@id":"https:\/\/9staedte.de\/da\/pragtfulde-oplevelser-i-9-byer\/","url":"https:\/\/9staedte.de\/da\/pragtfulde-oplevelser-i-9-byer\/","name":"Pragtfulde oplevelser i 9 byer - 9 St\u00e4dte in Niedersachsen","isPartOf":{"@id":"https:\/\/9staedte.de\/da\/#website"},"primaryImageOfPage":{"@id":"https:\/\/9staedte.de\/da\/pragtfulde-oplevelser-i-9-byer\/#primaryimage"},"image":{"@id":"https:\/\/9staedte.de\/da\/pragtfulde-oplevelser-i-9-byer\/#primaryimage"},"thumbnailUrl":"https:\/\/9staedte.de\/wp-content\/uploads\/2023\/03\/Hameln_Osterstrasse-c-martin-Kirchner-1.jpg","datePublished":"2023-10-25T10:28:32+00:00","breadcrumb":{"@id":"https:\/\/9staedte.de\/da\/pragtfulde-oplevelser-i-9-byer\/#breadcrumb"},"inLanguage":"da-DK","potentialAction":[{"@type":"ReadAction","target":["https:\/\/9staedte.de\/da\/pragtfulde-oplevelser-i-9-byer\/"]}]},{"@type":"ImageObject","inLanguage":"da-DK","@id":"https:\/\/9staedte.de\/da\/pragtfulde-oplevelser-i-9-byer\/#primaryimage","url":"https:\/\/9staedte.de\/wp-content\/uploads\/2023\/03\/Hameln_Osterstrasse-c-martin-Kirchner-1.jpg","contentUrl":"https:\/\/9staedte.de\/wp-content\/uploads\/2023\/03\/Hameln_Osterstrasse-c-martin-Kirchner-1.jpg","width":860,"height":365,"caption":"Hameln, historische Altstadt, Osterstrasse"},{"@type":"BreadcrumbList","@id":"https:\/\/9staedte.de\/da\/pragtfulde-oplevelser-i-9-byer\/#breadcrumb","itemListElement":[{"@type":"ListItem","position":1,"name":"Startseite","item":"https:\/\/9staedte.de\/da\/hjem-9-byer-2-i-niedersachsen\/"},{"@type":"ListItem","position":2,"name":"Pragtfulde oplevelser i 9 byer"}]},{"@type":"WebSite","@id":"https:\/\/9staedte.de\/da\/#website","url":"https:\/\/9staedte.de\/da\/","name":"9 St\u00e4dte in Niedersachsen","description":"","publisher":{"@id":"https:\/\/9staedte.de\/da\/#organization"},"potentialAction":[{"@type":"SearchAction","target":{"@type":"EntryPoint","urlTemplate":"https:\/\/9staedte.de\/da\/?s={search_term_string}"},"query-input":{"@type":"PropertyValueSpecification","valueRequired":true,"valueName":"search_term_string"}}],"inLanguage":"da-DK"},{"@type":"Organization","@id":"https:\/\/9staedte.de\/da\/#organization","name":"9 St\u00e4dte in Niedersachsen","url":"https:\/\/9staedte.de\/da\/","logo":{"@type":"ImageObject","inLanguage":"da-DK","@id":"https:\/\/9staedte.de\/da\/#\/schema\/logo\/image\/","url":"https:\/\/9staedte.de\/wp-content\/uploads\/2025\/01\/9-neg-deutsch-2-1.png","contentUrl":"https:\/\/9staedte.de\/wp-content\/uploads\/2025\/01\/9-neg-deutsch-2-1.png","width":190,"height":114,"caption":"9 St\u00e4dte in Niedersachsen"},"image":{"@id":"https:\/\/9staedte.de\/da\/#\/schema\/logo\/image\/"}}]}},"_links":{"self":[{"href":"https:\/\/9staedte.de\/da\/wp-json\/wp\/v2\/pages\/12454","targetHints":{"allow":["GET"]}}],"collection":[{"href":"https:\/\/9staedte.de\/da\/wp-json\/wp\/v2\/pages"}],"about":[{"href":"https:\/\/9staedte.de\/da\/wp-json\/wp\/v2\/types\/page"}],"author":[{"embeddable":true,"href":"https:\/\/9staedte.de\/da\/wp-json\/wp\/v2\/users\/1"}],"replies":[{"embeddable":true,"href":"https:\/\/9staedte.de\/da\/wp-json\/wp\/v2\/comments?post=12454"}],"version-history":[{"count":1,"href":"https:\/\/9staedte.de\/da\/wp-json\/wp\/v2\/pages\/12454\/revisions"}],"predecessor-version":[{"id":12458,"href":"https:\/\/9staedte.de\/da\/wp-json\/wp\/v2\/pages\/12454\/revisions\/12458"}],"wp:featuredmedia":[{"embeddable":true,"href":"https:\/\/9staedte.de\/da\/wp-json\/wp\/v2\/media\/12456"}],"wp:attachment":[{"href":"https:\/\/9staedte.de\/da\/wp-json\/wp\/v2\/media?parent=12454"}],"wp:term":[{"taxonomy":"category","embeddable":true,"href":"https:\/\/9staedte.de\/da\/wp-json\/wp\/v2\/categories?post=12454"},{"taxonomy":"post_tag","embeddable":true,"href":"https:\/\/9staedte.de\/da\/wp-json\/wp\/v2\/tags?post=12454"},{"taxonomy":"ncap_cities_tax","embeddable":true,"href":"https:\/\/9staedte.de\/da\/wp-json\/wp\/v2\/ncap_cities_tax?post=12454"}],"curies":[{"name":"wp","href":"https:\/\/api.w.org\/{rel}","templated":true}]}}