{"id":12443,"date":"2023-10-25T12:18:30","date_gmt":"2023-10-25T10:18:30","guid":{"rendered":"https:\/\/9staedte.de\/9-byer-i-baja-sajonia\/"},"modified":"2023-10-25T12:18:30","modified_gmt":"2023-10-25T10:18:30","slug":"9-byer-i-baja-sajonia","status":"publish","type":"page","link":"https:\/\/9staedte.de\/da\/9-byer-i-baja-sajonia\/","title":{"rendered":"9 byer i Baja Sajonia"},"content":{"rendered":"\n<p>Der er uendeligt mange grunde til at bes\u00f8ge 9 byer i Baja Sajonia: festivaler med stor tradition, UNESCO&#8217;s menneskearv, middelalderbyer, idylliske huse med indbyggede huse, hyggelige hospitaler, moderne butikscentre, stor aktivitet&#8230;<\/p>\n\n\n\n<p>Planl\u00e6g din rejse til de 9 byer. Cada ciudad fascina con su propio encanto especial. La visita de una o varias ciudades hist\u00f3ricas se puede unir de forma \u00f3ptima a una excursion por las landas L\u00fcneburger Heide, la monta\u00f1a del Harz o la zona del Weserbergland. El aeropuerto central en el norte de Alemania, el Hannover Airport, as\u00ed como buenas comunicaciones por tren y autopista, le garantizan un agradable viaje.<\/p>\n\n\n\n<p>Kombiner din rejse gennem historien med en flugt gennem Autostadt Wolfsburgs inspirerende verden. Viva expediciones hacia el futuro de la movilidad, viajes en el tiempo por la historia del autom\u00f3vil y explore el cosmos de la tecnolog\u00eda y la innovaci\u00f3n.<\/p>\n\n\n\n<div style=\"height:60px\" aria-hidden=\"true\" class=\"wp-block-spacer\"><\/div>\n\n\n\n<div class=\"content-grid\">\n\n\n  \n  <div class=\"grid\">\n                        \n                    \n          <div class=\"featured-themen-single\">\n            <div class=\"featured-themen-single-inner\" style=\"background-image: url('')\">\n              \n              <a href=\"https:\/\/9staedte.de\/braunschweig-brunswick-una-gran-ciudad-vibrante-y-con-historia\/\">\n                <span>Braunschweig (Brunswick) \u2013 Una gran ciudad vibrante y con historia<\/span>\n              <\/a>\n            <\/div>\n          <\/div>\n    \n          \n                  \n                    \n          <div class=\"featured-themen-single\">\n            <div class=\"featured-themen-single-inner\" style=\"background-image: url('')\">\n              \n              <a href=\"https:\/\/9staedte.de\/celle-una-preciosa-ciudad-palaciega-con-el-mayor-conjunto-de-casas-de-entramado-de-europa\/\">\n                <span>Celle \u2013 Una preciosa ciudad palaciega con el mayor conjunto de casas de entramado de Europa<\/span>\n              <\/a>\n            <\/div>\n          <\/div>\n    \n          \n                  \n                    \n          <div class=\"featured-themen-single\">\n            <div class=\"featured-themen-single-inner\" style=\"background-image: url('')\">\n              \n              <a href=\"https:\/\/9staedte.de\/einbeck-vehiculos-historicos-casas-de-entramadoy-cerveza\/\">\n                <span>Einbeck \u2013 Veh\u00edculos hist\u00f3ricos, casas de entramado y cerveza<\/span>\n              <\/a>\n            <\/div>\n          <\/div>\n    \n          \n                  \n                    \n          <div class=\"featured-themen-single\">\n            <div class=\"featured-themen-single-inner\" style=\"background-image: url('')\">\n              \n              <a href=\"https:\/\/9staedte.de\/goettingen-gotinga-la-ciudad-del-conocimiento\/\">\n                <span>G\u00f6ttingen (Gotinga) \u2013 La ciudad del conocimiento<\/span>\n              <\/a>\n            <\/div>\n          <\/div>\n    \n          \n                  \n                    \n          <div class=\"featured-themen-single\">\n            <div class=\"featured-themen-single-inner\" style=\"background-image: url('')\">\n              \n              <a href=\"https:\/\/9staedte.de\/goslar-patrimonio-cultural-de-la-humanidad-a-los-pies-del-harz\/\">\n                <span>Goslar \u2013 Patrimonio cultural de la humanidad a los pies del Harz<\/span>\n              <\/a>\n            <\/div>\n          <\/div>\n    \n          \n                  \n                    \n          <div class=\"featured-themen-single\">\n            <div class=\"featured-themen-single-inner\" style=\"background-image: url('')\">\n              \n              <a href=\"https:\/\/9staedte.de\/hameln-hamelin-la-ciudad-del-famoso-flautista\/\">\n                <span>Hameln (Hamel\u00edn) \u2013 La ciudad del famoso flautista<\/span>\n              <\/a>\n            <\/div>\n          <\/div>\n    \n          \n                  \n                    \n          <div class=\"featured-themen-single\">\n            <div class=\"featured-themen-single-inner\" style=\"background-image: url('')\">\n              \n              <a href=\"https:\/\/9staedte.de\/hannover-una-ciudad-fascinante-con-calidad-de-vida\/\">\n                <span>Hannover \u2013 Una ciudad fascinante con calidad de vida<\/span>\n              <\/a>\n            <\/div>\n          <\/div>\n    \n          \n                  \n                    \n          <div class=\"featured-themen-single\">\n            <div class=\"featured-themen-single-inner\" style=\"background-image: url('')\">\n              \n              <a href=\"https:\/\/9staedte.de\/hildesheim-una-ciudad-repleta-de-casas-de-entramado-cultura-e-historia\/\">\n                <span>Hildesheim \u2013 Una ciudad repleta de casas de entramado, cultura e historia<\/span>\n              <\/a>\n            <\/div>\n          <\/div>\n    \n          \n                  \n                    \n          <div class=\"featured-themen-single\">\n            <div class=\"featured-themen-single-inner\" style=\"background-image: url('')\">\n              \n              <a href=\"https:\/\/9staedte.de\/wolfenbuettel-casas-de-entramado-y-jaegermeister\/\">\n                <span>Wolfenb\u00fcttel \u2013 Casas de entramado y J\u00e4germeister<\/span>\n              <\/a>\n            <\/div>\n          <\/div>\n    \n          \n                  \n                    \n          <div class=\"featured-themen-single\">\n            <div class=\"featured-themen-single-inner\" style=\"background-image: url('')\">\n              \n              <a href=\"https:\/\/9staedte.de\/autostadt-de-wolfsburg-un-viaje-al-mundo-de-la-movilidad\/\">\n                <span>Autostadt de Wolfsburg \u2013 Un viaje al mundo de la movilidad<\/span>\n              <\/a>\n            <\/div>\n          <\/div>\n    \n          \n                          \n        <\/div>\n<\/div>","protected":false},"excerpt":{"rendered":"<p>Der er uendeligt mange grunde til at bes\u00f8ge 9 byer i Baja Sajonia: festivaler med stor tradition, UNESCO&#8217;s menneskearv, middelalderbyer, idylliske huse med indbyggede huse, hyggelige hospitaler, moderne butikscentre, stor aktivitet&#8230; Planl\u00e6g din rejse til de 9 byer. Cada ciudad fascina con su propio encanto especial. La visita de una o varias ciudades hist\u00f3ricas se [&hellip;]<\/p>\n","protected":false},"author":1,"featured_media":0,"parent":0,"menu_order":0,"comment_status":"closed","ping_status":"closed","template":"","meta":{"_acf_changed":false,"footnotes":""},"categories":[],"tags":[],"ncap_cities_tax":[],"class_list":["post-12443","page","type-page","status-publish","hentry"],"acf":[],"yoast_head":"<!-- This site is optimized with the Yoast SEO plugin v26.8 - https:\/\/yoast.com\/product\/yoast-seo-wordpress\/ -->\n<title>9 byer i Baja Sajonia - 9 St\u00e4dte in Niedersachsen<\/title>\n<meta name=\"robots\" content=\"index, follow, max-snippet:-1, max-image-preview:large, max-video-preview:-1\" \/>\n<link rel=\"canonical\" href=\"https:\/\/9staedte.de\/da\/9-byer-i-baja-sajonia\/\" \/>\n<meta property=\"og:locale\" content=\"da_DK\" \/>\n<meta property=\"og:type\" content=\"article\" \/>\n<meta property=\"og:title\" content=\"9 byer i Baja Sajonia - 9 St\u00e4dte in Niedersachsen\" \/>\n<meta property=\"og:description\" content=\"Der er uendeligt mange grunde til at bes\u00f8ge 9 byer i Baja Sajonia: festivaler med stor tradition, UNESCO&#8217;s menneskearv, middelalderbyer, idylliske huse med indbyggede huse, hyggelige hospitaler, moderne butikscentre, stor aktivitet&#8230; Planl\u00e6g din rejse til de 9 byer. Cada ciudad fascina con su propio encanto especial. La visita de una o varias ciudades hist\u00f3ricas se [&hellip;]\" \/>\n<meta property=\"og:url\" content=\"https:\/\/9staedte.de\/da\/9-byer-i-baja-sajonia\/\" \/>\n<meta property=\"og:site_name\" content=\"9 St\u00e4dte in Niedersachsen\" \/>\n<meta name=\"twitter:card\" content=\"summary_large_image\" \/>\n<meta name=\"twitter:label1\" content=\"Estimeret l\u00e6setid\" \/>\n\t<meta name=\"twitter:data1\" content=\"1 minut\" \/>\n<script type=\"application\/ld+json\" class=\"yoast-schema-graph\">{\"@context\":\"https:\/\/schema.org\",\"@graph\":[{\"@type\":\"WebPage\",\"@id\":\"https:\/\/9staedte.de\/da\/9-byer-i-baja-sajonia\/\",\"url\":\"https:\/\/9staedte.de\/da\/9-byer-i-baja-sajonia\/\",\"name\":\"9 byer i Baja Sajonia - 9 St\u00e4dte in Niedersachsen\",\"isPartOf\":{\"@id\":\"https:\/\/9staedte.de\/da\/#website\"},\"datePublished\":\"2023-10-25T10:18:30+00:00\",\"breadcrumb\":{\"@id\":\"https:\/\/9staedte.de\/da\/9-byer-i-baja-sajonia\/#breadcrumb\"},\"inLanguage\":\"da-DK\",\"potentialAction\":[{\"@type\":\"ReadAction\",\"target\":[\"https:\/\/9staedte.de\/da\/9-byer-i-baja-sajonia\/\"]}]},{\"@type\":\"BreadcrumbList\",\"@id\":\"https:\/\/9staedte.de\/da\/9-byer-i-baja-sajonia\/#breadcrumb\",\"itemListElement\":[{\"@type\":\"ListItem\",\"position\":1,\"name\":\"Startseite\",\"item\":\"https:\/\/9staedte.de\/da\/hjem-9-byer-2-i-niedersachsen\/\"},{\"@type\":\"ListItem\",\"position\":2,\"name\":\"9 byer i Baja Sajonia\"}]},{\"@type\":\"WebSite\",\"@id\":\"https:\/\/9staedte.de\/da\/#website\",\"url\":\"https:\/\/9staedte.de\/da\/\",\"name\":\"9 St\u00e4dte in Niedersachsen\",\"description\":\"\",\"publisher\":{\"@id\":\"https:\/\/9staedte.de\/da\/#organization\"},\"potentialAction\":[{\"@type\":\"SearchAction\",\"target\":{\"@type\":\"EntryPoint\",\"urlTemplate\":\"https:\/\/9staedte.de\/da\/?s={search_term_string}\"},\"query-input\":{\"@type\":\"PropertyValueSpecification\",\"valueRequired\":true,\"valueName\":\"search_term_string\"}}],\"inLanguage\":\"da-DK\"},{\"@type\":\"Organization\",\"@id\":\"https:\/\/9staedte.de\/da\/#organization\",\"name\":\"9 St\u00e4dte in Niedersachsen\",\"url\":\"https:\/\/9staedte.de\/da\/\",\"logo\":{\"@type\":\"ImageObject\",\"inLanguage\":\"da-DK\",\"@id\":\"https:\/\/9staedte.de\/da\/#\/schema\/logo\/image\/\",\"url\":\"https:\/\/9staedte.de\/wp-content\/uploads\/2025\/01\/9-neg-deutsch-2-1.png\",\"contentUrl\":\"https:\/\/9staedte.de\/wp-content\/uploads\/2025\/01\/9-neg-deutsch-2-1.png\",\"width\":190,\"height\":114,\"caption\":\"9 St\u00e4dte in Niedersachsen\"},\"image\":{\"@id\":\"https:\/\/9staedte.de\/da\/#\/schema\/logo\/image\/\"}}]}<\/script>\n<!-- \/ Yoast SEO plugin. -->","yoast_head_json":{"title":"9 byer i Baja Sajonia - 9 St\u00e4dte in Niedersachsen","robots":{"index":"index","follow":"follow","max-snippet":"max-snippet:-1","max-image-preview":"max-image-preview:large","max-video-preview":"max-video-preview:-1"},"canonical":"https:\/\/9staedte.de\/da\/9-byer-i-baja-sajonia\/","og_locale":"da_DK","og_type":"article","og_title":"9 byer i Baja Sajonia - 9 St\u00e4dte in Niedersachsen","og_description":"Der er uendeligt mange grunde til at bes\u00f8ge 9 byer i Baja Sajonia: festivaler med stor tradition, UNESCO&#8217;s menneskearv, middelalderbyer, idylliske huse med indbyggede huse, hyggelige hospitaler, moderne butikscentre, stor aktivitet&#8230; Planl\u00e6g din rejse til de 9 byer. Cada ciudad fascina con su propio encanto especial. La visita de una o varias ciudades hist\u00f3ricas se [&hellip;]","og_url":"https:\/\/9staedte.de\/da\/9-byer-i-baja-sajonia\/","og_site_name":"9 St\u00e4dte in Niedersachsen","twitter_card":"summary_large_image","twitter_misc":{"Estimeret l\u00e6setid":"1 minut"},"schema":{"@context":"https:\/\/schema.org","@graph":[{"@type":"WebPage","@id":"https:\/\/9staedte.de\/da\/9-byer-i-baja-sajonia\/","url":"https:\/\/9staedte.de\/da\/9-byer-i-baja-sajonia\/","name":"9 byer i Baja Sajonia - 9 St\u00e4dte in Niedersachsen","isPartOf":{"@id":"https:\/\/9staedte.de\/da\/#website"},"datePublished":"2023-10-25T10:18:30+00:00","breadcrumb":{"@id":"https:\/\/9staedte.de\/da\/9-byer-i-baja-sajonia\/#breadcrumb"},"inLanguage":"da-DK","potentialAction":[{"@type":"ReadAction","target":["https:\/\/9staedte.de\/da\/9-byer-i-baja-sajonia\/"]}]},{"@type":"BreadcrumbList","@id":"https:\/\/9staedte.de\/da\/9-byer-i-baja-sajonia\/#breadcrumb","itemListElement":[{"@type":"ListItem","position":1,"name":"Startseite","item":"https:\/\/9staedte.de\/da\/hjem-9-byer-2-i-niedersachsen\/"},{"@type":"ListItem","position":2,"name":"9 byer i Baja Sajonia"}]},{"@type":"WebSite","@id":"https:\/\/9staedte.de\/da\/#website","url":"https:\/\/9staedte.de\/da\/","name":"9 St\u00e4dte in Niedersachsen","description":"","publisher":{"@id":"https:\/\/9staedte.de\/da\/#organization"},"potentialAction":[{"@type":"SearchAction","target":{"@type":"EntryPoint","urlTemplate":"https:\/\/9staedte.de\/da\/?s={search_term_string}"},"query-input":{"@type":"PropertyValueSpecification","valueRequired":true,"valueName":"search_term_string"}}],"inLanguage":"da-DK"},{"@type":"Organization","@id":"https:\/\/9staedte.de\/da\/#organization","name":"9 St\u00e4dte in Niedersachsen","url":"https:\/\/9staedte.de\/da\/","logo":{"@type":"ImageObject","inLanguage":"da-DK","@id":"https:\/\/9staedte.de\/da\/#\/schema\/logo\/image\/","url":"https:\/\/9staedte.de\/wp-content\/uploads\/2025\/01\/9-neg-deutsch-2-1.png","contentUrl":"https:\/\/9staedte.de\/wp-content\/uploads\/2025\/01\/9-neg-deutsch-2-1.png","width":190,"height":114,"caption":"9 St\u00e4dte in Niedersachsen"},"image":{"@id":"https:\/\/9staedte.de\/da\/#\/schema\/logo\/image\/"}}]}},"_links":{"self":[{"href":"https:\/\/9staedte.de\/da\/wp-json\/wp\/v2\/pages\/12443","targetHints":{"allow":["GET"]}}],"collection":[{"href":"https:\/\/9staedte.de\/da\/wp-json\/wp\/v2\/pages"}],"about":[{"href":"https:\/\/9staedte.de\/da\/wp-json\/wp\/v2\/types\/page"}],"author":[{"embeddable":true,"href":"https:\/\/9staedte.de\/da\/wp-json\/wp\/v2\/users\/1"}],"replies":[{"embeddable":true,"href":"https:\/\/9staedte.de\/da\/wp-json\/wp\/v2\/comments?post=12443"}],"version-history":[{"count":1,"href":"https:\/\/9staedte.de\/da\/wp-json\/wp\/v2\/pages\/12443\/revisions"}],"predecessor-version":[{"id":12447,"href":"https:\/\/9staedte.de\/da\/wp-json\/wp\/v2\/pages\/12443\/revisions\/12447"}],"wp:attachment":[{"href":"https:\/\/9staedte.de\/da\/wp-json\/wp\/v2\/media?parent=12443"}],"wp:term":[{"taxonomy":"category","embeddable":true,"href":"https:\/\/9staedte.de\/da\/wp-json\/wp\/v2\/categories?post=12443"},{"taxonomy":"post_tag","embeddable":true,"href":"https:\/\/9staedte.de\/da\/wp-json\/wp\/v2\/tags?post=12443"},{"taxonomy":"ncap_cities_tax","embeddable":true,"href":"https:\/\/9staedte.de\/da\/wp-json\/wp\/v2\/ncap_cities_tax?post=12443"}],"curies":[{"name":"wp","href":"https:\/\/api.w.org\/{rel}","templated":true}]}}