{"id":12438,"date":"2023-10-25T12:18:34","date_gmt":"2023-10-25T10:18:34","guid":{"rendered":"https:\/\/9staedte.de\/aftryk-9-byer-i-niedersachsen\/"},"modified":"2023-10-25T12:18:34","modified_gmt":"2023-10-25T10:18:34","slug":"aftryk-9-byer-i-niedersachsen","status":"publish","type":"page","link":"https:\/\/9staedte.de\/da\/aftryk-9-byer-i-niedersachsen\/","title":{"rendered":"Aftryk &#8211; 9 byer i Niedersachsen"},"content":{"rendered":"\n<p>9 byer +2 i Niedersachsen<br>Hannover Marketing og Turisme GmbH<br>Vahrenwalder Strasse 7<br>30165 Hanover<\/p>\n\n\n\n<p>Tlf.: +49 (0) 511\/168-49746<br>Fax:&nbsp; +49 (0) 511\/168-49779<br>E-mail: <a href=\"mailto:9cities@hannover-tourismus.de\" target=\"_blank\" rel=\"noreferrer noopener\">9cities@hannover-tourismus.de<\/a><\/p>\n\n\n\n<p>Hannover Marketing og Turisme GmbH<br>Amtsretten i Hannover: Handelsregisterafdelingen. B. nr. 59223<br>Virksomhedens hjemsted: Hannover<br>Administrerende direkt\u00f8r: Hans Christian Nolte<br>Moms-ID nr.: DE211133985<\/p>\n\n\n\n<p>Ansvarlig for indhold: Petra Sievers<\/p>\n\n\n\n<h3 class=\"wp-block-heading\">Meddelelse om ansvar<\/h3>\n\n\n\n<p>Vi er ikke ansvarlige for indholdet af de sider, der henvises til via links p\u00e5 vores hjemmeside. Indholdet er underlagt de respektive udbyderes ophavsret. Deres indhold afspejler ikke vores mening, og vi har ingen indflydelse p\u00e5 indholdet. Kontakt venligst den respektive udbyder. Vi g\u00f8r udtrykkeligt opm\u00e6rksom p\u00e5, at vi ikke p\u00e5tager os noget som helst ansvar for skader af nogen art, som kan henf\u00f8res til brugen af vores internettilbud. Hvis du f\u00e5r adgang til sider via links fra vores hjemmeside, der overtr\u00e6der g\u00e6ldende lovgivning, bedes du straks underrette os. Vi vil s\u00e5 fjerne det p\u00e5g\u00e6ldende link fra vores tilbud. Hvis du \u00f8nsker at f\u00e5 fjernet et link til din hjemmeside, bedes du kontakte webmasteren. Vi vil derefter fjerne linket. Vi garanterer ikke for tilg\u00e6ngeligheden og aktualiteten af de links, der er angivet p\u00e5 vores hjemmeside, eller af vores internettilbud.<\/p>\n\n\n\n<h3 class=\"wp-block-heading\">Analyse-service<\/h3>\n\n\n\n<p>Vores hjemmeside bruger MATOMO (tidligere Piwik), en s\u00e5kaldt webanalysetjeneste. MATOMO bruger &#8220;cookies&#8221;, som er tekstfiler, der placeres p\u00e5 din computer, for at hj\u00e6lpe webstedet med at analysere, hvordan brugerne bruger webstedet. Til dette form\u00e5l overf\u00f8res de brugsoplysninger, der genereres af cookien (inklusive din forkortede IP-adresse), til vores server og gemmes til brugsanalyseform\u00e5l, hvilket tjener til at optimere hjemmesiden fra vores side. Din IP-adresse bliver straks anonymiseret under denne proces, s\u00e5 du som bruger forbliver anonym for os. De oplysninger, der genereres af cookien om din brug af dette websted, videregives ikke til tredjeparter. Du kan afvise brugen af cookies ved at v\u00e6lge de relevante indstillinger i din browser, men bem\u00e6rk venligst, at hvis du g\u00f8r dette, kan du muligvis ikke bruge alle funktionerne p\u00e5 denne hjemmeside.<\/p>\n\n\n\n<p>Hvis du ikke accepterer lagring og analyse af disse data fra dit bes\u00f8g, kan du til enhver tid g\u00f8re indsigelse mod lagring og brug af dem ved at klikke p\u00e5 f\u00f8lgende link. I dette tilf\u00e6lde gemmes en s\u00e5kaldt opt-out-cookie i din browser, hvilket betyder, at MATOMO ikke indsamler nogen sessionsdata. OBS: Hvis du sletter dine cookies, vil det resultere i, at opt-out-cookien ogs\u00e5 slettes, og du kan blive n\u00f8dt til at aktivere den igen.<\/p>\n\n\n\n<p>Kilde: datenschutzbeauftragter-info.de<\/p>\n","protected":false},"excerpt":{"rendered":"<p>9 byer +2 i NiedersachsenHannover Marketing og Turisme GmbHVahrenwalder Strasse 730165 Hanover Tlf.: +49 (0) 511\/168-49746Fax:&nbsp; +49 (0) 511\/168-49779E-mail: 9cities@hannover-tourismus.de Hannover Marketing og Turisme GmbHAmtsretten i Hannover: Handelsregisterafdelingen. B. nr. 59223Virksomhedens hjemsted: HannoverAdministrerende direkt\u00f8r: Hans Christian NolteMoms-ID nr.: DE211133985 Ansvarlig for indhold: Petra Sievers Meddelelse om ansvar Vi er ikke ansvarlige for indholdet af de [&hellip;]<\/p>\n","protected":false},"author":1,"featured_media":0,"parent":0,"menu_order":0,"comment_status":"closed","ping_status":"closed","template":"","meta":{"_acf_changed":false,"footnotes":""},"categories":[],"tags":[],"ncap_cities_tax":[],"class_list":["post-12438","page","type-page","status-publish","hentry"],"acf":[],"yoast_head":"<!-- This site is optimized with the Yoast SEO plugin v26.8 - https:\/\/yoast.com\/product\/yoast-seo-wordpress\/ -->\n<title>Aftryk - 9 byer i Niedersachsen - 9 St\u00e4dte in Niedersachsen<\/title>\n<meta name=\"robots\" content=\"index, follow, max-snippet:-1, max-image-preview:large, max-video-preview:-1\" \/>\n<link rel=\"canonical\" href=\"https:\/\/9staedte.de\/da\/aftryk-9-byer-i-niedersachsen\/\" \/>\n<meta property=\"og:locale\" content=\"da_DK\" \/>\n<meta property=\"og:type\" content=\"article\" \/>\n<meta property=\"og:title\" content=\"Aftryk - 9 byer i Niedersachsen - 9 St\u00e4dte in Niedersachsen\" \/>\n<meta property=\"og:description\" content=\"9 byer +2 i NiedersachsenHannover Marketing og Turisme GmbHVahrenwalder Strasse 730165 Hanover Tlf.: +49 (0) 511\/168-49746Fax:&nbsp; +49 (0) 511\/168-49779E-mail: 9cities@hannover-tourismus.de Hannover Marketing og Turisme GmbHAmtsretten i Hannover: Handelsregisterafdelingen. B. nr. 59223Virksomhedens hjemsted: HannoverAdministrerende direkt\u00f8r: Hans Christian NolteMoms-ID nr.: DE211133985 Ansvarlig for indhold: Petra Sievers Meddelelse om ansvar Vi er ikke ansvarlige for indholdet af de [&hellip;]\" \/>\n<meta property=\"og:url\" content=\"https:\/\/9staedte.de\/da\/aftryk-9-byer-i-niedersachsen\/\" \/>\n<meta property=\"og:site_name\" content=\"9 St\u00e4dte in Niedersachsen\" \/>\n<meta name=\"twitter:card\" content=\"summary_large_image\" \/>\n<meta name=\"twitter:label1\" content=\"Estimeret l\u00e6setid\" \/>\n\t<meta name=\"twitter:data1\" content=\"2 minutter\" \/>\n<script type=\"application\/ld+json\" class=\"yoast-schema-graph\">{\"@context\":\"https:\/\/schema.org\",\"@graph\":[{\"@type\":\"WebPage\",\"@id\":\"https:\/\/9staedte.de\/da\/aftryk-9-byer-i-niedersachsen\/\",\"url\":\"https:\/\/9staedte.de\/da\/aftryk-9-byer-i-niedersachsen\/\",\"name\":\"Aftryk - 9 byer i Niedersachsen - 9 St\u00e4dte in Niedersachsen\",\"isPartOf\":{\"@id\":\"https:\/\/9staedte.de\/da\/#website\"},\"datePublished\":\"2023-10-25T10:18:34+00:00\",\"breadcrumb\":{\"@id\":\"https:\/\/9staedte.de\/da\/aftryk-9-byer-i-niedersachsen\/#breadcrumb\"},\"inLanguage\":\"da-DK\",\"potentialAction\":[{\"@type\":\"ReadAction\",\"target\":[\"https:\/\/9staedte.de\/da\/aftryk-9-byer-i-niedersachsen\/\"]}]},{\"@type\":\"BreadcrumbList\",\"@id\":\"https:\/\/9staedte.de\/da\/aftryk-9-byer-i-niedersachsen\/#breadcrumb\",\"itemListElement\":[{\"@type\":\"ListItem\",\"position\":1,\"name\":\"Startseite\",\"item\":\"https:\/\/9staedte.de\/da\/hjem-9-byer-2-i-niedersachsen\/\"},{\"@type\":\"ListItem\",\"position\":2,\"name\":\"Aftryk &#8211; 9 byer i Niedersachsen\"}]},{\"@type\":\"WebSite\",\"@id\":\"https:\/\/9staedte.de\/da\/#website\",\"url\":\"https:\/\/9staedte.de\/da\/\",\"name\":\"9 St\u00e4dte in Niedersachsen\",\"description\":\"\",\"publisher\":{\"@id\":\"https:\/\/9staedte.de\/da\/#organization\"},\"potentialAction\":[{\"@type\":\"SearchAction\",\"target\":{\"@type\":\"EntryPoint\",\"urlTemplate\":\"https:\/\/9staedte.de\/da\/?s={search_term_string}\"},\"query-input\":{\"@type\":\"PropertyValueSpecification\",\"valueRequired\":true,\"valueName\":\"search_term_string\"}}],\"inLanguage\":\"da-DK\"},{\"@type\":\"Organization\",\"@id\":\"https:\/\/9staedte.de\/da\/#organization\",\"name\":\"9 St\u00e4dte in Niedersachsen\",\"url\":\"https:\/\/9staedte.de\/da\/\",\"logo\":{\"@type\":\"ImageObject\",\"inLanguage\":\"da-DK\",\"@id\":\"https:\/\/9staedte.de\/da\/#\/schema\/logo\/image\/\",\"url\":\"https:\/\/9staedte.de\/wp-content\/uploads\/2025\/01\/9-neg-deutsch-2-1.png\",\"contentUrl\":\"https:\/\/9staedte.de\/wp-content\/uploads\/2025\/01\/9-neg-deutsch-2-1.png\",\"width\":190,\"height\":114,\"caption\":\"9 St\u00e4dte in Niedersachsen\"},\"image\":{\"@id\":\"https:\/\/9staedte.de\/da\/#\/schema\/logo\/image\/\"}}]}<\/script>\n<!-- \/ Yoast SEO plugin. -->","yoast_head_json":{"title":"Aftryk - 9 byer i Niedersachsen - 9 St\u00e4dte in Niedersachsen","robots":{"index":"index","follow":"follow","max-snippet":"max-snippet:-1","max-image-preview":"max-image-preview:large","max-video-preview":"max-video-preview:-1"},"canonical":"https:\/\/9staedte.de\/da\/aftryk-9-byer-i-niedersachsen\/","og_locale":"da_DK","og_type":"article","og_title":"Aftryk - 9 byer i Niedersachsen - 9 St\u00e4dte in Niedersachsen","og_description":"9 byer +2 i NiedersachsenHannover Marketing og Turisme GmbHVahrenwalder Strasse 730165 Hanover Tlf.: +49 (0) 511\/168-49746Fax:&nbsp; +49 (0) 511\/168-49779E-mail: 9cities@hannover-tourismus.de Hannover Marketing og Turisme GmbHAmtsretten i Hannover: Handelsregisterafdelingen. B. nr. 59223Virksomhedens hjemsted: HannoverAdministrerende direkt\u00f8r: Hans Christian NolteMoms-ID nr.: DE211133985 Ansvarlig for indhold: Petra Sievers Meddelelse om ansvar Vi er ikke ansvarlige for indholdet af de [&hellip;]","og_url":"https:\/\/9staedte.de\/da\/aftryk-9-byer-i-niedersachsen\/","og_site_name":"9 St\u00e4dte in Niedersachsen","twitter_card":"summary_large_image","twitter_misc":{"Estimeret l\u00e6setid":"2 minutter"},"schema":{"@context":"https:\/\/schema.org","@graph":[{"@type":"WebPage","@id":"https:\/\/9staedte.de\/da\/aftryk-9-byer-i-niedersachsen\/","url":"https:\/\/9staedte.de\/da\/aftryk-9-byer-i-niedersachsen\/","name":"Aftryk - 9 byer i Niedersachsen - 9 St\u00e4dte in Niedersachsen","isPartOf":{"@id":"https:\/\/9staedte.de\/da\/#website"},"datePublished":"2023-10-25T10:18:34+00:00","breadcrumb":{"@id":"https:\/\/9staedte.de\/da\/aftryk-9-byer-i-niedersachsen\/#breadcrumb"},"inLanguage":"da-DK","potentialAction":[{"@type":"ReadAction","target":["https:\/\/9staedte.de\/da\/aftryk-9-byer-i-niedersachsen\/"]}]},{"@type":"BreadcrumbList","@id":"https:\/\/9staedte.de\/da\/aftryk-9-byer-i-niedersachsen\/#breadcrumb","itemListElement":[{"@type":"ListItem","position":1,"name":"Startseite","item":"https:\/\/9staedte.de\/da\/hjem-9-byer-2-i-niedersachsen\/"},{"@type":"ListItem","position":2,"name":"Aftryk &#8211; 9 byer i Niedersachsen"}]},{"@type":"WebSite","@id":"https:\/\/9staedte.de\/da\/#website","url":"https:\/\/9staedte.de\/da\/","name":"9 St\u00e4dte in Niedersachsen","description":"","publisher":{"@id":"https:\/\/9staedte.de\/da\/#organization"},"potentialAction":[{"@type":"SearchAction","target":{"@type":"EntryPoint","urlTemplate":"https:\/\/9staedte.de\/da\/?s={search_term_string}"},"query-input":{"@type":"PropertyValueSpecification","valueRequired":true,"valueName":"search_term_string"}}],"inLanguage":"da-DK"},{"@type":"Organization","@id":"https:\/\/9staedte.de\/da\/#organization","name":"9 St\u00e4dte in Niedersachsen","url":"https:\/\/9staedte.de\/da\/","logo":{"@type":"ImageObject","inLanguage":"da-DK","@id":"https:\/\/9staedte.de\/da\/#\/schema\/logo\/image\/","url":"https:\/\/9staedte.de\/wp-content\/uploads\/2025\/01\/9-neg-deutsch-2-1.png","contentUrl":"https:\/\/9staedte.de\/wp-content\/uploads\/2025\/01\/9-neg-deutsch-2-1.png","width":190,"height":114,"caption":"9 St\u00e4dte in Niedersachsen"},"image":{"@id":"https:\/\/9staedte.de\/da\/#\/schema\/logo\/image\/"}}]}},"_links":{"self":[{"href":"https:\/\/9staedte.de\/da\/wp-json\/wp\/v2\/pages\/12438","targetHints":{"allow":["GET"]}}],"collection":[{"href":"https:\/\/9staedte.de\/da\/wp-json\/wp\/v2\/pages"}],"about":[{"href":"https:\/\/9staedte.de\/da\/wp-json\/wp\/v2\/types\/page"}],"author":[{"embeddable":true,"href":"https:\/\/9staedte.de\/da\/wp-json\/wp\/v2\/users\/1"}],"replies":[{"embeddable":true,"href":"https:\/\/9staedte.de\/da\/wp-json\/wp\/v2\/comments?post=12438"}],"version-history":[{"count":1,"href":"https:\/\/9staedte.de\/da\/wp-json\/wp\/v2\/pages\/12438\/revisions"}],"predecessor-version":[{"id":12440,"href":"https:\/\/9staedte.de\/da\/wp-json\/wp\/v2\/pages\/12438\/revisions\/12440"}],"wp:attachment":[{"href":"https:\/\/9staedte.de\/da\/wp-json\/wp\/v2\/media?parent=12438"}],"wp:term":[{"taxonomy":"category","embeddable":true,"href":"https:\/\/9staedte.de\/da\/wp-json\/wp\/v2\/categories?post=12438"},{"taxonomy":"post_tag","embeddable":true,"href":"https:\/\/9staedte.de\/da\/wp-json\/wp\/v2\/tags?post=12438"},{"taxonomy":"ncap_cities_tax","embeddable":true,"href":"https:\/\/9staedte.de\/da\/wp-json\/wp\/v2\/ncap_cities_tax?post=12438"}],"curies":[{"name":"wp","href":"https:\/\/api.w.org\/{rel}","templated":true}]}}