{"id":12430,"date":"2023-10-25T12:23:28","date_gmt":"2023-10-25T10:23:28","guid":{"rendered":"https:\/\/9staedte.de\/konferencer-og-kongresser-i-braunschweig\/"},"modified":"2023-10-25T15:25:17","modified_gmt":"2023-10-25T13:25:17","slug":"konferencer-og-kongresser-i-braunschweig","status":"publish","type":"page","link":"https:\/\/9staedte.de\/da\/braunschweig-loevernes-by\/konferencer-og-kongresser-i-braunschweig\/","title":{"rendered":"Konferencer og kongresser i Braunschweig"},"content":{"rendered":"\n<h2 class=\"wp-block-heading\">M\u00f8der i L\u00f8vebyen<\/h2>\n\n\n\n<p>Hold dine konferencer og kongresser i Braunschweig &#8211; byen for videnskab, forskning og teknologi. En kongresby med optimale betingelser for m\u00f8der.<\/p>\n\n\n\n<p>Braunschweig er overraskende: Den store by med 250.000 indbyggere er en af de mest forskningsintensive regioner i Europa. Mere end 15.000 mennesker arbejder og forsker her i 250 virksomheder i den h\u00f8jteknologiske sektor og 27 internationalt vigtige forskningsinstitutioner. I en landsd\u00e6kkende sammenligning af regioner ligger Braunschweig p\u00e5 f\u00f8rstepladsen, n\u00e5r det g\u00e6lder andelen af besk\u00e6ftigede inden for videnskab. P\u00e5 dette livlige forskningssted tilbyder Convention Bureau Braunschweig omfattende st\u00f8tte til planl\u00e6gning og gennemf\u00f8relse af m\u00f8der og kongresser og lover gennem kreative ideer og intensiv forberedelse, at hvert arrangement bliver en oplevelse.<\/p>\n\n\n\n<p>Og der er masser af oplevelser her! Braunschweig er en stor by, der er vokset historisk og har et omfattende st\u00f8tteprogram at tilbyde. Konferencedeltagerne vil blive begejstrede over de mange sev\u00e6rdigheder og attraktive fritidsaktiviteter. Dette sikres ogs\u00e5 af de varierede kulturelle tilbud med anerkendte museer, fremragende teater- og koncertarrangementer, kunstudstillinger og sportsbegivenheder. Derudover er der restauranter med en bred vifte af tilbud: fra vegansk til Wagyu-b\u00f8f. Om aftenen tilbyder forskellige klubber og barer med forskellige musikgenrer nok muligheder for at lade dig falde ind i natten efter en hovedtung dag. Charmerende udflugtsm\u00e5l i det omkringliggende omr\u00e5de afrunder programmet.<\/p>\n\n\n\n<div class=\"content-grid\">\n\n\n  \n  <div class=\"grid\">\n                        \n                    \n          <div class=\"featured-themen-single\">\n            <div class=\"featured-themen-single-inner\" style=\"background-image: url('https:\/\/9staedte.de\/wp-content\/smush-webp\/2022\/06\/Flossfahrt-Oker-c-Braunschweig-Stadtmarketing-Gerald-Grote1.jpg.webp')\">\n              \n              <a href=\"https:\/\/9staedte.de\/da\/book-dine-naeste-moeder-og-kongresser-i-braunschweig\/\">\n                <span>Book dine n\u00e6ste m\u00f8der og kongresser i Braunschweig<\/span>\n              <\/a>\n            <\/div>\n          <\/div>\n    \n          \n                  \n                    \n          <div class=\"featured-themen-single\">\n            <div class=\"featured-themen-single-inner\" style=\"background-image: url('https:\/\/9staedte.de\/wp-content\/smush-webp\/2022\/07\/Staatstheater-Braunschweig-c-Staatstheater-Braunshweig-Stefan-Koch.jpg.webp')\">\n              \n              <a href=\"https:\/\/9staedte.de\/da\/tilbud-og-tjenester-fra-convention-bureau-braunschweig\/\">\n                <span>Tilbud og tjenester fra Convention Bureau Braunschweig<\/span>\n              <\/a>\n            <\/div>\n          <\/div>\n    \n          \n                  \n                    \n          <div class=\"featured-themen-single\">\n            <div class=\"featured-themen-single-inner\" style=\"background-image: url('https:\/\/9staedte.de\/wp-content\/smush-webp\/2022\/07\/Stadthalle-Braunschweig-c-Stadthalle-Braunschweig.jpg.webp')\">\n              \n              <a href=\"https:\/\/9staedte.de\/da\/vores-9-tips-til-konferencer-og-kongresser-i-braunschweig\/\">\n                <span>Vores 9 tips til konferencer og kongresser i Braunschweig<\/span>\n              <\/a>\n            <\/div>\n          <\/div>\n    \n          \n                          \n        <\/div>\n<\/div>","protected":false},"excerpt":{"rendered":"<p>M\u00f8der i L\u00f8vebyen Hold dine konferencer og kongresser i Braunschweig &#8211; byen for videnskab, forskning og teknologi. En kongresby med optimale betingelser for m\u00f8der. Braunschweig er overraskende: Den store by med 250.000 indbyggere er en af de mest forskningsintensive regioner i Europa. Mere end 15.000 mennesker arbejder og forsker her i 250 virksomheder i den [&hellip;]<\/p>\n","protected":false},"author":1,"featured_media":12434,"parent":12525,"menu_order":0,"comment_status":"closed","ping_status":"closed","template":"pagetemplates\/template-stadtthema.php","meta":{"_acf_changed":false,"footnotes":""},"categories":[],"tags":[],"ncap_cities_tax":[420,1127],"class_list":["post-12430","page","type-page","status-publish","has-post-thumbnail","hentry","ncap_cities_tax-braunschweig-da","ncap_cities_tax-tagungen-und-kongresse-braunschweig-da"],"acf":[],"yoast_head":"<!-- This site is optimized with the Yoast SEO plugin v26.8 - https:\/\/yoast.com\/product\/yoast-seo-wordpress\/ -->\n<title>Konferencer og kongresser i Braunschweig - 9 St\u00e4dte in Niedersachsen<\/title>\n<meta name=\"robots\" content=\"index, follow, max-snippet:-1, max-image-preview:large, max-video-preview:-1\" \/>\n<link rel=\"canonical\" href=\"https:\/\/9staedte.de\/da\/braunschweig-loevernes-by\/konferencer-og-kongresser-i-braunschweig\/\" \/>\n<meta property=\"og:locale\" content=\"da_DK\" \/>\n<meta property=\"og:type\" content=\"article\" \/>\n<meta property=\"og:title\" content=\"Konferencer og kongresser i Braunschweig - 9 St\u00e4dte in Niedersachsen\" \/>\n<meta property=\"og:description\" content=\"M\u00f8der i L\u00f8vebyen Hold dine konferencer og kongresser i Braunschweig &#8211; byen for videnskab, forskning og teknologi. En kongresby med optimale betingelser for m\u00f8der. Braunschweig er overraskende: Den store by med 250.000 indbyggere er en af de mest forskningsintensive regioner i Europa. Mere end 15.000 mennesker arbejder og forsker her i 250 virksomheder i den [&hellip;]\" \/>\n<meta property=\"og:url\" content=\"https:\/\/9staedte.de\/da\/braunschweig-loevernes-by\/konferencer-og-kongresser-i-braunschweig\/\" \/>\n<meta property=\"og:site_name\" content=\"9 St\u00e4dte in Niedersachsen\" \/>\n<meta property=\"article:modified_time\" content=\"2023-10-25T13:25:17+00:00\" \/>\n<meta property=\"og:image\" content=\"https:\/\/9staedte.de\/wp-content\/uploads\/2023\/01\/Burgplatz-bei-Nacht-c-Braunschweig-Stadtmarketing-Steffen-und-Bach.jpg\" \/>\n\t<meta property=\"og:image:width\" content=\"1020\" \/>\n\t<meta property=\"og:image:height\" content=\"558\" \/>\n\t<meta property=\"og:image:type\" content=\"image\/jpeg\" \/>\n<meta name=\"twitter:card\" content=\"summary_large_image\" \/>\n<meta name=\"twitter:label1\" content=\"Estimeret l\u00e6setid\" \/>\n\t<meta name=\"twitter:data1\" content=\"2 minutter\" \/>\n<script type=\"application\/ld+json\" class=\"yoast-schema-graph\">{\"@context\":\"https:\/\/schema.org\",\"@graph\":[{\"@type\":\"WebPage\",\"@id\":\"https:\/\/9staedte.de\/da\/braunschweig-loevernes-by\/konferencer-og-kongresser-i-braunschweig\/\",\"url\":\"https:\/\/9staedte.de\/da\/braunschweig-loevernes-by\/konferencer-og-kongresser-i-braunschweig\/\",\"name\":\"Konferencer og kongresser i Braunschweig - 9 St\u00e4dte in Niedersachsen\",\"isPartOf\":{\"@id\":\"https:\/\/9staedte.de\/da\/#website\"},\"primaryImageOfPage\":{\"@id\":\"https:\/\/9staedte.de\/da\/braunschweig-loevernes-by\/konferencer-og-kongresser-i-braunschweig\/#primaryimage\"},\"image\":{\"@id\":\"https:\/\/9staedte.de\/da\/braunschweig-loevernes-by\/konferencer-og-kongresser-i-braunschweig\/#primaryimage\"},\"thumbnailUrl\":\"https:\/\/9staedte.de\/wp-content\/uploads\/2023\/01\/Burgplatz-bei-Nacht-c-Braunschweig-Stadtmarketing-Steffen-und-Bach.jpg\",\"datePublished\":\"2023-10-25T10:23:28+00:00\",\"dateModified\":\"2023-10-25T13:25:17+00:00\",\"breadcrumb\":{\"@id\":\"https:\/\/9staedte.de\/da\/braunschweig-loevernes-by\/konferencer-og-kongresser-i-braunschweig\/#breadcrumb\"},\"inLanguage\":\"da-DK\",\"potentialAction\":[{\"@type\":\"ReadAction\",\"target\":[\"https:\/\/9staedte.de\/da\/braunschweig-loevernes-by\/konferencer-og-kongresser-i-braunschweig\/\"]}]},{\"@type\":\"ImageObject\",\"inLanguage\":\"da-DK\",\"@id\":\"https:\/\/9staedte.de\/da\/braunschweig-loevernes-by\/konferencer-og-kongresser-i-braunschweig\/#primaryimage\",\"url\":\"https:\/\/9staedte.de\/wp-content\/uploads\/2023\/01\/Burgplatz-bei-Nacht-c-Braunschweig-Stadtmarketing-Steffen-und-Bach.jpg\",\"contentUrl\":\"https:\/\/9staedte.de\/wp-content\/uploads\/2023\/01\/Burgplatz-bei-Nacht-c-Braunschweig-Stadtmarketing-Steffen-und-Bach.jpg\",\"width\":1020,\"height\":558,\"caption\":\"Burgplatz bei Nacht c) Braunschweig Stadtmarketing Steffen und Bach\"},{\"@type\":\"BreadcrumbList\",\"@id\":\"https:\/\/9staedte.de\/da\/braunschweig-loevernes-by\/konferencer-og-kongresser-i-braunschweig\/#breadcrumb\",\"itemListElement\":[{\"@type\":\"ListItem\",\"position\":1,\"name\":\"Startseite\",\"item\":\"https:\/\/9staedte.de\/da\/hjem-9-byer-2-i-niedersachsen\/\"},{\"@type\":\"ListItem\",\"position\":2,\"name\":\"Braunschweig &#8211; City of Lions\",\"item\":\"https:\/\/9staedte.de\/da\/braunschweig-loevernes-by\/\"},{\"@type\":\"ListItem\",\"position\":3,\"name\":\"Konferencer og kongresser i Braunschweig\"}]},{\"@type\":\"WebSite\",\"@id\":\"https:\/\/9staedte.de\/da\/#website\",\"url\":\"https:\/\/9staedte.de\/da\/\",\"name\":\"9 St\u00e4dte in Niedersachsen\",\"description\":\"\",\"publisher\":{\"@id\":\"https:\/\/9staedte.de\/da\/#organization\"},\"potentialAction\":[{\"@type\":\"SearchAction\",\"target\":{\"@type\":\"EntryPoint\",\"urlTemplate\":\"https:\/\/9staedte.de\/da\/?s={search_term_string}\"},\"query-input\":{\"@type\":\"PropertyValueSpecification\",\"valueRequired\":true,\"valueName\":\"search_term_string\"}}],\"inLanguage\":\"da-DK\"},{\"@type\":\"Organization\",\"@id\":\"https:\/\/9staedte.de\/da\/#organization\",\"name\":\"9 St\u00e4dte in Niedersachsen\",\"url\":\"https:\/\/9staedte.de\/da\/\",\"logo\":{\"@type\":\"ImageObject\",\"inLanguage\":\"da-DK\",\"@id\":\"https:\/\/9staedte.de\/da\/#\/schema\/logo\/image\/\",\"url\":\"https:\/\/9staedte.de\/wp-content\/uploads\/2025\/01\/9-neg-deutsch-2-1.png\",\"contentUrl\":\"https:\/\/9staedte.de\/wp-content\/uploads\/2025\/01\/9-neg-deutsch-2-1.png\",\"width\":190,\"height\":114,\"caption\":\"9 St\u00e4dte in Niedersachsen\"},\"image\":{\"@id\":\"https:\/\/9staedte.de\/da\/#\/schema\/logo\/image\/\"}}]}<\/script>\n<!-- \/ Yoast SEO plugin. -->","yoast_head_json":{"title":"Konferencer og kongresser i Braunschweig - 9 St\u00e4dte in Niedersachsen","robots":{"index":"index","follow":"follow","max-snippet":"max-snippet:-1","max-image-preview":"max-image-preview:large","max-video-preview":"max-video-preview:-1"},"canonical":"https:\/\/9staedte.de\/da\/braunschweig-loevernes-by\/konferencer-og-kongresser-i-braunschweig\/","og_locale":"da_DK","og_type":"article","og_title":"Konferencer og kongresser i Braunschweig - 9 St\u00e4dte in Niedersachsen","og_description":"M\u00f8der i L\u00f8vebyen Hold dine konferencer og kongresser i Braunschweig &#8211; byen for videnskab, forskning og teknologi. En kongresby med optimale betingelser for m\u00f8der. Braunschweig er overraskende: Den store by med 250.000 indbyggere er en af de mest forskningsintensive regioner i Europa. Mere end 15.000 mennesker arbejder og forsker her i 250 virksomheder i den [&hellip;]","og_url":"https:\/\/9staedte.de\/da\/braunschweig-loevernes-by\/konferencer-og-kongresser-i-braunschweig\/","og_site_name":"9 St\u00e4dte in Niedersachsen","article_modified_time":"2023-10-25T13:25:17+00:00","og_image":[{"width":1020,"height":558,"url":"https:\/\/9staedte.de\/wp-content\/uploads\/2023\/01\/Burgplatz-bei-Nacht-c-Braunschweig-Stadtmarketing-Steffen-und-Bach.jpg","type":"image\/jpeg"}],"twitter_card":"summary_large_image","twitter_misc":{"Estimeret l\u00e6setid":"2 minutter"},"schema":{"@context":"https:\/\/schema.org","@graph":[{"@type":"WebPage","@id":"https:\/\/9staedte.de\/da\/braunschweig-loevernes-by\/konferencer-og-kongresser-i-braunschweig\/","url":"https:\/\/9staedte.de\/da\/braunschweig-loevernes-by\/konferencer-og-kongresser-i-braunschweig\/","name":"Konferencer og kongresser i Braunschweig - 9 St\u00e4dte in Niedersachsen","isPartOf":{"@id":"https:\/\/9staedte.de\/da\/#website"},"primaryImageOfPage":{"@id":"https:\/\/9staedte.de\/da\/braunschweig-loevernes-by\/konferencer-og-kongresser-i-braunschweig\/#primaryimage"},"image":{"@id":"https:\/\/9staedte.de\/da\/braunschweig-loevernes-by\/konferencer-og-kongresser-i-braunschweig\/#primaryimage"},"thumbnailUrl":"https:\/\/9staedte.de\/wp-content\/uploads\/2023\/01\/Burgplatz-bei-Nacht-c-Braunschweig-Stadtmarketing-Steffen-und-Bach.jpg","datePublished":"2023-10-25T10:23:28+00:00","dateModified":"2023-10-25T13:25:17+00:00","breadcrumb":{"@id":"https:\/\/9staedte.de\/da\/braunschweig-loevernes-by\/konferencer-og-kongresser-i-braunschweig\/#breadcrumb"},"inLanguage":"da-DK","potentialAction":[{"@type":"ReadAction","target":["https:\/\/9staedte.de\/da\/braunschweig-loevernes-by\/konferencer-og-kongresser-i-braunschweig\/"]}]},{"@type":"ImageObject","inLanguage":"da-DK","@id":"https:\/\/9staedte.de\/da\/braunschweig-loevernes-by\/konferencer-og-kongresser-i-braunschweig\/#primaryimage","url":"https:\/\/9staedte.de\/wp-content\/uploads\/2023\/01\/Burgplatz-bei-Nacht-c-Braunschweig-Stadtmarketing-Steffen-und-Bach.jpg","contentUrl":"https:\/\/9staedte.de\/wp-content\/uploads\/2023\/01\/Burgplatz-bei-Nacht-c-Braunschweig-Stadtmarketing-Steffen-und-Bach.jpg","width":1020,"height":558,"caption":"Burgplatz bei Nacht c) Braunschweig Stadtmarketing Steffen und Bach"},{"@type":"BreadcrumbList","@id":"https:\/\/9staedte.de\/da\/braunschweig-loevernes-by\/konferencer-og-kongresser-i-braunschweig\/#breadcrumb","itemListElement":[{"@type":"ListItem","position":1,"name":"Startseite","item":"https:\/\/9staedte.de\/da\/hjem-9-byer-2-i-niedersachsen\/"},{"@type":"ListItem","position":2,"name":"Braunschweig &#8211; City of Lions","item":"https:\/\/9staedte.de\/da\/braunschweig-loevernes-by\/"},{"@type":"ListItem","position":3,"name":"Konferencer og kongresser i Braunschweig"}]},{"@type":"WebSite","@id":"https:\/\/9staedte.de\/da\/#website","url":"https:\/\/9staedte.de\/da\/","name":"9 St\u00e4dte in Niedersachsen","description":"","publisher":{"@id":"https:\/\/9staedte.de\/da\/#organization"},"potentialAction":[{"@type":"SearchAction","target":{"@type":"EntryPoint","urlTemplate":"https:\/\/9staedte.de\/da\/?s={search_term_string}"},"query-input":{"@type":"PropertyValueSpecification","valueRequired":true,"valueName":"search_term_string"}}],"inLanguage":"da-DK"},{"@type":"Organization","@id":"https:\/\/9staedte.de\/da\/#organization","name":"9 St\u00e4dte in Niedersachsen","url":"https:\/\/9staedte.de\/da\/","logo":{"@type":"ImageObject","inLanguage":"da-DK","@id":"https:\/\/9staedte.de\/da\/#\/schema\/logo\/image\/","url":"https:\/\/9staedte.de\/wp-content\/uploads\/2025\/01\/9-neg-deutsch-2-1.png","contentUrl":"https:\/\/9staedte.de\/wp-content\/uploads\/2025\/01\/9-neg-deutsch-2-1.png","width":190,"height":114,"caption":"9 St\u00e4dte in Niedersachsen"},"image":{"@id":"https:\/\/9staedte.de\/da\/#\/schema\/logo\/image\/"}}]}},"_links":{"self":[{"href":"https:\/\/9staedte.de\/da\/wp-json\/wp\/v2\/pages\/12430","targetHints":{"allow":["GET"]}}],"collection":[{"href":"https:\/\/9staedte.de\/da\/wp-json\/wp\/v2\/pages"}],"about":[{"href":"https:\/\/9staedte.de\/da\/wp-json\/wp\/v2\/types\/page"}],"author":[{"embeddable":true,"href":"https:\/\/9staedte.de\/da\/wp-json\/wp\/v2\/users\/1"}],"replies":[{"embeddable":true,"href":"https:\/\/9staedte.de\/da\/wp-json\/wp\/v2\/comments?post=12430"}],"version-history":[{"count":1,"href":"https:\/\/9staedte.de\/da\/wp-json\/wp\/v2\/pages\/12430\/revisions"}],"predecessor-version":[{"id":12437,"href":"https:\/\/9staedte.de\/da\/wp-json\/wp\/v2\/pages\/12430\/revisions\/12437"}],"up":[{"embeddable":true,"href":"https:\/\/9staedte.de\/da\/wp-json\/wp\/v2\/pages\/12525"}],"wp:featuredmedia":[{"embeddable":true,"href":"https:\/\/9staedte.de\/da\/wp-json\/wp\/v2\/media\/12434"}],"wp:attachment":[{"href":"https:\/\/9staedte.de\/da\/wp-json\/wp\/v2\/media?parent=12430"}],"wp:term":[{"taxonomy":"category","embeddable":true,"href":"https:\/\/9staedte.de\/da\/wp-json\/wp\/v2\/categories?post=12430"},{"taxonomy":"post_tag","embeddable":true,"href":"https:\/\/9staedte.de\/da\/wp-json\/wp\/v2\/tags?post=12430"},{"taxonomy":"ncap_cities_tax","embeddable":true,"href":"https:\/\/9staedte.de\/da\/wp-json\/wp\/v2\/ncap_cities_tax?post=12430"}],"curies":[{"name":"wp","href":"https:\/\/api.w.org\/{rel}","templated":true}]}}