{"id":12422,"date":"2023-10-25T12:28:32","date_gmt":"2023-10-25T10:28:32","guid":{"rendered":"https:\/\/9staedte.de\/prachtige-belevenissen-in-9-steden\/"},"modified":"2023-10-25T12:28:32","modified_gmt":"2023-10-25T10:28:32","slug":"prachtige-belevenissen-in-9-steden","status":"publish","type":"page","link":"https:\/\/9staedte.de\/da\/prachtige-belevenissen-in-9-steden\/","title":{"rendered":"Prachtige belevenissen in 9 steden"},"content":{"rendered":"\n<p>9 historiske byer i Nedersaksen er den ideelle destination for en&nbsp;weekendje med en speciel atmosf\u00e6re!<\/p>\n\n\n\n<p>Braunschweig, Celle, G\u00f6ttingen, Goslar, Hameln, Hannover, Hildesheim og Wolfenb\u00fcttel tilbyder bes\u00f8gende et meget varieret tilbud med Unescowerelderfgoed, historiske wijken med vakwerkhuizen, idyllische marktpleinen, luisterrijke herenhuizen, prachtige sloten, parken en tuinen. Her kommer historien til live ved de talrige traditionelle begivenheder. Moderne butikslokaler og historiske indgangspartier giver mulighed for at shoppe og slappe af. Heerlijke spijzen en verfrissende dranken worden geserveerd op rustige pleinen, in idyllische biergartens en natuurlijk ook tijdens de vele zomerse festiviteiten.<\/p>\n\n\n\n<p>Et fantastisk h\u00f8jdepunkt i Hannover er Herrenh\u00e4user G\u00e4rten, som i sommerhalv\u00e5ret udg\u00f8r den fantastiske indretning for vuurwerk, teater og kleinkunst. Med sine naturrige omgivelser i syv attraktive temaer er Zoo Hannover den mest popul\u00e6re dyrepark. Arrangementer som den internationale vuurwerkwedstrijd, kunstfestivalen Herrenhausen, Maschseefest eller verdens st\u00f8rste schuttersfeest tr\u00e6kker i sommerens massa&#8217;s bes\u00f8gende til Hannover.<\/p>\n\n\n\n<p>Hvis du nu v\u00e6lger bilen, toget eller flyet, er rejsen altid hurtig og komfortabel. Og bes\u00f8get p\u00e5 en eller flere af de historiske byer kan optimalt kombineres med en tur gennem L\u00fcneburger Heide, Harzen eller Weserbergland.<\/p>\n\n\n\n<div style=\"height:60px\" aria-hidden=\"true\" class=\"wp-block-spacer\"><\/div>\n\n\n\n<div class=\"content-grid\">\n\n\n  \n  <div class=\"grid\">\n                        \n                    \n          <div class=\"featured-themen-single\">\n            <div class=\"featured-themen-single-inner\" style=\"background-image: url('https:\/\/9staedte.de\/wp-content\/smush-webp\/2022\/02\/Altstadtmarkt_Quelle_Braunschweig_Stadtmarketing_GmbH_-_Marek_Kruszewski.jpg.webp')\">\n              \n              <a href=\"https:\/\/9staedte.de\/braunschweig-welfen-hanze-knappe-koppen\/\">\n                <span>Braunschweig \u2013 Levendige grote stad met geschiedenis<\/span>\n              <\/a>\n            <\/div>\n          <\/div>\n    \n          \n                  \n                    \n          <div class=\"featured-themen-single\">\n            <div class=\"featured-themen-single-inner\" style=\"background-image: url('https:\/\/9staedte.de\/wp-content\/smush-webp\/2023\/04\/Was-ihr-wollt.jpg.webp')\">\n              \n              <a href=\"https:\/\/9staedte.de\/celle-vorstelijke-residentiestad-met-het-grootste-vakwerkensemble-van-europa\/\">\n                <span>Celle \u2013 Een sympathieke residentiestad met het grootste complex van vakwerkhuizen van Europa<\/span>\n              <\/a>\n            <\/div>\n          <\/div>\n    \n          \n                  \n                    \n          <div class=\"featured-themen-single\">\n            <div class=\"featured-themen-single-inner\" style=\"background-image: url('')\">\n              \n              <a href=\"https:\/\/9staedte.de\/einbeck-oldtimers-vakwerk-en-bier\/\">\n                <span>Einbeck \u2013 Oldtimers, vakwerk en bier<\/span>\n              <\/a>\n            <\/div>\n          <\/div>\n    \n          \n                  \n                    \n          <div class=\"featured-themen-single\">\n            <div class=\"featured-themen-single-inner\" style=\"background-image: url('https:\/\/9staedte.de\/wp-content\/smush-webp\/2023\/04\/Kulturgut_Goettingen_NDR2_Soundcheck_03c-Christoph-Mischke.jpg.webp')\">\n              \n              <a href=\"https:\/\/9staedte.de\/goettingen-stad-die-kennis-bijbrengt\/\">\n                <span>G\u00f6ttingen \u2013 Een stad die kennis bijbrengt<\/span>\n              <\/a>\n            <\/div>\n          <\/div>\n    \n          \n                  \n                    \n          <div class=\"featured-themen-single\">\n            <div class=\"featured-themen-single-inner\" style=\"background-image: url('https:\/\/9staedte.de\/wp-content\/smush-webp\/2023\/04\/Goslar_Walpurgisnacht.jpg.webp')\">\n              \n              <a href=\"https:\/\/9staedte.de\/goslar-ontdek-een-werelderfgoed\/\">\n                <span>Goslar \u2013 Wereldcultuurerfgoed in de Harz<\/span>\n              <\/a>\n            <\/div>\n          <\/div>\n    \n          \n                  \n                    \n          <div class=\"featured-themen-single\">\n            <div class=\"featured-themen-single-inner\" style=\"background-image: url('https:\/\/9staedte.de\/wp-content\/smush-webp\/2023\/04\/Sagenhaftes-Festwochenende-Wilhelm-Robin-Pfeifer.jpg.webp')\">\n              \n              <a href=\"https:\/\/9staedte.de\/hameln-legendarische-rattenvangerstad\/\">\n                <span>Hameln (Hamelen) \u2013 De stad van de rattenvanger<\/span>\n              <\/a>\n            <\/div>\n          <\/div>\n    \n          \n                  \n                    \n          <div class=\"featured-themen-single\">\n            <div class=\"featured-themen-single-inner\" style=\"background-image: url('https:\/\/9staedte.de\/wp-content\/smush-webp\/2023\/04\/Hannover-Herrenhaeuser-Gaerten-im-Herbst-c-Lars-Gerhardts.jpg.webp')\">\n              \n              <a href=\"https:\/\/9staedte.de\/hannovers-mooiste-kanten\/\">\n                <span>Hannover \u2013 Sympathiek en bruisend<\/span>\n              <\/a>\n            <\/div>\n          <\/div>\n    \n          \n                  \n                    \n          <div class=\"featured-themen-single\">\n            <div class=\"featured-themen-single-inner\" style=\"background-image: url('https:\/\/9staedte.de\/wp-content\/smush-webp\/2023\/04\/HildesheimMarktplatz2_Fotograph-Obornik\u00a9Hildesheim-Marketing.jpg.webp')\">\n              \n              <a href=\"https:\/\/9staedte.de\/hildesheim-uniek-unesco-werelderfgoed\/\">\n                <span>Hildesheim \u2013 Vakwerkstad vol cultuur en geschiedenis<\/span>\n              <\/a>\n            <\/div>\n          <\/div>\n    \n          \n                  \n                    \n          <div class=\"featured-themen-single\">\n            <div class=\"featured-themen-single-inner\" style=\"background-image: url('https:\/\/9staedte.de\/wp-content\/smush-webp\/2022\/03\/Lessinghaus-Wolfenbuettel-Bierwagen-c-Stadt-Wolfenbuettel-1-scaled.jpg.webp')\">\n              \n              <a href=\"https:\/\/9staedte.de\/wolfenbuettel-welkom-in-de-residentie-van-de-welfengertogen-en-de-stad-van-de-jaegermeister\/\">\n                <span>Wolfenb\u00fcttel \u2013 1000 vakwerkhuizen en J\u00e4germeister<\/span>\n              <\/a>\n            <\/div>\n          <\/div>\n    \n          \n                  \n                    \n          <div class=\"featured-themen-single\">\n            <div class=\"featured-themen-single-inner\" style=\"background-image: url('https:\/\/9staedte.de\/wp-content\/smush-webp\/2022\/03\/Autostadt-Uebersicht-Tag-c-Nils-Hendrick-Mueller-1.jpg.webp')\">\n              \n              <a href=\"https:\/\/9staedte.de\/de-autostadt-in-niedersachsen\/\">\n                <span>Autostadt in Wolfsburg \u2013 Op reis in de wereld van mobiliteit<\/span>\n              <\/a>\n            <\/div>\n          <\/div>\n    \n          \n                          \n        <\/div>\n<\/div>","protected":false},"excerpt":{"rendered":"<p>9 historiske byer i Nedersaksen er den ideelle destination for en&nbsp;weekendje med en speciel atmosf\u00e6re! Braunschweig, Celle, G\u00f6ttingen, Goslar, Hameln, Hannover, Hildesheim og Wolfenb\u00fcttel tilbyder bes\u00f8gende et meget varieret tilbud med Unescowerelderfgoed, historiske wijken med vakwerkhuizen, idyllische marktpleinen, luisterrijke herenhuizen, prachtige sloten, parken en tuinen. Her kommer historien til live ved de talrige traditionelle begivenheder. [&hellip;]<\/p>\n","protected":false},"author":1,"featured_media":12427,"parent":0,"menu_order":0,"comment_status":"closed","ping_status":"closed","template":"","meta":{"_acf_changed":false,"footnotes":""},"categories":[],"tags":[],"ncap_cities_tax":[],"class_list":["post-12422","page","type-page","status-publish","has-post-thumbnail","hentry"],"acf":[],"yoast_head":"<!-- This site is optimized with the Yoast SEO plugin v26.8 - https:\/\/yoast.com\/product\/yoast-seo-wordpress\/ -->\n<title>Prachtige belevenissen in 9 steden - 9 St\u00e4dte in Niedersachsen<\/title>\n<meta name=\"robots\" content=\"index, follow, max-snippet:-1, max-image-preview:large, max-video-preview:-1\" \/>\n<link rel=\"canonical\" href=\"https:\/\/9staedte.de\/da\/prachtige-belevenissen-in-9-steden\/\" \/>\n<meta property=\"og:locale\" content=\"da_DK\" \/>\n<meta property=\"og:type\" content=\"article\" \/>\n<meta property=\"og:title\" content=\"Prachtige belevenissen in 9 steden - 9 St\u00e4dte in Niedersachsen\" \/>\n<meta property=\"og:description\" content=\"9 historiske byer i Nedersaksen er den ideelle destination for en&nbsp;weekendje med en speciel atmosf\u00e6re! Braunschweig, Celle, G\u00f6ttingen, Goslar, Hameln, Hannover, Hildesheim og Wolfenb\u00fcttel tilbyder bes\u00f8gende et meget varieret tilbud med Unescowerelderfgoed, historiske wijken med vakwerkhuizen, idyllische marktpleinen, luisterrijke herenhuizen, prachtige sloten, parken en tuinen. Her kommer historien til live ved de talrige traditionelle begivenheder. [&hellip;]\" \/>\n<meta property=\"og:url\" content=\"https:\/\/9staedte.de\/da\/prachtige-belevenissen-in-9-steden\/\" \/>\n<meta property=\"og:site_name\" content=\"9 St\u00e4dte in Niedersachsen\" \/>\n<meta property=\"og:image\" content=\"https:\/\/9staedte.de\/wp-content\/uploads\/2023\/04\/Braunschweig-Kohlmarkt-c-Braunschweig-Stadtmarketing-Danienl-Moeller.jpg\" \/>\n\t<meta property=\"og:image:width\" content=\"860\" \/>\n\t<meta property=\"og:image:height\" content=\"365\" \/>\n\t<meta property=\"og:image:type\" content=\"image\/jpeg\" \/>\n<meta name=\"twitter:card\" content=\"summary_large_image\" \/>\n<meta name=\"twitter:label1\" content=\"Estimeret l\u00e6setid\" \/>\n\t<meta name=\"twitter:data1\" content=\"1 minut\" \/>\n<script type=\"application\/ld+json\" class=\"yoast-schema-graph\">{\"@context\":\"https:\/\/schema.org\",\"@graph\":[{\"@type\":\"WebPage\",\"@id\":\"https:\/\/9staedte.de\/da\/prachtige-belevenissen-in-9-steden\/\",\"url\":\"https:\/\/9staedte.de\/da\/prachtige-belevenissen-in-9-steden\/\",\"name\":\"Prachtige belevenissen in 9 steden - 9 St\u00e4dte in Niedersachsen\",\"isPartOf\":{\"@id\":\"https:\/\/9staedte.de\/da\/#website\"},\"primaryImageOfPage\":{\"@id\":\"https:\/\/9staedte.de\/da\/prachtige-belevenissen-in-9-steden\/#primaryimage\"},\"image\":{\"@id\":\"https:\/\/9staedte.de\/da\/prachtige-belevenissen-in-9-steden\/#primaryimage\"},\"thumbnailUrl\":\"https:\/\/9staedte.de\/wp-content\/uploads\/2023\/04\/Braunschweig-Kohlmarkt-c-Braunschweig-Stadtmarketing-Danienl-Moeller.jpg\",\"datePublished\":\"2023-10-25T10:28:32+00:00\",\"breadcrumb\":{\"@id\":\"https:\/\/9staedte.de\/da\/prachtige-belevenissen-in-9-steden\/#breadcrumb\"},\"inLanguage\":\"da-DK\",\"potentialAction\":[{\"@type\":\"ReadAction\",\"target\":[\"https:\/\/9staedte.de\/da\/prachtige-belevenissen-in-9-steden\/\"]}]},{\"@type\":\"ImageObject\",\"inLanguage\":\"da-DK\",\"@id\":\"https:\/\/9staedte.de\/da\/prachtige-belevenissen-in-9-steden\/#primaryimage\",\"url\":\"https:\/\/9staedte.de\/wp-content\/uploads\/2023\/04\/Braunschweig-Kohlmarkt-c-Braunschweig-Stadtmarketing-Danienl-Moeller.jpg\",\"contentUrl\":\"https:\/\/9staedte.de\/wp-content\/uploads\/2023\/04\/Braunschweig-Kohlmarkt-c-Braunschweig-Stadtmarketing-Danienl-Moeller.jpg\",\"width\":860,\"height\":365},{\"@type\":\"BreadcrumbList\",\"@id\":\"https:\/\/9staedte.de\/da\/prachtige-belevenissen-in-9-steden\/#breadcrumb\",\"itemListElement\":[{\"@type\":\"ListItem\",\"position\":1,\"name\":\"Startseite\",\"item\":\"https:\/\/9staedte.de\/da\/hjem-9-byer-2-i-niedersachsen\/\"},{\"@type\":\"ListItem\",\"position\":2,\"name\":\"Prachtige belevenissen in 9 steden\"}]},{\"@type\":\"WebSite\",\"@id\":\"https:\/\/9staedte.de\/da\/#website\",\"url\":\"https:\/\/9staedte.de\/da\/\",\"name\":\"9 St\u00e4dte in Niedersachsen\",\"description\":\"\",\"publisher\":{\"@id\":\"https:\/\/9staedte.de\/da\/#organization\"},\"potentialAction\":[{\"@type\":\"SearchAction\",\"target\":{\"@type\":\"EntryPoint\",\"urlTemplate\":\"https:\/\/9staedte.de\/da\/?s={search_term_string}\"},\"query-input\":{\"@type\":\"PropertyValueSpecification\",\"valueRequired\":true,\"valueName\":\"search_term_string\"}}],\"inLanguage\":\"da-DK\"},{\"@type\":\"Organization\",\"@id\":\"https:\/\/9staedte.de\/da\/#organization\",\"name\":\"9 St\u00e4dte in Niedersachsen\",\"url\":\"https:\/\/9staedte.de\/da\/\",\"logo\":{\"@type\":\"ImageObject\",\"inLanguage\":\"da-DK\",\"@id\":\"https:\/\/9staedte.de\/da\/#\/schema\/logo\/image\/\",\"url\":\"https:\/\/9staedte.de\/wp-content\/uploads\/2025\/01\/9-neg-deutsch-2-1.png\",\"contentUrl\":\"https:\/\/9staedte.de\/wp-content\/uploads\/2025\/01\/9-neg-deutsch-2-1.png\",\"width\":190,\"height\":114,\"caption\":\"9 St\u00e4dte in Niedersachsen\"},\"image\":{\"@id\":\"https:\/\/9staedte.de\/da\/#\/schema\/logo\/image\/\"}}]}<\/script>\n<!-- \/ Yoast SEO plugin. -->","yoast_head_json":{"title":"Prachtige belevenissen in 9 steden - 9 St\u00e4dte in Niedersachsen","robots":{"index":"index","follow":"follow","max-snippet":"max-snippet:-1","max-image-preview":"max-image-preview:large","max-video-preview":"max-video-preview:-1"},"canonical":"https:\/\/9staedte.de\/da\/prachtige-belevenissen-in-9-steden\/","og_locale":"da_DK","og_type":"article","og_title":"Prachtige belevenissen in 9 steden - 9 St\u00e4dte in Niedersachsen","og_description":"9 historiske byer i Nedersaksen er den ideelle destination for en&nbsp;weekendje med en speciel atmosf\u00e6re! Braunschweig, Celle, G\u00f6ttingen, Goslar, Hameln, Hannover, Hildesheim og Wolfenb\u00fcttel tilbyder bes\u00f8gende et meget varieret tilbud med Unescowerelderfgoed, historiske wijken med vakwerkhuizen, idyllische marktpleinen, luisterrijke herenhuizen, prachtige sloten, parken en tuinen. Her kommer historien til live ved de talrige traditionelle begivenheder. [&hellip;]","og_url":"https:\/\/9staedte.de\/da\/prachtige-belevenissen-in-9-steden\/","og_site_name":"9 St\u00e4dte in Niedersachsen","og_image":[{"width":860,"height":365,"url":"https:\/\/9staedte.de\/wp-content\/uploads\/2023\/04\/Braunschweig-Kohlmarkt-c-Braunschweig-Stadtmarketing-Danienl-Moeller.jpg","type":"image\/jpeg"}],"twitter_card":"summary_large_image","twitter_misc":{"Estimeret l\u00e6setid":"1 minut"},"schema":{"@context":"https:\/\/schema.org","@graph":[{"@type":"WebPage","@id":"https:\/\/9staedte.de\/da\/prachtige-belevenissen-in-9-steden\/","url":"https:\/\/9staedte.de\/da\/prachtige-belevenissen-in-9-steden\/","name":"Prachtige belevenissen in 9 steden - 9 St\u00e4dte in Niedersachsen","isPartOf":{"@id":"https:\/\/9staedte.de\/da\/#website"},"primaryImageOfPage":{"@id":"https:\/\/9staedte.de\/da\/prachtige-belevenissen-in-9-steden\/#primaryimage"},"image":{"@id":"https:\/\/9staedte.de\/da\/prachtige-belevenissen-in-9-steden\/#primaryimage"},"thumbnailUrl":"https:\/\/9staedte.de\/wp-content\/uploads\/2023\/04\/Braunschweig-Kohlmarkt-c-Braunschweig-Stadtmarketing-Danienl-Moeller.jpg","datePublished":"2023-10-25T10:28:32+00:00","breadcrumb":{"@id":"https:\/\/9staedte.de\/da\/prachtige-belevenissen-in-9-steden\/#breadcrumb"},"inLanguage":"da-DK","potentialAction":[{"@type":"ReadAction","target":["https:\/\/9staedte.de\/da\/prachtige-belevenissen-in-9-steden\/"]}]},{"@type":"ImageObject","inLanguage":"da-DK","@id":"https:\/\/9staedte.de\/da\/prachtige-belevenissen-in-9-steden\/#primaryimage","url":"https:\/\/9staedte.de\/wp-content\/uploads\/2023\/04\/Braunschweig-Kohlmarkt-c-Braunschweig-Stadtmarketing-Danienl-Moeller.jpg","contentUrl":"https:\/\/9staedte.de\/wp-content\/uploads\/2023\/04\/Braunschweig-Kohlmarkt-c-Braunschweig-Stadtmarketing-Danienl-Moeller.jpg","width":860,"height":365},{"@type":"BreadcrumbList","@id":"https:\/\/9staedte.de\/da\/prachtige-belevenissen-in-9-steden\/#breadcrumb","itemListElement":[{"@type":"ListItem","position":1,"name":"Startseite","item":"https:\/\/9staedte.de\/da\/hjem-9-byer-2-i-niedersachsen\/"},{"@type":"ListItem","position":2,"name":"Prachtige belevenissen in 9 steden"}]},{"@type":"WebSite","@id":"https:\/\/9staedte.de\/da\/#website","url":"https:\/\/9staedte.de\/da\/","name":"9 St\u00e4dte in Niedersachsen","description":"","publisher":{"@id":"https:\/\/9staedte.de\/da\/#organization"},"potentialAction":[{"@type":"SearchAction","target":{"@type":"EntryPoint","urlTemplate":"https:\/\/9staedte.de\/da\/?s={search_term_string}"},"query-input":{"@type":"PropertyValueSpecification","valueRequired":true,"valueName":"search_term_string"}}],"inLanguage":"da-DK"},{"@type":"Organization","@id":"https:\/\/9staedte.de\/da\/#organization","name":"9 St\u00e4dte in Niedersachsen","url":"https:\/\/9staedte.de\/da\/","logo":{"@type":"ImageObject","inLanguage":"da-DK","@id":"https:\/\/9staedte.de\/da\/#\/schema\/logo\/image\/","url":"https:\/\/9staedte.de\/wp-content\/uploads\/2025\/01\/9-neg-deutsch-2-1.png","contentUrl":"https:\/\/9staedte.de\/wp-content\/uploads\/2025\/01\/9-neg-deutsch-2-1.png","width":190,"height":114,"caption":"9 St\u00e4dte in Niedersachsen"},"image":{"@id":"https:\/\/9staedte.de\/da\/#\/schema\/logo\/image\/"}}]}},"_links":{"self":[{"href":"https:\/\/9staedte.de\/da\/wp-json\/wp\/v2\/pages\/12422","targetHints":{"allow":["GET"]}}],"collection":[{"href":"https:\/\/9staedte.de\/da\/wp-json\/wp\/v2\/pages"}],"about":[{"href":"https:\/\/9staedte.de\/da\/wp-json\/wp\/v2\/types\/page"}],"author":[{"embeddable":true,"href":"https:\/\/9staedte.de\/da\/wp-json\/wp\/v2\/users\/1"}],"replies":[{"embeddable":true,"href":"https:\/\/9staedte.de\/da\/wp-json\/wp\/v2\/comments?post=12422"}],"version-history":[{"count":1,"href":"https:\/\/9staedte.de\/da\/wp-json\/wp\/v2\/pages\/12422\/revisions"}],"predecessor-version":[{"id":12428,"href":"https:\/\/9staedte.de\/da\/wp-json\/wp\/v2\/pages\/12422\/revisions\/12428"}],"wp:featuredmedia":[{"embeddable":true,"href":"https:\/\/9staedte.de\/da\/wp-json\/wp\/v2\/media\/12427"}],"wp:attachment":[{"href":"https:\/\/9staedte.de\/da\/wp-json\/wp\/v2\/media?parent=12422"}],"wp:term":[{"taxonomy":"category","embeddable":true,"href":"https:\/\/9staedte.de\/da\/wp-json\/wp\/v2\/categories?post=12422"},{"taxonomy":"post_tag","embeddable":true,"href":"https:\/\/9staedte.de\/da\/wp-json\/wp\/v2\/tags?post=12422"},{"taxonomy":"ncap_cities_tax","embeddable":true,"href":"https:\/\/9staedte.de\/da\/wp-json\/wp\/v2\/ncap_cities_tax?post=12422"}],"curies":[{"name":"wp","href":"https:\/\/api.w.org\/{rel}","templated":true}]}}