{"id":12414,"date":"2023-10-25T12:18:41","date_gmt":"2023-10-25T10:18:41","guid":{"rendered":"https:\/\/9staedte.de\/braunschweig-oplev-baeredygtigt\/"},"modified":"2025-07-24T09:27:23","modified_gmt":"2025-07-24T07:27:23","slug":"braunschweig-oplev-baeredygtigt","status":"publish","type":"page","link":"https:\/\/9staedte.de\/da\/braunschweig-loevernes-by\/braunschweig-oplev-baeredygtigt\/","title":{"rendered":"Braunschweig &#8211; oplev b\u00e6redygtigt"},"content":{"rendered":"\n<h2 class=\"wp-block-heading\">Livlig shopping- og kulturby<\/h2>\n\n<p>Siden Henrik L\u00f8ve grundlagde Braunschweig, er byen gennem \u00e5rhundreder blevet formet af welferne og hansest\u00e6derne, og i dag imponerer den som en attraktiv shoppingby og et livligt kulturcenter. Oplev Braunschweig p\u00e5 en b\u00e6redygtig m\u00e5de: Alt, hvad der kendetegner en storby, kan n\u00e5s inden for kort afstand: en charmerende bymidte med historiske pladser, varierede butikker, restauranter, sev\u00e6rdigheder og event-h\u00f8jdepunkter samt det smukke parkomr\u00e5de langs floden Oker, der flyder rundt om bymidten. P\u00e5 grund af den gode forbindelse til det tyske jernbanenet kan L\u00f8vebyen nemt n\u00e5s med tog. Fra hovedbaneg\u00e5rden kan bes\u00f8gende n\u00e5 det n\u00e6rliggende centrum af Braunschweig p\u00e5 kort tid med offentlig transport, p\u00e5 cykel eller til fods.<\/p>\n\n<p><\/p>\n\n<figure class=\"wp-block-image size-full is-resized\"><img loading=\"lazy\" decoding=\"async\" width=\"1019\" height=\"563\" src=\"https:\/\/9staedte.de\/wp-content\/smush-webp\/2023\/02\/Wochenmarkt-in-Braunschweig-c-Braunschweig-Stadtmarketing-Phillip-Ziebart.jpg.webp\" alt=\"Billedet viser et marked. Mange mennesker handler i boderne. Der er frugt, gr&#xF8;ntsager og andre ting. Boderne har farverige tage. I baggrunden kan man se en kirke med to t&#xE5;rne. Himlen er bl&#xE5; med hvide skyer.     \" class=\"wp-image-3784\" style=\"width:497px;height:auto\" srcset=\"https:\/\/9staedte.de\/wp-content\/smush-webp\/2023\/02\/Wochenmarkt-in-Braunschweig-c-Braunschweig-Stadtmarketing-Phillip-Ziebart.jpg.webp 1019w, https:\/\/9staedte.de\/wp-content\/smush-webp\/2023\/02\/Wochenmarkt-in-Braunschweig-c-Braunschweig-Stadtmarketing-Phillip-Ziebart-300x166.jpg.webp 300w, https:\/\/9staedte.de\/wp-content\/smush-webp\/2023\/02\/Wochenmarkt-in-Braunschweig-c-Braunschweig-Stadtmarketing-Phillip-Ziebart-768x424.jpg.webp 768w\" sizes=\"auto, (max-width: 1019px) 100vw, 1019px\" \/><figcaption class=\"wp-element-caption\">Ugentligt marked p\u00e5 Altstadtmarkt c) Braunschweig Stadtmarketing Phillip Ziebart<\/figcaption><\/figure>\n\n<h4 class=\"wp-block-heading\">Oplev Braunschweig p\u00e5 en b\u00e6redygtig m\u00e5de:<br\/><br\/>9 tips:<\/h4>\n\n<p>&#8211; For at skabe incitamenter til brug af eldrevne k\u00f8ret\u00f8jer har byen Braunschweig installeret tilstr\u00e6kkeligt med ladestandere i byomr\u00e5det. Derudover har du lov til at parkere din elbil gratis i op til tre timer p\u00e5 offentlige parkeringspladser med betaling i byomr\u00e5det.<\/p>\n\n<p>&#8211; P\u00e5 cykelstierne og gangstierne i Braunschweig Ringgleis kan du l\u00e6re L\u00f8vebyen at kende p\u00e5 en afslappet m\u00e5de. Ruten tager dig forbi flere rekreative faciliteter og tilbyder en h\u00f8j rekreativ v\u00e6rdi med sine forskelligt formede sektioner.<\/p>\n\n<p>&#8211; Uanset om det er i den hyggelige Caf\u00e9 L\u00fcttes ved Alte Waage, i makery, en caf\u00e9 midt i det maleriske Magniviertel eller i en af de mange andre s\u00f8de caf\u00e9er i byens centrum, kan du nyde kaffespecialiteter, hjemmelavede kager eller solide snacks. Det bedste af det hele er, at alle de anvendte ingredienser er fair handlede eller fra lokalomr\u00e5det.<\/p>\n\n<p>&#8211; Nyd en kaffe &#8220;to go&#8221; p\u00e5 farten uden d\u00e5rlig samvittighed &#8211; det g\u00f8r RECUPs genanvendelige pantsystem muligt. F\u00e5 din RECUP-kop fyldt hos en af de deltagende cateringfirmaer, og aflever den blot til en af kampagnepartnerne efter brug.<\/p>\n\n<p>&#8211; G\u00e5 p\u00e5 opdagelse i Naturalou, Jojeco eller Naturladen efter milj\u00f8venlige og fairtrade-produkter som husholdningsredskaber, pyntegenstande, smykker, t\u00f8j og alle mulige andre b\u00e6redygtige tilbud.<\/p>\n\n<p>&#8211; Hver l\u00f8rdag tiltr\u00e6kker det ugentlige marked p\u00e5 det historiske Old Town Market bes\u00f8gende med friske f\u00f8devarer fra regionen. De udbudte varer sp\u00e6nder fra regionale f\u00f8devarer som frugt, gr\u00f8ntsager, ost og p\u00f8lser til honning fra lokale bier.<\/p>\n\n<p>&#8211; Hvis du er p\u00e5 udkig efter fairtrade eller regionalt producerede luksusvarer som l\u00e6kker chokolade og aromatisk kaffe, b\u00f8r du l\u00e6gge vejen forbi turistinformationen, Kleine Burg 14, eller Contigo, en charmerende butik i byens centrum.<\/p>\n\n<p>&#8211; En afslappende g\u00e5tur gennem Riddagshausens naturreservat er ikke kun en god m\u00e5de at observere planter og fugle p\u00e5. En flok d\u00e5dyr venter ogs\u00e5 p\u00e5 dit bes\u00f8g i skovindhegningen. Hvis du har lyst, kan du ogs\u00e5 deltage i rangerens guidede tur i naturoplevelsescentret Haus Entenfang og l\u00e6re sp\u00e6ndende detaljer om den lokale flora og fauna.<\/p>\n\n<p>&#8211; Fra slutningen af november til slutningen af december inviterer det traditionelle julemarked i Braunschweig dig til at bes\u00f8ge det. Her kan du nyde et bredt udvalg af l\u00e6kker mad og drikke, serveret p\u00e5 b\u00e6redygtigt engangsservice eller genanvendeligt service. Energibesparende LED-belysning og brug af 100 procent naturlig elektricitet fra vedvarende kilder sikrer en festlig markedsstemning.<\/p>\n","protected":false},"excerpt":{"rendered":"<p>Livlig shopping- og kulturby Siden Henrik L\u00f8ve grundlagde Braunschweig, er byen gennem \u00e5rhundreder blevet formet af welferne og hansest\u00e6derne, og i dag imponerer den som en attraktiv shoppingby og et livligt kulturcenter. Oplev Braunschweig p\u00e5 en b\u00e6redygtig m\u00e5de: Alt, hvad der kendetegner en storby, kan n\u00e5s inden for kort afstand: en charmerende bymidte med historiske [&hellip;]<\/p>\n","protected":false},"author":1,"featured_media":11774,"parent":12525,"menu_order":0,"comment_status":"closed","ping_status":"closed","template":"pagetemplates\/template-stadtthema.php","meta":{"_acf_changed":false,"footnotes":""},"categories":[],"tags":[],"ncap_cities_tax":[420,896],"class_list":["post-12414","page","type-page","status-publish","has-post-thumbnail","hentry","ncap_cities_tax-braunschweig-da","ncap_cities_tax-naturerlebnisse-und-nachhaltigkeit-braunschweig-da"],"acf":[],"yoast_head":"<!-- This site is optimized with the Yoast SEO plugin v27.4 - https:\/\/yoast.com\/product\/yoast-seo-wordpress\/ -->\n<title>Braunschweig - oplev b\u00e6redygtigt - 9 St\u00e4dte in Niedersachsen<\/title>\n<meta name=\"robots\" content=\"index, follow, max-snippet:-1, max-image-preview:large, max-video-preview:-1\" \/>\n<link rel=\"canonical\" href=\"https:\/\/9staedte.de\/da\/braunschweig-loevernes-by\/braunschweig-oplev-baeredygtigt\/\" \/>\n<meta property=\"og:locale\" content=\"da_DK\" \/>\n<meta property=\"og:type\" content=\"article\" \/>\n<meta property=\"og:title\" content=\"Braunschweig - oplev b\u00e6redygtigt - 9 St\u00e4dte in Niedersachsen\" \/>\n<meta property=\"og:description\" content=\"Livlig shopping- og kulturby Siden Henrik L\u00f8ve grundlagde Braunschweig, er byen gennem \u00e5rhundreder blevet formet af welferne og hansest\u00e6derne, og i dag imponerer den som en attraktiv shoppingby og et livligt kulturcenter. Oplev Braunschweig p\u00e5 en b\u00e6redygtig m\u00e5de: Alt, hvad der kendetegner en storby, kan n\u00e5s inden for kort afstand: en charmerende bymidte med historiske [&hellip;]\" \/>\n<meta property=\"og:url\" content=\"https:\/\/9staedte.de\/da\/braunschweig-loevernes-by\/braunschweig-oplev-baeredygtigt\/\" \/>\n<meta property=\"og:site_name\" content=\"9 St\u00e4dte in Niedersachsen\" \/>\n<meta property=\"article:modified_time\" content=\"2025-07-24T07:27:23+00:00\" \/>\n<meta property=\"og:image\" content=\"https:\/\/9staedte.de\/wp-content\/uploads\/2023\/02\/Braunschweig_Buergerpark_Oker_Paddeln_Braunschweig-Stadtmarketing-GmbH_Daniel-Moeller-2.jpg\" \/>\n\t<meta property=\"og:image:width\" content=\"1020\" \/>\n\t<meta property=\"og:image:height\" content=\"553\" \/>\n\t<meta property=\"og:image:type\" content=\"image\/jpeg\" \/>\n<meta name=\"twitter:card\" content=\"summary_large_image\" \/>\n<meta name=\"twitter:label1\" content=\"Estimeret l\u00e6setid\" \/>\n\t<meta name=\"twitter:data1\" content=\"1 minut\" \/>\n<script type=\"application\/ld+json\" class=\"yoast-schema-graph\">{\"@context\":\"https:\\\/\\\/schema.org\",\"@graph\":[{\"@type\":\"WebPage\",\"@id\":\"https:\\\/\\\/9staedte.de\\\/da\\\/braunschweig-loevernes-by\\\/braunschweig-oplev-baeredygtigt\\\/\",\"url\":\"https:\\\/\\\/9staedte.de\\\/da\\\/braunschweig-loevernes-by\\\/braunschweig-oplev-baeredygtigt\\\/\",\"name\":\"Braunschweig - oplev b\u00e6redygtigt - 9 St\u00e4dte in Niedersachsen\",\"isPartOf\":{\"@id\":\"https:\\\/\\\/9staedte.de\\\/da\\\/#website\"},\"primaryImageOfPage\":{\"@id\":\"https:\\\/\\\/9staedte.de\\\/da\\\/braunschweig-loevernes-by\\\/braunschweig-oplev-baeredygtigt\\\/#primaryimage\"},\"image\":{\"@id\":\"https:\\\/\\\/9staedte.de\\\/da\\\/braunschweig-loevernes-by\\\/braunschweig-oplev-baeredygtigt\\\/#primaryimage\"},\"thumbnailUrl\":\"https:\\\/\\\/9staedte.de\\\/wp-content\\\/uploads\\\/2023\\\/02\\\/Braunschweig_Buergerpark_Oker_Paddeln_Braunschweig-Stadtmarketing-GmbH_Daniel-Moeller-2.jpg\",\"datePublished\":\"2023-10-25T10:18:41+00:00\",\"dateModified\":\"2025-07-24T07:27:23+00:00\",\"breadcrumb\":{\"@id\":\"https:\\\/\\\/9staedte.de\\\/da\\\/braunschweig-loevernes-by\\\/braunschweig-oplev-baeredygtigt\\\/#breadcrumb\"},\"inLanguage\":\"da-DK\",\"potentialAction\":[{\"@type\":\"ReadAction\",\"target\":[\"https:\\\/\\\/9staedte.de\\\/da\\\/braunschweig-loevernes-by\\\/braunschweig-oplev-baeredygtigt\\\/\"]}]},{\"@type\":\"ImageObject\",\"inLanguage\":\"da-DK\",\"@id\":\"https:\\\/\\\/9staedte.de\\\/da\\\/braunschweig-loevernes-by\\\/braunschweig-oplev-baeredygtigt\\\/#primaryimage\",\"url\":\"https:\\\/\\\/9staedte.de\\\/wp-content\\\/uploads\\\/2023\\\/02\\\/Braunschweig_Buergerpark_Oker_Paddeln_Braunschweig-Stadtmarketing-GmbH_Daniel-Moeller-2.jpg\",\"contentUrl\":\"https:\\\/\\\/9staedte.de\\\/wp-content\\\/uploads\\\/2023\\\/02\\\/Braunschweig_Buergerpark_Oker_Paddeln_Braunschweig-Stadtmarketing-GmbH_Daniel-Moeller-2.jpg\",\"width\":1020,\"height\":553,\"caption\":\"Braunschweig_B\u00fcrgerpark_Oker_Paddeln_Braunschweig Stadtmarketing GmbH_Daniel M\u00f6ller (2)\"},{\"@type\":\"BreadcrumbList\",\"@id\":\"https:\\\/\\\/9staedte.de\\\/da\\\/braunschweig-loevernes-by\\\/braunschweig-oplev-baeredygtigt\\\/#breadcrumb\",\"itemListElement\":[{\"@type\":\"ListItem\",\"position\":1,\"name\":\"Startseite\",\"item\":\"https:\\\/\\\/9staedte.de\\\/da\\\/hjem-9-byer-2-i-niedersachsen\\\/\"},{\"@type\":\"ListItem\",\"position\":2,\"name\":\"Braunschweig &#8211; City of Lions\",\"item\":\"https:\\\/\\\/9staedte.de\\\/da\\\/braunschweig-loevernes-by\\\/\"},{\"@type\":\"ListItem\",\"position\":3,\"name\":\"Braunschweig &#8211; oplev b\u00e6redygtigt\"}]},{\"@type\":\"WebSite\",\"@id\":\"https:\\\/\\\/9staedte.de\\\/da\\\/#website\",\"url\":\"https:\\\/\\\/9staedte.de\\\/da\\\/\",\"name\":\"9 St\u00e4dte in Niedersachsen\",\"description\":\"\",\"publisher\":{\"@id\":\"https:\\\/\\\/9staedte.de\\\/da\\\/#organization\"},\"potentialAction\":[{\"@type\":\"SearchAction\",\"target\":{\"@type\":\"EntryPoint\",\"urlTemplate\":\"https:\\\/\\\/9staedte.de\\\/da\\\/?s={search_term_string}\"},\"query-input\":{\"@type\":\"PropertyValueSpecification\",\"valueRequired\":true,\"valueName\":\"search_term_string\"}}],\"inLanguage\":\"da-DK\"},{\"@type\":\"Organization\",\"@id\":\"https:\\\/\\\/9staedte.de\\\/da\\\/#organization\",\"name\":\"9 St\u00e4dte in Niedersachsen\",\"url\":\"https:\\\/\\\/9staedte.de\\\/da\\\/\",\"logo\":{\"@type\":\"ImageObject\",\"inLanguage\":\"da-DK\",\"@id\":\"https:\\\/\\\/9staedte.de\\\/da\\\/#\\\/schema\\\/logo\\\/image\\\/\",\"url\":\"https:\\\/\\\/9staedte.de\\\/wp-content\\\/uploads\\\/2025\\\/01\\\/9-neg-deutsch-2-1.png\",\"contentUrl\":\"https:\\\/\\\/9staedte.de\\\/wp-content\\\/uploads\\\/2025\\\/01\\\/9-neg-deutsch-2-1.png\",\"width\":190,\"height\":114,\"caption\":\"9 St\u00e4dte in Niedersachsen\"},\"image\":{\"@id\":\"https:\\\/\\\/9staedte.de\\\/da\\\/#\\\/schema\\\/logo\\\/image\\\/\"}}]}<\/script>\n<!-- \/ Yoast SEO plugin. -->","yoast_head_json":{"title":"Braunschweig - oplev b\u00e6redygtigt - 9 St\u00e4dte in Niedersachsen","robots":{"index":"index","follow":"follow","max-snippet":"max-snippet:-1","max-image-preview":"max-image-preview:large","max-video-preview":"max-video-preview:-1"},"canonical":"https:\/\/9staedte.de\/da\/braunschweig-loevernes-by\/braunschweig-oplev-baeredygtigt\/","og_locale":"da_DK","og_type":"article","og_title":"Braunschweig - oplev b\u00e6redygtigt - 9 St\u00e4dte in Niedersachsen","og_description":"Livlig shopping- og kulturby Siden Henrik L\u00f8ve grundlagde Braunschweig, er byen gennem \u00e5rhundreder blevet formet af welferne og hansest\u00e6derne, og i dag imponerer den som en attraktiv shoppingby og et livligt kulturcenter. Oplev Braunschweig p\u00e5 en b\u00e6redygtig m\u00e5de: Alt, hvad der kendetegner en storby, kan n\u00e5s inden for kort afstand: en charmerende bymidte med historiske [&hellip;]","og_url":"https:\/\/9staedte.de\/da\/braunschweig-loevernes-by\/braunschweig-oplev-baeredygtigt\/","og_site_name":"9 St\u00e4dte in Niedersachsen","article_modified_time":"2025-07-24T07:27:23+00:00","og_image":[{"width":1020,"height":553,"url":"https:\/\/9staedte.de\/wp-content\/uploads\/2023\/02\/Braunschweig_Buergerpark_Oker_Paddeln_Braunschweig-Stadtmarketing-GmbH_Daniel-Moeller-2.jpg","type":"image\/jpeg"}],"twitter_card":"summary_large_image","twitter_misc":{"Estimeret l\u00e6setid":"1 minut"},"schema":{"@context":"https:\/\/schema.org","@graph":[{"@type":"WebPage","@id":"https:\/\/9staedte.de\/da\/braunschweig-loevernes-by\/braunschweig-oplev-baeredygtigt\/","url":"https:\/\/9staedte.de\/da\/braunschweig-loevernes-by\/braunschweig-oplev-baeredygtigt\/","name":"Braunschweig - oplev b\u00e6redygtigt - 9 St\u00e4dte in Niedersachsen","isPartOf":{"@id":"https:\/\/9staedte.de\/da\/#website"},"primaryImageOfPage":{"@id":"https:\/\/9staedte.de\/da\/braunschweig-loevernes-by\/braunschweig-oplev-baeredygtigt\/#primaryimage"},"image":{"@id":"https:\/\/9staedte.de\/da\/braunschweig-loevernes-by\/braunschweig-oplev-baeredygtigt\/#primaryimage"},"thumbnailUrl":"https:\/\/9staedte.de\/wp-content\/uploads\/2023\/02\/Braunschweig_Buergerpark_Oker_Paddeln_Braunschweig-Stadtmarketing-GmbH_Daniel-Moeller-2.jpg","datePublished":"2023-10-25T10:18:41+00:00","dateModified":"2025-07-24T07:27:23+00:00","breadcrumb":{"@id":"https:\/\/9staedte.de\/da\/braunschweig-loevernes-by\/braunschweig-oplev-baeredygtigt\/#breadcrumb"},"inLanguage":"da-DK","potentialAction":[{"@type":"ReadAction","target":["https:\/\/9staedte.de\/da\/braunschweig-loevernes-by\/braunschweig-oplev-baeredygtigt\/"]}]},{"@type":"ImageObject","inLanguage":"da-DK","@id":"https:\/\/9staedte.de\/da\/braunschweig-loevernes-by\/braunschweig-oplev-baeredygtigt\/#primaryimage","url":"https:\/\/9staedte.de\/wp-content\/uploads\/2023\/02\/Braunschweig_Buergerpark_Oker_Paddeln_Braunschweig-Stadtmarketing-GmbH_Daniel-Moeller-2.jpg","contentUrl":"https:\/\/9staedte.de\/wp-content\/uploads\/2023\/02\/Braunschweig_Buergerpark_Oker_Paddeln_Braunschweig-Stadtmarketing-GmbH_Daniel-Moeller-2.jpg","width":1020,"height":553,"caption":"Braunschweig_B\u00fcrgerpark_Oker_Paddeln_Braunschweig Stadtmarketing GmbH_Daniel M\u00f6ller (2)"},{"@type":"BreadcrumbList","@id":"https:\/\/9staedte.de\/da\/braunschweig-loevernes-by\/braunschweig-oplev-baeredygtigt\/#breadcrumb","itemListElement":[{"@type":"ListItem","position":1,"name":"Startseite","item":"https:\/\/9staedte.de\/da\/hjem-9-byer-2-i-niedersachsen\/"},{"@type":"ListItem","position":2,"name":"Braunschweig &#8211; City of Lions","item":"https:\/\/9staedte.de\/da\/braunschweig-loevernes-by\/"},{"@type":"ListItem","position":3,"name":"Braunschweig &#8211; oplev b\u00e6redygtigt"}]},{"@type":"WebSite","@id":"https:\/\/9staedte.de\/da\/#website","url":"https:\/\/9staedte.de\/da\/","name":"9 St\u00e4dte in Niedersachsen","description":"","publisher":{"@id":"https:\/\/9staedte.de\/da\/#organization"},"potentialAction":[{"@type":"SearchAction","target":{"@type":"EntryPoint","urlTemplate":"https:\/\/9staedte.de\/da\/?s={search_term_string}"},"query-input":{"@type":"PropertyValueSpecification","valueRequired":true,"valueName":"search_term_string"}}],"inLanguage":"da-DK"},{"@type":"Organization","@id":"https:\/\/9staedte.de\/da\/#organization","name":"9 St\u00e4dte in Niedersachsen","url":"https:\/\/9staedte.de\/da\/","logo":{"@type":"ImageObject","inLanguage":"da-DK","@id":"https:\/\/9staedte.de\/da\/#\/schema\/logo\/image\/","url":"https:\/\/9staedte.de\/wp-content\/uploads\/2025\/01\/9-neg-deutsch-2-1.png","contentUrl":"https:\/\/9staedte.de\/wp-content\/uploads\/2025\/01\/9-neg-deutsch-2-1.png","width":190,"height":114,"caption":"9 St\u00e4dte in Niedersachsen"},"image":{"@id":"https:\/\/9staedte.de\/da\/#\/schema\/logo\/image\/"}}]}},"_links":{"self":[{"href":"https:\/\/9staedte.de\/da\/wp-json\/wp\/v2\/pages\/12414","targetHints":{"allow":["GET"]}}],"collection":[{"href":"https:\/\/9staedte.de\/da\/wp-json\/wp\/v2\/pages"}],"about":[{"href":"https:\/\/9staedte.de\/da\/wp-json\/wp\/v2\/types\/page"}],"author":[{"embeddable":true,"href":"https:\/\/9staedte.de\/da\/wp-json\/wp\/v2\/users\/1"}],"replies":[{"embeddable":true,"href":"https:\/\/9staedte.de\/da\/wp-json\/wp\/v2\/comments?post=12414"}],"version-history":[{"count":3,"href":"https:\/\/9staedte.de\/da\/wp-json\/wp\/v2\/pages\/12414\/revisions"}],"predecessor-version":[{"id":26749,"href":"https:\/\/9staedte.de\/da\/wp-json\/wp\/v2\/pages\/12414\/revisions\/26749"}],"up":[{"embeddable":true,"href":"https:\/\/9staedte.de\/da\/wp-json\/wp\/v2\/pages\/12525"}],"wp:featuredmedia":[{"embeddable":true,"href":"https:\/\/9staedte.de\/da\/wp-json\/wp\/v2\/media\/11774"}],"wp:attachment":[{"href":"https:\/\/9staedte.de\/da\/wp-json\/wp\/v2\/media?parent=12414"}],"wp:term":[{"taxonomy":"category","embeddable":true,"href":"https:\/\/9staedte.de\/da\/wp-json\/wp\/v2\/categories?post=12414"},{"taxonomy":"post_tag","embeddable":true,"href":"https:\/\/9staedte.de\/da\/wp-json\/wp\/v2\/tags?post=12414"},{"taxonomy":"ncap_cities_tax","embeddable":true,"href":"https:\/\/9staedte.de\/da\/wp-json\/wp\/v2\/ncap_cities_tax?post=12414"}],"curies":[{"name":"wp","href":"https:\/\/api.w.org\/{rel}","templated":true}]}}