{"id":12412,"date":"2023-10-25T12:18:31","date_gmt":"2023-10-25T10:18:31","guid":{"rendered":"https:\/\/9staedte.de\/9-byer-i-niedersachsen-tips-og-information\/"},"modified":"2023-10-25T12:18:31","modified_gmt":"2023-10-25T10:18:31","slug":"9-byer-i-niedersachsen-tips-og-information","status":"publish","type":"page","link":"https:\/\/9staedte.de\/da\/9-byer-i-niedersachsen-tips-og-information\/","title":{"rendered":"9 byer i Niedersachsen &#8211; Tips og information"},"content":{"rendered":"\n<p>Der er uendeligt mange grunde til at bes\u00f8ge de 9 byer i Niedersachsen! Traditionelle begivenheder, UNESCO&#8217;s verdensarv, gamle middelalderbyer, idylliske bindingsv\u00e6rkshuse, rolig g\u00e6stfrihed, moderne shoppingarkader, livlig tr\u00e6ngsel &#8230;<\/p>\n\n\n\n<p>Planl\u00e6g din tur til 9 byer. Hver by fascinerer med sin helt egen charme. Et bes\u00f8g i en eller flere af de historiske byer kan ideelt kombineres med en tur til L\u00fcneburger Heide, Harzen eller Weserbergland. Den centrale lufthavn i Nordtyskland, Hannover Lufthavn, samt gode tog- og motorvejsforbindelser sikrer en behagelig rejse.<\/p>\n\n\n\n<p>Tip: Kombiner din rejse ind i historien med en afstikker til den inspirerende verden af Autostadt i Wolfsburg.<\/p>\n\n\n\n<div style=\"height:60px\" aria-hidden=\"true\" class=\"wp-block-spacer\"><\/div>\n\n\n\n<div class=\"content-grid\">\n\n\n  \n  <div class=\"grid\">\n                        \n                    \n          <div class=\"featured-themen-single\">\n            <div class=\"featured-themen-single-inner\" style=\"background-image: url('')\">\n              \n              <a href=\"https:\/\/9staedte.de\/braunschweig-lebendige-grossstadt-mit-geschichte\/\">\n                <span>Braunschweig \u2013 Lebendige Gro\u00dfstadt mit Geschichte<\/span>\n              <\/a>\n            <\/div>\n          <\/div>\n    \n          \n                  \n                    \n          <div class=\"featured-themen-single\">\n            <div class=\"featured-themen-single-inner\" style=\"background-image: url('')\">\n              \n              <a href=\"https:\/\/9staedte.de\/celle-liebenswerte-residenzstadt-mit-europas-groesstem-fachwerkensemble\/\">\n                <span>Celle \u2013 Liebenswerte Residenzstadt mit Europas gr\u00f6\u00dftem Fachwerkensemble<\/span>\n              <\/a>\n            <\/div>\n          <\/div>\n    \n          \n                  \n                    \n          <div class=\"featured-themen-single\">\n            <div class=\"featured-themen-single-inner\" style=\"background-image: url('')\">\n              \n              <a href=\"https:\/\/9staedte.de\/einbeck-oldtimer-fachwerk-und-bier\/\">\n                <span>Einbeck \u2013 Oldtimer, Fachwerk und Bier<\/span>\n              <\/a>\n            <\/div>\n          <\/div>\n    \n          \n                  \n                    \n          <div class=\"featured-themen-single\">\n            <div class=\"featured-themen-single-inner\" style=\"background-image: url('')\">\n              \n              <a href=\"https:\/\/9staedte.de\/goettingen-stadt-die-wissen-schafft\/\">\n                <span>G\u00f6ttingen \u2013 Stadt, die Wissen schafft<\/span>\n              <\/a>\n            <\/div>\n          <\/div>\n    \n          \n                  \n                    \n          <div class=\"featured-themen-single\">\n            <div class=\"featured-themen-single-inner\" style=\"background-image: url('')\">\n              \n              <a href=\"https:\/\/9staedte.de\/goslar-weltkulturerbe-im-harz\/\">\n                <span>Goslar \u2013 Weltkulturerbe im Harz<\/span>\n              <\/a>\n            <\/div>\n          <\/div>\n    \n          \n                  \n                    \n          <div class=\"featured-themen-single\">\n            <div class=\"featured-themen-single-inner\" style=\"background-image: url('')\">\n              \n              <a href=\"https:\/\/9staedte.de\/hameln-die-rattenfaengerstadt\/\">\n                <span>Hameln \u2013 Die Rattenf\u00e4ngerstadt<\/span>\n              <\/a>\n            <\/div>\n          <\/div>\n    \n          \n                  \n                    \n          <div class=\"featured-themen-single\">\n            <div class=\"featured-themen-single-inner\" style=\"background-image: url('')\">\n              \n              <a href=\"https:\/\/9staedte.de\/hannover-liebenswert-und-lebenswert\/\">\n                <span>Hannover \u2013 Liebenswert und lebenswert<\/span>\n              <\/a>\n            <\/div>\n          <\/div>\n    \n          \n                  \n                    \n          <div class=\"featured-themen-single\">\n            <div class=\"featured-themen-single-inner\" style=\"background-image: url('')\">\n              \n              <a href=\"https:\/\/9staedte.de\/hildesheim-fachwerkstadt-voller-kultur-und-geschichte\/\">\n                <span>Hildesheim \u2013 Fachwerkstadt voller Kultur und Geschichte<\/span>\n              <\/a>\n            <\/div>\n          <\/div>\n    \n          \n                  \n                    \n          <div class=\"featured-themen-single\">\n            <div class=\"featured-themen-single-inner\" style=\"background-image: url('')\">\n              \n              <a href=\"https:\/\/9staedte.de\/wolfenbuettel-1-000-fachwerkhaeuser-und-jaegermeister\/\">\n                <span>Wolfenb\u00fcttel \u2013 1.000 Fachwerkh\u00e4user und J\u00e4germeister<\/span>\n              <\/a>\n            <\/div>\n          <\/div>\n    \n          \n                  \n                    \n          <div class=\"featured-themen-single\">\n            <div class=\"featured-themen-single-inner\" style=\"background-image: url('')\">\n              \n              <a href=\"https:\/\/9staedte.de\/autostadt-in-wolfsburg-eine-reise-in-die-welt-der-mobilitaet\/\">\n                <span>Autostadt in Wolfsburg \u2013 Eine Reise in die Welt der Mobilit\u00e4t<\/span>\n              <\/a>\n            <\/div>\n          <\/div>\n    \n          \n                          \n        <\/div>\n<\/div>","protected":false},"excerpt":{"rendered":"<p>Der er uendeligt mange grunde til at bes\u00f8ge de 9 byer i Niedersachsen! Traditionelle begivenheder, UNESCO&#8217;s verdensarv, gamle middelalderbyer, idylliske bindingsv\u00e6rkshuse, rolig g\u00e6stfrihed, moderne shoppingarkader, livlig tr\u00e6ngsel &#8230; Planl\u00e6g din tur til 9 byer. Hver by fascinerer med sin helt egen charme. Et bes\u00f8g i en eller flere af de historiske byer kan ideelt kombineres [&hellip;]<\/p>\n","protected":false},"author":1,"featured_media":0,"parent":0,"menu_order":0,"comment_status":"closed","ping_status":"closed","template":"","meta":{"_acf_changed":false,"footnotes":""},"categories":[],"tags":[],"ncap_cities_tax":[],"class_list":["post-12412","page","type-page","status-publish","hentry"],"acf":[],"yoast_head":"<!-- This site is optimized with the Yoast SEO plugin v26.8 - https:\/\/yoast.com\/product\/yoast-seo-wordpress\/ -->\n<title>9 byer i Niedersachsen - Tips og information - 9 St\u00e4dte in Niedersachsen<\/title>\n<meta name=\"robots\" content=\"index, follow, max-snippet:-1, max-image-preview:large, max-video-preview:-1\" \/>\n<link rel=\"canonical\" href=\"https:\/\/9staedte.de\/da\/9-byer-i-niedersachsen-tips-og-information\/\" \/>\n<meta property=\"og:locale\" content=\"da_DK\" \/>\n<meta property=\"og:type\" content=\"article\" \/>\n<meta property=\"og:title\" content=\"9 byer i Niedersachsen - Tips og information - 9 St\u00e4dte in Niedersachsen\" \/>\n<meta property=\"og:description\" content=\"Der er uendeligt mange grunde til at bes\u00f8ge de 9 byer i Niedersachsen! Traditionelle begivenheder, UNESCO&#8217;s verdensarv, gamle middelalderbyer, idylliske bindingsv\u00e6rkshuse, rolig g\u00e6stfrihed, moderne shoppingarkader, livlig tr\u00e6ngsel &#8230; Planl\u00e6g din tur til 9 byer. Hver by fascinerer med sin helt egen charme. Et bes\u00f8g i en eller flere af de historiske byer kan ideelt kombineres [&hellip;]\" \/>\n<meta property=\"og:url\" content=\"https:\/\/9staedte.de\/da\/9-byer-i-niedersachsen-tips-og-information\/\" \/>\n<meta property=\"og:site_name\" content=\"9 St\u00e4dte in Niedersachsen\" \/>\n<meta name=\"twitter:card\" content=\"summary_large_image\" \/>\n<meta name=\"twitter:label1\" content=\"Estimeret l\u00e6setid\" \/>\n\t<meta name=\"twitter:data1\" content=\"1 minut\" \/>\n<script type=\"application\/ld+json\" class=\"yoast-schema-graph\">{\"@context\":\"https:\/\/schema.org\",\"@graph\":[{\"@type\":\"WebPage\",\"@id\":\"https:\/\/9staedte.de\/da\/9-byer-i-niedersachsen-tips-og-information\/\",\"url\":\"https:\/\/9staedte.de\/da\/9-byer-i-niedersachsen-tips-og-information\/\",\"name\":\"9 byer i Niedersachsen - Tips og information - 9 St\u00e4dte in Niedersachsen\",\"isPartOf\":{\"@id\":\"https:\/\/9staedte.de\/da\/#website\"},\"datePublished\":\"2023-10-25T10:18:31+00:00\",\"breadcrumb\":{\"@id\":\"https:\/\/9staedte.de\/da\/9-byer-i-niedersachsen-tips-og-information\/#breadcrumb\"},\"inLanguage\":\"da-DK\",\"potentialAction\":[{\"@type\":\"ReadAction\",\"target\":[\"https:\/\/9staedte.de\/da\/9-byer-i-niedersachsen-tips-og-information\/\"]}]},{\"@type\":\"BreadcrumbList\",\"@id\":\"https:\/\/9staedte.de\/da\/9-byer-i-niedersachsen-tips-og-information\/#breadcrumb\",\"itemListElement\":[{\"@type\":\"ListItem\",\"position\":1,\"name\":\"Startseite\",\"item\":\"https:\/\/9staedte.de\/da\/hjem-9-byer-2-i-niedersachsen\/\"},{\"@type\":\"ListItem\",\"position\":2,\"name\":\"9 byer i Niedersachsen &#8211; Tips og information\"}]},{\"@type\":\"WebSite\",\"@id\":\"https:\/\/9staedte.de\/da\/#website\",\"url\":\"https:\/\/9staedte.de\/da\/\",\"name\":\"9 St\u00e4dte in Niedersachsen\",\"description\":\"\",\"publisher\":{\"@id\":\"https:\/\/9staedte.de\/da\/#organization\"},\"potentialAction\":[{\"@type\":\"SearchAction\",\"target\":{\"@type\":\"EntryPoint\",\"urlTemplate\":\"https:\/\/9staedte.de\/da\/?s={search_term_string}\"},\"query-input\":{\"@type\":\"PropertyValueSpecification\",\"valueRequired\":true,\"valueName\":\"search_term_string\"}}],\"inLanguage\":\"da-DK\"},{\"@type\":\"Organization\",\"@id\":\"https:\/\/9staedte.de\/da\/#organization\",\"name\":\"9 St\u00e4dte in Niedersachsen\",\"url\":\"https:\/\/9staedte.de\/da\/\",\"logo\":{\"@type\":\"ImageObject\",\"inLanguage\":\"da-DK\",\"@id\":\"https:\/\/9staedte.de\/da\/#\/schema\/logo\/image\/\",\"url\":\"https:\/\/9staedte.de\/wp-content\/uploads\/2025\/01\/9-neg-deutsch-2-1.png\",\"contentUrl\":\"https:\/\/9staedte.de\/wp-content\/uploads\/2025\/01\/9-neg-deutsch-2-1.png\",\"width\":190,\"height\":114,\"caption\":\"9 St\u00e4dte in Niedersachsen\"},\"image\":{\"@id\":\"https:\/\/9staedte.de\/da\/#\/schema\/logo\/image\/\"}}]}<\/script>\n<!-- \/ Yoast SEO plugin. -->","yoast_head_json":{"title":"9 byer i Niedersachsen - Tips og information - 9 St\u00e4dte in Niedersachsen","robots":{"index":"index","follow":"follow","max-snippet":"max-snippet:-1","max-image-preview":"max-image-preview:large","max-video-preview":"max-video-preview:-1"},"canonical":"https:\/\/9staedte.de\/da\/9-byer-i-niedersachsen-tips-og-information\/","og_locale":"da_DK","og_type":"article","og_title":"9 byer i Niedersachsen - Tips og information - 9 St\u00e4dte in Niedersachsen","og_description":"Der er uendeligt mange grunde til at bes\u00f8ge de 9 byer i Niedersachsen! Traditionelle begivenheder, UNESCO&#8217;s verdensarv, gamle middelalderbyer, idylliske bindingsv\u00e6rkshuse, rolig g\u00e6stfrihed, moderne shoppingarkader, livlig tr\u00e6ngsel &#8230; Planl\u00e6g din tur til 9 byer. Hver by fascinerer med sin helt egen charme. Et bes\u00f8g i en eller flere af de historiske byer kan ideelt kombineres [&hellip;]","og_url":"https:\/\/9staedte.de\/da\/9-byer-i-niedersachsen-tips-og-information\/","og_site_name":"9 St\u00e4dte in Niedersachsen","twitter_card":"summary_large_image","twitter_misc":{"Estimeret l\u00e6setid":"1 minut"},"schema":{"@context":"https:\/\/schema.org","@graph":[{"@type":"WebPage","@id":"https:\/\/9staedte.de\/da\/9-byer-i-niedersachsen-tips-og-information\/","url":"https:\/\/9staedte.de\/da\/9-byer-i-niedersachsen-tips-og-information\/","name":"9 byer i Niedersachsen - Tips og information - 9 St\u00e4dte in Niedersachsen","isPartOf":{"@id":"https:\/\/9staedte.de\/da\/#website"},"datePublished":"2023-10-25T10:18:31+00:00","breadcrumb":{"@id":"https:\/\/9staedte.de\/da\/9-byer-i-niedersachsen-tips-og-information\/#breadcrumb"},"inLanguage":"da-DK","potentialAction":[{"@type":"ReadAction","target":["https:\/\/9staedte.de\/da\/9-byer-i-niedersachsen-tips-og-information\/"]}]},{"@type":"BreadcrumbList","@id":"https:\/\/9staedte.de\/da\/9-byer-i-niedersachsen-tips-og-information\/#breadcrumb","itemListElement":[{"@type":"ListItem","position":1,"name":"Startseite","item":"https:\/\/9staedte.de\/da\/hjem-9-byer-2-i-niedersachsen\/"},{"@type":"ListItem","position":2,"name":"9 byer i Niedersachsen &#8211; Tips og information"}]},{"@type":"WebSite","@id":"https:\/\/9staedte.de\/da\/#website","url":"https:\/\/9staedte.de\/da\/","name":"9 St\u00e4dte in Niedersachsen","description":"","publisher":{"@id":"https:\/\/9staedte.de\/da\/#organization"},"potentialAction":[{"@type":"SearchAction","target":{"@type":"EntryPoint","urlTemplate":"https:\/\/9staedte.de\/da\/?s={search_term_string}"},"query-input":{"@type":"PropertyValueSpecification","valueRequired":true,"valueName":"search_term_string"}}],"inLanguage":"da-DK"},{"@type":"Organization","@id":"https:\/\/9staedte.de\/da\/#organization","name":"9 St\u00e4dte in Niedersachsen","url":"https:\/\/9staedte.de\/da\/","logo":{"@type":"ImageObject","inLanguage":"da-DK","@id":"https:\/\/9staedte.de\/da\/#\/schema\/logo\/image\/","url":"https:\/\/9staedte.de\/wp-content\/uploads\/2025\/01\/9-neg-deutsch-2-1.png","contentUrl":"https:\/\/9staedte.de\/wp-content\/uploads\/2025\/01\/9-neg-deutsch-2-1.png","width":190,"height":114,"caption":"9 St\u00e4dte in Niedersachsen"},"image":{"@id":"https:\/\/9staedte.de\/da\/#\/schema\/logo\/image\/"}}]}},"_links":{"self":[{"href":"https:\/\/9staedte.de\/da\/wp-json\/wp\/v2\/pages\/12412","targetHints":{"allow":["GET"]}}],"collection":[{"href":"https:\/\/9staedte.de\/da\/wp-json\/wp\/v2\/pages"}],"about":[{"href":"https:\/\/9staedte.de\/da\/wp-json\/wp\/v2\/types\/page"}],"author":[{"embeddable":true,"href":"https:\/\/9staedte.de\/da\/wp-json\/wp\/v2\/users\/1"}],"replies":[{"embeddable":true,"href":"https:\/\/9staedte.de\/da\/wp-json\/wp\/v2\/comments?post=12412"}],"version-history":[{"count":1,"href":"https:\/\/9staedte.de\/da\/wp-json\/wp\/v2\/pages\/12412\/revisions"}],"predecessor-version":[{"id":12417,"href":"https:\/\/9staedte.de\/da\/wp-json\/wp\/v2\/pages\/12412\/revisions\/12417"}],"wp:attachment":[{"href":"https:\/\/9staedte.de\/da\/wp-json\/wp\/v2\/media?parent=12412"}],"wp:term":[{"taxonomy":"category","embeddable":true,"href":"https:\/\/9staedte.de\/da\/wp-json\/wp\/v2\/categories?post=12412"},{"taxonomy":"post_tag","embeddable":true,"href":"https:\/\/9staedte.de\/da\/wp-json\/wp\/v2\/tags?post=12412"},{"taxonomy":"ncap_cities_tax","embeddable":true,"href":"https:\/\/9staedte.de\/da\/wp-json\/wp\/v2\/ncap_cities_tax?post=12412"}],"curies":[{"name":"wp","href":"https:\/\/api.w.org\/{rel}","templated":true}]}}