{"id":12411,"date":"2023-10-25T12:23:27","date_gmt":"2023-10-25T10:23:27","guid":{"rendered":"https:\/\/9staedte.de\/information-om-rejseleder-og-udflugter-braunschweig\/"},"modified":"2023-10-25T15:25:23","modified_gmt":"2023-10-25T13:25:23","slug":"information-om-rejseleder-og-udflugter-braunschweig","status":"publish","type":"page","link":"https:\/\/9staedte.de\/da\/braunschweig-loevernes-by\/information-om-rejseleder-og-udflugter-braunschweig\/","title":{"rendered":"Information om rejseleder og udflugter Braunschweig"},"content":{"rendered":"\n<h2 class=\"wp-block-heading\">Til din grupperejse<\/h2>\n\n\n\n<h3 class=\"wp-block-heading\">Rundrejser i regionen<\/h3>\n\n\n\n<p>Til fods, p\u00e5 cykel eller endda med bus &#8211; Braunschweig og omegn tilbyder en bred vifte af muligheder for at organisere udflugtsprogrammer.<\/p>\n\n\n\n<p>Ture arrangeres individuelt for grupper. Bes\u00f8gsmuligheder, guidegebyrer og entr\u00e9er beregnes efter aftale. Reduktioner for b\u00f8rn kan gives efter aftale.<\/p>\n\n\n\n<h4 class=\"wp-block-heading\">Bookinger med:<\/h4>\n\n\n\n<p>Braunschweig City Marketing GmbH<br>Turistinformation<br>Lille slot&nbsp;14<br>38100 Brunswick<br>Tlf.: +49 (0) 531\/4702040<br>Fax:&nbsp; +49 (0) 5 31\/4702044<br>E-mail:&nbsp;<a href=\"mailto:touristinfo@braunschweig.de\" target=\"_blank\" rel=\"noreferrer noopener\">touristinfo@braunschweig.de<\/a><br>Internet:&nbsp;<a href=\"http:\/\/www.braunschweig.de\/\" target=\"_blank\" rel=\"noreferrer noopener\">www.braunschweig.de<\/a><\/p>\n","protected":false},"excerpt":{"rendered":"<p>Til din grupperejse Rundrejser i regionen Til fods, p\u00e5 cykel eller endda med bus &#8211; Braunschweig og omegn tilbyder en bred vifte af muligheder for at organisere udflugtsprogrammer. Ture arrangeres individuelt for grupper. Bes\u00f8gsmuligheder, guidegebyrer og entr\u00e9er beregnes efter aftale. Reduktioner for b\u00f8rn kan gives efter aftale. Bookinger med: Braunschweig City Marketing GmbHTuristinformationLille slot&nbsp;1438100 BrunswickTlf.: [&hellip;]<\/p>\n","protected":false},"author":1,"featured_media":11581,"parent":12525,"menu_order":0,"comment_status":"closed","ping_status":"closed","template":"pagetemplates\/template-stadtthema.php","meta":{"_acf_changed":false,"footnotes":""},"categories":[],"tags":[],"ncap_cities_tax":[420,1260],"class_list":["post-12411","page","type-page","status-publish","has-post-thumbnail","hentry","ncap_cities_tax-braunschweig-da","ncap_cities_tax-reiseleitung-und-ausflugen-braunschweig-da"],"acf":[],"yoast_head":"<!-- This site is optimized with the Yoast SEO plugin v26.8 - https:\/\/yoast.com\/product\/yoast-seo-wordpress\/ -->\n<title>Information om rejseleder og udflugter Braunschweig - 9 St\u00e4dte in Niedersachsen<\/title>\n<meta name=\"robots\" content=\"index, follow, max-snippet:-1, max-image-preview:large, max-video-preview:-1\" \/>\n<link rel=\"canonical\" href=\"https:\/\/9staedte.de\/da\/braunschweig-loevernes-by\/information-om-rejseleder-og-udflugter-braunschweig\/\" \/>\n<meta property=\"og:locale\" content=\"da_DK\" \/>\n<meta property=\"og:type\" content=\"article\" \/>\n<meta property=\"og:title\" content=\"Information om rejseleder og udflugter Braunschweig - 9 St\u00e4dte in Niedersachsen\" \/>\n<meta property=\"og:description\" content=\"Til din grupperejse Rundrejser i regionen Til fods, p\u00e5 cykel eller endda med bus &#8211; Braunschweig og omegn tilbyder en bred vifte af muligheder for at organisere udflugtsprogrammer. Ture arrangeres individuelt for grupper. Bes\u00f8gsmuligheder, guidegebyrer og entr\u00e9er beregnes efter aftale. Reduktioner for b\u00f8rn kan gives efter aftale. Bookinger med: Braunschweig City Marketing GmbHTuristinformationLille slot&nbsp;1438100 BrunswickTlf.: [&hellip;]\" \/>\n<meta property=\"og:url\" content=\"https:\/\/9staedte.de\/da\/braunschweig-loevernes-by\/information-om-rejseleder-og-udflugter-braunschweig\/\" \/>\n<meta property=\"og:site_name\" content=\"9 St\u00e4dte in Niedersachsen\" \/>\n<meta property=\"article:modified_time\" content=\"2023-10-25T13:25:23+00:00\" \/>\n<meta property=\"og:image\" content=\"https:\/\/9staedte.de\/wp-content\/uploads\/2023\/02\/Kloster-Riddagshausen-c-Braunschweig-Stadtmarketing-Gerald-Grote.jpg\" \/>\n\t<meta property=\"og:image:width\" content=\"1020\" \/>\n\t<meta property=\"og:image:height\" content=\"560\" \/>\n\t<meta property=\"og:image:type\" content=\"image\/jpeg\" \/>\n<meta name=\"twitter:card\" content=\"summary_large_image\" \/>\n<meta name=\"twitter:label1\" content=\"Estimeret l\u00e6setid\" \/>\n\t<meta name=\"twitter:data1\" content=\"1 minut\" \/>\n<script type=\"application\/ld+json\" class=\"yoast-schema-graph\">{\"@context\":\"https:\/\/schema.org\",\"@graph\":[{\"@type\":\"WebPage\",\"@id\":\"https:\/\/9staedte.de\/da\/braunschweig-loevernes-by\/information-om-rejseleder-og-udflugter-braunschweig\/\",\"url\":\"https:\/\/9staedte.de\/da\/braunschweig-loevernes-by\/information-om-rejseleder-og-udflugter-braunschweig\/\",\"name\":\"Information om rejseleder og udflugter Braunschweig - 9 St\u00e4dte in Niedersachsen\",\"isPartOf\":{\"@id\":\"https:\/\/9staedte.de\/da\/#website\"},\"primaryImageOfPage\":{\"@id\":\"https:\/\/9staedte.de\/da\/braunschweig-loevernes-by\/information-om-rejseleder-og-udflugter-braunschweig\/#primaryimage\"},\"image\":{\"@id\":\"https:\/\/9staedte.de\/da\/braunschweig-loevernes-by\/information-om-rejseleder-og-udflugter-braunschweig\/#primaryimage\"},\"thumbnailUrl\":\"https:\/\/9staedte.de\/wp-content\/uploads\/2023\/02\/Kloster-Riddagshausen-c-Braunschweig-Stadtmarketing-Gerald-Grote.jpg\",\"datePublished\":\"2023-10-25T10:23:27+00:00\",\"dateModified\":\"2023-10-25T13:25:23+00:00\",\"breadcrumb\":{\"@id\":\"https:\/\/9staedte.de\/da\/braunschweig-loevernes-by\/information-om-rejseleder-og-udflugter-braunschweig\/#breadcrumb\"},\"inLanguage\":\"da-DK\",\"potentialAction\":[{\"@type\":\"ReadAction\",\"target\":[\"https:\/\/9staedte.de\/da\/braunschweig-loevernes-by\/information-om-rejseleder-og-udflugter-braunschweig\/\"]}]},{\"@type\":\"ImageObject\",\"inLanguage\":\"da-DK\",\"@id\":\"https:\/\/9staedte.de\/da\/braunschweig-loevernes-by\/information-om-rejseleder-og-udflugter-braunschweig\/#primaryimage\",\"url\":\"https:\/\/9staedte.de\/wp-content\/uploads\/2023\/02\/Kloster-Riddagshausen-c-Braunschweig-Stadtmarketing-Gerald-Grote.jpg\",\"contentUrl\":\"https:\/\/9staedte.de\/wp-content\/uploads\/2023\/02\/Kloster-Riddagshausen-c-Braunschweig-Stadtmarketing-Gerald-Grote.jpg\",\"width\":1020,\"height\":560,\"caption\":\"Kloster Riddagshausen c) Braunschweig Stadtmarketing Gerald Grote\"},{\"@type\":\"BreadcrumbList\",\"@id\":\"https:\/\/9staedte.de\/da\/braunschweig-loevernes-by\/information-om-rejseleder-og-udflugter-braunschweig\/#breadcrumb\",\"itemListElement\":[{\"@type\":\"ListItem\",\"position\":1,\"name\":\"Startseite\",\"item\":\"https:\/\/9staedte.de\/da\/hjem-9-byer-2-i-niedersachsen\/\"},{\"@type\":\"ListItem\",\"position\":2,\"name\":\"Braunschweig &#8211; City of Lions\",\"item\":\"https:\/\/9staedte.de\/da\/braunschweig-loevernes-by\/\"},{\"@type\":\"ListItem\",\"position\":3,\"name\":\"Information om rejseleder og udflugter Braunschweig\"}]},{\"@type\":\"WebSite\",\"@id\":\"https:\/\/9staedte.de\/da\/#website\",\"url\":\"https:\/\/9staedte.de\/da\/\",\"name\":\"9 St\u00e4dte in Niedersachsen\",\"description\":\"\",\"publisher\":{\"@id\":\"https:\/\/9staedte.de\/da\/#organization\"},\"potentialAction\":[{\"@type\":\"SearchAction\",\"target\":{\"@type\":\"EntryPoint\",\"urlTemplate\":\"https:\/\/9staedte.de\/da\/?s={search_term_string}\"},\"query-input\":{\"@type\":\"PropertyValueSpecification\",\"valueRequired\":true,\"valueName\":\"search_term_string\"}}],\"inLanguage\":\"da-DK\"},{\"@type\":\"Organization\",\"@id\":\"https:\/\/9staedte.de\/da\/#organization\",\"name\":\"9 St\u00e4dte in Niedersachsen\",\"url\":\"https:\/\/9staedte.de\/da\/\",\"logo\":{\"@type\":\"ImageObject\",\"inLanguage\":\"da-DK\",\"@id\":\"https:\/\/9staedte.de\/da\/#\/schema\/logo\/image\/\",\"url\":\"https:\/\/9staedte.de\/wp-content\/uploads\/2025\/01\/9-neg-deutsch-2-1.png\",\"contentUrl\":\"https:\/\/9staedte.de\/wp-content\/uploads\/2025\/01\/9-neg-deutsch-2-1.png\",\"width\":190,\"height\":114,\"caption\":\"9 St\u00e4dte in Niedersachsen\"},\"image\":{\"@id\":\"https:\/\/9staedte.de\/da\/#\/schema\/logo\/image\/\"}}]}<\/script>\n<!-- \/ Yoast SEO plugin. -->","yoast_head_json":{"title":"Information om rejseleder og udflugter Braunschweig - 9 St\u00e4dte in Niedersachsen","robots":{"index":"index","follow":"follow","max-snippet":"max-snippet:-1","max-image-preview":"max-image-preview:large","max-video-preview":"max-video-preview:-1"},"canonical":"https:\/\/9staedte.de\/da\/braunschweig-loevernes-by\/information-om-rejseleder-og-udflugter-braunschweig\/","og_locale":"da_DK","og_type":"article","og_title":"Information om rejseleder og udflugter Braunschweig - 9 St\u00e4dte in Niedersachsen","og_description":"Til din grupperejse Rundrejser i regionen Til fods, p\u00e5 cykel eller endda med bus &#8211; Braunschweig og omegn tilbyder en bred vifte af muligheder for at organisere udflugtsprogrammer. Ture arrangeres individuelt for grupper. Bes\u00f8gsmuligheder, guidegebyrer og entr\u00e9er beregnes efter aftale. Reduktioner for b\u00f8rn kan gives efter aftale. Bookinger med: Braunschweig City Marketing GmbHTuristinformationLille slot&nbsp;1438100 BrunswickTlf.: [&hellip;]","og_url":"https:\/\/9staedte.de\/da\/braunschweig-loevernes-by\/information-om-rejseleder-og-udflugter-braunschweig\/","og_site_name":"9 St\u00e4dte in Niedersachsen","article_modified_time":"2023-10-25T13:25:23+00:00","og_image":[{"width":1020,"height":560,"url":"https:\/\/9staedte.de\/wp-content\/uploads\/2023\/02\/Kloster-Riddagshausen-c-Braunschweig-Stadtmarketing-Gerald-Grote.jpg","type":"image\/jpeg"}],"twitter_card":"summary_large_image","twitter_misc":{"Estimeret l\u00e6setid":"1 minut"},"schema":{"@context":"https:\/\/schema.org","@graph":[{"@type":"WebPage","@id":"https:\/\/9staedte.de\/da\/braunschweig-loevernes-by\/information-om-rejseleder-og-udflugter-braunschweig\/","url":"https:\/\/9staedte.de\/da\/braunschweig-loevernes-by\/information-om-rejseleder-og-udflugter-braunschweig\/","name":"Information om rejseleder og udflugter Braunschweig - 9 St\u00e4dte in Niedersachsen","isPartOf":{"@id":"https:\/\/9staedte.de\/da\/#website"},"primaryImageOfPage":{"@id":"https:\/\/9staedte.de\/da\/braunschweig-loevernes-by\/information-om-rejseleder-og-udflugter-braunschweig\/#primaryimage"},"image":{"@id":"https:\/\/9staedte.de\/da\/braunschweig-loevernes-by\/information-om-rejseleder-og-udflugter-braunschweig\/#primaryimage"},"thumbnailUrl":"https:\/\/9staedte.de\/wp-content\/uploads\/2023\/02\/Kloster-Riddagshausen-c-Braunschweig-Stadtmarketing-Gerald-Grote.jpg","datePublished":"2023-10-25T10:23:27+00:00","dateModified":"2023-10-25T13:25:23+00:00","breadcrumb":{"@id":"https:\/\/9staedte.de\/da\/braunschweig-loevernes-by\/information-om-rejseleder-og-udflugter-braunschweig\/#breadcrumb"},"inLanguage":"da-DK","potentialAction":[{"@type":"ReadAction","target":["https:\/\/9staedte.de\/da\/braunschweig-loevernes-by\/information-om-rejseleder-og-udflugter-braunschweig\/"]}]},{"@type":"ImageObject","inLanguage":"da-DK","@id":"https:\/\/9staedte.de\/da\/braunschweig-loevernes-by\/information-om-rejseleder-og-udflugter-braunschweig\/#primaryimage","url":"https:\/\/9staedte.de\/wp-content\/uploads\/2023\/02\/Kloster-Riddagshausen-c-Braunschweig-Stadtmarketing-Gerald-Grote.jpg","contentUrl":"https:\/\/9staedte.de\/wp-content\/uploads\/2023\/02\/Kloster-Riddagshausen-c-Braunschweig-Stadtmarketing-Gerald-Grote.jpg","width":1020,"height":560,"caption":"Kloster Riddagshausen c) Braunschweig Stadtmarketing Gerald Grote"},{"@type":"BreadcrumbList","@id":"https:\/\/9staedte.de\/da\/braunschweig-loevernes-by\/information-om-rejseleder-og-udflugter-braunschweig\/#breadcrumb","itemListElement":[{"@type":"ListItem","position":1,"name":"Startseite","item":"https:\/\/9staedte.de\/da\/hjem-9-byer-2-i-niedersachsen\/"},{"@type":"ListItem","position":2,"name":"Braunschweig &#8211; City of Lions","item":"https:\/\/9staedte.de\/da\/braunschweig-loevernes-by\/"},{"@type":"ListItem","position":3,"name":"Information om rejseleder og udflugter Braunschweig"}]},{"@type":"WebSite","@id":"https:\/\/9staedte.de\/da\/#website","url":"https:\/\/9staedte.de\/da\/","name":"9 St\u00e4dte in Niedersachsen","description":"","publisher":{"@id":"https:\/\/9staedte.de\/da\/#organization"},"potentialAction":[{"@type":"SearchAction","target":{"@type":"EntryPoint","urlTemplate":"https:\/\/9staedte.de\/da\/?s={search_term_string}"},"query-input":{"@type":"PropertyValueSpecification","valueRequired":true,"valueName":"search_term_string"}}],"inLanguage":"da-DK"},{"@type":"Organization","@id":"https:\/\/9staedte.de\/da\/#organization","name":"9 St\u00e4dte in Niedersachsen","url":"https:\/\/9staedte.de\/da\/","logo":{"@type":"ImageObject","inLanguage":"da-DK","@id":"https:\/\/9staedte.de\/da\/#\/schema\/logo\/image\/","url":"https:\/\/9staedte.de\/wp-content\/uploads\/2025\/01\/9-neg-deutsch-2-1.png","contentUrl":"https:\/\/9staedte.de\/wp-content\/uploads\/2025\/01\/9-neg-deutsch-2-1.png","width":190,"height":114,"caption":"9 St\u00e4dte in Niedersachsen"},"image":{"@id":"https:\/\/9staedte.de\/da\/#\/schema\/logo\/image\/"}}]}},"_links":{"self":[{"href":"https:\/\/9staedte.de\/da\/wp-json\/wp\/v2\/pages\/12411","targetHints":{"allow":["GET"]}}],"collection":[{"href":"https:\/\/9staedte.de\/da\/wp-json\/wp\/v2\/pages"}],"about":[{"href":"https:\/\/9staedte.de\/da\/wp-json\/wp\/v2\/types\/page"}],"author":[{"embeddable":true,"href":"https:\/\/9staedte.de\/da\/wp-json\/wp\/v2\/users\/1"}],"replies":[{"embeddable":true,"href":"https:\/\/9staedte.de\/da\/wp-json\/wp\/v2\/comments?post=12411"}],"version-history":[{"count":1,"href":"https:\/\/9staedte.de\/da\/wp-json\/wp\/v2\/pages\/12411\/revisions"}],"predecessor-version":[{"id":12415,"href":"https:\/\/9staedte.de\/da\/wp-json\/wp\/v2\/pages\/12411\/revisions\/12415"}],"up":[{"embeddable":true,"href":"https:\/\/9staedte.de\/da\/wp-json\/wp\/v2\/pages\/12525"}],"wp:featuredmedia":[{"embeddable":true,"href":"https:\/\/9staedte.de\/da\/wp-json\/wp\/v2\/media\/11581"}],"wp:attachment":[{"href":"https:\/\/9staedte.de\/da\/wp-json\/wp\/v2\/media?parent=12411"}],"wp:term":[{"taxonomy":"category","embeddable":true,"href":"https:\/\/9staedte.de\/da\/wp-json\/wp\/v2\/categories?post=12411"},{"taxonomy":"post_tag","embeddable":true,"href":"https:\/\/9staedte.de\/da\/wp-json\/wp\/v2\/tags?post=12411"},{"taxonomy":"ncap_cities_tax","embeddable":true,"href":"https:\/\/9staedte.de\/da\/wp-json\/wp\/v2\/ncap_cities_tax?post=12411"}],"curies":[{"name":"wp","href":"https:\/\/api.w.org\/{rel}","templated":true}]}}