{"id":12391,"date":"2023-10-25T12:23:38","date_gmt":"2023-10-25T10:23:38","guid":{"rendered":"https:\/\/9staedte.de\/julemarked-i-celle\/"},"modified":"2026-03-23T11:46:21","modified_gmt":"2026-03-23T10:46:21","slug":"julemarked-i-celle","status":"publish","type":"page","link":"https:\/\/9staedte.de\/da\/celle-dejlig-by-med-mange-boliger\/julemarked-i-celle\/","title":{"rendered":"Julemarked i Celle"},"content":{"rendered":"\n<h2 class=\"wp-block-heading\">Julemagi med bindingsv\u00e6rksflair<\/h2>\n\n<p><strong>N\u00e5r duften af br\u00e6ndte mandler, cr\u00eapes og gl\u00f8gg fylder luften over den festligt oplyste gamle bydel i Celle i slutningen af november, er det endelig tid igen: Celles julemarked \u00e5bner sine d\u00f8re!<\/strong><\/p>\n\n<p>At slentre rundt p\u00e5 det idylliske julemarked i fred og ro og lede efter sm\u00e5 julegaver eller nye julekugler giver ikke kun n\u00e6ring til forventningen om h\u00f8jtiden, men lader ogs\u00e5 de bes\u00f8gende komme ned i gear. Med en gl\u00fchwein i h\u00e5nden kan du fordybe dig i det varme lysspil p\u00e5 de historiske bindingsv\u00e6rksfacader i den gamle bys gyder og pladser og nyde de lysende b\u00f8rne\u00f8jne &#8211; det er s\u00e5dan, folk i Celle holder pause for at fejre den smukke vinters\u00e6son. <\/p>\n\n<p>Som om det ikke var nok, giver festlige begivenheder og koncerter endnu flere stemningsfulde adventsh\u00f8jdepunkter. Den store lysparade, som b\u00e5de unge og gamle venter sp\u00e6ndt p\u00e5, finder sted igen i \u00e5r. Magiske julelysfigurer vil fortrylle hele byens centrum den f\u00f8rste weekend i advent. Adventsmusikarrangementerne i St Mary&#8217;s Church er ogs\u00e5 meget popul\u00e6re. Et af vinterens s\u00e6rlige h\u00f8jdepunkter er barokjulen p\u00e5 Celles slot i udkanten af den gamle bydel. Kl\u00e6dt i festlige barokdragter tager en guide de bes\u00f8gende med p\u00e5 en stemningsfuld julevandring gennem de storsl\u00e5ede mure.     <\/p>\n\n<p>Gl\u00e6d dig til et farverigt program med karruselture, levende musik og bes\u00f8g af selveste julemanden.<\/p>\n\n<p>Kom med og oplev en uforglemmelig juletid i Celle!<\/p>\n\n<p><a href=\"https:\/\/www.celle.de\/Kultur\/Veranstaltungen\/Celler-Weihnachtsmarkt\/\" target=\"_blank\" rel=\"noreferrer noopener\">Yderligere oplysninger<\/a><\/p>\n\n<p><\/p>\n\n\n<div class=\"banner-wrapper\">\n  <div class=\"banner-inner \">\n      <div class=\"img-container\">\n      <div class=\"img-wrapper\">\n        <img decoding=\"async\" src=\"https:\/\/9staedte.de\/wp-content\/smush-webp\/2024\/03\/Weihnachtsmarkt-Celle-Stechbahn_CC0.jpg.webp\" alt=\"Billedet viser julemarkedet i Celle. Bindingsv\u00e6rkshusene er smukt oplyst. Mange mennesker g\u00e5r rundt p\u00e5 markedet. Der er boder med mad, drikke og gaver. Et stort juletr\u00e6 st\u00e5r i baggrunden.\" \/>\n                  <div class=\"thumbnail-label\">\n            <span>Weihnachtsmarkt Celle Stechbahn_CC0<\/span>\n          <\/div>\n              <\/div>\n    <\/div>\n        <div class=\"text-container\">\n      <div class=\"content\">\n        <p>&nbsp;<\/p>\n<p><strong>Tips til at bes\u00f8ge julemarkedet i Celle<\/strong><\/p>\n<p>I fire uger forvandler forskellige boder i den gamle bymidte beboelsesbyen Celle til julebyen Celle.<\/p>\n<ul>\n<li>Lysoptog den 1. og 3. l\u00f8rdag i advent<\/li>\n<li>Russisk swing p\u00e5 den store plan<\/li>\n<li>14 meter h\u00f8j julepyramide p\u00e5 Robert-Meyer-Platz<\/li>\n<li>25 meter h\u00f8jt juletr\u00e6 p\u00e5 vejen<\/li>\n<li>\u00c6gte smed<\/li>\n<li>B\u00f8rnejernbane og karrusel<\/li>\n<\/ul>\n      <\/div>\n    <\/div>\n    <\/div>\n<\/div>\n\n\n<p class=\"h3\"><strong>Julemarked i Celle<\/strong><\/p>\n\n <div class=\"brlbs-cmpnt-container brlbs-cmpnt-content-blocker brlbs-cmpnt-with-individual-styles\" data-borlabs-cookie-content-blocker-id=\"google-maps\" data-borlabs-cookie-content=\"PGlmcmFtZSBzcmM9Imh0dHBzOi8vd3d3Lmdvb2dsZS5jb20vbWFwcy9lbWJlZD9wYj0hMW0xOCExbTEyITFtMyExZDExNDMuMDU5NDY0NDI4MjYzMyEyZDEwLjA3OTk5MDEzNjc4MzAwMSEzZDUyLjYyNDM5NTQwMjkyOTA0ITJtMyExZjAhMmYwITNmMCEzbTIhMWkxMDI0ITJpNzY4ITRmMTMuMSEzbTMhMW0yITFzMHg0N2IwMjMyYzBhMmYyNWFmJTNBMHgzOGIxMTMxNjViMmNkOTQxITJzQ2VsbGUlMjBBbHRzdGFkdCE1ZTAhM20yITFzZGUhMnNkZSE0djE2OTIxODQyMzM4MTYhNW0yITFzZGUhMnNkZSIgd2lkdGg9IjYwMCIgaGVpZ2h0PSI0NTAiIHN0eWxlPSJib3JkZXI6MDsiIGFsbG93ZnVsbHNjcmVlbj0iIiBsb2FkaW5nPSJsYXp5IiByZWZlcnJlcnBvbGljeT0ibm8tcmVmZXJyZXItd2hlbi1kb3duZ3JhZGUiPjwvaWZyYW1lPg==\"><div class=\"brlbs-cmpnt-cb-preset-b brlbs-cmpnt-cb-google-maps\"> <div class=\"brlbs-cmpnt-cb-thumbnail\" style=\"background-image: url('https:\/\/9staedte.de\/wp-content\/uploads\/borlabs-cookie\/1\/brlbs-cb-google-maps-main.png')\"><\/div> <div class=\"brlbs-cmpnt-cb-main\"> <div class=\"brlbs-cmpnt-cb-content\"> <p class=\"brlbs-cmpnt-cb-description\">You are currently viewing a placeholder content from <strong>Google Maps<\/strong>. To access the actual content, click the button below. Please note that doing so will share data with third-party providers.<\/p> <a class=\"brlbs-cmpnt-cb-provider-toggle\" href=\"#\" data-borlabs-cookie-show-provider-information role=\"button\">More Information<\/a> <\/div> <div class=\"brlbs-cmpnt-cb-buttons\"> <a class=\"brlbs-cmpnt-cb-btn\" href=\"#\" data-borlabs-cookie-unblock role=\"button\">Unblock content<\/a> <a class=\"brlbs-cmpnt-cb-btn\" href=\"#\" data-borlabs-cookie-accept-service role=\"button\" style=\"display: inherit\">Accept required service and unblock content<\/a> <\/div> <\/div> <\/div><\/div>\n\n<div style=\"height:36px\" aria-hidden=\"true\" class=\"wp-block-spacer\"><\/div>\n","protected":false},"excerpt":{"rendered":"<p>Julemagi med bindingsv\u00e6rksflair N\u00e5r duften af br\u00e6ndte mandler, cr\u00eapes og gl\u00f8gg fylder luften over den festligt oplyste gamle bydel i Celle i slutningen af november, er det endelig tid igen: Celles julemarked \u00e5bner sine d\u00f8re! At slentre rundt p\u00e5 det idylliske julemarked i fred og ro og lede efter sm\u00e5 julegaver eller nye julekugler giver [&hellip;]<\/p>\n","protected":false},"author":1,"featured_media":24543,"parent":12705,"menu_order":0,"comment_status":"closed","ping_status":"closed","template":"pagetemplates\/template-stadtthema.php","meta":{"_acf_changed":false,"footnotes":""},"categories":[],"tags":[],"ncap_cities_tax":[427,497],"class_list":["post-12391","page","type-page","status-publish","has-post-thumbnail","hentry","ncap_cities_tax-celle-da","ncap_cities_tax-weihnachtsmarkte-celle-da"],"acf":[],"yoast_head":"<!-- This site is optimized with the Yoast SEO plugin v26.8 - https:\/\/yoast.com\/product\/yoast-seo-wordpress\/ -->\n<title>Julemarked i Celle - 9 St\u00e4dte in Niedersachsen<\/title>\n<meta name=\"description\" content=\"Julemarked i Celle: Julestemning og magi fra bindingsv\u00e6rkshuse. Glitrende lys og stemningsfuldt dekorerede boder i Celles gamle bymidte.\" \/>\n<meta name=\"robots\" content=\"index, follow, max-snippet:-1, max-image-preview:large, max-video-preview:-1\" \/>\n<link rel=\"canonical\" href=\"https:\/\/9staedte.de\/da\/celle-dejlig-by-med-mange-boliger\/julemarked-i-celle\/\" \/>\n<meta property=\"og:locale\" content=\"da_DK\" \/>\n<meta property=\"og:type\" content=\"article\" \/>\n<meta property=\"og:title\" content=\"Julemarked i Celle - 9 St\u00e4dte in Niedersachsen\" \/>\n<meta property=\"og:description\" content=\"Julemarked i Celle: Julestemning og magi fra bindingsv\u00e6rkshuse. Glitrende lys og stemningsfuldt dekorerede boder i Celles gamle bymidte.\" \/>\n<meta property=\"og:url\" content=\"https:\/\/9staedte.de\/da\/celle-dejlig-by-med-mange-boliger\/julemarked-i-celle\/\" \/>\n<meta property=\"og:site_name\" content=\"9 St\u00e4dte in Niedersachsen\" \/>\n<meta property=\"article:modified_time\" content=\"2026-03-23T10:46:21+00:00\" \/>\n<meta property=\"og:image\" content=\"https:\/\/9staedte.de\/wp-content\/uploads\/2025\/02\/Celle-Christmas-Market-Grosser-Plan-cc0.jpg\" \/>\n\t<meta property=\"og:image:width\" content=\"1020\" \/>\n\t<meta property=\"og:image:height\" content=\"559\" \/>\n\t<meta property=\"og:image:type\" content=\"image\/jpeg\" \/>\n<meta name=\"twitter:card\" content=\"summary_large_image\" \/>\n<meta name=\"twitter:label1\" content=\"Estimeret l\u00e6setid\" \/>\n\t<meta name=\"twitter:data1\" content=\"2 minutter\" \/>\n<script type=\"application\/ld+json\" class=\"yoast-schema-graph\">{\"@context\":\"https:\/\/schema.org\",\"@graph\":[{\"@type\":\"WebPage\",\"@id\":\"https:\/\/9staedte.de\/da\/celle-dejlig-by-med-mange-boliger\/julemarked-i-celle\/\",\"url\":\"https:\/\/9staedte.de\/da\/celle-dejlig-by-med-mange-boliger\/julemarked-i-celle\/\",\"name\":\"Julemarked i Celle - 9 St\u00e4dte in Niedersachsen\",\"isPartOf\":{\"@id\":\"https:\/\/9staedte.de\/da\/#website\"},\"primaryImageOfPage\":{\"@id\":\"https:\/\/9staedte.de\/da\/celle-dejlig-by-med-mange-boliger\/julemarked-i-celle\/#primaryimage\"},\"image\":{\"@id\":\"https:\/\/9staedte.de\/da\/celle-dejlig-by-med-mange-boliger\/julemarked-i-celle\/#primaryimage\"},\"thumbnailUrl\":\"https:\/\/9staedte.de\/wp-content\/uploads\/2025\/02\/Celle-Christmas-Market-Grosser-Plan-cc0.jpg\",\"datePublished\":\"2023-10-25T10:23:38+00:00\",\"dateModified\":\"2026-03-23T10:46:21+00:00\",\"description\":\"Julemarked i Celle: Julestemning og magi fra bindingsv\u00e6rkshuse. Glitrende lys og stemningsfuldt dekorerede boder i Celles gamle bymidte.\",\"breadcrumb\":{\"@id\":\"https:\/\/9staedte.de\/da\/celle-dejlig-by-med-mange-boliger\/julemarked-i-celle\/#breadcrumb\"},\"inLanguage\":\"da-DK\",\"potentialAction\":[{\"@type\":\"ReadAction\",\"target\":[\"https:\/\/9staedte.de\/da\/celle-dejlig-by-med-mange-boliger\/julemarked-i-celle\/\"]}]},{\"@type\":\"ImageObject\",\"inLanguage\":\"da-DK\",\"@id\":\"https:\/\/9staedte.de\/da\/celle-dejlig-by-med-mange-boliger\/julemarked-i-celle\/#primaryimage\",\"url\":\"https:\/\/9staedte.de\/wp-content\/uploads\/2025\/02\/Celle-Christmas-Market-Grosser-Plan-cc0.jpg\",\"contentUrl\":\"https:\/\/9staedte.de\/wp-content\/uploads\/2025\/02\/Celle-Christmas-Market-Grosser-Plan-cc0.jpg\",\"width\":1020,\"height\":559,\"caption\":\"Celle Christmas Market, Gro\u00dfer Plan CC0\"},{\"@type\":\"BreadcrumbList\",\"@id\":\"https:\/\/9staedte.de\/da\/celle-dejlig-by-med-mange-boliger\/julemarked-i-celle\/#breadcrumb\",\"itemListElement\":[{\"@type\":\"ListItem\",\"position\":1,\"name\":\"Startseite\",\"item\":\"https:\/\/9staedte.de\/da\/hjem-9-byer-2-i-niedersachsen\/\"},{\"@type\":\"ListItem\",\"position\":2,\"name\":\"Celle &#8211; dejlig by med mange boliger\",\"item\":\"https:\/\/9staedte.de\/da\/celle-dejlig-by-med-mange-boliger\/\"},{\"@type\":\"ListItem\",\"position\":3,\"name\":\"Julemarked i Celle\"}]},{\"@type\":\"WebSite\",\"@id\":\"https:\/\/9staedte.de\/da\/#website\",\"url\":\"https:\/\/9staedte.de\/da\/\",\"name\":\"9 St\u00e4dte in Niedersachsen\",\"description\":\"\",\"publisher\":{\"@id\":\"https:\/\/9staedte.de\/da\/#organization\"},\"potentialAction\":[{\"@type\":\"SearchAction\",\"target\":{\"@type\":\"EntryPoint\",\"urlTemplate\":\"https:\/\/9staedte.de\/da\/?s={search_term_string}\"},\"query-input\":{\"@type\":\"PropertyValueSpecification\",\"valueRequired\":true,\"valueName\":\"search_term_string\"}}],\"inLanguage\":\"da-DK\"},{\"@type\":\"Organization\",\"@id\":\"https:\/\/9staedte.de\/da\/#organization\",\"name\":\"9 St\u00e4dte in Niedersachsen\",\"url\":\"https:\/\/9staedte.de\/da\/\",\"logo\":{\"@type\":\"ImageObject\",\"inLanguage\":\"da-DK\",\"@id\":\"https:\/\/9staedte.de\/da\/#\/schema\/logo\/image\/\",\"url\":\"https:\/\/9staedte.de\/wp-content\/uploads\/2025\/01\/9-neg-deutsch-2-1.png\",\"contentUrl\":\"https:\/\/9staedte.de\/wp-content\/uploads\/2025\/01\/9-neg-deutsch-2-1.png\",\"width\":190,\"height\":114,\"caption\":\"9 St\u00e4dte in Niedersachsen\"},\"image\":{\"@id\":\"https:\/\/9staedte.de\/da\/#\/schema\/logo\/image\/\"}}]}<\/script>\n<!-- \/ Yoast SEO plugin. -->","yoast_head_json":{"title":"Julemarked i Celle - 9 St\u00e4dte in Niedersachsen","description":"Julemarked i Celle: Julestemning og magi fra bindingsv\u00e6rkshuse. Glitrende lys og stemningsfuldt dekorerede boder i Celles gamle bymidte.","robots":{"index":"index","follow":"follow","max-snippet":"max-snippet:-1","max-image-preview":"max-image-preview:large","max-video-preview":"max-video-preview:-1"},"canonical":"https:\/\/9staedte.de\/da\/celle-dejlig-by-med-mange-boliger\/julemarked-i-celle\/","og_locale":"da_DK","og_type":"article","og_title":"Julemarked i Celle - 9 St\u00e4dte in Niedersachsen","og_description":"Julemarked i Celle: Julestemning og magi fra bindingsv\u00e6rkshuse. Glitrende lys og stemningsfuldt dekorerede boder i Celles gamle bymidte.","og_url":"https:\/\/9staedte.de\/da\/celle-dejlig-by-med-mange-boliger\/julemarked-i-celle\/","og_site_name":"9 St\u00e4dte in Niedersachsen","article_modified_time":"2026-03-23T10:46:21+00:00","og_image":[{"width":1020,"height":559,"url":"https:\/\/9staedte.de\/wp-content\/uploads\/2025\/02\/Celle-Christmas-Market-Grosser-Plan-cc0.jpg","type":"image\/jpeg"}],"twitter_card":"summary_large_image","twitter_misc":{"Estimeret l\u00e6setid":"2 minutter"},"schema":{"@context":"https:\/\/schema.org","@graph":[{"@type":"WebPage","@id":"https:\/\/9staedte.de\/da\/celle-dejlig-by-med-mange-boliger\/julemarked-i-celle\/","url":"https:\/\/9staedte.de\/da\/celle-dejlig-by-med-mange-boliger\/julemarked-i-celle\/","name":"Julemarked i Celle - 9 St\u00e4dte in Niedersachsen","isPartOf":{"@id":"https:\/\/9staedte.de\/da\/#website"},"primaryImageOfPage":{"@id":"https:\/\/9staedte.de\/da\/celle-dejlig-by-med-mange-boliger\/julemarked-i-celle\/#primaryimage"},"image":{"@id":"https:\/\/9staedte.de\/da\/celle-dejlig-by-med-mange-boliger\/julemarked-i-celle\/#primaryimage"},"thumbnailUrl":"https:\/\/9staedte.de\/wp-content\/uploads\/2025\/02\/Celle-Christmas-Market-Grosser-Plan-cc0.jpg","datePublished":"2023-10-25T10:23:38+00:00","dateModified":"2026-03-23T10:46:21+00:00","description":"Julemarked i Celle: Julestemning og magi fra bindingsv\u00e6rkshuse. Glitrende lys og stemningsfuldt dekorerede boder i Celles gamle bymidte.","breadcrumb":{"@id":"https:\/\/9staedte.de\/da\/celle-dejlig-by-med-mange-boliger\/julemarked-i-celle\/#breadcrumb"},"inLanguage":"da-DK","potentialAction":[{"@type":"ReadAction","target":["https:\/\/9staedte.de\/da\/celle-dejlig-by-med-mange-boliger\/julemarked-i-celle\/"]}]},{"@type":"ImageObject","inLanguage":"da-DK","@id":"https:\/\/9staedte.de\/da\/celle-dejlig-by-med-mange-boliger\/julemarked-i-celle\/#primaryimage","url":"https:\/\/9staedte.de\/wp-content\/uploads\/2025\/02\/Celle-Christmas-Market-Grosser-Plan-cc0.jpg","contentUrl":"https:\/\/9staedte.de\/wp-content\/uploads\/2025\/02\/Celle-Christmas-Market-Grosser-Plan-cc0.jpg","width":1020,"height":559,"caption":"Celle Christmas Market, Gro\u00dfer Plan CC0"},{"@type":"BreadcrumbList","@id":"https:\/\/9staedte.de\/da\/celle-dejlig-by-med-mange-boliger\/julemarked-i-celle\/#breadcrumb","itemListElement":[{"@type":"ListItem","position":1,"name":"Startseite","item":"https:\/\/9staedte.de\/da\/hjem-9-byer-2-i-niedersachsen\/"},{"@type":"ListItem","position":2,"name":"Celle &#8211; dejlig by med mange boliger","item":"https:\/\/9staedte.de\/da\/celle-dejlig-by-med-mange-boliger\/"},{"@type":"ListItem","position":3,"name":"Julemarked i Celle"}]},{"@type":"WebSite","@id":"https:\/\/9staedte.de\/da\/#website","url":"https:\/\/9staedte.de\/da\/","name":"9 St\u00e4dte in Niedersachsen","description":"","publisher":{"@id":"https:\/\/9staedte.de\/da\/#organization"},"potentialAction":[{"@type":"SearchAction","target":{"@type":"EntryPoint","urlTemplate":"https:\/\/9staedte.de\/da\/?s={search_term_string}"},"query-input":{"@type":"PropertyValueSpecification","valueRequired":true,"valueName":"search_term_string"}}],"inLanguage":"da-DK"},{"@type":"Organization","@id":"https:\/\/9staedte.de\/da\/#organization","name":"9 St\u00e4dte in Niedersachsen","url":"https:\/\/9staedte.de\/da\/","logo":{"@type":"ImageObject","inLanguage":"da-DK","@id":"https:\/\/9staedte.de\/da\/#\/schema\/logo\/image\/","url":"https:\/\/9staedte.de\/wp-content\/uploads\/2025\/01\/9-neg-deutsch-2-1.png","contentUrl":"https:\/\/9staedte.de\/wp-content\/uploads\/2025\/01\/9-neg-deutsch-2-1.png","width":190,"height":114,"caption":"9 St\u00e4dte in Niedersachsen"},"image":{"@id":"https:\/\/9staedte.de\/da\/#\/schema\/logo\/image\/"}}]}},"_links":{"self":[{"href":"https:\/\/9staedte.de\/da\/wp-json\/wp\/v2\/pages\/12391","targetHints":{"allow":["GET"]}}],"collection":[{"href":"https:\/\/9staedte.de\/da\/wp-json\/wp\/v2\/pages"}],"about":[{"href":"https:\/\/9staedte.de\/da\/wp-json\/wp\/v2\/types\/page"}],"author":[{"embeddable":true,"href":"https:\/\/9staedte.de\/da\/wp-json\/wp\/v2\/users\/1"}],"replies":[{"embeddable":true,"href":"https:\/\/9staedte.de\/da\/wp-json\/wp\/v2\/comments?post=12391"}],"version-history":[{"count":9,"href":"https:\/\/9staedte.de\/da\/wp-json\/wp\/v2\/pages\/12391\/revisions"}],"predecessor-version":[{"id":27610,"href":"https:\/\/9staedte.de\/da\/wp-json\/wp\/v2\/pages\/12391\/revisions\/27610"}],"up":[{"embeddable":true,"href":"https:\/\/9staedte.de\/da\/wp-json\/wp\/v2\/pages\/12705"}],"wp:featuredmedia":[{"embeddable":true,"href":"https:\/\/9staedte.de\/da\/wp-json\/wp\/v2\/media\/24543"}],"wp:attachment":[{"href":"https:\/\/9staedte.de\/da\/wp-json\/wp\/v2\/media?parent=12391"}],"wp:term":[{"taxonomy":"category","embeddable":true,"href":"https:\/\/9staedte.de\/da\/wp-json\/wp\/v2\/categories?post=12391"},{"taxonomy":"post_tag","embeddable":true,"href":"https:\/\/9staedte.de\/da\/wp-json\/wp\/v2\/tags?post=12391"},{"taxonomy":"ncap_cities_tax","embeddable":true,"href":"https:\/\/9staedte.de\/da\/wp-json\/wp\/v2\/ncap_cities_tax?post=12391"}],"curies":[{"name":"wp","href":"https:\/\/api.w.org\/{rel}","templated":true}]}}