{"id":12377,"date":"2023-10-25T12:26:36","date_gmt":"2023-10-25T10:26:36","guid":{"rendered":"https:\/\/9staedte.de\/information-om-rejseleder-og-udflugter-i-goettingen\/"},"modified":"2025-05-15T17:28:57","modified_gmt":"2025-05-15T15:28:57","slug":"information-om-rejseleder-og-udflugter-i-goettingen","status":"publish","type":"page","link":"https:\/\/9staedte.de\/da\/goettingen-en-by-der-skaber-viden\/information-om-rejseleder-og-udflugter-i-goettingen\/","title":{"rendered":"Information om rejseleder og udflugter i G\u00f6ttingen"},"content":{"rendered":"\n<h2 class=\"wp-block-heading\">Kontakt rejseleder og udflugter G\u00f6ttingen:<\/h2>\n\n\n\n<h3 class=\"wp-block-heading\">Dagsture<\/h3>\n\n\n\n<h4 class=\"wp-block-heading\">Weserbergland-tur<\/h4>\n\n\n\n<p>Vest for G\u00f6ttingen str\u00e6kker regionen Weserbergland sig med sine mange sev\u00e6rdigheder. Bes\u00f8g byen Hann, der ligger ved tre floder. M\u00fcnden, klosteret Bursfelde og porcel\u00e6nsfabrikken F\u00fcrstenberg, eller nyd et afslappet flodkrydstogt p\u00e5 Weser!<\/p>\n\n\n\n<h4 class=\"wp-block-heading\">P\u00e5 vej i Eichsfeld<\/h4>\n\n\n\n<p>En k\u00f8retur gennem Eichsfelds historiske landskab er en perfekt kombination af natur- og kulturoplevelser. Oplev det europ\u00e6iske br\u00f8dmuseum og Wilhelm Busch-m\u00f8llen i Eberg\u00f6tzen, Seeburg-s\u00f8en, bindingsv\u00e6rkshusene i Duderstadt eller gr\u00e6nselandsmuseet i Teistungen.<\/p>\n\n\n\n<h4 class=\"wp-block-heading\">Harzen-tur<\/h4>\n\n\n\n<p>En panoramisk k\u00f8retur f\u00f8rer dig ind i de legendariske bjerge og skove i nationalparken Harzen. Andre stop omfatter Ockertal-d\u00e6mningen og minebyerne St. Andreasberg og Clausthal-Zellerfeld.<\/p>\n\n\n\n<h4 class=\"wp-block-heading\">Priser for alle ture:<\/h4>\n\n\n\n<p>Ekspertguide, halv dag\/4 timer:<br>\u20ac 140,00 (tysk) og \u20ac 180,00 (fremmedsprog)<br>Dagstur\/8 timer:<br>p\u00e5 foresp\u00f8rgsel<br>Busser p\u00e5 foresp\u00f8rgsel.<\/p>\n\n\n\n<h4 class=\"wp-block-heading\">Bookinger med:<\/h4>\n\n\n\n<p>Tourist-Information<br>Markt 8<br>37073 G\u00f6ttingen<br>Tel.: +49 (0)551 49980-0<br><a href=\"mailto:info@goettingen-tourismus.de\">info@goettingen-tourismus.de<\/a><br><a href=\"http:\/\/www.goettingen-tourismus.de\">www.goettingen-tourismus.de<\/a><\/p>\n\n\n\n<p><\/p>\n","protected":false},"excerpt":{"rendered":"<p>Kontakt rejseleder og udflugter G\u00f6ttingen: Dagsture Weserbergland-tur Vest for G\u00f6ttingen str\u00e6kker regionen Weserbergland sig med sine mange sev\u00e6rdigheder. Bes\u00f8g byen Hann, der ligger ved tre floder. M\u00fcnden, klosteret Bursfelde og porcel\u00e6nsfabrikken F\u00fcrstenberg, eller nyd et afslappet flodkrydstogt p\u00e5 Weser! P\u00e5 vej i Eichsfeld En k\u00f8retur gennem Eichsfelds historiske landskab er en perfekt kombination af natur- [&hellip;]<\/p>\n","protected":false},"author":1,"featured_media":12385,"parent":12680,"menu_order":0,"comment_status":"closed","ping_status":"closed","template":"pagetemplates\/template-stadtthema.php","meta":{"_acf_changed":false,"footnotes":""},"categories":[],"tags":[],"ncap_cities_tax":[434,1274],"class_list":["post-12377","page","type-page","status-publish","has-post-thumbnail","hentry","ncap_cities_tax-goettingen-da","ncap_cities_tax-reiseleitung-und-ausflugen-goettingen-da"],"acf":[],"yoast_head":"<!-- This site is optimized with the Yoast SEO plugin v26.8 - https:\/\/yoast.com\/product\/yoast-seo-wordpress\/ -->\n<title>Information om rejseleder og udflugter i G\u00f6ttingen - 9 St\u00e4dte in Niedersachsen<\/title>\n<meta name=\"robots\" content=\"index, follow, max-snippet:-1, max-image-preview:large, max-video-preview:-1\" \/>\n<link rel=\"canonical\" href=\"https:\/\/9staedte.de\/da\/goettingen-en-by-der-skaber-viden\/information-om-rejseleder-og-udflugter-i-goettingen\/\" \/>\n<meta property=\"og:locale\" content=\"da_DK\" \/>\n<meta property=\"og:type\" content=\"article\" \/>\n<meta property=\"og:title\" content=\"Information om rejseleder og udflugter i G\u00f6ttingen - 9 St\u00e4dte in Niedersachsen\" \/>\n<meta property=\"og:description\" content=\"Kontakt rejseleder og udflugter G\u00f6ttingen: Dagsture Weserbergland-tur Vest for G\u00f6ttingen str\u00e6kker regionen Weserbergland sig med sine mange sev\u00e6rdigheder. Bes\u00f8g byen Hann, der ligger ved tre floder. M\u00fcnden, klosteret Bursfelde og porcel\u00e6nsfabrikken F\u00fcrstenberg, eller nyd et afslappet flodkrydstogt p\u00e5 Weser! P\u00e5 vej i Eichsfeld En k\u00f8retur gennem Eichsfelds historiske landskab er en perfekt kombination af natur- [&hellip;]\" \/>\n<meta property=\"og:url\" content=\"https:\/\/9staedte.de\/da\/goettingen-en-by-der-skaber-viden\/information-om-rejseleder-og-udflugter-i-goettingen\/\" \/>\n<meta property=\"og:site_name\" content=\"9 St\u00e4dte in Niedersachsen\" \/>\n<meta property=\"article:modified_time\" content=\"2025-05-15T15:28:57+00:00\" \/>\n<meta property=\"og:image\" content=\"https:\/\/9staedte.de\/wp-content\/uploads\/2023\/02\/Werrabruecke-CC0-Lizenz_c_Max-Wiesenbach_Hann.-Muenden-Marketing-GmbH.jpg\" \/>\n\t<meta property=\"og:image:width\" content=\"1020\" \/>\n\t<meta property=\"og:image:height\" content=\"560\" \/>\n\t<meta property=\"og:image:type\" content=\"image\/jpeg\" \/>\n<meta name=\"twitter:card\" content=\"summary_large_image\" \/>\n<meta name=\"twitter:label1\" content=\"Estimeret l\u00e6setid\" \/>\n\t<meta name=\"twitter:data1\" content=\"1 minut\" \/>\n<script type=\"application\/ld+json\" class=\"yoast-schema-graph\">{\"@context\":\"https:\/\/schema.org\",\"@graph\":[{\"@type\":\"WebPage\",\"@id\":\"https:\/\/9staedte.de\/da\/goettingen-en-by-der-skaber-viden\/information-om-rejseleder-og-udflugter-i-goettingen\/\",\"url\":\"https:\/\/9staedte.de\/da\/goettingen-en-by-der-skaber-viden\/information-om-rejseleder-og-udflugter-i-goettingen\/\",\"name\":\"Information om rejseleder og udflugter i G\u00f6ttingen - 9 St\u00e4dte in Niedersachsen\",\"isPartOf\":{\"@id\":\"https:\/\/9staedte.de\/da\/#website\"},\"primaryImageOfPage\":{\"@id\":\"https:\/\/9staedte.de\/da\/goettingen-en-by-der-skaber-viden\/information-om-rejseleder-og-udflugter-i-goettingen\/#primaryimage\"},\"image\":{\"@id\":\"https:\/\/9staedte.de\/da\/goettingen-en-by-der-skaber-viden\/information-om-rejseleder-og-udflugter-i-goettingen\/#primaryimage\"},\"thumbnailUrl\":\"https:\/\/9staedte.de\/wp-content\/uploads\/2023\/02\/Werrabruecke-CC0-Lizenz_c_Max-Wiesenbach_Hann.-Muenden-Marketing-GmbH.jpg\",\"datePublished\":\"2023-10-25T10:26:36+00:00\",\"dateModified\":\"2025-05-15T15:28:57+00:00\",\"breadcrumb\":{\"@id\":\"https:\/\/9staedte.de\/da\/goettingen-en-by-der-skaber-viden\/information-om-rejseleder-og-udflugter-i-goettingen\/#breadcrumb\"},\"inLanguage\":\"da-DK\",\"potentialAction\":[{\"@type\":\"ReadAction\",\"target\":[\"https:\/\/9staedte.de\/da\/goettingen-en-by-der-skaber-viden\/information-om-rejseleder-og-udflugter-i-goettingen\/\"]}]},{\"@type\":\"ImageObject\",\"inLanguage\":\"da-DK\",\"@id\":\"https:\/\/9staedte.de\/da\/goettingen-en-by-der-skaber-viden\/information-om-rejseleder-og-udflugter-i-goettingen\/#primaryimage\",\"url\":\"https:\/\/9staedte.de\/wp-content\/uploads\/2023\/02\/Werrabruecke-CC0-Lizenz_c_Max-Wiesenbach_Hann.-Muenden-Marketing-GmbH.jpg\",\"contentUrl\":\"https:\/\/9staedte.de\/wp-content\/uploads\/2023\/02\/Werrabruecke-CC0-Lizenz_c_Max-Wiesenbach_Hann.-Muenden-Marketing-GmbH.jpg\",\"width\":1020,\"height\":560,\"caption\":\"Hann. M\u00fcnden Werrabr\u00fccke CC0-Lizenz_(c)_Max Wiesenbach_Hann. M\u00fcnden Marketing GmbH\"},{\"@type\":\"BreadcrumbList\",\"@id\":\"https:\/\/9staedte.de\/da\/goettingen-en-by-der-skaber-viden\/information-om-rejseleder-og-udflugter-i-goettingen\/#breadcrumb\",\"itemListElement\":[{\"@type\":\"ListItem\",\"position\":1,\"name\":\"Startseite\",\"item\":\"https:\/\/9staedte.de\/da\/hjem-9-byer-2-i-niedersachsen\/\"},{\"@type\":\"ListItem\",\"position\":2,\"name\":\"G\u00f6ttingen &#8211; en by, der skaber viden\",\"item\":\"https:\/\/9staedte.de\/da\/goettingen-en-by-der-skaber-viden\/\"},{\"@type\":\"ListItem\",\"position\":3,\"name\":\"Information om rejseleder og udflugter i G\u00f6ttingen\"}]},{\"@type\":\"WebSite\",\"@id\":\"https:\/\/9staedte.de\/da\/#website\",\"url\":\"https:\/\/9staedte.de\/da\/\",\"name\":\"9 St\u00e4dte in Niedersachsen\",\"description\":\"\",\"publisher\":{\"@id\":\"https:\/\/9staedte.de\/da\/#organization\"},\"potentialAction\":[{\"@type\":\"SearchAction\",\"target\":{\"@type\":\"EntryPoint\",\"urlTemplate\":\"https:\/\/9staedte.de\/da\/?s={search_term_string}\"},\"query-input\":{\"@type\":\"PropertyValueSpecification\",\"valueRequired\":true,\"valueName\":\"search_term_string\"}}],\"inLanguage\":\"da-DK\"},{\"@type\":\"Organization\",\"@id\":\"https:\/\/9staedte.de\/da\/#organization\",\"name\":\"9 St\u00e4dte in Niedersachsen\",\"url\":\"https:\/\/9staedte.de\/da\/\",\"logo\":{\"@type\":\"ImageObject\",\"inLanguage\":\"da-DK\",\"@id\":\"https:\/\/9staedte.de\/da\/#\/schema\/logo\/image\/\",\"url\":\"https:\/\/9staedte.de\/wp-content\/uploads\/2025\/01\/9-neg-deutsch-2-1.png\",\"contentUrl\":\"https:\/\/9staedte.de\/wp-content\/uploads\/2025\/01\/9-neg-deutsch-2-1.png\",\"width\":190,\"height\":114,\"caption\":\"9 St\u00e4dte in Niedersachsen\"},\"image\":{\"@id\":\"https:\/\/9staedte.de\/da\/#\/schema\/logo\/image\/\"}}]}<\/script>\n<!-- \/ Yoast SEO plugin. -->","yoast_head_json":{"title":"Information om rejseleder og udflugter i G\u00f6ttingen - 9 St\u00e4dte in Niedersachsen","robots":{"index":"index","follow":"follow","max-snippet":"max-snippet:-1","max-image-preview":"max-image-preview:large","max-video-preview":"max-video-preview:-1"},"canonical":"https:\/\/9staedte.de\/da\/goettingen-en-by-der-skaber-viden\/information-om-rejseleder-og-udflugter-i-goettingen\/","og_locale":"da_DK","og_type":"article","og_title":"Information om rejseleder og udflugter i G\u00f6ttingen - 9 St\u00e4dte in Niedersachsen","og_description":"Kontakt rejseleder og udflugter G\u00f6ttingen: Dagsture Weserbergland-tur Vest for G\u00f6ttingen str\u00e6kker regionen Weserbergland sig med sine mange sev\u00e6rdigheder. Bes\u00f8g byen Hann, der ligger ved tre floder. M\u00fcnden, klosteret Bursfelde og porcel\u00e6nsfabrikken F\u00fcrstenberg, eller nyd et afslappet flodkrydstogt p\u00e5 Weser! P\u00e5 vej i Eichsfeld En k\u00f8retur gennem Eichsfelds historiske landskab er en perfekt kombination af natur- [&hellip;]","og_url":"https:\/\/9staedte.de\/da\/goettingen-en-by-der-skaber-viden\/information-om-rejseleder-og-udflugter-i-goettingen\/","og_site_name":"9 St\u00e4dte in Niedersachsen","article_modified_time":"2025-05-15T15:28:57+00:00","og_image":[{"width":1020,"height":560,"url":"https:\/\/9staedte.de\/wp-content\/uploads\/2023\/02\/Werrabruecke-CC0-Lizenz_c_Max-Wiesenbach_Hann.-Muenden-Marketing-GmbH.jpg","type":"image\/jpeg"}],"twitter_card":"summary_large_image","twitter_misc":{"Estimeret l\u00e6setid":"1 minut"},"schema":{"@context":"https:\/\/schema.org","@graph":[{"@type":"WebPage","@id":"https:\/\/9staedte.de\/da\/goettingen-en-by-der-skaber-viden\/information-om-rejseleder-og-udflugter-i-goettingen\/","url":"https:\/\/9staedte.de\/da\/goettingen-en-by-der-skaber-viden\/information-om-rejseleder-og-udflugter-i-goettingen\/","name":"Information om rejseleder og udflugter i G\u00f6ttingen - 9 St\u00e4dte in Niedersachsen","isPartOf":{"@id":"https:\/\/9staedte.de\/da\/#website"},"primaryImageOfPage":{"@id":"https:\/\/9staedte.de\/da\/goettingen-en-by-der-skaber-viden\/information-om-rejseleder-og-udflugter-i-goettingen\/#primaryimage"},"image":{"@id":"https:\/\/9staedte.de\/da\/goettingen-en-by-der-skaber-viden\/information-om-rejseleder-og-udflugter-i-goettingen\/#primaryimage"},"thumbnailUrl":"https:\/\/9staedte.de\/wp-content\/uploads\/2023\/02\/Werrabruecke-CC0-Lizenz_c_Max-Wiesenbach_Hann.-Muenden-Marketing-GmbH.jpg","datePublished":"2023-10-25T10:26:36+00:00","dateModified":"2025-05-15T15:28:57+00:00","breadcrumb":{"@id":"https:\/\/9staedte.de\/da\/goettingen-en-by-der-skaber-viden\/information-om-rejseleder-og-udflugter-i-goettingen\/#breadcrumb"},"inLanguage":"da-DK","potentialAction":[{"@type":"ReadAction","target":["https:\/\/9staedte.de\/da\/goettingen-en-by-der-skaber-viden\/information-om-rejseleder-og-udflugter-i-goettingen\/"]}]},{"@type":"ImageObject","inLanguage":"da-DK","@id":"https:\/\/9staedte.de\/da\/goettingen-en-by-der-skaber-viden\/information-om-rejseleder-og-udflugter-i-goettingen\/#primaryimage","url":"https:\/\/9staedte.de\/wp-content\/uploads\/2023\/02\/Werrabruecke-CC0-Lizenz_c_Max-Wiesenbach_Hann.-Muenden-Marketing-GmbH.jpg","contentUrl":"https:\/\/9staedte.de\/wp-content\/uploads\/2023\/02\/Werrabruecke-CC0-Lizenz_c_Max-Wiesenbach_Hann.-Muenden-Marketing-GmbH.jpg","width":1020,"height":560,"caption":"Hann. M\u00fcnden Werrabr\u00fccke CC0-Lizenz_(c)_Max Wiesenbach_Hann. M\u00fcnden Marketing GmbH"},{"@type":"BreadcrumbList","@id":"https:\/\/9staedte.de\/da\/goettingen-en-by-der-skaber-viden\/information-om-rejseleder-og-udflugter-i-goettingen\/#breadcrumb","itemListElement":[{"@type":"ListItem","position":1,"name":"Startseite","item":"https:\/\/9staedte.de\/da\/hjem-9-byer-2-i-niedersachsen\/"},{"@type":"ListItem","position":2,"name":"G\u00f6ttingen &#8211; en by, der skaber viden","item":"https:\/\/9staedte.de\/da\/goettingen-en-by-der-skaber-viden\/"},{"@type":"ListItem","position":3,"name":"Information om rejseleder og udflugter i G\u00f6ttingen"}]},{"@type":"WebSite","@id":"https:\/\/9staedte.de\/da\/#website","url":"https:\/\/9staedte.de\/da\/","name":"9 St\u00e4dte in Niedersachsen","description":"","publisher":{"@id":"https:\/\/9staedte.de\/da\/#organization"},"potentialAction":[{"@type":"SearchAction","target":{"@type":"EntryPoint","urlTemplate":"https:\/\/9staedte.de\/da\/?s={search_term_string}"},"query-input":{"@type":"PropertyValueSpecification","valueRequired":true,"valueName":"search_term_string"}}],"inLanguage":"da-DK"},{"@type":"Organization","@id":"https:\/\/9staedte.de\/da\/#organization","name":"9 St\u00e4dte in Niedersachsen","url":"https:\/\/9staedte.de\/da\/","logo":{"@type":"ImageObject","inLanguage":"da-DK","@id":"https:\/\/9staedte.de\/da\/#\/schema\/logo\/image\/","url":"https:\/\/9staedte.de\/wp-content\/uploads\/2025\/01\/9-neg-deutsch-2-1.png","contentUrl":"https:\/\/9staedte.de\/wp-content\/uploads\/2025\/01\/9-neg-deutsch-2-1.png","width":190,"height":114,"caption":"9 St\u00e4dte in Niedersachsen"},"image":{"@id":"https:\/\/9staedte.de\/da\/#\/schema\/logo\/image\/"}}]}},"_links":{"self":[{"href":"https:\/\/9staedte.de\/da\/wp-json\/wp\/v2\/pages\/12377","targetHints":{"allow":["GET"]}}],"collection":[{"href":"https:\/\/9staedte.de\/da\/wp-json\/wp\/v2\/pages"}],"about":[{"href":"https:\/\/9staedte.de\/da\/wp-json\/wp\/v2\/types\/page"}],"author":[{"embeddable":true,"href":"https:\/\/9staedte.de\/da\/wp-json\/wp\/v2\/users\/1"}],"replies":[{"embeddable":true,"href":"https:\/\/9staedte.de\/da\/wp-json\/wp\/v2\/comments?post=12377"}],"version-history":[{"count":2,"href":"https:\/\/9staedte.de\/da\/wp-json\/wp\/v2\/pages\/12377\/revisions"}],"predecessor-version":[{"id":25920,"href":"https:\/\/9staedte.de\/da\/wp-json\/wp\/v2\/pages\/12377\/revisions\/25920"}],"up":[{"embeddable":true,"href":"https:\/\/9staedte.de\/da\/wp-json\/wp\/v2\/pages\/12680"}],"wp:featuredmedia":[{"embeddable":true,"href":"https:\/\/9staedte.de\/da\/wp-json\/wp\/v2\/media\/12385"}],"wp:attachment":[{"href":"https:\/\/9staedte.de\/da\/wp-json\/wp\/v2\/media?parent=12377"}],"wp:term":[{"taxonomy":"category","embeddable":true,"href":"https:\/\/9staedte.de\/da\/wp-json\/wp\/v2\/categories?post=12377"},{"taxonomy":"post_tag","embeddable":true,"href":"https:\/\/9staedte.de\/da\/wp-json\/wp\/v2\/tags?post=12377"},{"taxonomy":"ncap_cities_tax","embeddable":true,"href":"https:\/\/9staedte.de\/da\/wp-json\/wp\/v2\/ncap_cities_tax?post=12377"}],"curies":[{"name":"wp","href":"https:\/\/api.w.org\/{rel}","templated":true}]}}